{"id":6436,"date":"2023-02-06T22:03:44","date_gmt":"2023-02-06T20:03:44","guid":{"rendered":"https:\/\/detailspot.lt\/produktas\/adbl-round-detailing-brush-2\/"},"modified":"2024-02-15T01:11:38","modified_gmt":"2024-02-14T23:11:38","slug":"adbl-round-detailing-brush-2","status":"publish","type":"product","link":"https:\/\/detailspot.lt\/en\/produktas\/adbl-round-detailing-brush-2\/","title":{"rendered":"ADBL Round Detailing Brush"},"content":{"rendered":"<h1><strong>ADBL Round Detailing Brush<\/strong><\/h1>\n<p>is a high quality brush for cleaning parts, all the nooks and crannies and hard-to-reach areas. Natural and synthetic bristles guarantee gentle and effective cleaning of every part. Suitable for use inside and outside every car.<\/p>\n<p>Available sizes:<\/p>\n<p>8 &#8211; 17mm<\/p>\n<p>12 &#8211; 25mm<\/p>\n<p>16 &#8211; 31mm<\/p>\n<p style=\"text-align: center;\"><img loading=\"lazy\" decoding=\"async\" class=\"alignnone wp-image-2050\" src=\"https:\/\/detailspot.lt\/wp-content\/uploads\/2022\/12\/ADBL-logo.jpg\" alt=\"\" width=\"163\" height=\"163\" srcset=\"https:\/\/detailspot.lt\/wp-content\/uploads\/2022\/12\/ADBL-logo.jpg 300w, https:\/\/detailspot.lt\/wp-content\/uploads\/2022\/12\/ADBL-logo-150x150.jpg 150w, https:\/\/detailspot.lt\/wp-content\/uploads\/2022\/12\/ADBL-logo-200x200.jpg 200w, https:\/\/detailspot.lt\/wp-content\/uploads\/2022\/12\/ADBL-logo-64x64.jpg 64w\" sizes=\"auto, (max-width: 163px) 100vw, 163px\" \/><\/p>\n","protected":false},"excerpt":{"rendered":"<p>ADBL Round Detailing Brush is a high quality brush for cleaning parts, all the nooks and crannies and hard-to-reach areas. Natural and synthetic bristles guarantee gentle and effective cleaning of every part. Suitable for use inside and outside every car. Available sizes: 8 &#8211; 17mm 12 &#8211; 25mm 16 &#8211; 31mm<\/p>\n","protected":false},"featured_media":4423,"comment_status":"closed","ping_status":"closed","template":"","meta":[],"product_brand":[],"product_cat":[155,183],"product_tag":[],"class_list":{"0":"post-6436","1":"product","2":"type-product","3":"status-publish","4":"has-post-thumbnail","6":"product_cat-accessories","7":"product_cat-brushes","8":"description-off","10":"first","11":"instock","12":"taxable","13":"shipping-taxable","14":"purchasable","15":"product-type-variable"},"yoast_head":"<!-- This site is optimized with the Yoast SEO plugin v27.2 - https:\/\/yoast.com\/product\/yoast-seo-wordpress\/ -->\n<title>ADBL Round Detailing Brush - Detail Spot<\/title>\n<meta name=\"description\" content=\"ADBL Round Detailing Brush is a high quality brush for cleaning parts, all the nooks and crannies and hard-to-reach areas\" \/>\n<meta name=\"robots\" content=\"index, follow, max-snippet:-1, max-image-preview:large, max-video-preview:-1\" \/>\n<link rel=\"canonical\" href=\"https:\/\/detailspot.lt\/en\/produktas\/adbl-round-detailing-brush-2\/\" \/>\n<meta property=\"og:locale\" content=\"en_US\" \/>\n<meta property=\"og:type\" content=\"article\" \/>\n<meta property=\"og:title\" content=\"ADBL Round Detailing Brush - Detail Spot\" \/>\n<meta property=\"og:description\" content=\"ADBL Round Detailing Brush is a high quality brush for cleaning parts, all the nooks and crannies and hard-to-reach areas\" \/>\n<meta property=\"og:url\" content=\"https:\/\/detailspot.lt\/en\/produktas\/adbl-round-detailing-brush-2\/\" \/>\n<meta property=\"og:site_name\" content=\"Detail Spot\" \/>\n<meta property=\"article:publisher\" content=\"https:\/\/www.facebook.com\/profile.php?id=100039208338156\" \/>\n<meta property=\"article:modified_time\" content=\"2024-02-14T23:11:38+00:00\" \/>\n<meta property=\"og:image\" content=\"https:\/\/detailspot.lt\/wp-content\/uploads\/2023\/02\/ADBL-round-detailing-brush-all.webp\" \/>\n\t<meta property=\"og:image:width\" content=\"800\" \/>\n\t<meta property=\"og:image:height\" content=\"800\" \/>\n\t<meta property=\"og:image:type\" content=\"image\/webp\" \/>\n<meta name=\"twitter:card\" content=\"summary_large_image\" \/>\n<script type=\"application\/ld+json\" class=\"yoast-schema-graph\">{\"@context\":\"https:\/\/schema.org\",\"@graph\":[{\"@type\":\"WebPage\",\"@id\":\"https:\/\/detailspot.lt\/en\/produktas\/adbl-round-detailing-brush-2\/\",\"url\":\"https:\/\/detailspot.lt\/en\/produktas\/adbl-round-detailing-brush-2\/\",\"name\":\"ADBL Round Detailing Brush - Detail Spot\",\"isPartOf\":{\"@id\":\"https:\/\/detailspot.lt\/#website\"},\"primaryImageOfPage\":{\"@id\":\"https:\/\/detailspot.lt\/en\/produktas\/adbl-round-detailing-brush-2\/#primaryimage\"},\"image\":{\"@id\":\"https:\/\/detailspot.lt\/en\/produktas\/adbl-round-detailing-brush-2\/#primaryimage\"},\"thumbnailUrl\":\"https:\/\/detailspot.lt\/wp-content\/uploads\/2023\/02\/ADBL-round-detailing-brush-all.webp\",\"datePublished\":\"2023-02-06T20:03:44+00:00\",\"dateModified\":\"2024-02-14T23:11:38+00:00\",\"description\":\"ADBL Round Detailing Brush is a high quality brush for cleaning parts, all the nooks and crannies and hard-to-reach areas\",\"breadcrumb\":{\"@id\":\"https:\/\/detailspot.lt\/en\/produktas\/adbl-round-detailing-brush-2\/#breadcrumb\"},\"inLanguage\":\"en-US\",\"potentialAction\":[{\"@type\":\"ReadAction\",\"target\":[\"https:\/\/detailspot.lt\/en\/produktas\/adbl-round-detailing-brush-2\/\"]}]},{\"@type\":\"ImageObject\",\"inLanguage\":\"en-US\",\"@id\":\"https:\/\/detailspot.lt\/en\/produktas\/adbl-round-detailing-brush-2\/#primaryimage\",\"url\":\"https:\/\/detailspot.lt\/wp-content\/uploads\/2023\/02\/ADBL-round-detailing-brush-all.webp\",\"contentUrl\":\"https:\/\/detailspot.lt\/wp-content\/uploads\/2023\/02\/ADBL-round-detailing-brush-all.webp\",\"width\":800,\"height\":800},{\"@type\":\"BreadcrumbList\",\"@id\":\"https:\/\/detailspot.lt\/en\/produktas\/adbl-round-detailing-brush-2\/#breadcrumb\",\"itemListElement\":[{\"@type\":\"ListItem\",\"position\":1,\"name\":\"Home\",\"item\":\"https:\/\/detailspot.lt\/en\/\"},{\"@type\":\"ListItem\",\"position\":2,\"name\":\"Shop\",\"item\":\"https:\/\/detailspot.lt\/en\/parduotuve\/\"},{\"@type\":\"ListItem\",\"position\":3,\"name\":\"ADBL Round Detailing Brush\"}]},{\"@type\":\"WebSite\",\"@id\":\"https:\/\/detailspot.lt\/#website\",\"url\":\"https:\/\/detailspot.lt\/\",\"name\":\"Detail Spot\",\"description\":\"Automobili\u0173 prie\u017ei\u016bros priemon\u0117s\",\"publisher\":{\"@id\":\"https:\/\/detailspot.lt\/#organization\"},\"potentialAction\":[{\"@type\":\"SearchAction\",\"target\":{\"@type\":\"EntryPoint\",\"urlTemplate\":\"https:\/\/detailspot.lt\/?s={search_term_string}\"},\"query-input\":{\"@type\":\"PropertyValueSpecification\",\"valueRequired\":true,\"valueName\":\"search_term_string\"}}],\"inLanguage\":\"en-US\"},{\"@type\":\"Organization\",\"@id\":\"https:\/\/detailspot.lt\/#organization\",\"name\":\"Detail Spot\",\"url\":\"https:\/\/detailspot.lt\/\",\"logo\":{\"@type\":\"ImageObject\",\"inLanguage\":\"en-US\",\"@id\":\"https:\/\/detailspot.lt\/#\/schema\/logo\/image\/\",\"url\":\"https:\/\/detailspot.lt\/wp-content\/uploads\/2022\/10\/logo-original.svg\",\"contentUrl\":\"https:\/\/detailspot.lt\/wp-content\/uploads\/2022\/10\/logo-original.svg\",\"width\":1,\"height\":1,\"caption\":\"Detail Spot\"},\"image\":{\"@id\":\"https:\/\/detailspot.lt\/#\/schema\/logo\/image\/\"},\"sameAs\":[\"https:\/\/www.facebook.com\/profile.php?id=100039208338156\"]}]}<\/script>\n<!-- \/ Yoast SEO plugin. -->","yoast_head_json":{"title":"ADBL Round Detailing Brush - Detail Spot","description":"ADBL Round Detailing Brush is a high quality brush for cleaning parts, all the nooks and crannies and hard-to-reach areas","robots":{"index":"index","follow":"follow","max-snippet":"max-snippet:-1","max-image-preview":"max-image-preview:large","max-video-preview":"max-video-preview:-1"},"canonical":"https:\/\/detailspot.lt\/en\/produktas\/adbl-round-detailing-brush-2\/","og_locale":"en_US","og_type":"article","og_title":"ADBL Round Detailing Brush - Detail Spot","og_description":"ADBL Round Detailing Brush is a high quality brush for cleaning parts, all the nooks and crannies and hard-to-reach areas","og_url":"https:\/\/detailspot.lt\/en\/produktas\/adbl-round-detailing-brush-2\/","og_site_name":"Detail Spot","article_publisher":"https:\/\/www.facebook.com\/profile.php?id=100039208338156","article_modified_time":"2024-02-14T23:11:38+00:00","og_image":[{"width":800,"height":800,"url":"https:\/\/detailspot.lt\/wp-content\/uploads\/2023\/02\/ADBL-round-detailing-brush-all.webp","type":"image\/webp"}],"twitter_card":"summary_large_image","schema":{"@context":"https:\/\/schema.org","@graph":[{"@type":"WebPage","@id":"https:\/\/detailspot.lt\/en\/produktas\/adbl-round-detailing-brush-2\/","url":"https:\/\/detailspot.lt\/en\/produktas\/adbl-round-detailing-brush-2\/","name":"ADBL Round Detailing Brush - Detail Spot","isPartOf":{"@id":"https:\/\/detailspot.lt\/#website"},"primaryImageOfPage":{"@id":"https:\/\/detailspot.lt\/en\/produktas\/adbl-round-detailing-brush-2\/#primaryimage"},"image":{"@id":"https:\/\/detailspot.lt\/en\/produktas\/adbl-round-detailing-brush-2\/#primaryimage"},"thumbnailUrl":"https:\/\/detailspot.lt\/wp-content\/uploads\/2023\/02\/ADBL-round-detailing-brush-all.webp","datePublished":"2023-02-06T20:03:44+00:00","dateModified":"2024-02-14T23:11:38+00:00","description":"ADBL Round Detailing Brush is a high quality brush for cleaning parts, all the nooks and crannies and hard-to-reach areas","breadcrumb":{"@id":"https:\/\/detailspot.lt\/en\/produktas\/adbl-round-detailing-brush-2\/#breadcrumb"},"inLanguage":"en-US","potentialAction":[{"@type":"ReadAction","target":["https:\/\/detailspot.lt\/en\/produktas\/adbl-round-detailing-brush-2\/"]}]},{"@type":"ImageObject","inLanguage":"en-US","@id":"https:\/\/detailspot.lt\/en\/produktas\/adbl-round-detailing-brush-2\/#primaryimage","url":"https:\/\/detailspot.lt\/wp-content\/uploads\/2023\/02\/ADBL-round-detailing-brush-all.webp","contentUrl":"https:\/\/detailspot.lt\/wp-content\/uploads\/2023\/02\/ADBL-round-detailing-brush-all.webp","width":800,"height":800},{"@type":"BreadcrumbList","@id":"https:\/\/detailspot.lt\/en\/produktas\/adbl-round-detailing-brush-2\/#breadcrumb","itemListElement":[{"@type":"ListItem","position":1,"name":"Home","item":"https:\/\/detailspot.lt\/en\/"},{"@type":"ListItem","position":2,"name":"Shop","item":"https:\/\/detailspot.lt\/en\/parduotuve\/"},{"@type":"ListItem","position":3,"name":"ADBL Round Detailing Brush"}]},{"@type":"WebSite","@id":"https:\/\/detailspot.lt\/#website","url":"https:\/\/detailspot.lt\/","name":"Detail Spot","description":"Automobili\u0173 prie\u017ei\u016bros priemon\u0117s","publisher":{"@id":"https:\/\/detailspot.lt\/#organization"},"potentialAction":[{"@type":"SearchAction","target":{"@type":"EntryPoint","urlTemplate":"https:\/\/detailspot.lt\/?s={search_term_string}"},"query-input":{"@type":"PropertyValueSpecification","valueRequired":true,"valueName":"search_term_string"}}],"inLanguage":"en-US"},{"@type":"Organization","@id":"https:\/\/detailspot.lt\/#organization","name":"Detail Spot","url":"https:\/\/detailspot.lt\/","logo":{"@type":"ImageObject","inLanguage":"en-US","@id":"https:\/\/detailspot.lt\/#\/schema\/logo\/image\/","url":"https:\/\/detailspot.lt\/wp-content\/uploads\/2022\/10\/logo-original.svg","contentUrl":"https:\/\/detailspot.lt\/wp-content\/uploads\/2022\/10\/logo-original.svg","width":1,"height":1,"caption":"Detail Spot"},"image":{"@id":"https:\/\/detailspot.lt\/#\/schema\/logo\/image\/"},"sameAs":["https:\/\/www.facebook.com\/profile.php?id=100039208338156"]}]}},"_links":{"self":[{"href":"https:\/\/detailspot.lt\/en\/wp-json\/wp\/v2\/product\/6436","targetHints":{"allow":["GET"]}}],"collection":[{"href":"https:\/\/detailspot.lt\/en\/wp-json\/wp\/v2\/product"}],"about":[{"href":"https:\/\/detailspot.lt\/en\/wp-json\/wp\/v2\/types\/product"}],"replies":[{"embeddable":true,"href":"https:\/\/detailspot.lt\/en\/wp-json\/wp\/v2\/comments?post=6436"}],"wp:featuredmedia":[{"embeddable":true,"href":"https:\/\/detailspot.lt\/en\/wp-json\/wp\/v2\/media\/4423"}],"wp:attachment":[{"href":"https:\/\/detailspot.lt\/en\/wp-json\/wp\/v2\/media?parent=6436"}],"wp:term":[{"taxonomy":"product_brand","embeddable":true,"href":"https:\/\/detailspot.lt\/en\/wp-json\/wp\/v2\/product_brand?post=6436"},{"taxonomy":"product_cat","embeddable":true,"href":"https:\/\/detailspot.lt\/en\/wp-json\/wp\/v2\/product_cat?post=6436"},{"taxonomy":"product_tag","embeddable":true,"href":"https:\/\/detailspot.lt\/en\/wp-json\/wp\/v2\/product_tag?post=6436"}],"curies":[{"name":"wp","href":"https:\/\/api.w.org\/{rel}","templated":true}]}}