{"id":6432,"date":"2023-02-06T22:53:21","date_gmt":"2023-02-06T20:53:21","guid":{"rendered":"https:\/\/detailspot.lt\/produktas\/fx-protect-tire-rubber-cleaner\/"},"modified":"2023-02-06T22:53:21","modified_gmt":"2023-02-06T20:53:21","slug":"fx-protect-tire-rubber-cleaner","status":"publish","type":"product","link":"https:\/\/detailspot.lt\/en\/produktas\/fx-protect-tire-rubber-cleaner\/","title":{"rendered":"FX Protect Tire &amp; Rubber Cleaner"},"content":{"rendered":"<h1><strong>FX Protect Tire &amp; Rubber Cleaner <\/strong><\/h1>\n<p>Thanks to its active formula, it effectively removes all hard-to-handle dirt such as grease stains, lubricants, brake dust or road grime. The product is highly concentrated. Depending on the degree of contamination, it can be used as a ready-to-use product or diluted 1:1 &#8211; 1:10. In addition, the product has been enriched with cleansing agents and surfactants that make it easier to use and rinse.<\/p>\n<p><strong>Characteristics: <\/strong><\/p>\n<ol>\n<li>removes stubborn dirt from tyres and rubber elements<\/li>\n<li>highly concentrated &#8211; dilution can be adjusted according to the degree of surface contamination<\/li>\n<li>Contains a carefully formulated blend of acids that perfectly removes mineral deposits, grease stains, oils and brake dust<\/li>\n<li>facilitates tyre washing and drying<\/li>\n<li>degreases and prepares the substrate for the application of the <a href=\"https:\/\/detailspot.lt\/produktas\/fx-protect-tire-rubber-protection\/\">dressing<\/a><\/li>\n<\/ol>\n<p>The product is sold with a spray nozzle for precise application.<\/p>\n<p>&nbsp;<\/p>\n<p style=\"text-align: center;\"><img loading=\"lazy\" decoding=\"async\" class=\"alignnone size-full wp-image-1096\" src=\"https:\/\/detailspot.lt\/wp-content\/uploads\/2022\/11\/fx-protect-logo-white-background-ireland.jpg\" alt=\"\" width=\"300\" height=\"123\" srcset=\"https:\/\/detailspot.lt\/wp-content\/uploads\/2022\/11\/fx-protect-logo-white-background-ireland.jpg 300w, https:\/\/detailspot.lt\/wp-content\/uploads\/2022\/11\/fx-protect-logo-white-background-ireland-64x26.jpg 64w\" sizes=\"auto, (max-width: 300px) 100vw, 300px\" \/><\/p>\n","protected":false},"excerpt":{"rendered":"<p>FX Protect Tire &amp; Rubber Cleaner Thanks to its active formula, it effectively removes all hard-to-handle dirt such as grease stains, lubricants, brake dust or road grime. The product is highly concentrated. Depending on the degree of contamination, it can be used as a ready-to-use product or diluted 1:1 &#8211; 1:10. In addition, the product&hellip;<\/p>\n","protected":false},"featured_media":4424,"comment_status":"closed","ping_status":"closed","template":"","meta":[],"product_brand":[],"product_cat":[176,175],"product_tag":[],"class_list":{"0":"post-6432","1":"product","2":"type-product","3":"status-publish","4":"has-post-thumbnail","6":"product_cat-tires-care","7":"product_cat-wheels-and-tyres","8":"description-off","10":"first","11":"instock","12":"taxable","13":"shipping-taxable","14":"purchasable","15":"product-type-variable"},"yoast_head":"<!-- This site is optimized with the Yoast SEO plugin v27.2 - https:\/\/yoast.com\/product\/yoast-seo-wordpress\/ -->\n<title>FX Protect Tire &amp; Rubber Cleaner - Detail Spot<\/title>\n<meta name=\"description\" content=\"FX Protect Tire &amp; Rubber Cleaner a specialised cleaning agent for tyres and rubber components. detailspot.lt Convenient shopping, fast delivery\" \/>\n<meta name=\"robots\" content=\"index, follow, max-snippet:-1, max-image-preview:large, max-video-preview:-1\" \/>\n<link rel=\"canonical\" href=\"https:\/\/detailspot.lt\/en\/produktas\/fx-protect-tire-rubber-cleaner\/\" \/>\n<meta property=\"og:locale\" content=\"en_US\" \/>\n<meta property=\"og:type\" content=\"article\" \/>\n<meta property=\"og:title\" content=\"FX Protect Tire &amp; Rubber Cleaner - Detail Spot\" \/>\n<meta property=\"og:description\" content=\"FX Protect Tire &amp; Rubber Cleaner a specialised cleaning agent for tyres and rubber components. detailspot.lt Convenient shopping, fast delivery\" \/>\n<meta property=\"og:url\" content=\"https:\/\/detailspot.lt\/en\/produktas\/fx-protect-tire-rubber-cleaner\/\" \/>\n<meta property=\"og:site_name\" content=\"Detail Spot\" \/>\n<meta property=\"article:publisher\" content=\"https:\/\/www.facebook.com\/profile.php?id=100039208338156\" \/>\n<meta property=\"og:image\" content=\"https:\/\/detailspot.lt\/wp-content\/uploads\/2023\/02\/fxprotect-tire-cleaner-500ml.jpg\" \/>\n\t<meta property=\"og:image:width\" content=\"1000\" \/>\n\t<meta property=\"og:image:height\" content=\"1000\" \/>\n\t<meta property=\"og:image:type\" content=\"image\/jpeg\" \/>\n<meta name=\"twitter:card\" content=\"summary_large_image\" \/>\n<meta name=\"twitter:label1\" content=\"Est. reading time\" \/>\n\t<meta name=\"twitter:data1\" content=\"1 minute\" \/>\n<script type=\"application\/ld+json\" class=\"yoast-schema-graph\">{\"@context\":\"https:\/\/schema.org\",\"@graph\":[{\"@type\":\"WebPage\",\"@id\":\"https:\/\/detailspot.lt\/en\/produktas\/fx-protect-tire-rubber-cleaner\/\",\"url\":\"https:\/\/detailspot.lt\/en\/produktas\/fx-protect-tire-rubber-cleaner\/\",\"name\":\"FX Protect Tire &amp; Rubber Cleaner - Detail Spot\",\"isPartOf\":{\"@id\":\"https:\/\/detailspot.lt\/#website\"},\"primaryImageOfPage\":{\"@id\":\"https:\/\/detailspot.lt\/en\/produktas\/fx-protect-tire-rubber-cleaner\/#primaryimage\"},\"image\":{\"@id\":\"https:\/\/detailspot.lt\/en\/produktas\/fx-protect-tire-rubber-cleaner\/#primaryimage\"},\"thumbnailUrl\":\"https:\/\/detailspot.lt\/wp-content\/uploads\/2023\/02\/fxprotect-tire-cleaner-500ml.jpg\",\"datePublished\":\"2023-02-06T20:53:21+00:00\",\"description\":\"FX Protect Tire &amp; Rubber Cleaner a specialised cleaning agent for tyres and rubber components. detailspot.lt Convenient shopping, fast delivery\",\"breadcrumb\":{\"@id\":\"https:\/\/detailspot.lt\/en\/produktas\/fx-protect-tire-rubber-cleaner\/#breadcrumb\"},\"inLanguage\":\"en-US\",\"potentialAction\":[{\"@type\":\"ReadAction\",\"target\":[\"https:\/\/detailspot.lt\/en\/produktas\/fx-protect-tire-rubber-cleaner\/\"]}]},{\"@type\":\"ImageObject\",\"inLanguage\":\"en-US\",\"@id\":\"https:\/\/detailspot.lt\/en\/produktas\/fx-protect-tire-rubber-cleaner\/#primaryimage\",\"url\":\"https:\/\/detailspot.lt\/wp-content\/uploads\/2023\/02\/fxprotect-tire-cleaner-500ml.jpg\",\"contentUrl\":\"https:\/\/detailspot.lt\/wp-content\/uploads\/2023\/02\/fxprotect-tire-cleaner-500ml.jpg\",\"width\":1000,\"height\":1000},{\"@type\":\"BreadcrumbList\",\"@id\":\"https:\/\/detailspot.lt\/en\/produktas\/fx-protect-tire-rubber-cleaner\/#breadcrumb\",\"itemListElement\":[{\"@type\":\"ListItem\",\"position\":1,\"name\":\"Home\",\"item\":\"https:\/\/detailspot.lt\/en\/\"},{\"@type\":\"ListItem\",\"position\":2,\"name\":\"Shop\",\"item\":\"https:\/\/detailspot.lt\/en\/parduotuve\/\"},{\"@type\":\"ListItem\",\"position\":3,\"name\":\"FX Protect Tire &amp; Rubber Cleaner\"}]},{\"@type\":\"WebSite\",\"@id\":\"https:\/\/detailspot.lt\/#website\",\"url\":\"https:\/\/detailspot.lt\/\",\"name\":\"Detail Spot\",\"description\":\"Automobili\u0173 prie\u017ei\u016bros priemon\u0117s\",\"publisher\":{\"@id\":\"https:\/\/detailspot.lt\/#organization\"},\"potentialAction\":[{\"@type\":\"SearchAction\",\"target\":{\"@type\":\"EntryPoint\",\"urlTemplate\":\"https:\/\/detailspot.lt\/?s={search_term_string}\"},\"query-input\":{\"@type\":\"PropertyValueSpecification\",\"valueRequired\":true,\"valueName\":\"search_term_string\"}}],\"inLanguage\":\"en-US\"},{\"@type\":\"Organization\",\"@id\":\"https:\/\/detailspot.lt\/#organization\",\"name\":\"Detail Spot\",\"url\":\"https:\/\/detailspot.lt\/\",\"logo\":{\"@type\":\"ImageObject\",\"inLanguage\":\"en-US\",\"@id\":\"https:\/\/detailspot.lt\/#\/schema\/logo\/image\/\",\"url\":\"https:\/\/detailspot.lt\/wp-content\/uploads\/2022\/10\/logo-original.svg\",\"contentUrl\":\"https:\/\/detailspot.lt\/wp-content\/uploads\/2022\/10\/logo-original.svg\",\"width\":1,\"height\":1,\"caption\":\"Detail Spot\"},\"image\":{\"@id\":\"https:\/\/detailspot.lt\/#\/schema\/logo\/image\/\"},\"sameAs\":[\"https:\/\/www.facebook.com\/profile.php?id=100039208338156\"]}]}<\/script>\n<!-- \/ Yoast SEO plugin. -->","yoast_head_json":{"title":"FX Protect Tire &amp; Rubber Cleaner - Detail Spot","description":"FX Protect Tire &amp; Rubber Cleaner a specialised cleaning agent for tyres and rubber components. detailspot.lt Convenient shopping, fast delivery","robots":{"index":"index","follow":"follow","max-snippet":"max-snippet:-1","max-image-preview":"max-image-preview:large","max-video-preview":"max-video-preview:-1"},"canonical":"https:\/\/detailspot.lt\/en\/produktas\/fx-protect-tire-rubber-cleaner\/","og_locale":"en_US","og_type":"article","og_title":"FX Protect Tire &amp; Rubber Cleaner - Detail Spot","og_description":"FX Protect Tire &amp; Rubber Cleaner a specialised cleaning agent for tyres and rubber components. detailspot.lt Convenient shopping, fast delivery","og_url":"https:\/\/detailspot.lt\/en\/produktas\/fx-protect-tire-rubber-cleaner\/","og_site_name":"Detail Spot","article_publisher":"https:\/\/www.facebook.com\/profile.php?id=100039208338156","og_image":[{"width":1000,"height":1000,"url":"https:\/\/detailspot.lt\/wp-content\/uploads\/2023\/02\/fxprotect-tire-cleaner-500ml.jpg","type":"image\/jpeg"}],"twitter_card":"summary_large_image","twitter_misc":{"Est. reading time":"1 minute"},"schema":{"@context":"https:\/\/schema.org","@graph":[{"@type":"WebPage","@id":"https:\/\/detailspot.lt\/en\/produktas\/fx-protect-tire-rubber-cleaner\/","url":"https:\/\/detailspot.lt\/en\/produktas\/fx-protect-tire-rubber-cleaner\/","name":"FX Protect Tire &amp; Rubber Cleaner - Detail Spot","isPartOf":{"@id":"https:\/\/detailspot.lt\/#website"},"primaryImageOfPage":{"@id":"https:\/\/detailspot.lt\/en\/produktas\/fx-protect-tire-rubber-cleaner\/#primaryimage"},"image":{"@id":"https:\/\/detailspot.lt\/en\/produktas\/fx-protect-tire-rubber-cleaner\/#primaryimage"},"thumbnailUrl":"https:\/\/detailspot.lt\/wp-content\/uploads\/2023\/02\/fxprotect-tire-cleaner-500ml.jpg","datePublished":"2023-02-06T20:53:21+00:00","description":"FX Protect Tire &amp; Rubber Cleaner a specialised cleaning agent for tyres and rubber components. detailspot.lt Convenient shopping, fast delivery","breadcrumb":{"@id":"https:\/\/detailspot.lt\/en\/produktas\/fx-protect-tire-rubber-cleaner\/#breadcrumb"},"inLanguage":"en-US","potentialAction":[{"@type":"ReadAction","target":["https:\/\/detailspot.lt\/en\/produktas\/fx-protect-tire-rubber-cleaner\/"]}]},{"@type":"ImageObject","inLanguage":"en-US","@id":"https:\/\/detailspot.lt\/en\/produktas\/fx-protect-tire-rubber-cleaner\/#primaryimage","url":"https:\/\/detailspot.lt\/wp-content\/uploads\/2023\/02\/fxprotect-tire-cleaner-500ml.jpg","contentUrl":"https:\/\/detailspot.lt\/wp-content\/uploads\/2023\/02\/fxprotect-tire-cleaner-500ml.jpg","width":1000,"height":1000},{"@type":"BreadcrumbList","@id":"https:\/\/detailspot.lt\/en\/produktas\/fx-protect-tire-rubber-cleaner\/#breadcrumb","itemListElement":[{"@type":"ListItem","position":1,"name":"Home","item":"https:\/\/detailspot.lt\/en\/"},{"@type":"ListItem","position":2,"name":"Shop","item":"https:\/\/detailspot.lt\/en\/parduotuve\/"},{"@type":"ListItem","position":3,"name":"FX Protect Tire &amp; Rubber Cleaner"}]},{"@type":"WebSite","@id":"https:\/\/detailspot.lt\/#website","url":"https:\/\/detailspot.lt\/","name":"Detail Spot","description":"Automobili\u0173 prie\u017ei\u016bros priemon\u0117s","publisher":{"@id":"https:\/\/detailspot.lt\/#organization"},"potentialAction":[{"@type":"SearchAction","target":{"@type":"EntryPoint","urlTemplate":"https:\/\/detailspot.lt\/?s={search_term_string}"},"query-input":{"@type":"PropertyValueSpecification","valueRequired":true,"valueName":"search_term_string"}}],"inLanguage":"en-US"},{"@type":"Organization","@id":"https:\/\/detailspot.lt\/#organization","name":"Detail Spot","url":"https:\/\/detailspot.lt\/","logo":{"@type":"ImageObject","inLanguage":"en-US","@id":"https:\/\/detailspot.lt\/#\/schema\/logo\/image\/","url":"https:\/\/detailspot.lt\/wp-content\/uploads\/2022\/10\/logo-original.svg","contentUrl":"https:\/\/detailspot.lt\/wp-content\/uploads\/2022\/10\/logo-original.svg","width":1,"height":1,"caption":"Detail Spot"},"image":{"@id":"https:\/\/detailspot.lt\/#\/schema\/logo\/image\/"},"sameAs":["https:\/\/www.facebook.com\/profile.php?id=100039208338156"]}]}},"_links":{"self":[{"href":"https:\/\/detailspot.lt\/en\/wp-json\/wp\/v2\/product\/6432","targetHints":{"allow":["GET"]}}],"collection":[{"href":"https:\/\/detailspot.lt\/en\/wp-json\/wp\/v2\/product"}],"about":[{"href":"https:\/\/detailspot.lt\/en\/wp-json\/wp\/v2\/types\/product"}],"replies":[{"embeddable":true,"href":"https:\/\/detailspot.lt\/en\/wp-json\/wp\/v2\/comments?post=6432"}],"wp:featuredmedia":[{"embeddable":true,"href":"https:\/\/detailspot.lt\/en\/wp-json\/wp\/v2\/media\/4424"}],"wp:attachment":[{"href":"https:\/\/detailspot.lt\/en\/wp-json\/wp\/v2\/media?parent=6432"}],"wp:term":[{"taxonomy":"product_brand","embeddable":true,"href":"https:\/\/detailspot.lt\/en\/wp-json\/wp\/v2\/product_brand?post=6432"},{"taxonomy":"product_cat","embeddable":true,"href":"https:\/\/detailspot.lt\/en\/wp-json\/wp\/v2\/product_cat?post=6432"},{"taxonomy":"product_tag","embeddable":true,"href":"https:\/\/detailspot.lt\/en\/wp-json\/wp\/v2\/product_tag?post=6432"}],"curies":[{"name":"wp","href":"https:\/\/api.w.org\/{rel}","templated":true}]}}