{"id":6426,"date":"2023-02-21T23:07:03","date_gmt":"2023-02-21T21:07:03","guid":{"rendered":"https:\/\/detailspot.lt\/produktas\/maxshine-pet-hair-removal-brush-2\/"},"modified":"2023-02-21T23:07:03","modified_gmt":"2023-02-21T21:07:03","slug":"maxshine-pet-hair-removal-brush-2","status":"publish","type":"product","link":"https:\/\/detailspot.lt\/en\/produktas\/maxshine-pet-hair-removal-brush-2\/","title":{"rendered":"MaxShine Pet Hair Removal Brush"},"content":{"rendered":"<div id=\"heading2\">\n<h2>MaxShine Pet Hair Removal Brush<\/h2>\n<\/div>\n<div class=\"clear\">\n<p>The brush\/comb is suitable for extracting hair from carpets and textiles. The wiper has smooth edges and rounded corners that allow it to easily adapt to the curves of the surface to be cleaned and reach difficult corners.<\/p>\n<p><strong>Characteristics:<\/strong><\/p>\n<ol>\n<li>Rubber edges, rounded corners<\/li>\n<li>Adapted for hair collection<\/li>\n<\/ol>\n<\/div>\n<div class=\"grid_100 alpha omega mb20\">\n<div class=\"grid_100 omega alpha goods_links_container\">\n<div class=\"mt0\">\n<div class=\"clear\"><\/div>\n<\/div>\n<\/div>\n<\/div>\n<div class=\"grid_100 alpha omega\"><\/div>\n<div style=\"text-align: center;\"><img loading=\"lazy\" decoding=\"async\" class=\"alignnone size-medium wp-image-1102\" src=\"https:\/\/detailspot.lt\/wp-content\/uploads\/2022\/11\/MaxshineLogominusculas-02-300x68.png\" alt=\"\" width=\"300\" height=\"68\" srcset=\"https:\/\/detailspot.lt\/wp-content\/uploads\/2022\/11\/MaxshineLogominusculas-02-300x68.png 300w, https:\/\/detailspot.lt\/wp-content\/uploads\/2022\/11\/MaxshineLogominusculas-02-1024x231.png 1024w, https:\/\/detailspot.lt\/wp-content\/uploads\/2022\/11\/MaxshineLogominusculas-02-768x173.png 768w, https:\/\/detailspot.lt\/wp-content\/uploads\/2022\/11\/MaxshineLogominusculas-02-600x135.png 600w, https:\/\/detailspot.lt\/wp-content\/uploads\/2022\/11\/MaxshineLogominusculas-02-64x14.png 64w, https:\/\/detailspot.lt\/wp-content\/uploads\/2022\/11\/MaxshineLogominusculas-02.png 1500w\" sizes=\"auto, (max-width: 300px) 100vw, 300px\" \/><\/div>\n","protected":false},"excerpt":{"rendered":"<p>MaxShine Pet Hair Removal Brush The brush\/comb is suitable for extracting hair from carpets and textiles. The wiper has smooth edges and rounded corners that allow it to easily adapt to the curves of the surface to be cleaned and reach difficult corners. Characteristics: Rubber edges, rounded corners Adapted for hair collection<\/p>\n","protected":false},"featured_media":4436,"comment_status":"closed","ping_status":"closed","template":"","meta":[],"product_brand":[],"product_cat":[174,183],"product_tag":[],"class_list":{"0":"post-6426","1":"product","2":"type-product","3":"status-publish","4":"has-post-thumbnail","6":"product_cat-accessories-en","7":"product_cat-brushes","8":"description-off","10":"first","11":"instock","12":"taxable","13":"shipping-taxable","14":"purchasable","15":"product-type-simple"},"yoast_head":"<!-- This site is optimized with the Yoast SEO plugin v27.2 - https:\/\/yoast.com\/product\/yoast-seo-wordpress\/ -->\n<title>MaxShine Pet Hair Removal Brush - Detail Spot<\/title>\n<meta name=\"description\" content=\"The wiper has smooth edges and rounded corners that allow it to easily adapt to the curves of the surface to be cleaned and reach difficult corners.\" \/>\n<meta name=\"robots\" content=\"index, follow, max-snippet:-1, max-image-preview:large, max-video-preview:-1\" \/>\n<link rel=\"canonical\" href=\"https:\/\/detailspot.lt\/en\/produktas\/maxshine-pet-hair-removal-brush-2\/\" \/>\n<meta property=\"og:locale\" content=\"en_US\" \/>\n<meta property=\"og:type\" content=\"article\" \/>\n<meta property=\"og:title\" content=\"MaxShine Pet Hair Removal Brush - Detail Spot\" \/>\n<meta property=\"og:description\" content=\"The wiper has smooth edges and rounded corners that allow it to easily adapt to the curves of the surface to be cleaned and reach difficult corners.\" \/>\n<meta property=\"og:url\" content=\"https:\/\/detailspot.lt\/en\/produktas\/maxshine-pet-hair-removal-brush-2\/\" \/>\n<meta property=\"og:site_name\" content=\"Detail Spot\" \/>\n<meta property=\"article:publisher\" content=\"https:\/\/www.facebook.com\/profile.php?id=100039208338156\" \/>\n<meta property=\"og:image\" content=\"https:\/\/detailspot.lt\/wp-content\/uploads\/2023\/02\/maxshine-pet-hair-removal-carpet-brush-1548x1430w.jpg\" \/>\n\t<meta property=\"og:image:width\" content=\"1548\" \/>\n\t<meta property=\"og:image:height\" content=\"1430\" \/>\n\t<meta property=\"og:image:type\" content=\"image\/jpeg\" \/>\n<meta name=\"twitter:card\" content=\"summary_large_image\" \/>\n<script type=\"application\/ld+json\" class=\"yoast-schema-graph\">{\"@context\":\"https:\/\/schema.org\",\"@graph\":[{\"@type\":\"WebPage\",\"@id\":\"https:\/\/detailspot.lt\/en\/produktas\/maxshine-pet-hair-removal-brush-2\/\",\"url\":\"https:\/\/detailspot.lt\/en\/produktas\/maxshine-pet-hair-removal-brush-2\/\",\"name\":\"MaxShine Pet Hair Removal Brush - Detail Spot\",\"isPartOf\":{\"@id\":\"https:\/\/detailspot.lt\/#website\"},\"primaryImageOfPage\":{\"@id\":\"https:\/\/detailspot.lt\/en\/produktas\/maxshine-pet-hair-removal-brush-2\/#primaryimage\"},\"image\":{\"@id\":\"https:\/\/detailspot.lt\/en\/produktas\/maxshine-pet-hair-removal-brush-2\/#primaryimage\"},\"thumbnailUrl\":\"https:\/\/detailspot.lt\/wp-content\/uploads\/2023\/02\/maxshine-pet-hair-removal-carpet-brush-1548x1430w.jpg\",\"datePublished\":\"2023-02-21T21:07:03+00:00\",\"description\":\"The wiper has smooth edges and rounded corners that allow it to easily adapt to the curves of the surface to be cleaned and reach difficult corners.\",\"breadcrumb\":{\"@id\":\"https:\/\/detailspot.lt\/en\/produktas\/maxshine-pet-hair-removal-brush-2\/#breadcrumb\"},\"inLanguage\":\"en-US\",\"potentialAction\":[{\"@type\":\"ReadAction\",\"target\":[\"https:\/\/detailspot.lt\/en\/produktas\/maxshine-pet-hair-removal-brush-2\/\"]}]},{\"@type\":\"ImageObject\",\"inLanguage\":\"en-US\",\"@id\":\"https:\/\/detailspot.lt\/en\/produktas\/maxshine-pet-hair-removal-brush-2\/#primaryimage\",\"url\":\"https:\/\/detailspot.lt\/wp-content\/uploads\/2023\/02\/maxshine-pet-hair-removal-carpet-brush-1548x1430w.jpg\",\"contentUrl\":\"https:\/\/detailspot.lt\/wp-content\/uploads\/2023\/02\/maxshine-pet-hair-removal-carpet-brush-1548x1430w.jpg\",\"width\":1548,\"height\":1430},{\"@type\":\"BreadcrumbList\",\"@id\":\"https:\/\/detailspot.lt\/en\/produktas\/maxshine-pet-hair-removal-brush-2\/#breadcrumb\",\"itemListElement\":[{\"@type\":\"ListItem\",\"position\":1,\"name\":\"Home\",\"item\":\"https:\/\/detailspot.lt\/en\/\"},{\"@type\":\"ListItem\",\"position\":2,\"name\":\"Shop\",\"item\":\"https:\/\/detailspot.lt\/en\/parduotuve\/\"},{\"@type\":\"ListItem\",\"position\":3,\"name\":\"MaxShine Pet Hair Removal Brush\"}]},{\"@type\":\"WebSite\",\"@id\":\"https:\/\/detailspot.lt\/#website\",\"url\":\"https:\/\/detailspot.lt\/\",\"name\":\"Detail Spot\",\"description\":\"Automobili\u0173 prie\u017ei\u016bros priemon\u0117s\",\"publisher\":{\"@id\":\"https:\/\/detailspot.lt\/#organization\"},\"potentialAction\":[{\"@type\":\"SearchAction\",\"target\":{\"@type\":\"EntryPoint\",\"urlTemplate\":\"https:\/\/detailspot.lt\/?s={search_term_string}\"},\"query-input\":{\"@type\":\"PropertyValueSpecification\",\"valueRequired\":true,\"valueName\":\"search_term_string\"}}],\"inLanguage\":\"en-US\"},{\"@type\":\"Organization\",\"@id\":\"https:\/\/detailspot.lt\/#organization\",\"name\":\"Detail Spot\",\"url\":\"https:\/\/detailspot.lt\/\",\"logo\":{\"@type\":\"ImageObject\",\"inLanguage\":\"en-US\",\"@id\":\"https:\/\/detailspot.lt\/#\/schema\/logo\/image\/\",\"url\":\"https:\/\/detailspot.lt\/wp-content\/uploads\/2022\/10\/logo-original.svg\",\"contentUrl\":\"https:\/\/detailspot.lt\/wp-content\/uploads\/2022\/10\/logo-original.svg\",\"width\":1,\"height\":1,\"caption\":\"Detail Spot\"},\"image\":{\"@id\":\"https:\/\/detailspot.lt\/#\/schema\/logo\/image\/\"},\"sameAs\":[\"https:\/\/www.facebook.com\/profile.php?id=100039208338156\"]}]}<\/script>\n<!-- \/ Yoast SEO plugin. -->","yoast_head_json":{"title":"MaxShine Pet Hair Removal Brush - Detail Spot","description":"The wiper has smooth edges and rounded corners that allow it to easily adapt to the curves of the surface to be cleaned and reach difficult corners.","robots":{"index":"index","follow":"follow","max-snippet":"max-snippet:-1","max-image-preview":"max-image-preview:large","max-video-preview":"max-video-preview:-1"},"canonical":"https:\/\/detailspot.lt\/en\/produktas\/maxshine-pet-hair-removal-brush-2\/","og_locale":"en_US","og_type":"article","og_title":"MaxShine Pet Hair Removal Brush - Detail Spot","og_description":"The wiper has smooth edges and rounded corners that allow it to easily adapt to the curves of the surface to be cleaned and reach difficult corners.","og_url":"https:\/\/detailspot.lt\/en\/produktas\/maxshine-pet-hair-removal-brush-2\/","og_site_name":"Detail Spot","article_publisher":"https:\/\/www.facebook.com\/profile.php?id=100039208338156","og_image":[{"width":1548,"height":1430,"url":"https:\/\/detailspot.lt\/wp-content\/uploads\/2023\/02\/maxshine-pet-hair-removal-carpet-brush-1548x1430w.jpg","type":"image\/jpeg"}],"twitter_card":"summary_large_image","schema":{"@context":"https:\/\/schema.org","@graph":[{"@type":"WebPage","@id":"https:\/\/detailspot.lt\/en\/produktas\/maxshine-pet-hair-removal-brush-2\/","url":"https:\/\/detailspot.lt\/en\/produktas\/maxshine-pet-hair-removal-brush-2\/","name":"MaxShine Pet Hair Removal Brush - Detail Spot","isPartOf":{"@id":"https:\/\/detailspot.lt\/#website"},"primaryImageOfPage":{"@id":"https:\/\/detailspot.lt\/en\/produktas\/maxshine-pet-hair-removal-brush-2\/#primaryimage"},"image":{"@id":"https:\/\/detailspot.lt\/en\/produktas\/maxshine-pet-hair-removal-brush-2\/#primaryimage"},"thumbnailUrl":"https:\/\/detailspot.lt\/wp-content\/uploads\/2023\/02\/maxshine-pet-hair-removal-carpet-brush-1548x1430w.jpg","datePublished":"2023-02-21T21:07:03+00:00","description":"The wiper has smooth edges and rounded corners that allow it to easily adapt to the curves of the surface to be cleaned and reach difficult corners.","breadcrumb":{"@id":"https:\/\/detailspot.lt\/en\/produktas\/maxshine-pet-hair-removal-brush-2\/#breadcrumb"},"inLanguage":"en-US","potentialAction":[{"@type":"ReadAction","target":["https:\/\/detailspot.lt\/en\/produktas\/maxshine-pet-hair-removal-brush-2\/"]}]},{"@type":"ImageObject","inLanguage":"en-US","@id":"https:\/\/detailspot.lt\/en\/produktas\/maxshine-pet-hair-removal-brush-2\/#primaryimage","url":"https:\/\/detailspot.lt\/wp-content\/uploads\/2023\/02\/maxshine-pet-hair-removal-carpet-brush-1548x1430w.jpg","contentUrl":"https:\/\/detailspot.lt\/wp-content\/uploads\/2023\/02\/maxshine-pet-hair-removal-carpet-brush-1548x1430w.jpg","width":1548,"height":1430},{"@type":"BreadcrumbList","@id":"https:\/\/detailspot.lt\/en\/produktas\/maxshine-pet-hair-removal-brush-2\/#breadcrumb","itemListElement":[{"@type":"ListItem","position":1,"name":"Home","item":"https:\/\/detailspot.lt\/en\/"},{"@type":"ListItem","position":2,"name":"Shop","item":"https:\/\/detailspot.lt\/en\/parduotuve\/"},{"@type":"ListItem","position":3,"name":"MaxShine Pet Hair Removal Brush"}]},{"@type":"WebSite","@id":"https:\/\/detailspot.lt\/#website","url":"https:\/\/detailspot.lt\/","name":"Detail Spot","description":"Automobili\u0173 prie\u017ei\u016bros priemon\u0117s","publisher":{"@id":"https:\/\/detailspot.lt\/#organization"},"potentialAction":[{"@type":"SearchAction","target":{"@type":"EntryPoint","urlTemplate":"https:\/\/detailspot.lt\/?s={search_term_string}"},"query-input":{"@type":"PropertyValueSpecification","valueRequired":true,"valueName":"search_term_string"}}],"inLanguage":"en-US"},{"@type":"Organization","@id":"https:\/\/detailspot.lt\/#organization","name":"Detail Spot","url":"https:\/\/detailspot.lt\/","logo":{"@type":"ImageObject","inLanguage":"en-US","@id":"https:\/\/detailspot.lt\/#\/schema\/logo\/image\/","url":"https:\/\/detailspot.lt\/wp-content\/uploads\/2022\/10\/logo-original.svg","contentUrl":"https:\/\/detailspot.lt\/wp-content\/uploads\/2022\/10\/logo-original.svg","width":1,"height":1,"caption":"Detail Spot"},"image":{"@id":"https:\/\/detailspot.lt\/#\/schema\/logo\/image\/"},"sameAs":["https:\/\/www.facebook.com\/profile.php?id=100039208338156"]}]}},"_links":{"self":[{"href":"https:\/\/detailspot.lt\/en\/wp-json\/wp\/v2\/product\/6426","targetHints":{"allow":["GET"]}}],"collection":[{"href":"https:\/\/detailspot.lt\/en\/wp-json\/wp\/v2\/product"}],"about":[{"href":"https:\/\/detailspot.lt\/en\/wp-json\/wp\/v2\/types\/product"}],"replies":[{"embeddable":true,"href":"https:\/\/detailspot.lt\/en\/wp-json\/wp\/v2\/comments?post=6426"}],"wp:featuredmedia":[{"embeddable":true,"href":"https:\/\/detailspot.lt\/en\/wp-json\/wp\/v2\/media\/4436"}],"wp:attachment":[{"href":"https:\/\/detailspot.lt\/en\/wp-json\/wp\/v2\/media?parent=6426"}],"wp:term":[{"taxonomy":"product_brand","embeddable":true,"href":"https:\/\/detailspot.lt\/en\/wp-json\/wp\/v2\/product_brand?post=6426"},{"taxonomy":"product_cat","embeddable":true,"href":"https:\/\/detailspot.lt\/en\/wp-json\/wp\/v2\/product_cat?post=6426"},{"taxonomy":"product_tag","embeddable":true,"href":"https:\/\/detailspot.lt\/en\/wp-json\/wp\/v2\/product_tag?post=6426"}],"curies":[{"name":"wp","href":"https:\/\/api.w.org\/{rel}","templated":true}]}}