{"id":6423,"date":"2023-02-25T07:57:50","date_gmt":"2023-02-25T05:57:50","guid":{"rendered":"https:\/\/detailspot.lt\/produktas\/koch-chemie-p6-01-one-cut-finish-polishing-paste\/"},"modified":"2023-02-25T07:57:50","modified_gmt":"2023-02-25T05:57:50","slug":"koch-chemie-p6-01-one-cut-finish-polishing-paste","status":"publish","type":"product","link":"https:\/\/detailspot.lt\/en\/produktas\/koch-chemie-p6-01-one-cut-finish-polishing-paste\/","title":{"rendered":"Koch Chemie P6.01 One Cut &amp; Finish Polishing paste"},"content":{"rendered":"<h1>KOCH CHEMIE P6.01 ONE CUT &amp; FINISH POLYRAVIMO PASTE<\/h1>\n<p>An innovative polishing solution for high gloss performance and effective removal of medium level defects. One Cut Paste is able to remove defects from P2000 level upwards while providing a protective lacquer layer against further environmental influences.<\/p>\n<p><strong>Characteristics:<\/strong><\/p>\n<ol>\n<li>Medium aggressive polishing paste<\/li>\n<li>For use with a polishing machine<\/li>\n<li>For use with one-step polishing pads<\/li>\n<li>Leaves a synthetic, protective layer<\/li>\n<\/ol>\n<p>&nbsp;<\/p>\n<p>&nbsp;<\/p>\n<p style=\"text-align: center;\"><img loading=\"lazy\" decoding=\"async\" class=\"alignnone size-medium wp-image-1061\" src=\"https:\/\/detailspot.lt\/wp-content\/uploads\/2022\/10\/Koch-Chemie-logo-300x142.jpeg\" alt=\"\" width=\"300\" height=\"142\" srcset=\"https:\/\/detailspot.lt\/wp-content\/uploads\/2022\/10\/Koch-Chemie-logo-300x142.jpeg 300w, https:\/\/detailspot.lt\/wp-content\/uploads\/2022\/10\/Koch-Chemie-logo.jpeg 500w\" sizes=\"auto, (max-width: 300px) 100vw, 300px\" \/><\/p>\n","protected":false},"excerpt":{"rendered":"<p>KOCH CHEMIE P6.01 ONE CUT &amp; FINISH POLYRAVIMO PASTE An innovative polishing solution for high gloss performance and effective removal of medium level defects. One Cut Paste is able to remove defects from P2000 level upwards while providing a protective lacquer layer against further environmental influences. Characteristics: Medium aggressive polishing paste For use with a&hellip;<\/p>\n","protected":false},"featured_media":9311,"comment_status":"closed","ping_status":"closed","template":"","meta":[],"product_brand":[],"product_cat":[173,170],"product_tag":[],"class_list":{"0":"post-6423","1":"product","2":"type-product","3":"status-publish","4":"has-post-thumbnail","6":"product_cat-polishing-pastes","7":"product_cat-polishing-tools","8":"description-off","10":"first","11":"instock","12":"taxable","13":"shipping-taxable","14":"purchasable","15":"product-type-variable"},"yoast_head":"<!-- This site is optimized with the Yoast SEO plugin v27.2 - https:\/\/yoast.com\/product\/yoast-seo-wordpress\/ -->\n<title>Koch Chemie P6.01 One Cut &amp; Finish Polishing paste -<\/title>\n<meta name=\"description\" content=\"Koch Chemie P6.01 one cut is an innovative polishing solution for high gloss performance and effective removal of medium level defects.\" \/>\n<meta name=\"robots\" content=\"index, follow, max-snippet:-1, max-image-preview:large, max-video-preview:-1\" \/>\n<link rel=\"canonical\" href=\"https:\/\/detailspot.lt\/en\/produktas\/koch-chemie-p6-01-one-cut-finish-polishing-paste\/\" \/>\n<meta property=\"og:locale\" content=\"en_US\" \/>\n<meta property=\"og:type\" content=\"article\" \/>\n<meta property=\"og:title\" content=\"Koch Chemie P6.01 One Cut &amp; Finish Polishing paste -\" \/>\n<meta property=\"og:description\" content=\"Koch Chemie P6.01 one cut is an innovative polishing solution for high gloss performance and effective removal of medium level defects.\" \/>\n<meta property=\"og:url\" content=\"https:\/\/detailspot.lt\/en\/produktas\/koch-chemie-p6-01-one-cut-finish-polishing-paste\/\" \/>\n<meta property=\"og:site_name\" content=\"Detail Spot\" \/>\n<meta property=\"article:publisher\" content=\"https:\/\/www.facebook.com\/profile.php?id=100039208338156\" \/>\n<meta property=\"og:image\" content=\"https:\/\/detailspot.lt\/wp-content\/uploads\/2023\/02\/koch-chemie-p602-one-cut-finish-poliravimo-pasta-1.jpg\" \/>\n\t<meta property=\"og:image:width\" content=\"1188\" \/>\n\t<meta property=\"og:image:height\" content=\"1188\" \/>\n\t<meta property=\"og:image:type\" content=\"image\/jpeg\" \/>\n<meta name=\"twitter:card\" content=\"summary_large_image\" \/>\n<script type=\"application\/ld+json\" class=\"yoast-schema-graph\">{\"@context\":\"https:\/\/schema.org\",\"@graph\":[{\"@type\":\"WebPage\",\"@id\":\"https:\/\/detailspot.lt\/en\/produktas\/koch-chemie-p6-01-one-cut-finish-polishing-paste\/\",\"url\":\"https:\/\/detailspot.lt\/en\/produktas\/koch-chemie-p6-01-one-cut-finish-polishing-paste\/\",\"name\":\"Koch Chemie P6.01 One Cut &amp; Finish Polishing paste -\",\"isPartOf\":{\"@id\":\"https:\/\/detailspot.lt\/#website\"},\"primaryImageOfPage\":{\"@id\":\"https:\/\/detailspot.lt\/en\/produktas\/koch-chemie-p6-01-one-cut-finish-polishing-paste\/#primaryimage\"},\"image\":{\"@id\":\"https:\/\/detailspot.lt\/en\/produktas\/koch-chemie-p6-01-one-cut-finish-polishing-paste\/#primaryimage\"},\"thumbnailUrl\":\"https:\/\/detailspot.lt\/wp-content\/uploads\/2023\/02\/koch-chemie-p602-one-cut-finish-poliravimo-pasta-1.jpg\",\"datePublished\":\"2023-02-25T05:57:50+00:00\",\"description\":\"Koch Chemie P6.01 one cut is an innovative polishing solution for high gloss performance and effective removal of medium level defects.\",\"breadcrumb\":{\"@id\":\"https:\/\/detailspot.lt\/en\/produktas\/koch-chemie-p6-01-one-cut-finish-polishing-paste\/#breadcrumb\"},\"inLanguage\":\"en-US\",\"potentialAction\":[{\"@type\":\"ReadAction\",\"target\":[\"https:\/\/detailspot.lt\/en\/produktas\/koch-chemie-p6-01-one-cut-finish-polishing-paste\/\"]}]},{\"@type\":\"ImageObject\",\"inLanguage\":\"en-US\",\"@id\":\"https:\/\/detailspot.lt\/en\/produktas\/koch-chemie-p6-01-one-cut-finish-polishing-paste\/#primaryimage\",\"url\":\"https:\/\/detailspot.lt\/wp-content\/uploads\/2023\/02\/koch-chemie-p602-one-cut-finish-poliravimo-pasta-1.jpg\",\"contentUrl\":\"https:\/\/detailspot.lt\/wp-content\/uploads\/2023\/02\/koch-chemie-p602-one-cut-finish-poliravimo-pasta-1.jpg\",\"width\":1188,\"height\":1188},{\"@type\":\"BreadcrumbList\",\"@id\":\"https:\/\/detailspot.lt\/en\/produktas\/koch-chemie-p6-01-one-cut-finish-polishing-paste\/#breadcrumb\",\"itemListElement\":[{\"@type\":\"ListItem\",\"position\":1,\"name\":\"Home\",\"item\":\"https:\/\/detailspot.lt\/en\/\"},{\"@type\":\"ListItem\",\"position\":2,\"name\":\"Shop\",\"item\":\"https:\/\/detailspot.lt\/en\/parduotuve\/\"},{\"@type\":\"ListItem\",\"position\":3,\"name\":\"Koch Chemie P6.01 One Cut &amp; Finish Polishing paste\"}]},{\"@type\":\"WebSite\",\"@id\":\"https:\/\/detailspot.lt\/#website\",\"url\":\"https:\/\/detailspot.lt\/\",\"name\":\"Detail Spot\",\"description\":\"Automobili\u0173 prie\u017ei\u016bros priemon\u0117s\",\"publisher\":{\"@id\":\"https:\/\/detailspot.lt\/#organization\"},\"potentialAction\":[{\"@type\":\"SearchAction\",\"target\":{\"@type\":\"EntryPoint\",\"urlTemplate\":\"https:\/\/detailspot.lt\/?s={search_term_string}\"},\"query-input\":{\"@type\":\"PropertyValueSpecification\",\"valueRequired\":true,\"valueName\":\"search_term_string\"}}],\"inLanguage\":\"en-US\"},{\"@type\":\"Organization\",\"@id\":\"https:\/\/detailspot.lt\/#organization\",\"name\":\"Detail Spot\",\"url\":\"https:\/\/detailspot.lt\/\",\"logo\":{\"@type\":\"ImageObject\",\"inLanguage\":\"en-US\",\"@id\":\"https:\/\/detailspot.lt\/#\/schema\/logo\/image\/\",\"url\":\"https:\/\/detailspot.lt\/wp-content\/uploads\/2022\/10\/logo-original.svg\",\"contentUrl\":\"https:\/\/detailspot.lt\/wp-content\/uploads\/2022\/10\/logo-original.svg\",\"width\":1,\"height\":1,\"caption\":\"Detail Spot\"},\"image\":{\"@id\":\"https:\/\/detailspot.lt\/#\/schema\/logo\/image\/\"},\"sameAs\":[\"https:\/\/www.facebook.com\/profile.php?id=100039208338156\"]}]}<\/script>\n<!-- \/ Yoast SEO plugin. -->","yoast_head_json":{"title":"Koch Chemie P6.01 One Cut &amp; Finish Polishing paste -","description":"Koch Chemie P6.01 one cut is an innovative polishing solution for high gloss performance and effective removal of medium level defects.","robots":{"index":"index","follow":"follow","max-snippet":"max-snippet:-1","max-image-preview":"max-image-preview:large","max-video-preview":"max-video-preview:-1"},"canonical":"https:\/\/detailspot.lt\/en\/produktas\/koch-chemie-p6-01-one-cut-finish-polishing-paste\/","og_locale":"en_US","og_type":"article","og_title":"Koch Chemie P6.01 One Cut &amp; Finish Polishing paste -","og_description":"Koch Chemie P6.01 one cut is an innovative polishing solution for high gloss performance and effective removal of medium level defects.","og_url":"https:\/\/detailspot.lt\/en\/produktas\/koch-chemie-p6-01-one-cut-finish-polishing-paste\/","og_site_name":"Detail Spot","article_publisher":"https:\/\/www.facebook.com\/profile.php?id=100039208338156","og_image":[{"width":1188,"height":1188,"url":"https:\/\/detailspot.lt\/wp-content\/uploads\/2023\/02\/koch-chemie-p602-one-cut-finish-poliravimo-pasta-1.jpg","type":"image\/jpeg"}],"twitter_card":"summary_large_image","schema":{"@context":"https:\/\/schema.org","@graph":[{"@type":"WebPage","@id":"https:\/\/detailspot.lt\/en\/produktas\/koch-chemie-p6-01-one-cut-finish-polishing-paste\/","url":"https:\/\/detailspot.lt\/en\/produktas\/koch-chemie-p6-01-one-cut-finish-polishing-paste\/","name":"Koch Chemie P6.01 One Cut &amp; Finish Polishing paste -","isPartOf":{"@id":"https:\/\/detailspot.lt\/#website"},"primaryImageOfPage":{"@id":"https:\/\/detailspot.lt\/en\/produktas\/koch-chemie-p6-01-one-cut-finish-polishing-paste\/#primaryimage"},"image":{"@id":"https:\/\/detailspot.lt\/en\/produktas\/koch-chemie-p6-01-one-cut-finish-polishing-paste\/#primaryimage"},"thumbnailUrl":"https:\/\/detailspot.lt\/wp-content\/uploads\/2023\/02\/koch-chemie-p602-one-cut-finish-poliravimo-pasta-1.jpg","datePublished":"2023-02-25T05:57:50+00:00","description":"Koch Chemie P6.01 one cut is an innovative polishing solution for high gloss performance and effective removal of medium level defects.","breadcrumb":{"@id":"https:\/\/detailspot.lt\/en\/produktas\/koch-chemie-p6-01-one-cut-finish-polishing-paste\/#breadcrumb"},"inLanguage":"en-US","potentialAction":[{"@type":"ReadAction","target":["https:\/\/detailspot.lt\/en\/produktas\/koch-chemie-p6-01-one-cut-finish-polishing-paste\/"]}]},{"@type":"ImageObject","inLanguage":"en-US","@id":"https:\/\/detailspot.lt\/en\/produktas\/koch-chemie-p6-01-one-cut-finish-polishing-paste\/#primaryimage","url":"https:\/\/detailspot.lt\/wp-content\/uploads\/2023\/02\/koch-chemie-p602-one-cut-finish-poliravimo-pasta-1.jpg","contentUrl":"https:\/\/detailspot.lt\/wp-content\/uploads\/2023\/02\/koch-chemie-p602-one-cut-finish-poliravimo-pasta-1.jpg","width":1188,"height":1188},{"@type":"BreadcrumbList","@id":"https:\/\/detailspot.lt\/en\/produktas\/koch-chemie-p6-01-one-cut-finish-polishing-paste\/#breadcrumb","itemListElement":[{"@type":"ListItem","position":1,"name":"Home","item":"https:\/\/detailspot.lt\/en\/"},{"@type":"ListItem","position":2,"name":"Shop","item":"https:\/\/detailspot.lt\/en\/parduotuve\/"},{"@type":"ListItem","position":3,"name":"Koch Chemie P6.01 One Cut &amp; Finish Polishing paste"}]},{"@type":"WebSite","@id":"https:\/\/detailspot.lt\/#website","url":"https:\/\/detailspot.lt\/","name":"Detail Spot","description":"Automobili\u0173 prie\u017ei\u016bros priemon\u0117s","publisher":{"@id":"https:\/\/detailspot.lt\/#organization"},"potentialAction":[{"@type":"SearchAction","target":{"@type":"EntryPoint","urlTemplate":"https:\/\/detailspot.lt\/?s={search_term_string}"},"query-input":{"@type":"PropertyValueSpecification","valueRequired":true,"valueName":"search_term_string"}}],"inLanguage":"en-US"},{"@type":"Organization","@id":"https:\/\/detailspot.lt\/#organization","name":"Detail Spot","url":"https:\/\/detailspot.lt\/","logo":{"@type":"ImageObject","inLanguage":"en-US","@id":"https:\/\/detailspot.lt\/#\/schema\/logo\/image\/","url":"https:\/\/detailspot.lt\/wp-content\/uploads\/2022\/10\/logo-original.svg","contentUrl":"https:\/\/detailspot.lt\/wp-content\/uploads\/2022\/10\/logo-original.svg","width":1,"height":1,"caption":"Detail Spot"},"image":{"@id":"https:\/\/detailspot.lt\/#\/schema\/logo\/image\/"},"sameAs":["https:\/\/www.facebook.com\/profile.php?id=100039208338156"]}]}},"_links":{"self":[{"href":"https:\/\/detailspot.lt\/en\/wp-json\/wp\/v2\/product\/6423","targetHints":{"allow":["GET"]}}],"collection":[{"href":"https:\/\/detailspot.lt\/en\/wp-json\/wp\/v2\/product"}],"about":[{"href":"https:\/\/detailspot.lt\/en\/wp-json\/wp\/v2\/types\/product"}],"replies":[{"embeddable":true,"href":"https:\/\/detailspot.lt\/en\/wp-json\/wp\/v2\/comments?post=6423"}],"wp:featuredmedia":[{"embeddable":true,"href":"https:\/\/detailspot.lt\/en\/wp-json\/wp\/v2\/media\/9311"}],"wp:attachment":[{"href":"https:\/\/detailspot.lt\/en\/wp-json\/wp\/v2\/media?parent=6423"}],"wp:term":[{"taxonomy":"product_brand","embeddable":true,"href":"https:\/\/detailspot.lt\/en\/wp-json\/wp\/v2\/product_brand?post=6423"},{"taxonomy":"product_cat","embeddable":true,"href":"https:\/\/detailspot.lt\/en\/wp-json\/wp\/v2\/product_cat?post=6423"},{"taxonomy":"product_tag","embeddable":true,"href":"https:\/\/detailspot.lt\/en\/wp-json\/wp\/v2\/product_tag?post=6423"}],"curies":[{"name":"wp","href":"https:\/\/api.w.org\/{rel}","templated":true}]}}