{"id":6422,"date":"2023-03-01T20:10:47","date_gmt":"2023-03-01T18:10:47","guid":{"rendered":"https:\/\/detailspot.lt\/produktas\/colourlock-wet-wipes-for-cleaning-leather-surfaces\/"},"modified":"2023-03-01T20:10:47","modified_gmt":"2023-03-01T18:10:47","slug":"colourlock-wet-wipes-for-cleaning-leather-surfaces","status":"publish","type":"product","link":"https:\/\/detailspot.lt\/en\/produktas\/colourlock-wet-wipes-for-cleaning-leather-surfaces\/","title":{"rendered":"Colourlock Wet Wipes for cleaning leather surfaces"},"content":{"rendered":"<h2>Colourlock Wet Wipes for cleaning leather surfaces<\/h2>\n<p>For car interiors, furniture, sofas, couches, bags, etc. etc. suitable for cleaning up spillages or dirt. The ideal solution for everyday care of leather surfaces<\/p>\n<p>5 pieces per pack. wipes<\/p>\n<p>&nbsp;<\/p>\n<p>&nbsp;<\/p>\n<p style=\"text-align: center;\"><img loading=\"lazy\" decoding=\"async\" class=\"alignnone size-medium wp-image-2901\" src=\"https:\/\/detailspot.lt\/wp-content\/uploads\/2022\/12\/colourlock-726177-300x147.webp\" alt=\"\" width=\"300\" height=\"147\" srcset=\"https:\/\/detailspot.lt\/wp-content\/uploads\/2022\/12\/colourlock-726177-300x147.webp 300w, https:\/\/detailspot.lt\/wp-content\/uploads\/2022\/12\/colourlock-726177-768x376.webp 768w, https:\/\/detailspot.lt\/wp-content\/uploads\/2022\/12\/colourlock-726177-600x294.webp 600w, https:\/\/detailspot.lt\/wp-content\/uploads\/2022\/12\/colourlock-726177-64x31.webp 64w, https:\/\/detailspot.lt\/wp-content\/uploads\/2022\/12\/colourlock-726177.webp 980w\" sizes=\"auto, (max-width: 300px) 100vw, 300px\" \/><\/p>\n","protected":false},"excerpt":{"rendered":"<p>Colourlock Wet Wipes for cleaning leather surfaces For car interiors, furniture, sofas, couches, bags, etc. etc. suitable for cleaning up spillages or dirt. The ideal solution for everyday care of leather surfaces 5 pieces per pack. wipes &nbsp; &nbsp;<\/p>\n","protected":false},"featured_media":4530,"comment_status":"closed","ping_status":"closed","template":"","meta":[],"product_brand":[],"product_cat":[165,167],"product_tag":[],"class_list":{"0":"post-6422","1":"product","2":"type-product","3":"status-publish","4":"has-post-thumbnail","6":"product_cat-interior","7":"product_cat-skin-care","8":"description-off","10":"first","11":"instock","12":"taxable","13":"shipping-taxable","14":"purchasable","15":"product-type-simple"},"yoast_head":"<!-- This site is optimized with the Yoast SEO plugin v27.2 - https:\/\/yoast.com\/product\/yoast-seo-wordpress\/ -->\n<title>Colourlock Wet Wipes for cleaning leather surfaces - Detail Spot<\/title>\n<meta name=\"description\" content=\"Colourlock Wet Wipes for cleaning leather surfaces For car interiors, furniture, sofas, couches, bags, etc. etc.\" \/>\n<meta name=\"robots\" content=\"index, follow, max-snippet:-1, max-image-preview:large, max-video-preview:-1\" \/>\n<link rel=\"canonical\" href=\"https:\/\/detailspot.lt\/en\/produktas\/colourlock-wet-wipes-for-cleaning-leather-surfaces\/\" \/>\n<meta property=\"og:locale\" content=\"en_US\" \/>\n<meta property=\"og:type\" content=\"article\" \/>\n<meta property=\"og:title\" content=\"Colourlock Wet Wipes for cleaning leather surfaces - Detail Spot\" \/>\n<meta property=\"og:description\" content=\"Colourlock Wet Wipes for cleaning leather surfaces For car interiors, furniture, sofas, couches, bags, etc. etc.\" \/>\n<meta property=\"og:url\" content=\"https:\/\/detailspot.lt\/en\/produktas\/colourlock-wet-wipes-for-cleaning-leather-surfaces\/\" \/>\n<meta property=\"og:site_name\" content=\"Detail Spot\" \/>\n<meta property=\"article:publisher\" content=\"https:\/\/www.facebook.com\/profile.php?id=100039208338156\" \/>\n<meta property=\"og:image\" content=\"https:\/\/detailspot.lt\/wp-content\/uploads\/2023\/03\/1026x974_product_media_1001-2000_COLOURLOCK_ZESTAW_CHUSTECZEK.webp\" \/>\n\t<meta property=\"og:image:width\" content=\"1026\" \/>\n\t<meta property=\"og:image:height\" content=\"974\" \/>\n\t<meta property=\"og:image:type\" content=\"image\/webp\" \/>\n<meta name=\"twitter:card\" content=\"summary_large_image\" \/>\n<script type=\"application\/ld+json\" class=\"yoast-schema-graph\">{\"@context\":\"https:\/\/schema.org\",\"@graph\":[{\"@type\":\"WebPage\",\"@id\":\"https:\/\/detailspot.lt\/en\/produktas\/colourlock-wet-wipes-for-cleaning-leather-surfaces\/\",\"url\":\"https:\/\/detailspot.lt\/en\/produktas\/colourlock-wet-wipes-for-cleaning-leather-surfaces\/\",\"name\":\"Colourlock Wet Wipes for cleaning leather surfaces - Detail Spot\",\"isPartOf\":{\"@id\":\"https:\/\/detailspot.lt\/#website\"},\"primaryImageOfPage\":{\"@id\":\"https:\/\/detailspot.lt\/en\/produktas\/colourlock-wet-wipes-for-cleaning-leather-surfaces\/#primaryimage\"},\"image\":{\"@id\":\"https:\/\/detailspot.lt\/en\/produktas\/colourlock-wet-wipes-for-cleaning-leather-surfaces\/#primaryimage\"},\"thumbnailUrl\":\"https:\/\/detailspot.lt\/wp-content\/uploads\/2023\/03\/1026x974_product_media_1001-2000_COLOURLOCK_ZESTAW_CHUSTECZEK.webp\",\"datePublished\":\"2023-03-01T18:10:47+00:00\",\"description\":\"Colourlock Wet Wipes for cleaning leather surfaces For car interiors, furniture, sofas, couches, bags, etc. etc.\",\"breadcrumb\":{\"@id\":\"https:\/\/detailspot.lt\/en\/produktas\/colourlock-wet-wipes-for-cleaning-leather-surfaces\/#breadcrumb\"},\"inLanguage\":\"en-US\",\"potentialAction\":[{\"@type\":\"ReadAction\",\"target\":[\"https:\/\/detailspot.lt\/en\/produktas\/colourlock-wet-wipes-for-cleaning-leather-surfaces\/\"]}]},{\"@type\":\"ImageObject\",\"inLanguage\":\"en-US\",\"@id\":\"https:\/\/detailspot.lt\/en\/produktas\/colourlock-wet-wipes-for-cleaning-leather-surfaces\/#primaryimage\",\"url\":\"https:\/\/detailspot.lt\/wp-content\/uploads\/2023\/03\/1026x974_product_media_1001-2000_COLOURLOCK_ZESTAW_CHUSTECZEK.webp\",\"contentUrl\":\"https:\/\/detailspot.lt\/wp-content\/uploads\/2023\/03\/1026x974_product_media_1001-2000_COLOURLOCK_ZESTAW_CHUSTECZEK.webp\",\"width\":1026,\"height\":974},{\"@type\":\"BreadcrumbList\",\"@id\":\"https:\/\/detailspot.lt\/en\/produktas\/colourlock-wet-wipes-for-cleaning-leather-surfaces\/#breadcrumb\",\"itemListElement\":[{\"@type\":\"ListItem\",\"position\":1,\"name\":\"Home\",\"item\":\"https:\/\/detailspot.lt\/en\/\"},{\"@type\":\"ListItem\",\"position\":2,\"name\":\"Shop\",\"item\":\"https:\/\/detailspot.lt\/en\/parduotuve\/\"},{\"@type\":\"ListItem\",\"position\":3,\"name\":\"Colourlock Wet Wipes for cleaning leather surfaces\"}]},{\"@type\":\"WebSite\",\"@id\":\"https:\/\/detailspot.lt\/#website\",\"url\":\"https:\/\/detailspot.lt\/\",\"name\":\"Detail Spot\",\"description\":\"Automobili\u0173 prie\u017ei\u016bros priemon\u0117s\",\"publisher\":{\"@id\":\"https:\/\/detailspot.lt\/#organization\"},\"potentialAction\":[{\"@type\":\"SearchAction\",\"target\":{\"@type\":\"EntryPoint\",\"urlTemplate\":\"https:\/\/detailspot.lt\/?s={search_term_string}\"},\"query-input\":{\"@type\":\"PropertyValueSpecification\",\"valueRequired\":true,\"valueName\":\"search_term_string\"}}],\"inLanguage\":\"en-US\"},{\"@type\":\"Organization\",\"@id\":\"https:\/\/detailspot.lt\/#organization\",\"name\":\"Detail Spot\",\"url\":\"https:\/\/detailspot.lt\/\",\"logo\":{\"@type\":\"ImageObject\",\"inLanguage\":\"en-US\",\"@id\":\"https:\/\/detailspot.lt\/#\/schema\/logo\/image\/\",\"url\":\"https:\/\/detailspot.lt\/wp-content\/uploads\/2022\/10\/logo-original.svg\",\"contentUrl\":\"https:\/\/detailspot.lt\/wp-content\/uploads\/2022\/10\/logo-original.svg\",\"width\":1,\"height\":1,\"caption\":\"Detail Spot\"},\"image\":{\"@id\":\"https:\/\/detailspot.lt\/#\/schema\/logo\/image\/\"},\"sameAs\":[\"https:\/\/www.facebook.com\/profile.php?id=100039208338156\"]}]}<\/script>\n<!-- \/ Yoast SEO plugin. -->","yoast_head_json":{"title":"Colourlock Wet Wipes for cleaning leather surfaces - Detail Spot","description":"Colourlock Wet Wipes for cleaning leather surfaces For car interiors, furniture, sofas, couches, bags, etc. etc.","robots":{"index":"index","follow":"follow","max-snippet":"max-snippet:-1","max-image-preview":"max-image-preview:large","max-video-preview":"max-video-preview:-1"},"canonical":"https:\/\/detailspot.lt\/en\/produktas\/colourlock-wet-wipes-for-cleaning-leather-surfaces\/","og_locale":"en_US","og_type":"article","og_title":"Colourlock Wet Wipes for cleaning leather surfaces - Detail Spot","og_description":"Colourlock Wet Wipes for cleaning leather surfaces For car interiors, furniture, sofas, couches, bags, etc. etc.","og_url":"https:\/\/detailspot.lt\/en\/produktas\/colourlock-wet-wipes-for-cleaning-leather-surfaces\/","og_site_name":"Detail Spot","article_publisher":"https:\/\/www.facebook.com\/profile.php?id=100039208338156","og_image":[{"width":1026,"height":974,"url":"https:\/\/detailspot.lt\/wp-content\/uploads\/2023\/03\/1026x974_product_media_1001-2000_COLOURLOCK_ZESTAW_CHUSTECZEK.webp","type":"image\/webp"}],"twitter_card":"summary_large_image","schema":{"@context":"https:\/\/schema.org","@graph":[{"@type":"WebPage","@id":"https:\/\/detailspot.lt\/en\/produktas\/colourlock-wet-wipes-for-cleaning-leather-surfaces\/","url":"https:\/\/detailspot.lt\/en\/produktas\/colourlock-wet-wipes-for-cleaning-leather-surfaces\/","name":"Colourlock Wet Wipes for cleaning leather surfaces - Detail Spot","isPartOf":{"@id":"https:\/\/detailspot.lt\/#website"},"primaryImageOfPage":{"@id":"https:\/\/detailspot.lt\/en\/produktas\/colourlock-wet-wipes-for-cleaning-leather-surfaces\/#primaryimage"},"image":{"@id":"https:\/\/detailspot.lt\/en\/produktas\/colourlock-wet-wipes-for-cleaning-leather-surfaces\/#primaryimage"},"thumbnailUrl":"https:\/\/detailspot.lt\/wp-content\/uploads\/2023\/03\/1026x974_product_media_1001-2000_COLOURLOCK_ZESTAW_CHUSTECZEK.webp","datePublished":"2023-03-01T18:10:47+00:00","description":"Colourlock Wet Wipes for cleaning leather surfaces For car interiors, furniture, sofas, couches, bags, etc. etc.","breadcrumb":{"@id":"https:\/\/detailspot.lt\/en\/produktas\/colourlock-wet-wipes-for-cleaning-leather-surfaces\/#breadcrumb"},"inLanguage":"en-US","potentialAction":[{"@type":"ReadAction","target":["https:\/\/detailspot.lt\/en\/produktas\/colourlock-wet-wipes-for-cleaning-leather-surfaces\/"]}]},{"@type":"ImageObject","inLanguage":"en-US","@id":"https:\/\/detailspot.lt\/en\/produktas\/colourlock-wet-wipes-for-cleaning-leather-surfaces\/#primaryimage","url":"https:\/\/detailspot.lt\/wp-content\/uploads\/2023\/03\/1026x974_product_media_1001-2000_COLOURLOCK_ZESTAW_CHUSTECZEK.webp","contentUrl":"https:\/\/detailspot.lt\/wp-content\/uploads\/2023\/03\/1026x974_product_media_1001-2000_COLOURLOCK_ZESTAW_CHUSTECZEK.webp","width":1026,"height":974},{"@type":"BreadcrumbList","@id":"https:\/\/detailspot.lt\/en\/produktas\/colourlock-wet-wipes-for-cleaning-leather-surfaces\/#breadcrumb","itemListElement":[{"@type":"ListItem","position":1,"name":"Home","item":"https:\/\/detailspot.lt\/en\/"},{"@type":"ListItem","position":2,"name":"Shop","item":"https:\/\/detailspot.lt\/en\/parduotuve\/"},{"@type":"ListItem","position":3,"name":"Colourlock Wet Wipes for cleaning leather surfaces"}]},{"@type":"WebSite","@id":"https:\/\/detailspot.lt\/#website","url":"https:\/\/detailspot.lt\/","name":"Detail Spot","description":"Automobili\u0173 prie\u017ei\u016bros priemon\u0117s","publisher":{"@id":"https:\/\/detailspot.lt\/#organization"},"potentialAction":[{"@type":"SearchAction","target":{"@type":"EntryPoint","urlTemplate":"https:\/\/detailspot.lt\/?s={search_term_string}"},"query-input":{"@type":"PropertyValueSpecification","valueRequired":true,"valueName":"search_term_string"}}],"inLanguage":"en-US"},{"@type":"Organization","@id":"https:\/\/detailspot.lt\/#organization","name":"Detail Spot","url":"https:\/\/detailspot.lt\/","logo":{"@type":"ImageObject","inLanguage":"en-US","@id":"https:\/\/detailspot.lt\/#\/schema\/logo\/image\/","url":"https:\/\/detailspot.lt\/wp-content\/uploads\/2022\/10\/logo-original.svg","contentUrl":"https:\/\/detailspot.lt\/wp-content\/uploads\/2022\/10\/logo-original.svg","width":1,"height":1,"caption":"Detail Spot"},"image":{"@id":"https:\/\/detailspot.lt\/#\/schema\/logo\/image\/"},"sameAs":["https:\/\/www.facebook.com\/profile.php?id=100039208338156"]}]}},"_links":{"self":[{"href":"https:\/\/detailspot.lt\/en\/wp-json\/wp\/v2\/product\/6422","targetHints":{"allow":["GET"]}}],"collection":[{"href":"https:\/\/detailspot.lt\/en\/wp-json\/wp\/v2\/product"}],"about":[{"href":"https:\/\/detailspot.lt\/en\/wp-json\/wp\/v2\/types\/product"}],"replies":[{"embeddable":true,"href":"https:\/\/detailspot.lt\/en\/wp-json\/wp\/v2\/comments?post=6422"}],"wp:featuredmedia":[{"embeddable":true,"href":"https:\/\/detailspot.lt\/en\/wp-json\/wp\/v2\/media\/4530"}],"wp:attachment":[{"href":"https:\/\/detailspot.lt\/en\/wp-json\/wp\/v2\/media?parent=6422"}],"wp:term":[{"taxonomy":"product_brand","embeddable":true,"href":"https:\/\/detailspot.lt\/en\/wp-json\/wp\/v2\/product_brand?post=6422"},{"taxonomy":"product_cat","embeddable":true,"href":"https:\/\/detailspot.lt\/en\/wp-json\/wp\/v2\/product_cat?post=6422"},{"taxonomy":"product_tag","embeddable":true,"href":"https:\/\/detailspot.lt\/en\/wp-json\/wp\/v2\/product_tag?post=6422"}],"curies":[{"name":"wp","href":"https:\/\/api.w.org\/{rel}","templated":true}]}}