{"id":6421,"date":"2023-03-01T20:21:34","date_gmt":"2023-03-01T18:21:34","guid":{"rendered":"https:\/\/detailspot.lt\/produktas\/carpro-clay-set-3x100g-2\/"},"modified":"2023-03-01T20:21:34","modified_gmt":"2023-03-01T18:21:34","slug":"carpro-clay-set-3x100g-2","status":"publish","type":"product","link":"https:\/\/detailspot.lt\/en\/produktas\/carpro-clay-set-3x100g-2\/","title":{"rendered":"CarPro Clay Set 3x100g"},"content":{"rendered":"<div class=\"product-column clear product-top-name\">\n<h1 class=\"product-header page-header\">CarPro Clay Set<\/h1>\n<div class=\"product-kit-list\"><\/div>\n<p>This three-piece clay pack is a fantastic choice. The kit consists of ultra-fine, fine and medium-grade surface-cleaning clays. The package consists of three pieces of clay of different hardnesses packed in individual boxes.<\/p>\n<p>Only cleaning clay will remove one hundred percent of the dirt from the bodywork, preparing it for further polishing or waxing work.<\/p>\n<p>Use in combination with <a href=\"https:\/\/detailspot.lt\/produktas\/carpro-immolube-lubrikantas\/\">CarPro Immolube<\/a><\/p>\n<p>&nbsp;<\/p>\n<p><strong>Specifications:<\/strong><\/p>\n<ol>\n<li>White &#8211; very fine 100 g.<\/li>\n<li>Green &#8211; mild 100 g.<\/li>\n<li>Yellow &#8211; moderate 100 g.<\/li>\n<\/ol>\n<\/div>\n<p>&nbsp;<\/p>\n<p style=\"text-align: center;\"><img loading=\"lazy\" decoding=\"async\" class=\"alignnone size-medium wp-image-1094\" src=\"https:\/\/detailspot.lt\/wp-content\/uploads\/2022\/11\/Carpro_Logo-e1669668109412-300x62.png\" alt=\"\" width=\"300\" height=\"62\" srcset=\"https:\/\/detailspot.lt\/wp-content\/uploads\/2022\/11\/Carpro_Logo-e1669668109412-300x62.png 300w, https:\/\/detailspot.lt\/wp-content\/uploads\/2022\/11\/Carpro_Logo-e1669668109412-768x160.png 768w, https:\/\/detailspot.lt\/wp-content\/uploads\/2022\/11\/Carpro_Logo-e1669668109412-600x125.png 600w, https:\/\/detailspot.lt\/wp-content\/uploads\/2022\/11\/Carpro_Logo-e1669668109412-64x13.png 64w, https:\/\/detailspot.lt\/wp-content\/uploads\/2022\/11\/Carpro_Logo-e1669668109412.png 1000w\" sizes=\"auto, (max-width: 300px) 100vw, 300px\" \/><\/p>\n<div class=\"product-column clear product-top-name\">\n<p>&nbsp;<\/p>\n<\/div>\n<div class=\"product-column left\">\n<div class=\"product-gallery\">\n<div id=\"ProductGallery\" class=\"carousel row\" data-interval=\"false\">\n<div class=\"carousel-box \">\n<h1 class=\"carousel-inner\"><\/h1>\n<\/div>\n<\/div>\n<\/div>\n<\/div>\n","protected":false},"excerpt":{"rendered":"<p>CarPro Clay Set This three-piece clay pack is a fantastic choice. The kit consists of ultra-fine, fine and medium-grade surface-cleaning clays. The package consists of three pieces of clay of different hardnesses packed in individual boxes. Only cleaning clay will remove one hundred percent of the dirt from the bodywork, preparing it for further polishing&hellip;<\/p>\n","protected":false},"featured_media":4533,"comment_status":"closed","ping_status":"closed","template":"","meta":[],"product_brand":[],"product_cat":[160,162],"product_tag":[],"class_list":{"0":"post-6421","1":"product","2":"type-product","3":"status-publish","4":"has-post-thumbnail","6":"product_cat-exterior","7":"product_cat-surface-preparation","8":"description-off","10":"first","11":"instock","12":"taxable","13":"shipping-taxable","14":"purchasable","15":"product-type-simple"},"yoast_head":"<!-- This site is optimized with the Yoast SEO plugin v27.2 - https:\/\/yoast.com\/product\/yoast-seo-wordpress\/ -->\n<title>CarPro Clay Set 3x100g - Detail Spot<\/title>\n<meta name=\"description\" content=\"CarPro Clay Set 3x100g The package consists of three pieces of clay of different hardnesses packed in individual boxes. Designed to remove 100% of dirt.\" \/>\n<meta name=\"robots\" content=\"index, follow, max-snippet:-1, max-image-preview:large, max-video-preview:-1\" \/>\n<link rel=\"canonical\" href=\"https:\/\/detailspot.lt\/en\/produktas\/carpro-clay-set-3x100g-2\/\" \/>\n<meta property=\"og:locale\" content=\"en_US\" \/>\n<meta property=\"og:type\" content=\"article\" \/>\n<meta property=\"og:title\" content=\"CarPro Clay Set 3x100g - Detail Spot\" \/>\n<meta property=\"og:description\" content=\"CarPro Clay Set 3x100g The package consists of three pieces of clay of different hardnesses packed in individual boxes. Designed to remove 100% of dirt.\" \/>\n<meta property=\"og:url\" content=\"https:\/\/detailspot.lt\/en\/produktas\/carpro-clay-set-3x100g-2\/\" \/>\n<meta property=\"og:site_name\" content=\"Detail Spot\" \/>\n<meta property=\"article:publisher\" content=\"https:\/\/www.facebook.com\/profile.php?id=100039208338156\" \/>\n<meta property=\"og:image\" content=\"https:\/\/detailspot.lt\/wp-content\/uploads\/2023\/03\/CarPro_Clay_Set-600x410-1.png\" \/>\n\t<meta property=\"og:image:width\" content=\"600\" \/>\n\t<meta property=\"og:image:height\" content=\"410\" \/>\n\t<meta property=\"og:image:type\" content=\"image\/png\" \/>\n<meta name=\"twitter:card\" content=\"summary_large_image\" \/>\n<script type=\"application\/ld+json\" class=\"yoast-schema-graph\">{\"@context\":\"https:\/\/schema.org\",\"@graph\":[{\"@type\":\"WebPage\",\"@id\":\"https:\/\/detailspot.lt\/en\/produktas\/carpro-clay-set-3x100g-2\/\",\"url\":\"https:\/\/detailspot.lt\/en\/produktas\/carpro-clay-set-3x100g-2\/\",\"name\":\"CarPro Clay Set 3x100g - Detail Spot\",\"isPartOf\":{\"@id\":\"https:\/\/detailspot.lt\/#website\"},\"primaryImageOfPage\":{\"@id\":\"https:\/\/detailspot.lt\/en\/produktas\/carpro-clay-set-3x100g-2\/#primaryimage\"},\"image\":{\"@id\":\"https:\/\/detailspot.lt\/en\/produktas\/carpro-clay-set-3x100g-2\/#primaryimage\"},\"thumbnailUrl\":\"https:\/\/detailspot.lt\/wp-content\/uploads\/2023\/03\/CarPro_Clay_Set-600x410-1.png\",\"datePublished\":\"2023-03-01T18:21:34+00:00\",\"description\":\"CarPro Clay Set 3x100g The package consists of three pieces of clay of different hardnesses packed in individual boxes. Designed to remove 100% of dirt.\",\"breadcrumb\":{\"@id\":\"https:\/\/detailspot.lt\/en\/produktas\/carpro-clay-set-3x100g-2\/#breadcrumb\"},\"inLanguage\":\"en-US\",\"potentialAction\":[{\"@type\":\"ReadAction\",\"target\":[\"https:\/\/detailspot.lt\/en\/produktas\/carpro-clay-set-3x100g-2\/\"]}]},{\"@type\":\"ImageObject\",\"inLanguage\":\"en-US\",\"@id\":\"https:\/\/detailspot.lt\/en\/produktas\/carpro-clay-set-3x100g-2\/#primaryimage\",\"url\":\"https:\/\/detailspot.lt\/wp-content\/uploads\/2023\/03\/CarPro_Clay_Set-600x410-1.png\",\"contentUrl\":\"https:\/\/detailspot.lt\/wp-content\/uploads\/2023\/03\/CarPro_Clay_Set-600x410-1.png\",\"width\":600,\"height\":410},{\"@type\":\"BreadcrumbList\",\"@id\":\"https:\/\/detailspot.lt\/en\/produktas\/carpro-clay-set-3x100g-2\/#breadcrumb\",\"itemListElement\":[{\"@type\":\"ListItem\",\"position\":1,\"name\":\"Home\",\"item\":\"https:\/\/detailspot.lt\/en\/\"},{\"@type\":\"ListItem\",\"position\":2,\"name\":\"Shop\",\"item\":\"https:\/\/detailspot.lt\/en\/parduotuve\/\"},{\"@type\":\"ListItem\",\"position\":3,\"name\":\"CarPro Clay Set 3x100g\"}]},{\"@type\":\"WebSite\",\"@id\":\"https:\/\/detailspot.lt\/#website\",\"url\":\"https:\/\/detailspot.lt\/\",\"name\":\"Detail Spot\",\"description\":\"Automobili\u0173 prie\u017ei\u016bros priemon\u0117s\",\"publisher\":{\"@id\":\"https:\/\/detailspot.lt\/#organization\"},\"potentialAction\":[{\"@type\":\"SearchAction\",\"target\":{\"@type\":\"EntryPoint\",\"urlTemplate\":\"https:\/\/detailspot.lt\/?s={search_term_string}\"},\"query-input\":{\"@type\":\"PropertyValueSpecification\",\"valueRequired\":true,\"valueName\":\"search_term_string\"}}],\"inLanguage\":\"en-US\"},{\"@type\":\"Organization\",\"@id\":\"https:\/\/detailspot.lt\/#organization\",\"name\":\"Detail Spot\",\"url\":\"https:\/\/detailspot.lt\/\",\"logo\":{\"@type\":\"ImageObject\",\"inLanguage\":\"en-US\",\"@id\":\"https:\/\/detailspot.lt\/#\/schema\/logo\/image\/\",\"url\":\"https:\/\/detailspot.lt\/wp-content\/uploads\/2022\/10\/logo-original.svg\",\"contentUrl\":\"https:\/\/detailspot.lt\/wp-content\/uploads\/2022\/10\/logo-original.svg\",\"width\":1,\"height\":1,\"caption\":\"Detail Spot\"},\"image\":{\"@id\":\"https:\/\/detailspot.lt\/#\/schema\/logo\/image\/\"},\"sameAs\":[\"https:\/\/www.facebook.com\/profile.php?id=100039208338156\"]}]}<\/script>\n<!-- \/ Yoast SEO plugin. -->","yoast_head_json":{"title":"CarPro Clay Set 3x100g - Detail Spot","description":"CarPro Clay Set 3x100g The package consists of three pieces of clay of different hardnesses packed in individual boxes. Designed to remove 100% of dirt.","robots":{"index":"index","follow":"follow","max-snippet":"max-snippet:-1","max-image-preview":"max-image-preview:large","max-video-preview":"max-video-preview:-1"},"canonical":"https:\/\/detailspot.lt\/en\/produktas\/carpro-clay-set-3x100g-2\/","og_locale":"en_US","og_type":"article","og_title":"CarPro Clay Set 3x100g - Detail Spot","og_description":"CarPro Clay Set 3x100g The package consists of three pieces of clay of different hardnesses packed in individual boxes. Designed to remove 100% of dirt.","og_url":"https:\/\/detailspot.lt\/en\/produktas\/carpro-clay-set-3x100g-2\/","og_site_name":"Detail Spot","article_publisher":"https:\/\/www.facebook.com\/profile.php?id=100039208338156","og_image":[{"width":600,"height":410,"url":"https:\/\/detailspot.lt\/wp-content\/uploads\/2023\/03\/CarPro_Clay_Set-600x410-1.png","type":"image\/png"}],"twitter_card":"summary_large_image","schema":{"@context":"https:\/\/schema.org","@graph":[{"@type":"WebPage","@id":"https:\/\/detailspot.lt\/en\/produktas\/carpro-clay-set-3x100g-2\/","url":"https:\/\/detailspot.lt\/en\/produktas\/carpro-clay-set-3x100g-2\/","name":"CarPro Clay Set 3x100g - Detail Spot","isPartOf":{"@id":"https:\/\/detailspot.lt\/#website"},"primaryImageOfPage":{"@id":"https:\/\/detailspot.lt\/en\/produktas\/carpro-clay-set-3x100g-2\/#primaryimage"},"image":{"@id":"https:\/\/detailspot.lt\/en\/produktas\/carpro-clay-set-3x100g-2\/#primaryimage"},"thumbnailUrl":"https:\/\/detailspot.lt\/wp-content\/uploads\/2023\/03\/CarPro_Clay_Set-600x410-1.png","datePublished":"2023-03-01T18:21:34+00:00","description":"CarPro Clay Set 3x100g The package consists of three pieces of clay of different hardnesses packed in individual boxes. Designed to remove 100% of dirt.","breadcrumb":{"@id":"https:\/\/detailspot.lt\/en\/produktas\/carpro-clay-set-3x100g-2\/#breadcrumb"},"inLanguage":"en-US","potentialAction":[{"@type":"ReadAction","target":["https:\/\/detailspot.lt\/en\/produktas\/carpro-clay-set-3x100g-2\/"]}]},{"@type":"ImageObject","inLanguage":"en-US","@id":"https:\/\/detailspot.lt\/en\/produktas\/carpro-clay-set-3x100g-2\/#primaryimage","url":"https:\/\/detailspot.lt\/wp-content\/uploads\/2023\/03\/CarPro_Clay_Set-600x410-1.png","contentUrl":"https:\/\/detailspot.lt\/wp-content\/uploads\/2023\/03\/CarPro_Clay_Set-600x410-1.png","width":600,"height":410},{"@type":"BreadcrumbList","@id":"https:\/\/detailspot.lt\/en\/produktas\/carpro-clay-set-3x100g-2\/#breadcrumb","itemListElement":[{"@type":"ListItem","position":1,"name":"Home","item":"https:\/\/detailspot.lt\/en\/"},{"@type":"ListItem","position":2,"name":"Shop","item":"https:\/\/detailspot.lt\/en\/parduotuve\/"},{"@type":"ListItem","position":3,"name":"CarPro Clay Set 3x100g"}]},{"@type":"WebSite","@id":"https:\/\/detailspot.lt\/#website","url":"https:\/\/detailspot.lt\/","name":"Detail Spot","description":"Automobili\u0173 prie\u017ei\u016bros priemon\u0117s","publisher":{"@id":"https:\/\/detailspot.lt\/#organization"},"potentialAction":[{"@type":"SearchAction","target":{"@type":"EntryPoint","urlTemplate":"https:\/\/detailspot.lt\/?s={search_term_string}"},"query-input":{"@type":"PropertyValueSpecification","valueRequired":true,"valueName":"search_term_string"}}],"inLanguage":"en-US"},{"@type":"Organization","@id":"https:\/\/detailspot.lt\/#organization","name":"Detail Spot","url":"https:\/\/detailspot.lt\/","logo":{"@type":"ImageObject","inLanguage":"en-US","@id":"https:\/\/detailspot.lt\/#\/schema\/logo\/image\/","url":"https:\/\/detailspot.lt\/wp-content\/uploads\/2022\/10\/logo-original.svg","contentUrl":"https:\/\/detailspot.lt\/wp-content\/uploads\/2022\/10\/logo-original.svg","width":1,"height":1,"caption":"Detail Spot"},"image":{"@id":"https:\/\/detailspot.lt\/#\/schema\/logo\/image\/"},"sameAs":["https:\/\/www.facebook.com\/profile.php?id=100039208338156"]}]}},"_links":{"self":[{"href":"https:\/\/detailspot.lt\/en\/wp-json\/wp\/v2\/product\/6421","targetHints":{"allow":["GET"]}}],"collection":[{"href":"https:\/\/detailspot.lt\/en\/wp-json\/wp\/v2\/product"}],"about":[{"href":"https:\/\/detailspot.lt\/en\/wp-json\/wp\/v2\/types\/product"}],"replies":[{"embeddable":true,"href":"https:\/\/detailspot.lt\/en\/wp-json\/wp\/v2\/comments?post=6421"}],"wp:featuredmedia":[{"embeddable":true,"href":"https:\/\/detailspot.lt\/en\/wp-json\/wp\/v2\/media\/4533"}],"wp:attachment":[{"href":"https:\/\/detailspot.lt\/en\/wp-json\/wp\/v2\/media?parent=6421"}],"wp:term":[{"taxonomy":"product_brand","embeddable":true,"href":"https:\/\/detailspot.lt\/en\/wp-json\/wp\/v2\/product_brand?post=6421"},{"taxonomy":"product_cat","embeddable":true,"href":"https:\/\/detailspot.lt\/en\/wp-json\/wp\/v2\/product_cat?post=6421"},{"taxonomy":"product_tag","embeddable":true,"href":"https:\/\/detailspot.lt\/en\/wp-json\/wp\/v2\/product_tag?post=6421"}],"curies":[{"name":"wp","href":"https:\/\/api.w.org\/{rel}","templated":true}]}}