{"id":6420,"date":"2023-03-04T19:33:21","date_gmt":"2023-03-04T17:33:21","guid":{"rendered":"https:\/\/detailspot.lt\/produktas\/monster-shine-glass-touch-2\/"},"modified":"2023-03-04T19:33:21","modified_gmt":"2023-03-04T17:33:21","slug":"monster-shine-glass-touch-2","status":"publish","type":"product","link":"https:\/\/detailspot.lt\/en\/produktas\/monster-shine-glass-touch-2\/","title":{"rendered":"Monster Shine Glass Touch"},"content":{"rendered":"<p><strong>Monster Shine Glass Touch<\/strong> &#8211; is a wipe designed with glass care in mind. It works well even without the use of chemicals. Its texture absorbs moisture perfectly without leaving streaks. It is ideal for polishing glass and mirrors. The great advantage of the Glass Touch wipe is that it dries quickly and is very durable.<\/p>\n<p>&nbsp;<\/p>\n<p>Size: 40 x 40 cm<\/p>\n<p>&nbsp;<\/p>\n<p>&nbsp;<\/p>\n","protected":false},"excerpt":{"rendered":"<p>Monster Shine Glass Touch &#8211; is a wipe designed with glass care in mind. It works well even without the use of chemicals. Its texture absorbs moisture perfectly without leaving streaks. It is ideal for polishing glass and mirrors. The great advantage of the Glass Touch wipe is that it dries quickly and is very&hellip;<\/p>\n","protected":false},"featured_media":4538,"comment_status":"closed","ping_status":"closed","template":"","meta":[],"product_brand":[],"product_cat":[169],"product_tag":[],"class_list":{"0":"post-6420","1":"product","2":"type-product","3":"status-publish","4":"has-post-thumbnail","6":"product_cat-microfibre-cloths","7":"description-off","9":"first","10":"instock","11":"taxable","12":"shipping-taxable","13":"purchasable","14":"product-type-simple"},"yoast_head":"<!-- This site is optimized with the Yoast SEO plugin v27.2 - https:\/\/yoast.com\/product\/yoast-seo-wordpress\/ -->\n<title>Monster Shine Glass Touch - Detail Spot<\/title>\n<meta name=\"description\" content=\"Monster Shine Glass Touch is a wipe designed with glass care in mind. It works well even without the use of chemicals.\" \/>\n<meta name=\"robots\" content=\"index, follow, max-snippet:-1, max-image-preview:large, max-video-preview:-1\" \/>\n<link rel=\"canonical\" href=\"https:\/\/detailspot.lt\/en\/produktas\/monster-shine-glass-touch-2\/\" \/>\n<meta property=\"og:locale\" content=\"en_US\" \/>\n<meta property=\"og:type\" content=\"article\" \/>\n<meta property=\"og:title\" content=\"Monster Shine Glass Touch - Detail Spot\" \/>\n<meta property=\"og:description\" content=\"Monster Shine Glass Touch is a wipe designed with glass care in mind. It works well even without the use of chemicals.\" \/>\n<meta property=\"og:url\" content=\"https:\/\/detailspot.lt\/en\/produktas\/monster-shine-glass-touch-2\/\" \/>\n<meta property=\"og:site_name\" content=\"Detail Spot\" \/>\n<meta property=\"article:publisher\" content=\"https:\/\/www.facebook.com\/profile.php?id=100039208338156\" \/>\n<meta property=\"og:image\" content=\"https:\/\/detailspot.lt\/wp-content\/uploads\/2023\/03\/MonsterShine-glass-touch.webp\" \/>\n\t<meta property=\"og:image:width\" content=\"600\" \/>\n\t<meta property=\"og:image:height\" content=\"487\" \/>\n\t<meta property=\"og:image:type\" content=\"image\/webp\" \/>\n<meta name=\"twitter:card\" content=\"summary_large_image\" \/>\n<script type=\"application\/ld+json\" class=\"yoast-schema-graph\">{\"@context\":\"https:\/\/schema.org\",\"@graph\":[{\"@type\":\"WebPage\",\"@id\":\"https:\/\/detailspot.lt\/en\/produktas\/monster-shine-glass-touch-2\/\",\"url\":\"https:\/\/detailspot.lt\/en\/produktas\/monster-shine-glass-touch-2\/\",\"name\":\"Monster Shine Glass Touch - Detail Spot\",\"isPartOf\":{\"@id\":\"https:\/\/detailspot.lt\/#website\"},\"primaryImageOfPage\":{\"@id\":\"https:\/\/detailspot.lt\/en\/produktas\/monster-shine-glass-touch-2\/#primaryimage\"},\"image\":{\"@id\":\"https:\/\/detailspot.lt\/en\/produktas\/monster-shine-glass-touch-2\/#primaryimage\"},\"thumbnailUrl\":\"https:\/\/detailspot.lt\/wp-content\/uploads\/2023\/03\/MonsterShine-glass-touch.webp\",\"datePublished\":\"2023-03-04T17:33:21+00:00\",\"description\":\"Monster Shine Glass Touch is a wipe designed with glass care in mind. It works well even without the use of chemicals.\",\"breadcrumb\":{\"@id\":\"https:\/\/detailspot.lt\/en\/produktas\/monster-shine-glass-touch-2\/#breadcrumb\"},\"inLanguage\":\"en-US\",\"potentialAction\":[{\"@type\":\"ReadAction\",\"target\":[\"https:\/\/detailspot.lt\/en\/produktas\/monster-shine-glass-touch-2\/\"]}]},{\"@type\":\"ImageObject\",\"inLanguage\":\"en-US\",\"@id\":\"https:\/\/detailspot.lt\/en\/produktas\/monster-shine-glass-touch-2\/#primaryimage\",\"url\":\"https:\/\/detailspot.lt\/wp-content\/uploads\/2023\/03\/MonsterShine-glass-touch.webp\",\"contentUrl\":\"https:\/\/detailspot.lt\/wp-content\/uploads\/2023\/03\/MonsterShine-glass-touch.webp\",\"width\":600,\"height\":487},{\"@type\":\"BreadcrumbList\",\"@id\":\"https:\/\/detailspot.lt\/en\/produktas\/monster-shine-glass-touch-2\/#breadcrumb\",\"itemListElement\":[{\"@type\":\"ListItem\",\"position\":1,\"name\":\"Home\",\"item\":\"https:\/\/detailspot.lt\/en\/\"},{\"@type\":\"ListItem\",\"position\":2,\"name\":\"Shop\",\"item\":\"https:\/\/detailspot.lt\/en\/parduotuve\/\"},{\"@type\":\"ListItem\",\"position\":3,\"name\":\"Monster Shine Glass Touch\"}]},{\"@type\":\"WebSite\",\"@id\":\"https:\/\/detailspot.lt\/#website\",\"url\":\"https:\/\/detailspot.lt\/\",\"name\":\"Detail Spot\",\"description\":\"Automobili\u0173 prie\u017ei\u016bros priemon\u0117s\",\"publisher\":{\"@id\":\"https:\/\/detailspot.lt\/#organization\"},\"potentialAction\":[{\"@type\":\"SearchAction\",\"target\":{\"@type\":\"EntryPoint\",\"urlTemplate\":\"https:\/\/detailspot.lt\/?s={search_term_string}\"},\"query-input\":{\"@type\":\"PropertyValueSpecification\",\"valueRequired\":true,\"valueName\":\"search_term_string\"}}],\"inLanguage\":\"en-US\"},{\"@type\":\"Organization\",\"@id\":\"https:\/\/detailspot.lt\/#organization\",\"name\":\"Detail Spot\",\"url\":\"https:\/\/detailspot.lt\/\",\"logo\":{\"@type\":\"ImageObject\",\"inLanguage\":\"en-US\",\"@id\":\"https:\/\/detailspot.lt\/#\/schema\/logo\/image\/\",\"url\":\"https:\/\/detailspot.lt\/wp-content\/uploads\/2022\/10\/logo-original.svg\",\"contentUrl\":\"https:\/\/detailspot.lt\/wp-content\/uploads\/2022\/10\/logo-original.svg\",\"width\":1,\"height\":1,\"caption\":\"Detail Spot\"},\"image\":{\"@id\":\"https:\/\/detailspot.lt\/#\/schema\/logo\/image\/\"},\"sameAs\":[\"https:\/\/www.facebook.com\/profile.php?id=100039208338156\"]}]}<\/script>\n<!-- \/ Yoast SEO plugin. -->","yoast_head_json":{"title":"Monster Shine Glass Touch - Detail Spot","description":"Monster Shine Glass Touch is a wipe designed with glass care in mind. It works well even without the use of chemicals.","robots":{"index":"index","follow":"follow","max-snippet":"max-snippet:-1","max-image-preview":"max-image-preview:large","max-video-preview":"max-video-preview:-1"},"canonical":"https:\/\/detailspot.lt\/en\/produktas\/monster-shine-glass-touch-2\/","og_locale":"en_US","og_type":"article","og_title":"Monster Shine Glass Touch - Detail Spot","og_description":"Monster Shine Glass Touch is a wipe designed with glass care in mind. It works well even without the use of chemicals.","og_url":"https:\/\/detailspot.lt\/en\/produktas\/monster-shine-glass-touch-2\/","og_site_name":"Detail Spot","article_publisher":"https:\/\/www.facebook.com\/profile.php?id=100039208338156","og_image":[{"width":600,"height":487,"url":"https:\/\/detailspot.lt\/wp-content\/uploads\/2023\/03\/MonsterShine-glass-touch.webp","type":"image\/webp"}],"twitter_card":"summary_large_image","schema":{"@context":"https:\/\/schema.org","@graph":[{"@type":"WebPage","@id":"https:\/\/detailspot.lt\/en\/produktas\/monster-shine-glass-touch-2\/","url":"https:\/\/detailspot.lt\/en\/produktas\/monster-shine-glass-touch-2\/","name":"Monster Shine Glass Touch - Detail Spot","isPartOf":{"@id":"https:\/\/detailspot.lt\/#website"},"primaryImageOfPage":{"@id":"https:\/\/detailspot.lt\/en\/produktas\/monster-shine-glass-touch-2\/#primaryimage"},"image":{"@id":"https:\/\/detailspot.lt\/en\/produktas\/monster-shine-glass-touch-2\/#primaryimage"},"thumbnailUrl":"https:\/\/detailspot.lt\/wp-content\/uploads\/2023\/03\/MonsterShine-glass-touch.webp","datePublished":"2023-03-04T17:33:21+00:00","description":"Monster Shine Glass Touch is a wipe designed with glass care in mind. It works well even without the use of chemicals.","breadcrumb":{"@id":"https:\/\/detailspot.lt\/en\/produktas\/monster-shine-glass-touch-2\/#breadcrumb"},"inLanguage":"en-US","potentialAction":[{"@type":"ReadAction","target":["https:\/\/detailspot.lt\/en\/produktas\/monster-shine-glass-touch-2\/"]}]},{"@type":"ImageObject","inLanguage":"en-US","@id":"https:\/\/detailspot.lt\/en\/produktas\/monster-shine-glass-touch-2\/#primaryimage","url":"https:\/\/detailspot.lt\/wp-content\/uploads\/2023\/03\/MonsterShine-glass-touch.webp","contentUrl":"https:\/\/detailspot.lt\/wp-content\/uploads\/2023\/03\/MonsterShine-glass-touch.webp","width":600,"height":487},{"@type":"BreadcrumbList","@id":"https:\/\/detailspot.lt\/en\/produktas\/monster-shine-glass-touch-2\/#breadcrumb","itemListElement":[{"@type":"ListItem","position":1,"name":"Home","item":"https:\/\/detailspot.lt\/en\/"},{"@type":"ListItem","position":2,"name":"Shop","item":"https:\/\/detailspot.lt\/en\/parduotuve\/"},{"@type":"ListItem","position":3,"name":"Monster Shine Glass Touch"}]},{"@type":"WebSite","@id":"https:\/\/detailspot.lt\/#website","url":"https:\/\/detailspot.lt\/","name":"Detail Spot","description":"Automobili\u0173 prie\u017ei\u016bros priemon\u0117s","publisher":{"@id":"https:\/\/detailspot.lt\/#organization"},"potentialAction":[{"@type":"SearchAction","target":{"@type":"EntryPoint","urlTemplate":"https:\/\/detailspot.lt\/?s={search_term_string}"},"query-input":{"@type":"PropertyValueSpecification","valueRequired":true,"valueName":"search_term_string"}}],"inLanguage":"en-US"},{"@type":"Organization","@id":"https:\/\/detailspot.lt\/#organization","name":"Detail Spot","url":"https:\/\/detailspot.lt\/","logo":{"@type":"ImageObject","inLanguage":"en-US","@id":"https:\/\/detailspot.lt\/#\/schema\/logo\/image\/","url":"https:\/\/detailspot.lt\/wp-content\/uploads\/2022\/10\/logo-original.svg","contentUrl":"https:\/\/detailspot.lt\/wp-content\/uploads\/2022\/10\/logo-original.svg","width":1,"height":1,"caption":"Detail Spot"},"image":{"@id":"https:\/\/detailspot.lt\/#\/schema\/logo\/image\/"},"sameAs":["https:\/\/www.facebook.com\/profile.php?id=100039208338156"]}]}},"_links":{"self":[{"href":"https:\/\/detailspot.lt\/en\/wp-json\/wp\/v2\/product\/6420","targetHints":{"allow":["GET"]}}],"collection":[{"href":"https:\/\/detailspot.lt\/en\/wp-json\/wp\/v2\/product"}],"about":[{"href":"https:\/\/detailspot.lt\/en\/wp-json\/wp\/v2\/types\/product"}],"replies":[{"embeddable":true,"href":"https:\/\/detailspot.lt\/en\/wp-json\/wp\/v2\/comments?post=6420"}],"wp:featuredmedia":[{"embeddable":true,"href":"https:\/\/detailspot.lt\/en\/wp-json\/wp\/v2\/media\/4538"}],"wp:attachment":[{"href":"https:\/\/detailspot.lt\/en\/wp-json\/wp\/v2\/media?parent=6420"}],"wp:term":[{"taxonomy":"product_brand","embeddable":true,"href":"https:\/\/detailspot.lt\/en\/wp-json\/wp\/v2\/product_brand?post=6420"},{"taxonomy":"product_cat","embeddable":true,"href":"https:\/\/detailspot.lt\/en\/wp-json\/wp\/v2\/product_cat?post=6420"},{"taxonomy":"product_tag","embeddable":true,"href":"https:\/\/detailspot.lt\/en\/wp-json\/wp\/v2\/product_tag?post=6420"}],"curies":[{"name":"wp","href":"https:\/\/api.w.org\/{rel}","templated":true}]}}