{"id":6419,"date":"2023-03-05T22:12:42","date_gmt":"2023-03-05T20:12:42","guid":{"rendered":"https:\/\/detailspot.lt\/produktas\/mzb-betepal-air-compressor\/"},"modified":"2023-03-05T22:12:42","modified_gmt":"2023-03-05T20:12:42","slug":"mzb-betepal-air-compressor","status":"publish","type":"product","link":"https:\/\/detailspot.lt\/en\/produktas\/mzb-betepal-air-compressor\/","title":{"rendered":"MZB BETEPAL AIR COMPRESSOR"},"content":{"rendered":"<h1>MZB BETEPAL AIR COMPRESSOR<\/h1>\n<p>A ductless air compressor with silent operation, which is particularly helpful when the compressor is used in the same room as the work. Two cylinders ensure an efficient air supply.<\/p>\n<p><strong>Characteristics:<\/strong><\/p>\n<ol>\n<li>Cylinder \u00d8 63.7mm, 4 cylinders<\/li>\n<li>Collector capacity 50 L<\/li>\n<li>Capacity 420 l\/min (14.83 CFM)<\/li>\n<li>Max pressure 8 bar<\/li>\n<li>Max. Pressure reached in 1.18 min<\/li>\n<li>Electric motor power 2.35 kW \/ 220 V<\/li>\n<li>Speed 2880 rpm<\/li>\n<li>Noise level 83 dB<\/li>\n<li>Weight 39.0 kg<\/li>\n<li>Colour Black<\/li>\n<\/ol>\n<p>&nbsp;<\/p>\n<p>&nbsp;<\/p>\n<p style=\"text-align: center;\"><img loading=\"lazy\" decoding=\"async\" class=\"alignnone wp-image-4541\" src=\"https:\/\/detailspot.lt\/wp-content\/uploads\/2023\/03\/MZB-logo.jpg\" alt=\"\" width=\"173\" height=\"173\" srcset=\"https:\/\/detailspot.lt\/wp-content\/uploads\/2023\/03\/MZB-logo.jpg 294w, https:\/\/detailspot.lt\/wp-content\/uploads\/2023\/03\/MZB-logo-150x150.jpg 150w, https:\/\/detailspot.lt\/wp-content\/uploads\/2023\/03\/MZB-logo-200x200.jpg 200w, https:\/\/detailspot.lt\/wp-content\/uploads\/2023\/03\/MZB-logo-64x64.jpg 64w\" sizes=\"auto, (max-width: 173px) 100vw, 173px\" \/><\/p>\n","protected":false},"excerpt":{"rendered":"<p>MZB BETEPAL AIR COMPRESSOR A ductless air compressor with silent operation, which is particularly helpful when the compressor is used in the same room as the work. Two cylinders ensure an efficient air supply. Characteristics: Cylinder \u00d8 63.7mm, 4 cylinders Collector capacity 50 L Capacity 420 l\/min (14.83 CFM) Max pressure 8 bar Max. Pressure&hellip;<\/p>\n","protected":false},"featured_media":4544,"comment_status":"closed","ping_status":"closed","template":"","meta":[],"product_brand":[],"product_cat":[181,179],"product_tag":[],"class_list":{"0":"post-6419","1":"product","2":"type-product","3":"status-publish","4":"has-post-thumbnail","6":"product_cat-air-compressors","7":"product_cat-tools","8":"description-off","10":"first","11":"instock","12":"sale","13":"taxable","14":"shipping-taxable","15":"purchasable","16":"product-type-simple"},"yoast_head":"<!-- This site is optimized with the Yoast SEO plugin v27.4 - https:\/\/yoast.com\/product\/yoast-seo-wordpress\/ -->\n<title>MZB BETEPAL AIR COMPRESSOR - Detail Spot<\/title>\n<meta name=\"description\" content=\"A ductless air compressor with silent operation, which is particularly helpful when the compressor is used in the same room as the work.\" \/>\n<meta name=\"robots\" content=\"index, follow, max-snippet:-1, max-image-preview:large, max-video-preview:-1\" \/>\n<link rel=\"canonical\" href=\"https:\/\/detailspot.lt\/en\/produktas\/mzb-betepal-air-compressor\/\" \/>\n<meta property=\"og:locale\" content=\"en_US\" \/>\n<meta property=\"og:type\" content=\"article\" \/>\n<meta property=\"og:title\" content=\"MZB BETEPAL AIR COMPRESSOR - Detail Spot\" \/>\n<meta property=\"og:description\" content=\"A ductless air compressor with silent operation, which is particularly helpful when the compressor is used in the same room as the work.\" \/>\n<meta property=\"og:url\" content=\"https:\/\/detailspot.lt\/en\/produktas\/mzb-betepal-air-compressor\/\" \/>\n<meta property=\"og:site_name\" content=\"Detail Spot\" \/>\n<meta property=\"article:publisher\" content=\"https:\/\/www.facebook.com\/profile.php?id=100039208338156\" \/>\n<meta property=\"og:image\" content=\"https:\/\/detailspot.lt\/wp-content\/uploads\/2023\/03\/oro-kompresorius-betepalinis-50l-420l-min-8bar-600x600-1.jpg\" \/>\n\t<meta property=\"og:image:width\" content=\"600\" \/>\n\t<meta property=\"og:image:height\" content=\"600\" \/>\n\t<meta property=\"og:image:type\" content=\"image\/jpeg\" \/>\n<meta name=\"twitter:card\" content=\"summary_large_image\" \/>\n<script type=\"application\/ld+json\" class=\"yoast-schema-graph\">{\"@context\":\"https:\\\/\\\/schema.org\",\"@graph\":[{\"@type\":\"WebPage\",\"@id\":\"https:\\\/\\\/detailspot.lt\\\/en\\\/produktas\\\/mzb-betepal-air-compressor\\\/\",\"url\":\"https:\\\/\\\/detailspot.lt\\\/en\\\/produktas\\\/mzb-betepal-air-compressor\\\/\",\"name\":\"MZB BETEPAL AIR COMPRESSOR - Detail Spot\",\"isPartOf\":{\"@id\":\"https:\\\/\\\/detailspot.lt\\\/#website\"},\"primaryImageOfPage\":{\"@id\":\"https:\\\/\\\/detailspot.lt\\\/en\\\/produktas\\\/mzb-betepal-air-compressor\\\/#primaryimage\"},\"image\":{\"@id\":\"https:\\\/\\\/detailspot.lt\\\/en\\\/produktas\\\/mzb-betepal-air-compressor\\\/#primaryimage\"},\"thumbnailUrl\":\"https:\\\/\\\/detailspot.lt\\\/wp-content\\\/uploads\\\/2023\\\/03\\\/oro-kompresorius-betepalinis-50l-420l-min-8bar-600x600-1.jpg\",\"datePublished\":\"2023-03-05T20:12:42+00:00\",\"description\":\"A ductless air compressor with silent operation, which is particularly helpful when the compressor is used in the same room as the work.\",\"breadcrumb\":{\"@id\":\"https:\\\/\\\/detailspot.lt\\\/en\\\/produktas\\\/mzb-betepal-air-compressor\\\/#breadcrumb\"},\"inLanguage\":\"en-US\",\"potentialAction\":[{\"@type\":\"ReadAction\",\"target\":[\"https:\\\/\\\/detailspot.lt\\\/en\\\/produktas\\\/mzb-betepal-air-compressor\\\/\"]}]},{\"@type\":\"ImageObject\",\"inLanguage\":\"en-US\",\"@id\":\"https:\\\/\\\/detailspot.lt\\\/en\\\/produktas\\\/mzb-betepal-air-compressor\\\/#primaryimage\",\"url\":\"https:\\\/\\\/detailspot.lt\\\/wp-content\\\/uploads\\\/2023\\\/03\\\/oro-kompresorius-betepalinis-50l-420l-min-8bar-600x600-1.jpg\",\"contentUrl\":\"https:\\\/\\\/detailspot.lt\\\/wp-content\\\/uploads\\\/2023\\\/03\\\/oro-kompresorius-betepalinis-50l-420l-min-8bar-600x600-1.jpg\",\"width\":600,\"height\":600},{\"@type\":\"BreadcrumbList\",\"@id\":\"https:\\\/\\\/detailspot.lt\\\/en\\\/produktas\\\/mzb-betepal-air-compressor\\\/#breadcrumb\",\"itemListElement\":[{\"@type\":\"ListItem\",\"position\":1,\"name\":\"Home\",\"item\":\"https:\\\/\\\/detailspot.lt\\\/en\\\/\"},{\"@type\":\"ListItem\",\"position\":2,\"name\":\"Shop\",\"item\":\"https:\\\/\\\/detailspot.lt\\\/en\\\/parduotuve\\\/\"},{\"@type\":\"ListItem\",\"position\":3,\"name\":\"MZB BETEPAL AIR COMPRESSOR\"}]},{\"@type\":\"WebSite\",\"@id\":\"https:\\\/\\\/detailspot.lt\\\/#website\",\"url\":\"https:\\\/\\\/detailspot.lt\\\/\",\"name\":\"Detail Spot\",\"description\":\"Automobili\u0173 prie\u017ei\u016bros priemon\u0117s\",\"publisher\":{\"@id\":\"https:\\\/\\\/detailspot.lt\\\/#organization\"},\"potentialAction\":[{\"@type\":\"SearchAction\",\"target\":{\"@type\":\"EntryPoint\",\"urlTemplate\":\"https:\\\/\\\/detailspot.lt\\\/?s={search_term_string}\"},\"query-input\":{\"@type\":\"PropertyValueSpecification\",\"valueRequired\":true,\"valueName\":\"search_term_string\"}}],\"inLanguage\":\"en-US\"},{\"@type\":\"Organization\",\"@id\":\"https:\\\/\\\/detailspot.lt\\\/#organization\",\"name\":\"Detail Spot\",\"url\":\"https:\\\/\\\/detailspot.lt\\\/\",\"logo\":{\"@type\":\"ImageObject\",\"inLanguage\":\"en-US\",\"@id\":\"https:\\\/\\\/detailspot.lt\\\/#\\\/schema\\\/logo\\\/image\\\/\",\"url\":\"https:\\\/\\\/detailspot.lt\\\/wp-content\\\/uploads\\\/2022\\\/10\\\/logo-original.svg\",\"contentUrl\":\"https:\\\/\\\/detailspot.lt\\\/wp-content\\\/uploads\\\/2022\\\/10\\\/logo-original.svg\",\"width\":1,\"height\":1,\"caption\":\"Detail Spot\"},\"image\":{\"@id\":\"https:\\\/\\\/detailspot.lt\\\/#\\\/schema\\\/logo\\\/image\\\/\"},\"sameAs\":[\"https:\\\/\\\/www.facebook.com\\\/profile.php?id=100039208338156\"]}]}<\/script>\n<!-- \/ Yoast SEO plugin. -->","yoast_head_json":{"title":"MZB BETEPAL AIR COMPRESSOR - Detail Spot","description":"A ductless air compressor with silent operation, which is particularly helpful when the compressor is used in the same room as the work.","robots":{"index":"index","follow":"follow","max-snippet":"max-snippet:-1","max-image-preview":"max-image-preview:large","max-video-preview":"max-video-preview:-1"},"canonical":"https:\/\/detailspot.lt\/en\/produktas\/mzb-betepal-air-compressor\/","og_locale":"en_US","og_type":"article","og_title":"MZB BETEPAL AIR COMPRESSOR - Detail Spot","og_description":"A ductless air compressor with silent operation, which is particularly helpful when the compressor is used in the same room as the work.","og_url":"https:\/\/detailspot.lt\/en\/produktas\/mzb-betepal-air-compressor\/","og_site_name":"Detail Spot","article_publisher":"https:\/\/www.facebook.com\/profile.php?id=100039208338156","og_image":[{"width":600,"height":600,"url":"https:\/\/detailspot.lt\/wp-content\/uploads\/2023\/03\/oro-kompresorius-betepalinis-50l-420l-min-8bar-600x600-1.jpg","type":"image\/jpeg"}],"twitter_card":"summary_large_image","schema":{"@context":"https:\/\/schema.org","@graph":[{"@type":"WebPage","@id":"https:\/\/detailspot.lt\/en\/produktas\/mzb-betepal-air-compressor\/","url":"https:\/\/detailspot.lt\/en\/produktas\/mzb-betepal-air-compressor\/","name":"MZB BETEPAL AIR COMPRESSOR - Detail Spot","isPartOf":{"@id":"https:\/\/detailspot.lt\/#website"},"primaryImageOfPage":{"@id":"https:\/\/detailspot.lt\/en\/produktas\/mzb-betepal-air-compressor\/#primaryimage"},"image":{"@id":"https:\/\/detailspot.lt\/en\/produktas\/mzb-betepal-air-compressor\/#primaryimage"},"thumbnailUrl":"https:\/\/detailspot.lt\/wp-content\/uploads\/2023\/03\/oro-kompresorius-betepalinis-50l-420l-min-8bar-600x600-1.jpg","datePublished":"2023-03-05T20:12:42+00:00","description":"A ductless air compressor with silent operation, which is particularly helpful when the compressor is used in the same room as the work.","breadcrumb":{"@id":"https:\/\/detailspot.lt\/en\/produktas\/mzb-betepal-air-compressor\/#breadcrumb"},"inLanguage":"en-US","potentialAction":[{"@type":"ReadAction","target":["https:\/\/detailspot.lt\/en\/produktas\/mzb-betepal-air-compressor\/"]}]},{"@type":"ImageObject","inLanguage":"en-US","@id":"https:\/\/detailspot.lt\/en\/produktas\/mzb-betepal-air-compressor\/#primaryimage","url":"https:\/\/detailspot.lt\/wp-content\/uploads\/2023\/03\/oro-kompresorius-betepalinis-50l-420l-min-8bar-600x600-1.jpg","contentUrl":"https:\/\/detailspot.lt\/wp-content\/uploads\/2023\/03\/oro-kompresorius-betepalinis-50l-420l-min-8bar-600x600-1.jpg","width":600,"height":600},{"@type":"BreadcrumbList","@id":"https:\/\/detailspot.lt\/en\/produktas\/mzb-betepal-air-compressor\/#breadcrumb","itemListElement":[{"@type":"ListItem","position":1,"name":"Home","item":"https:\/\/detailspot.lt\/en\/"},{"@type":"ListItem","position":2,"name":"Shop","item":"https:\/\/detailspot.lt\/en\/parduotuve\/"},{"@type":"ListItem","position":3,"name":"MZB BETEPAL AIR COMPRESSOR"}]},{"@type":"WebSite","@id":"https:\/\/detailspot.lt\/#website","url":"https:\/\/detailspot.lt\/","name":"Detail Spot","description":"Automobili\u0173 prie\u017ei\u016bros priemon\u0117s","publisher":{"@id":"https:\/\/detailspot.lt\/#organization"},"potentialAction":[{"@type":"SearchAction","target":{"@type":"EntryPoint","urlTemplate":"https:\/\/detailspot.lt\/?s={search_term_string}"},"query-input":{"@type":"PropertyValueSpecification","valueRequired":true,"valueName":"search_term_string"}}],"inLanguage":"en-US"},{"@type":"Organization","@id":"https:\/\/detailspot.lt\/#organization","name":"Detail Spot","url":"https:\/\/detailspot.lt\/","logo":{"@type":"ImageObject","inLanguage":"en-US","@id":"https:\/\/detailspot.lt\/#\/schema\/logo\/image\/","url":"https:\/\/detailspot.lt\/wp-content\/uploads\/2022\/10\/logo-original.svg","contentUrl":"https:\/\/detailspot.lt\/wp-content\/uploads\/2022\/10\/logo-original.svg","width":1,"height":1,"caption":"Detail Spot"},"image":{"@id":"https:\/\/detailspot.lt\/#\/schema\/logo\/image\/"},"sameAs":["https:\/\/www.facebook.com\/profile.php?id=100039208338156"]}]}},"_links":{"self":[{"href":"https:\/\/detailspot.lt\/en\/wp-json\/wp\/v2\/product\/6419","targetHints":{"allow":["GET"]}}],"collection":[{"href":"https:\/\/detailspot.lt\/en\/wp-json\/wp\/v2\/product"}],"about":[{"href":"https:\/\/detailspot.lt\/en\/wp-json\/wp\/v2\/types\/product"}],"replies":[{"embeddable":true,"href":"https:\/\/detailspot.lt\/en\/wp-json\/wp\/v2\/comments?post=6419"}],"wp:featuredmedia":[{"embeddable":true,"href":"https:\/\/detailspot.lt\/en\/wp-json\/wp\/v2\/media\/4544"}],"wp:attachment":[{"href":"https:\/\/detailspot.lt\/en\/wp-json\/wp\/v2\/media?parent=6419"}],"wp:term":[{"taxonomy":"product_brand","embeddable":true,"href":"https:\/\/detailspot.lt\/en\/wp-json\/wp\/v2\/product_brand?post=6419"},{"taxonomy":"product_cat","embeddable":true,"href":"https:\/\/detailspot.lt\/en\/wp-json\/wp\/v2\/product_cat?post=6419"},{"taxonomy":"product_tag","embeddable":true,"href":"https:\/\/detailspot.lt\/en\/wp-json\/wp\/v2\/product_tag?post=6419"}],"curies":[{"name":"wp","href":"https:\/\/api.w.org\/{rel}","templated":true}]}}