{"id":6417,"date":"2023-03-15T07:26:47","date_gmt":"2023-03-15T05:26:47","guid":{"rendered":"https:\/\/detailspot.lt\/produktas\/mzb-air-compressor-90l-840l-min-8bar\/"},"modified":"2023-03-15T07:26:47","modified_gmt":"2023-03-15T05:26:47","slug":"mzb-air-compressor-90l-840l-min-8bar","status":"publish","type":"product","link":"https:\/\/detailspot.lt\/en\/produktas\/mzb-air-compressor-90l-840l-min-8bar\/","title":{"rendered":"MZB AIR COMPRESSOR 90L 840L\/MIN 8BAR"},"content":{"rendered":"<h1>MZB concrete air compressor<\/h1>\n<p>&nbsp;<\/p>\n<p>Cylinder \u00d8 63.7 mm, 8 cylinders<br \/>\nCollector capacity 90 L<br \/>\nCapacity 840 l\/min (29.66 CFM)<br \/>\nMax pressure 8 bar<br \/>\nMax. Pressure achieved in 1.05 min<br \/>\nElectric motor power 4.7 kW \/ 220 V (cable not included)<br \/>\nSpeed 2880 rpm<br \/>\nNoise level 82 dB<br \/>\nWeight 77.0 kg<br \/>\nColour Black<\/p>\n<p>Package dimensions 1255 x 365 x 715 mm &#8211; 80 kg<\/p>\n","protected":false},"excerpt":{"rendered":"<p>MZB concrete air compressor &nbsp; Cylinder \u00d8 63.7 mm, 8 cylinders Collector capacity 90 L Capacity 840 l\/min (29.66 CFM) Max pressure 8 bar Max. Pressure achieved in 1.05 min Electric motor power 4.7 kW \/ 220 V (cable not included) Speed 2880 rpm Noise level 82 dB Weight 77.0 kg Colour Black Package dimensions&hellip;<\/p>\n","protected":false},"featured_media":4567,"comment_status":"closed","ping_status":"closed","template":"","meta":[],"product_brand":[],"product_cat":[181,179],"product_tag":[],"class_list":{"0":"post-6417","1":"product","2":"type-product","3":"status-publish","4":"has-post-thumbnail","6":"product_cat-air-compressors","7":"product_cat-tools","8":"description-off","10":"first","11":"instock","12":"taxable","13":"shipping-taxable","14":"purchasable","15":"product-type-simple"},"yoast_head":"<!-- This site is optimized with the Yoast SEO plugin v27.4 - https:\/\/yoast.com\/product\/yoast-seo-wordpress\/ -->\n<title>MZB AIR COMPRESSOR 90L 840L\/MIN 8BAR<\/title>\n<meta name=\"description\" content=\"The MZB air compressor is a single-phase, oil-free compressor with quieter operation and four cylinders providing sufficient power.\" \/>\n<meta name=\"robots\" content=\"index, follow, max-snippet:-1, max-image-preview:large, max-video-preview:-1\" \/>\n<link rel=\"canonical\" href=\"https:\/\/detailspot.lt\/en\/produktas\/mzb-air-compressor-90l-840l-min-8bar\/\" \/>\n<meta property=\"og:locale\" content=\"en_US\" \/>\n<meta property=\"og:type\" content=\"article\" \/>\n<meta property=\"og:title\" content=\"MZB AIR COMPRESSOR 90L 840L\/MIN 8BAR\" \/>\n<meta property=\"og:description\" content=\"The MZB air compressor is a single-phase, oil-free compressor with quieter operation and four cylinders providing sufficient power.\" \/>\n<meta property=\"og:url\" content=\"https:\/\/detailspot.lt\/en\/produktas\/mzb-air-compressor-90l-840l-min-8bar\/\" \/>\n<meta property=\"og:site_name\" content=\"Detail Spot\" \/>\n<meta property=\"article:publisher\" content=\"https:\/\/www.facebook.com\/profile.php?id=100039208338156\" \/>\n<meta property=\"og:image\" content=\"https:\/\/detailspot.lt\/wp-content\/uploads\/2023\/03\/oro-kompresorius-betepalinis-90l-840lmin-8bar-1.jpg\" \/>\n\t<meta property=\"og:image:width\" content=\"900\" \/>\n\t<meta property=\"og:image:height\" content=\"900\" \/>\n\t<meta property=\"og:image:type\" content=\"image\/jpeg\" \/>\n<meta name=\"twitter:card\" content=\"summary_large_image\" \/>\n<script type=\"application\/ld+json\" class=\"yoast-schema-graph\">{\"@context\":\"https:\\\/\\\/schema.org\",\"@graph\":[{\"@type\":\"WebPage\",\"@id\":\"https:\\\/\\\/detailspot.lt\\\/en\\\/produktas\\\/mzb-air-compressor-90l-840l-min-8bar\\\/\",\"url\":\"https:\\\/\\\/detailspot.lt\\\/en\\\/produktas\\\/mzb-air-compressor-90l-840l-min-8bar\\\/\",\"name\":\"MZB AIR COMPRESSOR 90L 840L\\\/MIN 8BAR\",\"isPartOf\":{\"@id\":\"https:\\\/\\\/detailspot.lt\\\/#website\"},\"primaryImageOfPage\":{\"@id\":\"https:\\\/\\\/detailspot.lt\\\/en\\\/produktas\\\/mzb-air-compressor-90l-840l-min-8bar\\\/#primaryimage\"},\"image\":{\"@id\":\"https:\\\/\\\/detailspot.lt\\\/en\\\/produktas\\\/mzb-air-compressor-90l-840l-min-8bar\\\/#primaryimage\"},\"thumbnailUrl\":\"https:\\\/\\\/detailspot.lt\\\/wp-content\\\/uploads\\\/2023\\\/03\\\/oro-kompresorius-betepalinis-90l-840lmin-8bar-1.jpg\",\"datePublished\":\"2023-03-15T05:26:47+00:00\",\"description\":\"The MZB air compressor is a single-phase, oil-free compressor with quieter operation and four cylinders providing sufficient power.\",\"breadcrumb\":{\"@id\":\"https:\\\/\\\/detailspot.lt\\\/en\\\/produktas\\\/mzb-air-compressor-90l-840l-min-8bar\\\/#breadcrumb\"},\"inLanguage\":\"en-US\",\"potentialAction\":[{\"@type\":\"ReadAction\",\"target\":[\"https:\\\/\\\/detailspot.lt\\\/en\\\/produktas\\\/mzb-air-compressor-90l-840l-min-8bar\\\/\"]}]},{\"@type\":\"ImageObject\",\"inLanguage\":\"en-US\",\"@id\":\"https:\\\/\\\/detailspot.lt\\\/en\\\/produktas\\\/mzb-air-compressor-90l-840l-min-8bar\\\/#primaryimage\",\"url\":\"https:\\\/\\\/detailspot.lt\\\/wp-content\\\/uploads\\\/2023\\\/03\\\/oro-kompresorius-betepalinis-90l-840lmin-8bar-1.jpg\",\"contentUrl\":\"https:\\\/\\\/detailspot.lt\\\/wp-content\\\/uploads\\\/2023\\\/03\\\/oro-kompresorius-betepalinis-90l-840lmin-8bar-1.jpg\",\"width\":900,\"height\":900},{\"@type\":\"BreadcrumbList\",\"@id\":\"https:\\\/\\\/detailspot.lt\\\/en\\\/produktas\\\/mzb-air-compressor-90l-840l-min-8bar\\\/#breadcrumb\",\"itemListElement\":[{\"@type\":\"ListItem\",\"position\":1,\"name\":\"Home\",\"item\":\"https:\\\/\\\/detailspot.lt\\\/en\\\/\"},{\"@type\":\"ListItem\",\"position\":2,\"name\":\"Shop\",\"item\":\"https:\\\/\\\/detailspot.lt\\\/en\\\/parduotuve\\\/\"},{\"@type\":\"ListItem\",\"position\":3,\"name\":\"MZB AIR COMPRESSOR 90L 840L\\\/MIN 8BAR\"}]},{\"@type\":\"WebSite\",\"@id\":\"https:\\\/\\\/detailspot.lt\\\/#website\",\"url\":\"https:\\\/\\\/detailspot.lt\\\/\",\"name\":\"Detail Spot\",\"description\":\"Automobili\u0173 prie\u017ei\u016bros priemon\u0117s\",\"publisher\":{\"@id\":\"https:\\\/\\\/detailspot.lt\\\/#organization\"},\"potentialAction\":[{\"@type\":\"SearchAction\",\"target\":{\"@type\":\"EntryPoint\",\"urlTemplate\":\"https:\\\/\\\/detailspot.lt\\\/?s={search_term_string}\"},\"query-input\":{\"@type\":\"PropertyValueSpecification\",\"valueRequired\":true,\"valueName\":\"search_term_string\"}}],\"inLanguage\":\"en-US\"},{\"@type\":\"Organization\",\"@id\":\"https:\\\/\\\/detailspot.lt\\\/#organization\",\"name\":\"Detail Spot\",\"url\":\"https:\\\/\\\/detailspot.lt\\\/\",\"logo\":{\"@type\":\"ImageObject\",\"inLanguage\":\"en-US\",\"@id\":\"https:\\\/\\\/detailspot.lt\\\/#\\\/schema\\\/logo\\\/image\\\/\",\"url\":\"https:\\\/\\\/detailspot.lt\\\/wp-content\\\/uploads\\\/2022\\\/10\\\/logo-original.svg\",\"contentUrl\":\"https:\\\/\\\/detailspot.lt\\\/wp-content\\\/uploads\\\/2022\\\/10\\\/logo-original.svg\",\"width\":1,\"height\":1,\"caption\":\"Detail Spot\"},\"image\":{\"@id\":\"https:\\\/\\\/detailspot.lt\\\/#\\\/schema\\\/logo\\\/image\\\/\"},\"sameAs\":[\"https:\\\/\\\/www.facebook.com\\\/profile.php?id=100039208338156\"]}]}<\/script>\n<!-- \/ Yoast SEO plugin. -->","yoast_head_json":{"title":"MZB AIR COMPRESSOR 90L 840L\/MIN 8BAR","description":"The MZB air compressor is a single-phase, oil-free compressor with quieter operation and four cylinders providing sufficient power.","robots":{"index":"index","follow":"follow","max-snippet":"max-snippet:-1","max-image-preview":"max-image-preview:large","max-video-preview":"max-video-preview:-1"},"canonical":"https:\/\/detailspot.lt\/en\/produktas\/mzb-air-compressor-90l-840l-min-8bar\/","og_locale":"en_US","og_type":"article","og_title":"MZB AIR COMPRESSOR 90L 840L\/MIN 8BAR","og_description":"The MZB air compressor is a single-phase, oil-free compressor with quieter operation and four cylinders providing sufficient power.","og_url":"https:\/\/detailspot.lt\/en\/produktas\/mzb-air-compressor-90l-840l-min-8bar\/","og_site_name":"Detail Spot","article_publisher":"https:\/\/www.facebook.com\/profile.php?id=100039208338156","og_image":[{"width":900,"height":900,"url":"https:\/\/detailspot.lt\/wp-content\/uploads\/2023\/03\/oro-kompresorius-betepalinis-90l-840lmin-8bar-1.jpg","type":"image\/jpeg"}],"twitter_card":"summary_large_image","schema":{"@context":"https:\/\/schema.org","@graph":[{"@type":"WebPage","@id":"https:\/\/detailspot.lt\/en\/produktas\/mzb-air-compressor-90l-840l-min-8bar\/","url":"https:\/\/detailspot.lt\/en\/produktas\/mzb-air-compressor-90l-840l-min-8bar\/","name":"MZB AIR COMPRESSOR 90L 840L\/MIN 8BAR","isPartOf":{"@id":"https:\/\/detailspot.lt\/#website"},"primaryImageOfPage":{"@id":"https:\/\/detailspot.lt\/en\/produktas\/mzb-air-compressor-90l-840l-min-8bar\/#primaryimage"},"image":{"@id":"https:\/\/detailspot.lt\/en\/produktas\/mzb-air-compressor-90l-840l-min-8bar\/#primaryimage"},"thumbnailUrl":"https:\/\/detailspot.lt\/wp-content\/uploads\/2023\/03\/oro-kompresorius-betepalinis-90l-840lmin-8bar-1.jpg","datePublished":"2023-03-15T05:26:47+00:00","description":"The MZB air compressor is a single-phase, oil-free compressor with quieter operation and four cylinders providing sufficient power.","breadcrumb":{"@id":"https:\/\/detailspot.lt\/en\/produktas\/mzb-air-compressor-90l-840l-min-8bar\/#breadcrumb"},"inLanguage":"en-US","potentialAction":[{"@type":"ReadAction","target":["https:\/\/detailspot.lt\/en\/produktas\/mzb-air-compressor-90l-840l-min-8bar\/"]}]},{"@type":"ImageObject","inLanguage":"en-US","@id":"https:\/\/detailspot.lt\/en\/produktas\/mzb-air-compressor-90l-840l-min-8bar\/#primaryimage","url":"https:\/\/detailspot.lt\/wp-content\/uploads\/2023\/03\/oro-kompresorius-betepalinis-90l-840lmin-8bar-1.jpg","contentUrl":"https:\/\/detailspot.lt\/wp-content\/uploads\/2023\/03\/oro-kompresorius-betepalinis-90l-840lmin-8bar-1.jpg","width":900,"height":900},{"@type":"BreadcrumbList","@id":"https:\/\/detailspot.lt\/en\/produktas\/mzb-air-compressor-90l-840l-min-8bar\/#breadcrumb","itemListElement":[{"@type":"ListItem","position":1,"name":"Home","item":"https:\/\/detailspot.lt\/en\/"},{"@type":"ListItem","position":2,"name":"Shop","item":"https:\/\/detailspot.lt\/en\/parduotuve\/"},{"@type":"ListItem","position":3,"name":"MZB AIR COMPRESSOR 90L 840L\/MIN 8BAR"}]},{"@type":"WebSite","@id":"https:\/\/detailspot.lt\/#website","url":"https:\/\/detailspot.lt\/","name":"Detail Spot","description":"Automobili\u0173 prie\u017ei\u016bros priemon\u0117s","publisher":{"@id":"https:\/\/detailspot.lt\/#organization"},"potentialAction":[{"@type":"SearchAction","target":{"@type":"EntryPoint","urlTemplate":"https:\/\/detailspot.lt\/?s={search_term_string}"},"query-input":{"@type":"PropertyValueSpecification","valueRequired":true,"valueName":"search_term_string"}}],"inLanguage":"en-US"},{"@type":"Organization","@id":"https:\/\/detailspot.lt\/#organization","name":"Detail Spot","url":"https:\/\/detailspot.lt\/","logo":{"@type":"ImageObject","inLanguage":"en-US","@id":"https:\/\/detailspot.lt\/#\/schema\/logo\/image\/","url":"https:\/\/detailspot.lt\/wp-content\/uploads\/2022\/10\/logo-original.svg","contentUrl":"https:\/\/detailspot.lt\/wp-content\/uploads\/2022\/10\/logo-original.svg","width":1,"height":1,"caption":"Detail Spot"},"image":{"@id":"https:\/\/detailspot.lt\/#\/schema\/logo\/image\/"},"sameAs":["https:\/\/www.facebook.com\/profile.php?id=100039208338156"]}]}},"_links":{"self":[{"href":"https:\/\/detailspot.lt\/en\/wp-json\/wp\/v2\/product\/6417","targetHints":{"allow":["GET"]}}],"collection":[{"href":"https:\/\/detailspot.lt\/en\/wp-json\/wp\/v2\/product"}],"about":[{"href":"https:\/\/detailspot.lt\/en\/wp-json\/wp\/v2\/types\/product"}],"replies":[{"embeddable":true,"href":"https:\/\/detailspot.lt\/en\/wp-json\/wp\/v2\/comments?post=6417"}],"wp:featuredmedia":[{"embeddable":true,"href":"https:\/\/detailspot.lt\/en\/wp-json\/wp\/v2\/media\/4567"}],"wp:attachment":[{"href":"https:\/\/detailspot.lt\/en\/wp-json\/wp\/v2\/media?parent=6417"}],"wp:term":[{"taxonomy":"product_brand","embeddable":true,"href":"https:\/\/detailspot.lt\/en\/wp-json\/wp\/v2\/product_brand?post=6417"},{"taxonomy":"product_cat","embeddable":true,"href":"https:\/\/detailspot.lt\/en\/wp-json\/wp\/v2\/product_cat?post=6417"},{"taxonomy":"product_tag","embeddable":true,"href":"https:\/\/detailspot.lt\/en\/wp-json\/wp\/v2\/product_tag?post=6417"}],"curies":[{"name":"wp","href":"https:\/\/api.w.org\/{rel}","templated":true}]}}