{"id":6413,"date":"2023-03-16T19:41:47","date_gmt":"2023-03-16T17:41:47","guid":{"rendered":"https:\/\/detailspot.lt\/produktas\/bilt-hamber-auto-balm-car-wax-250g-2\/"},"modified":"2023-03-16T19:41:47","modified_gmt":"2023-03-16T17:41:47","slug":"bilt-hamber-auto-balm-car-wax-250g-2","status":"publish","type":"product","link":"https:\/\/detailspot.lt\/en\/produktas\/bilt-hamber-auto-balm-car-wax-250g-2\/","title":{"rendered":"Bilt Hamber Auto-Balm car wax 250g"},"content":{"rendered":"<h1 class=\"page-title\">Bilt Hamber Auto-Balm car wax<\/h1>\n<p>auto-balm is a unique product that provides protection and shine to car paint, bodywork, chrome and metal surfaces.<br \/>\nThe result of thousands of hours of development and testing is a blend of synthesised, sophisticated corrosion-inhibiting molecules that bind tightly together to stay active in an ultra-thin, glossy film. auto-balm seals capillary pores in the paint and creates an anti-corrosion barrier against pebbles and other areas of damage to the car&#8217;s paint.<br \/>\nAuto-balm will also protect and add shine to chrome, aluminium and alloys. auto-balm is not an abrasive polish. If the vehicle bodywork is faded or in poor condition, it is recommended to use a polish cleaner before use.<\/p>\n<p><strong>Why buy this product:<\/strong><\/p>\n<p>More protection than any other wax, polish or sealant.<br \/>\nGives an exceptional deep shine.<br \/>\nSuitable for all automotive paints as well as aluminium, alloys and other metals.<br \/>\nFills swirl marks and gives a crystal clear appearance.<br \/>\nNo dust or powder is left behind when polishing.<br \/>\nPrevents the spread of corrosion from stone chipping and damaged paint areas. auto-balm deep shine A protective shine achieved without any chemical build-up.<br \/>\n<strong>auto-balm 250 ml is supplied with one application pad and one large microfibre polishing cloth.<\/strong><\/p>\n<p><strong>Application:<\/strong><\/p>\n<ol>\n<li>Wash the car;<\/li>\n<li>Remove <a href=\"https:\/\/detailspot.lt\/produktas\/carpro-tarx-smalu-ir-kliju-valiklis\/\">road grime<\/a> and <a href=\"https:\/\/detailspot.lt\/produktas\/carpro-ironx-metalo-dulkiu-valiklis\/\">metal dust<\/a> using special cleaners or <a href=\"https:\/\/detailspot.lt\/produktas\/bilt-hamber-automobilinis-molis-medium\/\">cleaning clay.<\/a><\/li>\n<li>Polish the car if necessary;<\/li>\n<li>Degrease the surface using <a href=\"https:\/\/detailspot.lt\/produktas\/carpro-eraser\/\">CarPro Eraser;<\/a><\/li>\n<li>Moisten the applicator;<\/li>\n<li>Apply the wax to the bodywork in a circular motion;<\/li>\n<li>Cover one part at a time.<\/li>\n<\/ol>\n<p><strong>Tips:<\/strong><\/p>\n<ol>\n<li>The applicator must be wet, if water droplets are visible on the surface when applying the wax, the applicator is too wet.<\/li>\n<li>Work only in the shade and on non-heated surfaces<\/li>\n<\/ol>\n","protected":false},"excerpt":{"rendered":"<p>Bilt Hamber Auto-Balm car wax auto-balm is a unique product that provides protection and shine to car paint, bodywork, chrome and metal surfaces. The result of thousands of hours of development and testing is a blend of synthesised, sophisticated corrosion-inhibiting molecules that bind tightly together to stay active in an ultra-thin, glossy film. auto-balm seals&hellip;<\/p>\n","protected":false},"featured_media":4580,"comment_status":"closed","ping_status":"closed","template":"","meta":[],"product_brand":[],"product_cat":[160,178],"product_tag":[],"class_list":{"0":"post-6413","1":"product","2":"type-product","3":"status-publish","4":"has-post-thumbnail","6":"product_cat-exterior","7":"product_cat-waxes-and-conservatives","8":"description-off","10":"first","11":"instock","12":"taxable","13":"shipping-taxable","14":"purchasable","15":"product-type-simple"},"yoast_head":"<!-- This site is optimized with the Yoast SEO plugin v27.2 - https:\/\/yoast.com\/product\/yoast-seo-wordpress\/ -->\n<title>Bilt Hamber Auto-Balm car wax 250g - Detail Spot<\/title>\n<meta name=\"description\" content=\"is a unique product that provides protection and shine to car paint, bodywork, chrome and metal surfaces.\" \/>\n<meta name=\"robots\" content=\"index, follow, max-snippet:-1, max-image-preview:large, max-video-preview:-1\" \/>\n<link rel=\"canonical\" href=\"https:\/\/detailspot.lt\/en\/produktas\/bilt-hamber-auto-balm-car-wax-250g-2\/\" \/>\n<meta property=\"og:locale\" content=\"en_US\" \/>\n<meta property=\"og:type\" content=\"article\" \/>\n<meta property=\"og:title\" content=\"Bilt Hamber Auto-Balm car wax 250g - Detail Spot\" \/>\n<meta property=\"og:description\" content=\"is a unique product that provides protection and shine to car paint, bodywork, chrome and metal surfaces.\" \/>\n<meta property=\"og:url\" content=\"https:\/\/detailspot.lt\/en\/produktas\/bilt-hamber-auto-balm-car-wax-250g-2\/\" \/>\n<meta property=\"og:site_name\" content=\"Detail Spot\" \/>\n<meta property=\"article:publisher\" content=\"https:\/\/www.facebook.com\/profile.php?id=100039208338156\" \/>\n<meta property=\"og:image\" content=\"https:\/\/detailspot.lt\/wp-content\/uploads\/2023\/03\/Bilt-Hamber-auto-balm.jpg\" \/>\n\t<meta property=\"og:image:width\" content=\"500\" \/>\n\t<meta property=\"og:image:height\" content=\"500\" \/>\n\t<meta property=\"og:image:type\" content=\"image\/jpeg\" \/>\n<meta name=\"twitter:card\" content=\"summary_large_image\" \/>\n<meta name=\"twitter:label1\" content=\"Est. reading time\" \/>\n\t<meta name=\"twitter:data1\" content=\"1 minute\" \/>\n<script type=\"application\/ld+json\" class=\"yoast-schema-graph\">{\"@context\":\"https:\/\/schema.org\",\"@graph\":[{\"@type\":\"WebPage\",\"@id\":\"https:\/\/detailspot.lt\/en\/produktas\/bilt-hamber-auto-balm-car-wax-250g-2\/\",\"url\":\"https:\/\/detailspot.lt\/en\/produktas\/bilt-hamber-auto-balm-car-wax-250g-2\/\",\"name\":\"Bilt Hamber Auto-Balm car wax 250g - Detail Spot\",\"isPartOf\":{\"@id\":\"https:\/\/detailspot.lt\/#website\"},\"primaryImageOfPage\":{\"@id\":\"https:\/\/detailspot.lt\/en\/produktas\/bilt-hamber-auto-balm-car-wax-250g-2\/#primaryimage\"},\"image\":{\"@id\":\"https:\/\/detailspot.lt\/en\/produktas\/bilt-hamber-auto-balm-car-wax-250g-2\/#primaryimage\"},\"thumbnailUrl\":\"https:\/\/detailspot.lt\/wp-content\/uploads\/2023\/03\/Bilt-Hamber-auto-balm.jpg\",\"datePublished\":\"2023-03-16T17:41:47+00:00\",\"description\":\"is a unique product that provides protection and shine to car paint, bodywork, chrome and metal surfaces.\",\"breadcrumb\":{\"@id\":\"https:\/\/detailspot.lt\/en\/produktas\/bilt-hamber-auto-balm-car-wax-250g-2\/#breadcrumb\"},\"inLanguage\":\"en-US\",\"potentialAction\":[{\"@type\":\"ReadAction\",\"target\":[\"https:\/\/detailspot.lt\/en\/produktas\/bilt-hamber-auto-balm-car-wax-250g-2\/\"]}]},{\"@type\":\"ImageObject\",\"inLanguage\":\"en-US\",\"@id\":\"https:\/\/detailspot.lt\/en\/produktas\/bilt-hamber-auto-balm-car-wax-250g-2\/#primaryimage\",\"url\":\"https:\/\/detailspot.lt\/wp-content\/uploads\/2023\/03\/Bilt-Hamber-auto-balm.jpg\",\"contentUrl\":\"https:\/\/detailspot.lt\/wp-content\/uploads\/2023\/03\/Bilt-Hamber-auto-balm.jpg\",\"width\":500,\"height\":500},{\"@type\":\"BreadcrumbList\",\"@id\":\"https:\/\/detailspot.lt\/en\/produktas\/bilt-hamber-auto-balm-car-wax-250g-2\/#breadcrumb\",\"itemListElement\":[{\"@type\":\"ListItem\",\"position\":1,\"name\":\"Home\",\"item\":\"https:\/\/detailspot.lt\/en\/\"},{\"@type\":\"ListItem\",\"position\":2,\"name\":\"Shop\",\"item\":\"https:\/\/detailspot.lt\/en\/parduotuve\/\"},{\"@type\":\"ListItem\",\"position\":3,\"name\":\"Bilt Hamber Auto-Balm car wax 250g\"}]},{\"@type\":\"WebSite\",\"@id\":\"https:\/\/detailspot.lt\/#website\",\"url\":\"https:\/\/detailspot.lt\/\",\"name\":\"Detail Spot\",\"description\":\"Automobili\u0173 prie\u017ei\u016bros priemon\u0117s\",\"publisher\":{\"@id\":\"https:\/\/detailspot.lt\/#organization\"},\"potentialAction\":[{\"@type\":\"SearchAction\",\"target\":{\"@type\":\"EntryPoint\",\"urlTemplate\":\"https:\/\/detailspot.lt\/?s={search_term_string}\"},\"query-input\":{\"@type\":\"PropertyValueSpecification\",\"valueRequired\":true,\"valueName\":\"search_term_string\"}}],\"inLanguage\":\"en-US\"},{\"@type\":\"Organization\",\"@id\":\"https:\/\/detailspot.lt\/#organization\",\"name\":\"Detail Spot\",\"url\":\"https:\/\/detailspot.lt\/\",\"logo\":{\"@type\":\"ImageObject\",\"inLanguage\":\"en-US\",\"@id\":\"https:\/\/detailspot.lt\/#\/schema\/logo\/image\/\",\"url\":\"https:\/\/detailspot.lt\/wp-content\/uploads\/2022\/10\/logo-original.svg\",\"contentUrl\":\"https:\/\/detailspot.lt\/wp-content\/uploads\/2022\/10\/logo-original.svg\",\"width\":1,\"height\":1,\"caption\":\"Detail Spot\"},\"image\":{\"@id\":\"https:\/\/detailspot.lt\/#\/schema\/logo\/image\/\"},\"sameAs\":[\"https:\/\/www.facebook.com\/profile.php?id=100039208338156\"]}]}<\/script>\n<!-- \/ Yoast SEO plugin. -->","yoast_head_json":{"title":"Bilt Hamber Auto-Balm car wax 250g - Detail Spot","description":"is a unique product that provides protection and shine to car paint, bodywork, chrome and metal surfaces.","robots":{"index":"index","follow":"follow","max-snippet":"max-snippet:-1","max-image-preview":"max-image-preview:large","max-video-preview":"max-video-preview:-1"},"canonical":"https:\/\/detailspot.lt\/en\/produktas\/bilt-hamber-auto-balm-car-wax-250g-2\/","og_locale":"en_US","og_type":"article","og_title":"Bilt Hamber Auto-Balm car wax 250g - Detail Spot","og_description":"is a unique product that provides protection and shine to car paint, bodywork, chrome and metal surfaces.","og_url":"https:\/\/detailspot.lt\/en\/produktas\/bilt-hamber-auto-balm-car-wax-250g-2\/","og_site_name":"Detail Spot","article_publisher":"https:\/\/www.facebook.com\/profile.php?id=100039208338156","og_image":[{"width":500,"height":500,"url":"https:\/\/detailspot.lt\/wp-content\/uploads\/2023\/03\/Bilt-Hamber-auto-balm.jpg","type":"image\/jpeg"}],"twitter_card":"summary_large_image","twitter_misc":{"Est. reading time":"1 minute"},"schema":{"@context":"https:\/\/schema.org","@graph":[{"@type":"WebPage","@id":"https:\/\/detailspot.lt\/en\/produktas\/bilt-hamber-auto-balm-car-wax-250g-2\/","url":"https:\/\/detailspot.lt\/en\/produktas\/bilt-hamber-auto-balm-car-wax-250g-2\/","name":"Bilt Hamber Auto-Balm car wax 250g - Detail Spot","isPartOf":{"@id":"https:\/\/detailspot.lt\/#website"},"primaryImageOfPage":{"@id":"https:\/\/detailspot.lt\/en\/produktas\/bilt-hamber-auto-balm-car-wax-250g-2\/#primaryimage"},"image":{"@id":"https:\/\/detailspot.lt\/en\/produktas\/bilt-hamber-auto-balm-car-wax-250g-2\/#primaryimage"},"thumbnailUrl":"https:\/\/detailspot.lt\/wp-content\/uploads\/2023\/03\/Bilt-Hamber-auto-balm.jpg","datePublished":"2023-03-16T17:41:47+00:00","description":"is a unique product that provides protection and shine to car paint, bodywork, chrome and metal surfaces.","breadcrumb":{"@id":"https:\/\/detailspot.lt\/en\/produktas\/bilt-hamber-auto-balm-car-wax-250g-2\/#breadcrumb"},"inLanguage":"en-US","potentialAction":[{"@type":"ReadAction","target":["https:\/\/detailspot.lt\/en\/produktas\/bilt-hamber-auto-balm-car-wax-250g-2\/"]}]},{"@type":"ImageObject","inLanguage":"en-US","@id":"https:\/\/detailspot.lt\/en\/produktas\/bilt-hamber-auto-balm-car-wax-250g-2\/#primaryimage","url":"https:\/\/detailspot.lt\/wp-content\/uploads\/2023\/03\/Bilt-Hamber-auto-balm.jpg","contentUrl":"https:\/\/detailspot.lt\/wp-content\/uploads\/2023\/03\/Bilt-Hamber-auto-balm.jpg","width":500,"height":500},{"@type":"BreadcrumbList","@id":"https:\/\/detailspot.lt\/en\/produktas\/bilt-hamber-auto-balm-car-wax-250g-2\/#breadcrumb","itemListElement":[{"@type":"ListItem","position":1,"name":"Home","item":"https:\/\/detailspot.lt\/en\/"},{"@type":"ListItem","position":2,"name":"Shop","item":"https:\/\/detailspot.lt\/en\/parduotuve\/"},{"@type":"ListItem","position":3,"name":"Bilt Hamber Auto-Balm car wax 250g"}]},{"@type":"WebSite","@id":"https:\/\/detailspot.lt\/#website","url":"https:\/\/detailspot.lt\/","name":"Detail Spot","description":"Automobili\u0173 prie\u017ei\u016bros priemon\u0117s","publisher":{"@id":"https:\/\/detailspot.lt\/#organization"},"potentialAction":[{"@type":"SearchAction","target":{"@type":"EntryPoint","urlTemplate":"https:\/\/detailspot.lt\/?s={search_term_string}"},"query-input":{"@type":"PropertyValueSpecification","valueRequired":true,"valueName":"search_term_string"}}],"inLanguage":"en-US"},{"@type":"Organization","@id":"https:\/\/detailspot.lt\/#organization","name":"Detail Spot","url":"https:\/\/detailspot.lt\/","logo":{"@type":"ImageObject","inLanguage":"en-US","@id":"https:\/\/detailspot.lt\/#\/schema\/logo\/image\/","url":"https:\/\/detailspot.lt\/wp-content\/uploads\/2022\/10\/logo-original.svg","contentUrl":"https:\/\/detailspot.lt\/wp-content\/uploads\/2022\/10\/logo-original.svg","width":1,"height":1,"caption":"Detail Spot"},"image":{"@id":"https:\/\/detailspot.lt\/#\/schema\/logo\/image\/"},"sameAs":["https:\/\/www.facebook.com\/profile.php?id=100039208338156"]}]}},"_links":{"self":[{"href":"https:\/\/detailspot.lt\/en\/wp-json\/wp\/v2\/product\/6413","targetHints":{"allow":["GET"]}}],"collection":[{"href":"https:\/\/detailspot.lt\/en\/wp-json\/wp\/v2\/product"}],"about":[{"href":"https:\/\/detailspot.lt\/en\/wp-json\/wp\/v2\/types\/product"}],"replies":[{"embeddable":true,"href":"https:\/\/detailspot.lt\/en\/wp-json\/wp\/v2\/comments?post=6413"}],"wp:featuredmedia":[{"embeddable":true,"href":"https:\/\/detailspot.lt\/en\/wp-json\/wp\/v2\/media\/4580"}],"wp:attachment":[{"href":"https:\/\/detailspot.lt\/en\/wp-json\/wp\/v2\/media?parent=6413"}],"wp:term":[{"taxonomy":"product_brand","embeddable":true,"href":"https:\/\/detailspot.lt\/en\/wp-json\/wp\/v2\/product_brand?post=6413"},{"taxonomy":"product_cat","embeddable":true,"href":"https:\/\/detailspot.lt\/en\/wp-json\/wp\/v2\/product_cat?post=6413"},{"taxonomy":"product_tag","embeddable":true,"href":"https:\/\/detailspot.lt\/en\/wp-json\/wp\/v2\/product_tag?post=6413"}],"curies":[{"name":"wp","href":"https:\/\/api.w.org\/{rel}","templated":true}]}}