{"id":6411,"date":"2023-03-16T20:08:54","date_gmt":"2023-03-16T18:08:54","guid":{"rendered":"https:\/\/detailspot.lt\/produktas\/bilt-hamber-duoble-speed-wax-250g\/"},"modified":"2023-03-16T20:08:54","modified_gmt":"2023-03-16T18:08:54","slug":"bilt-hamber-duoble-speed-wax-250g","status":"publish","type":"product","link":"https:\/\/detailspot.lt\/en\/produktas\/bilt-hamber-duoble-speed-wax-250g\/","title":{"rendered":"Bilt Hamber Duoble Speed Wax 250g"},"content":{"rendered":"<h1>Bilt Hamber Duoble Speed Wax<\/h1>\n<p>The carnauba wax used gives a deep, rich shine that is highly resistant to water and detergents.<\/p>\n<p><strong>Duoble Speed Wax 250 ml is supplied with one applicator and one microfibre polishing cloth.<\/strong><\/p>\n<p><strong>Application:<\/strong><\/p>\n<ol>\n<li>Wash the car;<\/li>\n<li>Remove <a href=\"https:\/\/detailspot.lt\/produktas\/carpro-tarx-smalu-ir-kliju-valiklis\/\">road grime<\/a> and <a href=\"https:\/\/detailspot.lt\/produktas\/carpro-ironx-metalo-dulkiu-valiklis\/\">metal dust<\/a> using special cleaners or <a href=\"https:\/\/detailspot.lt\/produktas\/bilt-hamber-automobilinis-molis-medium\/\">cleaning clay.<\/a><\/li>\n<li>Polish the car if necessary;<\/li>\n<li>Degrease the surface using <a href=\"https:\/\/detailspot.lt\/produktas\/carpro-eraser\/\">CarPro Eraser;<\/a><\/li>\n<li>Moisten the applicator;<\/li>\n<li>Apply the wax to the bodywork in a circular motion;<\/li>\n<li>Allow the product to dry for 5-10 minutes.<\/li>\n<li>Wipe the wax to a shine with a microfibre cloth<\/li>\n<\/ol>\n<p><strong>Tips:<\/strong><\/p>\n<ol>\n<li>After use, rinse the applicator and the microfibre cloth so you can use them again.<\/li>\n<li>The applicator must be wet, if water droplets are visible on the surface when applying the wax, the applicator is too wet.<\/li>\n<\/ol>\n<p>&nbsp;<\/p>\n","protected":false},"excerpt":{"rendered":"<p>Bilt Hamber Duoble Speed Wax The carnauba wax used gives a deep, rich shine that is highly resistant to water and detergents. Duoble Speed Wax 250 ml is supplied with one applicator and one microfibre polishing cloth. Application: Wash the car; Remove road grime and metal dust using special cleaners or cleaning clay. Polish the&hellip;<\/p>\n","protected":false},"featured_media":4584,"comment_status":"closed","ping_status":"closed","template":"","meta":[],"product_brand":[],"product_cat":[160,178],"product_tag":[],"class_list":{"0":"post-6411","1":"product","2":"type-product","3":"status-publish","4":"has-post-thumbnail","6":"product_cat-exterior","7":"product_cat-waxes-and-conservatives","8":"description-off","10":"first","11":"instock","12":"taxable","13":"shipping-taxable","14":"purchasable","15":"product-type-simple"},"yoast_head":"<!-- This site is optimized with the Yoast SEO plugin v27.3 - https:\/\/yoast.com\/product\/yoast-seo-wordpress\/ -->\n<title>Bilt Hamber Duoble Speed Wax 250g - Detail Spot<\/title>\n<meta name=\"robots\" content=\"index, follow, max-snippet:-1, max-image-preview:large, max-video-preview:-1\" \/>\n<link rel=\"canonical\" href=\"https:\/\/detailspot.lt\/produktas\/bilt-hamber-duoble-speed-wax-250g\/\" \/>\n<meta property=\"og:locale\" content=\"en_US\" \/>\n<meta property=\"og:type\" content=\"article\" \/>\n<meta property=\"og:title\" content=\"Bilt Hamber Duoble Speed Wax 250g - Detail Spot\" \/>\n<meta property=\"og:description\" content=\"Bilt Hamber Duoble Speed Wax The carnauba wax used gives a deep, rich shine that is highly resistant to water and detergents. Duoble Speed Wax 250 ml is supplied with one applicator and one microfibre polishing cloth. Application: Wash the car; Remove road grime and metal dust using special cleaners or cleaning clay. Polish the&hellip;\" \/>\n<meta property=\"og:url\" content=\"https:\/\/detailspot.lt\/produktas\/bilt-hamber-duoble-speed-wax-250g\/\" \/>\n<meta property=\"og:site_name\" content=\"Detail Spot\" \/>\n<meta property=\"article:publisher\" content=\"https:\/\/www.facebook.com\/profile.php?id=100039208338156\" \/>\n<meta property=\"og:image\" content=\"https:\/\/detailspot.lt\/wp-content\/uploads\/2022\/05\/hero2.jpg\" \/>\n\t<meta property=\"og:image:width\" content=\"1920\" \/>\n\t<meta property=\"og:image:height\" content=\"1280\" \/>\n\t<meta property=\"og:image:type\" content=\"image\/jpeg\" \/>\n<meta name=\"twitter:card\" content=\"summary_large_image\" \/>\n<meta name=\"twitter:label1\" content=\"Est. reading time\" \/>\n\t<meta name=\"twitter:data1\" content=\"1 minute\" \/>\n<script type=\"application\/ld+json\" class=\"yoast-schema-graph\">{\"@context\":\"https:\\\/\\\/schema.org\",\"@graph\":[{\"@type\":\"WebPage\",\"@id\":\"https:\\\/\\\/detailspot.lt\\\/produktas\\\/bilt-hamber-duoble-speed-wax-250g\\\/\",\"url\":\"https:\\\/\\\/detailspot.lt\\\/produktas\\\/bilt-hamber-duoble-speed-wax-250g\\\/\",\"name\":\"Bilt Hamber Duoble Speed Wax 250g - Detail Spot\",\"isPartOf\":{\"@id\":\"https:\\\/\\\/detailspot.lt\\\/#website\"},\"primaryImageOfPage\":{\"@id\":\"https:\\\/\\\/detailspot.lt\\\/produktas\\\/bilt-hamber-duoble-speed-wax-250g\\\/#primaryimage\"},\"image\":{\"@id\":\"https:\\\/\\\/detailspot.lt\\\/produktas\\\/bilt-hamber-duoble-speed-wax-250g\\\/#primaryimage\"},\"thumbnailUrl\":\"https:\\\/\\\/detailspot.lt\\\/wp-content\\\/uploads\\\/2023\\\/03\\\/Bilt-Hamber-Duoblee-speed-wax.jpg\",\"datePublished\":\"2023-03-16T18:08:54+00:00\",\"breadcrumb\":{\"@id\":\"https:\\\/\\\/detailspot.lt\\\/produktas\\\/bilt-hamber-duoble-speed-wax-250g\\\/#breadcrumb\"},\"inLanguage\":\"en-US\",\"potentialAction\":[{\"@type\":\"ReadAction\",\"target\":[\"https:\\\/\\\/detailspot.lt\\\/produktas\\\/bilt-hamber-duoble-speed-wax-250g\\\/\"]}]},{\"@type\":\"ImageObject\",\"inLanguage\":\"en-US\",\"@id\":\"https:\\\/\\\/detailspot.lt\\\/produktas\\\/bilt-hamber-duoble-speed-wax-250g\\\/#primaryimage\",\"url\":\"https:\\\/\\\/detailspot.lt\\\/wp-content\\\/uploads\\\/2023\\\/03\\\/Bilt-Hamber-Duoblee-speed-wax.jpg\",\"contentUrl\":\"https:\\\/\\\/detailspot.lt\\\/wp-content\\\/uploads\\\/2023\\\/03\\\/Bilt-Hamber-Duoblee-speed-wax.jpg\",\"width\":500,\"height\":500},{\"@type\":\"BreadcrumbList\",\"@id\":\"https:\\\/\\\/detailspot.lt\\\/produktas\\\/bilt-hamber-duoble-speed-wax-250g\\\/#breadcrumb\",\"itemListElement\":[{\"@type\":\"ListItem\",\"position\":1,\"name\":\"Home\",\"item\":\"https:\\\/\\\/detailspot.lt\\\/en\\\/\"},{\"@type\":\"ListItem\",\"position\":2,\"name\":\"Shop\",\"item\":\"https:\\\/\\\/detailspot.lt\\\/en\\\/parduotuve\\\/\"},{\"@type\":\"ListItem\",\"position\":3,\"name\":\"Bilt Hamber Duoble Speed Wax 250g\"}]},{\"@type\":\"WebSite\",\"@id\":\"https:\\\/\\\/detailspot.lt\\\/#website\",\"url\":\"https:\\\/\\\/detailspot.lt\\\/\",\"name\":\"Detail Spot\",\"description\":\"Automobili\u0173 prie\u017ei\u016bros priemon\u0117s\",\"publisher\":{\"@id\":\"https:\\\/\\\/detailspot.lt\\\/#organization\"},\"potentialAction\":[{\"@type\":\"SearchAction\",\"target\":{\"@type\":\"EntryPoint\",\"urlTemplate\":\"https:\\\/\\\/detailspot.lt\\\/?s={search_term_string}\"},\"query-input\":{\"@type\":\"PropertyValueSpecification\",\"valueRequired\":true,\"valueName\":\"search_term_string\"}}],\"inLanguage\":\"en-US\"},{\"@type\":\"Organization\",\"@id\":\"https:\\\/\\\/detailspot.lt\\\/#organization\",\"name\":\"Detail Spot\",\"url\":\"https:\\\/\\\/detailspot.lt\\\/\",\"logo\":{\"@type\":\"ImageObject\",\"inLanguage\":\"en-US\",\"@id\":\"https:\\\/\\\/detailspot.lt\\\/#\\\/schema\\\/logo\\\/image\\\/\",\"url\":\"https:\\\/\\\/detailspot.lt\\\/wp-content\\\/uploads\\\/2022\\\/10\\\/logo-original.svg\",\"contentUrl\":\"https:\\\/\\\/detailspot.lt\\\/wp-content\\\/uploads\\\/2022\\\/10\\\/logo-original.svg\",\"width\":1,\"height\":1,\"caption\":\"Detail Spot\"},\"image\":{\"@id\":\"https:\\\/\\\/detailspot.lt\\\/#\\\/schema\\\/logo\\\/image\\\/\"},\"sameAs\":[\"https:\\\/\\\/www.facebook.com\\\/profile.php?id=100039208338156\"]}]}<\/script>\n<!-- \/ Yoast SEO plugin. -->","yoast_head_json":{"title":"Bilt Hamber Duoble Speed Wax 250g - Detail Spot","robots":{"index":"index","follow":"follow","max-snippet":"max-snippet:-1","max-image-preview":"max-image-preview:large","max-video-preview":"max-video-preview:-1"},"canonical":"https:\/\/detailspot.lt\/produktas\/bilt-hamber-duoble-speed-wax-250g\/","og_locale":"en_US","og_type":"article","og_title":"Bilt Hamber Duoble Speed Wax 250g - Detail Spot","og_description":"Bilt Hamber Duoble Speed Wax The carnauba wax used gives a deep, rich shine that is highly resistant to water and detergents. Duoble Speed Wax 250 ml is supplied with one applicator and one microfibre polishing cloth. Application: Wash the car; Remove road grime and metal dust using special cleaners or cleaning clay. Polish the&hellip;","og_url":"https:\/\/detailspot.lt\/produktas\/bilt-hamber-duoble-speed-wax-250g\/","og_site_name":"Detail Spot","article_publisher":"https:\/\/www.facebook.com\/profile.php?id=100039208338156","og_image":[{"width":1920,"height":1280,"url":"https:\/\/detailspot.lt\/wp-content\/uploads\/2022\/05\/hero2.jpg","type":"image\/jpeg"}],"twitter_card":"summary_large_image","twitter_misc":{"Est. reading time":"1 minute"},"schema":{"@context":"https:\/\/schema.org","@graph":[{"@type":"WebPage","@id":"https:\/\/detailspot.lt\/produktas\/bilt-hamber-duoble-speed-wax-250g\/","url":"https:\/\/detailspot.lt\/produktas\/bilt-hamber-duoble-speed-wax-250g\/","name":"Bilt Hamber Duoble Speed Wax 250g - Detail Spot","isPartOf":{"@id":"https:\/\/detailspot.lt\/#website"},"primaryImageOfPage":{"@id":"https:\/\/detailspot.lt\/produktas\/bilt-hamber-duoble-speed-wax-250g\/#primaryimage"},"image":{"@id":"https:\/\/detailspot.lt\/produktas\/bilt-hamber-duoble-speed-wax-250g\/#primaryimage"},"thumbnailUrl":"https:\/\/detailspot.lt\/wp-content\/uploads\/2023\/03\/Bilt-Hamber-Duoblee-speed-wax.jpg","datePublished":"2023-03-16T18:08:54+00:00","breadcrumb":{"@id":"https:\/\/detailspot.lt\/produktas\/bilt-hamber-duoble-speed-wax-250g\/#breadcrumb"},"inLanguage":"en-US","potentialAction":[{"@type":"ReadAction","target":["https:\/\/detailspot.lt\/produktas\/bilt-hamber-duoble-speed-wax-250g\/"]}]},{"@type":"ImageObject","inLanguage":"en-US","@id":"https:\/\/detailspot.lt\/produktas\/bilt-hamber-duoble-speed-wax-250g\/#primaryimage","url":"https:\/\/detailspot.lt\/wp-content\/uploads\/2023\/03\/Bilt-Hamber-Duoblee-speed-wax.jpg","contentUrl":"https:\/\/detailspot.lt\/wp-content\/uploads\/2023\/03\/Bilt-Hamber-Duoblee-speed-wax.jpg","width":500,"height":500},{"@type":"BreadcrumbList","@id":"https:\/\/detailspot.lt\/produktas\/bilt-hamber-duoble-speed-wax-250g\/#breadcrumb","itemListElement":[{"@type":"ListItem","position":1,"name":"Home","item":"https:\/\/detailspot.lt\/en\/"},{"@type":"ListItem","position":2,"name":"Shop","item":"https:\/\/detailspot.lt\/en\/parduotuve\/"},{"@type":"ListItem","position":3,"name":"Bilt Hamber Duoble Speed Wax 250g"}]},{"@type":"WebSite","@id":"https:\/\/detailspot.lt\/#website","url":"https:\/\/detailspot.lt\/","name":"Detail Spot","description":"Automobili\u0173 prie\u017ei\u016bros priemon\u0117s","publisher":{"@id":"https:\/\/detailspot.lt\/#organization"},"potentialAction":[{"@type":"SearchAction","target":{"@type":"EntryPoint","urlTemplate":"https:\/\/detailspot.lt\/?s={search_term_string}"},"query-input":{"@type":"PropertyValueSpecification","valueRequired":true,"valueName":"search_term_string"}}],"inLanguage":"en-US"},{"@type":"Organization","@id":"https:\/\/detailspot.lt\/#organization","name":"Detail Spot","url":"https:\/\/detailspot.lt\/","logo":{"@type":"ImageObject","inLanguage":"en-US","@id":"https:\/\/detailspot.lt\/#\/schema\/logo\/image\/","url":"https:\/\/detailspot.lt\/wp-content\/uploads\/2022\/10\/logo-original.svg","contentUrl":"https:\/\/detailspot.lt\/wp-content\/uploads\/2022\/10\/logo-original.svg","width":1,"height":1,"caption":"Detail Spot"},"image":{"@id":"https:\/\/detailspot.lt\/#\/schema\/logo\/image\/"},"sameAs":["https:\/\/www.facebook.com\/profile.php?id=100039208338156"]}]}},"_links":{"self":[{"href":"https:\/\/detailspot.lt\/en\/wp-json\/wp\/v2\/product\/6411","targetHints":{"allow":["GET"]}}],"collection":[{"href":"https:\/\/detailspot.lt\/en\/wp-json\/wp\/v2\/product"}],"about":[{"href":"https:\/\/detailspot.lt\/en\/wp-json\/wp\/v2\/types\/product"}],"replies":[{"embeddable":true,"href":"https:\/\/detailspot.lt\/en\/wp-json\/wp\/v2\/comments?post=6411"}],"wp:featuredmedia":[{"embeddable":true,"href":"https:\/\/detailspot.lt\/en\/wp-json\/wp\/v2\/media\/4584"}],"wp:attachment":[{"href":"https:\/\/detailspot.lt\/en\/wp-json\/wp\/v2\/media?parent=6411"}],"wp:term":[{"taxonomy":"product_brand","embeddable":true,"href":"https:\/\/detailspot.lt\/en\/wp-json\/wp\/v2\/product_brand?post=6411"},{"taxonomy":"product_cat","embeddable":true,"href":"https:\/\/detailspot.lt\/en\/wp-json\/wp\/v2\/product_cat?post=6411"},{"taxonomy":"product_tag","embeddable":true,"href":"https:\/\/detailspot.lt\/en\/wp-json\/wp\/v2\/product_tag?post=6411"}],"curies":[{"name":"wp","href":"https:\/\/api.w.org\/{rel}","templated":true}]}}