{"id":6410,"date":"2023-03-16T21:12:43","date_gmt":"2023-03-16T19:12:43","guid":{"rendered":"https:\/\/detailspot.lt\/produktas\/bilt-hamber-finis-wax-50g-2\/"},"modified":"2023-03-16T21:12:43","modified_gmt":"2023-03-16T19:12:43","slug":"bilt-hamber-finis-wax-50g-2","status":"publish","type":"product","link":"https:\/\/detailspot.lt\/en\/produktas\/bilt-hamber-finis-wax-50g-2\/","title":{"rendered":"Bilt Hamber Finis Wax 50g"},"content":{"rendered":"<h1>Bilt Hamber Finis Wax<\/h1>\n<p>is a premium paste wax for the final stage of detailing. High-quality T1 carnauba wax is the base for this formula, giving a deep, rich shine.<\/p>\n<p>&#8220;Finis-wax outperforms other much more expensive carnauba waxes. In lower quality waxes, many oils are used to plasticize the wax film, irreversibly reducing the properties of the waxes in the formula. Easy to use and gives a wet surface effect.<\/p>\n<p><strong>Duoble Speed Wax 50ml is supplied with one application pad but without the microfibre polishing cloth.<\/strong><\/p>\n<p><strong>Application:<\/strong><\/p>\n<ol>\n<li>Wash the car;<\/li>\n<li>Remove <a href=\"https:\/\/detailspot.lt\/produktas\/carpro-tarx-smalu-ir-kliju-valiklis\/\">road grime<\/a> and <a href=\"https:\/\/detailspot.lt\/produktas\/carpro-ironx-metalo-dulkiu-valiklis\/\">metal dust<\/a> using special cleaners or <a href=\"https:\/\/detailspot.lt\/produktas\/bilt-hamber-automobilinis-molis-medium\/\">cleaning clay.<\/a><\/li>\n<li>Polish the car if necessary;<\/li>\n<li>Degrease the surface using <a href=\"https:\/\/detailspot.lt\/produktas\/carpro-eraser\/\">CarPro Eraser;<\/a><\/li>\n<li>Apply the wax to the bodywork in a circular motion;<\/li>\n<li>Allow the product to dry for 5-10 minutes.<\/li>\n<li>Wipe the wax to a shine with a microfibre cloth<\/li>\n<\/ol>\n<p><strong>Tips:<\/strong><\/p>\n<ol>\n<li>If there is obvious dust when cleaning wax residue, you are using too much wax<\/li>\n<\/ol>\n<p>&nbsp;<\/p>\n","protected":false},"excerpt":{"rendered":"<p>Bilt Hamber Finis Wax is a premium paste wax for the final stage of detailing. High-quality T1 carnauba wax is the base for this formula, giving a deep, rich shine. &#8220;Finis-wax outperforms other much more expensive carnauba waxes. In lower quality waxes, many oils are used to plasticize the wax film, irreversibly reducing the properties&hellip;<\/p>\n","protected":false},"featured_media":4588,"comment_status":"closed","ping_status":"closed","template":"","meta":[],"product_brand":[],"product_cat":[160,178],"product_tag":[],"class_list":{"0":"post-6410","1":"product","2":"type-product","3":"status-publish","4":"has-post-thumbnail","6":"product_cat-exterior","7":"product_cat-waxes-and-conservatives","8":"description-off","10":"first","11":"instock","12":"taxable","13":"shipping-taxable","14":"purchasable","15":"product-type-simple"},"yoast_head":"<!-- This site is optimized with the Yoast SEO plugin v27.2 - https:\/\/yoast.com\/product\/yoast-seo-wordpress\/ -->\n<title>Bilt Hamber Finis Wax 50g - Detail Spot<\/title>\n<meta name=\"description\" content=\"Bilt Hamber Finis Wax 50g The carnauba wax used gives a deep, rich shine that is highly resistant to water and detergents.\" \/>\n<meta name=\"robots\" content=\"index, follow, max-snippet:-1, max-image-preview:large, max-video-preview:-1\" \/>\n<link rel=\"canonical\" href=\"https:\/\/detailspot.lt\/en\/produktas\/bilt-hamber-finis-wax-50g-2\/\" \/>\n<meta property=\"og:locale\" content=\"en_US\" \/>\n<meta property=\"og:type\" content=\"article\" \/>\n<meta property=\"og:title\" content=\"Bilt Hamber Finis Wax 50g - Detail Spot\" \/>\n<meta property=\"og:description\" content=\"Bilt Hamber Finis Wax 50g The carnauba wax used gives a deep, rich shine that is highly resistant to water and detergents.\" \/>\n<meta property=\"og:url\" content=\"https:\/\/detailspot.lt\/en\/produktas\/bilt-hamber-finis-wax-50g-2\/\" \/>\n<meta property=\"og:site_name\" content=\"Detail Spot\" \/>\n<meta property=\"article:publisher\" content=\"https:\/\/www.facebook.com\/profile.php?id=100039208338156\" \/>\n<meta property=\"og:image\" content=\"https:\/\/detailspot.lt\/wp-content\/uploads\/2023\/03\/Bilt-Hamber-Finis-wax.jpg\" \/>\n\t<meta property=\"og:image:width\" content=\"500\" \/>\n\t<meta property=\"og:image:height\" content=\"500\" \/>\n\t<meta property=\"og:image:type\" content=\"image\/jpeg\" \/>\n<meta name=\"twitter:card\" content=\"summary_large_image\" \/>\n<meta name=\"twitter:label1\" content=\"Est. reading time\" \/>\n\t<meta name=\"twitter:data1\" content=\"1 minute\" \/>\n<script type=\"application\/ld+json\" class=\"yoast-schema-graph\">{\"@context\":\"https:\/\/schema.org\",\"@graph\":[{\"@type\":\"WebPage\",\"@id\":\"https:\/\/detailspot.lt\/en\/produktas\/bilt-hamber-finis-wax-50g-2\/\",\"url\":\"https:\/\/detailspot.lt\/en\/produktas\/bilt-hamber-finis-wax-50g-2\/\",\"name\":\"Bilt Hamber Finis Wax 50g - Detail Spot\",\"isPartOf\":{\"@id\":\"https:\/\/detailspot.lt\/#website\"},\"primaryImageOfPage\":{\"@id\":\"https:\/\/detailspot.lt\/en\/produktas\/bilt-hamber-finis-wax-50g-2\/#primaryimage\"},\"image\":{\"@id\":\"https:\/\/detailspot.lt\/en\/produktas\/bilt-hamber-finis-wax-50g-2\/#primaryimage\"},\"thumbnailUrl\":\"https:\/\/detailspot.lt\/wp-content\/uploads\/2023\/03\/Bilt-Hamber-Finis-wax.jpg\",\"datePublished\":\"2023-03-16T19:12:43+00:00\",\"description\":\"Bilt Hamber Finis Wax 50g The carnauba wax used gives a deep, rich shine that is highly resistant to water and detergents.\",\"breadcrumb\":{\"@id\":\"https:\/\/detailspot.lt\/en\/produktas\/bilt-hamber-finis-wax-50g-2\/#breadcrumb\"},\"inLanguage\":\"en-US\",\"potentialAction\":[{\"@type\":\"ReadAction\",\"target\":[\"https:\/\/detailspot.lt\/en\/produktas\/bilt-hamber-finis-wax-50g-2\/\"]}]},{\"@type\":\"ImageObject\",\"inLanguage\":\"en-US\",\"@id\":\"https:\/\/detailspot.lt\/en\/produktas\/bilt-hamber-finis-wax-50g-2\/#primaryimage\",\"url\":\"https:\/\/detailspot.lt\/wp-content\/uploads\/2023\/03\/Bilt-Hamber-Finis-wax.jpg\",\"contentUrl\":\"https:\/\/detailspot.lt\/wp-content\/uploads\/2023\/03\/Bilt-Hamber-Finis-wax.jpg\",\"width\":500,\"height\":500},{\"@type\":\"BreadcrumbList\",\"@id\":\"https:\/\/detailspot.lt\/en\/produktas\/bilt-hamber-finis-wax-50g-2\/#breadcrumb\",\"itemListElement\":[{\"@type\":\"ListItem\",\"position\":1,\"name\":\"Home\",\"item\":\"https:\/\/detailspot.lt\/en\/\"},{\"@type\":\"ListItem\",\"position\":2,\"name\":\"Shop\",\"item\":\"https:\/\/detailspot.lt\/en\/parduotuve\/\"},{\"@type\":\"ListItem\",\"position\":3,\"name\":\"Bilt Hamber Finis Wax 50g\"}]},{\"@type\":\"WebSite\",\"@id\":\"https:\/\/detailspot.lt\/#website\",\"url\":\"https:\/\/detailspot.lt\/\",\"name\":\"Detail Spot\",\"description\":\"Automobili\u0173 prie\u017ei\u016bros priemon\u0117s\",\"publisher\":{\"@id\":\"https:\/\/detailspot.lt\/#organization\"},\"potentialAction\":[{\"@type\":\"SearchAction\",\"target\":{\"@type\":\"EntryPoint\",\"urlTemplate\":\"https:\/\/detailspot.lt\/?s={search_term_string}\"},\"query-input\":{\"@type\":\"PropertyValueSpecification\",\"valueRequired\":true,\"valueName\":\"search_term_string\"}}],\"inLanguage\":\"en-US\"},{\"@type\":\"Organization\",\"@id\":\"https:\/\/detailspot.lt\/#organization\",\"name\":\"Detail Spot\",\"url\":\"https:\/\/detailspot.lt\/\",\"logo\":{\"@type\":\"ImageObject\",\"inLanguage\":\"en-US\",\"@id\":\"https:\/\/detailspot.lt\/#\/schema\/logo\/image\/\",\"url\":\"https:\/\/detailspot.lt\/wp-content\/uploads\/2022\/10\/logo-original.svg\",\"contentUrl\":\"https:\/\/detailspot.lt\/wp-content\/uploads\/2022\/10\/logo-original.svg\",\"width\":1,\"height\":1,\"caption\":\"Detail Spot\"},\"image\":{\"@id\":\"https:\/\/detailspot.lt\/#\/schema\/logo\/image\/\"},\"sameAs\":[\"https:\/\/www.facebook.com\/profile.php?id=100039208338156\"]}]}<\/script>\n<!-- \/ Yoast SEO plugin. -->","yoast_head_json":{"title":"Bilt Hamber Finis Wax 50g - Detail Spot","description":"Bilt Hamber Finis Wax 50g The carnauba wax used gives a deep, rich shine that is highly resistant to water and detergents.","robots":{"index":"index","follow":"follow","max-snippet":"max-snippet:-1","max-image-preview":"max-image-preview:large","max-video-preview":"max-video-preview:-1"},"canonical":"https:\/\/detailspot.lt\/en\/produktas\/bilt-hamber-finis-wax-50g-2\/","og_locale":"en_US","og_type":"article","og_title":"Bilt Hamber Finis Wax 50g - Detail Spot","og_description":"Bilt Hamber Finis Wax 50g The carnauba wax used gives a deep, rich shine that is highly resistant to water and detergents.","og_url":"https:\/\/detailspot.lt\/en\/produktas\/bilt-hamber-finis-wax-50g-2\/","og_site_name":"Detail Spot","article_publisher":"https:\/\/www.facebook.com\/profile.php?id=100039208338156","og_image":[{"width":500,"height":500,"url":"https:\/\/detailspot.lt\/wp-content\/uploads\/2023\/03\/Bilt-Hamber-Finis-wax.jpg","type":"image\/jpeg"}],"twitter_card":"summary_large_image","twitter_misc":{"Est. reading time":"1 minute"},"schema":{"@context":"https:\/\/schema.org","@graph":[{"@type":"WebPage","@id":"https:\/\/detailspot.lt\/en\/produktas\/bilt-hamber-finis-wax-50g-2\/","url":"https:\/\/detailspot.lt\/en\/produktas\/bilt-hamber-finis-wax-50g-2\/","name":"Bilt Hamber Finis Wax 50g - Detail Spot","isPartOf":{"@id":"https:\/\/detailspot.lt\/#website"},"primaryImageOfPage":{"@id":"https:\/\/detailspot.lt\/en\/produktas\/bilt-hamber-finis-wax-50g-2\/#primaryimage"},"image":{"@id":"https:\/\/detailspot.lt\/en\/produktas\/bilt-hamber-finis-wax-50g-2\/#primaryimage"},"thumbnailUrl":"https:\/\/detailspot.lt\/wp-content\/uploads\/2023\/03\/Bilt-Hamber-Finis-wax.jpg","datePublished":"2023-03-16T19:12:43+00:00","description":"Bilt Hamber Finis Wax 50g The carnauba wax used gives a deep, rich shine that is highly resistant to water and detergents.","breadcrumb":{"@id":"https:\/\/detailspot.lt\/en\/produktas\/bilt-hamber-finis-wax-50g-2\/#breadcrumb"},"inLanguage":"en-US","potentialAction":[{"@type":"ReadAction","target":["https:\/\/detailspot.lt\/en\/produktas\/bilt-hamber-finis-wax-50g-2\/"]}]},{"@type":"ImageObject","inLanguage":"en-US","@id":"https:\/\/detailspot.lt\/en\/produktas\/bilt-hamber-finis-wax-50g-2\/#primaryimage","url":"https:\/\/detailspot.lt\/wp-content\/uploads\/2023\/03\/Bilt-Hamber-Finis-wax.jpg","contentUrl":"https:\/\/detailspot.lt\/wp-content\/uploads\/2023\/03\/Bilt-Hamber-Finis-wax.jpg","width":500,"height":500},{"@type":"BreadcrumbList","@id":"https:\/\/detailspot.lt\/en\/produktas\/bilt-hamber-finis-wax-50g-2\/#breadcrumb","itemListElement":[{"@type":"ListItem","position":1,"name":"Home","item":"https:\/\/detailspot.lt\/en\/"},{"@type":"ListItem","position":2,"name":"Shop","item":"https:\/\/detailspot.lt\/en\/parduotuve\/"},{"@type":"ListItem","position":3,"name":"Bilt Hamber Finis Wax 50g"}]},{"@type":"WebSite","@id":"https:\/\/detailspot.lt\/#website","url":"https:\/\/detailspot.lt\/","name":"Detail Spot","description":"Automobili\u0173 prie\u017ei\u016bros priemon\u0117s","publisher":{"@id":"https:\/\/detailspot.lt\/#organization"},"potentialAction":[{"@type":"SearchAction","target":{"@type":"EntryPoint","urlTemplate":"https:\/\/detailspot.lt\/?s={search_term_string}"},"query-input":{"@type":"PropertyValueSpecification","valueRequired":true,"valueName":"search_term_string"}}],"inLanguage":"en-US"},{"@type":"Organization","@id":"https:\/\/detailspot.lt\/#organization","name":"Detail Spot","url":"https:\/\/detailspot.lt\/","logo":{"@type":"ImageObject","inLanguage":"en-US","@id":"https:\/\/detailspot.lt\/#\/schema\/logo\/image\/","url":"https:\/\/detailspot.lt\/wp-content\/uploads\/2022\/10\/logo-original.svg","contentUrl":"https:\/\/detailspot.lt\/wp-content\/uploads\/2022\/10\/logo-original.svg","width":1,"height":1,"caption":"Detail Spot"},"image":{"@id":"https:\/\/detailspot.lt\/#\/schema\/logo\/image\/"},"sameAs":["https:\/\/www.facebook.com\/profile.php?id=100039208338156"]}]}},"_links":{"self":[{"href":"https:\/\/detailspot.lt\/en\/wp-json\/wp\/v2\/product\/6410","targetHints":{"allow":["GET"]}}],"collection":[{"href":"https:\/\/detailspot.lt\/en\/wp-json\/wp\/v2\/product"}],"about":[{"href":"https:\/\/detailspot.lt\/en\/wp-json\/wp\/v2\/types\/product"}],"replies":[{"embeddable":true,"href":"https:\/\/detailspot.lt\/en\/wp-json\/wp\/v2\/comments?post=6410"}],"wp:featuredmedia":[{"embeddable":true,"href":"https:\/\/detailspot.lt\/en\/wp-json\/wp\/v2\/media\/4588"}],"wp:attachment":[{"href":"https:\/\/detailspot.lt\/en\/wp-json\/wp\/v2\/media?parent=6410"}],"wp:term":[{"taxonomy":"product_brand","embeddable":true,"href":"https:\/\/detailspot.lt\/en\/wp-json\/wp\/v2\/product_brand?post=6410"},{"taxonomy":"product_cat","embeddable":true,"href":"https:\/\/detailspot.lt\/en\/wp-json\/wp\/v2\/product_cat?post=6410"},{"taxonomy":"product_tag","embeddable":true,"href":"https:\/\/detailspot.lt\/en\/wp-json\/wp\/v2\/product_tag?post=6410"}],"curies":[{"name":"wp","href":"https:\/\/api.w.org\/{rel}","templated":true}]}}