{"id":6404,"date":"2023-03-21T20:56:27","date_gmt":"2023-03-21T18:56:27","guid":{"rendered":"https:\/\/detailspot.lt\/produktas\/adbl-roller-finish-pad-finishing-pad-suitable-for-use-with-dual-action-polishers\/"},"modified":"2025-06-02T16:10:28","modified_gmt":"2025-06-02T13:10:28","slug":"adbl-roller-finish-pad-finishing-pad-suitable-for-use-with-dual-action-polishers","status":"publish","type":"product","link":"https:\/\/detailspot.lt\/en\/produktas\/adbl-roller-finish-pad-finishing-pad-suitable-for-use-with-dual-action-polishers\/","title":{"rendered":"ADBL Roller Finish Pad Finishing Pad Suitable for use with dual action polishers."},"content":{"rendered":"<h1>ADBL Roller Finish Pad Finishing Pad Suitable for use with dual action polishers.<\/h1>\n<p>Finishing polishing pad Suitable for use with dual action polishers. Effective with all finish polishes.<\/p>\n<p>Suitable for use with all polishing pastes. The highest quality materials and precision manufacturing ensure a high level of productivity, while the velcro fastening diameter allows for a very quick application and removal of the polishing pad.<\/p>\n<p>&nbsp;<\/p>\n<p>&nbsp;<\/p>\n<p style=\"text-align: center;\"><img loading=\"lazy\" decoding=\"async\" class=\"alignnone size-full wp-image-2050\" src=\"https:\/\/detailspot.lt\/wp-content\/uploads\/2022\/12\/ADBL-logo.jpg\" alt=\"\" width=\"300\" height=\"300\" srcset=\"https:\/\/detailspot.lt\/wp-content\/uploads\/2022\/12\/ADBL-logo.jpg 300w, https:\/\/detailspot.lt\/wp-content\/uploads\/2022\/12\/ADBL-logo-150x150.jpg 150w, https:\/\/detailspot.lt\/wp-content\/uploads\/2022\/12\/ADBL-logo-200x200.jpg 200w, https:\/\/detailspot.lt\/wp-content\/uploads\/2022\/12\/ADBL-logo-64x64.jpg 64w\" sizes=\"auto, (max-width: 300px) 100vw, 300px\" \/><\/p>\n","protected":false},"excerpt":{"rendered":"<p>ADBL Roller Finish Pad Finishing Pad Suitable for use with dual action polishers. Finishing polishing pad Suitable for use with dual action polishers. Effective with all finish polishes. Suitable for use with all polishing pastes. The highest quality materials and precision manufacturing ensure a high level of productivity, while the velcro fastening diameter allows for&hellip;<\/p>\n","protected":false},"featured_media":4641,"comment_status":"closed","ping_status":"closed","template":"","meta":[],"product_brand":[],"product_cat":[172,170],"product_tag":[],"class_list":{"0":"post-6404","1":"product","2":"type-product","3":"status-publish","4":"has-post-thumbnail","6":"product_cat-polishing-pads","7":"product_cat-polishing-tools","8":"description-off","10":"first","11":"instock","12":"taxable","13":"shipping-taxable","14":"purchasable","15":"product-type-variable"},"yoast_head":"<!-- This site is optimized with the Yoast SEO plugin v27.3 - https:\/\/yoast.com\/product\/yoast-seo-wordpress\/ -->\n<title>ADBL Roller Finish Pad Finishing Pad Suitable for use with dual action polishers. - Detail Spot<\/title>\n<meta name=\"description\" content=\"ADBL Roller Finish Pad Finishing Pad Suitable for use with dual action polishers.\" \/>\n<meta name=\"robots\" content=\"index, follow, max-snippet:-1, max-image-preview:large, max-video-preview:-1\" \/>\n<link rel=\"canonical\" href=\"https:\/\/detailspot.lt\/en\/produktas\/adbl-roller-finish-pad-finishing-pad-suitable-for-use-with-dual-action-polishers\/\" \/>\n<meta property=\"og:locale\" content=\"en_US\" \/>\n<meta property=\"og:type\" content=\"article\" \/>\n<meta property=\"og:title\" content=\"ADBL Roller Finish Pad Finishing Pad Suitable for use with dual action polishers. - Detail Spot\" \/>\n<meta property=\"og:description\" content=\"ADBL Roller Finish Pad Finishing Pad Suitable for use with dual action polishers.\" \/>\n<meta property=\"og:url\" content=\"https:\/\/detailspot.lt\/en\/produktas\/adbl-roller-finish-pad-finishing-pad-suitable-for-use-with-dual-action-polishers\/\" \/>\n<meta property=\"og:site_name\" content=\"Detail Spot\" \/>\n<meta property=\"article:publisher\" content=\"https:\/\/www.facebook.com\/profile.php?id=100039208338156\" \/>\n<meta property=\"article:modified_time\" content=\"2025-06-02T13:10:28+00:00\" \/>\n<meta property=\"og:image\" content=\"https:\/\/detailspot.lt\/wp-content\/uploads\/2023\/03\/adbl-roller-pad-da-finish-juodas-poliravimo-padas-.jpg\" \/>\n\t<meta property=\"og:image:width\" content=\"1100\" \/>\n\t<meta property=\"og:image:height\" content=\"1422\" \/>\n\t<meta property=\"og:image:type\" content=\"image\/jpeg\" \/>\n<meta name=\"twitter:card\" content=\"summary_large_image\" \/>\n<script type=\"application\/ld+json\" class=\"yoast-schema-graph\">{\"@context\":\"https:\\\/\\\/schema.org\",\"@graph\":[{\"@type\":\"WebPage\",\"@id\":\"https:\\\/\\\/detailspot.lt\\\/en\\\/produktas\\\/adbl-roller-finish-pad-finishing-pad-suitable-for-use-with-dual-action-polishers\\\/\",\"url\":\"https:\\\/\\\/detailspot.lt\\\/en\\\/produktas\\\/adbl-roller-finish-pad-finishing-pad-suitable-for-use-with-dual-action-polishers\\\/\",\"name\":\"ADBL Roller Finish Pad Finishing Pad Suitable for use with dual action polishers. - Detail Spot\",\"isPartOf\":{\"@id\":\"https:\\\/\\\/detailspot.lt\\\/#website\"},\"primaryImageOfPage\":{\"@id\":\"https:\\\/\\\/detailspot.lt\\\/en\\\/produktas\\\/adbl-roller-finish-pad-finishing-pad-suitable-for-use-with-dual-action-polishers\\\/#primaryimage\"},\"image\":{\"@id\":\"https:\\\/\\\/detailspot.lt\\\/en\\\/produktas\\\/adbl-roller-finish-pad-finishing-pad-suitable-for-use-with-dual-action-polishers\\\/#primaryimage\"},\"thumbnailUrl\":\"https:\\\/\\\/detailspot.lt\\\/wp-content\\\/uploads\\\/2023\\\/03\\\/adbl-roller-pad-da-finish-juodas-poliravimo-padas-.jpg\",\"datePublished\":\"2023-03-21T18:56:27+00:00\",\"dateModified\":\"2025-06-02T13:10:28+00:00\",\"description\":\"ADBL Roller Finish Pad Finishing Pad Suitable for use with dual action polishers.\",\"breadcrumb\":{\"@id\":\"https:\\\/\\\/detailspot.lt\\\/en\\\/produktas\\\/adbl-roller-finish-pad-finishing-pad-suitable-for-use-with-dual-action-polishers\\\/#breadcrumb\"},\"inLanguage\":\"en-US\",\"potentialAction\":[{\"@type\":\"ReadAction\",\"target\":[\"https:\\\/\\\/detailspot.lt\\\/en\\\/produktas\\\/adbl-roller-finish-pad-finishing-pad-suitable-for-use-with-dual-action-polishers\\\/\"]}]},{\"@type\":\"ImageObject\",\"inLanguage\":\"en-US\",\"@id\":\"https:\\\/\\\/detailspot.lt\\\/en\\\/produktas\\\/adbl-roller-finish-pad-finishing-pad-suitable-for-use-with-dual-action-polishers\\\/#primaryimage\",\"url\":\"https:\\\/\\\/detailspot.lt\\\/wp-content\\\/uploads\\\/2023\\\/03\\\/adbl-roller-pad-da-finish-juodas-poliravimo-padas-.jpg\",\"contentUrl\":\"https:\\\/\\\/detailspot.lt\\\/wp-content\\\/uploads\\\/2023\\\/03\\\/adbl-roller-pad-da-finish-juodas-poliravimo-padas-.jpg\",\"width\":1100,\"height\":1422},{\"@type\":\"BreadcrumbList\",\"@id\":\"https:\\\/\\\/detailspot.lt\\\/en\\\/produktas\\\/adbl-roller-finish-pad-finishing-pad-suitable-for-use-with-dual-action-polishers\\\/#breadcrumb\",\"itemListElement\":[{\"@type\":\"ListItem\",\"position\":1,\"name\":\"Home\",\"item\":\"https:\\\/\\\/detailspot.lt\\\/en\\\/\"},{\"@type\":\"ListItem\",\"position\":2,\"name\":\"Shop\",\"item\":\"https:\\\/\\\/detailspot.lt\\\/en\\\/parduotuve\\\/\"},{\"@type\":\"ListItem\",\"position\":3,\"name\":\"ADBL Roller Finish Pad Finishing Pad Suitable for use with dual action polishers.\"}]},{\"@type\":\"WebSite\",\"@id\":\"https:\\\/\\\/detailspot.lt\\\/#website\",\"url\":\"https:\\\/\\\/detailspot.lt\\\/\",\"name\":\"Detail Spot\",\"description\":\"Automobili\u0173 prie\u017ei\u016bros priemon\u0117s\",\"publisher\":{\"@id\":\"https:\\\/\\\/detailspot.lt\\\/#organization\"},\"potentialAction\":[{\"@type\":\"SearchAction\",\"target\":{\"@type\":\"EntryPoint\",\"urlTemplate\":\"https:\\\/\\\/detailspot.lt\\\/?s={search_term_string}\"},\"query-input\":{\"@type\":\"PropertyValueSpecification\",\"valueRequired\":true,\"valueName\":\"search_term_string\"}}],\"inLanguage\":\"en-US\"},{\"@type\":\"Organization\",\"@id\":\"https:\\\/\\\/detailspot.lt\\\/#organization\",\"name\":\"Detail Spot\",\"url\":\"https:\\\/\\\/detailspot.lt\\\/\",\"logo\":{\"@type\":\"ImageObject\",\"inLanguage\":\"en-US\",\"@id\":\"https:\\\/\\\/detailspot.lt\\\/#\\\/schema\\\/logo\\\/image\\\/\",\"url\":\"https:\\\/\\\/detailspot.lt\\\/wp-content\\\/uploads\\\/2022\\\/10\\\/logo-original.svg\",\"contentUrl\":\"https:\\\/\\\/detailspot.lt\\\/wp-content\\\/uploads\\\/2022\\\/10\\\/logo-original.svg\",\"width\":1,\"height\":1,\"caption\":\"Detail Spot\"},\"image\":{\"@id\":\"https:\\\/\\\/detailspot.lt\\\/#\\\/schema\\\/logo\\\/image\\\/\"},\"sameAs\":[\"https:\\\/\\\/www.facebook.com\\\/profile.php?id=100039208338156\"]}]}<\/script>\n<!-- \/ Yoast SEO plugin. -->","yoast_head_json":{"title":"ADBL Roller Finish Pad Finishing Pad Suitable for use with dual action polishers. - Detail Spot","description":"ADBL Roller Finish Pad Finishing Pad Suitable for use with dual action polishers.","robots":{"index":"index","follow":"follow","max-snippet":"max-snippet:-1","max-image-preview":"max-image-preview:large","max-video-preview":"max-video-preview:-1"},"canonical":"https:\/\/detailspot.lt\/en\/produktas\/adbl-roller-finish-pad-finishing-pad-suitable-for-use-with-dual-action-polishers\/","og_locale":"en_US","og_type":"article","og_title":"ADBL Roller Finish Pad Finishing Pad Suitable for use with dual action polishers. - Detail Spot","og_description":"ADBL Roller Finish Pad Finishing Pad Suitable for use with dual action polishers.","og_url":"https:\/\/detailspot.lt\/en\/produktas\/adbl-roller-finish-pad-finishing-pad-suitable-for-use-with-dual-action-polishers\/","og_site_name":"Detail Spot","article_publisher":"https:\/\/www.facebook.com\/profile.php?id=100039208338156","article_modified_time":"2025-06-02T13:10:28+00:00","og_image":[{"width":1100,"height":1422,"url":"https:\/\/detailspot.lt\/wp-content\/uploads\/2023\/03\/adbl-roller-pad-da-finish-juodas-poliravimo-padas-.jpg","type":"image\/jpeg"}],"twitter_card":"summary_large_image","schema":{"@context":"https:\/\/schema.org","@graph":[{"@type":"WebPage","@id":"https:\/\/detailspot.lt\/en\/produktas\/adbl-roller-finish-pad-finishing-pad-suitable-for-use-with-dual-action-polishers\/","url":"https:\/\/detailspot.lt\/en\/produktas\/adbl-roller-finish-pad-finishing-pad-suitable-for-use-with-dual-action-polishers\/","name":"ADBL Roller Finish Pad Finishing Pad Suitable for use with dual action polishers. - Detail Spot","isPartOf":{"@id":"https:\/\/detailspot.lt\/#website"},"primaryImageOfPage":{"@id":"https:\/\/detailspot.lt\/en\/produktas\/adbl-roller-finish-pad-finishing-pad-suitable-for-use-with-dual-action-polishers\/#primaryimage"},"image":{"@id":"https:\/\/detailspot.lt\/en\/produktas\/adbl-roller-finish-pad-finishing-pad-suitable-for-use-with-dual-action-polishers\/#primaryimage"},"thumbnailUrl":"https:\/\/detailspot.lt\/wp-content\/uploads\/2023\/03\/adbl-roller-pad-da-finish-juodas-poliravimo-padas-.jpg","datePublished":"2023-03-21T18:56:27+00:00","dateModified":"2025-06-02T13:10:28+00:00","description":"ADBL Roller Finish Pad Finishing Pad Suitable for use with dual action polishers.","breadcrumb":{"@id":"https:\/\/detailspot.lt\/en\/produktas\/adbl-roller-finish-pad-finishing-pad-suitable-for-use-with-dual-action-polishers\/#breadcrumb"},"inLanguage":"en-US","potentialAction":[{"@type":"ReadAction","target":["https:\/\/detailspot.lt\/en\/produktas\/adbl-roller-finish-pad-finishing-pad-suitable-for-use-with-dual-action-polishers\/"]}]},{"@type":"ImageObject","inLanguage":"en-US","@id":"https:\/\/detailspot.lt\/en\/produktas\/adbl-roller-finish-pad-finishing-pad-suitable-for-use-with-dual-action-polishers\/#primaryimage","url":"https:\/\/detailspot.lt\/wp-content\/uploads\/2023\/03\/adbl-roller-pad-da-finish-juodas-poliravimo-padas-.jpg","contentUrl":"https:\/\/detailspot.lt\/wp-content\/uploads\/2023\/03\/adbl-roller-pad-da-finish-juodas-poliravimo-padas-.jpg","width":1100,"height":1422},{"@type":"BreadcrumbList","@id":"https:\/\/detailspot.lt\/en\/produktas\/adbl-roller-finish-pad-finishing-pad-suitable-for-use-with-dual-action-polishers\/#breadcrumb","itemListElement":[{"@type":"ListItem","position":1,"name":"Home","item":"https:\/\/detailspot.lt\/en\/"},{"@type":"ListItem","position":2,"name":"Shop","item":"https:\/\/detailspot.lt\/en\/parduotuve\/"},{"@type":"ListItem","position":3,"name":"ADBL Roller Finish Pad Finishing Pad Suitable for use with dual action polishers."}]},{"@type":"WebSite","@id":"https:\/\/detailspot.lt\/#website","url":"https:\/\/detailspot.lt\/","name":"Detail Spot","description":"Automobili\u0173 prie\u017ei\u016bros priemon\u0117s","publisher":{"@id":"https:\/\/detailspot.lt\/#organization"},"potentialAction":[{"@type":"SearchAction","target":{"@type":"EntryPoint","urlTemplate":"https:\/\/detailspot.lt\/?s={search_term_string}"},"query-input":{"@type":"PropertyValueSpecification","valueRequired":true,"valueName":"search_term_string"}}],"inLanguage":"en-US"},{"@type":"Organization","@id":"https:\/\/detailspot.lt\/#organization","name":"Detail Spot","url":"https:\/\/detailspot.lt\/","logo":{"@type":"ImageObject","inLanguage":"en-US","@id":"https:\/\/detailspot.lt\/#\/schema\/logo\/image\/","url":"https:\/\/detailspot.lt\/wp-content\/uploads\/2022\/10\/logo-original.svg","contentUrl":"https:\/\/detailspot.lt\/wp-content\/uploads\/2022\/10\/logo-original.svg","width":1,"height":1,"caption":"Detail Spot"},"image":{"@id":"https:\/\/detailspot.lt\/#\/schema\/logo\/image\/"},"sameAs":["https:\/\/www.facebook.com\/profile.php?id=100039208338156"]}]}},"_links":{"self":[{"href":"https:\/\/detailspot.lt\/en\/wp-json\/wp\/v2\/product\/6404","targetHints":{"allow":["GET"]}}],"collection":[{"href":"https:\/\/detailspot.lt\/en\/wp-json\/wp\/v2\/product"}],"about":[{"href":"https:\/\/detailspot.lt\/en\/wp-json\/wp\/v2\/types\/product"}],"replies":[{"embeddable":true,"href":"https:\/\/detailspot.lt\/en\/wp-json\/wp\/v2\/comments?post=6404"}],"wp:featuredmedia":[{"embeddable":true,"href":"https:\/\/detailspot.lt\/en\/wp-json\/wp\/v2\/media\/4641"}],"wp:attachment":[{"href":"https:\/\/detailspot.lt\/en\/wp-json\/wp\/v2\/media?parent=6404"}],"wp:term":[{"taxonomy":"product_brand","embeddable":true,"href":"https:\/\/detailspot.lt\/en\/wp-json\/wp\/v2\/product_brand?post=6404"},{"taxonomy":"product_cat","embeddable":true,"href":"https:\/\/detailspot.lt\/en\/wp-json\/wp\/v2\/product_cat?post=6404"},{"taxonomy":"product_tag","embeddable":true,"href":"https:\/\/detailspot.lt\/en\/wp-json\/wp\/v2\/product_tag?post=6404"}],"curies":[{"name":"wp","href":"https:\/\/api.w.org\/{rel}","templated":true}]}}