{"id":6390,"date":"2023-03-30T19:35:52","date_gmt":"2023-03-30T16:35:52","guid":{"rendered":"https:\/\/detailspot.lt\/produktas\/monster-shine-purple-edgeless-microfibre-mop\/"},"modified":"2023-03-30T19:35:52","modified_gmt":"2023-03-30T16:35:52","slug":"monster-shine-purple-edgeless-microfibre-mop","status":"publish","type":"product","link":"https:\/\/detailspot.lt\/en\/produktas\/monster-shine-purple-edgeless-microfibre-mop\/","title":{"rendered":"Monster Shine Purple Edgeless Microfibre Mop"},"content":{"rendered":"<h1>Monster Shine Purple Edgeless Microfibre Mop<\/h1>\n<p>perfect for the final touches on the car body. This cloth removes dust without scratching sensitive parts. Soft-touch microfibre coral wool fabric for the most sensitive car surfaces. The laser-cut design, with no hemmed edges, eliminates the risk of surface scratches caused by hard edges.<\/p>\n<p>Size: 40 x 40 cm<\/p>\n<p>330GSM<\/p>\n<p>&nbsp;<\/p>\n<p style=\"text-align: center;\"><img loading=\"lazy\" decoding=\"async\" class=\"alignnone size-medium wp-image-4685\" src=\"https:\/\/detailspot.lt\/wp-content\/uploads\/2023\/03\/monster-shine-logo-300x110.jpg\" alt=\"\" width=\"300\" height=\"110\" srcset=\"https:\/\/detailspot.lt\/wp-content\/uploads\/2023\/03\/monster-shine-logo-300x110.jpg 300w, https:\/\/detailspot.lt\/wp-content\/uploads\/2023\/03\/monster-shine-logo-64x24.jpg 64w, https:\/\/detailspot.lt\/wp-content\/uploads\/2023\/03\/monster-shine-logo.jpg 370w\" sizes=\"auto, (max-width: 300px) 100vw, 300px\" \/><\/p>\n","protected":false},"excerpt":{"rendered":"<p>Monster Shine Purple Edgeless Microfibre Mop perfect for the final touches on the car body. This cloth removes dust without scratching sensitive parts. Soft-touch microfibre coral wool fabric for the most sensitive car surfaces. The laser-cut design, with no hemmed edges, eliminates the risk of surface scratches caused by hard edges. Size: 40 x 40&hellip;<\/p>\n","protected":false},"featured_media":4708,"comment_status":"closed","ping_status":"closed","template":"","meta":[],"product_brand":[],"product_cat":[155,169],"product_tag":[],"class_list":{"0":"post-6390","1":"product","2":"type-product","3":"status-publish","4":"has-post-thumbnail","6":"product_cat-accessories","7":"product_cat-microfibre-cloths","8":"description-off","10":"first","11":"outofstock","12":"taxable","13":"shipping-taxable","14":"purchasable","15":"product-type-simple"},"yoast_head":"<!-- This site is optimized with the Yoast SEO plugin v27.4 - https:\/\/yoast.com\/product\/yoast-seo-wordpress\/ -->\n<title>Monster Shine Purple Edgeless Microfibre Mop - Detail Spot<\/title>\n<meta name=\"description\" content=\"This cloth removes dust without scratching sensitive parts. Soft-touch microfibre coral wool fabric for the most sensitive car surfaces\" \/>\n<meta name=\"robots\" content=\"index, follow, max-snippet:-1, max-image-preview:large, max-video-preview:-1\" \/>\n<link rel=\"canonical\" href=\"https:\/\/detailspot.lt\/en\/produktas\/monster-shine-purple-edgeless-microfibre-mop\/\" \/>\n<meta property=\"og:locale\" content=\"en_US\" \/>\n<meta property=\"og:type\" content=\"article\" \/>\n<meta property=\"og:title\" content=\"Monster Shine Purple Edgeless Microfibre Mop - Detail Spot\" \/>\n<meta property=\"og:description\" content=\"This cloth removes dust without scratching sensitive parts. Soft-touch microfibre coral wool fabric for the most sensitive car surfaces\" \/>\n<meta property=\"og:url\" content=\"https:\/\/detailspot.lt\/en\/produktas\/monster-shine-purple-edgeless-microfibre-mop\/\" \/>\n<meta property=\"og:site_name\" content=\"Detail Spot\" \/>\n<meta property=\"article:publisher\" content=\"https:\/\/www.facebook.com\/profile.php?id=100039208338156\" \/>\n<meta property=\"og:image\" content=\"https:\/\/detailspot.lt\/wp-content\/uploads\/2023\/03\/Monstershine-PurpleEdgeless-.webp\" \/>\n\t<meta property=\"og:image:width\" content=\"680\" \/>\n\t<meta property=\"og:image:height\" content=\"680\" \/>\n\t<meta property=\"og:image:type\" content=\"image\/webp\" \/>\n<meta name=\"twitter:card\" content=\"summary_large_image\" \/>\n<script type=\"application\/ld+json\" class=\"yoast-schema-graph\">{\"@context\":\"https:\\\/\\\/schema.org\",\"@graph\":[{\"@type\":\"WebPage\",\"@id\":\"https:\\\/\\\/detailspot.lt\\\/en\\\/produktas\\\/monster-shine-purple-edgeless-microfibre-mop\\\/\",\"url\":\"https:\\\/\\\/detailspot.lt\\\/en\\\/produktas\\\/monster-shine-purple-edgeless-microfibre-mop\\\/\",\"name\":\"Monster Shine Purple Edgeless Microfibre Mop - Detail Spot\",\"isPartOf\":{\"@id\":\"https:\\\/\\\/detailspot.lt\\\/#website\"},\"primaryImageOfPage\":{\"@id\":\"https:\\\/\\\/detailspot.lt\\\/en\\\/produktas\\\/monster-shine-purple-edgeless-microfibre-mop\\\/#primaryimage\"},\"image\":{\"@id\":\"https:\\\/\\\/detailspot.lt\\\/en\\\/produktas\\\/monster-shine-purple-edgeless-microfibre-mop\\\/#primaryimage\"},\"thumbnailUrl\":\"https:\\\/\\\/detailspot.lt\\\/wp-content\\\/uploads\\\/2023\\\/03\\\/Monstershine-PurpleEdgeless-.webp\",\"datePublished\":\"2023-03-30T16:35:52+00:00\",\"description\":\"This cloth removes dust without scratching sensitive parts. Soft-touch microfibre coral wool fabric for the most sensitive car surfaces\",\"breadcrumb\":{\"@id\":\"https:\\\/\\\/detailspot.lt\\\/en\\\/produktas\\\/monster-shine-purple-edgeless-microfibre-mop\\\/#breadcrumb\"},\"inLanguage\":\"en-US\",\"potentialAction\":[{\"@type\":\"ReadAction\",\"target\":[\"https:\\\/\\\/detailspot.lt\\\/en\\\/produktas\\\/monster-shine-purple-edgeless-microfibre-mop\\\/\"]}]},{\"@type\":\"ImageObject\",\"inLanguage\":\"en-US\",\"@id\":\"https:\\\/\\\/detailspot.lt\\\/en\\\/produktas\\\/monster-shine-purple-edgeless-microfibre-mop\\\/#primaryimage\",\"url\":\"https:\\\/\\\/detailspot.lt\\\/wp-content\\\/uploads\\\/2023\\\/03\\\/Monstershine-PurpleEdgeless-.webp\",\"contentUrl\":\"https:\\\/\\\/detailspot.lt\\\/wp-content\\\/uploads\\\/2023\\\/03\\\/Monstershine-PurpleEdgeless-.webp\",\"width\":680,\"height\":680},{\"@type\":\"BreadcrumbList\",\"@id\":\"https:\\\/\\\/detailspot.lt\\\/en\\\/produktas\\\/monster-shine-purple-edgeless-microfibre-mop\\\/#breadcrumb\",\"itemListElement\":[{\"@type\":\"ListItem\",\"position\":1,\"name\":\"Home\",\"item\":\"https:\\\/\\\/detailspot.lt\\\/en\\\/\"},{\"@type\":\"ListItem\",\"position\":2,\"name\":\"Shop\",\"item\":\"https:\\\/\\\/detailspot.lt\\\/en\\\/parduotuve\\\/\"},{\"@type\":\"ListItem\",\"position\":3,\"name\":\"Monster Shine Purple Edgeless Microfibre Mop\"}]},{\"@type\":\"WebSite\",\"@id\":\"https:\\\/\\\/detailspot.lt\\\/#website\",\"url\":\"https:\\\/\\\/detailspot.lt\\\/\",\"name\":\"Detail Spot\",\"description\":\"Automobili\u0173 prie\u017ei\u016bros priemon\u0117s\",\"publisher\":{\"@id\":\"https:\\\/\\\/detailspot.lt\\\/#organization\"},\"potentialAction\":[{\"@type\":\"SearchAction\",\"target\":{\"@type\":\"EntryPoint\",\"urlTemplate\":\"https:\\\/\\\/detailspot.lt\\\/?s={search_term_string}\"},\"query-input\":{\"@type\":\"PropertyValueSpecification\",\"valueRequired\":true,\"valueName\":\"search_term_string\"}}],\"inLanguage\":\"en-US\"},{\"@type\":\"Organization\",\"@id\":\"https:\\\/\\\/detailspot.lt\\\/#organization\",\"name\":\"Detail Spot\",\"url\":\"https:\\\/\\\/detailspot.lt\\\/\",\"logo\":{\"@type\":\"ImageObject\",\"inLanguage\":\"en-US\",\"@id\":\"https:\\\/\\\/detailspot.lt\\\/#\\\/schema\\\/logo\\\/image\\\/\",\"url\":\"https:\\\/\\\/detailspot.lt\\\/wp-content\\\/uploads\\\/2022\\\/10\\\/logo-original.svg\",\"contentUrl\":\"https:\\\/\\\/detailspot.lt\\\/wp-content\\\/uploads\\\/2022\\\/10\\\/logo-original.svg\",\"width\":1,\"height\":1,\"caption\":\"Detail Spot\"},\"image\":{\"@id\":\"https:\\\/\\\/detailspot.lt\\\/#\\\/schema\\\/logo\\\/image\\\/\"},\"sameAs\":[\"https:\\\/\\\/www.facebook.com\\\/profile.php?id=100039208338156\"]}]}<\/script>\n<!-- \/ Yoast SEO plugin. -->","yoast_head_json":{"title":"Monster Shine Purple Edgeless Microfibre Mop - Detail Spot","description":"This cloth removes dust without scratching sensitive parts. Soft-touch microfibre coral wool fabric for the most sensitive car surfaces","robots":{"index":"index","follow":"follow","max-snippet":"max-snippet:-1","max-image-preview":"max-image-preview:large","max-video-preview":"max-video-preview:-1"},"canonical":"https:\/\/detailspot.lt\/en\/produktas\/monster-shine-purple-edgeless-microfibre-mop\/","og_locale":"en_US","og_type":"article","og_title":"Monster Shine Purple Edgeless Microfibre Mop - Detail Spot","og_description":"This cloth removes dust without scratching sensitive parts. Soft-touch microfibre coral wool fabric for the most sensitive car surfaces","og_url":"https:\/\/detailspot.lt\/en\/produktas\/monster-shine-purple-edgeless-microfibre-mop\/","og_site_name":"Detail Spot","article_publisher":"https:\/\/www.facebook.com\/profile.php?id=100039208338156","og_image":[{"width":680,"height":680,"url":"https:\/\/detailspot.lt\/wp-content\/uploads\/2023\/03\/Monstershine-PurpleEdgeless-.webp","type":"image\/webp"}],"twitter_card":"summary_large_image","schema":{"@context":"https:\/\/schema.org","@graph":[{"@type":"WebPage","@id":"https:\/\/detailspot.lt\/en\/produktas\/monster-shine-purple-edgeless-microfibre-mop\/","url":"https:\/\/detailspot.lt\/en\/produktas\/monster-shine-purple-edgeless-microfibre-mop\/","name":"Monster Shine Purple Edgeless Microfibre Mop - Detail Spot","isPartOf":{"@id":"https:\/\/detailspot.lt\/#website"},"primaryImageOfPage":{"@id":"https:\/\/detailspot.lt\/en\/produktas\/monster-shine-purple-edgeless-microfibre-mop\/#primaryimage"},"image":{"@id":"https:\/\/detailspot.lt\/en\/produktas\/monster-shine-purple-edgeless-microfibre-mop\/#primaryimage"},"thumbnailUrl":"https:\/\/detailspot.lt\/wp-content\/uploads\/2023\/03\/Monstershine-PurpleEdgeless-.webp","datePublished":"2023-03-30T16:35:52+00:00","description":"This cloth removes dust without scratching sensitive parts. Soft-touch microfibre coral wool fabric for the most sensitive car surfaces","breadcrumb":{"@id":"https:\/\/detailspot.lt\/en\/produktas\/monster-shine-purple-edgeless-microfibre-mop\/#breadcrumb"},"inLanguage":"en-US","potentialAction":[{"@type":"ReadAction","target":["https:\/\/detailspot.lt\/en\/produktas\/monster-shine-purple-edgeless-microfibre-mop\/"]}]},{"@type":"ImageObject","inLanguage":"en-US","@id":"https:\/\/detailspot.lt\/en\/produktas\/monster-shine-purple-edgeless-microfibre-mop\/#primaryimage","url":"https:\/\/detailspot.lt\/wp-content\/uploads\/2023\/03\/Monstershine-PurpleEdgeless-.webp","contentUrl":"https:\/\/detailspot.lt\/wp-content\/uploads\/2023\/03\/Monstershine-PurpleEdgeless-.webp","width":680,"height":680},{"@type":"BreadcrumbList","@id":"https:\/\/detailspot.lt\/en\/produktas\/monster-shine-purple-edgeless-microfibre-mop\/#breadcrumb","itemListElement":[{"@type":"ListItem","position":1,"name":"Home","item":"https:\/\/detailspot.lt\/en\/"},{"@type":"ListItem","position":2,"name":"Shop","item":"https:\/\/detailspot.lt\/en\/parduotuve\/"},{"@type":"ListItem","position":3,"name":"Monster Shine Purple Edgeless Microfibre Mop"}]},{"@type":"WebSite","@id":"https:\/\/detailspot.lt\/#website","url":"https:\/\/detailspot.lt\/","name":"Detail Spot","description":"Automobili\u0173 prie\u017ei\u016bros priemon\u0117s","publisher":{"@id":"https:\/\/detailspot.lt\/#organization"},"potentialAction":[{"@type":"SearchAction","target":{"@type":"EntryPoint","urlTemplate":"https:\/\/detailspot.lt\/?s={search_term_string}"},"query-input":{"@type":"PropertyValueSpecification","valueRequired":true,"valueName":"search_term_string"}}],"inLanguage":"en-US"},{"@type":"Organization","@id":"https:\/\/detailspot.lt\/#organization","name":"Detail Spot","url":"https:\/\/detailspot.lt\/","logo":{"@type":"ImageObject","inLanguage":"en-US","@id":"https:\/\/detailspot.lt\/#\/schema\/logo\/image\/","url":"https:\/\/detailspot.lt\/wp-content\/uploads\/2022\/10\/logo-original.svg","contentUrl":"https:\/\/detailspot.lt\/wp-content\/uploads\/2022\/10\/logo-original.svg","width":1,"height":1,"caption":"Detail Spot"},"image":{"@id":"https:\/\/detailspot.lt\/#\/schema\/logo\/image\/"},"sameAs":["https:\/\/www.facebook.com\/profile.php?id=100039208338156"]}]}},"_links":{"self":[{"href":"https:\/\/detailspot.lt\/en\/wp-json\/wp\/v2\/product\/6390","targetHints":{"allow":["GET"]}}],"collection":[{"href":"https:\/\/detailspot.lt\/en\/wp-json\/wp\/v2\/product"}],"about":[{"href":"https:\/\/detailspot.lt\/en\/wp-json\/wp\/v2\/types\/product"}],"replies":[{"embeddable":true,"href":"https:\/\/detailspot.lt\/en\/wp-json\/wp\/v2\/comments?post=6390"}],"wp:featuredmedia":[{"embeddable":true,"href":"https:\/\/detailspot.lt\/en\/wp-json\/wp\/v2\/media\/4708"}],"wp:attachment":[{"href":"https:\/\/detailspot.lt\/en\/wp-json\/wp\/v2\/media?parent=6390"}],"wp:term":[{"taxonomy":"product_brand","embeddable":true,"href":"https:\/\/detailspot.lt\/en\/wp-json\/wp\/v2\/product_brand?post=6390"},{"taxonomy":"product_cat","embeddable":true,"href":"https:\/\/detailspot.lt\/en\/wp-json\/wp\/v2\/product_cat?post=6390"},{"taxonomy":"product_tag","embeddable":true,"href":"https:\/\/detailspot.lt\/en\/wp-json\/wp\/v2\/product_tag?post=6390"}],"curies":[{"name":"wp","href":"https:\/\/api.w.org\/{rel}","templated":true}]}}