{"id":6386,"date":"2023-03-30T20:08:27","date_gmt":"2023-03-30T17:08:27","guid":{"rendered":"https:\/\/detailspot.lt\/produktas\/waxpro-diamon-glass-windscreen-cleaning-cloth\/"},"modified":"2025-12-01T04:31:50","modified_gmt":"2025-12-01T02:31:50","slug":"waxpro-diamon-glass-windscreen-cleaning-cloth","status":"publish","type":"product","link":"https:\/\/detailspot.lt\/en\/produktas\/waxpro-diamon-glass-windscreen-cleaning-cloth\/","title":{"rendered":"WaxPro Diamon Glass Windscreen Cleaning Cloth"},"content":{"rendered":"<h1>&#8220;WaxPro Diamon Glass&#8221; priekinio stiklo valymo \u0161luost\u0117<\/h1>\n<p>A microfibre cloth with a waffle structure specially designed for cleaning glass surfaces. It leaves no lint or streaks behind, making glass maintenance extremely easy.<\/p>\n<p>Characteristics:<\/p>\n<ol>\n<li>Weight: 360 gsm<\/li>\n<li>Size: 40&#215;40 cm<\/li>\n<li>Gentle tying<\/li>\n<\/ol>\n<p>&nbsp;<\/p>\n<p style=\"text-align: center;\"><img loading=\"lazy\" decoding=\"async\" class=\"alignnone size-medium wp-image-2558\" src=\"https:\/\/detailspot.lt\/wp-content\/uploads\/2022\/12\/waxpro_logo-300x75.jpg\" alt=\"\" width=\"300\" height=\"75\" srcset=\"https:\/\/detailspot.lt\/wp-content\/uploads\/2022\/12\/waxpro_logo-300x75.jpg 300w, https:\/\/detailspot.lt\/wp-content\/uploads\/2022\/12\/waxpro_logo-64x16.jpg 64w, https:\/\/detailspot.lt\/wp-content\/uploads\/2022\/12\/waxpro_logo.jpg 400w\" sizes=\"auto, (max-width: 300px) 100vw, 300px\" \/><\/p>\n<p>&nbsp;<\/p>\n","protected":false},"excerpt":{"rendered":"<p>&#8220;WaxPro Diamon Glass&#8221; priekinio stiklo valymo \u0161luost\u0117 A microfibre cloth with a waffle structure specially designed for cleaning glass surfaces. It leaves no lint or streaks behind, making glass maintenance extremely easy. Characteristics: Weight: 360 gsm Size: 40&#215;40 cm Gentle tying &nbsp; &nbsp;<\/p>\n","protected":false},"featured_media":4724,"comment_status":"closed","ping_status":"closed","template":"","meta":[],"product_brand":[],"product_cat":[155,169],"product_tag":[],"class_list":{"0":"post-6386","1":"product","2":"type-product","3":"status-publish","4":"has-post-thumbnail","6":"product_cat-accessories","7":"product_cat-microfibre-cloths","8":"description-off","10":"first","11":"instock","12":"taxable","13":"shipping-taxable","14":"purchasable","15":"product-type-simple"},"yoast_head":"<!-- This site is optimized with the Yoast SEO plugin v27.3 - https:\/\/yoast.com\/product\/yoast-seo-wordpress\/ -->\n<title>WaxPro Diamon Glass Windscreen Cleaning Cloth - Detail Spot<\/title>\n<meta name=\"robots\" content=\"index, follow, max-snippet:-1, max-image-preview:large, max-video-preview:-1\" \/>\n<link rel=\"canonical\" href=\"https:\/\/detailspot.lt\/en\/produktas\/waxpro-diamon-glass-windscreen-cleaning-cloth\/\" \/>\n<meta property=\"og:locale\" content=\"en_US\" \/>\n<meta property=\"og:type\" content=\"article\" \/>\n<meta property=\"og:title\" content=\"WaxPro Diamon Glass Windscreen Cleaning Cloth - Detail Spot\" \/>\n<meta property=\"og:description\" content=\"&#8220;WaxPro Diamon Glass&#8221; priekinio stiklo valymo \u0161luost\u0117 A microfibre cloth with a waffle structure specially designed for cleaning glass surfaces. It leaves no lint or streaks behind, making glass maintenance extremely easy. Characteristics: Weight: 360 gsm Size: 40&#215;40 cm Gentle tying &nbsp; &nbsp;\" \/>\n<meta property=\"og:url\" content=\"https:\/\/detailspot.lt\/en\/produktas\/waxpro-diamon-glass-windscreen-cleaning-cloth\/\" \/>\n<meta property=\"og:site_name\" content=\"Detail Spot\" \/>\n<meta property=\"article:publisher\" content=\"https:\/\/www.facebook.com\/profile.php?id=100039208338156\" \/>\n<meta property=\"article:modified_time\" content=\"2025-12-01T02:31:50+00:00\" \/>\n<meta property=\"og:image\" content=\"https:\/\/detailspot.lt\/wp-content\/uploads\/2023\/03\/WaxPro-Diamond-Glass.webp\" \/>\n\t<meta property=\"og:image:width\" content=\"680\" \/>\n\t<meta property=\"og:image:height\" content=\"680\" \/>\n\t<meta property=\"og:image:type\" content=\"image\/webp\" \/>\n<meta name=\"twitter:card\" content=\"summary_large_image\" \/>\n<script type=\"application\/ld+json\" class=\"yoast-schema-graph\">{\"@context\":\"https:\\\/\\\/schema.org\",\"@graph\":[{\"@type\":\"WebPage\",\"@id\":\"https:\\\/\\\/detailspot.lt\\\/en\\\/produktas\\\/waxpro-diamon-glass-windscreen-cleaning-cloth\\\/\",\"url\":\"https:\\\/\\\/detailspot.lt\\\/en\\\/produktas\\\/waxpro-diamon-glass-windscreen-cleaning-cloth\\\/\",\"name\":\"WaxPro Diamon Glass Windscreen Cleaning Cloth - Detail Spot\",\"isPartOf\":{\"@id\":\"https:\\\/\\\/detailspot.lt\\\/#website\"},\"primaryImageOfPage\":{\"@id\":\"https:\\\/\\\/detailspot.lt\\\/en\\\/produktas\\\/waxpro-diamon-glass-windscreen-cleaning-cloth\\\/#primaryimage\"},\"image\":{\"@id\":\"https:\\\/\\\/detailspot.lt\\\/en\\\/produktas\\\/waxpro-diamon-glass-windscreen-cleaning-cloth\\\/#primaryimage\"},\"thumbnailUrl\":\"https:\\\/\\\/detailspot.lt\\\/wp-content\\\/uploads\\\/2023\\\/03\\\/WaxPro-Diamond-Glass.webp\",\"datePublished\":\"2023-03-30T17:08:27+00:00\",\"dateModified\":\"2025-12-01T02:31:50+00:00\",\"breadcrumb\":{\"@id\":\"https:\\\/\\\/detailspot.lt\\\/en\\\/produktas\\\/waxpro-diamon-glass-windscreen-cleaning-cloth\\\/#breadcrumb\"},\"inLanguage\":\"en-US\",\"potentialAction\":[{\"@type\":\"ReadAction\",\"target\":[\"https:\\\/\\\/detailspot.lt\\\/en\\\/produktas\\\/waxpro-diamon-glass-windscreen-cleaning-cloth\\\/\"]}]},{\"@type\":\"ImageObject\",\"inLanguage\":\"en-US\",\"@id\":\"https:\\\/\\\/detailspot.lt\\\/en\\\/produktas\\\/waxpro-diamon-glass-windscreen-cleaning-cloth\\\/#primaryimage\",\"url\":\"https:\\\/\\\/detailspot.lt\\\/wp-content\\\/uploads\\\/2023\\\/03\\\/WaxPro-Diamond-Glass.webp\",\"contentUrl\":\"https:\\\/\\\/detailspot.lt\\\/wp-content\\\/uploads\\\/2023\\\/03\\\/WaxPro-Diamond-Glass.webp\",\"width\":680,\"height\":680,\"caption\":\"WaxPro-Diamond-Glass.webp \u0161luost\u0117 sukurta stikl\u0173 valymui\"},{\"@type\":\"BreadcrumbList\",\"@id\":\"https:\\\/\\\/detailspot.lt\\\/en\\\/produktas\\\/waxpro-diamon-glass-windscreen-cleaning-cloth\\\/#breadcrumb\",\"itemListElement\":[{\"@type\":\"ListItem\",\"position\":1,\"name\":\"Home\",\"item\":\"https:\\\/\\\/detailspot.lt\\\/en\\\/\"},{\"@type\":\"ListItem\",\"position\":2,\"name\":\"Shop\",\"item\":\"https:\\\/\\\/detailspot.lt\\\/en\\\/parduotuve\\\/\"},{\"@type\":\"ListItem\",\"position\":3,\"name\":\"WaxPro Diamon Glass Windscreen Cleaning Cloth\"}]},{\"@type\":\"WebSite\",\"@id\":\"https:\\\/\\\/detailspot.lt\\\/#website\",\"url\":\"https:\\\/\\\/detailspot.lt\\\/\",\"name\":\"Detail Spot\",\"description\":\"Automobili\u0173 prie\u017ei\u016bros priemon\u0117s\",\"publisher\":{\"@id\":\"https:\\\/\\\/detailspot.lt\\\/#organization\"},\"potentialAction\":[{\"@type\":\"SearchAction\",\"target\":{\"@type\":\"EntryPoint\",\"urlTemplate\":\"https:\\\/\\\/detailspot.lt\\\/?s={search_term_string}\"},\"query-input\":{\"@type\":\"PropertyValueSpecification\",\"valueRequired\":true,\"valueName\":\"search_term_string\"}}],\"inLanguage\":\"en-US\"},{\"@type\":\"Organization\",\"@id\":\"https:\\\/\\\/detailspot.lt\\\/#organization\",\"name\":\"Detail Spot\",\"url\":\"https:\\\/\\\/detailspot.lt\\\/\",\"logo\":{\"@type\":\"ImageObject\",\"inLanguage\":\"en-US\",\"@id\":\"https:\\\/\\\/detailspot.lt\\\/#\\\/schema\\\/logo\\\/image\\\/\",\"url\":\"https:\\\/\\\/detailspot.lt\\\/wp-content\\\/uploads\\\/2022\\\/10\\\/logo-original.svg\",\"contentUrl\":\"https:\\\/\\\/detailspot.lt\\\/wp-content\\\/uploads\\\/2022\\\/10\\\/logo-original.svg\",\"width\":1,\"height\":1,\"caption\":\"Detail Spot\"},\"image\":{\"@id\":\"https:\\\/\\\/detailspot.lt\\\/#\\\/schema\\\/logo\\\/image\\\/\"},\"sameAs\":[\"https:\\\/\\\/www.facebook.com\\\/profile.php?id=100039208338156\"]}]}<\/script>\n<!-- \/ Yoast SEO plugin. -->","yoast_head_json":{"title":"WaxPro Diamon Glass Windscreen Cleaning Cloth - Detail Spot","robots":{"index":"index","follow":"follow","max-snippet":"max-snippet:-1","max-image-preview":"max-image-preview:large","max-video-preview":"max-video-preview:-1"},"canonical":"https:\/\/detailspot.lt\/en\/produktas\/waxpro-diamon-glass-windscreen-cleaning-cloth\/","og_locale":"en_US","og_type":"article","og_title":"WaxPro Diamon Glass Windscreen Cleaning Cloth - Detail Spot","og_description":"&#8220;WaxPro Diamon Glass&#8221; priekinio stiklo valymo \u0161luost\u0117 A microfibre cloth with a waffle structure specially designed for cleaning glass surfaces. It leaves no lint or streaks behind, making glass maintenance extremely easy. Characteristics: Weight: 360 gsm Size: 40&#215;40 cm Gentle tying &nbsp; &nbsp;","og_url":"https:\/\/detailspot.lt\/en\/produktas\/waxpro-diamon-glass-windscreen-cleaning-cloth\/","og_site_name":"Detail Spot","article_publisher":"https:\/\/www.facebook.com\/profile.php?id=100039208338156","article_modified_time":"2025-12-01T02:31:50+00:00","og_image":[{"width":680,"height":680,"url":"https:\/\/detailspot.lt\/wp-content\/uploads\/2023\/03\/WaxPro-Diamond-Glass.webp","type":"image\/webp"}],"twitter_card":"summary_large_image","schema":{"@context":"https:\/\/schema.org","@graph":[{"@type":"WebPage","@id":"https:\/\/detailspot.lt\/en\/produktas\/waxpro-diamon-glass-windscreen-cleaning-cloth\/","url":"https:\/\/detailspot.lt\/en\/produktas\/waxpro-diamon-glass-windscreen-cleaning-cloth\/","name":"WaxPro Diamon Glass Windscreen Cleaning Cloth - Detail Spot","isPartOf":{"@id":"https:\/\/detailspot.lt\/#website"},"primaryImageOfPage":{"@id":"https:\/\/detailspot.lt\/en\/produktas\/waxpro-diamon-glass-windscreen-cleaning-cloth\/#primaryimage"},"image":{"@id":"https:\/\/detailspot.lt\/en\/produktas\/waxpro-diamon-glass-windscreen-cleaning-cloth\/#primaryimage"},"thumbnailUrl":"https:\/\/detailspot.lt\/wp-content\/uploads\/2023\/03\/WaxPro-Diamond-Glass.webp","datePublished":"2023-03-30T17:08:27+00:00","dateModified":"2025-12-01T02:31:50+00:00","breadcrumb":{"@id":"https:\/\/detailspot.lt\/en\/produktas\/waxpro-diamon-glass-windscreen-cleaning-cloth\/#breadcrumb"},"inLanguage":"en-US","potentialAction":[{"@type":"ReadAction","target":["https:\/\/detailspot.lt\/en\/produktas\/waxpro-diamon-glass-windscreen-cleaning-cloth\/"]}]},{"@type":"ImageObject","inLanguage":"en-US","@id":"https:\/\/detailspot.lt\/en\/produktas\/waxpro-diamon-glass-windscreen-cleaning-cloth\/#primaryimage","url":"https:\/\/detailspot.lt\/wp-content\/uploads\/2023\/03\/WaxPro-Diamond-Glass.webp","contentUrl":"https:\/\/detailspot.lt\/wp-content\/uploads\/2023\/03\/WaxPro-Diamond-Glass.webp","width":680,"height":680,"caption":"WaxPro-Diamond-Glass.webp \u0161luost\u0117 sukurta stikl\u0173 valymui"},{"@type":"BreadcrumbList","@id":"https:\/\/detailspot.lt\/en\/produktas\/waxpro-diamon-glass-windscreen-cleaning-cloth\/#breadcrumb","itemListElement":[{"@type":"ListItem","position":1,"name":"Home","item":"https:\/\/detailspot.lt\/en\/"},{"@type":"ListItem","position":2,"name":"Shop","item":"https:\/\/detailspot.lt\/en\/parduotuve\/"},{"@type":"ListItem","position":3,"name":"WaxPro Diamon Glass Windscreen Cleaning Cloth"}]},{"@type":"WebSite","@id":"https:\/\/detailspot.lt\/#website","url":"https:\/\/detailspot.lt\/","name":"Detail Spot","description":"Automobili\u0173 prie\u017ei\u016bros priemon\u0117s","publisher":{"@id":"https:\/\/detailspot.lt\/#organization"},"potentialAction":[{"@type":"SearchAction","target":{"@type":"EntryPoint","urlTemplate":"https:\/\/detailspot.lt\/?s={search_term_string}"},"query-input":{"@type":"PropertyValueSpecification","valueRequired":true,"valueName":"search_term_string"}}],"inLanguage":"en-US"},{"@type":"Organization","@id":"https:\/\/detailspot.lt\/#organization","name":"Detail Spot","url":"https:\/\/detailspot.lt\/","logo":{"@type":"ImageObject","inLanguage":"en-US","@id":"https:\/\/detailspot.lt\/#\/schema\/logo\/image\/","url":"https:\/\/detailspot.lt\/wp-content\/uploads\/2022\/10\/logo-original.svg","contentUrl":"https:\/\/detailspot.lt\/wp-content\/uploads\/2022\/10\/logo-original.svg","width":1,"height":1,"caption":"Detail Spot"},"image":{"@id":"https:\/\/detailspot.lt\/#\/schema\/logo\/image\/"},"sameAs":["https:\/\/www.facebook.com\/profile.php?id=100039208338156"]}]}},"_links":{"self":[{"href":"https:\/\/detailspot.lt\/en\/wp-json\/wp\/v2\/product\/6386","targetHints":{"allow":["GET"]}}],"collection":[{"href":"https:\/\/detailspot.lt\/en\/wp-json\/wp\/v2\/product"}],"about":[{"href":"https:\/\/detailspot.lt\/en\/wp-json\/wp\/v2\/types\/product"}],"replies":[{"embeddable":true,"href":"https:\/\/detailspot.lt\/en\/wp-json\/wp\/v2\/comments?post=6386"}],"wp:featuredmedia":[{"embeddable":true,"href":"https:\/\/detailspot.lt\/en\/wp-json\/wp\/v2\/media\/4724"}],"wp:attachment":[{"href":"https:\/\/detailspot.lt\/en\/wp-json\/wp\/v2\/media?parent=6386"}],"wp:term":[{"taxonomy":"product_brand","embeddable":true,"href":"https:\/\/detailspot.lt\/en\/wp-json\/wp\/v2\/product_brand?post=6386"},{"taxonomy":"product_cat","embeddable":true,"href":"https:\/\/detailspot.lt\/en\/wp-json\/wp\/v2\/product_cat?post=6386"},{"taxonomy":"product_tag","embeddable":true,"href":"https:\/\/detailspot.lt\/en\/wp-json\/wp\/v2\/product_tag?post=6386"}],"curies":[{"name":"wp","href":"https:\/\/api.w.org\/{rel}","templated":true}]}}