{"id":6381,"date":"2023-04-02T20:54:30","date_gmt":"2023-04-02T17:54:30","guid":{"rendered":"https:\/\/detailspot.lt\/produktas\/ewocar-microfibre-cloths\/"},"modified":"2024-09-04T22:32:32","modified_gmt":"2024-09-04T19:32:32","slug":"ewocar-microfibre-cloths","status":"publish","type":"product","link":"https:\/\/detailspot.lt\/en\/produktas\/ewocar-microfibre-cloths\/","title":{"rendered":"EWOCAR Microfibre Cloths"},"content":{"rendered":"<h1>EWOCAR Microfibre Cloths<\/h1>\n<p>Brand new technology microfibre cloths with 80% polyester and 20% polyamide. The edges of the cloths are laser-cut and the weight is just 40g! The cloth is ideal for cleaning polishing pastes, as it does not scratch the surface at all, as well as for cleaning and polishing protective coatings. It can also be used for interior cleaning, glass, leather and textiles.<\/p>\n<p>The package consists of 2 pcs. cloths<\/p>\n<p>&nbsp;<\/p>\n<p style=\"text-align: center;\"><img loading=\"lazy\" decoding=\"async\" class=\"alignnone size-medium wp-image-3022\" src=\"https:\/\/detailspot.lt\/wp-content\/uploads\/2023\/01\/Ewocar-logo-300x158.jpg\" alt=\"\" width=\"300\" height=\"158\" srcset=\"https:\/\/detailspot.lt\/wp-content\/uploads\/2023\/01\/Ewocar-logo-300x158.jpg 300w, https:\/\/detailspot.lt\/wp-content\/uploads\/2023\/01\/Ewocar-logo-64x34.jpg 64w, https:\/\/detailspot.lt\/wp-content\/uploads\/2023\/01\/Ewocar-logo.jpg 600w\" sizes=\"auto, (max-width: 300px) 100vw, 300px\" \/><\/p>\n","protected":false},"excerpt":{"rendered":"<p>EWOCAR Microfibre Cloths Brand new technology microfibre cloths with 80% polyester and 20% polyamide. The edges of the cloths are laser-cut and the weight is just 40g! The cloth is ideal for cleaning polishing pastes, as it does not scratch the surface at all, as well as for cleaning and polishing protective coatings. It can&hellip;<\/p>\n","protected":false},"featured_media":4751,"comment_status":"closed","ping_status":"closed","template":"","meta":[],"product_brand":[],"product_cat":[155,169],"product_tag":[],"class_list":{"0":"post-6381","1":"product","2":"type-product","3":"status-publish","4":"has-post-thumbnail","6":"product_cat-accessories","7":"product_cat-microfibre-cloths","8":"description-off","10":"first","11":"instock","12":"sale","13":"taxable","14":"shipping-taxable","15":"purchasable","16":"product-type-simple"},"yoast_head":"<!-- This site is optimized with the Yoast SEO plugin v27.2 - https:\/\/yoast.com\/product\/yoast-seo-wordpress\/ -->\n<title>EWOCAR Microfibre Cloths - Detail Spot<\/title>\n<meta name=\"description\" content=\"EWOCAR Microfibre Cloths Brand new technology microfibre cloths with 80% polyester and 20% polyamide.\" \/>\n<meta name=\"robots\" content=\"index, follow, max-snippet:-1, max-image-preview:large, max-video-preview:-1\" \/>\n<link rel=\"canonical\" href=\"https:\/\/detailspot.lt\/produktas\/ewocar-mikropluosto-sluostes\/\" \/>\n<meta property=\"og:locale\" content=\"en_US\" \/>\n<meta property=\"og:type\" content=\"article\" \/>\n<meta property=\"og:title\" content=\"EWOCAR Microfibre Cloths - Detail Spot\" \/>\n<meta property=\"og:description\" content=\"EWOCAR Microfibre Cloths Brand new technology microfibre cloths with 80% polyester and 20% polyamide.\" \/>\n<meta property=\"og:url\" content=\"https:\/\/detailspot.lt\/produktas\/ewocar-mikropluosto-sluostes\/\" \/>\n<meta property=\"og:site_name\" content=\"Detail Spot\" \/>\n<meta property=\"article:publisher\" content=\"https:\/\/www.facebook.com\/profile.php?id=100039208338156\" \/>\n<meta property=\"article:modified_time\" content=\"2024-09-04T19:32:32+00:00\" \/>\n<meta property=\"og:image\" content=\"https:\/\/detailspot.lt\/wp-content\/uploads\/2023\/04\/ewocar-sluostes-1.jpg\" \/>\n\t<meta property=\"og:image:width\" content=\"1200\" \/>\n\t<meta property=\"og:image:height\" content=\"1600\" \/>\n\t<meta property=\"og:image:type\" content=\"image\/jpeg\" \/>\n<meta name=\"twitter:card\" content=\"summary_large_image\" \/>\n<script type=\"application\/ld+json\" class=\"yoast-schema-graph\">{\"@context\":\"https:\/\/schema.org\",\"@graph\":[{\"@type\":\"WebPage\",\"@id\":\"https:\/\/detailspot.lt\/produktas\/ewocar-mikropluosto-sluostes\/\",\"url\":\"https:\/\/detailspot.lt\/produktas\/ewocar-mikropluosto-sluostes\/\",\"name\":\"EWOCAR Microfibre Cloths - Detail Spot\",\"isPartOf\":{\"@id\":\"https:\/\/detailspot.lt\/#website\"},\"primaryImageOfPage\":{\"@id\":\"https:\/\/detailspot.lt\/produktas\/ewocar-mikropluosto-sluostes\/#primaryimage\"},\"image\":{\"@id\":\"https:\/\/detailspot.lt\/produktas\/ewocar-mikropluosto-sluostes\/#primaryimage\"},\"thumbnailUrl\":\"https:\/\/detailspot.lt\/wp-content\/uploads\/2023\/04\/ewocar-sluostes-1.jpg\",\"datePublished\":\"2023-04-02T17:54:30+00:00\",\"dateModified\":\"2024-09-04T19:32:32+00:00\",\"description\":\"EWOCAR Microfibre Cloths Brand new technology microfibre cloths with 80% polyester and 20% polyamide.\",\"breadcrumb\":{\"@id\":\"https:\/\/detailspot.lt\/produktas\/ewocar-mikropluosto-sluostes\/#breadcrumb\"},\"inLanguage\":\"en-US\",\"potentialAction\":[{\"@type\":\"ReadAction\",\"target\":[\"https:\/\/detailspot.lt\/produktas\/ewocar-mikropluosto-sluostes\/\"]}]},{\"@type\":\"ImageObject\",\"inLanguage\":\"en-US\",\"@id\":\"https:\/\/detailspot.lt\/produktas\/ewocar-mikropluosto-sluostes\/#primaryimage\",\"url\":\"https:\/\/detailspot.lt\/wp-content\/uploads\/2023\/04\/ewocar-sluostes-1.jpg\",\"contentUrl\":\"https:\/\/detailspot.lt\/wp-content\/uploads\/2023\/04\/ewocar-sluostes-1.jpg\",\"width\":1200,\"height\":1600,\"caption\":\"dviej\u0173 mikropluo\u0161to \u0161luos\u010di\u0173 komplektas\"},{\"@type\":\"BreadcrumbList\",\"@id\":\"https:\/\/detailspot.lt\/produktas\/ewocar-mikropluosto-sluostes\/#breadcrumb\",\"itemListElement\":[{\"@type\":\"ListItem\",\"position\":1,\"name\":\"Home\",\"item\":\"https:\/\/detailspot.lt\/en\/\"},{\"@type\":\"ListItem\",\"position\":2,\"name\":\"Shop\",\"item\":\"https:\/\/detailspot.lt\/en\/parduotuve\/\"},{\"@type\":\"ListItem\",\"position\":3,\"name\":\"EWOCAR Microfibre Cloths\"}]},{\"@type\":\"WebSite\",\"@id\":\"https:\/\/detailspot.lt\/#website\",\"url\":\"https:\/\/detailspot.lt\/\",\"name\":\"Detail Spot\",\"description\":\"Automobili\u0173 prie\u017ei\u016bros priemon\u0117s\",\"publisher\":{\"@id\":\"https:\/\/detailspot.lt\/#organization\"},\"potentialAction\":[{\"@type\":\"SearchAction\",\"target\":{\"@type\":\"EntryPoint\",\"urlTemplate\":\"https:\/\/detailspot.lt\/?s={search_term_string}\"},\"query-input\":{\"@type\":\"PropertyValueSpecification\",\"valueRequired\":true,\"valueName\":\"search_term_string\"}}],\"inLanguage\":\"en-US\"},{\"@type\":\"Organization\",\"@id\":\"https:\/\/detailspot.lt\/#organization\",\"name\":\"Detail Spot\",\"url\":\"https:\/\/detailspot.lt\/\",\"logo\":{\"@type\":\"ImageObject\",\"inLanguage\":\"en-US\",\"@id\":\"https:\/\/detailspot.lt\/#\/schema\/logo\/image\/\",\"url\":\"https:\/\/detailspot.lt\/wp-content\/uploads\/2022\/10\/logo-original.svg\",\"contentUrl\":\"https:\/\/detailspot.lt\/wp-content\/uploads\/2022\/10\/logo-original.svg\",\"width\":1,\"height\":1,\"caption\":\"Detail Spot\"},\"image\":{\"@id\":\"https:\/\/detailspot.lt\/#\/schema\/logo\/image\/\"},\"sameAs\":[\"https:\/\/www.facebook.com\/profile.php?id=100039208338156\"]}]}<\/script>\n<!-- \/ Yoast SEO plugin. -->","yoast_head_json":{"title":"EWOCAR Microfibre Cloths - Detail Spot","description":"EWOCAR Microfibre Cloths Brand new technology microfibre cloths with 80% polyester and 20% polyamide.","robots":{"index":"index","follow":"follow","max-snippet":"max-snippet:-1","max-image-preview":"max-image-preview:large","max-video-preview":"max-video-preview:-1"},"canonical":"https:\/\/detailspot.lt\/produktas\/ewocar-mikropluosto-sluostes\/","og_locale":"en_US","og_type":"article","og_title":"EWOCAR Microfibre Cloths - Detail Spot","og_description":"EWOCAR Microfibre Cloths Brand new technology microfibre cloths with 80% polyester and 20% polyamide.","og_url":"https:\/\/detailspot.lt\/produktas\/ewocar-mikropluosto-sluostes\/","og_site_name":"Detail Spot","article_publisher":"https:\/\/www.facebook.com\/profile.php?id=100039208338156","article_modified_time":"2024-09-04T19:32:32+00:00","og_image":[{"width":1200,"height":1600,"url":"https:\/\/detailspot.lt\/wp-content\/uploads\/2023\/04\/ewocar-sluostes-1.jpg","type":"image\/jpeg"}],"twitter_card":"summary_large_image","schema":{"@context":"https:\/\/schema.org","@graph":[{"@type":"WebPage","@id":"https:\/\/detailspot.lt\/produktas\/ewocar-mikropluosto-sluostes\/","url":"https:\/\/detailspot.lt\/produktas\/ewocar-mikropluosto-sluostes\/","name":"EWOCAR Microfibre Cloths - Detail Spot","isPartOf":{"@id":"https:\/\/detailspot.lt\/#website"},"primaryImageOfPage":{"@id":"https:\/\/detailspot.lt\/produktas\/ewocar-mikropluosto-sluostes\/#primaryimage"},"image":{"@id":"https:\/\/detailspot.lt\/produktas\/ewocar-mikropluosto-sluostes\/#primaryimage"},"thumbnailUrl":"https:\/\/detailspot.lt\/wp-content\/uploads\/2023\/04\/ewocar-sluostes-1.jpg","datePublished":"2023-04-02T17:54:30+00:00","dateModified":"2024-09-04T19:32:32+00:00","description":"EWOCAR Microfibre Cloths Brand new technology microfibre cloths with 80% polyester and 20% polyamide.","breadcrumb":{"@id":"https:\/\/detailspot.lt\/produktas\/ewocar-mikropluosto-sluostes\/#breadcrumb"},"inLanguage":"en-US","potentialAction":[{"@type":"ReadAction","target":["https:\/\/detailspot.lt\/produktas\/ewocar-mikropluosto-sluostes\/"]}]},{"@type":"ImageObject","inLanguage":"en-US","@id":"https:\/\/detailspot.lt\/produktas\/ewocar-mikropluosto-sluostes\/#primaryimage","url":"https:\/\/detailspot.lt\/wp-content\/uploads\/2023\/04\/ewocar-sluostes-1.jpg","contentUrl":"https:\/\/detailspot.lt\/wp-content\/uploads\/2023\/04\/ewocar-sluostes-1.jpg","width":1200,"height":1600,"caption":"dviej\u0173 mikropluo\u0161to \u0161luos\u010di\u0173 komplektas"},{"@type":"BreadcrumbList","@id":"https:\/\/detailspot.lt\/produktas\/ewocar-mikropluosto-sluostes\/#breadcrumb","itemListElement":[{"@type":"ListItem","position":1,"name":"Home","item":"https:\/\/detailspot.lt\/en\/"},{"@type":"ListItem","position":2,"name":"Shop","item":"https:\/\/detailspot.lt\/en\/parduotuve\/"},{"@type":"ListItem","position":3,"name":"EWOCAR Microfibre Cloths"}]},{"@type":"WebSite","@id":"https:\/\/detailspot.lt\/#website","url":"https:\/\/detailspot.lt\/","name":"Detail Spot","description":"Automobili\u0173 prie\u017ei\u016bros priemon\u0117s","publisher":{"@id":"https:\/\/detailspot.lt\/#organization"},"potentialAction":[{"@type":"SearchAction","target":{"@type":"EntryPoint","urlTemplate":"https:\/\/detailspot.lt\/?s={search_term_string}"},"query-input":{"@type":"PropertyValueSpecification","valueRequired":true,"valueName":"search_term_string"}}],"inLanguage":"en-US"},{"@type":"Organization","@id":"https:\/\/detailspot.lt\/#organization","name":"Detail Spot","url":"https:\/\/detailspot.lt\/","logo":{"@type":"ImageObject","inLanguage":"en-US","@id":"https:\/\/detailspot.lt\/#\/schema\/logo\/image\/","url":"https:\/\/detailspot.lt\/wp-content\/uploads\/2022\/10\/logo-original.svg","contentUrl":"https:\/\/detailspot.lt\/wp-content\/uploads\/2022\/10\/logo-original.svg","width":1,"height":1,"caption":"Detail Spot"},"image":{"@id":"https:\/\/detailspot.lt\/#\/schema\/logo\/image\/"},"sameAs":["https:\/\/www.facebook.com\/profile.php?id=100039208338156"]}]}},"_links":{"self":[{"href":"https:\/\/detailspot.lt\/en\/wp-json\/wp\/v2\/product\/6381","targetHints":{"allow":["GET"]}}],"collection":[{"href":"https:\/\/detailspot.lt\/en\/wp-json\/wp\/v2\/product"}],"about":[{"href":"https:\/\/detailspot.lt\/en\/wp-json\/wp\/v2\/types\/product"}],"replies":[{"embeddable":true,"href":"https:\/\/detailspot.lt\/en\/wp-json\/wp\/v2\/comments?post=6381"}],"wp:featuredmedia":[{"embeddable":true,"href":"https:\/\/detailspot.lt\/en\/wp-json\/wp\/v2\/media\/4751"}],"wp:attachment":[{"href":"https:\/\/detailspot.lt\/en\/wp-json\/wp\/v2\/media?parent=6381"}],"wp:term":[{"taxonomy":"product_brand","embeddable":true,"href":"https:\/\/detailspot.lt\/en\/wp-json\/wp\/v2\/product_brand?post=6381"},{"taxonomy":"product_cat","embeddable":true,"href":"https:\/\/detailspot.lt\/en\/wp-json\/wp\/v2\/product_cat?post=6381"},{"taxonomy":"product_tag","embeddable":true,"href":"https:\/\/detailspot.lt\/en\/wp-json\/wp\/v2\/product_tag?post=6381"}],"curies":[{"name":"wp","href":"https:\/\/api.w.org\/{rel}","templated":true}]}}