{"id":6380,"date":"2023-04-02T21:13:54","date_gmt":"2023-04-02T18:13:54","guid":{"rendered":"https:\/\/detailspot.lt\/produktas\/professional-microfibre-cloth-set\/"},"modified":"2023-04-02T21:13:54","modified_gmt":"2023-04-02T18:13:54","slug":"professional-microfibre-cloth-set","status":"publish","type":"product","link":"https:\/\/detailspot.lt\/en\/produktas\/professional-microfibre-cloth-set\/","title":{"rendered":"Professional Microfibre Cloth Set"},"content":{"rendered":"<h1 class=\"h1\">Professional Microfibre Cloth Set<\/h1>\n<p>soft, high density (up to 400 g\/m2). This cloth is perfect for cleaning polish residue and excess wax, and will absorb moisture perfectly when used indoors.<\/p>\n<p>Laser cutting, no seams, which protects the surface from scratching and the high quality microfibre leaves no unwanted lint behind<\/p>\n<p>The set includes:<\/p>\n<p>1 pcs. Professional microfibre cloth in red<\/p>\n<p>1 pcs. Professional microfibre cloth, black<\/p>\n<p>1 pcs. Professional blue microfibre cloth<\/p>\n<p>1 pcs. Professional microfibre cloth in purple<\/p>\n<p>&nbsp;<\/p>\n<p><strong>Special feature:<\/strong><\/p>\n<ol>\n<li>Different colours<\/li>\n<li>Weight: 400 g\/m2<\/li>\n<li>70% polyester, 30% polyamide<\/li>\n<li>Size: 40 x 40 cm<\/li>\n<\/ol>\n","protected":false},"excerpt":{"rendered":"<p>Professional Microfibre Cloth Set soft, high density (up to 400 g\/m2). This cloth is perfect for cleaning polish residue and excess wax, and will absorb moisture perfectly when used indoors. Laser cutting, no seams, which protects the surface from scratching and the high quality microfibre leaves no unwanted lint behind The set includes: 1 pcs.&hellip;<\/p>\n","protected":false},"featured_media":4768,"comment_status":"closed","ping_status":"closed","template":"","meta":[],"product_brand":[],"product_cat":[155,169],"product_tag":[],"class_list":{"0":"post-6380","1":"product","2":"type-product","3":"status-publish","4":"has-post-thumbnail","6":"product_cat-accessories","7":"product_cat-microfibre-cloths","8":"description-off","10":"first","11":"outofstock","12":"sale","13":"taxable","14":"shipping-taxable","15":"purchasable","16":"product-type-simple"},"yoast_head":"<!-- This site is optimized with the Yoast SEO plugin v27.4 - https:\/\/yoast.com\/product\/yoast-seo-wordpress\/ -->\n<title>Professional Microfibre Cloth Set - Detail Spot<\/title>\n<meta name=\"description\" content=\"soft, high density (up to 400 g\/m2). This cloth is perfect for cleaning polish residue and excess wax, and will absorb moisture perfectly when used indoors.\" \/>\n<meta name=\"robots\" content=\"index, follow, max-snippet:-1, max-image-preview:large, max-video-preview:-1\" \/>\n<link rel=\"canonical\" href=\"https:\/\/detailspot.lt\/produktas\/profesionaliu-mikropluosto-sluosciu-rinkinys\/\" \/>\n<meta property=\"og:locale\" content=\"en_US\" \/>\n<meta property=\"og:type\" content=\"article\" \/>\n<meta property=\"og:title\" content=\"Professional Microfibre Cloth Set - Detail Spot\" \/>\n<meta property=\"og:description\" content=\"soft, high density (up to 400 g\/m2). This cloth is perfect for cleaning polish residue and excess wax, and will absorb moisture perfectly when used indoors.\" \/>\n<meta property=\"og:url\" content=\"https:\/\/detailspot.lt\/produktas\/profesionaliu-mikropluosto-sluosciu-rinkinys\/\" \/>\n<meta property=\"og:site_name\" content=\"Detail Spot\" \/>\n<meta property=\"article:publisher\" content=\"https:\/\/www.facebook.com\/profile.php?id=100039208338156\" \/>\n<meta property=\"og:image\" content=\"https:\/\/detailspot.lt\/wp-content\/uploads\/2023\/04\/profesionaliu-mikropluosto-sluosciu-rinkinys-1.jpg\" \/>\n\t<meta property=\"og:image:width\" content=\"1200\" \/>\n\t<meta property=\"og:image:height\" content=\"1600\" \/>\n\t<meta property=\"og:image:type\" content=\"image\/jpeg\" \/>\n<meta name=\"twitter:card\" content=\"summary_large_image\" \/>\n<script type=\"application\/ld+json\" class=\"yoast-schema-graph\">{\"@context\":\"https:\\\/\\\/schema.org\",\"@graph\":[{\"@type\":\"WebPage\",\"@id\":\"https:\\\/\\\/detailspot.lt\\\/produktas\\\/profesionaliu-mikropluosto-sluosciu-rinkinys\\\/\",\"url\":\"https:\\\/\\\/detailspot.lt\\\/produktas\\\/profesionaliu-mikropluosto-sluosciu-rinkinys\\\/\",\"name\":\"Professional Microfibre Cloth Set - Detail Spot\",\"isPartOf\":{\"@id\":\"https:\\\/\\\/detailspot.lt\\\/#website\"},\"primaryImageOfPage\":{\"@id\":\"https:\\\/\\\/detailspot.lt\\\/produktas\\\/profesionaliu-mikropluosto-sluosciu-rinkinys\\\/#primaryimage\"},\"image\":{\"@id\":\"https:\\\/\\\/detailspot.lt\\\/produktas\\\/profesionaliu-mikropluosto-sluosciu-rinkinys\\\/#primaryimage\"},\"thumbnailUrl\":\"https:\\\/\\\/detailspot.lt\\\/wp-content\\\/uploads\\\/2023\\\/04\\\/profesionaliu-mikropluosto-sluosciu-rinkinys-1.jpg\",\"datePublished\":\"2023-04-02T18:13:54+00:00\",\"description\":\"soft, high density (up to 400 g\\\/m2). This cloth is perfect for cleaning polish residue and excess wax, and will absorb moisture perfectly when used indoors.\",\"breadcrumb\":{\"@id\":\"https:\\\/\\\/detailspot.lt\\\/produktas\\\/profesionaliu-mikropluosto-sluosciu-rinkinys\\\/#breadcrumb\"},\"inLanguage\":\"en-US\",\"potentialAction\":[{\"@type\":\"ReadAction\",\"target\":[\"https:\\\/\\\/detailspot.lt\\\/produktas\\\/profesionaliu-mikropluosto-sluosciu-rinkinys\\\/\"]}]},{\"@type\":\"ImageObject\",\"inLanguage\":\"en-US\",\"@id\":\"https:\\\/\\\/detailspot.lt\\\/produktas\\\/profesionaliu-mikropluosto-sluosciu-rinkinys\\\/#primaryimage\",\"url\":\"https:\\\/\\\/detailspot.lt\\\/wp-content\\\/uploads\\\/2023\\\/04\\\/profesionaliu-mikropluosto-sluosciu-rinkinys-1.jpg\",\"contentUrl\":\"https:\\\/\\\/detailspot.lt\\\/wp-content\\\/uploads\\\/2023\\\/04\\\/profesionaliu-mikropluosto-sluosciu-rinkinys-1.jpg\",\"width\":1200,\"height\":1600},{\"@type\":\"BreadcrumbList\",\"@id\":\"https:\\\/\\\/detailspot.lt\\\/produktas\\\/profesionaliu-mikropluosto-sluosciu-rinkinys\\\/#breadcrumb\",\"itemListElement\":[{\"@type\":\"ListItem\",\"position\":1,\"name\":\"Home\",\"item\":\"https:\\\/\\\/detailspot.lt\\\/en\\\/\"},{\"@type\":\"ListItem\",\"position\":2,\"name\":\"Shop\",\"item\":\"https:\\\/\\\/detailspot.lt\\\/en\\\/parduotuve\\\/\"},{\"@type\":\"ListItem\",\"position\":3,\"name\":\"Professional Microfibre Cloth Set\"}]},{\"@type\":\"WebSite\",\"@id\":\"https:\\\/\\\/detailspot.lt\\\/#website\",\"url\":\"https:\\\/\\\/detailspot.lt\\\/\",\"name\":\"Detail Spot\",\"description\":\"Automobili\u0173 prie\u017ei\u016bros priemon\u0117s\",\"publisher\":{\"@id\":\"https:\\\/\\\/detailspot.lt\\\/#organization\"},\"potentialAction\":[{\"@type\":\"SearchAction\",\"target\":{\"@type\":\"EntryPoint\",\"urlTemplate\":\"https:\\\/\\\/detailspot.lt\\\/?s={search_term_string}\"},\"query-input\":{\"@type\":\"PropertyValueSpecification\",\"valueRequired\":true,\"valueName\":\"search_term_string\"}}],\"inLanguage\":\"en-US\"},{\"@type\":\"Organization\",\"@id\":\"https:\\\/\\\/detailspot.lt\\\/#organization\",\"name\":\"Detail Spot\",\"url\":\"https:\\\/\\\/detailspot.lt\\\/\",\"logo\":{\"@type\":\"ImageObject\",\"inLanguage\":\"en-US\",\"@id\":\"https:\\\/\\\/detailspot.lt\\\/#\\\/schema\\\/logo\\\/image\\\/\",\"url\":\"https:\\\/\\\/detailspot.lt\\\/wp-content\\\/uploads\\\/2022\\\/10\\\/logo-original.svg\",\"contentUrl\":\"https:\\\/\\\/detailspot.lt\\\/wp-content\\\/uploads\\\/2022\\\/10\\\/logo-original.svg\",\"width\":1,\"height\":1,\"caption\":\"Detail Spot\"},\"image\":{\"@id\":\"https:\\\/\\\/detailspot.lt\\\/#\\\/schema\\\/logo\\\/image\\\/\"},\"sameAs\":[\"https:\\\/\\\/www.facebook.com\\\/profile.php?id=100039208338156\"]}]}<\/script>\n<!-- \/ Yoast SEO plugin. -->","yoast_head_json":{"title":"Professional Microfibre Cloth Set - Detail Spot","description":"soft, high density (up to 400 g\/m2). This cloth is perfect for cleaning polish residue and excess wax, and will absorb moisture perfectly when used indoors.","robots":{"index":"index","follow":"follow","max-snippet":"max-snippet:-1","max-image-preview":"max-image-preview:large","max-video-preview":"max-video-preview:-1"},"canonical":"https:\/\/detailspot.lt\/produktas\/profesionaliu-mikropluosto-sluosciu-rinkinys\/","og_locale":"en_US","og_type":"article","og_title":"Professional Microfibre Cloth Set - Detail Spot","og_description":"soft, high density (up to 400 g\/m2). This cloth is perfect for cleaning polish residue and excess wax, and will absorb moisture perfectly when used indoors.","og_url":"https:\/\/detailspot.lt\/produktas\/profesionaliu-mikropluosto-sluosciu-rinkinys\/","og_site_name":"Detail Spot","article_publisher":"https:\/\/www.facebook.com\/profile.php?id=100039208338156","og_image":[{"width":1200,"height":1600,"url":"https:\/\/detailspot.lt\/wp-content\/uploads\/2023\/04\/profesionaliu-mikropluosto-sluosciu-rinkinys-1.jpg","type":"image\/jpeg"}],"twitter_card":"summary_large_image","schema":{"@context":"https:\/\/schema.org","@graph":[{"@type":"WebPage","@id":"https:\/\/detailspot.lt\/produktas\/profesionaliu-mikropluosto-sluosciu-rinkinys\/","url":"https:\/\/detailspot.lt\/produktas\/profesionaliu-mikropluosto-sluosciu-rinkinys\/","name":"Professional Microfibre Cloth Set - Detail Spot","isPartOf":{"@id":"https:\/\/detailspot.lt\/#website"},"primaryImageOfPage":{"@id":"https:\/\/detailspot.lt\/produktas\/profesionaliu-mikropluosto-sluosciu-rinkinys\/#primaryimage"},"image":{"@id":"https:\/\/detailspot.lt\/produktas\/profesionaliu-mikropluosto-sluosciu-rinkinys\/#primaryimage"},"thumbnailUrl":"https:\/\/detailspot.lt\/wp-content\/uploads\/2023\/04\/profesionaliu-mikropluosto-sluosciu-rinkinys-1.jpg","datePublished":"2023-04-02T18:13:54+00:00","description":"soft, high density (up to 400 g\/m2). This cloth is perfect for cleaning polish residue and excess wax, and will absorb moisture perfectly when used indoors.","breadcrumb":{"@id":"https:\/\/detailspot.lt\/produktas\/profesionaliu-mikropluosto-sluosciu-rinkinys\/#breadcrumb"},"inLanguage":"en-US","potentialAction":[{"@type":"ReadAction","target":["https:\/\/detailspot.lt\/produktas\/profesionaliu-mikropluosto-sluosciu-rinkinys\/"]}]},{"@type":"ImageObject","inLanguage":"en-US","@id":"https:\/\/detailspot.lt\/produktas\/profesionaliu-mikropluosto-sluosciu-rinkinys\/#primaryimage","url":"https:\/\/detailspot.lt\/wp-content\/uploads\/2023\/04\/profesionaliu-mikropluosto-sluosciu-rinkinys-1.jpg","contentUrl":"https:\/\/detailspot.lt\/wp-content\/uploads\/2023\/04\/profesionaliu-mikropluosto-sluosciu-rinkinys-1.jpg","width":1200,"height":1600},{"@type":"BreadcrumbList","@id":"https:\/\/detailspot.lt\/produktas\/profesionaliu-mikropluosto-sluosciu-rinkinys\/#breadcrumb","itemListElement":[{"@type":"ListItem","position":1,"name":"Home","item":"https:\/\/detailspot.lt\/en\/"},{"@type":"ListItem","position":2,"name":"Shop","item":"https:\/\/detailspot.lt\/en\/parduotuve\/"},{"@type":"ListItem","position":3,"name":"Professional Microfibre Cloth Set"}]},{"@type":"WebSite","@id":"https:\/\/detailspot.lt\/#website","url":"https:\/\/detailspot.lt\/","name":"Detail Spot","description":"Automobili\u0173 prie\u017ei\u016bros priemon\u0117s","publisher":{"@id":"https:\/\/detailspot.lt\/#organization"},"potentialAction":[{"@type":"SearchAction","target":{"@type":"EntryPoint","urlTemplate":"https:\/\/detailspot.lt\/?s={search_term_string}"},"query-input":{"@type":"PropertyValueSpecification","valueRequired":true,"valueName":"search_term_string"}}],"inLanguage":"en-US"},{"@type":"Organization","@id":"https:\/\/detailspot.lt\/#organization","name":"Detail Spot","url":"https:\/\/detailspot.lt\/","logo":{"@type":"ImageObject","inLanguage":"en-US","@id":"https:\/\/detailspot.lt\/#\/schema\/logo\/image\/","url":"https:\/\/detailspot.lt\/wp-content\/uploads\/2022\/10\/logo-original.svg","contentUrl":"https:\/\/detailspot.lt\/wp-content\/uploads\/2022\/10\/logo-original.svg","width":1,"height":1,"caption":"Detail Spot"},"image":{"@id":"https:\/\/detailspot.lt\/#\/schema\/logo\/image\/"},"sameAs":["https:\/\/www.facebook.com\/profile.php?id=100039208338156"]}]}},"_links":{"self":[{"href":"https:\/\/detailspot.lt\/en\/wp-json\/wp\/v2\/product\/6380","targetHints":{"allow":["GET"]}}],"collection":[{"href":"https:\/\/detailspot.lt\/en\/wp-json\/wp\/v2\/product"}],"about":[{"href":"https:\/\/detailspot.lt\/en\/wp-json\/wp\/v2\/types\/product"}],"replies":[{"embeddable":true,"href":"https:\/\/detailspot.lt\/en\/wp-json\/wp\/v2\/comments?post=6380"}],"wp:featuredmedia":[{"embeddable":true,"href":"https:\/\/detailspot.lt\/en\/wp-json\/wp\/v2\/media\/4768"}],"wp:attachment":[{"href":"https:\/\/detailspot.lt\/en\/wp-json\/wp\/v2\/media?parent=6380"}],"wp:term":[{"taxonomy":"product_brand","embeddable":true,"href":"https:\/\/detailspot.lt\/en\/wp-json\/wp\/v2\/product_brand?post=6380"},{"taxonomy":"product_cat","embeddable":true,"href":"https:\/\/detailspot.lt\/en\/wp-json\/wp\/v2\/product_cat?post=6380"},{"taxonomy":"product_tag","embeddable":true,"href":"https:\/\/detailspot.lt\/en\/wp-json\/wp\/v2\/product_tag?post=6380"}],"curies":[{"name":"wp","href":"https:\/\/api.w.org\/{rel}","templated":true}]}}