{"id":6377,"date":"2023-04-05T09:17:55","date_gmt":"2023-04-05T06:17:55","guid":{"rendered":"https:\/\/detailspot.lt\/produktas\/fx-protect-wheel-armour-rim-coating\/"},"modified":"2024-04-08T10:02:37","modified_gmt":"2024-04-08T07:02:37","slug":"fx-protect-wheel-armour-rim-coating","status":"publish","type":"product","link":"https:\/\/detailspot.lt\/en\/produktas\/fx-protect-wheel-armour-rim-coating\/","title":{"rendered":"FX Protect Wheel Armour rim coating"},"content":{"rendered":"<h2>FX Protect Wheel Armour rim coating<\/h2>\n<p>Protective rim coating with high heat resistance. The coating creates an invisible, long-lasting layer that protects against environmental aggressors, clinging brake dust and facilitates the maintenance of wheels or other coated surfaces. For normal maintenance, it is sufficient to wash the coated surface with a strong jet of water or mild chemicals.<\/p>\n<p><strong>Features<br \/>\n<\/strong><\/p>\n<ul>\n<li>Can be used on all types of rims: lacquered, painted, polished aluminium, chrome<\/li>\n<li>Can be used on exhaust systems<\/li>\n<li>Protection against corrosion and oxidation<\/li>\n<li>Water and mud repellency<\/li>\n<li>Slippery surface effect<\/li>\n<li>Protection against UV radiation<\/li>\n<li>Resistance to aggressive chemicals and heat<\/li>\n<\/ul>\n<p><strong>Technical features<\/strong><\/p>\n<ul>\n<li>Protection: 12 months<\/li>\n<li>Coating thickness: 0,6-1 \u03bcm<\/li>\n<li>Yield: 15ml &#8211; for a set of rims up to R21 ; 30ml &#8211; for 2x sets of rims up to R21<\/li>\n<li>Temperature resistance: up to 426\u00b0C<\/li>\n<li>Curing time: 24h<\/li>\n<li>Chemical resistance: 2-12 ph<\/li>\n<\/ul>\n<p style=\"text-align: center;\"><img loading=\"lazy\" decoding=\"async\" class=\"alignnone size-full wp-image-1096\" src=\"https:\/\/detailspot.lt\/wp-content\/uploads\/2022\/11\/fx-protect-logo-white-background-ireland.jpg\" alt=\"\" width=\"300\" height=\"123\" srcset=\"https:\/\/detailspot.lt\/wp-content\/uploads\/2022\/11\/fx-protect-logo-white-background-ireland.jpg 300w, https:\/\/detailspot.lt\/wp-content\/uploads\/2022\/11\/fx-protect-logo-white-background-ireland-64x26.jpg 64w\" sizes=\"auto, (max-width: 300px) 100vw, 300px\" \/><\/p>\n","protected":false},"excerpt":{"rendered":"<p>FX Protect Wheel Armour rim coating Protective rim coating with high heat resistance. The coating creates an invisible, long-lasting layer that protects against environmental aggressors, clinging brake dust and facilitates the maintenance of wheels or other coated surfaces. For normal maintenance, it is sufficient to wash the coated surface with a strong jet of water&hellip;<\/p>\n","protected":false},"featured_media":4776,"comment_status":"closed","ping_status":"closed","template":"","meta":[],"product_brand":[],"product_cat":[161,177,175],"product_tag":[],"class_list":{"0":"post-6377","1":"product","2":"type-product","3":"status-publish","4":"has-post-thumbnail","6":"product_cat-protective-coatings","7":"product_cat-wheel-care","8":"product_cat-wheels-and-tyres","9":"description-off","11":"first","12":"instock","13":"taxable","14":"shipping-taxable","15":"purchasable","16":"product-type-variable"},"yoast_head":"<!-- This site is optimized with the Yoast SEO plugin v27.5 - https:\/\/yoast.com\/product\/yoast-seo-wordpress\/ -->\n<title>FX Protect Wheel Armour rim coating - Detail Spot<\/title>\n<meta name=\"description\" content=\"The coating creates a long-lasting protective layer against environmental influences, clinging brake dust and facilitates the maintenance of rims or other coated surfaces\" \/>\n<meta name=\"robots\" content=\"index, follow, max-snippet:-1, max-image-preview:large, max-video-preview:-1\" \/>\n<link rel=\"canonical\" href=\"https:\/\/detailspot.lt\/en\/produktas\/fx-protect-wheel-armour-rim-coating\/\" \/>\n<meta property=\"og:locale\" content=\"en_US\" \/>\n<meta property=\"og:type\" content=\"article\" \/>\n<meta property=\"og:title\" content=\"FX Protect Wheel Armour rim coating - Detail Spot\" \/>\n<meta property=\"og:description\" content=\"The coating creates a long-lasting protective layer against environmental influences, clinging brake dust and facilitates the maintenance of rims or other coated surfaces\" \/>\n<meta property=\"og:url\" content=\"https:\/\/detailspot.lt\/en\/produktas\/fx-protect-wheel-armour-rim-coating\/\" \/>\n<meta property=\"og:site_name\" content=\"Detail Spot\" \/>\n<meta property=\"article:publisher\" content=\"https:\/\/www.facebook.com\/profile.php?id=100039208338156\" \/>\n<meta property=\"article:modified_time\" content=\"2024-04-08T07:02:37+00:00\" \/>\n<meta property=\"og:image\" content=\"https:\/\/detailspot.lt\/wp-content\/uploads\/2023\/04\/fx-protect-wheel-armour-danga-ratlankiams-1.jpg\" \/>\n\t<meta property=\"og:image:width\" content=\"1000\" \/>\n\t<meta property=\"og:image:height\" content=\"1000\" \/>\n\t<meta property=\"og:image:type\" content=\"image\/jpeg\" \/>\n<meta name=\"twitter:card\" content=\"summary_large_image\" \/>\n<meta name=\"twitter:label1\" content=\"Est. reading time\" \/>\n\t<meta name=\"twitter:data1\" content=\"1 minute\" \/>\n<script type=\"application\/ld+json\" class=\"yoast-schema-graph\">{\"@context\":\"https:\\\/\\\/schema.org\",\"@graph\":[{\"@type\":\"WebPage\",\"@id\":\"https:\\\/\\\/detailspot.lt\\\/en\\\/produktas\\\/fx-protect-wheel-armour-rim-coating\\\/\",\"url\":\"https:\\\/\\\/detailspot.lt\\\/en\\\/produktas\\\/fx-protect-wheel-armour-rim-coating\\\/\",\"name\":\"FX Protect Wheel Armour rim coating - Detail Spot\",\"isPartOf\":{\"@id\":\"https:\\\/\\\/detailspot.lt\\\/#website\"},\"primaryImageOfPage\":{\"@id\":\"https:\\\/\\\/detailspot.lt\\\/en\\\/produktas\\\/fx-protect-wheel-armour-rim-coating\\\/#primaryimage\"},\"image\":{\"@id\":\"https:\\\/\\\/detailspot.lt\\\/en\\\/produktas\\\/fx-protect-wheel-armour-rim-coating\\\/#primaryimage\"},\"thumbnailUrl\":\"https:\\\/\\\/detailspot.lt\\\/wp-content\\\/uploads\\\/2023\\\/04\\\/fx-protect-wheel-armour-danga-ratlankiams-1.jpg\",\"datePublished\":\"2023-04-05T06:17:55+00:00\",\"dateModified\":\"2024-04-08T07:02:37+00:00\",\"description\":\"The coating creates a long-lasting protective layer against environmental influences, clinging brake dust and facilitates the maintenance of rims or other coated surfaces\",\"breadcrumb\":{\"@id\":\"https:\\\/\\\/detailspot.lt\\\/en\\\/produktas\\\/fx-protect-wheel-armour-rim-coating\\\/#breadcrumb\"},\"inLanguage\":\"en-US\",\"potentialAction\":[{\"@type\":\"ReadAction\",\"target\":[\"https:\\\/\\\/detailspot.lt\\\/en\\\/produktas\\\/fx-protect-wheel-armour-rim-coating\\\/\"]}]},{\"@type\":\"ImageObject\",\"inLanguage\":\"en-US\",\"@id\":\"https:\\\/\\\/detailspot.lt\\\/en\\\/produktas\\\/fx-protect-wheel-armour-rim-coating\\\/#primaryimage\",\"url\":\"https:\\\/\\\/detailspot.lt\\\/wp-content\\\/uploads\\\/2023\\\/04\\\/fx-protect-wheel-armour-danga-ratlankiams-1.jpg\",\"contentUrl\":\"https:\\\/\\\/detailspot.lt\\\/wp-content\\\/uploads\\\/2023\\\/04\\\/fx-protect-wheel-armour-danga-ratlankiams-1.jpg\",\"width\":1000,\"height\":1000,\"caption\":\"FX Protect wheel armour prek\u0117s i\u0161vaizda\"},{\"@type\":\"BreadcrumbList\",\"@id\":\"https:\\\/\\\/detailspot.lt\\\/en\\\/produktas\\\/fx-protect-wheel-armour-rim-coating\\\/#breadcrumb\",\"itemListElement\":[{\"@type\":\"ListItem\",\"position\":1,\"name\":\"Home\",\"item\":\"https:\\\/\\\/detailspot.lt\\\/en\\\/\"},{\"@type\":\"ListItem\",\"position\":2,\"name\":\"Shop\",\"item\":\"https:\\\/\\\/detailspot.lt\\\/en\\\/parduotuve\\\/\"},{\"@type\":\"ListItem\",\"position\":3,\"name\":\"FX Protect Wheel Armour rim coating\"}]},{\"@type\":\"WebSite\",\"@id\":\"https:\\\/\\\/detailspot.lt\\\/#website\",\"url\":\"https:\\\/\\\/detailspot.lt\\\/\",\"name\":\"Detail Spot\",\"description\":\"Automobili\u0173 prie\u017ei\u016bros priemon\u0117s\",\"publisher\":{\"@id\":\"https:\\\/\\\/detailspot.lt\\\/#organization\"},\"potentialAction\":[{\"@type\":\"SearchAction\",\"target\":{\"@type\":\"EntryPoint\",\"urlTemplate\":\"https:\\\/\\\/detailspot.lt\\\/?s={search_term_string}\"},\"query-input\":{\"@type\":\"PropertyValueSpecification\",\"valueRequired\":true,\"valueName\":\"search_term_string\"}}],\"inLanguage\":\"en-US\"},{\"@type\":\"Organization\",\"@id\":\"https:\\\/\\\/detailspot.lt\\\/#organization\",\"name\":\"Detail Spot\",\"url\":\"https:\\\/\\\/detailspot.lt\\\/\",\"logo\":{\"@type\":\"ImageObject\",\"inLanguage\":\"en-US\",\"@id\":\"https:\\\/\\\/detailspot.lt\\\/#\\\/schema\\\/logo\\\/image\\\/\",\"url\":\"https:\\\/\\\/detailspot.lt\\\/wp-content\\\/uploads\\\/2022\\\/10\\\/logo-original.svg\",\"contentUrl\":\"https:\\\/\\\/detailspot.lt\\\/wp-content\\\/uploads\\\/2022\\\/10\\\/logo-original.svg\",\"width\":1,\"height\":1,\"caption\":\"Detail Spot\"},\"image\":{\"@id\":\"https:\\\/\\\/detailspot.lt\\\/#\\\/schema\\\/logo\\\/image\\\/\"},\"sameAs\":[\"https:\\\/\\\/www.facebook.com\\\/profile.php?id=100039208338156\"]}]}<\/script>\n<!-- \/ Yoast SEO plugin. -->","yoast_head_json":{"title":"FX Protect Wheel Armour rim coating - Detail Spot","description":"The coating creates a long-lasting protective layer against environmental influences, clinging brake dust and facilitates the maintenance of rims or other coated surfaces","robots":{"index":"index","follow":"follow","max-snippet":"max-snippet:-1","max-image-preview":"max-image-preview:large","max-video-preview":"max-video-preview:-1"},"canonical":"https:\/\/detailspot.lt\/en\/produktas\/fx-protect-wheel-armour-rim-coating\/","og_locale":"en_US","og_type":"article","og_title":"FX Protect Wheel Armour rim coating - Detail Spot","og_description":"The coating creates a long-lasting protective layer against environmental influences, clinging brake dust and facilitates the maintenance of rims or other coated surfaces","og_url":"https:\/\/detailspot.lt\/en\/produktas\/fx-protect-wheel-armour-rim-coating\/","og_site_name":"Detail Spot","article_publisher":"https:\/\/www.facebook.com\/profile.php?id=100039208338156","article_modified_time":"2024-04-08T07:02:37+00:00","og_image":[{"width":1000,"height":1000,"url":"https:\/\/detailspot.lt\/wp-content\/uploads\/2023\/04\/fx-protect-wheel-armour-danga-ratlankiams-1.jpg","type":"image\/jpeg"}],"twitter_card":"summary_large_image","twitter_misc":{"Est. reading time":"1 minute"},"schema":{"@context":"https:\/\/schema.org","@graph":[{"@type":"WebPage","@id":"https:\/\/detailspot.lt\/en\/produktas\/fx-protect-wheel-armour-rim-coating\/","url":"https:\/\/detailspot.lt\/en\/produktas\/fx-protect-wheel-armour-rim-coating\/","name":"FX Protect Wheel Armour rim coating - Detail Spot","isPartOf":{"@id":"https:\/\/detailspot.lt\/#website"},"primaryImageOfPage":{"@id":"https:\/\/detailspot.lt\/en\/produktas\/fx-protect-wheel-armour-rim-coating\/#primaryimage"},"image":{"@id":"https:\/\/detailspot.lt\/en\/produktas\/fx-protect-wheel-armour-rim-coating\/#primaryimage"},"thumbnailUrl":"https:\/\/detailspot.lt\/wp-content\/uploads\/2023\/04\/fx-protect-wheel-armour-danga-ratlankiams-1.jpg","datePublished":"2023-04-05T06:17:55+00:00","dateModified":"2024-04-08T07:02:37+00:00","description":"The coating creates a long-lasting protective layer against environmental influences, clinging brake dust and facilitates the maintenance of rims or other coated surfaces","breadcrumb":{"@id":"https:\/\/detailspot.lt\/en\/produktas\/fx-protect-wheel-armour-rim-coating\/#breadcrumb"},"inLanguage":"en-US","potentialAction":[{"@type":"ReadAction","target":["https:\/\/detailspot.lt\/en\/produktas\/fx-protect-wheel-armour-rim-coating\/"]}]},{"@type":"ImageObject","inLanguage":"en-US","@id":"https:\/\/detailspot.lt\/en\/produktas\/fx-protect-wheel-armour-rim-coating\/#primaryimage","url":"https:\/\/detailspot.lt\/wp-content\/uploads\/2023\/04\/fx-protect-wheel-armour-danga-ratlankiams-1.jpg","contentUrl":"https:\/\/detailspot.lt\/wp-content\/uploads\/2023\/04\/fx-protect-wheel-armour-danga-ratlankiams-1.jpg","width":1000,"height":1000,"caption":"FX Protect wheel armour prek\u0117s i\u0161vaizda"},{"@type":"BreadcrumbList","@id":"https:\/\/detailspot.lt\/en\/produktas\/fx-protect-wheel-armour-rim-coating\/#breadcrumb","itemListElement":[{"@type":"ListItem","position":1,"name":"Home","item":"https:\/\/detailspot.lt\/en\/"},{"@type":"ListItem","position":2,"name":"Shop","item":"https:\/\/detailspot.lt\/en\/parduotuve\/"},{"@type":"ListItem","position":3,"name":"FX Protect Wheel Armour rim coating"}]},{"@type":"WebSite","@id":"https:\/\/detailspot.lt\/#website","url":"https:\/\/detailspot.lt\/","name":"Detail Spot","description":"Automobili\u0173 prie\u017ei\u016bros priemon\u0117s","publisher":{"@id":"https:\/\/detailspot.lt\/#organization"},"potentialAction":[{"@type":"SearchAction","target":{"@type":"EntryPoint","urlTemplate":"https:\/\/detailspot.lt\/?s={search_term_string}"},"query-input":{"@type":"PropertyValueSpecification","valueRequired":true,"valueName":"search_term_string"}}],"inLanguage":"en-US"},{"@type":"Organization","@id":"https:\/\/detailspot.lt\/#organization","name":"Detail Spot","url":"https:\/\/detailspot.lt\/","logo":{"@type":"ImageObject","inLanguage":"en-US","@id":"https:\/\/detailspot.lt\/#\/schema\/logo\/image\/","url":"https:\/\/detailspot.lt\/wp-content\/uploads\/2022\/10\/logo-original.svg","contentUrl":"https:\/\/detailspot.lt\/wp-content\/uploads\/2022\/10\/logo-original.svg","width":1,"height":1,"caption":"Detail Spot"},"image":{"@id":"https:\/\/detailspot.lt\/#\/schema\/logo\/image\/"},"sameAs":["https:\/\/www.facebook.com\/profile.php?id=100039208338156"]}]}},"_links":{"self":[{"href":"https:\/\/detailspot.lt\/en\/wp-json\/wp\/v2\/product\/6377","targetHints":{"allow":["GET"]}}],"collection":[{"href":"https:\/\/detailspot.lt\/en\/wp-json\/wp\/v2\/product"}],"about":[{"href":"https:\/\/detailspot.lt\/en\/wp-json\/wp\/v2\/types\/product"}],"replies":[{"embeddable":true,"href":"https:\/\/detailspot.lt\/en\/wp-json\/wp\/v2\/comments?post=6377"}],"wp:featuredmedia":[{"embeddable":true,"href":"https:\/\/detailspot.lt\/en\/wp-json\/wp\/v2\/media\/4776"}],"wp:attachment":[{"href":"https:\/\/detailspot.lt\/en\/wp-json\/wp\/v2\/media?parent=6377"}],"wp:term":[{"taxonomy":"product_brand","embeddable":true,"href":"https:\/\/detailspot.lt\/en\/wp-json\/wp\/v2\/product_brand?post=6377"},{"taxonomy":"product_cat","embeddable":true,"href":"https:\/\/detailspot.lt\/en\/wp-json\/wp\/v2\/product_cat?post=6377"},{"taxonomy":"product_tag","embeddable":true,"href":"https:\/\/detailspot.lt\/en\/wp-json\/wp\/v2\/product_tag?post=6377"}],"curies":[{"name":"wp","href":"https:\/\/api.w.org\/{rel}","templated":true}]}}