{"id":6374,"date":"2023-04-12T09:56:42","date_gmt":"2023-04-12T06:56:42","guid":{"rendered":"https:\/\/detailspot.lt\/produktas\/3d-aca-510-rubbing-compound\/"},"modified":"2023-04-12T09:56:42","modified_gmt":"2023-04-12T06:56:42","slug":"3d-aca-510-rubbing-compound","status":"publish","type":"product","link":"https:\/\/detailspot.lt\/en\/produktas\/3d-aca-510-rubbing-compound\/","title":{"rendered":"3D ACA 510 Rubbing Compound"},"content":{"rendered":"<h1><strong>ACA510 Premium Rubbing Compound<\/strong><\/h1>\n<p>This is a completely new product on the market that contains aluminium oxides and prevents the surfaces from heating up compared to other polyols. This polishing paste has been designed to make the first (sharp) step in varnish correction quick and even easier. Whether large or small, defects in varnish or painted surfaces will be fixed &#8211; instantly.<\/p>\n<p>&nbsp;<\/p>\n<p>&nbsp;<\/p>\n<p style=\"text-align: center;\"><img loading=\"lazy\" decoding=\"async\" class=\"alignnone size-medium wp-image-2457\" src=\"https:\/\/detailspot.lt\/wp-content\/uploads\/2022\/12\/3d-international-logo-300x178.webp\" alt=\"\" width=\"300\" height=\"178\" srcset=\"https:\/\/detailspot.lt\/wp-content\/uploads\/2022\/12\/3d-international-logo-300x178.webp 300w, https:\/\/detailspot.lt\/wp-content\/uploads\/2022\/12\/3d-international-logo-600x357.webp 600w, https:\/\/detailspot.lt\/wp-content\/uploads\/2022\/12\/3d-international-logo-64x38.webp 64w, https:\/\/detailspot.lt\/wp-content\/uploads\/2022\/12\/3d-international-logo.webp 626w\" sizes=\"auto, (max-width: 300px) 100vw, 300px\" \/><\/p>\n","protected":false},"excerpt":{"rendered":"<p>ACA510 Premium Rubbing Compound This is a completely new product on the market that contains aluminium oxides and prevents the surfaces from heating up compared to other polyols. This polishing paste has been designed to make the first (sharp) step in varnish correction quick and even easier. Whether large or small, defects in varnish or&hellip;<\/p>\n","protected":false},"featured_media":4793,"comment_status":"closed","ping_status":"closed","template":"","meta":[],"product_brand":[],"product_cat":[173,170],"product_tag":[],"class_list":{"0":"post-6374","1":"product","2":"type-product","3":"status-publish","4":"has-post-thumbnail","6":"product_cat-polishing-pastes","7":"product_cat-polishing-tools","8":"description-off","10":"first","11":"instock","12":"taxable","13":"shipping-taxable","14":"purchasable","15":"product-type-variable"},"yoast_head":"<!-- This site is optimized with the Yoast SEO plugin v27.4 - https:\/\/yoast.com\/product\/yoast-seo-wordpress\/ -->\n<title>3D ACA 510 Rubbing Compound - Detail Spot<\/title>\n<meta name=\"description\" content=\"This is a completely new product on the market, which contains aluminium oxides and prevents the surfaces from heating up compared to other polyols\" \/>\n<meta name=\"robots\" content=\"index, follow, max-snippet:-1, max-image-preview:large, max-video-preview:-1\" \/>\n<link rel=\"canonical\" href=\"https:\/\/detailspot.lt\/en\/produktas\/3d-aca-510-rubbing-compound\/\" \/>\n<meta property=\"og:locale\" content=\"en_US\" \/>\n<meta property=\"og:type\" content=\"article\" \/>\n<meta property=\"og:title\" content=\"3D ACA 510 Rubbing Compound - Detail Spot\" \/>\n<meta property=\"og:description\" content=\"This is a completely new product on the market, which contains aluminium oxides and prevents the surfaces from heating up compared to other polyols\" \/>\n<meta property=\"og:url\" content=\"https:\/\/detailspot.lt\/en\/produktas\/3d-aca-510-rubbing-compound\/\" \/>\n<meta property=\"og:site_name\" content=\"Detail Spot\" \/>\n<meta property=\"article:publisher\" content=\"https:\/\/www.facebook.com\/profile.php?id=100039208338156\" \/>\n<meta property=\"og:image\" content=\"https:\/\/detailspot.lt\/wp-content\/uploads\/2023\/04\/3d-aca-510-rubbing-compound-korekcijos-pasta-1.jpg\" \/>\n\t<meta property=\"og:image:width\" content=\"1188\" \/>\n\t<meta property=\"og:image:height\" content=\"1188\" \/>\n\t<meta property=\"og:image:type\" content=\"image\/jpeg\" \/>\n<meta name=\"twitter:card\" content=\"summary_large_image\" \/>\n<script type=\"application\/ld+json\" class=\"yoast-schema-graph\">{\"@context\":\"https:\\\/\\\/schema.org\",\"@graph\":[{\"@type\":\"WebPage\",\"@id\":\"https:\\\/\\\/detailspot.lt\\\/en\\\/produktas\\\/3d-aca-510-rubbing-compound\\\/\",\"url\":\"https:\\\/\\\/detailspot.lt\\\/en\\\/produktas\\\/3d-aca-510-rubbing-compound\\\/\",\"name\":\"3D ACA 510 Rubbing Compound - Detail Spot\",\"isPartOf\":{\"@id\":\"https:\\\/\\\/detailspot.lt\\\/#website\"},\"primaryImageOfPage\":{\"@id\":\"https:\\\/\\\/detailspot.lt\\\/en\\\/produktas\\\/3d-aca-510-rubbing-compound\\\/#primaryimage\"},\"image\":{\"@id\":\"https:\\\/\\\/detailspot.lt\\\/en\\\/produktas\\\/3d-aca-510-rubbing-compound\\\/#primaryimage\"},\"thumbnailUrl\":\"https:\\\/\\\/detailspot.lt\\\/wp-content\\\/uploads\\\/2023\\\/04\\\/3d-aca-510-rubbing-compound-korekcijos-pasta-1.jpg\",\"datePublished\":\"2023-04-12T06:56:42+00:00\",\"description\":\"This is a completely new product on the market, which contains aluminium oxides and prevents the surfaces from heating up compared to other polyols\",\"breadcrumb\":{\"@id\":\"https:\\\/\\\/detailspot.lt\\\/en\\\/produktas\\\/3d-aca-510-rubbing-compound\\\/#breadcrumb\"},\"inLanguage\":\"en-US\",\"potentialAction\":[{\"@type\":\"ReadAction\",\"target\":[\"https:\\\/\\\/detailspot.lt\\\/en\\\/produktas\\\/3d-aca-510-rubbing-compound\\\/\"]}]},{\"@type\":\"ImageObject\",\"inLanguage\":\"en-US\",\"@id\":\"https:\\\/\\\/detailspot.lt\\\/en\\\/produktas\\\/3d-aca-510-rubbing-compound\\\/#primaryimage\",\"url\":\"https:\\\/\\\/detailspot.lt\\\/wp-content\\\/uploads\\\/2023\\\/04\\\/3d-aca-510-rubbing-compound-korekcijos-pasta-1.jpg\",\"contentUrl\":\"https:\\\/\\\/detailspot.lt\\\/wp-content\\\/uploads\\\/2023\\\/04\\\/3d-aca-510-rubbing-compound-korekcijos-pasta-1.jpg\",\"width\":1188,\"height\":1188},{\"@type\":\"BreadcrumbList\",\"@id\":\"https:\\\/\\\/detailspot.lt\\\/en\\\/produktas\\\/3d-aca-510-rubbing-compound\\\/#breadcrumb\",\"itemListElement\":[{\"@type\":\"ListItem\",\"position\":1,\"name\":\"Home\",\"item\":\"https:\\\/\\\/detailspot.lt\\\/en\\\/\"},{\"@type\":\"ListItem\",\"position\":2,\"name\":\"Shop\",\"item\":\"https:\\\/\\\/detailspot.lt\\\/en\\\/parduotuve\\\/\"},{\"@type\":\"ListItem\",\"position\":3,\"name\":\"3D ACA 510 Rubbing Compound\"}]},{\"@type\":\"WebSite\",\"@id\":\"https:\\\/\\\/detailspot.lt\\\/#website\",\"url\":\"https:\\\/\\\/detailspot.lt\\\/\",\"name\":\"Detail Spot\",\"description\":\"Automobili\u0173 prie\u017ei\u016bros priemon\u0117s\",\"publisher\":{\"@id\":\"https:\\\/\\\/detailspot.lt\\\/#organization\"},\"potentialAction\":[{\"@type\":\"SearchAction\",\"target\":{\"@type\":\"EntryPoint\",\"urlTemplate\":\"https:\\\/\\\/detailspot.lt\\\/?s={search_term_string}\"},\"query-input\":{\"@type\":\"PropertyValueSpecification\",\"valueRequired\":true,\"valueName\":\"search_term_string\"}}],\"inLanguage\":\"en-US\"},{\"@type\":\"Organization\",\"@id\":\"https:\\\/\\\/detailspot.lt\\\/#organization\",\"name\":\"Detail Spot\",\"url\":\"https:\\\/\\\/detailspot.lt\\\/\",\"logo\":{\"@type\":\"ImageObject\",\"inLanguage\":\"en-US\",\"@id\":\"https:\\\/\\\/detailspot.lt\\\/#\\\/schema\\\/logo\\\/image\\\/\",\"url\":\"https:\\\/\\\/detailspot.lt\\\/wp-content\\\/uploads\\\/2022\\\/10\\\/logo-original.svg\",\"contentUrl\":\"https:\\\/\\\/detailspot.lt\\\/wp-content\\\/uploads\\\/2022\\\/10\\\/logo-original.svg\",\"width\":1,\"height\":1,\"caption\":\"Detail Spot\"},\"image\":{\"@id\":\"https:\\\/\\\/detailspot.lt\\\/#\\\/schema\\\/logo\\\/image\\\/\"},\"sameAs\":[\"https:\\\/\\\/www.facebook.com\\\/profile.php?id=100039208338156\"]}]}<\/script>\n<!-- \/ Yoast SEO plugin. -->","yoast_head_json":{"title":"3D ACA 510 Rubbing Compound - Detail Spot","description":"This is a completely new product on the market, which contains aluminium oxides and prevents the surfaces from heating up compared to other polyols","robots":{"index":"index","follow":"follow","max-snippet":"max-snippet:-1","max-image-preview":"max-image-preview:large","max-video-preview":"max-video-preview:-1"},"canonical":"https:\/\/detailspot.lt\/en\/produktas\/3d-aca-510-rubbing-compound\/","og_locale":"en_US","og_type":"article","og_title":"3D ACA 510 Rubbing Compound - Detail Spot","og_description":"This is a completely new product on the market, which contains aluminium oxides and prevents the surfaces from heating up compared to other polyols","og_url":"https:\/\/detailspot.lt\/en\/produktas\/3d-aca-510-rubbing-compound\/","og_site_name":"Detail Spot","article_publisher":"https:\/\/www.facebook.com\/profile.php?id=100039208338156","og_image":[{"width":1188,"height":1188,"url":"https:\/\/detailspot.lt\/wp-content\/uploads\/2023\/04\/3d-aca-510-rubbing-compound-korekcijos-pasta-1.jpg","type":"image\/jpeg"}],"twitter_card":"summary_large_image","schema":{"@context":"https:\/\/schema.org","@graph":[{"@type":"WebPage","@id":"https:\/\/detailspot.lt\/en\/produktas\/3d-aca-510-rubbing-compound\/","url":"https:\/\/detailspot.lt\/en\/produktas\/3d-aca-510-rubbing-compound\/","name":"3D ACA 510 Rubbing Compound - Detail Spot","isPartOf":{"@id":"https:\/\/detailspot.lt\/#website"},"primaryImageOfPage":{"@id":"https:\/\/detailspot.lt\/en\/produktas\/3d-aca-510-rubbing-compound\/#primaryimage"},"image":{"@id":"https:\/\/detailspot.lt\/en\/produktas\/3d-aca-510-rubbing-compound\/#primaryimage"},"thumbnailUrl":"https:\/\/detailspot.lt\/wp-content\/uploads\/2023\/04\/3d-aca-510-rubbing-compound-korekcijos-pasta-1.jpg","datePublished":"2023-04-12T06:56:42+00:00","description":"This is a completely new product on the market, which contains aluminium oxides and prevents the surfaces from heating up compared to other polyols","breadcrumb":{"@id":"https:\/\/detailspot.lt\/en\/produktas\/3d-aca-510-rubbing-compound\/#breadcrumb"},"inLanguage":"en-US","potentialAction":[{"@type":"ReadAction","target":["https:\/\/detailspot.lt\/en\/produktas\/3d-aca-510-rubbing-compound\/"]}]},{"@type":"ImageObject","inLanguage":"en-US","@id":"https:\/\/detailspot.lt\/en\/produktas\/3d-aca-510-rubbing-compound\/#primaryimage","url":"https:\/\/detailspot.lt\/wp-content\/uploads\/2023\/04\/3d-aca-510-rubbing-compound-korekcijos-pasta-1.jpg","contentUrl":"https:\/\/detailspot.lt\/wp-content\/uploads\/2023\/04\/3d-aca-510-rubbing-compound-korekcijos-pasta-1.jpg","width":1188,"height":1188},{"@type":"BreadcrumbList","@id":"https:\/\/detailspot.lt\/en\/produktas\/3d-aca-510-rubbing-compound\/#breadcrumb","itemListElement":[{"@type":"ListItem","position":1,"name":"Home","item":"https:\/\/detailspot.lt\/en\/"},{"@type":"ListItem","position":2,"name":"Shop","item":"https:\/\/detailspot.lt\/en\/parduotuve\/"},{"@type":"ListItem","position":3,"name":"3D ACA 510 Rubbing Compound"}]},{"@type":"WebSite","@id":"https:\/\/detailspot.lt\/#website","url":"https:\/\/detailspot.lt\/","name":"Detail Spot","description":"Automobili\u0173 prie\u017ei\u016bros priemon\u0117s","publisher":{"@id":"https:\/\/detailspot.lt\/#organization"},"potentialAction":[{"@type":"SearchAction","target":{"@type":"EntryPoint","urlTemplate":"https:\/\/detailspot.lt\/?s={search_term_string}"},"query-input":{"@type":"PropertyValueSpecification","valueRequired":true,"valueName":"search_term_string"}}],"inLanguage":"en-US"},{"@type":"Organization","@id":"https:\/\/detailspot.lt\/#organization","name":"Detail Spot","url":"https:\/\/detailspot.lt\/","logo":{"@type":"ImageObject","inLanguage":"en-US","@id":"https:\/\/detailspot.lt\/#\/schema\/logo\/image\/","url":"https:\/\/detailspot.lt\/wp-content\/uploads\/2022\/10\/logo-original.svg","contentUrl":"https:\/\/detailspot.lt\/wp-content\/uploads\/2022\/10\/logo-original.svg","width":1,"height":1,"caption":"Detail Spot"},"image":{"@id":"https:\/\/detailspot.lt\/#\/schema\/logo\/image\/"},"sameAs":["https:\/\/www.facebook.com\/profile.php?id=100039208338156"]}]}},"_links":{"self":[{"href":"https:\/\/detailspot.lt\/en\/wp-json\/wp\/v2\/product\/6374","targetHints":{"allow":["GET"]}}],"collection":[{"href":"https:\/\/detailspot.lt\/en\/wp-json\/wp\/v2\/product"}],"about":[{"href":"https:\/\/detailspot.lt\/en\/wp-json\/wp\/v2\/types\/product"}],"replies":[{"embeddable":true,"href":"https:\/\/detailspot.lt\/en\/wp-json\/wp\/v2\/comments?post=6374"}],"wp:featuredmedia":[{"embeddable":true,"href":"https:\/\/detailspot.lt\/en\/wp-json\/wp\/v2\/media\/4793"}],"wp:attachment":[{"href":"https:\/\/detailspot.lt\/en\/wp-json\/wp\/v2\/media?parent=6374"}],"wp:term":[{"taxonomy":"product_brand","embeddable":true,"href":"https:\/\/detailspot.lt\/en\/wp-json\/wp\/v2\/product_brand?post=6374"},{"taxonomy":"product_cat","embeddable":true,"href":"https:\/\/detailspot.lt\/en\/wp-json\/wp\/v2\/product_cat?post=6374"},{"taxonomy":"product_tag","embeddable":true,"href":"https:\/\/detailspot.lt\/en\/wp-json\/wp\/v2\/product_tag?post=6374"}],"curies":[{"name":"wp","href":"https:\/\/api.w.org\/{rel}","templated":true}]}}