{"id":6370,"date":"2023-12-29T21:44:19","date_gmt":"2023-12-29T19:44:19","guid":{"rendered":"https:\/\/detailspot.lt\/produktas\/bilt-hamber-auto-wheel-metal-particle-remover\/"},"modified":"2024-01-04T08:24:18","modified_gmt":"2024-01-04T06:24:18","slug":"bilt-hamber-auto-wheel-metal-particle-remover","status":"publish","type":"product","link":"https:\/\/detailspot.lt\/en\/produktas\/bilt-hamber-auto-wheel-metal-particle-remover\/","title":{"rendered":"Bilt-Hamber Auto Wheel Metal Particle Remover"},"content":{"rendered":"<div id=\"heading2\">\n<h1>Bilt-Hamber Auto Wheel Metal Particle Remover<\/h1>\n<\/div>\n<div class=\"clear\">A non-acidic, non-alkaline alloy wheel cleaner awarded by enthusiasts and professionals. Rims are usually painted or lacquered, and brake pad dust that settles on these surfaces obscures the beauty of the surface and, if left for long periods of time, damages the surface itself. The Auto-Wheel works on two principles: it turns metal particles into rinsable water and at the same time loosens dirt stuck to the surface. This restores the original shine of the rim without any damage to the surface and protective coatings. In 2015, 2016, 2017 and 2018, Auto Express magazine voted Auto-Wheel the <strong>Best Wheel Cleaner.<\/strong><\/div>\n<div><\/div>\n<div>\n<p><strong>Characteristics:<\/strong><\/p>\n<ol>\n<li>Ready to use<\/li>\n<li>pH neutral cleaner<\/li>\n<li>90% of cases do not require brushing<\/li>\n<li>Does not harm the rim coating or additional protective coating<\/li>\n<\/ol>\n<p><strong>Application:<\/strong><\/p>\n<ol>\n<li>Spray the rim with the product<\/li>\n<li>Leave the product on for 3-5 minutes<\/li>\n<li>Rinse the surface with a high-pressure water jet<\/li>\n<\/ol>\n<p><strong>Tips:<\/strong><\/p>\n<ol>\n<li>Avoid getting on the centre caps<\/li>\n<li>In case of extreme wheel soiling, reinforce the effect of the product with brushes<\/li>\n<\/ol>\n<\/div>\n<p>&nbsp;<\/p>\n<p style=\"text-align: center;\"><img loading=\"lazy\" decoding=\"async\" class=\"alignnone size-full wp-image-4929\" src=\"https:\/\/detailspot.lt\/wp-content\/uploads\/2023\/05\/Bilt-Hamber-logo.png\" alt=\"\" width=\"300\" height=\"217\" srcset=\"https:\/\/detailspot.lt\/wp-content\/uploads\/2023\/05\/Bilt-Hamber-logo.png 300w, https:\/\/detailspot.lt\/wp-content\/uploads\/2023\/05\/Bilt-Hamber-logo-64x46.png 64w\" sizes=\"auto, (max-width: 300px) 100vw, 300px\" \/><\/p>\n","protected":false},"excerpt":{"rendered":"<p>Bilt-Hamber Auto Wheel Metal Particle Remover A non-acidic, non-alkaline alloy wheel cleaner awarded by enthusiasts and professionals. Rims are usually painted or lacquered, and brake pad dust that settles on these surfaces obscures the beauty of the surface and, if left for long periods of time, damages the surface itself. The Auto-Wheel works on two&hellip;<\/p>\n","protected":false},"featured_media":6369,"comment_status":"closed","ping_status":"closed","template":"","meta":[],"product_brand":[],"product_cat":[177,175],"product_tag":[],"class_list":{"0":"post-6370","1":"product","2":"type-product","3":"status-publish","4":"has-post-thumbnail","6":"product_cat-wheel-care","7":"product_cat-wheels-and-tyres","8":"description-off","10":"first","11":"instock","12":"taxable","13":"shipping-taxable","14":"purchasable","15":"product-type-variable"},"yoast_head":"<!-- This site is optimized with the Yoast SEO plugin v27.5 - https:\/\/yoast.com\/product\/yoast-seo-wordpress\/ -->\n<title>Bilt-Hamber Auto Wheel Metal Particle Remover - Detail Spot<\/title>\n<meta name=\"description\" content=\"Bilt-Hamber Auto Wheel Metal Particle Remover A non-acidic, non-alkaline alloy wheel cleaner awarded by enthusiasts and professionals.\" \/>\n<meta name=\"robots\" content=\"index, follow, max-snippet:-1, max-image-preview:large, max-video-preview:-1\" \/>\n<link rel=\"canonical\" href=\"https:\/\/detailspot.lt\/en\/produktas\/bilt-hamber-auto-wheel-metal-particle-remover\/\" \/>\n<meta property=\"og:locale\" content=\"en_US\" \/>\n<meta property=\"og:type\" content=\"article\" \/>\n<meta property=\"og:title\" content=\"Bilt-Hamber Auto Wheel Metal Particle Remover - Detail Spot\" \/>\n<meta property=\"og:description\" content=\"Bilt-Hamber Auto Wheel Metal Particle Remover A non-acidic, non-alkaline alloy wheel cleaner awarded by enthusiasts and professionals.\" \/>\n<meta property=\"og:url\" content=\"https:\/\/detailspot.lt\/en\/produktas\/bilt-hamber-auto-wheel-metal-particle-remover\/\" \/>\n<meta property=\"og:site_name\" content=\"Detail Spot\" \/>\n<meta property=\"article:publisher\" content=\"https:\/\/www.facebook.com\/profile.php?id=100039208338156\" \/>\n<meta property=\"article:modified_time\" content=\"2024-01-04T06:24:18+00:00\" \/>\n<meta property=\"og:image\" content=\"https:\/\/detailspot.lt\/wp-content\/uploads\/2023\/12\/bilt-hamber-auto-wheel-metalo-daleliu-valiklis-1.jpg\" \/>\n\t<meta property=\"og:image:width\" content=\"582\" \/>\n\t<meta property=\"og:image:height\" content=\"582\" \/>\n\t<meta property=\"og:image:type\" content=\"image\/jpeg\" \/>\n<meta name=\"twitter:card\" content=\"summary_large_image\" \/>\n<meta name=\"twitter:label1\" content=\"Est. reading time\" \/>\n\t<meta name=\"twitter:data1\" content=\"1 minute\" \/>\n<script type=\"application\/ld+json\" class=\"yoast-schema-graph\">{\"@context\":\"https:\\\/\\\/schema.org\",\"@graph\":[{\"@type\":\"WebPage\",\"@id\":\"https:\\\/\\\/detailspot.lt\\\/en\\\/produktas\\\/bilt-hamber-auto-wheel-metal-particle-remover\\\/\",\"url\":\"https:\\\/\\\/detailspot.lt\\\/en\\\/produktas\\\/bilt-hamber-auto-wheel-metal-particle-remover\\\/\",\"name\":\"Bilt-Hamber Auto Wheel Metal Particle Remover - Detail Spot\",\"isPartOf\":{\"@id\":\"https:\\\/\\\/detailspot.lt\\\/#website\"},\"primaryImageOfPage\":{\"@id\":\"https:\\\/\\\/detailspot.lt\\\/en\\\/produktas\\\/bilt-hamber-auto-wheel-metal-particle-remover\\\/#primaryimage\"},\"image\":{\"@id\":\"https:\\\/\\\/detailspot.lt\\\/en\\\/produktas\\\/bilt-hamber-auto-wheel-metal-particle-remover\\\/#primaryimage\"},\"thumbnailUrl\":\"https:\\\/\\\/detailspot.lt\\\/wp-content\\\/uploads\\\/2023\\\/12\\\/bilt-hamber-auto-wheel-metalo-daleliu-valiklis-1.jpg\",\"datePublished\":\"2023-12-29T19:44:19+00:00\",\"dateModified\":\"2024-01-04T06:24:18+00:00\",\"description\":\"Bilt-Hamber Auto Wheel Metal Particle Remover A non-acidic, non-alkaline alloy wheel cleaner awarded by enthusiasts and professionals.\",\"breadcrumb\":{\"@id\":\"https:\\\/\\\/detailspot.lt\\\/en\\\/produktas\\\/bilt-hamber-auto-wheel-metal-particle-remover\\\/#breadcrumb\"},\"inLanguage\":\"en-US\",\"potentialAction\":[{\"@type\":\"ReadAction\",\"target\":[\"https:\\\/\\\/detailspot.lt\\\/en\\\/produktas\\\/bilt-hamber-auto-wheel-metal-particle-remover\\\/\"]}]},{\"@type\":\"ImageObject\",\"inLanguage\":\"en-US\",\"@id\":\"https:\\\/\\\/detailspot.lt\\\/en\\\/produktas\\\/bilt-hamber-auto-wheel-metal-particle-remover\\\/#primaryimage\",\"url\":\"https:\\\/\\\/detailspot.lt\\\/wp-content\\\/uploads\\\/2023\\\/12\\\/bilt-hamber-auto-wheel-metalo-daleliu-valiklis-1.jpg\",\"contentUrl\":\"https:\\\/\\\/detailspot.lt\\\/wp-content\\\/uploads\\\/2023\\\/12\\\/bilt-hamber-auto-wheel-metalo-daleliu-valiklis-1.jpg\",\"width\":582,\"height\":582},{\"@type\":\"BreadcrumbList\",\"@id\":\"https:\\\/\\\/detailspot.lt\\\/en\\\/produktas\\\/bilt-hamber-auto-wheel-metal-particle-remover\\\/#breadcrumb\",\"itemListElement\":[{\"@type\":\"ListItem\",\"position\":1,\"name\":\"Home\",\"item\":\"https:\\\/\\\/detailspot.lt\\\/en\\\/\"},{\"@type\":\"ListItem\",\"position\":2,\"name\":\"Shop\",\"item\":\"https:\\\/\\\/detailspot.lt\\\/en\\\/parduotuve\\\/\"},{\"@type\":\"ListItem\",\"position\":3,\"name\":\"Bilt-Hamber Auto Wheel Metal Particle Remover\"}]},{\"@type\":\"WebSite\",\"@id\":\"https:\\\/\\\/detailspot.lt\\\/#website\",\"url\":\"https:\\\/\\\/detailspot.lt\\\/\",\"name\":\"Detail Spot\",\"description\":\"Automobili\u0173 prie\u017ei\u016bros priemon\u0117s\",\"publisher\":{\"@id\":\"https:\\\/\\\/detailspot.lt\\\/#organization\"},\"potentialAction\":[{\"@type\":\"SearchAction\",\"target\":{\"@type\":\"EntryPoint\",\"urlTemplate\":\"https:\\\/\\\/detailspot.lt\\\/?s={search_term_string}\"},\"query-input\":{\"@type\":\"PropertyValueSpecification\",\"valueRequired\":true,\"valueName\":\"search_term_string\"}}],\"inLanguage\":\"en-US\"},{\"@type\":\"Organization\",\"@id\":\"https:\\\/\\\/detailspot.lt\\\/#organization\",\"name\":\"Detail Spot\",\"url\":\"https:\\\/\\\/detailspot.lt\\\/\",\"logo\":{\"@type\":\"ImageObject\",\"inLanguage\":\"en-US\",\"@id\":\"https:\\\/\\\/detailspot.lt\\\/#\\\/schema\\\/logo\\\/image\\\/\",\"url\":\"https:\\\/\\\/detailspot.lt\\\/wp-content\\\/uploads\\\/2022\\\/10\\\/logo-original.svg\",\"contentUrl\":\"https:\\\/\\\/detailspot.lt\\\/wp-content\\\/uploads\\\/2022\\\/10\\\/logo-original.svg\",\"width\":1,\"height\":1,\"caption\":\"Detail Spot\"},\"image\":{\"@id\":\"https:\\\/\\\/detailspot.lt\\\/#\\\/schema\\\/logo\\\/image\\\/\"},\"sameAs\":[\"https:\\\/\\\/www.facebook.com\\\/profile.php?id=100039208338156\"]}]}<\/script>\n<!-- \/ Yoast SEO plugin. -->","yoast_head_json":{"title":"Bilt-Hamber Auto Wheel Metal Particle Remover - Detail Spot","description":"Bilt-Hamber Auto Wheel Metal Particle Remover A non-acidic, non-alkaline alloy wheel cleaner awarded by enthusiasts and professionals.","robots":{"index":"index","follow":"follow","max-snippet":"max-snippet:-1","max-image-preview":"max-image-preview:large","max-video-preview":"max-video-preview:-1"},"canonical":"https:\/\/detailspot.lt\/en\/produktas\/bilt-hamber-auto-wheel-metal-particle-remover\/","og_locale":"en_US","og_type":"article","og_title":"Bilt-Hamber Auto Wheel Metal Particle Remover - Detail Spot","og_description":"Bilt-Hamber Auto Wheel Metal Particle Remover A non-acidic, non-alkaline alloy wheel cleaner awarded by enthusiasts and professionals.","og_url":"https:\/\/detailspot.lt\/en\/produktas\/bilt-hamber-auto-wheel-metal-particle-remover\/","og_site_name":"Detail Spot","article_publisher":"https:\/\/www.facebook.com\/profile.php?id=100039208338156","article_modified_time":"2024-01-04T06:24:18+00:00","og_image":[{"width":582,"height":582,"url":"https:\/\/detailspot.lt\/wp-content\/uploads\/2023\/12\/bilt-hamber-auto-wheel-metalo-daleliu-valiklis-1.jpg","type":"image\/jpeg"}],"twitter_card":"summary_large_image","twitter_misc":{"Est. reading time":"1 minute"},"schema":{"@context":"https:\/\/schema.org","@graph":[{"@type":"WebPage","@id":"https:\/\/detailspot.lt\/en\/produktas\/bilt-hamber-auto-wheel-metal-particle-remover\/","url":"https:\/\/detailspot.lt\/en\/produktas\/bilt-hamber-auto-wheel-metal-particle-remover\/","name":"Bilt-Hamber Auto Wheel Metal Particle Remover - Detail Spot","isPartOf":{"@id":"https:\/\/detailspot.lt\/#website"},"primaryImageOfPage":{"@id":"https:\/\/detailspot.lt\/en\/produktas\/bilt-hamber-auto-wheel-metal-particle-remover\/#primaryimage"},"image":{"@id":"https:\/\/detailspot.lt\/en\/produktas\/bilt-hamber-auto-wheel-metal-particle-remover\/#primaryimage"},"thumbnailUrl":"https:\/\/detailspot.lt\/wp-content\/uploads\/2023\/12\/bilt-hamber-auto-wheel-metalo-daleliu-valiklis-1.jpg","datePublished":"2023-12-29T19:44:19+00:00","dateModified":"2024-01-04T06:24:18+00:00","description":"Bilt-Hamber Auto Wheel Metal Particle Remover A non-acidic, non-alkaline alloy wheel cleaner awarded by enthusiasts and professionals.","breadcrumb":{"@id":"https:\/\/detailspot.lt\/en\/produktas\/bilt-hamber-auto-wheel-metal-particle-remover\/#breadcrumb"},"inLanguage":"en-US","potentialAction":[{"@type":"ReadAction","target":["https:\/\/detailspot.lt\/en\/produktas\/bilt-hamber-auto-wheel-metal-particle-remover\/"]}]},{"@type":"ImageObject","inLanguage":"en-US","@id":"https:\/\/detailspot.lt\/en\/produktas\/bilt-hamber-auto-wheel-metal-particle-remover\/#primaryimage","url":"https:\/\/detailspot.lt\/wp-content\/uploads\/2023\/12\/bilt-hamber-auto-wheel-metalo-daleliu-valiklis-1.jpg","contentUrl":"https:\/\/detailspot.lt\/wp-content\/uploads\/2023\/12\/bilt-hamber-auto-wheel-metalo-daleliu-valiklis-1.jpg","width":582,"height":582},{"@type":"BreadcrumbList","@id":"https:\/\/detailspot.lt\/en\/produktas\/bilt-hamber-auto-wheel-metal-particle-remover\/#breadcrumb","itemListElement":[{"@type":"ListItem","position":1,"name":"Home","item":"https:\/\/detailspot.lt\/en\/"},{"@type":"ListItem","position":2,"name":"Shop","item":"https:\/\/detailspot.lt\/en\/parduotuve\/"},{"@type":"ListItem","position":3,"name":"Bilt-Hamber Auto Wheel Metal Particle Remover"}]},{"@type":"WebSite","@id":"https:\/\/detailspot.lt\/#website","url":"https:\/\/detailspot.lt\/","name":"Detail Spot","description":"Automobili\u0173 prie\u017ei\u016bros priemon\u0117s","publisher":{"@id":"https:\/\/detailspot.lt\/#organization"},"potentialAction":[{"@type":"SearchAction","target":{"@type":"EntryPoint","urlTemplate":"https:\/\/detailspot.lt\/?s={search_term_string}"},"query-input":{"@type":"PropertyValueSpecification","valueRequired":true,"valueName":"search_term_string"}}],"inLanguage":"en-US"},{"@type":"Organization","@id":"https:\/\/detailspot.lt\/#organization","name":"Detail Spot","url":"https:\/\/detailspot.lt\/","logo":{"@type":"ImageObject","inLanguage":"en-US","@id":"https:\/\/detailspot.lt\/#\/schema\/logo\/image\/","url":"https:\/\/detailspot.lt\/wp-content\/uploads\/2022\/10\/logo-original.svg","contentUrl":"https:\/\/detailspot.lt\/wp-content\/uploads\/2022\/10\/logo-original.svg","width":1,"height":1,"caption":"Detail Spot"},"image":{"@id":"https:\/\/detailspot.lt\/#\/schema\/logo\/image\/"},"sameAs":["https:\/\/www.facebook.com\/profile.php?id=100039208338156"]}]}},"_links":{"self":[{"href":"https:\/\/detailspot.lt\/en\/wp-json\/wp\/v2\/product\/6370","targetHints":{"allow":["GET"]}}],"collection":[{"href":"https:\/\/detailspot.lt\/en\/wp-json\/wp\/v2\/product"}],"about":[{"href":"https:\/\/detailspot.lt\/en\/wp-json\/wp\/v2\/types\/product"}],"replies":[{"embeddable":true,"href":"https:\/\/detailspot.lt\/en\/wp-json\/wp\/v2\/comments?post=6370"}],"wp:featuredmedia":[{"embeddable":true,"href":"https:\/\/detailspot.lt\/en\/wp-json\/wp\/v2\/media\/6369"}],"wp:attachment":[{"href":"https:\/\/detailspot.lt\/en\/wp-json\/wp\/v2\/media?parent=6370"}],"wp:term":[{"taxonomy":"product_brand","embeddable":true,"href":"https:\/\/detailspot.lt\/en\/wp-json\/wp\/v2\/product_brand?post=6370"},{"taxonomy":"product_cat","embeddable":true,"href":"https:\/\/detailspot.lt\/en\/wp-json\/wp\/v2\/product_cat?post=6370"},{"taxonomy":"product_tag","embeddable":true,"href":"https:\/\/detailspot.lt\/en\/wp-json\/wp\/v2\/product_tag?post=6370"}],"curies":[{"name":"wp","href":"https:\/\/api.w.org\/{rel}","templated":true}]}}