{"id":6361,"date":"2023-05-10T21:54:19","date_gmt":"2023-05-10T18:54:19","guid":{"rendered":"https:\/\/detailspot.lt\/produktas\/3d-lvp-cleaner-leather-vinyl-plastic-cleaner\/"},"modified":"2024-09-08T11:26:41","modified_gmt":"2024-09-08T08:26:41","slug":"3d-lvp-cleaner-leather-vinyl-plastic-cleaner","status":"publish","type":"product","link":"https:\/\/detailspot.lt\/en\/produktas\/3d-lvp-cleaner-leather-vinyl-plastic-cleaner\/","title":{"rendered":"3D LVP Cleaner Leather-Vinyl-Plastic Cleaner"},"content":{"rendered":"<div id=\"heading2\">\n<h1>3D LVP Cleaner Leather-Vinyl-Plastic Cleaner<\/h1>\n<\/div>\n<p>This organic cleaner is designed to remove stains and dirt from all surfaces. LVP leaves surfaces looking and smelling like new because the fragrances in the formula create the aroma of a new car.<\/p>\n<p><strong>Characteristics:<\/strong><\/p>\n<ul>\n<li>Suitable for all &#8220;hard&#8221; interior surfaces<\/li>\n<li>Leaves a natural look<\/li>\n<li>Leaves a scent associated with a new car<\/li>\n<\/ul>\n<h1 class=\"grid_100 alpha omega\"><\/h1>\n<p style=\"text-align: center;\"><img loading=\"lazy\" decoding=\"async\" class=\"alignnone size-medium wp-image-2457\" src=\"https:\/\/detailspot.lt\/wp-content\/uploads\/2022\/12\/3d-international-logo-300x178.webp\" alt=\"\" width=\"300\" height=\"178\" srcset=\"https:\/\/detailspot.lt\/wp-content\/uploads\/2022\/12\/3d-international-logo-300x178.webp 300w, https:\/\/detailspot.lt\/wp-content\/uploads\/2022\/12\/3d-international-logo-600x357.webp 600w, https:\/\/detailspot.lt\/wp-content\/uploads\/2022\/12\/3d-international-logo-64x38.webp 64w, https:\/\/detailspot.lt\/wp-content\/uploads\/2022\/12\/3d-international-logo.webp 626w\" sizes=\"auto, (max-width: 300px) 100vw, 300px\" \/><\/p>\n","protected":false},"excerpt":{"rendered":"<p>3D LVP Cleaner Leather-Vinyl-Plastic Cleaner This organic cleaner is designed to remove stains and dirt from all surfaces. LVP leaves surfaces looking and smelling like new because the fragrances in the formula create the aroma of a new car. Characteristics: Suitable for all &#8220;hard&#8221; interior surfaces Leaves a natural look Leaves a scent associated with&hellip;<\/p>\n","protected":false},"featured_media":4843,"comment_status":"closed","ping_status":"closed","template":"","meta":[],"product_brand":[],"product_cat":[165,167,168],"product_tag":[],"class_list":{"0":"post-6361","1":"product","2":"type-product","3":"status-publish","4":"has-post-thumbnail","6":"product_cat-interior","7":"product_cat-skin-care","8":"product_cat-plastics-and-textiles","9":"description-off","11":"first","12":"instock","13":"taxable","14":"shipping-taxable","15":"purchasable","16":"product-type-simple"},"yoast_head":"<!-- This site is optimized with the Yoast SEO plugin v27.3 - https:\/\/yoast.com\/product\/yoast-seo-wordpress\/ -->\n<title>3D LVP Cleaner Leather-Vinyl-Plastic Cleaner - Detail Spot<\/title>\n<meta name=\"description\" content=\"3D LVP Cleaner is an organic cleaner designed to remove stains and dirt from all surfaces. Cleaned surfaces will be like new.\" \/>\n<meta name=\"robots\" content=\"index, follow, max-snippet:-1, max-image-preview:large, max-video-preview:-1\" \/>\n<link rel=\"canonical\" href=\"https:\/\/detailspot.lt\/produktas\/3d-lvp-cleaner-odos-vinilo-plastiko-valiklis\/\" \/>\n<meta property=\"og:locale\" content=\"en_US\" \/>\n<meta property=\"og:type\" content=\"article\" \/>\n<meta property=\"og:title\" content=\"3D LVP Cleaner Leather-Vinyl-Plastic Cleaner - Detail Spot\" \/>\n<meta property=\"og:description\" content=\"3D LVP Cleaner is an organic cleaner designed to remove stains and dirt from all surfaces. Cleaned surfaces will be like new.\" \/>\n<meta property=\"og:url\" content=\"https:\/\/detailspot.lt\/produktas\/3d-lvp-cleaner-odos-vinilo-plastiko-valiklis\/\" \/>\n<meta property=\"og:site_name\" content=\"Detail Spot\" \/>\n<meta property=\"article:publisher\" content=\"https:\/\/www.facebook.com\/profile.php?id=100039208338156\" \/>\n<meta property=\"article:modified_time\" content=\"2024-09-08T08:26:41+00:00\" \/>\n<meta property=\"og:image\" content=\"https:\/\/detailspot.lt\/wp-content\/uploads\/2023\/05\/3D-LVP-cleaner.jpg\" \/>\n\t<meta property=\"og:image:width\" content=\"1085\" \/>\n\t<meta property=\"og:image:height\" content=\"1085\" \/>\n\t<meta property=\"og:image:type\" content=\"image\/jpeg\" \/>\n<meta name=\"twitter:card\" content=\"summary_large_image\" \/>\n<script type=\"application\/ld+json\" class=\"yoast-schema-graph\">{\"@context\":\"https:\\\/\\\/schema.org\",\"@graph\":[{\"@type\":\"WebPage\",\"@id\":\"https:\\\/\\\/detailspot.lt\\\/produktas\\\/3d-lvp-cleaner-odos-vinilo-plastiko-valiklis\\\/\",\"url\":\"https:\\\/\\\/detailspot.lt\\\/produktas\\\/3d-lvp-cleaner-odos-vinilo-plastiko-valiklis\\\/\",\"name\":\"3D LVP Cleaner Leather-Vinyl-Plastic Cleaner - Detail Spot\",\"isPartOf\":{\"@id\":\"https:\\\/\\\/detailspot.lt\\\/#website\"},\"primaryImageOfPage\":{\"@id\":\"https:\\\/\\\/detailspot.lt\\\/produktas\\\/3d-lvp-cleaner-odos-vinilo-plastiko-valiklis\\\/#primaryimage\"},\"image\":{\"@id\":\"https:\\\/\\\/detailspot.lt\\\/produktas\\\/3d-lvp-cleaner-odos-vinilo-plastiko-valiklis\\\/#primaryimage\"},\"thumbnailUrl\":\"https:\\\/\\\/detailspot.lt\\\/wp-content\\\/uploads\\\/2023\\\/05\\\/3D-LVP-cleaner.jpg\",\"datePublished\":\"2023-05-10T18:54:19+00:00\",\"dateModified\":\"2024-09-08T08:26:41+00:00\",\"description\":\"3D LVP Cleaner is an organic cleaner designed to remove stains and dirt from all surfaces. Cleaned surfaces will be like new.\",\"breadcrumb\":{\"@id\":\"https:\\\/\\\/detailspot.lt\\\/produktas\\\/3d-lvp-cleaner-odos-vinilo-plastiko-valiklis\\\/#breadcrumb\"},\"inLanguage\":\"en-US\",\"potentialAction\":[{\"@type\":\"ReadAction\",\"target\":[\"https:\\\/\\\/detailspot.lt\\\/produktas\\\/3d-lvp-cleaner-odos-vinilo-plastiko-valiklis\\\/\"]}]},{\"@type\":\"ImageObject\",\"inLanguage\":\"en-US\",\"@id\":\"https:\\\/\\\/detailspot.lt\\\/produktas\\\/3d-lvp-cleaner-odos-vinilo-plastiko-valiklis\\\/#primaryimage\",\"url\":\"https:\\\/\\\/detailspot.lt\\\/wp-content\\\/uploads\\\/2023\\\/05\\\/3D-LVP-cleaner.jpg\",\"contentUrl\":\"https:\\\/\\\/detailspot.lt\\\/wp-content\\\/uploads\\\/2023\\\/05\\\/3D-LVP-cleaner.jpg\",\"width\":1085,\"height\":1085},{\"@type\":\"BreadcrumbList\",\"@id\":\"https:\\\/\\\/detailspot.lt\\\/produktas\\\/3d-lvp-cleaner-odos-vinilo-plastiko-valiklis\\\/#breadcrumb\",\"itemListElement\":[{\"@type\":\"ListItem\",\"position\":1,\"name\":\"Home\",\"item\":\"https:\\\/\\\/detailspot.lt\\\/en\\\/\"},{\"@type\":\"ListItem\",\"position\":2,\"name\":\"Shop\",\"item\":\"https:\\\/\\\/detailspot.lt\\\/en\\\/parduotuve\\\/\"},{\"@type\":\"ListItem\",\"position\":3,\"name\":\"3D LVP Cleaner Leather-Vinyl-Plastic Cleaner\"}]},{\"@type\":\"WebSite\",\"@id\":\"https:\\\/\\\/detailspot.lt\\\/#website\",\"url\":\"https:\\\/\\\/detailspot.lt\\\/\",\"name\":\"Detail Spot\",\"description\":\"Automobili\u0173 prie\u017ei\u016bros priemon\u0117s\",\"publisher\":{\"@id\":\"https:\\\/\\\/detailspot.lt\\\/#organization\"},\"potentialAction\":[{\"@type\":\"SearchAction\",\"target\":{\"@type\":\"EntryPoint\",\"urlTemplate\":\"https:\\\/\\\/detailspot.lt\\\/?s={search_term_string}\"},\"query-input\":{\"@type\":\"PropertyValueSpecification\",\"valueRequired\":true,\"valueName\":\"search_term_string\"}}],\"inLanguage\":\"en-US\"},{\"@type\":\"Organization\",\"@id\":\"https:\\\/\\\/detailspot.lt\\\/#organization\",\"name\":\"Detail Spot\",\"url\":\"https:\\\/\\\/detailspot.lt\\\/\",\"logo\":{\"@type\":\"ImageObject\",\"inLanguage\":\"en-US\",\"@id\":\"https:\\\/\\\/detailspot.lt\\\/#\\\/schema\\\/logo\\\/image\\\/\",\"url\":\"https:\\\/\\\/detailspot.lt\\\/wp-content\\\/uploads\\\/2022\\\/10\\\/logo-original.svg\",\"contentUrl\":\"https:\\\/\\\/detailspot.lt\\\/wp-content\\\/uploads\\\/2022\\\/10\\\/logo-original.svg\",\"width\":1,\"height\":1,\"caption\":\"Detail Spot\"},\"image\":{\"@id\":\"https:\\\/\\\/detailspot.lt\\\/#\\\/schema\\\/logo\\\/image\\\/\"},\"sameAs\":[\"https:\\\/\\\/www.facebook.com\\\/profile.php?id=100039208338156\"]}]}<\/script>\n<!-- \/ Yoast SEO plugin. -->","yoast_head_json":{"title":"3D LVP Cleaner Leather-Vinyl-Plastic Cleaner - Detail Spot","description":"3D LVP Cleaner is an organic cleaner designed to remove stains and dirt from all surfaces. Cleaned surfaces will be like new.","robots":{"index":"index","follow":"follow","max-snippet":"max-snippet:-1","max-image-preview":"max-image-preview:large","max-video-preview":"max-video-preview:-1"},"canonical":"https:\/\/detailspot.lt\/produktas\/3d-lvp-cleaner-odos-vinilo-plastiko-valiklis\/","og_locale":"en_US","og_type":"article","og_title":"3D LVP Cleaner Leather-Vinyl-Plastic Cleaner - Detail Spot","og_description":"3D LVP Cleaner is an organic cleaner designed to remove stains and dirt from all surfaces. Cleaned surfaces will be like new.","og_url":"https:\/\/detailspot.lt\/produktas\/3d-lvp-cleaner-odos-vinilo-plastiko-valiklis\/","og_site_name":"Detail Spot","article_publisher":"https:\/\/www.facebook.com\/profile.php?id=100039208338156","article_modified_time":"2024-09-08T08:26:41+00:00","og_image":[{"width":1085,"height":1085,"url":"https:\/\/detailspot.lt\/wp-content\/uploads\/2023\/05\/3D-LVP-cleaner.jpg","type":"image\/jpeg"}],"twitter_card":"summary_large_image","schema":{"@context":"https:\/\/schema.org","@graph":[{"@type":"WebPage","@id":"https:\/\/detailspot.lt\/produktas\/3d-lvp-cleaner-odos-vinilo-plastiko-valiklis\/","url":"https:\/\/detailspot.lt\/produktas\/3d-lvp-cleaner-odos-vinilo-plastiko-valiklis\/","name":"3D LVP Cleaner Leather-Vinyl-Plastic Cleaner - Detail Spot","isPartOf":{"@id":"https:\/\/detailspot.lt\/#website"},"primaryImageOfPage":{"@id":"https:\/\/detailspot.lt\/produktas\/3d-lvp-cleaner-odos-vinilo-plastiko-valiklis\/#primaryimage"},"image":{"@id":"https:\/\/detailspot.lt\/produktas\/3d-lvp-cleaner-odos-vinilo-plastiko-valiklis\/#primaryimage"},"thumbnailUrl":"https:\/\/detailspot.lt\/wp-content\/uploads\/2023\/05\/3D-LVP-cleaner.jpg","datePublished":"2023-05-10T18:54:19+00:00","dateModified":"2024-09-08T08:26:41+00:00","description":"3D LVP Cleaner is an organic cleaner designed to remove stains and dirt from all surfaces. Cleaned surfaces will be like new.","breadcrumb":{"@id":"https:\/\/detailspot.lt\/produktas\/3d-lvp-cleaner-odos-vinilo-plastiko-valiklis\/#breadcrumb"},"inLanguage":"en-US","potentialAction":[{"@type":"ReadAction","target":["https:\/\/detailspot.lt\/produktas\/3d-lvp-cleaner-odos-vinilo-plastiko-valiklis\/"]}]},{"@type":"ImageObject","inLanguage":"en-US","@id":"https:\/\/detailspot.lt\/produktas\/3d-lvp-cleaner-odos-vinilo-plastiko-valiklis\/#primaryimage","url":"https:\/\/detailspot.lt\/wp-content\/uploads\/2023\/05\/3D-LVP-cleaner.jpg","contentUrl":"https:\/\/detailspot.lt\/wp-content\/uploads\/2023\/05\/3D-LVP-cleaner.jpg","width":1085,"height":1085},{"@type":"BreadcrumbList","@id":"https:\/\/detailspot.lt\/produktas\/3d-lvp-cleaner-odos-vinilo-plastiko-valiklis\/#breadcrumb","itemListElement":[{"@type":"ListItem","position":1,"name":"Home","item":"https:\/\/detailspot.lt\/en\/"},{"@type":"ListItem","position":2,"name":"Shop","item":"https:\/\/detailspot.lt\/en\/parduotuve\/"},{"@type":"ListItem","position":3,"name":"3D LVP Cleaner Leather-Vinyl-Plastic Cleaner"}]},{"@type":"WebSite","@id":"https:\/\/detailspot.lt\/#website","url":"https:\/\/detailspot.lt\/","name":"Detail Spot","description":"Automobili\u0173 prie\u017ei\u016bros priemon\u0117s","publisher":{"@id":"https:\/\/detailspot.lt\/#organization"},"potentialAction":[{"@type":"SearchAction","target":{"@type":"EntryPoint","urlTemplate":"https:\/\/detailspot.lt\/?s={search_term_string}"},"query-input":{"@type":"PropertyValueSpecification","valueRequired":true,"valueName":"search_term_string"}}],"inLanguage":"en-US"},{"@type":"Organization","@id":"https:\/\/detailspot.lt\/#organization","name":"Detail Spot","url":"https:\/\/detailspot.lt\/","logo":{"@type":"ImageObject","inLanguage":"en-US","@id":"https:\/\/detailspot.lt\/#\/schema\/logo\/image\/","url":"https:\/\/detailspot.lt\/wp-content\/uploads\/2022\/10\/logo-original.svg","contentUrl":"https:\/\/detailspot.lt\/wp-content\/uploads\/2022\/10\/logo-original.svg","width":1,"height":1,"caption":"Detail Spot"},"image":{"@id":"https:\/\/detailspot.lt\/#\/schema\/logo\/image\/"},"sameAs":["https:\/\/www.facebook.com\/profile.php?id=100039208338156"]}]}},"_links":{"self":[{"href":"https:\/\/detailspot.lt\/en\/wp-json\/wp\/v2\/product\/6361","targetHints":{"allow":["GET"]}}],"collection":[{"href":"https:\/\/detailspot.lt\/en\/wp-json\/wp\/v2\/product"}],"about":[{"href":"https:\/\/detailspot.lt\/en\/wp-json\/wp\/v2\/types\/product"}],"replies":[{"embeddable":true,"href":"https:\/\/detailspot.lt\/en\/wp-json\/wp\/v2\/comments?post=6361"}],"wp:featuredmedia":[{"embeddable":true,"href":"https:\/\/detailspot.lt\/en\/wp-json\/wp\/v2\/media\/4843"}],"wp:attachment":[{"href":"https:\/\/detailspot.lt\/en\/wp-json\/wp\/v2\/media?parent=6361"}],"wp:term":[{"taxonomy":"product_brand","embeddable":true,"href":"https:\/\/detailspot.lt\/en\/wp-json\/wp\/v2\/product_brand?post=6361"},{"taxonomy":"product_cat","embeddable":true,"href":"https:\/\/detailspot.lt\/en\/wp-json\/wp\/v2\/product_cat?post=6361"},{"taxonomy":"product_tag","embeddable":true,"href":"https:\/\/detailspot.lt\/en\/wp-json\/wp\/v2\/product_tag?post=6361"}],"curies":[{"name":"wp","href":"https:\/\/api.w.org\/{rel}","templated":true}]}}