{"id":6358,"date":"2023-05-10T22:50:10","date_gmt":"2023-05-10T19:50:10","guid":{"rendered":"https:\/\/detailspot.lt\/produktas\/ava-evolution-p80-high-pressure-washer\/"},"modified":"2023-05-10T22:50:10","modified_gmt":"2023-05-10T19:50:10","slug":"ava-evolution-p80-high-pressure-washer","status":"publish","type":"product","link":"https:\/\/detailspot.lt\/en\/produktas\/ava-evolution-p80-high-pressure-washer\/","title":{"rendered":"AVA Evolution P80, High pressure washer"},"content":{"rendered":"<h1>&#8220;AVA Evolution P80&#8221;, auk\u0161to sl\u0117gio plovimo \u012frenginys<\/h1>\n<p>As soon as you put your hand on the Evolution, you&#8217;ll feel the strength of the pressure washer. It is stable. All parts are sturdily made, so you don&#8217;t have to worry about breaking in use. You&#8217;ll also discover the power of our V4 and V6 pumps and the rough but gentle kick of our V4 and V6 pumps to remove dirt and grime &#8211; even on fragile surfaces. When you combine a pressure washer with the Gun\/Tipper\/Wide Nozzle accessories, you&#8217;ll experience a new washing experience that we love to talk about. The Evolution series is designed with user comfort in mind. &#8220;The Evolution P80 Pressure Washer has a durable 4-cylinder metal pump for durability and performance. It&#8217;s stable thanks to its front support, low centre of gravity and our Follow me hose reel. The P80 is a large pressure washer, so it has large, sturdy wheels and a front carrying handle.<\/p>\n<h3>Equipment:<\/h3>\n<ol>\n<li>Aluminium pump<\/li>\n<li>Induction electric motor<\/li>\n<li>&#8220;Zero-Force High Pressure Gun with Quick Connect Connector<\/li>\n<li>Telescopic High Pressure Nozzle with Quick Connect Connector<\/li>\n<li>Rubber reinforced high pressure hose 10m long<\/li>\n<li>Rotary nozzle<\/li>\n<li>Copper tip 20\u00b0\/60\u00b0<\/li>\n<li>Foam nozzle<\/li>\n<li>Coil for electric cable<\/li>\n<li>Water filter<\/li>\n<li>Accessory storage on the machine<\/li>\n<li>Holders for high pressure gun and nozzle<\/li>\n<\/ol>\n<p>&nbsp;<\/p>\n<h3>Technical data:<\/h3>\n<ol>\n<li>Supply voltage (V\/Hz) 230\/50<\/li>\n<li>Pressure (bar\/MPa) 20 &#8211; max 160 \/ 2 &#8211; max 16<\/li>\n<li>Water flow (l\/h) max. 600<\/li>\n<li>Supply water temperature (\u00b0C) max. 40<\/li>\n<li>Power (kW) 2.8<\/li>\n<li>Weight without accessories (kg) 23.6<\/li>\n<li>Weight including packaging (kg) 29,5<\/li>\n<li>Dimensions (length x width x height) (mm) 597x397x594<\/li>\n<\/ol>\n<p>&nbsp;<\/p>\n<p>&nbsp;<\/p>\n<p style=\"text-align: center;\"><img loading=\"lazy\" decoding=\"async\" class=\"alignnone size-medium wp-image-4845\" src=\"https:\/\/detailspot.lt\/wp-content\/uploads\/2023\/05\/AVA-logo-300x113.jpg\" alt=\"\" width=\"300\" height=\"113\" srcset=\"https:\/\/detailspot.lt\/wp-content\/uploads\/2023\/05\/AVA-logo-300x113.jpg 300w, https:\/\/detailspot.lt\/wp-content\/uploads\/2023\/05\/AVA-logo-64x24.jpg 64w, https:\/\/detailspot.lt\/wp-content\/uploads\/2023\/05\/AVA-logo.jpg 400w\" sizes=\"auto, (max-width: 300px) 100vw, 300px\" \/><\/p>\n","protected":false},"excerpt":{"rendered":"<p>&#8220;AVA Evolution P80&#8221;, auk\u0161to sl\u0117gio plovimo \u012frenginys As soon as you put your hand on the Evolution, you&#8217;ll feel the strength of the pressure washer. It is stable. All parts are sturdily made, so you don&#8217;t have to worry about breaking in use. You&#8217;ll also discover the power of our V4 and V6 pumps and&hellip;<\/p>\n","protected":false},"featured_media":4884,"comment_status":"closed","ping_status":"closed","template":"","meta":[],"product_brand":[],"product_cat":[191,179],"product_tag":[],"class_list":{"0":"post-6358","1":"product","2":"type-product","3":"status-publish","4":"has-post-thumbnail","6":"product_cat-high-pressure-washers","7":"product_cat-tools","8":"description-off","10":"first","11":"onbackorder","12":"taxable","13":"shipping-taxable","14":"purchasable","15":"product-type-simple"},"yoast_head":"<!-- This site is optimized with the Yoast SEO plugin v27.4 - https:\/\/yoast.com\/product\/yoast-seo-wordpress\/ -->\n<title>AVA Evolution P80, High pressure washer - Detail Spot<\/title>\n<meta name=\"robots\" content=\"index, follow, max-snippet:-1, max-image-preview:large, max-video-preview:-1\" \/>\n<link rel=\"canonical\" href=\"https:\/\/detailspot.lt\/en\/produktas\/ava-evolution-p80-high-pressure-washer\/\" \/>\n<meta property=\"og:locale\" content=\"en_US\" \/>\n<meta property=\"og:type\" content=\"article\" \/>\n<meta property=\"og:title\" content=\"AVA Evolution P80, High pressure washer - Detail Spot\" \/>\n<meta property=\"og:description\" content=\"&#8220;AVA Evolution P80&#8221;, auk\u0161to sl\u0117gio plovimo \u012frenginys As soon as you put your hand on the Evolution, you&#8217;ll feel the strength of the pressure washer. It is stable. All parts are sturdily made, so you don&#8217;t have to worry about breaking in use. You&#8217;ll also discover the power of our V4 and V6 pumps and&hellip;\" \/>\n<meta property=\"og:url\" content=\"https:\/\/detailspot.lt\/en\/produktas\/ava-evolution-p80-high-pressure-washer\/\" \/>\n<meta property=\"og:site_name\" content=\"Detail Spot\" \/>\n<meta property=\"article:publisher\" content=\"https:\/\/www.facebook.com\/profile.php?id=100039208338156\" \/>\n<meta property=\"og:image\" content=\"https:\/\/detailspot.lt\/wp-content\/uploads\/2023\/05\/AVA-Evolution-80-4.jpg\" \/>\n\t<meta property=\"og:image:width\" content=\"740\" \/>\n\t<meta property=\"og:image:height\" content=\"768\" \/>\n\t<meta property=\"og:image:type\" content=\"image\/jpeg\" \/>\n<meta name=\"twitter:card\" content=\"summary_large_image\" \/>\n<meta name=\"twitter:label1\" content=\"Est. reading time\" \/>\n\t<meta name=\"twitter:data1\" content=\"1 minute\" \/>\n<script type=\"application\/ld+json\" class=\"yoast-schema-graph\">{\"@context\":\"https:\\\/\\\/schema.org\",\"@graph\":[{\"@type\":\"WebPage\",\"@id\":\"https:\\\/\\\/detailspot.lt\\\/en\\\/produktas\\\/ava-evolution-p80-high-pressure-washer\\\/\",\"url\":\"https:\\\/\\\/detailspot.lt\\\/en\\\/produktas\\\/ava-evolution-p80-high-pressure-washer\\\/\",\"name\":\"AVA Evolution P80, High pressure washer - Detail Spot\",\"isPartOf\":{\"@id\":\"https:\\\/\\\/detailspot.lt\\\/#website\"},\"primaryImageOfPage\":{\"@id\":\"https:\\\/\\\/detailspot.lt\\\/en\\\/produktas\\\/ava-evolution-p80-high-pressure-washer\\\/#primaryimage\"},\"image\":{\"@id\":\"https:\\\/\\\/detailspot.lt\\\/en\\\/produktas\\\/ava-evolution-p80-high-pressure-washer\\\/#primaryimage\"},\"thumbnailUrl\":\"https:\\\/\\\/detailspot.lt\\\/wp-content\\\/uploads\\\/2023\\\/05\\\/AVA-Evolution-80-4.jpg\",\"datePublished\":\"2023-05-10T19:50:10+00:00\",\"breadcrumb\":{\"@id\":\"https:\\\/\\\/detailspot.lt\\\/en\\\/produktas\\\/ava-evolution-p80-high-pressure-washer\\\/#breadcrumb\"},\"inLanguage\":\"en-US\",\"potentialAction\":[{\"@type\":\"ReadAction\",\"target\":[\"https:\\\/\\\/detailspot.lt\\\/en\\\/produktas\\\/ava-evolution-p80-high-pressure-washer\\\/\"]}]},{\"@type\":\"ImageObject\",\"inLanguage\":\"en-US\",\"@id\":\"https:\\\/\\\/detailspot.lt\\\/en\\\/produktas\\\/ava-evolution-p80-high-pressure-washer\\\/#primaryimage\",\"url\":\"https:\\\/\\\/detailspot.lt\\\/wp-content\\\/uploads\\\/2023\\\/05\\\/AVA-Evolution-80-4.jpg\",\"contentUrl\":\"https:\\\/\\\/detailspot.lt\\\/wp-content\\\/uploads\\\/2023\\\/05\\\/AVA-Evolution-80-4.jpg\",\"width\":740,\"height\":768},{\"@type\":\"BreadcrumbList\",\"@id\":\"https:\\\/\\\/detailspot.lt\\\/en\\\/produktas\\\/ava-evolution-p80-high-pressure-washer\\\/#breadcrumb\",\"itemListElement\":[{\"@type\":\"ListItem\",\"position\":1,\"name\":\"Home\",\"item\":\"https:\\\/\\\/detailspot.lt\\\/en\\\/\"},{\"@type\":\"ListItem\",\"position\":2,\"name\":\"Shop\",\"item\":\"https:\\\/\\\/detailspot.lt\\\/en\\\/parduotuve\\\/\"},{\"@type\":\"ListItem\",\"position\":3,\"name\":\"AVA Evolution P80, High pressure washer\"}]},{\"@type\":\"WebSite\",\"@id\":\"https:\\\/\\\/detailspot.lt\\\/#website\",\"url\":\"https:\\\/\\\/detailspot.lt\\\/\",\"name\":\"Detail Spot\",\"description\":\"Automobili\u0173 prie\u017ei\u016bros priemon\u0117s\",\"publisher\":{\"@id\":\"https:\\\/\\\/detailspot.lt\\\/#organization\"},\"potentialAction\":[{\"@type\":\"SearchAction\",\"target\":{\"@type\":\"EntryPoint\",\"urlTemplate\":\"https:\\\/\\\/detailspot.lt\\\/?s={search_term_string}\"},\"query-input\":{\"@type\":\"PropertyValueSpecification\",\"valueRequired\":true,\"valueName\":\"search_term_string\"}}],\"inLanguage\":\"en-US\"},{\"@type\":\"Organization\",\"@id\":\"https:\\\/\\\/detailspot.lt\\\/#organization\",\"name\":\"Detail Spot\",\"url\":\"https:\\\/\\\/detailspot.lt\\\/\",\"logo\":{\"@type\":\"ImageObject\",\"inLanguage\":\"en-US\",\"@id\":\"https:\\\/\\\/detailspot.lt\\\/#\\\/schema\\\/logo\\\/image\\\/\",\"url\":\"https:\\\/\\\/detailspot.lt\\\/wp-content\\\/uploads\\\/2022\\\/10\\\/logo-original.svg\",\"contentUrl\":\"https:\\\/\\\/detailspot.lt\\\/wp-content\\\/uploads\\\/2022\\\/10\\\/logo-original.svg\",\"width\":1,\"height\":1,\"caption\":\"Detail Spot\"},\"image\":{\"@id\":\"https:\\\/\\\/detailspot.lt\\\/#\\\/schema\\\/logo\\\/image\\\/\"},\"sameAs\":[\"https:\\\/\\\/www.facebook.com\\\/profile.php?id=100039208338156\"]}]}<\/script>\n<!-- \/ Yoast SEO plugin. -->","yoast_head_json":{"title":"AVA Evolution P80, High pressure washer - Detail Spot","robots":{"index":"index","follow":"follow","max-snippet":"max-snippet:-1","max-image-preview":"max-image-preview:large","max-video-preview":"max-video-preview:-1"},"canonical":"https:\/\/detailspot.lt\/en\/produktas\/ava-evolution-p80-high-pressure-washer\/","og_locale":"en_US","og_type":"article","og_title":"AVA Evolution P80, High pressure washer - Detail Spot","og_description":"&#8220;AVA Evolution P80&#8221;, auk\u0161to sl\u0117gio plovimo \u012frenginys As soon as you put your hand on the Evolution, you&#8217;ll feel the strength of the pressure washer. It is stable. All parts are sturdily made, so you don&#8217;t have to worry about breaking in use. You&#8217;ll also discover the power of our V4 and V6 pumps and&hellip;","og_url":"https:\/\/detailspot.lt\/en\/produktas\/ava-evolution-p80-high-pressure-washer\/","og_site_name":"Detail Spot","article_publisher":"https:\/\/www.facebook.com\/profile.php?id=100039208338156","og_image":[{"width":740,"height":768,"url":"https:\/\/detailspot.lt\/wp-content\/uploads\/2023\/05\/AVA-Evolution-80-4.jpg","type":"image\/jpeg"}],"twitter_card":"summary_large_image","twitter_misc":{"Est. reading time":"1 minute"},"schema":{"@context":"https:\/\/schema.org","@graph":[{"@type":"WebPage","@id":"https:\/\/detailspot.lt\/en\/produktas\/ava-evolution-p80-high-pressure-washer\/","url":"https:\/\/detailspot.lt\/en\/produktas\/ava-evolution-p80-high-pressure-washer\/","name":"AVA Evolution P80, High pressure washer - Detail Spot","isPartOf":{"@id":"https:\/\/detailspot.lt\/#website"},"primaryImageOfPage":{"@id":"https:\/\/detailspot.lt\/en\/produktas\/ava-evolution-p80-high-pressure-washer\/#primaryimage"},"image":{"@id":"https:\/\/detailspot.lt\/en\/produktas\/ava-evolution-p80-high-pressure-washer\/#primaryimage"},"thumbnailUrl":"https:\/\/detailspot.lt\/wp-content\/uploads\/2023\/05\/AVA-Evolution-80-4.jpg","datePublished":"2023-05-10T19:50:10+00:00","breadcrumb":{"@id":"https:\/\/detailspot.lt\/en\/produktas\/ava-evolution-p80-high-pressure-washer\/#breadcrumb"},"inLanguage":"en-US","potentialAction":[{"@type":"ReadAction","target":["https:\/\/detailspot.lt\/en\/produktas\/ava-evolution-p80-high-pressure-washer\/"]}]},{"@type":"ImageObject","inLanguage":"en-US","@id":"https:\/\/detailspot.lt\/en\/produktas\/ava-evolution-p80-high-pressure-washer\/#primaryimage","url":"https:\/\/detailspot.lt\/wp-content\/uploads\/2023\/05\/AVA-Evolution-80-4.jpg","contentUrl":"https:\/\/detailspot.lt\/wp-content\/uploads\/2023\/05\/AVA-Evolution-80-4.jpg","width":740,"height":768},{"@type":"BreadcrumbList","@id":"https:\/\/detailspot.lt\/en\/produktas\/ava-evolution-p80-high-pressure-washer\/#breadcrumb","itemListElement":[{"@type":"ListItem","position":1,"name":"Home","item":"https:\/\/detailspot.lt\/en\/"},{"@type":"ListItem","position":2,"name":"Shop","item":"https:\/\/detailspot.lt\/en\/parduotuve\/"},{"@type":"ListItem","position":3,"name":"AVA Evolution P80, High pressure washer"}]},{"@type":"WebSite","@id":"https:\/\/detailspot.lt\/#website","url":"https:\/\/detailspot.lt\/","name":"Detail Spot","description":"Automobili\u0173 prie\u017ei\u016bros priemon\u0117s","publisher":{"@id":"https:\/\/detailspot.lt\/#organization"},"potentialAction":[{"@type":"SearchAction","target":{"@type":"EntryPoint","urlTemplate":"https:\/\/detailspot.lt\/?s={search_term_string}"},"query-input":{"@type":"PropertyValueSpecification","valueRequired":true,"valueName":"search_term_string"}}],"inLanguage":"en-US"},{"@type":"Organization","@id":"https:\/\/detailspot.lt\/#organization","name":"Detail Spot","url":"https:\/\/detailspot.lt\/","logo":{"@type":"ImageObject","inLanguage":"en-US","@id":"https:\/\/detailspot.lt\/#\/schema\/logo\/image\/","url":"https:\/\/detailspot.lt\/wp-content\/uploads\/2022\/10\/logo-original.svg","contentUrl":"https:\/\/detailspot.lt\/wp-content\/uploads\/2022\/10\/logo-original.svg","width":1,"height":1,"caption":"Detail Spot"},"image":{"@id":"https:\/\/detailspot.lt\/#\/schema\/logo\/image\/"},"sameAs":["https:\/\/www.facebook.com\/profile.php?id=100039208338156"]}]}},"_links":{"self":[{"href":"https:\/\/detailspot.lt\/en\/wp-json\/wp\/v2\/product\/6358","targetHints":{"allow":["GET"]}}],"collection":[{"href":"https:\/\/detailspot.lt\/en\/wp-json\/wp\/v2\/product"}],"about":[{"href":"https:\/\/detailspot.lt\/en\/wp-json\/wp\/v2\/types\/product"}],"replies":[{"embeddable":true,"href":"https:\/\/detailspot.lt\/en\/wp-json\/wp\/v2\/comments?post=6358"}],"wp:featuredmedia":[{"embeddable":true,"href":"https:\/\/detailspot.lt\/en\/wp-json\/wp\/v2\/media\/4884"}],"wp:attachment":[{"href":"https:\/\/detailspot.lt\/en\/wp-json\/wp\/v2\/media?parent=6358"}],"wp:term":[{"taxonomy":"product_brand","embeddable":true,"href":"https:\/\/detailspot.lt\/en\/wp-json\/wp\/v2\/product_brand?post=6358"},{"taxonomy":"product_cat","embeddable":true,"href":"https:\/\/detailspot.lt\/en\/wp-json\/wp\/v2\/product_cat?post=6358"},{"taxonomy":"product_tag","embeddable":true,"href":"https:\/\/detailspot.lt\/en\/wp-json\/wp\/v2\/product_tag?post=6358"}],"curies":[{"name":"wp","href":"https:\/\/api.w.org\/{rel}","templated":true}]}}