{"id":6345,"date":"2023-05-20T08:52:10","date_gmt":"2023-05-20T05:52:10","guid":{"rendered":"https:\/\/detailspot.lt\/produktas\/bilt-hamber-auto-foam-active-foam\/"},"modified":"2025-03-31T10:09:18","modified_gmt":"2025-03-31T07:09:18","slug":"bilt-hamber-auto-foam-active-foam","status":"publish","type":"product","link":"https:\/\/detailspot.lt\/en\/produktas\/bilt-hamber-auto-foam-active-foam\/","title":{"rendered":"Bilt Hamber Auto-Foam active foam"},"content":{"rendered":"<h1>Bilt Hamber Auto-Foam active foam<\/h1>\n<p>a high quality pre-wash foam designed for a wide range of foam nozzles and hand foam pumps. After applying the foam, after 5-10min. the car is ready to be safely washed with a sponge, glove or other tool.<\/p>\n<p><strong>Characteristics:<\/strong><\/p>\n<ol>\n<li>pH-neutral, biodegradable foam<\/li>\n<li>Concentrate<\/li>\n<li>Dilute up to 1:100 for normal washing<\/li>\n<li>Dilute 1:20 &#8211; for stubborn dirt<\/li>\n<li><strong>Attention!<\/strong> For the correct dilution ratio according to the cleaning tool you are using, please refer to the <strong>Dilution Setting Instructions<\/strong><\/li>\n<\/ol>\n<p><strong>Application:<\/strong><\/p>\n<ol>\n<li>Cover the car with foam by diluting the concentrate with warm water.<\/li>\n<li>Leave the foam for 5-10 minutes.<\/li>\n<li>Rinse the foam with high pressure<\/li>\n<li>Switch to the &#8220;2 bucket method&#8221; with shampoo<\/li>\n<\/ol>\n<p><strong>Warning:<\/strong><\/p>\n<ol>\n<li>Do not use on hot lacquer surfaces<\/li>\n<li>Do not leave the product to dry<\/li>\n<li>Do not use in direct sunlight<\/li>\n<\/ol>\n<p>&nbsp;<\/p>\n<p>&nbsp;<\/p>\n<p style=\"text-align: center;\"><img loading=\"lazy\" decoding=\"async\" class=\"alignnone size-full wp-image-4929\" src=\"https:\/\/detailspot.lt\/wp-content\/uploads\/2023\/05\/Bilt-Hamber-logo.png\" alt=\"\" width=\"300\" height=\"217\" srcset=\"https:\/\/detailspot.lt\/wp-content\/uploads\/2023\/05\/Bilt-Hamber-logo.png 300w, https:\/\/detailspot.lt\/wp-content\/uploads\/2023\/05\/Bilt-Hamber-logo-64x46.png 64w\" sizes=\"auto, (max-width: 300px) 100vw, 300px\" \/><\/p>\n","protected":false},"excerpt":{"rendered":"<p>Bilt Hamber Auto-Foam active foam a high quality pre-wash foam designed for a wide range of foam nozzles and hand foam pumps. After applying the foam, after 5-10min. the car is ready to be safely washed with a sponge, glove or other tool. Characteristics: pH-neutral, biodegradable foam Concentrate Dilute up to 1:100 for normal washing&hellip;<\/p>\n","protected":false},"featured_media":4932,"comment_status":"closed","ping_status":"closed","template":"","meta":[],"product_brand":[],"product_cat":[160,164],"product_tag":[],"class_list":{"0":"post-6345","1":"product","2":"type-product","3":"status-publish","4":"has-post-thumbnail","6":"product_cat-exterior","7":"product_cat-shampoos-and-cleansers","8":"description-off","10":"first","11":"instock","12":"sale","13":"taxable","14":"shipping-taxable","15":"purchasable","16":"product-type-simple"},"yoast_head":"<!-- This site is optimized with the Yoast SEO plugin v27.4 - https:\/\/yoast.com\/product\/yoast-seo-wordpress\/ -->\n<title>Bilt Hamber Auto-Foam active foam - Detail Spot<\/title>\n<meta name=\"description\" content=\"Bilt Hamber Auto Foam - high quality pre-wash foam designed for a wide range of foam nozzles and hand foam pumps\" \/>\n<meta name=\"robots\" content=\"index, follow, max-snippet:-1, max-image-preview:large, max-video-preview:-1\" \/>\n<link rel=\"canonical\" href=\"https:\/\/detailspot.lt\/produktas\/bilt-hamber-auto-foam-plovimo-putos\/\" \/>\n<meta property=\"og:locale\" content=\"en_US\" \/>\n<meta property=\"og:type\" content=\"article\" \/>\n<meta property=\"og:title\" content=\"Bilt Hamber Auto-Foam active foam - Detail Spot\" \/>\n<meta property=\"og:description\" content=\"Bilt Hamber Auto Foam - high quality pre-wash foam designed for a wide range of foam nozzles and hand foam pumps\" \/>\n<meta property=\"og:url\" content=\"https:\/\/detailspot.lt\/produktas\/bilt-hamber-auto-foam-plovimo-putos\/\" \/>\n<meta property=\"og:site_name\" content=\"Detail Spot\" \/>\n<meta property=\"article:publisher\" content=\"https:\/\/www.facebook.com\/profile.php?id=100039208338156\" \/>\n<meta property=\"article:modified_time\" content=\"2025-03-31T07:09:18+00:00\" \/>\n<meta property=\"og:image\" content=\"https:\/\/detailspot.lt\/wp-content\/uploads\/2023\/05\/bilt-hamber-auto-foam-plovimo-putos-1.jpg\" \/>\n\t<meta property=\"og:image:width\" content=\"1057\" \/>\n\t<meta property=\"og:image:height\" content=\"1057\" \/>\n\t<meta property=\"og:image:type\" content=\"image\/jpeg\" \/>\n<meta name=\"twitter:card\" content=\"summary_large_image\" \/>\n<meta name=\"twitter:label1\" content=\"Est. reading time\" \/>\n\t<meta name=\"twitter:data1\" content=\"1 minute\" \/>\n<script type=\"application\/ld+json\" class=\"yoast-schema-graph\">{\"@context\":\"https:\\\/\\\/schema.org\",\"@graph\":[{\"@type\":\"WebPage\",\"@id\":\"https:\\\/\\\/detailspot.lt\\\/produktas\\\/bilt-hamber-auto-foam-plovimo-putos\\\/\",\"url\":\"https:\\\/\\\/detailspot.lt\\\/produktas\\\/bilt-hamber-auto-foam-plovimo-putos\\\/\",\"name\":\"Bilt Hamber Auto-Foam active foam - Detail Spot\",\"isPartOf\":{\"@id\":\"https:\\\/\\\/detailspot.lt\\\/#website\"},\"primaryImageOfPage\":{\"@id\":\"https:\\\/\\\/detailspot.lt\\\/produktas\\\/bilt-hamber-auto-foam-plovimo-putos\\\/#primaryimage\"},\"image\":{\"@id\":\"https:\\\/\\\/detailspot.lt\\\/produktas\\\/bilt-hamber-auto-foam-plovimo-putos\\\/#primaryimage\"},\"thumbnailUrl\":\"https:\\\/\\\/detailspot.lt\\\/wp-content\\\/uploads\\\/2023\\\/05\\\/bilt-hamber-auto-foam-plovimo-putos-1.jpg\",\"datePublished\":\"2023-05-20T05:52:10+00:00\",\"dateModified\":\"2025-03-31T07:09:18+00:00\",\"description\":\"Bilt Hamber Auto Foam - high quality pre-wash foam designed for a wide range of foam nozzles and hand foam pumps\",\"breadcrumb\":{\"@id\":\"https:\\\/\\\/detailspot.lt\\\/produktas\\\/bilt-hamber-auto-foam-plovimo-putos\\\/#breadcrumb\"},\"inLanguage\":\"en-US\",\"potentialAction\":[{\"@type\":\"ReadAction\",\"target\":[\"https:\\\/\\\/detailspot.lt\\\/produktas\\\/bilt-hamber-auto-foam-plovimo-putos\\\/\"]}]},{\"@type\":\"ImageObject\",\"inLanguage\":\"en-US\",\"@id\":\"https:\\\/\\\/detailspot.lt\\\/produktas\\\/bilt-hamber-auto-foam-plovimo-putos\\\/#primaryimage\",\"url\":\"https:\\\/\\\/detailspot.lt\\\/wp-content\\\/uploads\\\/2023\\\/05\\\/bilt-hamber-auto-foam-plovimo-putos-1.jpg\",\"contentUrl\":\"https:\\\/\\\/detailspot.lt\\\/wp-content\\\/uploads\\\/2023\\\/05\\\/bilt-hamber-auto-foam-plovimo-putos-1.jpg\",\"width\":1057,\"height\":1057},{\"@type\":\"BreadcrumbList\",\"@id\":\"https:\\\/\\\/detailspot.lt\\\/produktas\\\/bilt-hamber-auto-foam-plovimo-putos\\\/#breadcrumb\",\"itemListElement\":[{\"@type\":\"ListItem\",\"position\":1,\"name\":\"Home\",\"item\":\"https:\\\/\\\/detailspot.lt\\\/en\\\/\"},{\"@type\":\"ListItem\",\"position\":2,\"name\":\"Shop\",\"item\":\"https:\\\/\\\/detailspot.lt\\\/en\\\/parduotuve\\\/\"},{\"@type\":\"ListItem\",\"position\":3,\"name\":\"Bilt Hamber Auto-Foam active foam\"}]},{\"@type\":\"WebSite\",\"@id\":\"https:\\\/\\\/detailspot.lt\\\/#website\",\"url\":\"https:\\\/\\\/detailspot.lt\\\/\",\"name\":\"Detail Spot\",\"description\":\"Automobili\u0173 prie\u017ei\u016bros priemon\u0117s\",\"publisher\":{\"@id\":\"https:\\\/\\\/detailspot.lt\\\/#organization\"},\"potentialAction\":[{\"@type\":\"SearchAction\",\"target\":{\"@type\":\"EntryPoint\",\"urlTemplate\":\"https:\\\/\\\/detailspot.lt\\\/?s={search_term_string}\"},\"query-input\":{\"@type\":\"PropertyValueSpecification\",\"valueRequired\":true,\"valueName\":\"search_term_string\"}}],\"inLanguage\":\"en-US\"},{\"@type\":\"Organization\",\"@id\":\"https:\\\/\\\/detailspot.lt\\\/#organization\",\"name\":\"Detail Spot\",\"url\":\"https:\\\/\\\/detailspot.lt\\\/\",\"logo\":{\"@type\":\"ImageObject\",\"inLanguage\":\"en-US\",\"@id\":\"https:\\\/\\\/detailspot.lt\\\/#\\\/schema\\\/logo\\\/image\\\/\",\"url\":\"https:\\\/\\\/detailspot.lt\\\/wp-content\\\/uploads\\\/2022\\\/10\\\/logo-original.svg\",\"contentUrl\":\"https:\\\/\\\/detailspot.lt\\\/wp-content\\\/uploads\\\/2022\\\/10\\\/logo-original.svg\",\"width\":1,\"height\":1,\"caption\":\"Detail Spot\"},\"image\":{\"@id\":\"https:\\\/\\\/detailspot.lt\\\/#\\\/schema\\\/logo\\\/image\\\/\"},\"sameAs\":[\"https:\\\/\\\/www.facebook.com\\\/profile.php?id=100039208338156\"]}]}<\/script>\n<!-- \/ Yoast SEO plugin. -->","yoast_head_json":{"title":"Bilt Hamber Auto-Foam active foam - Detail Spot","description":"Bilt Hamber Auto Foam - high quality pre-wash foam designed for a wide range of foam nozzles and hand foam pumps","robots":{"index":"index","follow":"follow","max-snippet":"max-snippet:-1","max-image-preview":"max-image-preview:large","max-video-preview":"max-video-preview:-1"},"canonical":"https:\/\/detailspot.lt\/produktas\/bilt-hamber-auto-foam-plovimo-putos\/","og_locale":"en_US","og_type":"article","og_title":"Bilt Hamber Auto-Foam active foam - Detail Spot","og_description":"Bilt Hamber Auto Foam - high quality pre-wash foam designed for a wide range of foam nozzles and hand foam pumps","og_url":"https:\/\/detailspot.lt\/produktas\/bilt-hamber-auto-foam-plovimo-putos\/","og_site_name":"Detail Spot","article_publisher":"https:\/\/www.facebook.com\/profile.php?id=100039208338156","article_modified_time":"2025-03-31T07:09:18+00:00","og_image":[{"width":1057,"height":1057,"url":"https:\/\/detailspot.lt\/wp-content\/uploads\/2023\/05\/bilt-hamber-auto-foam-plovimo-putos-1.jpg","type":"image\/jpeg"}],"twitter_card":"summary_large_image","twitter_misc":{"Est. reading time":"1 minute"},"schema":{"@context":"https:\/\/schema.org","@graph":[{"@type":"WebPage","@id":"https:\/\/detailspot.lt\/produktas\/bilt-hamber-auto-foam-plovimo-putos\/","url":"https:\/\/detailspot.lt\/produktas\/bilt-hamber-auto-foam-plovimo-putos\/","name":"Bilt Hamber Auto-Foam active foam - Detail Spot","isPartOf":{"@id":"https:\/\/detailspot.lt\/#website"},"primaryImageOfPage":{"@id":"https:\/\/detailspot.lt\/produktas\/bilt-hamber-auto-foam-plovimo-putos\/#primaryimage"},"image":{"@id":"https:\/\/detailspot.lt\/produktas\/bilt-hamber-auto-foam-plovimo-putos\/#primaryimage"},"thumbnailUrl":"https:\/\/detailspot.lt\/wp-content\/uploads\/2023\/05\/bilt-hamber-auto-foam-plovimo-putos-1.jpg","datePublished":"2023-05-20T05:52:10+00:00","dateModified":"2025-03-31T07:09:18+00:00","description":"Bilt Hamber Auto Foam - high quality pre-wash foam designed for a wide range of foam nozzles and hand foam pumps","breadcrumb":{"@id":"https:\/\/detailspot.lt\/produktas\/bilt-hamber-auto-foam-plovimo-putos\/#breadcrumb"},"inLanguage":"en-US","potentialAction":[{"@type":"ReadAction","target":["https:\/\/detailspot.lt\/produktas\/bilt-hamber-auto-foam-plovimo-putos\/"]}]},{"@type":"ImageObject","inLanguage":"en-US","@id":"https:\/\/detailspot.lt\/produktas\/bilt-hamber-auto-foam-plovimo-putos\/#primaryimage","url":"https:\/\/detailspot.lt\/wp-content\/uploads\/2023\/05\/bilt-hamber-auto-foam-plovimo-putos-1.jpg","contentUrl":"https:\/\/detailspot.lt\/wp-content\/uploads\/2023\/05\/bilt-hamber-auto-foam-plovimo-putos-1.jpg","width":1057,"height":1057},{"@type":"BreadcrumbList","@id":"https:\/\/detailspot.lt\/produktas\/bilt-hamber-auto-foam-plovimo-putos\/#breadcrumb","itemListElement":[{"@type":"ListItem","position":1,"name":"Home","item":"https:\/\/detailspot.lt\/en\/"},{"@type":"ListItem","position":2,"name":"Shop","item":"https:\/\/detailspot.lt\/en\/parduotuve\/"},{"@type":"ListItem","position":3,"name":"Bilt Hamber Auto-Foam active foam"}]},{"@type":"WebSite","@id":"https:\/\/detailspot.lt\/#website","url":"https:\/\/detailspot.lt\/","name":"Detail Spot","description":"Automobili\u0173 prie\u017ei\u016bros priemon\u0117s","publisher":{"@id":"https:\/\/detailspot.lt\/#organization"},"potentialAction":[{"@type":"SearchAction","target":{"@type":"EntryPoint","urlTemplate":"https:\/\/detailspot.lt\/?s={search_term_string}"},"query-input":{"@type":"PropertyValueSpecification","valueRequired":true,"valueName":"search_term_string"}}],"inLanguage":"en-US"},{"@type":"Organization","@id":"https:\/\/detailspot.lt\/#organization","name":"Detail Spot","url":"https:\/\/detailspot.lt\/","logo":{"@type":"ImageObject","inLanguage":"en-US","@id":"https:\/\/detailspot.lt\/#\/schema\/logo\/image\/","url":"https:\/\/detailspot.lt\/wp-content\/uploads\/2022\/10\/logo-original.svg","contentUrl":"https:\/\/detailspot.lt\/wp-content\/uploads\/2022\/10\/logo-original.svg","width":1,"height":1,"caption":"Detail Spot"},"image":{"@id":"https:\/\/detailspot.lt\/#\/schema\/logo\/image\/"},"sameAs":["https:\/\/www.facebook.com\/profile.php?id=100039208338156"]}]}},"_links":{"self":[{"href":"https:\/\/detailspot.lt\/en\/wp-json\/wp\/v2\/product\/6345","targetHints":{"allow":["GET"]}}],"collection":[{"href":"https:\/\/detailspot.lt\/en\/wp-json\/wp\/v2\/product"}],"about":[{"href":"https:\/\/detailspot.lt\/en\/wp-json\/wp\/v2\/types\/product"}],"replies":[{"embeddable":true,"href":"https:\/\/detailspot.lt\/en\/wp-json\/wp\/v2\/comments?post=6345"}],"wp:featuredmedia":[{"embeddable":true,"href":"https:\/\/detailspot.lt\/en\/wp-json\/wp\/v2\/media\/4932"}],"wp:attachment":[{"href":"https:\/\/detailspot.lt\/en\/wp-json\/wp\/v2\/media?parent=6345"}],"wp:term":[{"taxonomy":"product_brand","embeddable":true,"href":"https:\/\/detailspot.lt\/en\/wp-json\/wp\/v2\/product_brand?post=6345"},{"taxonomy":"product_cat","embeddable":true,"href":"https:\/\/detailspot.lt\/en\/wp-json\/wp\/v2\/product_cat?post=6345"},{"taxonomy":"product_tag","embeddable":true,"href":"https:\/\/detailspot.lt\/en\/wp-json\/wp\/v2\/product_tag?post=6345"}],"curies":[{"name":"wp","href":"https:\/\/api.w.org\/{rel}","templated":true}]}}