{"id":6339,"date":"2023-06-01T08:54:10","date_gmt":"2023-06-01T05:54:10","guid":{"rendered":"https:\/\/detailspot.lt\/produktas\/liquid-elements-mini-nano-polisher-kit\/"},"modified":"2023-06-01T08:54:10","modified_gmt":"2023-06-01T05:54:10","slug":"liquid-elements-mini-nano-polisher-kit","status":"publish","type":"product","link":"https:\/\/detailspot.lt\/en\/produktas\/liquid-elements-mini-nano-polisher-kit\/","title":{"rendered":"Liquid Elements Mini Nano Polisher Kit"},"content":{"rendered":"<h1><strong>Liquid Elements Mini Nano Polisher KIT<\/strong><\/h1>\n<p id=\"tw-target-text\" class=\"tw-data-text tw-text-large tw-ta\" dir=\"ltr\" data-placeholder=\"Vertimas\"><span class=\"Y2IQFc\" lang=\"lt\">The Mini Nano Polisher from Liquid Elements has been specially developed for hard-to-reach areas of the vehicle. The Mini Nano Polisher from Liquid Elements was a spec25 mm backing plate ideal for polishing all painted surfaces such as door handles, emblems, wheels, trim and grilles.Ideally designed for hard to reach areas of the vehicle. Also in hard-to-reach places in the car&#8217;s interior. The flexible 100 cm long drive shaft allows easy and precise control of the Liquid Elements Mini Nano Polisher, so you can polish from any angle. The Mini Nano Polisher can be connected to any cordless spinner or even a rotary polisher using the included M14 thread adapter. The polishing power adapts to the respective connected device.<\/span><\/p>\n<p dir=\"ltr\" data-placeholder=\"Vertimas\"><strong>The set includes:<\/strong><br \/>\n&#8211; 1 x Mini Nano Polisher with 100cm flexible connector<br \/>\n&#8211; 1 x M14 diameter connector<br \/>\n&#8211; 1 x 25mm base for polishing pads<br \/>\n&#8211; 2 x polishing pads 27mm coarse \/ green<br \/>\n&#8211; 2 x polishing pads 27mm medium \/ yellow<br \/>\n&#8211; 2 x polishing pads 27mm fine \/ blue<br \/>\n&#8211; 2 x polishing pads 27mm very fine \/ red<br \/>\n&#8211; 2 x polishing cones 37mm coarse \/ burgundy<br \/>\n&#8211; 2 x polishing cones 37 mm medium \/ orange<br \/>\n&#8211; 2 x polishing cones 37 mm fine \/ yellow<br \/>\n&#8211; 1 x fixing key<\/p>\n<p dir=\"ltr\" data-placeholder=\"Vertimas\">\n<p dir=\"ltr\" data-placeholder=\"Vertimas\">\n<p dir=\"ltr\" style=\"text-align: center;\" data-placeholder=\"Vertimas\"><img loading=\"lazy\" decoding=\"async\" class=\"alignnone size-medium wp-image-1062\" src=\"https:\/\/detailspot.lt\/wp-content\/uploads\/2022\/10\/LE_logo_dark_rgbCjaMASES2dhtf-300x103.webp\" alt=\"\" width=\"300\" height=\"103\" srcset=\"https:\/\/detailspot.lt\/wp-content\/uploads\/2022\/10\/LE_logo_dark_rgbCjaMASES2dhtf-300x103.webp 300w, https:\/\/detailspot.lt\/wp-content\/uploads\/2022\/10\/LE_logo_dark_rgbCjaMASES2dhtf.webp 500w\" sizes=\"auto, (max-width: 300px) 100vw, 300px\" \/><\/p>\n","protected":false},"excerpt":{"rendered":"<p>Liquid Elements Mini Nano Polisher KIT The Mini Nano Polisher from Liquid Elements has been specially developed for hard-to-reach areas of the vehicle. The Mini Nano Polisher from Liquid Elements was a spec25 mm backing plate ideal for polishing all painted surfaces such as door handles, emblems, wheels, trim and grilles.Ideally designed for hard to&hellip;<\/p>\n","protected":false},"featured_media":4970,"comment_status":"closed","ping_status":"closed","template":"","meta":[],"product_brand":[],"product_cat":[171,170],"product_tag":[],"class_list":{"0":"post-6339","1":"product","2":"type-product","3":"status-publish","4":"has-post-thumbnail","6":"product_cat-polishing-machines","7":"product_cat-polishing-tools","8":"description-off","10":"first","11":"outofstock","12":"sale","13":"taxable","14":"shipping-taxable","15":"purchasable","16":"product-type-simple"},"yoast_head":"<!-- This site is optimized with the Yoast SEO plugin v27.4 - https:\/\/yoast.com\/product\/yoast-seo-wordpress\/ -->\n<title>Liquid Elements Mini Nano Polisher Kit - Detail Spot<\/title>\n<meta name=\"description\" content=\"The Mini Nano Polisher from Liquid Elements has been specially developed for polishing hard-to-reach areas of the vehicle.\" \/>\n<meta name=\"robots\" content=\"index, follow, max-snippet:-1, max-image-preview:large, max-video-preview:-1\" \/>\n<link rel=\"canonical\" href=\"https:\/\/detailspot.lt\/en\/produktas\/liquid-elements-mini-nano-polisher-kit\/\" \/>\n<meta property=\"og:locale\" content=\"en_US\" \/>\n<meta property=\"og:type\" content=\"article\" \/>\n<meta property=\"og:title\" content=\"Liquid Elements Mini Nano Polisher Kit - Detail Spot\" \/>\n<meta property=\"og:description\" content=\"The Mini Nano Polisher from Liquid Elements has been specially developed for polishing hard-to-reach areas of the vehicle.\" \/>\n<meta property=\"og:url\" content=\"https:\/\/detailspot.lt\/en\/produktas\/liquid-elements-mini-nano-polisher-kit\/\" \/>\n<meta property=\"og:site_name\" content=\"Detail Spot\" \/>\n<meta property=\"article:publisher\" content=\"https:\/\/www.facebook.com\/profile.php?id=100039208338156\" \/>\n<meta property=\"og:image\" content=\"https:\/\/detailspot.lt\/wp-content\/uploads\/2023\/06\/LE-mini-nano-polisher-KIT.png\" \/>\n\t<meta property=\"og:image:width\" content=\"600\" \/>\n\t<meta property=\"og:image:height\" content=\"600\" \/>\n\t<meta property=\"og:image:type\" content=\"image\/png\" \/>\n<meta name=\"twitter:card\" content=\"summary_large_image\" \/>\n<meta name=\"twitter:label1\" content=\"Est. reading time\" \/>\n\t<meta name=\"twitter:data1\" content=\"1 minute\" \/>\n<script type=\"application\/ld+json\" class=\"yoast-schema-graph\">{\"@context\":\"https:\\\/\\\/schema.org\",\"@graph\":[{\"@type\":\"WebPage\",\"@id\":\"https:\\\/\\\/detailspot.lt\\\/en\\\/produktas\\\/liquid-elements-mini-nano-polisher-kit\\\/\",\"url\":\"https:\\\/\\\/detailspot.lt\\\/en\\\/produktas\\\/liquid-elements-mini-nano-polisher-kit\\\/\",\"name\":\"Liquid Elements Mini Nano Polisher Kit - Detail Spot\",\"isPartOf\":{\"@id\":\"https:\\\/\\\/detailspot.lt\\\/#website\"},\"primaryImageOfPage\":{\"@id\":\"https:\\\/\\\/detailspot.lt\\\/en\\\/produktas\\\/liquid-elements-mini-nano-polisher-kit\\\/#primaryimage\"},\"image\":{\"@id\":\"https:\\\/\\\/detailspot.lt\\\/en\\\/produktas\\\/liquid-elements-mini-nano-polisher-kit\\\/#primaryimage\"},\"thumbnailUrl\":\"https:\\\/\\\/detailspot.lt\\\/wp-content\\\/uploads\\\/2023\\\/06\\\/LE-mini-nano-polisher-KIT.png\",\"datePublished\":\"2023-06-01T05:54:10+00:00\",\"description\":\"The Mini Nano Polisher from Liquid Elements has been specially developed for polishing hard-to-reach areas of the vehicle.\",\"breadcrumb\":{\"@id\":\"https:\\\/\\\/detailspot.lt\\\/en\\\/produktas\\\/liquid-elements-mini-nano-polisher-kit\\\/#breadcrumb\"},\"inLanguage\":\"en-US\",\"potentialAction\":[{\"@type\":\"ReadAction\",\"target\":[\"https:\\\/\\\/detailspot.lt\\\/en\\\/produktas\\\/liquid-elements-mini-nano-polisher-kit\\\/\"]}]},{\"@type\":\"ImageObject\",\"inLanguage\":\"en-US\",\"@id\":\"https:\\\/\\\/detailspot.lt\\\/en\\\/produktas\\\/liquid-elements-mini-nano-polisher-kit\\\/#primaryimage\",\"url\":\"https:\\\/\\\/detailspot.lt\\\/wp-content\\\/uploads\\\/2023\\\/06\\\/LE-mini-nano-polisher-KIT.png\",\"contentUrl\":\"https:\\\/\\\/detailspot.lt\\\/wp-content\\\/uploads\\\/2023\\\/06\\\/LE-mini-nano-polisher-KIT.png\",\"width\":600,\"height\":600},{\"@type\":\"BreadcrumbList\",\"@id\":\"https:\\\/\\\/detailspot.lt\\\/en\\\/produktas\\\/liquid-elements-mini-nano-polisher-kit\\\/#breadcrumb\",\"itemListElement\":[{\"@type\":\"ListItem\",\"position\":1,\"name\":\"Home\",\"item\":\"https:\\\/\\\/detailspot.lt\\\/en\\\/\"},{\"@type\":\"ListItem\",\"position\":2,\"name\":\"Shop\",\"item\":\"https:\\\/\\\/detailspot.lt\\\/en\\\/parduotuve\\\/\"},{\"@type\":\"ListItem\",\"position\":3,\"name\":\"Liquid Elements Mini Nano Polisher Kit\"}]},{\"@type\":\"WebSite\",\"@id\":\"https:\\\/\\\/detailspot.lt\\\/#website\",\"url\":\"https:\\\/\\\/detailspot.lt\\\/\",\"name\":\"Detail Spot\",\"description\":\"Automobili\u0173 prie\u017ei\u016bros priemon\u0117s\",\"publisher\":{\"@id\":\"https:\\\/\\\/detailspot.lt\\\/#organization\"},\"potentialAction\":[{\"@type\":\"SearchAction\",\"target\":{\"@type\":\"EntryPoint\",\"urlTemplate\":\"https:\\\/\\\/detailspot.lt\\\/?s={search_term_string}\"},\"query-input\":{\"@type\":\"PropertyValueSpecification\",\"valueRequired\":true,\"valueName\":\"search_term_string\"}}],\"inLanguage\":\"en-US\"},{\"@type\":\"Organization\",\"@id\":\"https:\\\/\\\/detailspot.lt\\\/#organization\",\"name\":\"Detail Spot\",\"url\":\"https:\\\/\\\/detailspot.lt\\\/\",\"logo\":{\"@type\":\"ImageObject\",\"inLanguage\":\"en-US\",\"@id\":\"https:\\\/\\\/detailspot.lt\\\/#\\\/schema\\\/logo\\\/image\\\/\",\"url\":\"https:\\\/\\\/detailspot.lt\\\/wp-content\\\/uploads\\\/2022\\\/10\\\/logo-original.svg\",\"contentUrl\":\"https:\\\/\\\/detailspot.lt\\\/wp-content\\\/uploads\\\/2022\\\/10\\\/logo-original.svg\",\"width\":1,\"height\":1,\"caption\":\"Detail Spot\"},\"image\":{\"@id\":\"https:\\\/\\\/detailspot.lt\\\/#\\\/schema\\\/logo\\\/image\\\/\"},\"sameAs\":[\"https:\\\/\\\/www.facebook.com\\\/profile.php?id=100039208338156\"]}]}<\/script>\n<!-- \/ Yoast SEO plugin. -->","yoast_head_json":{"title":"Liquid Elements Mini Nano Polisher Kit - Detail Spot","description":"The Mini Nano Polisher from Liquid Elements has been specially developed for polishing hard-to-reach areas of the vehicle.","robots":{"index":"index","follow":"follow","max-snippet":"max-snippet:-1","max-image-preview":"max-image-preview:large","max-video-preview":"max-video-preview:-1"},"canonical":"https:\/\/detailspot.lt\/en\/produktas\/liquid-elements-mini-nano-polisher-kit\/","og_locale":"en_US","og_type":"article","og_title":"Liquid Elements Mini Nano Polisher Kit - Detail Spot","og_description":"The Mini Nano Polisher from Liquid Elements has been specially developed for polishing hard-to-reach areas of the vehicle.","og_url":"https:\/\/detailspot.lt\/en\/produktas\/liquid-elements-mini-nano-polisher-kit\/","og_site_name":"Detail Spot","article_publisher":"https:\/\/www.facebook.com\/profile.php?id=100039208338156","og_image":[{"width":600,"height":600,"url":"https:\/\/detailspot.lt\/wp-content\/uploads\/2023\/06\/LE-mini-nano-polisher-KIT.png","type":"image\/png"}],"twitter_card":"summary_large_image","twitter_misc":{"Est. reading time":"1 minute"},"schema":{"@context":"https:\/\/schema.org","@graph":[{"@type":"WebPage","@id":"https:\/\/detailspot.lt\/en\/produktas\/liquid-elements-mini-nano-polisher-kit\/","url":"https:\/\/detailspot.lt\/en\/produktas\/liquid-elements-mini-nano-polisher-kit\/","name":"Liquid Elements Mini Nano Polisher Kit - Detail Spot","isPartOf":{"@id":"https:\/\/detailspot.lt\/#website"},"primaryImageOfPage":{"@id":"https:\/\/detailspot.lt\/en\/produktas\/liquid-elements-mini-nano-polisher-kit\/#primaryimage"},"image":{"@id":"https:\/\/detailspot.lt\/en\/produktas\/liquid-elements-mini-nano-polisher-kit\/#primaryimage"},"thumbnailUrl":"https:\/\/detailspot.lt\/wp-content\/uploads\/2023\/06\/LE-mini-nano-polisher-KIT.png","datePublished":"2023-06-01T05:54:10+00:00","description":"The Mini Nano Polisher from Liquid Elements has been specially developed for polishing hard-to-reach areas of the vehicle.","breadcrumb":{"@id":"https:\/\/detailspot.lt\/en\/produktas\/liquid-elements-mini-nano-polisher-kit\/#breadcrumb"},"inLanguage":"en-US","potentialAction":[{"@type":"ReadAction","target":["https:\/\/detailspot.lt\/en\/produktas\/liquid-elements-mini-nano-polisher-kit\/"]}]},{"@type":"ImageObject","inLanguage":"en-US","@id":"https:\/\/detailspot.lt\/en\/produktas\/liquid-elements-mini-nano-polisher-kit\/#primaryimage","url":"https:\/\/detailspot.lt\/wp-content\/uploads\/2023\/06\/LE-mini-nano-polisher-KIT.png","contentUrl":"https:\/\/detailspot.lt\/wp-content\/uploads\/2023\/06\/LE-mini-nano-polisher-KIT.png","width":600,"height":600},{"@type":"BreadcrumbList","@id":"https:\/\/detailspot.lt\/en\/produktas\/liquid-elements-mini-nano-polisher-kit\/#breadcrumb","itemListElement":[{"@type":"ListItem","position":1,"name":"Home","item":"https:\/\/detailspot.lt\/en\/"},{"@type":"ListItem","position":2,"name":"Shop","item":"https:\/\/detailspot.lt\/en\/parduotuve\/"},{"@type":"ListItem","position":3,"name":"Liquid Elements Mini Nano Polisher Kit"}]},{"@type":"WebSite","@id":"https:\/\/detailspot.lt\/#website","url":"https:\/\/detailspot.lt\/","name":"Detail Spot","description":"Automobili\u0173 prie\u017ei\u016bros priemon\u0117s","publisher":{"@id":"https:\/\/detailspot.lt\/#organization"},"potentialAction":[{"@type":"SearchAction","target":{"@type":"EntryPoint","urlTemplate":"https:\/\/detailspot.lt\/?s={search_term_string}"},"query-input":{"@type":"PropertyValueSpecification","valueRequired":true,"valueName":"search_term_string"}}],"inLanguage":"en-US"},{"@type":"Organization","@id":"https:\/\/detailspot.lt\/#organization","name":"Detail Spot","url":"https:\/\/detailspot.lt\/","logo":{"@type":"ImageObject","inLanguage":"en-US","@id":"https:\/\/detailspot.lt\/#\/schema\/logo\/image\/","url":"https:\/\/detailspot.lt\/wp-content\/uploads\/2022\/10\/logo-original.svg","contentUrl":"https:\/\/detailspot.lt\/wp-content\/uploads\/2022\/10\/logo-original.svg","width":1,"height":1,"caption":"Detail Spot"},"image":{"@id":"https:\/\/detailspot.lt\/#\/schema\/logo\/image\/"},"sameAs":["https:\/\/www.facebook.com\/profile.php?id=100039208338156"]}]}},"_links":{"self":[{"href":"https:\/\/detailspot.lt\/en\/wp-json\/wp\/v2\/product\/6339","targetHints":{"allow":["GET"]}}],"collection":[{"href":"https:\/\/detailspot.lt\/en\/wp-json\/wp\/v2\/product"}],"about":[{"href":"https:\/\/detailspot.lt\/en\/wp-json\/wp\/v2\/types\/product"}],"replies":[{"embeddable":true,"href":"https:\/\/detailspot.lt\/en\/wp-json\/wp\/v2\/comments?post=6339"}],"wp:featuredmedia":[{"embeddable":true,"href":"https:\/\/detailspot.lt\/en\/wp-json\/wp\/v2\/media\/4970"}],"wp:attachment":[{"href":"https:\/\/detailspot.lt\/en\/wp-json\/wp\/v2\/media?parent=6339"}],"wp:term":[{"taxonomy":"product_brand","embeddable":true,"href":"https:\/\/detailspot.lt\/en\/wp-json\/wp\/v2\/product_brand?post=6339"},{"taxonomy":"product_cat","embeddable":true,"href":"https:\/\/detailspot.lt\/en\/wp-json\/wp\/v2\/product_cat?post=6339"},{"taxonomy":"product_tag","embeddable":true,"href":"https:\/\/detailspot.lt\/en\/wp-json\/wp\/v2\/product_tag?post=6339"}],"curies":[{"name":"wp","href":"https:\/\/api.w.org\/{rel}","templated":true}]}}