{"id":6338,"date":"2023-06-01T08:58:49","date_gmt":"2023-06-01T05:58:49","guid":{"rendered":"https:\/\/detailspot.lt\/produktas\/fx-protect-twisted-loop-double-drying-cloth\/"},"modified":"2023-12-29T16:22:47","modified_gmt":"2023-12-29T14:22:47","slug":"fx-protect-twisted-loop-double-drying-cloth","status":"publish","type":"product","link":"https:\/\/detailspot.lt\/en\/produktas\/fx-protect-twisted-loop-double-drying-cloth\/","title":{"rendered":"FX Protect Twisted Loop Double Drying Cloth"},"content":{"rendered":"<h2>FX Protect Twisted Loop Double Drying Cloth<\/h2>\n<p>drying cloth One of the fastest and most effective methods of drying the exterior of a car, the drying cloth is indispensable in the arsenal of every professional and enthusiast.<\/p>\n<p><strong>Why Korean microfibre: this microfibre material<\/strong> is recognised as a high quality indicator in the field of auto aesthetics due to the quality of its yarn, its absorption properties and its durability. Thanks to the high sewing quality of the product, Korean microfibre products can withstand up to 300 washing cycles.<\/p>\n<p><strong>Details of the cloth:<br \/>\n<\/strong><\/p>\n<ol>\n<li>Double braided fibre: long fibre for the body, short fibre for the glass<\/li>\n<li>Dimensions 74x90cm<\/li>\n<li>550 GSM (g\/m2)<\/li>\n<li>100% Korean microfibre<\/li>\n<li>Composition 70% polyester 30% polyamide<\/li>\n<\/ol>\n<p><strong>Tips:<br \/>\n<\/strong><\/p>\n<ol>\n<li>First wash at 30\u00b0C before use<\/li>\n<li>To ensure the longevity of the cloth, wash using only 1\/3 of the normal detergent dose and the maximum amount of water.<\/li>\n<\/ol>\n<p>&nbsp;<\/p>\n<p>&nbsp;<\/p>\n<p style=\"text-align: center;\"><img loading=\"lazy\" decoding=\"async\" class=\"alignnone size-full wp-image-1096\" src=\"https:\/\/detailspot.lt\/wp-content\/uploads\/2022\/11\/fx-protect-logo-white-background-ireland.jpg\" alt=\"\" width=\"300\" height=\"123\" srcset=\"https:\/\/detailspot.lt\/wp-content\/uploads\/2022\/11\/fx-protect-logo-white-background-ireland.jpg 300w, https:\/\/detailspot.lt\/wp-content\/uploads\/2022\/11\/fx-protect-logo-white-background-ireland-64x26.jpg 64w\" sizes=\"auto, (max-width: 300px) 100vw, 300px\" \/><\/p>\n<p style=\"text-align: center;\">\n","protected":false},"excerpt":{"rendered":"<p>FX Protect Twisted Loop Double Drying Cloth drying cloth One of the fastest and most effective methods of drying the exterior of a car, the drying cloth is indispensable in the arsenal of every professional and enthusiast. Why Korean microfibre: this microfibre material is recognised as a high quality indicator in the field of auto&hellip;<\/p>\n","protected":false},"featured_media":4981,"comment_status":"closed","ping_status":"closed","template":"","meta":[],"product_brand":[],"product_cat":[155,169],"product_tag":[],"class_list":{"0":"post-6338","1":"product","2":"type-product","3":"status-publish","4":"has-post-thumbnail","6":"product_cat-accessories","7":"product_cat-microfibre-cloths","8":"description-off","10":"first","11":"outofstock","12":"taxable","13":"shipping-taxable","14":"purchasable","15":"product-type-simple"},"yoast_head":"<!-- This site is optimized with the Yoast SEO plugin v27.4 - https:\/\/yoast.com\/product\/yoast-seo-wordpress\/ -->\n<title>FX Protect Twisted Loop Double Drying Cloth - Detail Spot<\/title>\n<meta name=\"description\" content=\"drying cloth One of the fastest and most effective methods of drying the exterior of a car, the drying cloth is indispensable in the arsenal of every professional and enthusiast.\" \/>\n<meta name=\"robots\" content=\"index, follow, max-snippet:-1, max-image-preview:large, max-video-preview:-1\" \/>\n<link rel=\"canonical\" href=\"https:\/\/detailspot.lt\/en\/produktas\/fx-protect-twisted-loop-double-drying-cloth\/\" \/>\n<meta property=\"og:locale\" content=\"en_US\" \/>\n<meta property=\"og:type\" content=\"article\" \/>\n<meta property=\"og:title\" content=\"FX Protect Twisted Loop Double Drying Cloth - Detail Spot\" \/>\n<meta property=\"og:description\" content=\"drying cloth One of the fastest and most effective methods of drying the exterior of a car, the drying cloth is indispensable in the arsenal of every professional and enthusiast.\" \/>\n<meta property=\"og:url\" content=\"https:\/\/detailspot.lt\/en\/produktas\/fx-protect-twisted-loop-double-drying-cloth\/\" \/>\n<meta property=\"og:site_name\" content=\"Detail Spot\" \/>\n<meta property=\"article:publisher\" content=\"https:\/\/www.facebook.com\/profile.php?id=100039208338156\" \/>\n<meta property=\"article:modified_time\" content=\"2023-12-29T14:22:47+00:00\" \/>\n<meta property=\"og:image\" content=\"https:\/\/detailspot.lt\/wp-content\/uploads\/2023\/06\/FX-PROTECT-TWISTED-LOOP-DVIGUBA-DZIOVINIMO-SLUOSTE.jpg\" \/>\n\t<meta property=\"og:image:width\" content=\"834\" \/>\n\t<meta property=\"og:image:height\" content=\"834\" \/>\n\t<meta property=\"og:image:type\" content=\"image\/jpeg\" \/>\n<meta name=\"twitter:card\" content=\"summary_large_image\" \/>\n<meta name=\"twitter:label1\" content=\"Est. reading time\" \/>\n\t<meta name=\"twitter:data1\" content=\"1 minute\" \/>\n<script type=\"application\/ld+json\" class=\"yoast-schema-graph\">{\"@context\":\"https:\\\/\\\/schema.org\",\"@graph\":[{\"@type\":\"WebPage\",\"@id\":\"https:\\\/\\\/detailspot.lt\\\/en\\\/produktas\\\/fx-protect-twisted-loop-double-drying-cloth\\\/\",\"url\":\"https:\\\/\\\/detailspot.lt\\\/en\\\/produktas\\\/fx-protect-twisted-loop-double-drying-cloth\\\/\",\"name\":\"FX Protect Twisted Loop Double Drying Cloth - Detail Spot\",\"isPartOf\":{\"@id\":\"https:\\\/\\\/detailspot.lt\\\/#website\"},\"primaryImageOfPage\":{\"@id\":\"https:\\\/\\\/detailspot.lt\\\/en\\\/produktas\\\/fx-protect-twisted-loop-double-drying-cloth\\\/#primaryimage\"},\"image\":{\"@id\":\"https:\\\/\\\/detailspot.lt\\\/en\\\/produktas\\\/fx-protect-twisted-loop-double-drying-cloth\\\/#primaryimage\"},\"thumbnailUrl\":\"https:\\\/\\\/detailspot.lt\\\/wp-content\\\/uploads\\\/2023\\\/06\\\/FX-PROTECT-TWISTED-LOOP-DVIGUBA-DZIOVINIMO-SLUOSTE.jpg\",\"datePublished\":\"2023-06-01T05:58:49+00:00\",\"dateModified\":\"2023-12-29T14:22:47+00:00\",\"description\":\"drying cloth One of the fastest and most effective methods of drying the exterior of a car, the drying cloth is indispensable in the arsenal of every professional and enthusiast.\",\"breadcrumb\":{\"@id\":\"https:\\\/\\\/detailspot.lt\\\/en\\\/produktas\\\/fx-protect-twisted-loop-double-drying-cloth\\\/#breadcrumb\"},\"inLanguage\":\"en-US\",\"potentialAction\":[{\"@type\":\"ReadAction\",\"target\":[\"https:\\\/\\\/detailspot.lt\\\/en\\\/produktas\\\/fx-protect-twisted-loop-double-drying-cloth\\\/\"]}]},{\"@type\":\"ImageObject\",\"inLanguage\":\"en-US\",\"@id\":\"https:\\\/\\\/detailspot.lt\\\/en\\\/produktas\\\/fx-protect-twisted-loop-double-drying-cloth\\\/#primaryimage\",\"url\":\"https:\\\/\\\/detailspot.lt\\\/wp-content\\\/uploads\\\/2023\\\/06\\\/FX-PROTECT-TWISTED-LOOP-DVIGUBA-DZIOVINIMO-SLUOSTE.jpg\",\"contentUrl\":\"https:\\\/\\\/detailspot.lt\\\/wp-content\\\/uploads\\\/2023\\\/06\\\/FX-PROTECT-TWISTED-LOOP-DVIGUBA-DZIOVINIMO-SLUOSTE.jpg\",\"width\":834,\"height\":834},{\"@type\":\"BreadcrumbList\",\"@id\":\"https:\\\/\\\/detailspot.lt\\\/en\\\/produktas\\\/fx-protect-twisted-loop-double-drying-cloth\\\/#breadcrumb\",\"itemListElement\":[{\"@type\":\"ListItem\",\"position\":1,\"name\":\"Home\",\"item\":\"https:\\\/\\\/detailspot.lt\\\/en\\\/\"},{\"@type\":\"ListItem\",\"position\":2,\"name\":\"Shop\",\"item\":\"https:\\\/\\\/detailspot.lt\\\/en\\\/parduotuve\\\/\"},{\"@type\":\"ListItem\",\"position\":3,\"name\":\"FX Protect Twisted Loop Double Drying Cloth\"}]},{\"@type\":\"WebSite\",\"@id\":\"https:\\\/\\\/detailspot.lt\\\/#website\",\"url\":\"https:\\\/\\\/detailspot.lt\\\/\",\"name\":\"Detail Spot\",\"description\":\"Automobili\u0173 prie\u017ei\u016bros priemon\u0117s\",\"publisher\":{\"@id\":\"https:\\\/\\\/detailspot.lt\\\/#organization\"},\"potentialAction\":[{\"@type\":\"SearchAction\",\"target\":{\"@type\":\"EntryPoint\",\"urlTemplate\":\"https:\\\/\\\/detailspot.lt\\\/?s={search_term_string}\"},\"query-input\":{\"@type\":\"PropertyValueSpecification\",\"valueRequired\":true,\"valueName\":\"search_term_string\"}}],\"inLanguage\":\"en-US\"},{\"@type\":\"Organization\",\"@id\":\"https:\\\/\\\/detailspot.lt\\\/#organization\",\"name\":\"Detail Spot\",\"url\":\"https:\\\/\\\/detailspot.lt\\\/\",\"logo\":{\"@type\":\"ImageObject\",\"inLanguage\":\"en-US\",\"@id\":\"https:\\\/\\\/detailspot.lt\\\/#\\\/schema\\\/logo\\\/image\\\/\",\"url\":\"https:\\\/\\\/detailspot.lt\\\/wp-content\\\/uploads\\\/2022\\\/10\\\/logo-original.svg\",\"contentUrl\":\"https:\\\/\\\/detailspot.lt\\\/wp-content\\\/uploads\\\/2022\\\/10\\\/logo-original.svg\",\"width\":1,\"height\":1,\"caption\":\"Detail Spot\"},\"image\":{\"@id\":\"https:\\\/\\\/detailspot.lt\\\/#\\\/schema\\\/logo\\\/image\\\/\"},\"sameAs\":[\"https:\\\/\\\/www.facebook.com\\\/profile.php?id=100039208338156\"]}]}<\/script>\n<!-- \/ Yoast SEO plugin. -->","yoast_head_json":{"title":"FX Protect Twisted Loop Double Drying Cloth - Detail Spot","description":"drying cloth One of the fastest and most effective methods of drying the exterior of a car, the drying cloth is indispensable in the arsenal of every professional and enthusiast.","robots":{"index":"index","follow":"follow","max-snippet":"max-snippet:-1","max-image-preview":"max-image-preview:large","max-video-preview":"max-video-preview:-1"},"canonical":"https:\/\/detailspot.lt\/en\/produktas\/fx-protect-twisted-loop-double-drying-cloth\/","og_locale":"en_US","og_type":"article","og_title":"FX Protect Twisted Loop Double Drying Cloth - Detail Spot","og_description":"drying cloth One of the fastest and most effective methods of drying the exterior of a car, the drying cloth is indispensable in the arsenal of every professional and enthusiast.","og_url":"https:\/\/detailspot.lt\/en\/produktas\/fx-protect-twisted-loop-double-drying-cloth\/","og_site_name":"Detail Spot","article_publisher":"https:\/\/www.facebook.com\/profile.php?id=100039208338156","article_modified_time":"2023-12-29T14:22:47+00:00","og_image":[{"width":834,"height":834,"url":"https:\/\/detailspot.lt\/wp-content\/uploads\/2023\/06\/FX-PROTECT-TWISTED-LOOP-DVIGUBA-DZIOVINIMO-SLUOSTE.jpg","type":"image\/jpeg"}],"twitter_card":"summary_large_image","twitter_misc":{"Est. reading time":"1 minute"},"schema":{"@context":"https:\/\/schema.org","@graph":[{"@type":"WebPage","@id":"https:\/\/detailspot.lt\/en\/produktas\/fx-protect-twisted-loop-double-drying-cloth\/","url":"https:\/\/detailspot.lt\/en\/produktas\/fx-protect-twisted-loop-double-drying-cloth\/","name":"FX Protect Twisted Loop Double Drying Cloth - Detail Spot","isPartOf":{"@id":"https:\/\/detailspot.lt\/#website"},"primaryImageOfPage":{"@id":"https:\/\/detailspot.lt\/en\/produktas\/fx-protect-twisted-loop-double-drying-cloth\/#primaryimage"},"image":{"@id":"https:\/\/detailspot.lt\/en\/produktas\/fx-protect-twisted-loop-double-drying-cloth\/#primaryimage"},"thumbnailUrl":"https:\/\/detailspot.lt\/wp-content\/uploads\/2023\/06\/FX-PROTECT-TWISTED-LOOP-DVIGUBA-DZIOVINIMO-SLUOSTE.jpg","datePublished":"2023-06-01T05:58:49+00:00","dateModified":"2023-12-29T14:22:47+00:00","description":"drying cloth One of the fastest and most effective methods of drying the exterior of a car, the drying cloth is indispensable in the arsenal of every professional and enthusiast.","breadcrumb":{"@id":"https:\/\/detailspot.lt\/en\/produktas\/fx-protect-twisted-loop-double-drying-cloth\/#breadcrumb"},"inLanguage":"en-US","potentialAction":[{"@type":"ReadAction","target":["https:\/\/detailspot.lt\/en\/produktas\/fx-protect-twisted-loop-double-drying-cloth\/"]}]},{"@type":"ImageObject","inLanguage":"en-US","@id":"https:\/\/detailspot.lt\/en\/produktas\/fx-protect-twisted-loop-double-drying-cloth\/#primaryimage","url":"https:\/\/detailspot.lt\/wp-content\/uploads\/2023\/06\/FX-PROTECT-TWISTED-LOOP-DVIGUBA-DZIOVINIMO-SLUOSTE.jpg","contentUrl":"https:\/\/detailspot.lt\/wp-content\/uploads\/2023\/06\/FX-PROTECT-TWISTED-LOOP-DVIGUBA-DZIOVINIMO-SLUOSTE.jpg","width":834,"height":834},{"@type":"BreadcrumbList","@id":"https:\/\/detailspot.lt\/en\/produktas\/fx-protect-twisted-loop-double-drying-cloth\/#breadcrumb","itemListElement":[{"@type":"ListItem","position":1,"name":"Home","item":"https:\/\/detailspot.lt\/en\/"},{"@type":"ListItem","position":2,"name":"Shop","item":"https:\/\/detailspot.lt\/en\/parduotuve\/"},{"@type":"ListItem","position":3,"name":"FX Protect Twisted Loop Double Drying Cloth"}]},{"@type":"WebSite","@id":"https:\/\/detailspot.lt\/#website","url":"https:\/\/detailspot.lt\/","name":"Detail Spot","description":"Automobili\u0173 prie\u017ei\u016bros priemon\u0117s","publisher":{"@id":"https:\/\/detailspot.lt\/#organization"},"potentialAction":[{"@type":"SearchAction","target":{"@type":"EntryPoint","urlTemplate":"https:\/\/detailspot.lt\/?s={search_term_string}"},"query-input":{"@type":"PropertyValueSpecification","valueRequired":true,"valueName":"search_term_string"}}],"inLanguage":"en-US"},{"@type":"Organization","@id":"https:\/\/detailspot.lt\/#organization","name":"Detail Spot","url":"https:\/\/detailspot.lt\/","logo":{"@type":"ImageObject","inLanguage":"en-US","@id":"https:\/\/detailspot.lt\/#\/schema\/logo\/image\/","url":"https:\/\/detailspot.lt\/wp-content\/uploads\/2022\/10\/logo-original.svg","contentUrl":"https:\/\/detailspot.lt\/wp-content\/uploads\/2022\/10\/logo-original.svg","width":1,"height":1,"caption":"Detail Spot"},"image":{"@id":"https:\/\/detailspot.lt\/#\/schema\/logo\/image\/"},"sameAs":["https:\/\/www.facebook.com\/profile.php?id=100039208338156"]}]}},"_links":{"self":[{"href":"https:\/\/detailspot.lt\/en\/wp-json\/wp\/v2\/product\/6338","targetHints":{"allow":["GET"]}}],"collection":[{"href":"https:\/\/detailspot.lt\/en\/wp-json\/wp\/v2\/product"}],"about":[{"href":"https:\/\/detailspot.lt\/en\/wp-json\/wp\/v2\/types\/product"}],"replies":[{"embeddable":true,"href":"https:\/\/detailspot.lt\/en\/wp-json\/wp\/v2\/comments?post=6338"}],"wp:featuredmedia":[{"embeddable":true,"href":"https:\/\/detailspot.lt\/en\/wp-json\/wp\/v2\/media\/4981"}],"wp:attachment":[{"href":"https:\/\/detailspot.lt\/en\/wp-json\/wp\/v2\/media?parent=6338"}],"wp:term":[{"taxonomy":"product_brand","embeddable":true,"href":"https:\/\/detailspot.lt\/en\/wp-json\/wp\/v2\/product_brand?post=6338"},{"taxonomy":"product_cat","embeddable":true,"href":"https:\/\/detailspot.lt\/en\/wp-json\/wp\/v2\/product_cat?post=6338"},{"taxonomy":"product_tag","embeddable":true,"href":"https:\/\/detailspot.lt\/en\/wp-json\/wp\/v2\/product_tag?post=6338"}],"curies":[{"name":"wp","href":"https:\/\/api.w.org\/{rel}","templated":true}]}}