{"id":6337,"date":"2023-06-04T11:38:30","date_gmt":"2023-06-04T08:38:30","guid":{"rendered":"https:\/\/detailspot.lt\/produktas\/soft99-glass-compound-z-100ml-2\/"},"modified":"2026-03-11T15:35:33","modified_gmt":"2026-03-11T13:35:33","slug":"soft99-glass-compound-z-100ml-2","status":"publish","type":"product","link":"https:\/\/detailspot.lt\/en\/produktas\/soft99-glass-compound-z-100ml-2\/","title":{"rendered":"Soft99 Glass Compound Z 100ml"},"content":{"rendered":"<h1>&#8220;Soft99 Glass Compound Z&#8221;<\/h1>\n<p>specially designed to clean, disinfect and prepare car windows. It removes oily road film, stains and residues from old coatings. It&#8217;s the ideal solution for anyone who wants to prepare their car for autumn or spring. The main ingredient of Glass Compound Z is fine abrasive particles, which gradually penetrate the layers of oily film or previous coatings to remove them. Recommended especially before applying new glass coatings.<\/p>\n<p>Lengvas naudojimas!<\/p>\n<p>Each Glass Compound Z kit comes with an applicator sponge to easily apply the product to the glass surface.<\/p>\n<p><strong>Usage<\/strong><\/p>\n<ol>\n<li>Prepare the glass surface by thoroughly washing it with a pH-neutral shampoo and drying it with a towel or microfibre.<\/li>\n<li>Shake the bottle well.<\/li>\n<li>Apply the liquid to the grey side of the included sponge applicator and start polishing the surface.<\/li>\n<li>Rinse the compound with water when the process is complete.<\/li>\n<\/ol>\n<p>&nbsp;<\/p>\n<p style=\"text-align: center;\"><img loading=\"lazy\" decoding=\"async\" class=\"alignnone size-medium wp-image-2051\" src=\"https:\/\/detailspot.lt\/wp-content\/uploads\/2022\/12\/soft99-logo-1-1-300x158.jpg\" alt=\"\" width=\"300\" height=\"158\" srcset=\"https:\/\/detailspot.lt\/wp-content\/uploads\/2022\/12\/soft99-logo-1-1-300x158.jpg 300w, https:\/\/detailspot.lt\/wp-content\/uploads\/2022\/12\/soft99-logo-1-1-1024x538.jpg 1024w, https:\/\/detailspot.lt\/wp-content\/uploads\/2022\/12\/soft99-logo-1-1-768x403.jpg 768w, https:\/\/detailspot.lt\/wp-content\/uploads\/2022\/12\/soft99-logo-1-1-600x315.jpg 600w, https:\/\/detailspot.lt\/wp-content\/uploads\/2022\/12\/soft99-logo-1-1-64x34.jpg 64w, https:\/\/detailspot.lt\/wp-content\/uploads\/2022\/12\/soft99-logo-1-1.jpg 1200w\" sizes=\"auto, (max-width: 300px) 100vw, 300px\" \/><\/p>\n","protected":false},"excerpt":{"rendered":"<p>&#8220;Soft99 Glass Compound Z&#8221; specially designed to clean, disinfect and prepare car windows. It removes oily road film, stains and residues from old coatings. It&#8217;s the ideal solution for anyone who wants to prepare their car for autumn or spring. The main ingredient of Glass Compound Z is fine abrasive particles, which gradually penetrate the&hellip;<\/p>\n","protected":false},"featured_media":4994,"comment_status":"closed","ping_status":"closed","template":"","meta":[],"product_brand":[],"product_cat":[160,163],"product_tag":[],"class_list":{"0":"post-6337","1":"product","2":"type-product","3":"status-publish","4":"has-post-thumbnail","6":"product_cat-exterior","7":"product_cat-windscreen-maintenance","8":"description-off","10":"first","11":"instock","12":"taxable","13":"shipping-taxable","14":"purchasable","15":"product-type-simple"},"yoast_head":"<!-- This site is optimized with the Yoast SEO plugin v27.4 - https:\/\/yoast.com\/product\/yoast-seo-wordpress\/ -->\n<title>Soft99 Glass Compound Z 100ml - Detail Spot<\/title>\n<meta name=\"description\" content=\"specially designed to clean, disinfect and prepare car windows. It removes oily road film, stains and residues from old coatings.\" \/>\n<meta name=\"robots\" content=\"index, follow, max-snippet:-1, max-image-preview:large, max-video-preview:-1\" \/>\n<link rel=\"canonical\" href=\"https:\/\/detailspot.lt\/produktas\/soft99-glass-compound-z-100ml\/\" \/>\n<meta property=\"og:locale\" content=\"en_US\" \/>\n<meta property=\"og:type\" content=\"article\" \/>\n<meta property=\"og:title\" content=\"Soft99 Glass Compound Z 100ml - Detail Spot\" \/>\n<meta property=\"og:description\" content=\"specially designed to clean, disinfect and prepare car windows. It removes oily road film, stains and residues from old coatings.\" \/>\n<meta property=\"og:url\" content=\"https:\/\/detailspot.lt\/produktas\/soft99-glass-compound-z-100ml\/\" \/>\n<meta property=\"og:site_name\" content=\"Detail Spot\" \/>\n<meta property=\"article:publisher\" content=\"https:\/\/www.facebook.com\/profile.php?id=100039208338156\" \/>\n<meta property=\"article:modified_time\" content=\"2026-03-11T13:35:33+00:00\" \/>\n<meta property=\"og:image\" content=\"https:\/\/detailspot.lt\/wp-content\/uploads\/2023\/06\/soft99-glass-compound-z.jpg\" \/>\n\t<meta property=\"og:image:width\" content=\"1100\" \/>\n\t<meta property=\"og:image:height\" content=\"1422\" \/>\n\t<meta property=\"og:image:type\" content=\"image\/jpeg\" \/>\n<meta name=\"twitter:card\" content=\"summary_large_image\" \/>\n<meta name=\"twitter:label1\" content=\"Est. reading time\" \/>\n\t<meta name=\"twitter:data1\" content=\"1 minute\" \/>\n<script type=\"application\/ld+json\" class=\"yoast-schema-graph\">{\"@context\":\"https:\\\/\\\/schema.org\",\"@graph\":[{\"@type\":\"WebPage\",\"@id\":\"https:\\\/\\\/detailspot.lt\\\/produktas\\\/soft99-glass-compound-z-100ml\\\/\",\"url\":\"https:\\\/\\\/detailspot.lt\\\/produktas\\\/soft99-glass-compound-z-100ml\\\/\",\"name\":\"Soft99 Glass Compound Z 100ml - Detail Spot\",\"isPartOf\":{\"@id\":\"https:\\\/\\\/detailspot.lt\\\/#website\"},\"primaryImageOfPage\":{\"@id\":\"https:\\\/\\\/detailspot.lt\\\/produktas\\\/soft99-glass-compound-z-100ml\\\/#primaryimage\"},\"image\":{\"@id\":\"https:\\\/\\\/detailspot.lt\\\/produktas\\\/soft99-glass-compound-z-100ml\\\/#primaryimage\"},\"thumbnailUrl\":\"https:\\\/\\\/detailspot.lt\\\/wp-content\\\/uploads\\\/2023\\\/06\\\/soft99-glass-compound-z.jpg\",\"datePublished\":\"2023-06-04T08:38:30+00:00\",\"dateModified\":\"2026-03-11T13:35:33+00:00\",\"description\":\"specially designed to clean, disinfect and prepare car windows. It removes oily road film, stains and residues from old coatings.\",\"breadcrumb\":{\"@id\":\"https:\\\/\\\/detailspot.lt\\\/produktas\\\/soft99-glass-compound-z-100ml\\\/#breadcrumb\"},\"inLanguage\":\"en-US\",\"potentialAction\":[{\"@type\":\"ReadAction\",\"target\":[\"https:\\\/\\\/detailspot.lt\\\/produktas\\\/soft99-glass-compound-z-100ml\\\/\"]}]},{\"@type\":\"ImageObject\",\"inLanguage\":\"en-US\",\"@id\":\"https:\\\/\\\/detailspot.lt\\\/produktas\\\/soft99-glass-compound-z-100ml\\\/#primaryimage\",\"url\":\"https:\\\/\\\/detailspot.lt\\\/wp-content\\\/uploads\\\/2023\\\/06\\\/soft99-glass-compound-z.jpg\",\"contentUrl\":\"https:\\\/\\\/detailspot.lt\\\/wp-content\\\/uploads\\\/2023\\\/06\\\/soft99-glass-compound-z.jpg\",\"width\":1100,\"height\":1422},{\"@type\":\"BreadcrumbList\",\"@id\":\"https:\\\/\\\/detailspot.lt\\\/produktas\\\/soft99-glass-compound-z-100ml\\\/#breadcrumb\",\"itemListElement\":[{\"@type\":\"ListItem\",\"position\":1,\"name\":\"Home\",\"item\":\"https:\\\/\\\/detailspot.lt\\\/en\\\/\"},{\"@type\":\"ListItem\",\"position\":2,\"name\":\"Shop\",\"item\":\"https:\\\/\\\/detailspot.lt\\\/en\\\/parduotuve\\\/\"},{\"@type\":\"ListItem\",\"position\":3,\"name\":\"Soft99 Glass Compound Z 100ml\"}]},{\"@type\":\"WebSite\",\"@id\":\"https:\\\/\\\/detailspot.lt\\\/#website\",\"url\":\"https:\\\/\\\/detailspot.lt\\\/\",\"name\":\"Detail Spot\",\"description\":\"Automobili\u0173 prie\u017ei\u016bros priemon\u0117s\",\"publisher\":{\"@id\":\"https:\\\/\\\/detailspot.lt\\\/#organization\"},\"potentialAction\":[{\"@type\":\"SearchAction\",\"target\":{\"@type\":\"EntryPoint\",\"urlTemplate\":\"https:\\\/\\\/detailspot.lt\\\/?s={search_term_string}\"},\"query-input\":{\"@type\":\"PropertyValueSpecification\",\"valueRequired\":true,\"valueName\":\"search_term_string\"}}],\"inLanguage\":\"en-US\"},{\"@type\":\"Organization\",\"@id\":\"https:\\\/\\\/detailspot.lt\\\/#organization\",\"name\":\"Detail Spot\",\"url\":\"https:\\\/\\\/detailspot.lt\\\/\",\"logo\":{\"@type\":\"ImageObject\",\"inLanguage\":\"en-US\",\"@id\":\"https:\\\/\\\/detailspot.lt\\\/#\\\/schema\\\/logo\\\/image\\\/\",\"url\":\"https:\\\/\\\/detailspot.lt\\\/wp-content\\\/uploads\\\/2022\\\/10\\\/logo-original.svg\",\"contentUrl\":\"https:\\\/\\\/detailspot.lt\\\/wp-content\\\/uploads\\\/2022\\\/10\\\/logo-original.svg\",\"width\":1,\"height\":1,\"caption\":\"Detail Spot\"},\"image\":{\"@id\":\"https:\\\/\\\/detailspot.lt\\\/#\\\/schema\\\/logo\\\/image\\\/\"},\"sameAs\":[\"https:\\\/\\\/www.facebook.com\\\/profile.php?id=100039208338156\"]}]}<\/script>\n<!-- \/ Yoast SEO plugin. -->","yoast_head_json":{"title":"Soft99 Glass Compound Z 100ml - Detail Spot","description":"specially designed to clean, disinfect and prepare car windows. It removes oily road film, stains and residues from old coatings.","robots":{"index":"index","follow":"follow","max-snippet":"max-snippet:-1","max-image-preview":"max-image-preview:large","max-video-preview":"max-video-preview:-1"},"canonical":"https:\/\/detailspot.lt\/produktas\/soft99-glass-compound-z-100ml\/","og_locale":"en_US","og_type":"article","og_title":"Soft99 Glass Compound Z 100ml - Detail Spot","og_description":"specially designed to clean, disinfect and prepare car windows. It removes oily road film, stains and residues from old coatings.","og_url":"https:\/\/detailspot.lt\/produktas\/soft99-glass-compound-z-100ml\/","og_site_name":"Detail Spot","article_publisher":"https:\/\/www.facebook.com\/profile.php?id=100039208338156","article_modified_time":"2026-03-11T13:35:33+00:00","og_image":[{"width":1100,"height":1422,"url":"https:\/\/detailspot.lt\/wp-content\/uploads\/2023\/06\/soft99-glass-compound-z.jpg","type":"image\/jpeg"}],"twitter_card":"summary_large_image","twitter_misc":{"Est. reading time":"1 minute"},"schema":{"@context":"https:\/\/schema.org","@graph":[{"@type":"WebPage","@id":"https:\/\/detailspot.lt\/produktas\/soft99-glass-compound-z-100ml\/","url":"https:\/\/detailspot.lt\/produktas\/soft99-glass-compound-z-100ml\/","name":"Soft99 Glass Compound Z 100ml - Detail Spot","isPartOf":{"@id":"https:\/\/detailspot.lt\/#website"},"primaryImageOfPage":{"@id":"https:\/\/detailspot.lt\/produktas\/soft99-glass-compound-z-100ml\/#primaryimage"},"image":{"@id":"https:\/\/detailspot.lt\/produktas\/soft99-glass-compound-z-100ml\/#primaryimage"},"thumbnailUrl":"https:\/\/detailspot.lt\/wp-content\/uploads\/2023\/06\/soft99-glass-compound-z.jpg","datePublished":"2023-06-04T08:38:30+00:00","dateModified":"2026-03-11T13:35:33+00:00","description":"specially designed to clean, disinfect and prepare car windows. It removes oily road film, stains and residues from old coatings.","breadcrumb":{"@id":"https:\/\/detailspot.lt\/produktas\/soft99-glass-compound-z-100ml\/#breadcrumb"},"inLanguage":"en-US","potentialAction":[{"@type":"ReadAction","target":["https:\/\/detailspot.lt\/produktas\/soft99-glass-compound-z-100ml\/"]}]},{"@type":"ImageObject","inLanguage":"en-US","@id":"https:\/\/detailspot.lt\/produktas\/soft99-glass-compound-z-100ml\/#primaryimage","url":"https:\/\/detailspot.lt\/wp-content\/uploads\/2023\/06\/soft99-glass-compound-z.jpg","contentUrl":"https:\/\/detailspot.lt\/wp-content\/uploads\/2023\/06\/soft99-glass-compound-z.jpg","width":1100,"height":1422},{"@type":"BreadcrumbList","@id":"https:\/\/detailspot.lt\/produktas\/soft99-glass-compound-z-100ml\/#breadcrumb","itemListElement":[{"@type":"ListItem","position":1,"name":"Home","item":"https:\/\/detailspot.lt\/en\/"},{"@type":"ListItem","position":2,"name":"Shop","item":"https:\/\/detailspot.lt\/en\/parduotuve\/"},{"@type":"ListItem","position":3,"name":"Soft99 Glass Compound Z 100ml"}]},{"@type":"WebSite","@id":"https:\/\/detailspot.lt\/#website","url":"https:\/\/detailspot.lt\/","name":"Detail Spot","description":"Automobili\u0173 prie\u017ei\u016bros priemon\u0117s","publisher":{"@id":"https:\/\/detailspot.lt\/#organization"},"potentialAction":[{"@type":"SearchAction","target":{"@type":"EntryPoint","urlTemplate":"https:\/\/detailspot.lt\/?s={search_term_string}"},"query-input":{"@type":"PropertyValueSpecification","valueRequired":true,"valueName":"search_term_string"}}],"inLanguage":"en-US"},{"@type":"Organization","@id":"https:\/\/detailspot.lt\/#organization","name":"Detail Spot","url":"https:\/\/detailspot.lt\/","logo":{"@type":"ImageObject","inLanguage":"en-US","@id":"https:\/\/detailspot.lt\/#\/schema\/logo\/image\/","url":"https:\/\/detailspot.lt\/wp-content\/uploads\/2022\/10\/logo-original.svg","contentUrl":"https:\/\/detailspot.lt\/wp-content\/uploads\/2022\/10\/logo-original.svg","width":1,"height":1,"caption":"Detail Spot"},"image":{"@id":"https:\/\/detailspot.lt\/#\/schema\/logo\/image\/"},"sameAs":["https:\/\/www.facebook.com\/profile.php?id=100039208338156"]}]}},"_links":{"self":[{"href":"https:\/\/detailspot.lt\/en\/wp-json\/wp\/v2\/product\/6337","targetHints":{"allow":["GET"]}}],"collection":[{"href":"https:\/\/detailspot.lt\/en\/wp-json\/wp\/v2\/product"}],"about":[{"href":"https:\/\/detailspot.lt\/en\/wp-json\/wp\/v2\/types\/product"}],"replies":[{"embeddable":true,"href":"https:\/\/detailspot.lt\/en\/wp-json\/wp\/v2\/comments?post=6337"}],"wp:featuredmedia":[{"embeddable":true,"href":"https:\/\/detailspot.lt\/en\/wp-json\/wp\/v2\/media\/4994"}],"wp:attachment":[{"href":"https:\/\/detailspot.lt\/en\/wp-json\/wp\/v2\/media?parent=6337"}],"wp:term":[{"taxonomy":"product_brand","embeddable":true,"href":"https:\/\/detailspot.lt\/en\/wp-json\/wp\/v2\/product_brand?post=6337"},{"taxonomy":"product_cat","embeddable":true,"href":"https:\/\/detailspot.lt\/en\/wp-json\/wp\/v2\/product_cat?post=6337"},{"taxonomy":"product_tag","embeddable":true,"href":"https:\/\/detailspot.lt\/en\/wp-json\/wp\/v2\/product_tag?post=6337"}],"curies":[{"name":"wp","href":"https:\/\/api.w.org\/{rel}","templated":true}]}}