{"id":6336,"date":"2023-06-04T12:07:12","date_gmt":"2023-06-04T09:07:12","guid":{"rendered":"https:\/\/detailspot.lt\/produktas\/koch-chemie-eu-eulex-adhesive-and-grease-remover\/"},"modified":"2023-06-04T12:07:12","modified_gmt":"2023-06-04T09:07:12","slug":"koch-chemie-eu-eulex-adhesive-and-grease-remover","status":"publish","type":"product","link":"https:\/\/detailspot.lt\/en\/produktas\/koch-chemie-eu-eulex-adhesive-and-grease-remover\/","title":{"rendered":"Koch Chemie Eu Eulex adhesive and grease remover"},"content":{"rendered":"<h1 id=\"heading2\">Koch Chemie Eu Eulex adhesive and grease remover<\/h1>\n<p>A glue and grease remover that does not have a strong odour and quickly breaks down soft, organic lace residues, tree roots and rubber traces. Suitable for all car surfaces including matt surfaces. Slow-acting actives break down and facilitate dirt removal.<\/p>\n<p><strong>Features<br \/>\n<\/strong><\/p>\n<ul>\n<li>Breaks down organic plaque, glue traces<\/li>\n<li>Suitable for various surfaces<\/li>\n<li>Tinka \u012fvairiems pavir\u0161iams<\/li>\n<\/ul>\n<p>&nbsp;<\/p>\n<p style=\"text-align: center;\"><img loading=\"lazy\" decoding=\"async\" class=\"alignnone size-medium wp-image-1061\" src=\"https:\/\/detailspot.lt\/wp-content\/uploads\/2022\/10\/Koch-Chemie-logo-300x142.jpeg\" alt=\"\" width=\"300\" height=\"142\" srcset=\"https:\/\/detailspot.lt\/wp-content\/uploads\/2022\/10\/Koch-Chemie-logo-300x142.jpeg 300w, https:\/\/detailspot.lt\/wp-content\/uploads\/2022\/10\/Koch-Chemie-logo.jpeg 500w\" sizes=\"auto, (max-width: 300px) 100vw, 300px\" \/><\/p>\n<h1><\/h1>\n<div class=\"grid_100 alpha omega mb20\">\n<div class=\"clear\"><\/div>\n<\/div>\n","protected":false},"excerpt":{"rendered":"<p>Koch Chemie Eu Eulex adhesive and grease remover A glue and grease remover that does not have a strong odour and quickly breaks down soft, organic lace residues, tree roots and rubber traces. Suitable for all car surfaces including matt surfaces. Slow-acting actives break down and facilitate dirt removal. Features Breaks down organic plaque, glue&hellip;<\/p>\n","protected":false},"featured_media":4997,"comment_status":"closed","ping_status":"closed","template":"","meta":[],"product_brand":[],"product_cat":[160,162],"product_tag":[],"class_list":{"0":"post-6336","1":"product","2":"type-product","3":"status-publish","4":"has-post-thumbnail","6":"product_cat-exterior","7":"product_cat-surface-preparation","8":"description-off","10":"first","11":"instock","12":"taxable","13":"shipping-taxable","14":"purchasable","15":"product-type-simple"},"yoast_head":"<!-- This site is optimized with the Yoast SEO plugin v27.2 - https:\/\/yoast.com\/product\/yoast-seo-wordpress\/ -->\n<title>Koch Chemie Eu Eulex adhesive and grease remover - Detail Spot<\/title>\n<meta name=\"description\" content=\"A glue and grease remover that does not have a strong odour and quickly breaks down soft, organic lace residues, tree roots and rubber traces.\" \/>\n<meta name=\"robots\" content=\"index, follow, max-snippet:-1, max-image-preview:large, max-video-preview:-1\" \/>\n<link rel=\"canonical\" href=\"https:\/\/detailspot.lt\/en\/produktas\/koch-chemie-eu-eulex-adhesive-and-grease-remover\/\" \/>\n<meta property=\"og:locale\" content=\"en_US\" \/>\n<meta property=\"og:type\" content=\"article\" \/>\n<meta property=\"og:title\" content=\"Koch Chemie Eu Eulex adhesive and grease remover - Detail Spot\" \/>\n<meta property=\"og:description\" content=\"A glue and grease remover that does not have a strong odour and quickly breaks down soft, organic lace residues, tree roots and rubber traces.\" \/>\n<meta property=\"og:url\" content=\"https:\/\/detailspot.lt\/en\/produktas\/koch-chemie-eu-eulex-adhesive-and-grease-remover\/\" \/>\n<meta property=\"og:site_name\" content=\"Detail Spot\" \/>\n<meta property=\"article:publisher\" content=\"https:\/\/www.facebook.com\/profile.php?id=100039208338156\" \/>\n<meta property=\"og:image\" content=\"https:\/\/detailspot.lt\/wp-content\/uploads\/2023\/06\/koch-chemie-eu-eulex-kliju-ir-smalu-valiklis-1.jpg\" \/>\n\t<meta property=\"og:image:width\" content=\"800\" \/>\n\t<meta property=\"og:image:height\" content=\"800\" \/>\n\t<meta property=\"og:image:type\" content=\"image\/jpeg\" \/>\n<meta name=\"twitter:card\" content=\"summary_large_image\" \/>\n<script type=\"application\/ld+json\" class=\"yoast-schema-graph\">{\"@context\":\"https:\/\/schema.org\",\"@graph\":[{\"@type\":\"WebPage\",\"@id\":\"https:\/\/detailspot.lt\/en\/produktas\/koch-chemie-eu-eulex-adhesive-and-grease-remover\/\",\"url\":\"https:\/\/detailspot.lt\/en\/produktas\/koch-chemie-eu-eulex-adhesive-and-grease-remover\/\",\"name\":\"Koch Chemie Eu Eulex adhesive and grease remover - Detail Spot\",\"isPartOf\":{\"@id\":\"https:\/\/detailspot.lt\/#website\"},\"primaryImageOfPage\":{\"@id\":\"https:\/\/detailspot.lt\/en\/produktas\/koch-chemie-eu-eulex-adhesive-and-grease-remover\/#primaryimage\"},\"image\":{\"@id\":\"https:\/\/detailspot.lt\/en\/produktas\/koch-chemie-eu-eulex-adhesive-and-grease-remover\/#primaryimage\"},\"thumbnailUrl\":\"https:\/\/detailspot.lt\/wp-content\/uploads\/2023\/06\/koch-chemie-eu-eulex-kliju-ir-smalu-valiklis-1.jpg\",\"datePublished\":\"2023-06-04T09:07:12+00:00\",\"description\":\"A glue and grease remover that does not have a strong odour and quickly breaks down soft, organic lace residues, tree roots and rubber traces.\",\"breadcrumb\":{\"@id\":\"https:\/\/detailspot.lt\/en\/produktas\/koch-chemie-eu-eulex-adhesive-and-grease-remover\/#breadcrumb\"},\"inLanguage\":\"en-US\",\"potentialAction\":[{\"@type\":\"ReadAction\",\"target\":[\"https:\/\/detailspot.lt\/en\/produktas\/koch-chemie-eu-eulex-adhesive-and-grease-remover\/\"]}]},{\"@type\":\"ImageObject\",\"inLanguage\":\"en-US\",\"@id\":\"https:\/\/detailspot.lt\/en\/produktas\/koch-chemie-eu-eulex-adhesive-and-grease-remover\/#primaryimage\",\"url\":\"https:\/\/detailspot.lt\/wp-content\/uploads\/2023\/06\/koch-chemie-eu-eulex-kliju-ir-smalu-valiklis-1.jpg\",\"contentUrl\":\"https:\/\/detailspot.lt\/wp-content\/uploads\/2023\/06\/koch-chemie-eu-eulex-kliju-ir-smalu-valiklis-1.jpg\",\"width\":800,\"height\":800},{\"@type\":\"BreadcrumbList\",\"@id\":\"https:\/\/detailspot.lt\/en\/produktas\/koch-chemie-eu-eulex-adhesive-and-grease-remover\/#breadcrumb\",\"itemListElement\":[{\"@type\":\"ListItem\",\"position\":1,\"name\":\"Home\",\"item\":\"https:\/\/detailspot.lt\/en\/\"},{\"@type\":\"ListItem\",\"position\":2,\"name\":\"Shop\",\"item\":\"https:\/\/detailspot.lt\/en\/parduotuve\/\"},{\"@type\":\"ListItem\",\"position\":3,\"name\":\"Koch Chemie Eu Eulex adhesive and grease remover\"}]},{\"@type\":\"WebSite\",\"@id\":\"https:\/\/detailspot.lt\/#website\",\"url\":\"https:\/\/detailspot.lt\/\",\"name\":\"Detail Spot\",\"description\":\"Automobili\u0173 prie\u017ei\u016bros priemon\u0117s\",\"publisher\":{\"@id\":\"https:\/\/detailspot.lt\/#organization\"},\"potentialAction\":[{\"@type\":\"SearchAction\",\"target\":{\"@type\":\"EntryPoint\",\"urlTemplate\":\"https:\/\/detailspot.lt\/?s={search_term_string}\"},\"query-input\":{\"@type\":\"PropertyValueSpecification\",\"valueRequired\":true,\"valueName\":\"search_term_string\"}}],\"inLanguage\":\"en-US\"},{\"@type\":\"Organization\",\"@id\":\"https:\/\/detailspot.lt\/#organization\",\"name\":\"Detail Spot\",\"url\":\"https:\/\/detailspot.lt\/\",\"logo\":{\"@type\":\"ImageObject\",\"inLanguage\":\"en-US\",\"@id\":\"https:\/\/detailspot.lt\/#\/schema\/logo\/image\/\",\"url\":\"https:\/\/detailspot.lt\/wp-content\/uploads\/2022\/10\/logo-original.svg\",\"contentUrl\":\"https:\/\/detailspot.lt\/wp-content\/uploads\/2022\/10\/logo-original.svg\",\"width\":1,\"height\":1,\"caption\":\"Detail Spot\"},\"image\":{\"@id\":\"https:\/\/detailspot.lt\/#\/schema\/logo\/image\/\"},\"sameAs\":[\"https:\/\/www.facebook.com\/profile.php?id=100039208338156\"]}]}<\/script>\n<!-- \/ Yoast SEO plugin. -->","yoast_head_json":{"title":"Koch Chemie Eu Eulex adhesive and grease remover - Detail Spot","description":"A glue and grease remover that does not have a strong odour and quickly breaks down soft, organic lace residues, tree roots and rubber traces.","robots":{"index":"index","follow":"follow","max-snippet":"max-snippet:-1","max-image-preview":"max-image-preview:large","max-video-preview":"max-video-preview:-1"},"canonical":"https:\/\/detailspot.lt\/en\/produktas\/koch-chemie-eu-eulex-adhesive-and-grease-remover\/","og_locale":"en_US","og_type":"article","og_title":"Koch Chemie Eu Eulex adhesive and grease remover - Detail Spot","og_description":"A glue and grease remover that does not have a strong odour and quickly breaks down soft, organic lace residues, tree roots and rubber traces.","og_url":"https:\/\/detailspot.lt\/en\/produktas\/koch-chemie-eu-eulex-adhesive-and-grease-remover\/","og_site_name":"Detail Spot","article_publisher":"https:\/\/www.facebook.com\/profile.php?id=100039208338156","og_image":[{"width":800,"height":800,"url":"https:\/\/detailspot.lt\/wp-content\/uploads\/2023\/06\/koch-chemie-eu-eulex-kliju-ir-smalu-valiklis-1.jpg","type":"image\/jpeg"}],"twitter_card":"summary_large_image","schema":{"@context":"https:\/\/schema.org","@graph":[{"@type":"WebPage","@id":"https:\/\/detailspot.lt\/en\/produktas\/koch-chemie-eu-eulex-adhesive-and-grease-remover\/","url":"https:\/\/detailspot.lt\/en\/produktas\/koch-chemie-eu-eulex-adhesive-and-grease-remover\/","name":"Koch Chemie Eu Eulex adhesive and grease remover - Detail Spot","isPartOf":{"@id":"https:\/\/detailspot.lt\/#website"},"primaryImageOfPage":{"@id":"https:\/\/detailspot.lt\/en\/produktas\/koch-chemie-eu-eulex-adhesive-and-grease-remover\/#primaryimage"},"image":{"@id":"https:\/\/detailspot.lt\/en\/produktas\/koch-chemie-eu-eulex-adhesive-and-grease-remover\/#primaryimage"},"thumbnailUrl":"https:\/\/detailspot.lt\/wp-content\/uploads\/2023\/06\/koch-chemie-eu-eulex-kliju-ir-smalu-valiklis-1.jpg","datePublished":"2023-06-04T09:07:12+00:00","description":"A glue and grease remover that does not have a strong odour and quickly breaks down soft, organic lace residues, tree roots and rubber traces.","breadcrumb":{"@id":"https:\/\/detailspot.lt\/en\/produktas\/koch-chemie-eu-eulex-adhesive-and-grease-remover\/#breadcrumb"},"inLanguage":"en-US","potentialAction":[{"@type":"ReadAction","target":["https:\/\/detailspot.lt\/en\/produktas\/koch-chemie-eu-eulex-adhesive-and-grease-remover\/"]}]},{"@type":"ImageObject","inLanguage":"en-US","@id":"https:\/\/detailspot.lt\/en\/produktas\/koch-chemie-eu-eulex-adhesive-and-grease-remover\/#primaryimage","url":"https:\/\/detailspot.lt\/wp-content\/uploads\/2023\/06\/koch-chemie-eu-eulex-kliju-ir-smalu-valiklis-1.jpg","contentUrl":"https:\/\/detailspot.lt\/wp-content\/uploads\/2023\/06\/koch-chemie-eu-eulex-kliju-ir-smalu-valiklis-1.jpg","width":800,"height":800},{"@type":"BreadcrumbList","@id":"https:\/\/detailspot.lt\/en\/produktas\/koch-chemie-eu-eulex-adhesive-and-grease-remover\/#breadcrumb","itemListElement":[{"@type":"ListItem","position":1,"name":"Home","item":"https:\/\/detailspot.lt\/en\/"},{"@type":"ListItem","position":2,"name":"Shop","item":"https:\/\/detailspot.lt\/en\/parduotuve\/"},{"@type":"ListItem","position":3,"name":"Koch Chemie Eu Eulex adhesive and grease remover"}]},{"@type":"WebSite","@id":"https:\/\/detailspot.lt\/#website","url":"https:\/\/detailspot.lt\/","name":"Detail Spot","description":"Automobili\u0173 prie\u017ei\u016bros priemon\u0117s","publisher":{"@id":"https:\/\/detailspot.lt\/#organization"},"potentialAction":[{"@type":"SearchAction","target":{"@type":"EntryPoint","urlTemplate":"https:\/\/detailspot.lt\/?s={search_term_string}"},"query-input":{"@type":"PropertyValueSpecification","valueRequired":true,"valueName":"search_term_string"}}],"inLanguage":"en-US"},{"@type":"Organization","@id":"https:\/\/detailspot.lt\/#organization","name":"Detail Spot","url":"https:\/\/detailspot.lt\/","logo":{"@type":"ImageObject","inLanguage":"en-US","@id":"https:\/\/detailspot.lt\/#\/schema\/logo\/image\/","url":"https:\/\/detailspot.lt\/wp-content\/uploads\/2022\/10\/logo-original.svg","contentUrl":"https:\/\/detailspot.lt\/wp-content\/uploads\/2022\/10\/logo-original.svg","width":1,"height":1,"caption":"Detail Spot"},"image":{"@id":"https:\/\/detailspot.lt\/#\/schema\/logo\/image\/"},"sameAs":["https:\/\/www.facebook.com\/profile.php?id=100039208338156"]}]}},"_links":{"self":[{"href":"https:\/\/detailspot.lt\/en\/wp-json\/wp\/v2\/product\/6336","targetHints":{"allow":["GET"]}}],"collection":[{"href":"https:\/\/detailspot.lt\/en\/wp-json\/wp\/v2\/product"}],"about":[{"href":"https:\/\/detailspot.lt\/en\/wp-json\/wp\/v2\/types\/product"}],"replies":[{"embeddable":true,"href":"https:\/\/detailspot.lt\/en\/wp-json\/wp\/v2\/comments?post=6336"}],"wp:featuredmedia":[{"embeddable":true,"href":"https:\/\/detailspot.lt\/en\/wp-json\/wp\/v2\/media\/4997"}],"wp:attachment":[{"href":"https:\/\/detailspot.lt\/en\/wp-json\/wp\/v2\/media?parent=6336"}],"wp:term":[{"taxonomy":"product_brand","embeddable":true,"href":"https:\/\/detailspot.lt\/en\/wp-json\/wp\/v2\/product_brand?post=6336"},{"taxonomy":"product_cat","embeddable":true,"href":"https:\/\/detailspot.lt\/en\/wp-json\/wp\/v2\/product_cat?post=6336"},{"taxonomy":"product_tag","embeddable":true,"href":"https:\/\/detailspot.lt\/en\/wp-json\/wp\/v2\/product_tag?post=6336"}],"curies":[{"name":"wp","href":"https:\/\/api.w.org\/{rel}","templated":true}]}}