{"id":6327,"date":"2023-06-19T10:06:39","date_gmt":"2023-06-19T07:06:39","guid":{"rendered":"https:\/\/detailspot.lt\/produktas\/ewocar-heavy-cut-compound\/"},"modified":"2023-06-19T10:06:39","modified_gmt":"2023-06-19T07:06:39","slug":"ewocar-heavy-cut-compound","status":"publish","type":"product","link":"https:\/\/detailspot.lt\/en\/produktas\/ewocar-heavy-cut-compound\/","title":{"rendered":"EWOCAR Heavy Cut+ compound"},"content":{"rendered":"<h1 class=\"h1\">EWOCAR Heavy Cut+ compound<\/h1>\n<div class=\"product-prices\">\n<p>The new correction polishing paste has a much longer working time than the old version, which means that you can remove all varnish and paint defects much faster. Using this correction paste with rotary and escutcheon machines faster &#8211; Ewocar Heavy Cut+ will allow you to work much longer, which means reduced time for removing defects.The water-based correction paste will allow you to remove the defects very quickly, without creating a mountain of dust on all surfaces of the car, in the gaps.The advanced formula, which ensures a low amount of dust, allows for a cleaner and less dirty correction process. The correction paste does not contain silicone or other fillers, and guarantees that the correction is carried out and the final result is real!<\/p>\n<p>For best results and to remove defects up to <strong>P1200<\/strong>, we recommend the following combinations of polishing pads with this correction paste:<\/p>\n<p><a href=\"https:\/\/detailspot.lt\/produktas\/ewocar-woolwhite-vilnos-poliravimo-padas\/\">Ewocar<\/a> or<a href=\"https:\/\/detailspot.lt\/produktas\/flexipads-pro-wool-detailing-kailinis-padas\/\">Flexipads Pro Wool<\/a><\/p>\n<h2>Tips:<\/h2>\n<p>&nbsp;<\/p>\n<ul>\n<li>For rotary polishers, the recommended speed ranges from 800 to 1500 rpm, while for eccentric polishers, the recommended speeds are between 4 and 6.<\/li>\n<\/ul>\n<\/div>\n<p>&nbsp;<\/p>\n<p style=\"text-align: center;\"><img loading=\"lazy\" decoding=\"async\" class=\"alignnone size-medium wp-image-3022\" src=\"https:\/\/detailspot.lt\/wp-content\/uploads\/2023\/01\/Ewocar-logo-300x158.jpg\" alt=\"\" width=\"300\" height=\"158\" srcset=\"https:\/\/detailspot.lt\/wp-content\/uploads\/2023\/01\/Ewocar-logo-300x158.jpg 300w, https:\/\/detailspot.lt\/wp-content\/uploads\/2023\/01\/Ewocar-logo-64x34.jpg 64w, https:\/\/detailspot.lt\/wp-content\/uploads\/2023\/01\/Ewocar-logo.jpg 600w\" sizes=\"auto, (max-width: 300px) 100vw, 300px\" \/><\/p>\n","protected":false},"excerpt":{"rendered":"<p>EWOCAR Heavy Cut+ compound The new correction polishing paste has a much longer working time than the old version, which means that you can remove all varnish and paint defects much faster. Using this correction paste with rotary and escutcheon machines faster &#8211; Ewocar Heavy Cut+ will allow you to work much longer, which means&hellip;<\/p>\n","protected":false},"featured_media":5031,"comment_status":"closed","ping_status":"closed","template":"","meta":[],"product_brand":[],"product_cat":[173,170],"product_tag":[],"class_list":{"0":"post-6327","1":"product","2":"type-product","3":"status-publish","4":"has-post-thumbnail","6":"product_cat-polishing-pastes","7":"product_cat-polishing-tools","8":"description-off","10":"first","11":"instock","12":"sale","13":"taxable","14":"shipping-taxable","15":"purchasable","16":"product-type-variable"},"yoast_head":"<!-- This site is optimized with the Yoast SEO plugin v27.4 - https:\/\/yoast.com\/product\/yoast-seo-wordpress\/ -->\n<title>EWOCAR Heavy Cut+ compound - Detail Spot<\/title>\n<meta name=\"description\" content=\"The new correction polishing paste has a much longer working time than the old version, allowing you to remove defects much faster.\" \/>\n<meta name=\"robots\" content=\"index, follow, max-snippet:-1, max-image-preview:large, max-video-preview:-1\" \/>\n<link rel=\"canonical\" href=\"https:\/\/detailspot.lt\/en\/produktas\/ewocar-heavy-cut-compound\/\" \/>\n<meta property=\"og:locale\" content=\"en_US\" \/>\n<meta property=\"og:type\" content=\"article\" \/>\n<meta property=\"og:title\" content=\"EWOCAR Heavy Cut+ compound - Detail Spot\" \/>\n<meta property=\"og:description\" content=\"The new correction polishing paste has a much longer working time than the old version, allowing you to remove defects much faster.\" \/>\n<meta property=\"og:url\" content=\"https:\/\/detailspot.lt\/en\/produktas\/ewocar-heavy-cut-compound\/\" \/>\n<meta property=\"og:site_name\" content=\"Detail Spot\" \/>\n<meta property=\"article:publisher\" content=\"https:\/\/www.facebook.com\/profile.php?id=100039208338156\" \/>\n<meta property=\"og:image\" content=\"https:\/\/detailspot.lt\/wp-content\/uploads\/2023\/06\/ewocar-heavy-cut-korekcijos-pasta.jpg\" \/>\n\t<meta property=\"og:image:width\" content=\"1200\" \/>\n\t<meta property=\"og:image:height\" content=\"1600\" \/>\n\t<meta property=\"og:image:type\" content=\"image\/jpeg\" \/>\n<meta name=\"twitter:card\" content=\"summary_large_image\" \/>\n<meta name=\"twitter:label1\" content=\"Est. reading time\" \/>\n\t<meta name=\"twitter:data1\" content=\"1 minute\" \/>\n<script type=\"application\/ld+json\" class=\"yoast-schema-graph\">{\"@context\":\"https:\\\/\\\/schema.org\",\"@graph\":[{\"@type\":\"WebPage\",\"@id\":\"https:\\\/\\\/detailspot.lt\\\/en\\\/produktas\\\/ewocar-heavy-cut-compound\\\/\",\"url\":\"https:\\\/\\\/detailspot.lt\\\/en\\\/produktas\\\/ewocar-heavy-cut-compound\\\/\",\"name\":\"EWOCAR Heavy Cut+ compound - Detail Spot\",\"isPartOf\":{\"@id\":\"https:\\\/\\\/detailspot.lt\\\/#website\"},\"primaryImageOfPage\":{\"@id\":\"https:\\\/\\\/detailspot.lt\\\/en\\\/produktas\\\/ewocar-heavy-cut-compound\\\/#primaryimage\"},\"image\":{\"@id\":\"https:\\\/\\\/detailspot.lt\\\/en\\\/produktas\\\/ewocar-heavy-cut-compound\\\/#primaryimage\"},\"thumbnailUrl\":\"https:\\\/\\\/detailspot.lt\\\/wp-content\\\/uploads\\\/2023\\\/06\\\/ewocar-heavy-cut-korekcijos-pasta.jpg\",\"datePublished\":\"2023-06-19T07:06:39+00:00\",\"description\":\"The new correction polishing paste has a much longer working time than the old version, allowing you to remove defects much faster.\",\"breadcrumb\":{\"@id\":\"https:\\\/\\\/detailspot.lt\\\/en\\\/produktas\\\/ewocar-heavy-cut-compound\\\/#breadcrumb\"},\"inLanguage\":\"en-US\",\"potentialAction\":[{\"@type\":\"ReadAction\",\"target\":[\"https:\\\/\\\/detailspot.lt\\\/en\\\/produktas\\\/ewocar-heavy-cut-compound\\\/\"]}]},{\"@type\":\"ImageObject\",\"inLanguage\":\"en-US\",\"@id\":\"https:\\\/\\\/detailspot.lt\\\/en\\\/produktas\\\/ewocar-heavy-cut-compound\\\/#primaryimage\",\"url\":\"https:\\\/\\\/detailspot.lt\\\/wp-content\\\/uploads\\\/2023\\\/06\\\/ewocar-heavy-cut-korekcijos-pasta.jpg\",\"contentUrl\":\"https:\\\/\\\/detailspot.lt\\\/wp-content\\\/uploads\\\/2023\\\/06\\\/ewocar-heavy-cut-korekcijos-pasta.jpg\",\"width\":1200,\"height\":1600},{\"@type\":\"BreadcrumbList\",\"@id\":\"https:\\\/\\\/detailspot.lt\\\/en\\\/produktas\\\/ewocar-heavy-cut-compound\\\/#breadcrumb\",\"itemListElement\":[{\"@type\":\"ListItem\",\"position\":1,\"name\":\"Home\",\"item\":\"https:\\\/\\\/detailspot.lt\\\/en\\\/\"},{\"@type\":\"ListItem\",\"position\":2,\"name\":\"Shop\",\"item\":\"https:\\\/\\\/detailspot.lt\\\/en\\\/parduotuve\\\/\"},{\"@type\":\"ListItem\",\"position\":3,\"name\":\"EWOCAR Heavy Cut+ compound\"}]},{\"@type\":\"WebSite\",\"@id\":\"https:\\\/\\\/detailspot.lt\\\/#website\",\"url\":\"https:\\\/\\\/detailspot.lt\\\/\",\"name\":\"Detail Spot\",\"description\":\"Automobili\u0173 prie\u017ei\u016bros priemon\u0117s\",\"publisher\":{\"@id\":\"https:\\\/\\\/detailspot.lt\\\/#organization\"},\"potentialAction\":[{\"@type\":\"SearchAction\",\"target\":{\"@type\":\"EntryPoint\",\"urlTemplate\":\"https:\\\/\\\/detailspot.lt\\\/?s={search_term_string}\"},\"query-input\":{\"@type\":\"PropertyValueSpecification\",\"valueRequired\":true,\"valueName\":\"search_term_string\"}}],\"inLanguage\":\"en-US\"},{\"@type\":\"Organization\",\"@id\":\"https:\\\/\\\/detailspot.lt\\\/#organization\",\"name\":\"Detail Spot\",\"url\":\"https:\\\/\\\/detailspot.lt\\\/\",\"logo\":{\"@type\":\"ImageObject\",\"inLanguage\":\"en-US\",\"@id\":\"https:\\\/\\\/detailspot.lt\\\/#\\\/schema\\\/logo\\\/image\\\/\",\"url\":\"https:\\\/\\\/detailspot.lt\\\/wp-content\\\/uploads\\\/2022\\\/10\\\/logo-original.svg\",\"contentUrl\":\"https:\\\/\\\/detailspot.lt\\\/wp-content\\\/uploads\\\/2022\\\/10\\\/logo-original.svg\",\"width\":1,\"height\":1,\"caption\":\"Detail Spot\"},\"image\":{\"@id\":\"https:\\\/\\\/detailspot.lt\\\/#\\\/schema\\\/logo\\\/image\\\/\"},\"sameAs\":[\"https:\\\/\\\/www.facebook.com\\\/profile.php?id=100039208338156\"]}]}<\/script>\n<!-- \/ Yoast SEO plugin. -->","yoast_head_json":{"title":"EWOCAR Heavy Cut+ compound - Detail Spot","description":"The new correction polishing paste has a much longer working time than the old version, allowing you to remove defects much faster.","robots":{"index":"index","follow":"follow","max-snippet":"max-snippet:-1","max-image-preview":"max-image-preview:large","max-video-preview":"max-video-preview:-1"},"canonical":"https:\/\/detailspot.lt\/en\/produktas\/ewocar-heavy-cut-compound\/","og_locale":"en_US","og_type":"article","og_title":"EWOCAR Heavy Cut+ compound - Detail Spot","og_description":"The new correction polishing paste has a much longer working time than the old version, allowing you to remove defects much faster.","og_url":"https:\/\/detailspot.lt\/en\/produktas\/ewocar-heavy-cut-compound\/","og_site_name":"Detail Spot","article_publisher":"https:\/\/www.facebook.com\/profile.php?id=100039208338156","og_image":[{"width":1200,"height":1600,"url":"https:\/\/detailspot.lt\/wp-content\/uploads\/2023\/06\/ewocar-heavy-cut-korekcijos-pasta.jpg","type":"image\/jpeg"}],"twitter_card":"summary_large_image","twitter_misc":{"Est. reading time":"1 minute"},"schema":{"@context":"https:\/\/schema.org","@graph":[{"@type":"WebPage","@id":"https:\/\/detailspot.lt\/en\/produktas\/ewocar-heavy-cut-compound\/","url":"https:\/\/detailspot.lt\/en\/produktas\/ewocar-heavy-cut-compound\/","name":"EWOCAR Heavy Cut+ compound - Detail Spot","isPartOf":{"@id":"https:\/\/detailspot.lt\/#website"},"primaryImageOfPage":{"@id":"https:\/\/detailspot.lt\/en\/produktas\/ewocar-heavy-cut-compound\/#primaryimage"},"image":{"@id":"https:\/\/detailspot.lt\/en\/produktas\/ewocar-heavy-cut-compound\/#primaryimage"},"thumbnailUrl":"https:\/\/detailspot.lt\/wp-content\/uploads\/2023\/06\/ewocar-heavy-cut-korekcijos-pasta.jpg","datePublished":"2023-06-19T07:06:39+00:00","description":"The new correction polishing paste has a much longer working time than the old version, allowing you to remove defects much faster.","breadcrumb":{"@id":"https:\/\/detailspot.lt\/en\/produktas\/ewocar-heavy-cut-compound\/#breadcrumb"},"inLanguage":"en-US","potentialAction":[{"@type":"ReadAction","target":["https:\/\/detailspot.lt\/en\/produktas\/ewocar-heavy-cut-compound\/"]}]},{"@type":"ImageObject","inLanguage":"en-US","@id":"https:\/\/detailspot.lt\/en\/produktas\/ewocar-heavy-cut-compound\/#primaryimage","url":"https:\/\/detailspot.lt\/wp-content\/uploads\/2023\/06\/ewocar-heavy-cut-korekcijos-pasta.jpg","contentUrl":"https:\/\/detailspot.lt\/wp-content\/uploads\/2023\/06\/ewocar-heavy-cut-korekcijos-pasta.jpg","width":1200,"height":1600},{"@type":"BreadcrumbList","@id":"https:\/\/detailspot.lt\/en\/produktas\/ewocar-heavy-cut-compound\/#breadcrumb","itemListElement":[{"@type":"ListItem","position":1,"name":"Home","item":"https:\/\/detailspot.lt\/en\/"},{"@type":"ListItem","position":2,"name":"Shop","item":"https:\/\/detailspot.lt\/en\/parduotuve\/"},{"@type":"ListItem","position":3,"name":"EWOCAR Heavy Cut+ compound"}]},{"@type":"WebSite","@id":"https:\/\/detailspot.lt\/#website","url":"https:\/\/detailspot.lt\/","name":"Detail Spot","description":"Automobili\u0173 prie\u017ei\u016bros priemon\u0117s","publisher":{"@id":"https:\/\/detailspot.lt\/#organization"},"potentialAction":[{"@type":"SearchAction","target":{"@type":"EntryPoint","urlTemplate":"https:\/\/detailspot.lt\/?s={search_term_string}"},"query-input":{"@type":"PropertyValueSpecification","valueRequired":true,"valueName":"search_term_string"}}],"inLanguage":"en-US"},{"@type":"Organization","@id":"https:\/\/detailspot.lt\/#organization","name":"Detail Spot","url":"https:\/\/detailspot.lt\/","logo":{"@type":"ImageObject","inLanguage":"en-US","@id":"https:\/\/detailspot.lt\/#\/schema\/logo\/image\/","url":"https:\/\/detailspot.lt\/wp-content\/uploads\/2022\/10\/logo-original.svg","contentUrl":"https:\/\/detailspot.lt\/wp-content\/uploads\/2022\/10\/logo-original.svg","width":1,"height":1,"caption":"Detail Spot"},"image":{"@id":"https:\/\/detailspot.lt\/#\/schema\/logo\/image\/"},"sameAs":["https:\/\/www.facebook.com\/profile.php?id=100039208338156"]}]}},"_links":{"self":[{"href":"https:\/\/detailspot.lt\/en\/wp-json\/wp\/v2\/product\/6327","targetHints":{"allow":["GET"]}}],"collection":[{"href":"https:\/\/detailspot.lt\/en\/wp-json\/wp\/v2\/product"}],"about":[{"href":"https:\/\/detailspot.lt\/en\/wp-json\/wp\/v2\/types\/product"}],"replies":[{"embeddable":true,"href":"https:\/\/detailspot.lt\/en\/wp-json\/wp\/v2\/comments?post=6327"}],"wp:featuredmedia":[{"embeddable":true,"href":"https:\/\/detailspot.lt\/en\/wp-json\/wp\/v2\/media\/5031"}],"wp:attachment":[{"href":"https:\/\/detailspot.lt\/en\/wp-json\/wp\/v2\/media?parent=6327"}],"wp:term":[{"taxonomy":"product_brand","embeddable":true,"href":"https:\/\/detailspot.lt\/en\/wp-json\/wp\/v2\/product_brand?post=6327"},{"taxonomy":"product_cat","embeddable":true,"href":"https:\/\/detailspot.lt\/en\/wp-json\/wp\/v2\/product_cat?post=6327"},{"taxonomy":"product_tag","embeddable":true,"href":"https:\/\/detailspot.lt\/en\/wp-json\/wp\/v2\/product_tag?post=6327"}],"curies":[{"name":"wp","href":"https:\/\/api.w.org\/{rel}","templated":true}]}}