{"id":6322,"date":"2023-06-29T17:50:53","date_gmt":"2023-06-29T14:50:53","guid":{"rendered":"https:\/\/detailspot.lt\/produktas\/ps-dream-maker-gloss-amplifier\/"},"modified":"2023-06-29T17:50:53","modified_gmt":"2023-06-29T14:50:53","slug":"ps-dream-maker-gloss-amplifier","status":"publish","type":"product","link":"https:\/\/detailspot.lt\/en\/produktas\/ps-dream-maker-gloss-amplifier\/","title":{"rendered":"P&amp;S Dream Maker Gloss Amplifier"},"content":{"rendered":"<h1><\/h1>\n<div id=\"heading2\">\n<h1>P&amp;S Dream Maker Gloss Amplifier<\/h1>\n<\/div>\n<div class=\"clear\"><\/div>\n<div class=\"grid_100 alpha omega mb20\">\n<div class=\"grid_100 omega alpha goods_links_container\">\n<div class=\"mt0\">\n<div class=\"clear\">A show gloss product designed to increase the gloss factor by a simple process.Body Dream Maker can be used on a wide range of surfaces and previously applied protective coatings or films.<strong>Features<\/strong>:<\/p>\n<ol>\n<li>Ease of use<\/li>\n<li>Gives maximum gloss and smoothness to surfaces<\/li>\n<li>Suitable for use on various external surfaces<\/li>\n<li>Suitable for use on a wide range of protective layers: wax, preservative, coating, film.<\/li>\n<\/ol>\n<p><strong>Application:<\/strong><\/p>\n<ol>\n<li>Wash and dry surfaces before use<\/li>\n<li>2-3 sprays on the part or cloth<\/li>\n<li>Spread the product over the part<\/li>\n<li>Use a microfibre cloth or another clean, dry, high quality cloth for buffing<\/li>\n<\/ol>\n<\/div>\n<\/div>\n<\/div>\n<\/div>\n<p>&nbsp;<\/p>\n<p>&nbsp;<\/p>\n<p>&nbsp;<\/p>\n<p style=\"text-align: center;\"> <img loading=\"lazy\" decoding=\"async\" class=\"alignnone wp-image-5053\" src=\"https:\/\/detailspot.lt\/wp-content\/uploads\/2023\/06\/PS-Detail-Logo-300x113.png\" alt=\"\" width=\"212\" height=\"80\" srcset=\"https:\/\/detailspot.lt\/wp-content\/uploads\/2023\/06\/PS-Detail-Logo-300x113.png 300w, https:\/\/detailspot.lt\/wp-content\/uploads\/2023\/06\/PS-Detail-Logo-64x24.png 64w, https:\/\/detailspot.lt\/wp-content\/uploads\/2023\/06\/PS-Detail-Logo.png 403w\" sizes=\"auto, (max-width: 212px) 100vw, 212px\" \/><\/p>\n","protected":false},"excerpt":{"rendered":"<p>P&amp;S Dream Maker Gloss Amplifier A show gloss product designed to increase the gloss factor by a simple process.Body Dream Maker can be used on a wide range of surfaces and previously applied protective coatings or films.Features: Ease of use Gives maximum gloss and smoothness to surfaces Suitable for use on various external surfaces Suitable&hellip;<\/p>\n","protected":false},"featured_media":5052,"comment_status":"closed","ping_status":"closed","template":"","meta":[],"product_brand":[],"product_cat":[160,161],"product_tag":[],"class_list":{"0":"post-6322","1":"product","2":"type-product","3":"status-publish","4":"has-post-thumbnail","6":"product_cat-exterior","7":"product_cat-protective-coatings","8":"description-off","10":"first","11":"outofstock","12":"taxable","13":"shipping-taxable","14":"purchasable","15":"product-type-simple"},"yoast_head":"<!-- This site is optimized with the Yoast SEO plugin v27.4 - https:\/\/yoast.com\/product\/yoast-seo-wordpress\/ -->\n<title>P&amp;S Dream Maker Gloss Amplifier - Detail Spot<\/title>\n<meta name=\"robots\" content=\"index, follow, max-snippet:-1, max-image-preview:large, max-video-preview:-1\" \/>\n<link rel=\"canonical\" href=\"https:\/\/detailspot.lt\/produktas\/ps-dream-maker-gloss-amplifier\/\" \/>\n<meta property=\"og:locale\" content=\"en_US\" \/>\n<meta property=\"og:type\" content=\"article\" \/>\n<meta property=\"og:title\" content=\"P&amp;S Dream Maker Gloss Amplifier - Detail Spot\" \/>\n<meta property=\"og:description\" content=\"P&amp;S Dream Maker Gloss Amplifier A show gloss product designed to increase the gloss factor by a simple process.Body Dream Maker can be used on a wide range of surfaces and previously applied protective coatings or films.Features: Ease of use Gives maximum gloss and smoothness to surfaces Suitable for use on various external surfaces Suitable&hellip;\" \/>\n<meta property=\"og:url\" content=\"https:\/\/detailspot.lt\/produktas\/ps-dream-maker-gloss-amplifier\/\" \/>\n<meta property=\"og:site_name\" content=\"Detail Spot\" \/>\n<meta property=\"article:publisher\" content=\"https:\/\/www.facebook.com\/profile.php?id=100039208338156\" \/>\n<meta property=\"og:image\" content=\"https:\/\/detailspot.lt\/wp-content\/uploads\/2023\/06\/PS-Detail-Logo-300x113.png\" \/>\n<meta name=\"twitter:card\" content=\"summary_large_image\" \/>\n<meta name=\"twitter:label1\" content=\"Est. reading time\" \/>\n\t<meta name=\"twitter:data1\" content=\"1 minute\" \/>\n<script type=\"application\/ld+json\" class=\"yoast-schema-graph\">{\"@context\":\"https:\\\/\\\/schema.org\",\"@graph\":[{\"@type\":\"WebPage\",\"@id\":\"https:\\\/\\\/detailspot.lt\\\/produktas\\\/ps-dream-maker-gloss-amplifier\\\/\",\"url\":\"https:\\\/\\\/detailspot.lt\\\/produktas\\\/ps-dream-maker-gloss-amplifier\\\/\",\"name\":\"P&amp;S Dream Maker Gloss Amplifier - Detail Spot\",\"isPartOf\":{\"@id\":\"https:\\\/\\\/detailspot.lt\\\/#website\"},\"primaryImageOfPage\":{\"@id\":\"https:\\\/\\\/detailspot.lt\\\/produktas\\\/ps-dream-maker-gloss-amplifier\\\/#primaryimage\"},\"image\":{\"@id\":\"https:\\\/\\\/detailspot.lt\\\/produktas\\\/ps-dream-maker-gloss-amplifier\\\/#primaryimage\"},\"thumbnailUrl\":\"https:\\\/\\\/detailspot.lt\\\/wp-content\\\/uploads\\\/2023\\\/06\\\/ps-dream-maker-gloss-amplifier-blizgesio-stipriklis-1.jpg\",\"datePublished\":\"2023-06-29T14:50:53+00:00\",\"breadcrumb\":{\"@id\":\"https:\\\/\\\/detailspot.lt\\\/produktas\\\/ps-dream-maker-gloss-amplifier\\\/#breadcrumb\"},\"inLanguage\":\"en-US\",\"potentialAction\":[{\"@type\":\"ReadAction\",\"target\":[\"https:\\\/\\\/detailspot.lt\\\/produktas\\\/ps-dream-maker-gloss-amplifier\\\/\"]}]},{\"@type\":\"ImageObject\",\"inLanguage\":\"en-US\",\"@id\":\"https:\\\/\\\/detailspot.lt\\\/produktas\\\/ps-dream-maker-gloss-amplifier\\\/#primaryimage\",\"url\":\"https:\\\/\\\/detailspot.lt\\\/wp-content\\\/uploads\\\/2023\\\/06\\\/ps-dream-maker-gloss-amplifier-blizgesio-stipriklis-1.jpg\",\"contentUrl\":\"https:\\\/\\\/detailspot.lt\\\/wp-content\\\/uploads\\\/2023\\\/06\\\/ps-dream-maker-gloss-amplifier-blizgesio-stipriklis-1.jpg\",\"width\":1188,\"height\":1188},{\"@type\":\"BreadcrumbList\",\"@id\":\"https:\\\/\\\/detailspot.lt\\\/produktas\\\/ps-dream-maker-gloss-amplifier\\\/#breadcrumb\",\"itemListElement\":[{\"@type\":\"ListItem\",\"position\":1,\"name\":\"Home\",\"item\":\"https:\\\/\\\/detailspot.lt\\\/en\\\/\"},{\"@type\":\"ListItem\",\"position\":2,\"name\":\"Shop\",\"item\":\"https:\\\/\\\/detailspot.lt\\\/en\\\/parduotuve\\\/\"},{\"@type\":\"ListItem\",\"position\":3,\"name\":\"P&amp;S Dream Maker Gloss Amplifier\"}]},{\"@type\":\"WebSite\",\"@id\":\"https:\\\/\\\/detailspot.lt\\\/#website\",\"url\":\"https:\\\/\\\/detailspot.lt\\\/\",\"name\":\"Detail Spot\",\"description\":\"Automobili\u0173 prie\u017ei\u016bros priemon\u0117s\",\"publisher\":{\"@id\":\"https:\\\/\\\/detailspot.lt\\\/#organization\"},\"potentialAction\":[{\"@type\":\"SearchAction\",\"target\":{\"@type\":\"EntryPoint\",\"urlTemplate\":\"https:\\\/\\\/detailspot.lt\\\/?s={search_term_string}\"},\"query-input\":{\"@type\":\"PropertyValueSpecification\",\"valueRequired\":true,\"valueName\":\"search_term_string\"}}],\"inLanguage\":\"en-US\"},{\"@type\":\"Organization\",\"@id\":\"https:\\\/\\\/detailspot.lt\\\/#organization\",\"name\":\"Detail Spot\",\"url\":\"https:\\\/\\\/detailspot.lt\\\/\",\"logo\":{\"@type\":\"ImageObject\",\"inLanguage\":\"en-US\",\"@id\":\"https:\\\/\\\/detailspot.lt\\\/#\\\/schema\\\/logo\\\/image\\\/\",\"url\":\"https:\\\/\\\/detailspot.lt\\\/wp-content\\\/uploads\\\/2022\\\/10\\\/logo-original.svg\",\"contentUrl\":\"https:\\\/\\\/detailspot.lt\\\/wp-content\\\/uploads\\\/2022\\\/10\\\/logo-original.svg\",\"width\":1,\"height\":1,\"caption\":\"Detail Spot\"},\"image\":{\"@id\":\"https:\\\/\\\/detailspot.lt\\\/#\\\/schema\\\/logo\\\/image\\\/\"},\"sameAs\":[\"https:\\\/\\\/www.facebook.com\\\/profile.php?id=100039208338156\"]}]}<\/script>\n<!-- \/ Yoast SEO plugin. -->","yoast_head_json":{"title":"P&amp;S Dream Maker Gloss Amplifier - Detail Spot","robots":{"index":"index","follow":"follow","max-snippet":"max-snippet:-1","max-image-preview":"max-image-preview:large","max-video-preview":"max-video-preview:-1"},"canonical":"https:\/\/detailspot.lt\/produktas\/ps-dream-maker-gloss-amplifier\/","og_locale":"en_US","og_type":"article","og_title":"P&amp;S Dream Maker Gloss Amplifier - Detail Spot","og_description":"P&amp;S Dream Maker Gloss Amplifier A show gloss product designed to increase the gloss factor by a simple process.Body Dream Maker can be used on a wide range of surfaces and previously applied protective coatings or films.Features: Ease of use Gives maximum gloss and smoothness to surfaces Suitable for use on various external surfaces Suitable&hellip;","og_url":"https:\/\/detailspot.lt\/produktas\/ps-dream-maker-gloss-amplifier\/","og_site_name":"Detail Spot","article_publisher":"https:\/\/www.facebook.com\/profile.php?id=100039208338156","og_image":[{"url":"https:\/\/detailspot.lt\/wp-content\/uploads\/2023\/06\/PS-Detail-Logo-300x113.png","type":"","width":"","height":""}],"twitter_card":"summary_large_image","twitter_misc":{"Est. reading time":"1 minute"},"schema":{"@context":"https:\/\/schema.org","@graph":[{"@type":"WebPage","@id":"https:\/\/detailspot.lt\/produktas\/ps-dream-maker-gloss-amplifier\/","url":"https:\/\/detailspot.lt\/produktas\/ps-dream-maker-gloss-amplifier\/","name":"P&amp;S Dream Maker Gloss Amplifier - Detail Spot","isPartOf":{"@id":"https:\/\/detailspot.lt\/#website"},"primaryImageOfPage":{"@id":"https:\/\/detailspot.lt\/produktas\/ps-dream-maker-gloss-amplifier\/#primaryimage"},"image":{"@id":"https:\/\/detailspot.lt\/produktas\/ps-dream-maker-gloss-amplifier\/#primaryimage"},"thumbnailUrl":"https:\/\/detailspot.lt\/wp-content\/uploads\/2023\/06\/ps-dream-maker-gloss-amplifier-blizgesio-stipriklis-1.jpg","datePublished":"2023-06-29T14:50:53+00:00","breadcrumb":{"@id":"https:\/\/detailspot.lt\/produktas\/ps-dream-maker-gloss-amplifier\/#breadcrumb"},"inLanguage":"en-US","potentialAction":[{"@type":"ReadAction","target":["https:\/\/detailspot.lt\/produktas\/ps-dream-maker-gloss-amplifier\/"]}]},{"@type":"ImageObject","inLanguage":"en-US","@id":"https:\/\/detailspot.lt\/produktas\/ps-dream-maker-gloss-amplifier\/#primaryimage","url":"https:\/\/detailspot.lt\/wp-content\/uploads\/2023\/06\/ps-dream-maker-gloss-amplifier-blizgesio-stipriklis-1.jpg","contentUrl":"https:\/\/detailspot.lt\/wp-content\/uploads\/2023\/06\/ps-dream-maker-gloss-amplifier-blizgesio-stipriklis-1.jpg","width":1188,"height":1188},{"@type":"BreadcrumbList","@id":"https:\/\/detailspot.lt\/produktas\/ps-dream-maker-gloss-amplifier\/#breadcrumb","itemListElement":[{"@type":"ListItem","position":1,"name":"Home","item":"https:\/\/detailspot.lt\/en\/"},{"@type":"ListItem","position":2,"name":"Shop","item":"https:\/\/detailspot.lt\/en\/parduotuve\/"},{"@type":"ListItem","position":3,"name":"P&amp;S Dream Maker Gloss Amplifier"}]},{"@type":"WebSite","@id":"https:\/\/detailspot.lt\/#website","url":"https:\/\/detailspot.lt\/","name":"Detail Spot","description":"Automobili\u0173 prie\u017ei\u016bros priemon\u0117s","publisher":{"@id":"https:\/\/detailspot.lt\/#organization"},"potentialAction":[{"@type":"SearchAction","target":{"@type":"EntryPoint","urlTemplate":"https:\/\/detailspot.lt\/?s={search_term_string}"},"query-input":{"@type":"PropertyValueSpecification","valueRequired":true,"valueName":"search_term_string"}}],"inLanguage":"en-US"},{"@type":"Organization","@id":"https:\/\/detailspot.lt\/#organization","name":"Detail Spot","url":"https:\/\/detailspot.lt\/","logo":{"@type":"ImageObject","inLanguage":"en-US","@id":"https:\/\/detailspot.lt\/#\/schema\/logo\/image\/","url":"https:\/\/detailspot.lt\/wp-content\/uploads\/2022\/10\/logo-original.svg","contentUrl":"https:\/\/detailspot.lt\/wp-content\/uploads\/2022\/10\/logo-original.svg","width":1,"height":1,"caption":"Detail Spot"},"image":{"@id":"https:\/\/detailspot.lt\/#\/schema\/logo\/image\/"},"sameAs":["https:\/\/www.facebook.com\/profile.php?id=100039208338156"]}]}},"_links":{"self":[{"href":"https:\/\/detailspot.lt\/en\/wp-json\/wp\/v2\/product\/6322","targetHints":{"allow":["GET"]}}],"collection":[{"href":"https:\/\/detailspot.lt\/en\/wp-json\/wp\/v2\/product"}],"about":[{"href":"https:\/\/detailspot.lt\/en\/wp-json\/wp\/v2\/types\/product"}],"replies":[{"embeddable":true,"href":"https:\/\/detailspot.lt\/en\/wp-json\/wp\/v2\/comments?post=6322"}],"wp:featuredmedia":[{"embeddable":true,"href":"https:\/\/detailspot.lt\/en\/wp-json\/wp\/v2\/media\/5052"}],"wp:attachment":[{"href":"https:\/\/detailspot.lt\/en\/wp-json\/wp\/v2\/media?parent=6322"}],"wp:term":[{"taxonomy":"product_brand","embeddable":true,"href":"https:\/\/detailspot.lt\/en\/wp-json\/wp\/v2\/product_brand?post=6322"},{"taxonomy":"product_cat","embeddable":true,"href":"https:\/\/detailspot.lt\/en\/wp-json\/wp\/v2\/product_cat?post=6322"},{"taxonomy":"product_tag","embeddable":true,"href":"https:\/\/detailspot.lt\/en\/wp-json\/wp\/v2\/product_tag?post=6322"}],"curies":[{"name":"wp","href":"https:\/\/api.w.org\/{rel}","templated":true}]}}