{"id":6321,"date":"2023-06-29T17:52:42","date_gmt":"2023-06-29T14:52:42","guid":{"rendered":"https:\/\/detailspot.lt\/produktas\/ps-bead-maker-paint-protection-2\/"},"modified":"2023-06-29T17:52:42","modified_gmt":"2023-06-29T14:52:42","slug":"ps-bead-maker-paint-protection-2","status":"publish","type":"product","link":"https:\/\/detailspot.lt\/en\/produktas\/ps-bead-maker-paint-protection-2\/","title":{"rendered":"P&amp;S Bead Maker Paint Protection"},"content":{"rendered":"<div id=\"heading2\">\n<h1>P&amp;S Bead Maker Paint Protection<\/h1>\n<\/div>\n<p>A uniquely formulated spray-on product that provides a protective hydrophobic layer on unprotected surfaces as well as on existing durable coatings or films. It can be used on both dry and wet surfaces during washing to give that extra stunning shine and protection. Bead Maker can be used on all external surfaces. Bead maker adheres to the existing surface and polymerises, and each additional application only enhances the effect, so long-term use enhances the enjoyment of car care.<\/p>\n<p><strong>Characteristics:<\/strong><\/p>\n<ol>\n<li>Extra shine<\/li>\n<li>Easy to use<\/li>\n<li>Suitable for all external surfaces<\/li>\n<li>Creates a smooth, hydrophobic layer<\/li>\n<li>UV protection<\/li>\n<li>Polymerisation within 2h<\/li>\n<li>Can be enhanced with P&amp;S Dream Maker<\/li>\n<\/ol>\n<h1 class=\"grid_100 alpha omega\"><\/h1>\n<p>&nbsp;<\/p>\n<p style=\"text-align: center;\"><img loading=\"lazy\" decoding=\"async\" class=\"alignnone size-medium wp-image-5053\" src=\"https:\/\/detailspot.lt\/wp-content\/uploads\/2023\/06\/PS-Detail-Logo-300x113.png\" alt=\"\" width=\"300\" height=\"113\" srcset=\"https:\/\/detailspot.lt\/wp-content\/uploads\/2023\/06\/PS-Detail-Logo-300x113.png 300w, https:\/\/detailspot.lt\/wp-content\/uploads\/2023\/06\/PS-Detail-Logo-64x24.png 64w, https:\/\/detailspot.lt\/wp-content\/uploads\/2023\/06\/PS-Detail-Logo.png 403w\" sizes=\"auto, (max-width: 300px) 100vw, 300px\" \/><\/p>\n","protected":false},"excerpt":{"rendered":"<p>P&amp;S Bead Maker Paint Protection A uniquely formulated spray-on product that provides a protective hydrophobic layer on unprotected surfaces as well as on existing durable coatings or films. It can be used on both dry and wet surfaces during washing to give that extra stunning shine and protection. Bead Maker can be used on all&hellip;<\/p>\n","protected":false},"featured_media":5057,"comment_status":"closed","ping_status":"closed","template":"","meta":[],"product_brand":[],"product_cat":[160,161],"product_tag":[],"class_list":{"0":"post-6321","1":"product","2":"type-product","3":"status-publish","4":"has-post-thumbnail","6":"product_cat-exterior","7":"product_cat-protective-coatings","8":"description-off","10":"first","11":"outofstock","12":"taxable","13":"shipping-taxable","14":"purchasable","15":"product-type-simple"},"yoast_head":"<!-- This site is optimized with the Yoast SEO plugin v27.4 - https:\/\/yoast.com\/product\/yoast-seo-wordpress\/ -->\n<title>P&amp;S Bead Maker Paint Protection - Detail Spot<\/title>\n<meta name=\"robots\" content=\"index, follow, max-snippet:-1, max-image-preview:large, max-video-preview:-1\" \/>\n<link rel=\"canonical\" href=\"https:\/\/detailspot.lt\/produktas\/ps-bead-maker-paint-protection-2\/\" \/>\n<meta property=\"og:locale\" content=\"en_US\" \/>\n<meta property=\"og:type\" content=\"article\" \/>\n<meta property=\"og:title\" content=\"P&amp;S Bead Maker Paint Protection - Detail Spot\" \/>\n<meta property=\"og:description\" content=\"P&amp;S Bead Maker Paint Protection A uniquely formulated spray-on product that provides a protective hydrophobic layer on unprotected surfaces as well as on existing durable coatings or films. It can be used on both dry and wet surfaces during washing to give that extra stunning shine and protection. Bead Maker can be used on all&hellip;\" \/>\n<meta property=\"og:url\" content=\"https:\/\/detailspot.lt\/produktas\/ps-bead-maker-paint-protection-2\/\" \/>\n<meta property=\"og:site_name\" content=\"Detail Spot\" \/>\n<meta property=\"article:publisher\" content=\"https:\/\/www.facebook.com\/profile.php?id=100039208338156\" \/>\n<meta property=\"og:image\" content=\"https:\/\/detailspot.lt\/wp-content\/uploads\/2023\/06\/PS-Detail-Logo-300x113.png\" \/>\n<meta name=\"twitter:card\" content=\"summary_large_image\" \/>\n<meta name=\"twitter:label1\" content=\"Est. reading time\" \/>\n\t<meta name=\"twitter:data1\" content=\"1 minute\" \/>\n<script type=\"application\/ld+json\" class=\"yoast-schema-graph\">{\"@context\":\"https:\\\/\\\/schema.org\",\"@graph\":[{\"@type\":\"WebPage\",\"@id\":\"https:\\\/\\\/detailspot.lt\\\/produktas\\\/ps-bead-maker-paint-protection-2\\\/\",\"url\":\"https:\\\/\\\/detailspot.lt\\\/produktas\\\/ps-bead-maker-paint-protection-2\\\/\",\"name\":\"P&amp;S Bead Maker Paint Protection - Detail Spot\",\"isPartOf\":{\"@id\":\"https:\\\/\\\/detailspot.lt\\\/#website\"},\"primaryImageOfPage\":{\"@id\":\"https:\\\/\\\/detailspot.lt\\\/produktas\\\/ps-bead-maker-paint-protection-2\\\/#primaryimage\"},\"image\":{\"@id\":\"https:\\\/\\\/detailspot.lt\\\/produktas\\\/ps-bead-maker-paint-protection-2\\\/#primaryimage\"},\"thumbnailUrl\":\"https:\\\/\\\/detailspot.lt\\\/wp-content\\\/uploads\\\/2023\\\/06\\\/ps-bead-maker-paint-protection-1.jpg\",\"datePublished\":\"2023-06-29T14:52:42+00:00\",\"breadcrumb\":{\"@id\":\"https:\\\/\\\/detailspot.lt\\\/produktas\\\/ps-bead-maker-paint-protection-2\\\/#breadcrumb\"},\"inLanguage\":\"en-US\",\"potentialAction\":[{\"@type\":\"ReadAction\",\"target\":[\"https:\\\/\\\/detailspot.lt\\\/produktas\\\/ps-bead-maker-paint-protection-2\\\/\"]}]},{\"@type\":\"ImageObject\",\"inLanguage\":\"en-US\",\"@id\":\"https:\\\/\\\/detailspot.lt\\\/produktas\\\/ps-bead-maker-paint-protection-2\\\/#primaryimage\",\"url\":\"https:\\\/\\\/detailspot.lt\\\/wp-content\\\/uploads\\\/2023\\\/06\\\/ps-bead-maker-paint-protection-1.jpg\",\"contentUrl\":\"https:\\\/\\\/detailspot.lt\\\/wp-content\\\/uploads\\\/2023\\\/06\\\/ps-bead-maker-paint-protection-1.jpg\",\"width\":1188,\"height\":1188},{\"@type\":\"BreadcrumbList\",\"@id\":\"https:\\\/\\\/detailspot.lt\\\/produktas\\\/ps-bead-maker-paint-protection-2\\\/#breadcrumb\",\"itemListElement\":[{\"@type\":\"ListItem\",\"position\":1,\"name\":\"Home\",\"item\":\"https:\\\/\\\/detailspot.lt\\\/en\\\/\"},{\"@type\":\"ListItem\",\"position\":2,\"name\":\"Shop\",\"item\":\"https:\\\/\\\/detailspot.lt\\\/en\\\/parduotuve\\\/\"},{\"@type\":\"ListItem\",\"position\":3,\"name\":\"P&amp;S Bead Maker Paint Protection\"}]},{\"@type\":\"WebSite\",\"@id\":\"https:\\\/\\\/detailspot.lt\\\/#website\",\"url\":\"https:\\\/\\\/detailspot.lt\\\/\",\"name\":\"Detail Spot\",\"description\":\"Automobili\u0173 prie\u017ei\u016bros priemon\u0117s\",\"publisher\":{\"@id\":\"https:\\\/\\\/detailspot.lt\\\/#organization\"},\"potentialAction\":[{\"@type\":\"SearchAction\",\"target\":{\"@type\":\"EntryPoint\",\"urlTemplate\":\"https:\\\/\\\/detailspot.lt\\\/?s={search_term_string}\"},\"query-input\":{\"@type\":\"PropertyValueSpecification\",\"valueRequired\":true,\"valueName\":\"search_term_string\"}}],\"inLanguage\":\"en-US\"},{\"@type\":\"Organization\",\"@id\":\"https:\\\/\\\/detailspot.lt\\\/#organization\",\"name\":\"Detail Spot\",\"url\":\"https:\\\/\\\/detailspot.lt\\\/\",\"logo\":{\"@type\":\"ImageObject\",\"inLanguage\":\"en-US\",\"@id\":\"https:\\\/\\\/detailspot.lt\\\/#\\\/schema\\\/logo\\\/image\\\/\",\"url\":\"https:\\\/\\\/detailspot.lt\\\/wp-content\\\/uploads\\\/2022\\\/10\\\/logo-original.svg\",\"contentUrl\":\"https:\\\/\\\/detailspot.lt\\\/wp-content\\\/uploads\\\/2022\\\/10\\\/logo-original.svg\",\"width\":1,\"height\":1,\"caption\":\"Detail Spot\"},\"image\":{\"@id\":\"https:\\\/\\\/detailspot.lt\\\/#\\\/schema\\\/logo\\\/image\\\/\"},\"sameAs\":[\"https:\\\/\\\/www.facebook.com\\\/profile.php?id=100039208338156\"]}]}<\/script>\n<!-- \/ Yoast SEO plugin. -->","yoast_head_json":{"title":"P&amp;S Bead Maker Paint Protection - Detail Spot","robots":{"index":"index","follow":"follow","max-snippet":"max-snippet:-1","max-image-preview":"max-image-preview:large","max-video-preview":"max-video-preview:-1"},"canonical":"https:\/\/detailspot.lt\/produktas\/ps-bead-maker-paint-protection-2\/","og_locale":"en_US","og_type":"article","og_title":"P&amp;S Bead Maker Paint Protection - Detail Spot","og_description":"P&amp;S Bead Maker Paint Protection A uniquely formulated spray-on product that provides a protective hydrophobic layer on unprotected surfaces as well as on existing durable coatings or films. It can be used on both dry and wet surfaces during washing to give that extra stunning shine and protection. Bead Maker can be used on all&hellip;","og_url":"https:\/\/detailspot.lt\/produktas\/ps-bead-maker-paint-protection-2\/","og_site_name":"Detail Spot","article_publisher":"https:\/\/www.facebook.com\/profile.php?id=100039208338156","og_image":[{"url":"https:\/\/detailspot.lt\/wp-content\/uploads\/2023\/06\/PS-Detail-Logo-300x113.png","type":"","width":"","height":""}],"twitter_card":"summary_large_image","twitter_misc":{"Est. reading time":"1 minute"},"schema":{"@context":"https:\/\/schema.org","@graph":[{"@type":"WebPage","@id":"https:\/\/detailspot.lt\/produktas\/ps-bead-maker-paint-protection-2\/","url":"https:\/\/detailspot.lt\/produktas\/ps-bead-maker-paint-protection-2\/","name":"P&amp;S Bead Maker Paint Protection - Detail Spot","isPartOf":{"@id":"https:\/\/detailspot.lt\/#website"},"primaryImageOfPage":{"@id":"https:\/\/detailspot.lt\/produktas\/ps-bead-maker-paint-protection-2\/#primaryimage"},"image":{"@id":"https:\/\/detailspot.lt\/produktas\/ps-bead-maker-paint-protection-2\/#primaryimage"},"thumbnailUrl":"https:\/\/detailspot.lt\/wp-content\/uploads\/2023\/06\/ps-bead-maker-paint-protection-1.jpg","datePublished":"2023-06-29T14:52:42+00:00","breadcrumb":{"@id":"https:\/\/detailspot.lt\/produktas\/ps-bead-maker-paint-protection-2\/#breadcrumb"},"inLanguage":"en-US","potentialAction":[{"@type":"ReadAction","target":["https:\/\/detailspot.lt\/produktas\/ps-bead-maker-paint-protection-2\/"]}]},{"@type":"ImageObject","inLanguage":"en-US","@id":"https:\/\/detailspot.lt\/produktas\/ps-bead-maker-paint-protection-2\/#primaryimage","url":"https:\/\/detailspot.lt\/wp-content\/uploads\/2023\/06\/ps-bead-maker-paint-protection-1.jpg","contentUrl":"https:\/\/detailspot.lt\/wp-content\/uploads\/2023\/06\/ps-bead-maker-paint-protection-1.jpg","width":1188,"height":1188},{"@type":"BreadcrumbList","@id":"https:\/\/detailspot.lt\/produktas\/ps-bead-maker-paint-protection-2\/#breadcrumb","itemListElement":[{"@type":"ListItem","position":1,"name":"Home","item":"https:\/\/detailspot.lt\/en\/"},{"@type":"ListItem","position":2,"name":"Shop","item":"https:\/\/detailspot.lt\/en\/parduotuve\/"},{"@type":"ListItem","position":3,"name":"P&amp;S Bead Maker Paint Protection"}]},{"@type":"WebSite","@id":"https:\/\/detailspot.lt\/#website","url":"https:\/\/detailspot.lt\/","name":"Detail Spot","description":"Automobili\u0173 prie\u017ei\u016bros priemon\u0117s","publisher":{"@id":"https:\/\/detailspot.lt\/#organization"},"potentialAction":[{"@type":"SearchAction","target":{"@type":"EntryPoint","urlTemplate":"https:\/\/detailspot.lt\/?s={search_term_string}"},"query-input":{"@type":"PropertyValueSpecification","valueRequired":true,"valueName":"search_term_string"}}],"inLanguage":"en-US"},{"@type":"Organization","@id":"https:\/\/detailspot.lt\/#organization","name":"Detail Spot","url":"https:\/\/detailspot.lt\/","logo":{"@type":"ImageObject","inLanguage":"en-US","@id":"https:\/\/detailspot.lt\/#\/schema\/logo\/image\/","url":"https:\/\/detailspot.lt\/wp-content\/uploads\/2022\/10\/logo-original.svg","contentUrl":"https:\/\/detailspot.lt\/wp-content\/uploads\/2022\/10\/logo-original.svg","width":1,"height":1,"caption":"Detail Spot"},"image":{"@id":"https:\/\/detailspot.lt\/#\/schema\/logo\/image\/"},"sameAs":["https:\/\/www.facebook.com\/profile.php?id=100039208338156"]}]}},"_links":{"self":[{"href":"https:\/\/detailspot.lt\/en\/wp-json\/wp\/v2\/product\/6321","targetHints":{"allow":["GET"]}}],"collection":[{"href":"https:\/\/detailspot.lt\/en\/wp-json\/wp\/v2\/product"}],"about":[{"href":"https:\/\/detailspot.lt\/en\/wp-json\/wp\/v2\/types\/product"}],"replies":[{"embeddable":true,"href":"https:\/\/detailspot.lt\/en\/wp-json\/wp\/v2\/comments?post=6321"}],"wp:featuredmedia":[{"embeddable":true,"href":"https:\/\/detailspot.lt\/en\/wp-json\/wp\/v2\/media\/5057"}],"wp:attachment":[{"href":"https:\/\/detailspot.lt\/en\/wp-json\/wp\/v2\/media?parent=6321"}],"wp:term":[{"taxonomy":"product_brand","embeddable":true,"href":"https:\/\/detailspot.lt\/en\/wp-json\/wp\/v2\/product_brand?post=6321"},{"taxonomy":"product_cat","embeddable":true,"href":"https:\/\/detailspot.lt\/en\/wp-json\/wp\/v2\/product_cat?post=6321"},{"taxonomy":"product_tag","embeddable":true,"href":"https:\/\/detailspot.lt\/en\/wp-json\/wp\/v2\/product_tag?post=6321"}],"curies":[{"name":"wp","href":"https:\/\/api.w.org\/{rel}","templated":true}]}}