{"id":6317,"date":"2023-07-09T14:38:31","date_gmt":"2023-07-09T11:38:31","guid":{"rendered":"https:\/\/detailspot.lt\/produktas\/shiny-garage-blue-snow-active-foam\/"},"modified":"2023-07-09T14:38:31","modified_gmt":"2023-07-09T11:38:31","slug":"shiny-garage-blue-snow-active-foam","status":"publish","type":"product","link":"https:\/\/detailspot.lt\/en\/produktas\/shiny-garage-blue-snow-active-foam\/","title":{"rendered":"Shiny Garage \u201eBlue Snow\u201c active foam"},"content":{"rendered":"<h1>Shiny Garage \u201eBlue Snow\u201c active foam<\/h1>\n<p>Shiny Garage Blue Foam is the most innovative foam we have ever developed. The use of special paints makes it easy to apply to light cars, without permanently staining the material, pads, etc.<\/p>\n<p>We decided to use a very intense and pleasant men&#8217;s fragrance.<\/p>\n<p>Blue Foam is perfect for autumn and winter car care and removes dirt without damaging the wax. We particularly recommend using it in conjunction with the manual Mesto Foamer.<\/p>\n<h2><strong>ATTENTION!<\/strong><\/h2>\n<p><strong>Wear protective gloves when diluting the product.<\/strong><\/p>\n<p><strong>If your skin, clothes or other items get dirty, wash the foam off under running water.<\/strong><\/p>\n<p><strong>Do not allow the foam to dry on the paintwork.<\/strong><\/p>\n<p><strong>Do not use on the roofs of convertible cars.<\/strong><\/p>\n<p>recommended dilution on a foam sprayer: 125 ml of product and 1 l of water,<\/p>\n<p>&nbsp;<\/p>\n<p style=\"text-align: center;\"><img loading=\"lazy\" decoding=\"async\" class=\"alignnone size-full wp-image-2046\" src=\"https:\/\/detailspot.lt\/wp-content\/uploads\/2022\/12\/Shiny-Garage.png\" alt=\"\" width=\"225\" height=\"224\" srcset=\"https:\/\/detailspot.lt\/wp-content\/uploads\/2022\/12\/Shiny-Garage.png 225w, https:\/\/detailspot.lt\/wp-content\/uploads\/2022\/12\/Shiny-Garage-150x150.png 150w, https:\/\/detailspot.lt\/wp-content\/uploads\/2022\/12\/Shiny-Garage-200x200.png 200w, https:\/\/detailspot.lt\/wp-content\/uploads\/2022\/12\/Shiny-Garage-64x64.png 64w\" sizes=\"auto, (max-width: 225px) 100vw, 225px\" \/><\/p>\n","protected":false},"excerpt":{"rendered":"<p>Shiny Garage \u201eBlue Snow\u201c active foam Shiny Garage Blue Foam is the most innovative foam we have ever developed. The use of special paints makes it easy to apply to light cars, without permanently staining the material, pads, etc. We decided to use a very intense and pleasant men&#8217;s fragrance. Blue Foam is perfect for&hellip;<\/p>\n","protected":false},"featured_media":5075,"comment_status":"closed","ping_status":"closed","template":"","meta":[],"product_brand":[],"product_cat":[160,164],"product_tag":[],"class_list":{"0":"post-6317","1":"product","2":"type-product","3":"status-publish","4":"has-post-thumbnail","6":"product_cat-exterior","7":"product_cat-shampoos-and-cleansers","8":"description-off","10":"first","11":"instock","12":"taxable","13":"shipping-taxable","14":"purchasable","15":"product-type-simple"},"yoast_head":"<!-- This site is optimized with the Yoast SEO plugin v27.4 - https:\/\/yoast.com\/product\/yoast-seo-wordpress\/ -->\n<title>Shiny Garage \u201eBlue Snow\u201c active foam - Detail Spot<\/title>\n<meta name=\"robots\" content=\"index, follow, max-snippet:-1, max-image-preview:large, max-video-preview:-1\" \/>\n<link rel=\"canonical\" href=\"https:\/\/detailspot.lt\/produktas\/shiny-garage-blue-snow-plovimo-putos\/\" \/>\n<meta property=\"og:locale\" content=\"en_US\" \/>\n<meta property=\"og:type\" content=\"article\" \/>\n<meta property=\"og:title\" content=\"Shiny Garage \u201eBlue Snow\u201c active foam - Detail Spot\" \/>\n<meta property=\"og:description\" content=\"Shiny Garage \u201eBlue Snow\u201c active foam Shiny Garage Blue Foam is the most innovative foam we have ever developed. The use of special paints makes it easy to apply to light cars, without permanently staining the material, pads, etc. We decided to use a very intense and pleasant men&#8217;s fragrance. Blue Foam is perfect for&hellip;\" \/>\n<meta property=\"og:url\" content=\"https:\/\/detailspot.lt\/produktas\/shiny-garage-blue-snow-plovimo-putos\/\" \/>\n<meta property=\"og:site_name\" content=\"Detail Spot\" \/>\n<meta property=\"article:publisher\" content=\"https:\/\/www.facebook.com\/profile.php?id=100039208338156\" \/>\n<meta property=\"og:image\" content=\"https:\/\/detailspot.lt\/wp-content\/uploads\/2023\/07\/pol_pl_Blue-Snow-Foam-1L-282_1.jpg\" \/>\n\t<meta property=\"og:image:width\" content=\"572\" \/>\n\t<meta property=\"og:image:height\" content=\"452\" \/>\n\t<meta property=\"og:image:type\" content=\"image\/jpeg\" \/>\n<meta name=\"twitter:card\" content=\"summary_large_image\" \/>\n<meta name=\"twitter:label1\" content=\"Est. reading time\" \/>\n\t<meta name=\"twitter:data1\" content=\"1 minute\" \/>\n<script type=\"application\/ld+json\" class=\"yoast-schema-graph\">{\"@context\":\"https:\\\/\\\/schema.org\",\"@graph\":[{\"@type\":\"WebPage\",\"@id\":\"https:\\\/\\\/detailspot.lt\\\/produktas\\\/shiny-garage-blue-snow-plovimo-putos\\\/\",\"url\":\"https:\\\/\\\/detailspot.lt\\\/produktas\\\/shiny-garage-blue-snow-plovimo-putos\\\/\",\"name\":\"Shiny Garage \u201eBlue Snow\u201c active foam - Detail Spot\",\"isPartOf\":{\"@id\":\"https:\\\/\\\/detailspot.lt\\\/#website\"},\"primaryImageOfPage\":{\"@id\":\"https:\\\/\\\/detailspot.lt\\\/produktas\\\/shiny-garage-blue-snow-plovimo-putos\\\/#primaryimage\"},\"image\":{\"@id\":\"https:\\\/\\\/detailspot.lt\\\/produktas\\\/shiny-garage-blue-snow-plovimo-putos\\\/#primaryimage\"},\"thumbnailUrl\":\"https:\\\/\\\/detailspot.lt\\\/wp-content\\\/uploads\\\/2023\\\/07\\\/pol_pl_Blue-Snow-Foam-1L-282_1.jpg\",\"datePublished\":\"2023-07-09T11:38:31+00:00\",\"breadcrumb\":{\"@id\":\"https:\\\/\\\/detailspot.lt\\\/produktas\\\/shiny-garage-blue-snow-plovimo-putos\\\/#breadcrumb\"},\"inLanguage\":\"en-US\",\"potentialAction\":[{\"@type\":\"ReadAction\",\"target\":[\"https:\\\/\\\/detailspot.lt\\\/produktas\\\/shiny-garage-blue-snow-plovimo-putos\\\/\"]}]},{\"@type\":\"ImageObject\",\"inLanguage\":\"en-US\",\"@id\":\"https:\\\/\\\/detailspot.lt\\\/produktas\\\/shiny-garage-blue-snow-plovimo-putos\\\/#primaryimage\",\"url\":\"https:\\\/\\\/detailspot.lt\\\/wp-content\\\/uploads\\\/2023\\\/07\\\/pol_pl_Blue-Snow-Foam-1L-282_1.jpg\",\"contentUrl\":\"https:\\\/\\\/detailspot.lt\\\/wp-content\\\/uploads\\\/2023\\\/07\\\/pol_pl_Blue-Snow-Foam-1L-282_1.jpg\",\"width\":572,\"height\":452},{\"@type\":\"BreadcrumbList\",\"@id\":\"https:\\\/\\\/detailspot.lt\\\/produktas\\\/shiny-garage-blue-snow-plovimo-putos\\\/#breadcrumb\",\"itemListElement\":[{\"@type\":\"ListItem\",\"position\":1,\"name\":\"Home\",\"item\":\"https:\\\/\\\/detailspot.lt\\\/en\\\/\"},{\"@type\":\"ListItem\",\"position\":2,\"name\":\"Shop\",\"item\":\"https:\\\/\\\/detailspot.lt\\\/en\\\/parduotuve\\\/\"},{\"@type\":\"ListItem\",\"position\":3,\"name\":\"Shiny Garage \u201eBlue Snow\u201c active foam\"}]},{\"@type\":\"WebSite\",\"@id\":\"https:\\\/\\\/detailspot.lt\\\/#website\",\"url\":\"https:\\\/\\\/detailspot.lt\\\/\",\"name\":\"Detail Spot\",\"description\":\"Automobili\u0173 prie\u017ei\u016bros priemon\u0117s\",\"publisher\":{\"@id\":\"https:\\\/\\\/detailspot.lt\\\/#organization\"},\"potentialAction\":[{\"@type\":\"SearchAction\",\"target\":{\"@type\":\"EntryPoint\",\"urlTemplate\":\"https:\\\/\\\/detailspot.lt\\\/?s={search_term_string}\"},\"query-input\":{\"@type\":\"PropertyValueSpecification\",\"valueRequired\":true,\"valueName\":\"search_term_string\"}}],\"inLanguage\":\"en-US\"},{\"@type\":\"Organization\",\"@id\":\"https:\\\/\\\/detailspot.lt\\\/#organization\",\"name\":\"Detail Spot\",\"url\":\"https:\\\/\\\/detailspot.lt\\\/\",\"logo\":{\"@type\":\"ImageObject\",\"inLanguage\":\"en-US\",\"@id\":\"https:\\\/\\\/detailspot.lt\\\/#\\\/schema\\\/logo\\\/image\\\/\",\"url\":\"https:\\\/\\\/detailspot.lt\\\/wp-content\\\/uploads\\\/2022\\\/10\\\/logo-original.svg\",\"contentUrl\":\"https:\\\/\\\/detailspot.lt\\\/wp-content\\\/uploads\\\/2022\\\/10\\\/logo-original.svg\",\"width\":1,\"height\":1,\"caption\":\"Detail Spot\"},\"image\":{\"@id\":\"https:\\\/\\\/detailspot.lt\\\/#\\\/schema\\\/logo\\\/image\\\/\"},\"sameAs\":[\"https:\\\/\\\/www.facebook.com\\\/profile.php?id=100039208338156\"]}]}<\/script>\n<!-- \/ Yoast SEO plugin. -->","yoast_head_json":{"title":"Shiny Garage \u201eBlue Snow\u201c active foam - Detail Spot","robots":{"index":"index","follow":"follow","max-snippet":"max-snippet:-1","max-image-preview":"max-image-preview:large","max-video-preview":"max-video-preview:-1"},"canonical":"https:\/\/detailspot.lt\/produktas\/shiny-garage-blue-snow-plovimo-putos\/","og_locale":"en_US","og_type":"article","og_title":"Shiny Garage \u201eBlue Snow\u201c active foam - Detail Spot","og_description":"Shiny Garage \u201eBlue Snow\u201c active foam Shiny Garage Blue Foam is the most innovative foam we have ever developed. The use of special paints makes it easy to apply to light cars, without permanently staining the material, pads, etc. We decided to use a very intense and pleasant men&#8217;s fragrance. Blue Foam is perfect for&hellip;","og_url":"https:\/\/detailspot.lt\/produktas\/shiny-garage-blue-snow-plovimo-putos\/","og_site_name":"Detail Spot","article_publisher":"https:\/\/www.facebook.com\/profile.php?id=100039208338156","og_image":[{"width":572,"height":452,"url":"https:\/\/detailspot.lt\/wp-content\/uploads\/2023\/07\/pol_pl_Blue-Snow-Foam-1L-282_1.jpg","type":"image\/jpeg"}],"twitter_card":"summary_large_image","twitter_misc":{"Est. reading time":"1 minute"},"schema":{"@context":"https:\/\/schema.org","@graph":[{"@type":"WebPage","@id":"https:\/\/detailspot.lt\/produktas\/shiny-garage-blue-snow-plovimo-putos\/","url":"https:\/\/detailspot.lt\/produktas\/shiny-garage-blue-snow-plovimo-putos\/","name":"Shiny Garage \u201eBlue Snow\u201c active foam - Detail Spot","isPartOf":{"@id":"https:\/\/detailspot.lt\/#website"},"primaryImageOfPage":{"@id":"https:\/\/detailspot.lt\/produktas\/shiny-garage-blue-snow-plovimo-putos\/#primaryimage"},"image":{"@id":"https:\/\/detailspot.lt\/produktas\/shiny-garage-blue-snow-plovimo-putos\/#primaryimage"},"thumbnailUrl":"https:\/\/detailspot.lt\/wp-content\/uploads\/2023\/07\/pol_pl_Blue-Snow-Foam-1L-282_1.jpg","datePublished":"2023-07-09T11:38:31+00:00","breadcrumb":{"@id":"https:\/\/detailspot.lt\/produktas\/shiny-garage-blue-snow-plovimo-putos\/#breadcrumb"},"inLanguage":"en-US","potentialAction":[{"@type":"ReadAction","target":["https:\/\/detailspot.lt\/produktas\/shiny-garage-blue-snow-plovimo-putos\/"]}]},{"@type":"ImageObject","inLanguage":"en-US","@id":"https:\/\/detailspot.lt\/produktas\/shiny-garage-blue-snow-plovimo-putos\/#primaryimage","url":"https:\/\/detailspot.lt\/wp-content\/uploads\/2023\/07\/pol_pl_Blue-Snow-Foam-1L-282_1.jpg","contentUrl":"https:\/\/detailspot.lt\/wp-content\/uploads\/2023\/07\/pol_pl_Blue-Snow-Foam-1L-282_1.jpg","width":572,"height":452},{"@type":"BreadcrumbList","@id":"https:\/\/detailspot.lt\/produktas\/shiny-garage-blue-snow-plovimo-putos\/#breadcrumb","itemListElement":[{"@type":"ListItem","position":1,"name":"Home","item":"https:\/\/detailspot.lt\/en\/"},{"@type":"ListItem","position":2,"name":"Shop","item":"https:\/\/detailspot.lt\/en\/parduotuve\/"},{"@type":"ListItem","position":3,"name":"Shiny Garage \u201eBlue Snow\u201c active foam"}]},{"@type":"WebSite","@id":"https:\/\/detailspot.lt\/#website","url":"https:\/\/detailspot.lt\/","name":"Detail Spot","description":"Automobili\u0173 prie\u017ei\u016bros priemon\u0117s","publisher":{"@id":"https:\/\/detailspot.lt\/#organization"},"potentialAction":[{"@type":"SearchAction","target":{"@type":"EntryPoint","urlTemplate":"https:\/\/detailspot.lt\/?s={search_term_string}"},"query-input":{"@type":"PropertyValueSpecification","valueRequired":true,"valueName":"search_term_string"}}],"inLanguage":"en-US"},{"@type":"Organization","@id":"https:\/\/detailspot.lt\/#organization","name":"Detail Spot","url":"https:\/\/detailspot.lt\/","logo":{"@type":"ImageObject","inLanguage":"en-US","@id":"https:\/\/detailspot.lt\/#\/schema\/logo\/image\/","url":"https:\/\/detailspot.lt\/wp-content\/uploads\/2022\/10\/logo-original.svg","contentUrl":"https:\/\/detailspot.lt\/wp-content\/uploads\/2022\/10\/logo-original.svg","width":1,"height":1,"caption":"Detail Spot"},"image":{"@id":"https:\/\/detailspot.lt\/#\/schema\/logo\/image\/"},"sameAs":["https:\/\/www.facebook.com\/profile.php?id=100039208338156"]}]}},"_links":{"self":[{"href":"https:\/\/detailspot.lt\/en\/wp-json\/wp\/v2\/product\/6317","targetHints":{"allow":["GET"]}}],"collection":[{"href":"https:\/\/detailspot.lt\/en\/wp-json\/wp\/v2\/product"}],"about":[{"href":"https:\/\/detailspot.lt\/en\/wp-json\/wp\/v2\/types\/product"}],"replies":[{"embeddable":true,"href":"https:\/\/detailspot.lt\/en\/wp-json\/wp\/v2\/comments?post=6317"}],"wp:featuredmedia":[{"embeddable":true,"href":"https:\/\/detailspot.lt\/en\/wp-json\/wp\/v2\/media\/5075"}],"wp:attachment":[{"href":"https:\/\/detailspot.lt\/en\/wp-json\/wp\/v2\/media?parent=6317"}],"wp:term":[{"taxonomy":"product_brand","embeddable":true,"href":"https:\/\/detailspot.lt\/en\/wp-json\/wp\/v2\/product_brand?post=6317"},{"taxonomy":"product_cat","embeddable":true,"href":"https:\/\/detailspot.lt\/en\/wp-json\/wp\/v2\/product_cat?post=6317"},{"taxonomy":"product_tag","embeddable":true,"href":"https:\/\/detailspot.lt\/en\/wp-json\/wp\/v2\/product_tag?post=6317"}],"curies":[{"name":"wp","href":"https:\/\/api.w.org\/{rel}","templated":true}]}}