{"id":6314,"date":"2023-07-20T10:53:24","date_gmt":"2023-07-20T07:53:24","guid":{"rendered":"https:\/\/detailspot.lt\/produktas\/benbow-sticker-eraser-pro118\/"},"modified":"2023-07-20T10:53:24","modified_gmt":"2023-07-20T07:53:24","slug":"benbow-sticker-eraser-pro118","status":"publish","type":"product","link":"https:\/\/detailspot.lt\/en\/produktas\/benbow-sticker-eraser-pro118\/","title":{"rendered":"Benbow Sticker Eraser PRO118"},"content":{"rendered":"<h1>Benbow Sticker Eraser<\/h1>\n<p>Working with this eraser (gentle pressure) does not damage the paint. This is due to the special rubber formula, which has been improved according to user feedback.This eraser is designed for quick and easy removal of stickers or films from cars.It is a great alternative to chemical solvents or even mechanical scrapers.The included adapter is threaded. The attachment fits into a drill, a cordless screwdriver or a linear sander. You can then get straight to work removing the film. Of course, care must be taken &#8211; it&#8217;s best to start from a low visibility area. Optimum speed: 2,000-3,000 rpm (max. 4,000)<\/p>\n<h2>IMPORTANT:<\/h2>\n<p>Do not press hard on the paint surface. Applying too much pressure or speed can cause damage to the painted surface.<\/p>\n<h3>The set includes:<\/h3>\n<p>2 pcs. erasers 90 mm diameter, 15 mm thick, 1x adapter<\/p>\n<p>&nbsp;<\/p>\n<p style=\"text-align: center;\"><img loading=\"lazy\" decoding=\"async\" class=\"alignnone size-full wp-image-1946\" src=\"https:\/\/detailspot.lt\/wp-content\/uploads\/2022\/12\/BenBow-logo.png\" alt=\"\" width=\"225\" height=\"225\" srcset=\"https:\/\/detailspot.lt\/wp-content\/uploads\/2022\/12\/BenBow-logo.png 225w, https:\/\/detailspot.lt\/wp-content\/uploads\/2022\/12\/BenBow-logo-150x150.png 150w, https:\/\/detailspot.lt\/wp-content\/uploads\/2022\/12\/BenBow-logo-200x200.png 200w, https:\/\/detailspot.lt\/wp-content\/uploads\/2022\/12\/BenBow-logo-64x64.png 64w\" sizes=\"auto, (max-width: 225px) 100vw, 225px\" \/><\/p>\n","protected":false},"excerpt":{"rendered":"<p>Benbow Sticker Eraser Working with this eraser (gentle pressure) does not damage the paint. This is due to the special rubber formula, which has been improved according to user feedback.This eraser is designed for quick and easy removal of stickers or films from cars.It is a great alternative to chemical solvents or even mechanical scrapers.The&hellip;<\/p>\n","protected":false},"featured_media":5102,"comment_status":"closed","ping_status":"closed","template":"","meta":[],"product_brand":[],"product_cat":[155,174],"product_tag":[],"class_list":{"0":"post-6314","1":"product","2":"type-product","3":"status-publish","4":"has-post-thumbnail","6":"product_cat-accessories","7":"product_cat-accessories-en","8":"description-off","10":"first","11":"instock","12":"sale","13":"taxable","14":"shipping-taxable","15":"purchasable","16":"product-type-simple"},"yoast_head":"<!-- This site is optimized with the Yoast SEO plugin v27.3 - https:\/\/yoast.com\/product\/yoast-seo-wordpress\/ -->\n<title>Benbow Sticker Eraser PRO118 - Detail Spot<\/title>\n<meta name=\"robots\" content=\"index, follow, max-snippet:-1, max-image-preview:large, max-video-preview:-1\" \/>\n<link rel=\"canonical\" href=\"https:\/\/detailspot.lt\/en\/produktas\/benbow-sticker-eraser-pro118\/\" \/>\n<meta property=\"og:locale\" content=\"en_US\" \/>\n<meta property=\"og:type\" content=\"article\" \/>\n<meta property=\"og:title\" content=\"Benbow Sticker Eraser PRO118 - Detail Spot\" \/>\n<meta property=\"og:description\" content=\"Benbow Sticker Eraser Working with this eraser (gentle pressure) does not damage the paint. This is due to the special rubber formula, which has been improved according to user feedback.This eraser is designed for quick and easy removal of stickers or films from cars.It is a great alternative to chemical solvents or even mechanical scrapers.The&hellip;\" \/>\n<meta property=\"og:url\" content=\"https:\/\/detailspot.lt\/en\/produktas\/benbow-sticker-eraser-pro118\/\" \/>\n<meta property=\"og:site_name\" content=\"Detail Spot\" \/>\n<meta property=\"article:publisher\" content=\"https:\/\/www.facebook.com\/profile.php?id=100039208338156\" \/>\n<meta property=\"og:image\" content=\"https:\/\/detailspot.lt\/wp-content\/uploads\/2023\/07\/000118-Benbow-PRO-118-Krazki-gumowe-2-adapter-1.jpg\" \/>\n\t<meta property=\"og:image:width\" content=\"570\" \/>\n\t<meta property=\"og:image:height\" content=\"630\" \/>\n\t<meta property=\"og:image:type\" content=\"image\/jpeg\" \/>\n<meta name=\"twitter:card\" content=\"summary_large_image\" \/>\n<meta name=\"twitter:label1\" content=\"Est. reading time\" \/>\n\t<meta name=\"twitter:data1\" content=\"1 minute\" \/>\n<script type=\"application\/ld+json\" class=\"yoast-schema-graph\">{\"@context\":\"https:\\\/\\\/schema.org\",\"@graph\":[{\"@type\":\"WebPage\",\"@id\":\"https:\\\/\\\/detailspot.lt\\\/en\\\/produktas\\\/benbow-sticker-eraser-pro118\\\/\",\"url\":\"https:\\\/\\\/detailspot.lt\\\/en\\\/produktas\\\/benbow-sticker-eraser-pro118\\\/\",\"name\":\"Benbow Sticker Eraser PRO118 - Detail Spot\",\"isPartOf\":{\"@id\":\"https:\\\/\\\/detailspot.lt\\\/#website\"},\"primaryImageOfPage\":{\"@id\":\"https:\\\/\\\/detailspot.lt\\\/en\\\/produktas\\\/benbow-sticker-eraser-pro118\\\/#primaryimage\"},\"image\":{\"@id\":\"https:\\\/\\\/detailspot.lt\\\/en\\\/produktas\\\/benbow-sticker-eraser-pro118\\\/#primaryimage\"},\"thumbnailUrl\":\"https:\\\/\\\/detailspot.lt\\\/wp-content\\\/uploads\\\/2023\\\/07\\\/000118-Benbow-PRO-118-Krazki-gumowe-2-adapter-1.jpg\",\"datePublished\":\"2023-07-20T07:53:24+00:00\",\"breadcrumb\":{\"@id\":\"https:\\\/\\\/detailspot.lt\\\/en\\\/produktas\\\/benbow-sticker-eraser-pro118\\\/#breadcrumb\"},\"inLanguage\":\"en-US\",\"potentialAction\":[{\"@type\":\"ReadAction\",\"target\":[\"https:\\\/\\\/detailspot.lt\\\/en\\\/produktas\\\/benbow-sticker-eraser-pro118\\\/\"]}]},{\"@type\":\"ImageObject\",\"inLanguage\":\"en-US\",\"@id\":\"https:\\\/\\\/detailspot.lt\\\/en\\\/produktas\\\/benbow-sticker-eraser-pro118\\\/#primaryimage\",\"url\":\"https:\\\/\\\/detailspot.lt\\\/wp-content\\\/uploads\\\/2023\\\/07\\\/000118-Benbow-PRO-118-Krazki-gumowe-2-adapter-1.jpg\",\"contentUrl\":\"https:\\\/\\\/detailspot.lt\\\/wp-content\\\/uploads\\\/2023\\\/07\\\/000118-Benbow-PRO-118-Krazki-gumowe-2-adapter-1.jpg\",\"width\":570,\"height\":630},{\"@type\":\"BreadcrumbList\",\"@id\":\"https:\\\/\\\/detailspot.lt\\\/en\\\/produktas\\\/benbow-sticker-eraser-pro118\\\/#breadcrumb\",\"itemListElement\":[{\"@type\":\"ListItem\",\"position\":1,\"name\":\"Home\",\"item\":\"https:\\\/\\\/detailspot.lt\\\/en\\\/\"},{\"@type\":\"ListItem\",\"position\":2,\"name\":\"Shop\",\"item\":\"https:\\\/\\\/detailspot.lt\\\/en\\\/parduotuve\\\/\"},{\"@type\":\"ListItem\",\"position\":3,\"name\":\"Benbow Sticker Eraser PRO118\"}]},{\"@type\":\"WebSite\",\"@id\":\"https:\\\/\\\/detailspot.lt\\\/#website\",\"url\":\"https:\\\/\\\/detailspot.lt\\\/\",\"name\":\"Detail Spot\",\"description\":\"Automobili\u0173 prie\u017ei\u016bros priemon\u0117s\",\"publisher\":{\"@id\":\"https:\\\/\\\/detailspot.lt\\\/#organization\"},\"potentialAction\":[{\"@type\":\"SearchAction\",\"target\":{\"@type\":\"EntryPoint\",\"urlTemplate\":\"https:\\\/\\\/detailspot.lt\\\/?s={search_term_string}\"},\"query-input\":{\"@type\":\"PropertyValueSpecification\",\"valueRequired\":true,\"valueName\":\"search_term_string\"}}],\"inLanguage\":\"en-US\"},{\"@type\":\"Organization\",\"@id\":\"https:\\\/\\\/detailspot.lt\\\/#organization\",\"name\":\"Detail Spot\",\"url\":\"https:\\\/\\\/detailspot.lt\\\/\",\"logo\":{\"@type\":\"ImageObject\",\"inLanguage\":\"en-US\",\"@id\":\"https:\\\/\\\/detailspot.lt\\\/#\\\/schema\\\/logo\\\/image\\\/\",\"url\":\"https:\\\/\\\/detailspot.lt\\\/wp-content\\\/uploads\\\/2022\\\/10\\\/logo-original.svg\",\"contentUrl\":\"https:\\\/\\\/detailspot.lt\\\/wp-content\\\/uploads\\\/2022\\\/10\\\/logo-original.svg\",\"width\":1,\"height\":1,\"caption\":\"Detail Spot\"},\"image\":{\"@id\":\"https:\\\/\\\/detailspot.lt\\\/#\\\/schema\\\/logo\\\/image\\\/\"},\"sameAs\":[\"https:\\\/\\\/www.facebook.com\\\/profile.php?id=100039208338156\"]}]}<\/script>\n<!-- \/ Yoast SEO plugin. -->","yoast_head_json":{"title":"Benbow Sticker Eraser PRO118 - Detail Spot","robots":{"index":"index","follow":"follow","max-snippet":"max-snippet:-1","max-image-preview":"max-image-preview:large","max-video-preview":"max-video-preview:-1"},"canonical":"https:\/\/detailspot.lt\/en\/produktas\/benbow-sticker-eraser-pro118\/","og_locale":"en_US","og_type":"article","og_title":"Benbow Sticker Eraser PRO118 - Detail Spot","og_description":"Benbow Sticker Eraser Working with this eraser (gentle pressure) does not damage the paint. This is due to the special rubber formula, which has been improved according to user feedback.This eraser is designed for quick and easy removal of stickers or films from cars.It is a great alternative to chemical solvents or even mechanical scrapers.The&hellip;","og_url":"https:\/\/detailspot.lt\/en\/produktas\/benbow-sticker-eraser-pro118\/","og_site_name":"Detail Spot","article_publisher":"https:\/\/www.facebook.com\/profile.php?id=100039208338156","og_image":[{"width":570,"height":630,"url":"https:\/\/detailspot.lt\/wp-content\/uploads\/2023\/07\/000118-Benbow-PRO-118-Krazki-gumowe-2-adapter-1.jpg","type":"image\/jpeg"}],"twitter_card":"summary_large_image","twitter_misc":{"Est. reading time":"1 minute"},"schema":{"@context":"https:\/\/schema.org","@graph":[{"@type":"WebPage","@id":"https:\/\/detailspot.lt\/en\/produktas\/benbow-sticker-eraser-pro118\/","url":"https:\/\/detailspot.lt\/en\/produktas\/benbow-sticker-eraser-pro118\/","name":"Benbow Sticker Eraser PRO118 - Detail Spot","isPartOf":{"@id":"https:\/\/detailspot.lt\/#website"},"primaryImageOfPage":{"@id":"https:\/\/detailspot.lt\/en\/produktas\/benbow-sticker-eraser-pro118\/#primaryimage"},"image":{"@id":"https:\/\/detailspot.lt\/en\/produktas\/benbow-sticker-eraser-pro118\/#primaryimage"},"thumbnailUrl":"https:\/\/detailspot.lt\/wp-content\/uploads\/2023\/07\/000118-Benbow-PRO-118-Krazki-gumowe-2-adapter-1.jpg","datePublished":"2023-07-20T07:53:24+00:00","breadcrumb":{"@id":"https:\/\/detailspot.lt\/en\/produktas\/benbow-sticker-eraser-pro118\/#breadcrumb"},"inLanguage":"en-US","potentialAction":[{"@type":"ReadAction","target":["https:\/\/detailspot.lt\/en\/produktas\/benbow-sticker-eraser-pro118\/"]}]},{"@type":"ImageObject","inLanguage":"en-US","@id":"https:\/\/detailspot.lt\/en\/produktas\/benbow-sticker-eraser-pro118\/#primaryimage","url":"https:\/\/detailspot.lt\/wp-content\/uploads\/2023\/07\/000118-Benbow-PRO-118-Krazki-gumowe-2-adapter-1.jpg","contentUrl":"https:\/\/detailspot.lt\/wp-content\/uploads\/2023\/07\/000118-Benbow-PRO-118-Krazki-gumowe-2-adapter-1.jpg","width":570,"height":630},{"@type":"BreadcrumbList","@id":"https:\/\/detailspot.lt\/en\/produktas\/benbow-sticker-eraser-pro118\/#breadcrumb","itemListElement":[{"@type":"ListItem","position":1,"name":"Home","item":"https:\/\/detailspot.lt\/en\/"},{"@type":"ListItem","position":2,"name":"Shop","item":"https:\/\/detailspot.lt\/en\/parduotuve\/"},{"@type":"ListItem","position":3,"name":"Benbow Sticker Eraser PRO118"}]},{"@type":"WebSite","@id":"https:\/\/detailspot.lt\/#website","url":"https:\/\/detailspot.lt\/","name":"Detail Spot","description":"Automobili\u0173 prie\u017ei\u016bros priemon\u0117s","publisher":{"@id":"https:\/\/detailspot.lt\/#organization"},"potentialAction":[{"@type":"SearchAction","target":{"@type":"EntryPoint","urlTemplate":"https:\/\/detailspot.lt\/?s={search_term_string}"},"query-input":{"@type":"PropertyValueSpecification","valueRequired":true,"valueName":"search_term_string"}}],"inLanguage":"en-US"},{"@type":"Organization","@id":"https:\/\/detailspot.lt\/#organization","name":"Detail Spot","url":"https:\/\/detailspot.lt\/","logo":{"@type":"ImageObject","inLanguage":"en-US","@id":"https:\/\/detailspot.lt\/#\/schema\/logo\/image\/","url":"https:\/\/detailspot.lt\/wp-content\/uploads\/2022\/10\/logo-original.svg","contentUrl":"https:\/\/detailspot.lt\/wp-content\/uploads\/2022\/10\/logo-original.svg","width":1,"height":1,"caption":"Detail Spot"},"image":{"@id":"https:\/\/detailspot.lt\/#\/schema\/logo\/image\/"},"sameAs":["https:\/\/www.facebook.com\/profile.php?id=100039208338156"]}]}},"_links":{"self":[{"href":"https:\/\/detailspot.lt\/en\/wp-json\/wp\/v2\/product\/6314","targetHints":{"allow":["GET"]}}],"collection":[{"href":"https:\/\/detailspot.lt\/en\/wp-json\/wp\/v2\/product"}],"about":[{"href":"https:\/\/detailspot.lt\/en\/wp-json\/wp\/v2\/types\/product"}],"replies":[{"embeddable":true,"href":"https:\/\/detailspot.lt\/en\/wp-json\/wp\/v2\/comments?post=6314"}],"wp:featuredmedia":[{"embeddable":true,"href":"https:\/\/detailspot.lt\/en\/wp-json\/wp\/v2\/media\/5102"}],"wp:attachment":[{"href":"https:\/\/detailspot.lt\/en\/wp-json\/wp\/v2\/media?parent=6314"}],"wp:term":[{"taxonomy":"product_brand","embeddable":true,"href":"https:\/\/detailspot.lt\/en\/wp-json\/wp\/v2\/product_brand?post=6314"},{"taxonomy":"product_cat","embeddable":true,"href":"https:\/\/detailspot.lt\/en\/wp-json\/wp\/v2\/product_cat?post=6314"},{"taxonomy":"product_tag","embeddable":true,"href":"https:\/\/detailspot.lt\/en\/wp-json\/wp\/v2\/product_tag?post=6314"}],"curies":[{"name":"wp","href":"https:\/\/api.w.org\/{rel}","templated":true}]}}