{"id":6302,"date":"2023-08-10T09:16:19","date_gmt":"2023-08-10T06:16:19","guid":{"rendered":"https:\/\/detailspot.lt\/produktas\/rupes-coarse-wool-pad\/"},"modified":"2023-08-10T09:16:19","modified_gmt":"2023-08-10T06:16:19","slug":"rupes-coarse-wool-pad","status":"publish","type":"product","link":"https:\/\/detailspot.lt\/en\/produktas\/rupes-coarse-wool-pad\/","title":{"rendered":"Rupes Coarse Wool Pad"},"content":{"rendered":"<div id=\"heading2\">\n<h1>Rupes Coarse Wool Pad<\/h1>\n<p>The aggressive correction stage pad is designed for use with Rupes BigFoot polishing tools. The aggressive correction pad is designed to remove deep defects and oxidation. The correction fleece pad is composed of a short and dense sheepskin to achieve the best level of defect removal.<\/p>\n<p><strong>Features<br \/>\n<\/strong><\/p>\n<ol>\n<li>Woolpad and sponge<\/li>\n<li>150mm working area<\/li>\n<li>130mm mounting part<\/li>\n<li>For the correction phase<\/li>\n<li>Self-adhesive Velcro type<\/li>\n<li>Adapted and perfectly suited for BigFoot polishing tools <a href=\"https:\/\/detailspot.lt\/produktas\/rupes-bigfoot-lhr15-mark-iii-poliravimo-masinele\/\">LHR15<\/a>, <a href=\"https:\/\/detailspot.lt\/produktas\/rupes-lhr75e-mini-std\/\">LHR75<\/a><\/li>\n<\/ol>\n<p><strong>Advice<\/strong><\/p>\n<ol>\n<li>Clean the tyre as often as possible with a brush or compressed air<\/li>\n<li>Before storage, rinse off any residual paste with a waterbrush or compressed air<\/li>\n<li>Do not use a heat pad for drying after washing<\/li>\n<\/ol>\n<\/div>\n<p>&nbsp;<\/p>\n<p>&nbsp;<\/p>\n<p>&nbsp;<\/p>\n<p style=\"text-align: center;\"><img loading=\"lazy\" decoding=\"async\" class=\"alignnone size-medium wp-image-1063\" src=\"https:\/\/detailspot.lt\/wp-content\/uploads\/2022\/10\/rupes_logo-300x150.png\" alt=\"\" width=\"300\" height=\"150\" srcset=\"https:\/\/detailspot.lt\/wp-content\/uploads\/2022\/10\/rupes_logo-300x150.png 300w, https:\/\/detailspot.lt\/wp-content\/uploads\/2022\/10\/rupes_logo.png 360w\" sizes=\"auto, (max-width: 300px) 100vw, 300px\" \/><\/p>\n<h1 class=\"clear\"><\/h1>\n<div class=\"grid_100 alpha omega mb20\">\n<div class=\"grid_100 alpha omega goods_links_container\">\n<div class=\"clear\"><\/div>\n<h1 id=\"good_links_wrapper_1621\" class=\"grid_100 alpha omega\"><\/h1>\n<\/div>\n<\/div>\n","protected":false},"excerpt":{"rendered":"<p>Rupes Coarse Wool Pad The aggressive correction stage pad is designed for use with Rupes BigFoot polishing tools. The aggressive correction pad is designed to remove deep defects and oxidation. The correction fleece pad is composed of a short and dense sheepskin to achieve the best level of defect removal. Features Woolpad and sponge 150mm&hellip;<\/p>\n","protected":false},"featured_media":5166,"comment_status":"closed","ping_status":"closed","template":"","meta":[],"product_brand":[],"product_cat":[172,170],"product_tag":[],"class_list":{"0":"post-6302","1":"product","2":"type-product","3":"status-publish","4":"has-post-thumbnail","6":"product_cat-polishing-pads","7":"product_cat-polishing-tools","8":"description-off","10":"first","11":"instock","12":"taxable","13":"shipping-taxable","14":"purchasable","15":"product-type-variable"},"yoast_head":"<!-- This site is optimized with the Yoast SEO plugin v27.4 - https:\/\/yoast.com\/product\/yoast-seo-wordpress\/ -->\n<title>Rupes Coarse Wool Pad - Detail Spot<\/title>\n<meta name=\"description\" content=\"Rupes Coarse Wool Pad The aggressive correction stage pad is designed for use with Rupes BigFoot polishing tools.\" \/>\n<meta name=\"robots\" content=\"index, follow, max-snippet:-1, max-image-preview:large, max-video-preview:-1\" \/>\n<link rel=\"canonical\" href=\"https:\/\/detailspot.lt\/en\/produktas\/rupes-coarse-wool-pad\/\" \/>\n<meta property=\"og:locale\" content=\"en_US\" \/>\n<meta property=\"og:type\" content=\"article\" \/>\n<meta property=\"og:title\" content=\"Rupes Coarse Wool Pad - Detail Spot\" \/>\n<meta property=\"og:description\" content=\"Rupes Coarse Wool Pad The aggressive correction stage pad is designed for use with Rupes BigFoot polishing tools.\" \/>\n<meta property=\"og:url\" content=\"https:\/\/detailspot.lt\/en\/produktas\/rupes-coarse-wool-pad\/\" \/>\n<meta property=\"og:site_name\" content=\"Detail Spot\" \/>\n<meta property=\"article:publisher\" content=\"https:\/\/www.facebook.com\/profile.php?id=100039208338156\" \/>\n<meta property=\"og:image\" content=\"https:\/\/detailspot.lt\/wp-content\/uploads\/2023\/08\/rupes-coarse-wool-pad-avikailis-1.jpg\" \/>\n\t<meta property=\"og:image:width\" content=\"495\" \/>\n\t<meta property=\"og:image:height\" content=\"495\" \/>\n\t<meta property=\"og:image:type\" content=\"image\/jpeg\" \/>\n<meta name=\"twitter:card\" content=\"summary_large_image\" \/>\n<meta name=\"twitter:label1\" content=\"Est. reading time\" \/>\n\t<meta name=\"twitter:data1\" content=\"1 minute\" \/>\n<script type=\"application\/ld+json\" class=\"yoast-schema-graph\">{\"@context\":\"https:\\\/\\\/schema.org\",\"@graph\":[{\"@type\":\"WebPage\",\"@id\":\"https:\\\/\\\/detailspot.lt\\\/en\\\/produktas\\\/rupes-coarse-wool-pad\\\/\",\"url\":\"https:\\\/\\\/detailspot.lt\\\/en\\\/produktas\\\/rupes-coarse-wool-pad\\\/\",\"name\":\"Rupes Coarse Wool Pad - Detail Spot\",\"isPartOf\":{\"@id\":\"https:\\\/\\\/detailspot.lt\\\/#website\"},\"primaryImageOfPage\":{\"@id\":\"https:\\\/\\\/detailspot.lt\\\/en\\\/produktas\\\/rupes-coarse-wool-pad\\\/#primaryimage\"},\"image\":{\"@id\":\"https:\\\/\\\/detailspot.lt\\\/en\\\/produktas\\\/rupes-coarse-wool-pad\\\/#primaryimage\"},\"thumbnailUrl\":\"https:\\\/\\\/detailspot.lt\\\/wp-content\\\/uploads\\\/2023\\\/08\\\/rupes-coarse-wool-pad-avikailis-1.jpg\",\"datePublished\":\"2023-08-10T06:16:19+00:00\",\"description\":\"Rupes Coarse Wool Pad The aggressive correction stage pad is designed for use with Rupes BigFoot polishing tools.\",\"breadcrumb\":{\"@id\":\"https:\\\/\\\/detailspot.lt\\\/en\\\/produktas\\\/rupes-coarse-wool-pad\\\/#breadcrumb\"},\"inLanguage\":\"en-US\",\"potentialAction\":[{\"@type\":\"ReadAction\",\"target\":[\"https:\\\/\\\/detailspot.lt\\\/en\\\/produktas\\\/rupes-coarse-wool-pad\\\/\"]}]},{\"@type\":\"ImageObject\",\"inLanguage\":\"en-US\",\"@id\":\"https:\\\/\\\/detailspot.lt\\\/en\\\/produktas\\\/rupes-coarse-wool-pad\\\/#primaryimage\",\"url\":\"https:\\\/\\\/detailspot.lt\\\/wp-content\\\/uploads\\\/2023\\\/08\\\/rupes-coarse-wool-pad-avikailis-1.jpg\",\"contentUrl\":\"https:\\\/\\\/detailspot.lt\\\/wp-content\\\/uploads\\\/2023\\\/08\\\/rupes-coarse-wool-pad-avikailis-1.jpg\",\"width\":495,\"height\":495},{\"@type\":\"BreadcrumbList\",\"@id\":\"https:\\\/\\\/detailspot.lt\\\/en\\\/produktas\\\/rupes-coarse-wool-pad\\\/#breadcrumb\",\"itemListElement\":[{\"@type\":\"ListItem\",\"position\":1,\"name\":\"Home\",\"item\":\"https:\\\/\\\/detailspot.lt\\\/en\\\/\"},{\"@type\":\"ListItem\",\"position\":2,\"name\":\"Shop\",\"item\":\"https:\\\/\\\/detailspot.lt\\\/en\\\/parduotuve\\\/\"},{\"@type\":\"ListItem\",\"position\":3,\"name\":\"Rupes Coarse Wool Pad\"}]},{\"@type\":\"WebSite\",\"@id\":\"https:\\\/\\\/detailspot.lt\\\/#website\",\"url\":\"https:\\\/\\\/detailspot.lt\\\/\",\"name\":\"Detail Spot\",\"description\":\"Automobili\u0173 prie\u017ei\u016bros priemon\u0117s\",\"publisher\":{\"@id\":\"https:\\\/\\\/detailspot.lt\\\/#organization\"},\"potentialAction\":[{\"@type\":\"SearchAction\",\"target\":{\"@type\":\"EntryPoint\",\"urlTemplate\":\"https:\\\/\\\/detailspot.lt\\\/?s={search_term_string}\"},\"query-input\":{\"@type\":\"PropertyValueSpecification\",\"valueRequired\":true,\"valueName\":\"search_term_string\"}}],\"inLanguage\":\"en-US\"},{\"@type\":\"Organization\",\"@id\":\"https:\\\/\\\/detailspot.lt\\\/#organization\",\"name\":\"Detail Spot\",\"url\":\"https:\\\/\\\/detailspot.lt\\\/\",\"logo\":{\"@type\":\"ImageObject\",\"inLanguage\":\"en-US\",\"@id\":\"https:\\\/\\\/detailspot.lt\\\/#\\\/schema\\\/logo\\\/image\\\/\",\"url\":\"https:\\\/\\\/detailspot.lt\\\/wp-content\\\/uploads\\\/2022\\\/10\\\/logo-original.svg\",\"contentUrl\":\"https:\\\/\\\/detailspot.lt\\\/wp-content\\\/uploads\\\/2022\\\/10\\\/logo-original.svg\",\"width\":1,\"height\":1,\"caption\":\"Detail Spot\"},\"image\":{\"@id\":\"https:\\\/\\\/detailspot.lt\\\/#\\\/schema\\\/logo\\\/image\\\/\"},\"sameAs\":[\"https:\\\/\\\/www.facebook.com\\\/profile.php?id=100039208338156\"]}]}<\/script>\n<!-- \/ Yoast SEO plugin. -->","yoast_head_json":{"title":"Rupes Coarse Wool Pad - Detail Spot","description":"Rupes Coarse Wool Pad The aggressive correction stage pad is designed for use with Rupes BigFoot polishing tools.","robots":{"index":"index","follow":"follow","max-snippet":"max-snippet:-1","max-image-preview":"max-image-preview:large","max-video-preview":"max-video-preview:-1"},"canonical":"https:\/\/detailspot.lt\/en\/produktas\/rupes-coarse-wool-pad\/","og_locale":"en_US","og_type":"article","og_title":"Rupes Coarse Wool Pad - Detail Spot","og_description":"Rupes Coarse Wool Pad The aggressive correction stage pad is designed for use with Rupes BigFoot polishing tools.","og_url":"https:\/\/detailspot.lt\/en\/produktas\/rupes-coarse-wool-pad\/","og_site_name":"Detail Spot","article_publisher":"https:\/\/www.facebook.com\/profile.php?id=100039208338156","og_image":[{"width":495,"height":495,"url":"https:\/\/detailspot.lt\/wp-content\/uploads\/2023\/08\/rupes-coarse-wool-pad-avikailis-1.jpg","type":"image\/jpeg"}],"twitter_card":"summary_large_image","twitter_misc":{"Est. reading time":"1 minute"},"schema":{"@context":"https:\/\/schema.org","@graph":[{"@type":"WebPage","@id":"https:\/\/detailspot.lt\/en\/produktas\/rupes-coarse-wool-pad\/","url":"https:\/\/detailspot.lt\/en\/produktas\/rupes-coarse-wool-pad\/","name":"Rupes Coarse Wool Pad - Detail Spot","isPartOf":{"@id":"https:\/\/detailspot.lt\/#website"},"primaryImageOfPage":{"@id":"https:\/\/detailspot.lt\/en\/produktas\/rupes-coarse-wool-pad\/#primaryimage"},"image":{"@id":"https:\/\/detailspot.lt\/en\/produktas\/rupes-coarse-wool-pad\/#primaryimage"},"thumbnailUrl":"https:\/\/detailspot.lt\/wp-content\/uploads\/2023\/08\/rupes-coarse-wool-pad-avikailis-1.jpg","datePublished":"2023-08-10T06:16:19+00:00","description":"Rupes Coarse Wool Pad The aggressive correction stage pad is designed for use with Rupes BigFoot polishing tools.","breadcrumb":{"@id":"https:\/\/detailspot.lt\/en\/produktas\/rupes-coarse-wool-pad\/#breadcrumb"},"inLanguage":"en-US","potentialAction":[{"@type":"ReadAction","target":["https:\/\/detailspot.lt\/en\/produktas\/rupes-coarse-wool-pad\/"]}]},{"@type":"ImageObject","inLanguage":"en-US","@id":"https:\/\/detailspot.lt\/en\/produktas\/rupes-coarse-wool-pad\/#primaryimage","url":"https:\/\/detailspot.lt\/wp-content\/uploads\/2023\/08\/rupes-coarse-wool-pad-avikailis-1.jpg","contentUrl":"https:\/\/detailspot.lt\/wp-content\/uploads\/2023\/08\/rupes-coarse-wool-pad-avikailis-1.jpg","width":495,"height":495},{"@type":"BreadcrumbList","@id":"https:\/\/detailspot.lt\/en\/produktas\/rupes-coarse-wool-pad\/#breadcrumb","itemListElement":[{"@type":"ListItem","position":1,"name":"Home","item":"https:\/\/detailspot.lt\/en\/"},{"@type":"ListItem","position":2,"name":"Shop","item":"https:\/\/detailspot.lt\/en\/parduotuve\/"},{"@type":"ListItem","position":3,"name":"Rupes Coarse Wool Pad"}]},{"@type":"WebSite","@id":"https:\/\/detailspot.lt\/#website","url":"https:\/\/detailspot.lt\/","name":"Detail Spot","description":"Automobili\u0173 prie\u017ei\u016bros priemon\u0117s","publisher":{"@id":"https:\/\/detailspot.lt\/#organization"},"potentialAction":[{"@type":"SearchAction","target":{"@type":"EntryPoint","urlTemplate":"https:\/\/detailspot.lt\/?s={search_term_string}"},"query-input":{"@type":"PropertyValueSpecification","valueRequired":true,"valueName":"search_term_string"}}],"inLanguage":"en-US"},{"@type":"Organization","@id":"https:\/\/detailspot.lt\/#organization","name":"Detail Spot","url":"https:\/\/detailspot.lt\/","logo":{"@type":"ImageObject","inLanguage":"en-US","@id":"https:\/\/detailspot.lt\/#\/schema\/logo\/image\/","url":"https:\/\/detailspot.lt\/wp-content\/uploads\/2022\/10\/logo-original.svg","contentUrl":"https:\/\/detailspot.lt\/wp-content\/uploads\/2022\/10\/logo-original.svg","width":1,"height":1,"caption":"Detail Spot"},"image":{"@id":"https:\/\/detailspot.lt\/#\/schema\/logo\/image\/"},"sameAs":["https:\/\/www.facebook.com\/profile.php?id=100039208338156"]}]}},"_links":{"self":[{"href":"https:\/\/detailspot.lt\/en\/wp-json\/wp\/v2\/product\/6302","targetHints":{"allow":["GET"]}}],"collection":[{"href":"https:\/\/detailspot.lt\/en\/wp-json\/wp\/v2\/product"}],"about":[{"href":"https:\/\/detailspot.lt\/en\/wp-json\/wp\/v2\/types\/product"}],"replies":[{"embeddable":true,"href":"https:\/\/detailspot.lt\/en\/wp-json\/wp\/v2\/comments?post=6302"}],"wp:featuredmedia":[{"embeddable":true,"href":"https:\/\/detailspot.lt\/en\/wp-json\/wp\/v2\/media\/5166"}],"wp:attachment":[{"href":"https:\/\/detailspot.lt\/en\/wp-json\/wp\/v2\/media?parent=6302"}],"wp:term":[{"taxonomy":"product_brand","embeddable":true,"href":"https:\/\/detailspot.lt\/en\/wp-json\/wp\/v2\/product_brand?post=6302"},{"taxonomy":"product_cat","embeddable":true,"href":"https:\/\/detailspot.lt\/en\/wp-json\/wp\/v2\/product_cat?post=6302"},{"taxonomy":"product_tag","embeddable":true,"href":"https:\/\/detailspot.lt\/en\/wp-json\/wp\/v2\/product_tag?post=6302"}],"curies":[{"name":"wp","href":"https:\/\/api.w.org\/{rel}","templated":true}]}}