{"id":6278,"date":"2023-08-28T22:47:57","date_gmt":"2023-08-28T19:47:57","guid":{"rendered":"https:\/\/detailspot.lt\/produktas\/d-con-light-pre-cleaner-iron-remover-500ml\/"},"modified":"2023-08-28T22:47:57","modified_gmt":"2023-08-28T19:47:57","slug":"d-con-light-pre-cleaner-iron-remover-500ml","status":"publish","type":"product","link":"https:\/\/detailspot.lt\/en\/produktas\/d-con-light-pre-cleaner-iron-remover-500ml\/","title":{"rendered":"D-CON LIGHT PRE CLEANER IRON REMOVER 500ML"},"content":{"rendered":"<h1 class=\"page-title\"><span class=\"base\" data-ui-id=\"page-title-wrapper\">D-CON LIGHT PRE CLEANER IRON REMOVER<\/span><\/h1>\n<p>is a cleaner that helps remove stubborn particles from painted or glass surfaces. Often you think your car is clean after a wash, but when you run your fingers over the paint, it looks rough, not at all clean. Road dirt, tree sap, insect debris, industrial waste and mould can all settle on the paint and, if left long enough, can also damage your car. Detailer&#8217;s know that &#8220;cleaning clay&#8221; can be used to remove this dirt from surfaces . D-CON LIGHT is another way to help remove road grime, tree residue, insect debris, industrial deposits and metal dust, and it is safe and effective.<\/p>\n<p>Before using D-CON LIGHT, wash the car using the 2-bucket method. &#8220;D-CON LIGHT can also be used on wet surfaces. After washing the car, spray a light mist of D-CON LIGHT on the surface. Wait 1-2 minutes and the ingredients will react with the iron\/metal precipitate and tend to turn a deep red colour.<\/p>\n<p>&nbsp;<\/p>\n<p>&nbsp;<\/p>\n<p style=\"text-align: center;\"><img loading=\"lazy\" decoding=\"async\" class=\"alignnone size-medium wp-image-5205\" src=\"https:\/\/detailspot.lt\/wp-content\/uploads\/2023\/08\/logos-d-con-dcon-decon_jpg-300x120.webp\" alt=\"\" width=\"300\" height=\"120\" srcset=\"https:\/\/detailspot.lt\/wp-content\/uploads\/2023\/08\/logos-d-con-dcon-decon_jpg-300x120.webp 300w, https:\/\/detailspot.lt\/wp-content\/uploads\/2023\/08\/logos-d-con-dcon-decon_jpg-64x26.webp 64w, https:\/\/detailspot.lt\/wp-content\/uploads\/2023\/08\/logos-d-con-dcon-decon_jpg.webp 500w\" sizes=\"auto, (max-width: 300px) 100vw, 300px\" \/><\/p>\n","protected":false},"excerpt":{"rendered":"<p>D-CON LIGHT PRE CLEANER IRON REMOVER is a cleaner that helps remove stubborn particles from painted or glass surfaces. Often you think your car is clean after a wash, but when you run your fingers over the paint, it looks rough, not at all clean. Road dirt, tree sap, insect debris, industrial waste and mould&hellip;<\/p>\n","protected":false},"featured_media":5247,"comment_status":"closed","ping_status":"closed","template":"","meta":[],"product_brand":[],"product_cat":[160,164,190,177,175],"product_tag":[],"class_list":{"0":"post-6278","1":"product","2":"type-product","3":"status-publish","4":"has-post-thumbnail","6":"product_cat-exterior","7":"product_cat-shampoos-and-cleansers","8":"product_cat-special-offer-en","9":"product_cat-wheel-care","10":"product_cat-wheels-and-tyres","11":"description-off","13":"first","14":"instock","15":"taxable","16":"shipping-taxable","17":"purchasable","18":"product-type-variable"},"yoast_head":"<!-- This site is optimized with the Yoast SEO plugin v27.4 - https:\/\/yoast.com\/product\/yoast-seo-wordpress\/ -->\n<title>D-CON LIGHT PRE CLEANER IRON REMOVER 500ML - Detail Spot<\/title>\n<meta name=\"description\" content=\"D-CON LIGHT PRE CLEANER IRON REMOVER 500MLis a cleaner that helps remove stubborn particles from painted or glass surfaces.\" \/>\n<meta name=\"robots\" content=\"index, follow, max-snippet:-1, max-image-preview:large, max-video-preview:-1\" \/>\n<link rel=\"canonical\" href=\"https:\/\/detailspot.lt\/en\/produktas\/d-con-light-pre-cleaner-iron-remover-500ml\/\" \/>\n<meta property=\"og:locale\" content=\"en_US\" \/>\n<meta property=\"og:type\" content=\"article\" \/>\n<meta property=\"og:title\" content=\"D-CON LIGHT PRE CLEANER IRON REMOVER 500ML - Detail Spot\" \/>\n<meta property=\"og:description\" content=\"D-CON LIGHT PRE CLEANER IRON REMOVER 500MLis a cleaner that helps remove stubborn particles from painted or glass surfaces.\" \/>\n<meta property=\"og:url\" content=\"https:\/\/detailspot.lt\/en\/produktas\/d-con-light-pre-cleaner-iron-remover-500ml\/\" \/>\n<meta property=\"og:site_name\" content=\"Detail Spot\" \/>\n<meta property=\"article:publisher\" content=\"https:\/\/www.facebook.com\/profile.php?id=100039208338156\" \/>\n<meta property=\"og:image\" content=\"https:\/\/detailspot.lt\/wp-content\/uploads\/2023\/08\/decon-light-pre-cleaner-de-ironizer-500ml-3.jpg\" \/>\n\t<meta property=\"og:image:width\" content=\"500\" \/>\n\t<meta property=\"og:image:height\" content=\"500\" \/>\n\t<meta property=\"og:image:type\" content=\"image\/jpeg\" \/>\n<meta name=\"twitter:card\" content=\"summary_large_image\" \/>\n<meta name=\"twitter:label1\" content=\"Est. reading time\" \/>\n\t<meta name=\"twitter:data1\" content=\"1 minute\" \/>\n<script type=\"application\/ld+json\" class=\"yoast-schema-graph\">{\"@context\":\"https:\\\/\\\/schema.org\",\"@graph\":[{\"@type\":\"WebPage\",\"@id\":\"https:\\\/\\\/detailspot.lt\\\/en\\\/produktas\\\/d-con-light-pre-cleaner-iron-remover-500ml\\\/\",\"url\":\"https:\\\/\\\/detailspot.lt\\\/en\\\/produktas\\\/d-con-light-pre-cleaner-iron-remover-500ml\\\/\",\"name\":\"D-CON LIGHT PRE CLEANER IRON REMOVER 500ML - Detail Spot\",\"isPartOf\":{\"@id\":\"https:\\\/\\\/detailspot.lt\\\/#website\"},\"primaryImageOfPage\":{\"@id\":\"https:\\\/\\\/detailspot.lt\\\/en\\\/produktas\\\/d-con-light-pre-cleaner-iron-remover-500ml\\\/#primaryimage\"},\"image\":{\"@id\":\"https:\\\/\\\/detailspot.lt\\\/en\\\/produktas\\\/d-con-light-pre-cleaner-iron-remover-500ml\\\/#primaryimage\"},\"thumbnailUrl\":\"https:\\\/\\\/detailspot.lt\\\/wp-content\\\/uploads\\\/2023\\\/08\\\/decon-light-pre-cleaner-de-ironizer-500ml-3.jpg\",\"datePublished\":\"2023-08-28T19:47:57+00:00\",\"description\":\"D-CON LIGHT PRE CLEANER IRON REMOVER 500MLis a cleaner that helps remove stubborn particles from painted or glass surfaces.\",\"breadcrumb\":{\"@id\":\"https:\\\/\\\/detailspot.lt\\\/en\\\/produktas\\\/d-con-light-pre-cleaner-iron-remover-500ml\\\/#breadcrumb\"},\"inLanguage\":\"en-US\",\"potentialAction\":[{\"@type\":\"ReadAction\",\"target\":[\"https:\\\/\\\/detailspot.lt\\\/en\\\/produktas\\\/d-con-light-pre-cleaner-iron-remover-500ml\\\/\"]}]},{\"@type\":\"ImageObject\",\"inLanguage\":\"en-US\",\"@id\":\"https:\\\/\\\/detailspot.lt\\\/en\\\/produktas\\\/d-con-light-pre-cleaner-iron-remover-500ml\\\/#primaryimage\",\"url\":\"https:\\\/\\\/detailspot.lt\\\/wp-content\\\/uploads\\\/2023\\\/08\\\/decon-light-pre-cleaner-de-ironizer-500ml-3.jpg\",\"contentUrl\":\"https:\\\/\\\/detailspot.lt\\\/wp-content\\\/uploads\\\/2023\\\/08\\\/decon-light-pre-cleaner-de-ironizer-500ml-3.jpg\",\"width\":500,\"height\":500},{\"@type\":\"BreadcrumbList\",\"@id\":\"https:\\\/\\\/detailspot.lt\\\/en\\\/produktas\\\/d-con-light-pre-cleaner-iron-remover-500ml\\\/#breadcrumb\",\"itemListElement\":[{\"@type\":\"ListItem\",\"position\":1,\"name\":\"Home\",\"item\":\"https:\\\/\\\/detailspot.lt\\\/en\\\/\"},{\"@type\":\"ListItem\",\"position\":2,\"name\":\"Shop\",\"item\":\"https:\\\/\\\/detailspot.lt\\\/en\\\/parduotuve\\\/\"},{\"@type\":\"ListItem\",\"position\":3,\"name\":\"D-CON LIGHT PRE CLEANER IRON REMOVER 500ML\"}]},{\"@type\":\"WebSite\",\"@id\":\"https:\\\/\\\/detailspot.lt\\\/#website\",\"url\":\"https:\\\/\\\/detailspot.lt\\\/\",\"name\":\"Detail Spot\",\"description\":\"Automobili\u0173 prie\u017ei\u016bros priemon\u0117s\",\"publisher\":{\"@id\":\"https:\\\/\\\/detailspot.lt\\\/#organization\"},\"potentialAction\":[{\"@type\":\"SearchAction\",\"target\":{\"@type\":\"EntryPoint\",\"urlTemplate\":\"https:\\\/\\\/detailspot.lt\\\/?s={search_term_string}\"},\"query-input\":{\"@type\":\"PropertyValueSpecification\",\"valueRequired\":true,\"valueName\":\"search_term_string\"}}],\"inLanguage\":\"en-US\"},{\"@type\":\"Organization\",\"@id\":\"https:\\\/\\\/detailspot.lt\\\/#organization\",\"name\":\"Detail Spot\",\"url\":\"https:\\\/\\\/detailspot.lt\\\/\",\"logo\":{\"@type\":\"ImageObject\",\"inLanguage\":\"en-US\",\"@id\":\"https:\\\/\\\/detailspot.lt\\\/#\\\/schema\\\/logo\\\/image\\\/\",\"url\":\"https:\\\/\\\/detailspot.lt\\\/wp-content\\\/uploads\\\/2022\\\/10\\\/logo-original.svg\",\"contentUrl\":\"https:\\\/\\\/detailspot.lt\\\/wp-content\\\/uploads\\\/2022\\\/10\\\/logo-original.svg\",\"width\":1,\"height\":1,\"caption\":\"Detail Spot\"},\"image\":{\"@id\":\"https:\\\/\\\/detailspot.lt\\\/#\\\/schema\\\/logo\\\/image\\\/\"},\"sameAs\":[\"https:\\\/\\\/www.facebook.com\\\/profile.php?id=100039208338156\"]}]}<\/script>\n<!-- \/ Yoast SEO plugin. -->","yoast_head_json":{"title":"D-CON LIGHT PRE CLEANER IRON REMOVER 500ML - Detail Spot","description":"D-CON LIGHT PRE CLEANER IRON REMOVER 500MLis a cleaner that helps remove stubborn particles from painted or glass surfaces.","robots":{"index":"index","follow":"follow","max-snippet":"max-snippet:-1","max-image-preview":"max-image-preview:large","max-video-preview":"max-video-preview:-1"},"canonical":"https:\/\/detailspot.lt\/en\/produktas\/d-con-light-pre-cleaner-iron-remover-500ml\/","og_locale":"en_US","og_type":"article","og_title":"D-CON LIGHT PRE CLEANER IRON REMOVER 500ML - Detail Spot","og_description":"D-CON LIGHT PRE CLEANER IRON REMOVER 500MLis a cleaner that helps remove stubborn particles from painted or glass surfaces.","og_url":"https:\/\/detailspot.lt\/en\/produktas\/d-con-light-pre-cleaner-iron-remover-500ml\/","og_site_name":"Detail Spot","article_publisher":"https:\/\/www.facebook.com\/profile.php?id=100039208338156","og_image":[{"width":500,"height":500,"url":"https:\/\/detailspot.lt\/wp-content\/uploads\/2023\/08\/decon-light-pre-cleaner-de-ironizer-500ml-3.jpg","type":"image\/jpeg"}],"twitter_card":"summary_large_image","twitter_misc":{"Est. reading time":"1 minute"},"schema":{"@context":"https:\/\/schema.org","@graph":[{"@type":"WebPage","@id":"https:\/\/detailspot.lt\/en\/produktas\/d-con-light-pre-cleaner-iron-remover-500ml\/","url":"https:\/\/detailspot.lt\/en\/produktas\/d-con-light-pre-cleaner-iron-remover-500ml\/","name":"D-CON LIGHT PRE CLEANER IRON REMOVER 500ML - Detail Spot","isPartOf":{"@id":"https:\/\/detailspot.lt\/#website"},"primaryImageOfPage":{"@id":"https:\/\/detailspot.lt\/en\/produktas\/d-con-light-pre-cleaner-iron-remover-500ml\/#primaryimage"},"image":{"@id":"https:\/\/detailspot.lt\/en\/produktas\/d-con-light-pre-cleaner-iron-remover-500ml\/#primaryimage"},"thumbnailUrl":"https:\/\/detailspot.lt\/wp-content\/uploads\/2023\/08\/decon-light-pre-cleaner-de-ironizer-500ml-3.jpg","datePublished":"2023-08-28T19:47:57+00:00","description":"D-CON LIGHT PRE CLEANER IRON REMOVER 500MLis a cleaner that helps remove stubborn particles from painted or glass surfaces.","breadcrumb":{"@id":"https:\/\/detailspot.lt\/en\/produktas\/d-con-light-pre-cleaner-iron-remover-500ml\/#breadcrumb"},"inLanguage":"en-US","potentialAction":[{"@type":"ReadAction","target":["https:\/\/detailspot.lt\/en\/produktas\/d-con-light-pre-cleaner-iron-remover-500ml\/"]}]},{"@type":"ImageObject","inLanguage":"en-US","@id":"https:\/\/detailspot.lt\/en\/produktas\/d-con-light-pre-cleaner-iron-remover-500ml\/#primaryimage","url":"https:\/\/detailspot.lt\/wp-content\/uploads\/2023\/08\/decon-light-pre-cleaner-de-ironizer-500ml-3.jpg","contentUrl":"https:\/\/detailspot.lt\/wp-content\/uploads\/2023\/08\/decon-light-pre-cleaner-de-ironizer-500ml-3.jpg","width":500,"height":500},{"@type":"BreadcrumbList","@id":"https:\/\/detailspot.lt\/en\/produktas\/d-con-light-pre-cleaner-iron-remover-500ml\/#breadcrumb","itemListElement":[{"@type":"ListItem","position":1,"name":"Home","item":"https:\/\/detailspot.lt\/en\/"},{"@type":"ListItem","position":2,"name":"Shop","item":"https:\/\/detailspot.lt\/en\/parduotuve\/"},{"@type":"ListItem","position":3,"name":"D-CON LIGHT PRE CLEANER IRON REMOVER 500ML"}]},{"@type":"WebSite","@id":"https:\/\/detailspot.lt\/#website","url":"https:\/\/detailspot.lt\/","name":"Detail Spot","description":"Automobili\u0173 prie\u017ei\u016bros priemon\u0117s","publisher":{"@id":"https:\/\/detailspot.lt\/#organization"},"potentialAction":[{"@type":"SearchAction","target":{"@type":"EntryPoint","urlTemplate":"https:\/\/detailspot.lt\/?s={search_term_string}"},"query-input":{"@type":"PropertyValueSpecification","valueRequired":true,"valueName":"search_term_string"}}],"inLanguage":"en-US"},{"@type":"Organization","@id":"https:\/\/detailspot.lt\/#organization","name":"Detail Spot","url":"https:\/\/detailspot.lt\/","logo":{"@type":"ImageObject","inLanguage":"en-US","@id":"https:\/\/detailspot.lt\/#\/schema\/logo\/image\/","url":"https:\/\/detailspot.lt\/wp-content\/uploads\/2022\/10\/logo-original.svg","contentUrl":"https:\/\/detailspot.lt\/wp-content\/uploads\/2022\/10\/logo-original.svg","width":1,"height":1,"caption":"Detail Spot"},"image":{"@id":"https:\/\/detailspot.lt\/#\/schema\/logo\/image\/"},"sameAs":["https:\/\/www.facebook.com\/profile.php?id=100039208338156"]}]}},"_links":{"self":[{"href":"https:\/\/detailspot.lt\/en\/wp-json\/wp\/v2\/product\/6278","targetHints":{"allow":["GET"]}}],"collection":[{"href":"https:\/\/detailspot.lt\/en\/wp-json\/wp\/v2\/product"}],"about":[{"href":"https:\/\/detailspot.lt\/en\/wp-json\/wp\/v2\/types\/product"}],"replies":[{"embeddable":true,"href":"https:\/\/detailspot.lt\/en\/wp-json\/wp\/v2\/comments?post=6278"}],"wp:featuredmedia":[{"embeddable":true,"href":"https:\/\/detailspot.lt\/en\/wp-json\/wp\/v2\/media\/5247"}],"wp:attachment":[{"href":"https:\/\/detailspot.lt\/en\/wp-json\/wp\/v2\/media?parent=6278"}],"wp:term":[{"taxonomy":"product_brand","embeddable":true,"href":"https:\/\/detailspot.lt\/en\/wp-json\/wp\/v2\/product_brand?post=6278"},{"taxonomy":"product_cat","embeddable":true,"href":"https:\/\/detailspot.lt\/en\/wp-json\/wp\/v2\/product_cat?post=6278"},{"taxonomy":"product_tag","embeddable":true,"href":"https:\/\/detailspot.lt\/en\/wp-json\/wp\/v2\/product_tag?post=6278"}],"curies":[{"name":"wp","href":"https:\/\/api.w.org\/{rel}","templated":true}]}}