{"id":6277,"date":"2023-08-28T22:53:11","date_gmt":"2023-08-28T19:53:11","guid":{"rendered":"https:\/\/detailspot.lt\/produktas\/d-con-ipa-isopropyl-alcohol-1000ml-2\/"},"modified":"2024-10-27T22:07:29","modified_gmt":"2024-10-27T20:07:29","slug":"d-con-ipa-isopropyl-alcohol-1000ml-2","status":"publish","type":"product","link":"https:\/\/detailspot.lt\/en\/produktas\/d-con-ipa-isopropyl-alcohol-1000ml-2\/","title":{"rendered":"D-CON IPA ISOPROPYL ALCOHOL 1000ML"},"content":{"rendered":"<h1>D-CON IPA ISOPROPYL ALCOHOL 1000ML<\/h1>\n<p>Due to its high purity of 99%, isopropyl alcohol is particularly suitable for surface degreasing. Isopropyl alcohol, also known as IPA, 2-propanol or isopropanol alcohol, is an excellent degreaser that improves the adhesion of a wide range of surface protectors such as nano-coatings, waxes or sealants. Isopropyl alcohol has a wide range of applications due to its rapid evaporation and good fat dissolution. The big advantage is that it does not damage the plastic trim. Isopropyl alcohol can be used safely on glass, paint, vinyl, metal, rubber and leather. Leaves no residue on the surface after use.<\/p>\n<h3>NOTE<\/h3>\n<p>Dilute 1:3 with distilled water<\/p>\n<p>&nbsp;<\/p>\n<p style=\"text-align: center;\"><img loading=\"lazy\" decoding=\"async\" class=\"alignnone size-medium wp-image-5205\" src=\"https:\/\/detailspot.lt\/wp-content\/uploads\/2023\/08\/logos-d-con-dcon-decon_jpg-300x120.webp\" alt=\"\" width=\"300\" height=\"120\" srcset=\"https:\/\/detailspot.lt\/wp-content\/uploads\/2023\/08\/logos-d-con-dcon-decon_jpg-300x120.webp 300w, https:\/\/detailspot.lt\/wp-content\/uploads\/2023\/08\/logos-d-con-dcon-decon_jpg-64x26.webp 64w, https:\/\/detailspot.lt\/wp-content\/uploads\/2023\/08\/logos-d-con-dcon-decon_jpg.webp 500w\" sizes=\"auto, (max-width: 300px) 100vw, 300px\" \/><\/p>\n","protected":false},"excerpt":{"rendered":"<p>D-CON IPA ISOPROPYL ALCOHOL 1000ML Due to its high purity of 99%, isopropyl alcohol is particularly suitable for surface degreasing. Isopropyl alcohol, also known as IPA, 2-propanol or isopropanol alcohol, is an excellent degreaser that improves the adhesion of a wide range of surface protectors such as nano-coatings, waxes or sealants. Isopropyl alcohol has a&hellip;<\/p>\n","protected":false},"featured_media":5250,"comment_status":"closed","ping_status":"closed","template":"","meta":[],"product_brand":[],"product_cat":[160,190,162],"product_tag":[],"class_list":{"0":"post-6277","1":"product","2":"type-product","3":"status-publish","4":"has-post-thumbnail","6":"product_cat-exterior","7":"product_cat-special-offer-en","8":"product_cat-surface-preparation","9":"description-off","11":"first","12":"instock","13":"sale","14":"taxable","15":"shipping-taxable","16":"purchasable","17":"product-type-variable"},"yoast_head":"<!-- This site is optimized with the Yoast SEO plugin v27.4 - https:\/\/yoast.com\/product\/yoast-seo-wordpress\/ -->\n<title>D-CON IPA ISOPROPYL ALCOHOL 1000ML - Detail Spot<\/title>\n<meta name=\"description\" content=\"D-CON IPA ISOPROPYL ALCOHOL 1000ML Due to its high purity of 99%, isopropyl alcohol is particularly suitable for surface degreasing\" \/>\n<meta name=\"robots\" content=\"index, follow, max-snippet:-1, max-image-preview:large, max-video-preview:-1\" \/>\n<link rel=\"canonical\" href=\"https:\/\/detailspot.lt\/en\/produktas\/d-con-ipa-isopropyl-alcohol-1000ml-2\/\" \/>\n<meta property=\"og:locale\" content=\"en_US\" \/>\n<meta property=\"og:type\" content=\"article\" \/>\n<meta property=\"og:title\" content=\"D-CON IPA ISOPROPYL ALCOHOL 1000ML - Detail Spot\" \/>\n<meta property=\"og:description\" content=\"D-CON IPA ISOPROPYL ALCOHOL 1000ML Due to its high purity of 99%, isopropyl alcohol is particularly suitable for surface degreasing\" \/>\n<meta property=\"og:url\" content=\"https:\/\/detailspot.lt\/en\/produktas\/d-con-ipa-isopropyl-alcohol-1000ml-2\/\" \/>\n<meta property=\"og:site_name\" content=\"Detail Spot\" \/>\n<meta property=\"article:publisher\" content=\"https:\/\/www.facebook.com\/profile.php?id=100039208338156\" \/>\n<meta property=\"article:modified_time\" content=\"2024-10-27T20:07:29+00:00\" \/>\n<meta property=\"og:image\" content=\"https:\/\/detailspot.lt\/wp-content\/uploads\/2023\/08\/carcare24.eu-spi_401_1000-chemicalguys-eu-decon-ipa-isopropyl-alcohol-cleansing-fluid-1000-ml.jpg\" \/>\n\t<meta property=\"og:image:width\" content=\"500\" \/>\n\t<meta property=\"og:image:height\" content=\"500\" \/>\n\t<meta property=\"og:image:type\" content=\"image\/jpeg\" \/>\n<meta name=\"twitter:card\" content=\"summary_large_image\" \/>\n<meta name=\"twitter:label1\" content=\"Est. reading time\" \/>\n\t<meta name=\"twitter:data1\" content=\"1 minute\" \/>\n<script type=\"application\/ld+json\" class=\"yoast-schema-graph\">{\"@context\":\"https:\\\/\\\/schema.org\",\"@graph\":[{\"@type\":\"WebPage\",\"@id\":\"https:\\\/\\\/detailspot.lt\\\/en\\\/produktas\\\/d-con-ipa-isopropyl-alcohol-1000ml-2\\\/\",\"url\":\"https:\\\/\\\/detailspot.lt\\\/en\\\/produktas\\\/d-con-ipa-isopropyl-alcohol-1000ml-2\\\/\",\"name\":\"D-CON IPA ISOPROPYL ALCOHOL 1000ML - Detail Spot\",\"isPartOf\":{\"@id\":\"https:\\\/\\\/detailspot.lt\\\/#website\"},\"primaryImageOfPage\":{\"@id\":\"https:\\\/\\\/detailspot.lt\\\/en\\\/produktas\\\/d-con-ipa-isopropyl-alcohol-1000ml-2\\\/#primaryimage\"},\"image\":{\"@id\":\"https:\\\/\\\/detailspot.lt\\\/en\\\/produktas\\\/d-con-ipa-isopropyl-alcohol-1000ml-2\\\/#primaryimage\"},\"thumbnailUrl\":\"https:\\\/\\\/detailspot.lt\\\/wp-content\\\/uploads\\\/2023\\\/08\\\/carcare24.eu-spi_401_1000-chemicalguys-eu-decon-ipa-isopropyl-alcohol-cleansing-fluid-1000-ml.jpg\",\"datePublished\":\"2023-08-28T19:53:11+00:00\",\"dateModified\":\"2024-10-27T20:07:29+00:00\",\"description\":\"D-CON IPA ISOPROPYL ALCOHOL 1000ML Due to its high purity of 99%, isopropyl alcohol is particularly suitable for surface degreasing\",\"breadcrumb\":{\"@id\":\"https:\\\/\\\/detailspot.lt\\\/en\\\/produktas\\\/d-con-ipa-isopropyl-alcohol-1000ml-2\\\/#breadcrumb\"},\"inLanguage\":\"en-US\",\"potentialAction\":[{\"@type\":\"ReadAction\",\"target\":[\"https:\\\/\\\/detailspot.lt\\\/en\\\/produktas\\\/d-con-ipa-isopropyl-alcohol-1000ml-2\\\/\"]}]},{\"@type\":\"ImageObject\",\"inLanguage\":\"en-US\",\"@id\":\"https:\\\/\\\/detailspot.lt\\\/en\\\/produktas\\\/d-con-ipa-isopropyl-alcohol-1000ml-2\\\/#primaryimage\",\"url\":\"https:\\\/\\\/detailspot.lt\\\/wp-content\\\/uploads\\\/2023\\\/08\\\/carcare24.eu-spi_401_1000-chemicalguys-eu-decon-ipa-isopropyl-alcohol-cleansing-fluid-1000-ml.jpg\",\"contentUrl\":\"https:\\\/\\\/detailspot.lt\\\/wp-content\\\/uploads\\\/2023\\\/08\\\/carcare24.eu-spi_401_1000-chemicalguys-eu-decon-ipa-isopropyl-alcohol-cleansing-fluid-1000-ml.jpg\",\"width\":500,\"height\":500},{\"@type\":\"BreadcrumbList\",\"@id\":\"https:\\\/\\\/detailspot.lt\\\/en\\\/produktas\\\/d-con-ipa-isopropyl-alcohol-1000ml-2\\\/#breadcrumb\",\"itemListElement\":[{\"@type\":\"ListItem\",\"position\":1,\"name\":\"Home\",\"item\":\"https:\\\/\\\/detailspot.lt\\\/en\\\/\"},{\"@type\":\"ListItem\",\"position\":2,\"name\":\"Shop\",\"item\":\"https:\\\/\\\/detailspot.lt\\\/en\\\/parduotuve\\\/\"},{\"@type\":\"ListItem\",\"position\":3,\"name\":\"D-CON IPA ISOPROPYL ALCOHOL 1000ML\"}]},{\"@type\":\"WebSite\",\"@id\":\"https:\\\/\\\/detailspot.lt\\\/#website\",\"url\":\"https:\\\/\\\/detailspot.lt\\\/\",\"name\":\"Detail Spot\",\"description\":\"Automobili\u0173 prie\u017ei\u016bros priemon\u0117s\",\"publisher\":{\"@id\":\"https:\\\/\\\/detailspot.lt\\\/#organization\"},\"potentialAction\":[{\"@type\":\"SearchAction\",\"target\":{\"@type\":\"EntryPoint\",\"urlTemplate\":\"https:\\\/\\\/detailspot.lt\\\/?s={search_term_string}\"},\"query-input\":{\"@type\":\"PropertyValueSpecification\",\"valueRequired\":true,\"valueName\":\"search_term_string\"}}],\"inLanguage\":\"en-US\"},{\"@type\":\"Organization\",\"@id\":\"https:\\\/\\\/detailspot.lt\\\/#organization\",\"name\":\"Detail Spot\",\"url\":\"https:\\\/\\\/detailspot.lt\\\/\",\"logo\":{\"@type\":\"ImageObject\",\"inLanguage\":\"en-US\",\"@id\":\"https:\\\/\\\/detailspot.lt\\\/#\\\/schema\\\/logo\\\/image\\\/\",\"url\":\"https:\\\/\\\/detailspot.lt\\\/wp-content\\\/uploads\\\/2022\\\/10\\\/logo-original.svg\",\"contentUrl\":\"https:\\\/\\\/detailspot.lt\\\/wp-content\\\/uploads\\\/2022\\\/10\\\/logo-original.svg\",\"width\":1,\"height\":1,\"caption\":\"Detail Spot\"},\"image\":{\"@id\":\"https:\\\/\\\/detailspot.lt\\\/#\\\/schema\\\/logo\\\/image\\\/\"},\"sameAs\":[\"https:\\\/\\\/www.facebook.com\\\/profile.php?id=100039208338156\"]}]}<\/script>\n<!-- \/ Yoast SEO plugin. -->","yoast_head_json":{"title":"D-CON IPA ISOPROPYL ALCOHOL 1000ML - Detail Spot","description":"D-CON IPA ISOPROPYL ALCOHOL 1000ML Due to its high purity of 99%, isopropyl alcohol is particularly suitable for surface degreasing","robots":{"index":"index","follow":"follow","max-snippet":"max-snippet:-1","max-image-preview":"max-image-preview:large","max-video-preview":"max-video-preview:-1"},"canonical":"https:\/\/detailspot.lt\/en\/produktas\/d-con-ipa-isopropyl-alcohol-1000ml-2\/","og_locale":"en_US","og_type":"article","og_title":"D-CON IPA ISOPROPYL ALCOHOL 1000ML - Detail Spot","og_description":"D-CON IPA ISOPROPYL ALCOHOL 1000ML Due to its high purity of 99%, isopropyl alcohol is particularly suitable for surface degreasing","og_url":"https:\/\/detailspot.lt\/en\/produktas\/d-con-ipa-isopropyl-alcohol-1000ml-2\/","og_site_name":"Detail Spot","article_publisher":"https:\/\/www.facebook.com\/profile.php?id=100039208338156","article_modified_time":"2024-10-27T20:07:29+00:00","og_image":[{"width":500,"height":500,"url":"https:\/\/detailspot.lt\/wp-content\/uploads\/2023\/08\/carcare24.eu-spi_401_1000-chemicalguys-eu-decon-ipa-isopropyl-alcohol-cleansing-fluid-1000-ml.jpg","type":"image\/jpeg"}],"twitter_card":"summary_large_image","twitter_misc":{"Est. reading time":"1 minute"},"schema":{"@context":"https:\/\/schema.org","@graph":[{"@type":"WebPage","@id":"https:\/\/detailspot.lt\/en\/produktas\/d-con-ipa-isopropyl-alcohol-1000ml-2\/","url":"https:\/\/detailspot.lt\/en\/produktas\/d-con-ipa-isopropyl-alcohol-1000ml-2\/","name":"D-CON IPA ISOPROPYL ALCOHOL 1000ML - Detail Spot","isPartOf":{"@id":"https:\/\/detailspot.lt\/#website"},"primaryImageOfPage":{"@id":"https:\/\/detailspot.lt\/en\/produktas\/d-con-ipa-isopropyl-alcohol-1000ml-2\/#primaryimage"},"image":{"@id":"https:\/\/detailspot.lt\/en\/produktas\/d-con-ipa-isopropyl-alcohol-1000ml-2\/#primaryimage"},"thumbnailUrl":"https:\/\/detailspot.lt\/wp-content\/uploads\/2023\/08\/carcare24.eu-spi_401_1000-chemicalguys-eu-decon-ipa-isopropyl-alcohol-cleansing-fluid-1000-ml.jpg","datePublished":"2023-08-28T19:53:11+00:00","dateModified":"2024-10-27T20:07:29+00:00","description":"D-CON IPA ISOPROPYL ALCOHOL 1000ML Due to its high purity of 99%, isopropyl alcohol is particularly suitable for surface degreasing","breadcrumb":{"@id":"https:\/\/detailspot.lt\/en\/produktas\/d-con-ipa-isopropyl-alcohol-1000ml-2\/#breadcrumb"},"inLanguage":"en-US","potentialAction":[{"@type":"ReadAction","target":["https:\/\/detailspot.lt\/en\/produktas\/d-con-ipa-isopropyl-alcohol-1000ml-2\/"]}]},{"@type":"ImageObject","inLanguage":"en-US","@id":"https:\/\/detailspot.lt\/en\/produktas\/d-con-ipa-isopropyl-alcohol-1000ml-2\/#primaryimage","url":"https:\/\/detailspot.lt\/wp-content\/uploads\/2023\/08\/carcare24.eu-spi_401_1000-chemicalguys-eu-decon-ipa-isopropyl-alcohol-cleansing-fluid-1000-ml.jpg","contentUrl":"https:\/\/detailspot.lt\/wp-content\/uploads\/2023\/08\/carcare24.eu-spi_401_1000-chemicalguys-eu-decon-ipa-isopropyl-alcohol-cleansing-fluid-1000-ml.jpg","width":500,"height":500},{"@type":"BreadcrumbList","@id":"https:\/\/detailspot.lt\/en\/produktas\/d-con-ipa-isopropyl-alcohol-1000ml-2\/#breadcrumb","itemListElement":[{"@type":"ListItem","position":1,"name":"Home","item":"https:\/\/detailspot.lt\/en\/"},{"@type":"ListItem","position":2,"name":"Shop","item":"https:\/\/detailspot.lt\/en\/parduotuve\/"},{"@type":"ListItem","position":3,"name":"D-CON IPA ISOPROPYL ALCOHOL 1000ML"}]},{"@type":"WebSite","@id":"https:\/\/detailspot.lt\/#website","url":"https:\/\/detailspot.lt\/","name":"Detail Spot","description":"Automobili\u0173 prie\u017ei\u016bros priemon\u0117s","publisher":{"@id":"https:\/\/detailspot.lt\/#organization"},"potentialAction":[{"@type":"SearchAction","target":{"@type":"EntryPoint","urlTemplate":"https:\/\/detailspot.lt\/?s={search_term_string}"},"query-input":{"@type":"PropertyValueSpecification","valueRequired":true,"valueName":"search_term_string"}}],"inLanguage":"en-US"},{"@type":"Organization","@id":"https:\/\/detailspot.lt\/#organization","name":"Detail Spot","url":"https:\/\/detailspot.lt\/","logo":{"@type":"ImageObject","inLanguage":"en-US","@id":"https:\/\/detailspot.lt\/#\/schema\/logo\/image\/","url":"https:\/\/detailspot.lt\/wp-content\/uploads\/2022\/10\/logo-original.svg","contentUrl":"https:\/\/detailspot.lt\/wp-content\/uploads\/2022\/10\/logo-original.svg","width":1,"height":1,"caption":"Detail Spot"},"image":{"@id":"https:\/\/detailspot.lt\/#\/schema\/logo\/image\/"},"sameAs":["https:\/\/www.facebook.com\/profile.php?id=100039208338156"]}]}},"_links":{"self":[{"href":"https:\/\/detailspot.lt\/en\/wp-json\/wp\/v2\/product\/6277","targetHints":{"allow":["GET"]}}],"collection":[{"href":"https:\/\/detailspot.lt\/en\/wp-json\/wp\/v2\/product"}],"about":[{"href":"https:\/\/detailspot.lt\/en\/wp-json\/wp\/v2\/types\/product"}],"replies":[{"embeddable":true,"href":"https:\/\/detailspot.lt\/en\/wp-json\/wp\/v2\/comments?post=6277"}],"wp:featuredmedia":[{"embeddable":true,"href":"https:\/\/detailspot.lt\/en\/wp-json\/wp\/v2\/media\/5250"}],"wp:attachment":[{"href":"https:\/\/detailspot.lt\/en\/wp-json\/wp\/v2\/media?parent=6277"}],"wp:term":[{"taxonomy":"product_brand","embeddable":true,"href":"https:\/\/detailspot.lt\/en\/wp-json\/wp\/v2\/product_brand?post=6277"},{"taxonomy":"product_cat","embeddable":true,"href":"https:\/\/detailspot.lt\/en\/wp-json\/wp\/v2\/product_cat?post=6277"},{"taxonomy":"product_tag","embeddable":true,"href":"https:\/\/detailspot.lt\/en\/wp-json\/wp\/v2\/product_tag?post=6277"}],"curies":[{"name":"wp","href":"https:\/\/api.w.org\/{rel}","templated":true}]}}