{"id":6273,"date":"2023-08-29T07:23:35","date_gmt":"2023-08-29T04:23:35","guid":{"rendered":"https:\/\/detailspot.lt\/produktas\/d-con-v4-wheelcleaner-iron-x-remover\/"},"modified":"2023-08-29T07:23:35","modified_gmt":"2023-08-29T04:23:35","slug":"d-con-v4-wheelcleaner-iron-x-remover","status":"publish","type":"product","link":"https:\/\/detailspot.lt\/en\/produktas\/d-con-v4-wheelcleaner-iron-x-remover\/","title":{"rendered":"D-CON V4 WHEELCLEANER IRON X REMOVER"},"content":{"rendered":"<h1 class=\"page-title\"><span class=\"base\" data-ui-id=\"page-title-wrapper\">D-CON V4 WHEELCLEANER IRON X REMOVER<\/span><\/h1>\n<p>&#8220;D-CON V4 is the best metal particle cleaner that removes iron particles and corrosive deposits built up over time. Harmful iron-containing particles penetrate your car&#8217;s paint and rims and over time can cause damage that is not always visible to the eye. Traditionally, it is difficult to remove iron deposits formed on wheels.<\/p>\n<p>&#8220;D-CON V4 is suitable for use on painted surfaces before polishing. D-CON V4 reacts with iron deposits and changes colour, taking effect within minutes and highlighting plaque by penetrating it. Eventually, a brownish liquid is formed, which can be easily rinsed off under high water pressure to remove it from the surface.<\/p>\n<h2>Usage<\/h2>\n<ol>\n<li>Spray a light mist on the wheel surface.<\/li>\n<li>Leave for 5-10 minutes and the colour will change to pink.<\/li>\n<li>Kai rato pavir\u0161ius tikrai ne\u0161varus, rekomenduojame naudoti rat\u0173 \u0161epet\u012f, pvz., &#8220;<a href=\"https:\/\/detailspot.lt\/produktas\/liquid-elements-furby-ratlankiu-sepetys\/\">LIquid Elements Furby<\/a>&#8220;.<\/li>\n<li>Wash &#8220;D -Con V4&#8221; off the surface.<\/li>\n<li>Dry the wheels using a microfibre <a href=\"https:\/\/detailspot.lt\/produktas\/liquid-elements-black-hole-premium-drying-towel\/\">drying towel.<\/a><\/li>\n<\/ol>\n<p>&nbsp;<\/p>\n<p>&nbsp;<\/p>\n<p style=\"text-align: center;\"><img loading=\"lazy\" decoding=\"async\" class=\"alignnone size-medium wp-image-5205\" src=\"https:\/\/detailspot.lt\/wp-content\/uploads\/2023\/08\/logos-d-con-dcon-decon_jpg-300x120.webp\" alt=\"\" width=\"300\" height=\"120\" srcset=\"https:\/\/detailspot.lt\/wp-content\/uploads\/2023\/08\/logos-d-con-dcon-decon_jpg-300x120.webp 300w, https:\/\/detailspot.lt\/wp-content\/uploads\/2023\/08\/logos-d-con-dcon-decon_jpg-64x26.webp 64w, https:\/\/detailspot.lt\/wp-content\/uploads\/2023\/08\/logos-d-con-dcon-decon_jpg.webp 500w\" sizes=\"auto, (max-width: 300px) 100vw, 300px\" \/><\/p>\n","protected":false},"excerpt":{"rendered":"<p>D-CON V4 WHEELCLEANER IRON X REMOVER &#8220;D-CON V4 is the best metal particle cleaner that removes iron particles and corrosive deposits built up over time. Harmful iron-containing particles penetrate your car&#8217;s paint and rims and over time can cause damage that is not always visible to the eye. Traditionally, it is difficult to remove iron&hellip;<\/p>\n","protected":false},"featured_media":5254,"comment_status":"closed","ping_status":"closed","template":"","meta":[],"product_brand":[],"product_cat":[160,190,162,177,175],"product_tag":[],"class_list":{"0":"post-6273","1":"product","2":"type-product","3":"status-publish","4":"has-post-thumbnail","6":"product_cat-exterior","7":"product_cat-special-offer-en","8":"product_cat-surface-preparation","9":"product_cat-wheel-care","10":"product_cat-wheels-and-tyres","11":"description-off","13":"first","14":"instock","15":"sale","16":"taxable","17":"shipping-taxable","18":"purchasable","19":"product-type-variable"},"yoast_head":"<!-- This site is optimized with the Yoast SEO plugin v27.4 - https:\/\/yoast.com\/product\/yoast-seo-wordpress\/ -->\n<title>D-CON V4 WHEELCLEANER IRON X REMOVER - Detail Spot<\/title>\n<meta name=\"description\" content=\"D-CON V4 is the best metal particle cleaner that removes iron particles and corrosive deposits built up over time.\" \/>\n<meta name=\"robots\" content=\"index, follow, max-snippet:-1, max-image-preview:large, max-video-preview:-1\" \/>\n<link rel=\"canonical\" href=\"https:\/\/detailspot.lt\/en\/produktas\/d-con-v4-wheelcleaner-iron-x-remover\/\" \/>\n<meta property=\"og:locale\" content=\"en_US\" \/>\n<meta property=\"og:type\" content=\"article\" \/>\n<meta property=\"og:title\" content=\"D-CON V4 WHEELCLEANER IRON X REMOVER - Detail Spot\" \/>\n<meta property=\"og:description\" content=\"D-CON V4 is the best metal particle cleaner that removes iron particles and corrosive deposits built up over time.\" \/>\n<meta property=\"og:url\" content=\"https:\/\/detailspot.lt\/en\/produktas\/d-con-v4-wheelcleaner-iron-x-remover\/\" \/>\n<meta property=\"og:site_name\" content=\"Detail Spot\" \/>\n<meta property=\"article:publisher\" content=\"https:\/\/www.facebook.com\/profile.php?id=100039208338156\" \/>\n<meta property=\"og:image\" content=\"https:\/\/detailspot.lt\/wp-content\/uploads\/2023\/08\/decon-v4-wheelcleaner-de-ironizer-lavender-smell-1_jpg.webp\" \/>\n\t<meta property=\"og:image:width\" content=\"500\" \/>\n\t<meta property=\"og:image:height\" content=\"500\" \/>\n\t<meta property=\"og:image:type\" content=\"image\/webp\" \/>\n<meta name=\"twitter:card\" content=\"summary_large_image\" \/>\n<meta name=\"twitter:label1\" content=\"Est. reading time\" \/>\n\t<meta name=\"twitter:data1\" content=\"1 minute\" \/>\n<script type=\"application\/ld+json\" class=\"yoast-schema-graph\">{\"@context\":\"https:\\\/\\\/schema.org\",\"@graph\":[{\"@type\":\"WebPage\",\"@id\":\"https:\\\/\\\/detailspot.lt\\\/en\\\/produktas\\\/d-con-v4-wheelcleaner-iron-x-remover\\\/\",\"url\":\"https:\\\/\\\/detailspot.lt\\\/en\\\/produktas\\\/d-con-v4-wheelcleaner-iron-x-remover\\\/\",\"name\":\"D-CON V4 WHEELCLEANER IRON X REMOVER - Detail Spot\",\"isPartOf\":{\"@id\":\"https:\\\/\\\/detailspot.lt\\\/#website\"},\"primaryImageOfPage\":{\"@id\":\"https:\\\/\\\/detailspot.lt\\\/en\\\/produktas\\\/d-con-v4-wheelcleaner-iron-x-remover\\\/#primaryimage\"},\"image\":{\"@id\":\"https:\\\/\\\/detailspot.lt\\\/en\\\/produktas\\\/d-con-v4-wheelcleaner-iron-x-remover\\\/#primaryimage\"},\"thumbnailUrl\":\"https:\\\/\\\/detailspot.lt\\\/wp-content\\\/uploads\\\/2023\\\/08\\\/decon-v4-wheelcleaner-de-ironizer-lavender-smell-1_jpg.webp\",\"datePublished\":\"2023-08-29T04:23:35+00:00\",\"description\":\"D-CON V4 is the best metal particle cleaner that removes iron particles and corrosive deposits built up over time.\",\"breadcrumb\":{\"@id\":\"https:\\\/\\\/detailspot.lt\\\/en\\\/produktas\\\/d-con-v4-wheelcleaner-iron-x-remover\\\/#breadcrumb\"},\"inLanguage\":\"en-US\",\"potentialAction\":[{\"@type\":\"ReadAction\",\"target\":[\"https:\\\/\\\/detailspot.lt\\\/en\\\/produktas\\\/d-con-v4-wheelcleaner-iron-x-remover\\\/\"]}]},{\"@type\":\"ImageObject\",\"inLanguage\":\"en-US\",\"@id\":\"https:\\\/\\\/detailspot.lt\\\/en\\\/produktas\\\/d-con-v4-wheelcleaner-iron-x-remover\\\/#primaryimage\",\"url\":\"https:\\\/\\\/detailspot.lt\\\/wp-content\\\/uploads\\\/2023\\\/08\\\/decon-v4-wheelcleaner-de-ironizer-lavender-smell-1_jpg.webp\",\"contentUrl\":\"https:\\\/\\\/detailspot.lt\\\/wp-content\\\/uploads\\\/2023\\\/08\\\/decon-v4-wheelcleaner-de-ironizer-lavender-smell-1_jpg.webp\",\"width\":500,\"height\":500},{\"@type\":\"BreadcrumbList\",\"@id\":\"https:\\\/\\\/detailspot.lt\\\/en\\\/produktas\\\/d-con-v4-wheelcleaner-iron-x-remover\\\/#breadcrumb\",\"itemListElement\":[{\"@type\":\"ListItem\",\"position\":1,\"name\":\"Home\",\"item\":\"https:\\\/\\\/detailspot.lt\\\/en\\\/\"},{\"@type\":\"ListItem\",\"position\":2,\"name\":\"Shop\",\"item\":\"https:\\\/\\\/detailspot.lt\\\/en\\\/parduotuve\\\/\"},{\"@type\":\"ListItem\",\"position\":3,\"name\":\"D-CON V4 WHEELCLEANER IRON X REMOVER\"}]},{\"@type\":\"WebSite\",\"@id\":\"https:\\\/\\\/detailspot.lt\\\/#website\",\"url\":\"https:\\\/\\\/detailspot.lt\\\/\",\"name\":\"Detail Spot\",\"description\":\"Automobili\u0173 prie\u017ei\u016bros priemon\u0117s\",\"publisher\":{\"@id\":\"https:\\\/\\\/detailspot.lt\\\/#organization\"},\"potentialAction\":[{\"@type\":\"SearchAction\",\"target\":{\"@type\":\"EntryPoint\",\"urlTemplate\":\"https:\\\/\\\/detailspot.lt\\\/?s={search_term_string}\"},\"query-input\":{\"@type\":\"PropertyValueSpecification\",\"valueRequired\":true,\"valueName\":\"search_term_string\"}}],\"inLanguage\":\"en-US\"},{\"@type\":\"Organization\",\"@id\":\"https:\\\/\\\/detailspot.lt\\\/#organization\",\"name\":\"Detail Spot\",\"url\":\"https:\\\/\\\/detailspot.lt\\\/\",\"logo\":{\"@type\":\"ImageObject\",\"inLanguage\":\"en-US\",\"@id\":\"https:\\\/\\\/detailspot.lt\\\/#\\\/schema\\\/logo\\\/image\\\/\",\"url\":\"https:\\\/\\\/detailspot.lt\\\/wp-content\\\/uploads\\\/2022\\\/10\\\/logo-original.svg\",\"contentUrl\":\"https:\\\/\\\/detailspot.lt\\\/wp-content\\\/uploads\\\/2022\\\/10\\\/logo-original.svg\",\"width\":1,\"height\":1,\"caption\":\"Detail Spot\"},\"image\":{\"@id\":\"https:\\\/\\\/detailspot.lt\\\/#\\\/schema\\\/logo\\\/image\\\/\"},\"sameAs\":[\"https:\\\/\\\/www.facebook.com\\\/profile.php?id=100039208338156\"]}]}<\/script>\n<!-- \/ Yoast SEO plugin. -->","yoast_head_json":{"title":"D-CON V4 WHEELCLEANER IRON X REMOVER - Detail Spot","description":"D-CON V4 is the best metal particle cleaner that removes iron particles and corrosive deposits built up over time.","robots":{"index":"index","follow":"follow","max-snippet":"max-snippet:-1","max-image-preview":"max-image-preview:large","max-video-preview":"max-video-preview:-1"},"canonical":"https:\/\/detailspot.lt\/en\/produktas\/d-con-v4-wheelcleaner-iron-x-remover\/","og_locale":"en_US","og_type":"article","og_title":"D-CON V4 WHEELCLEANER IRON X REMOVER - Detail Spot","og_description":"D-CON V4 is the best metal particle cleaner that removes iron particles and corrosive deposits built up over time.","og_url":"https:\/\/detailspot.lt\/en\/produktas\/d-con-v4-wheelcleaner-iron-x-remover\/","og_site_name":"Detail Spot","article_publisher":"https:\/\/www.facebook.com\/profile.php?id=100039208338156","og_image":[{"width":500,"height":500,"url":"https:\/\/detailspot.lt\/wp-content\/uploads\/2023\/08\/decon-v4-wheelcleaner-de-ironizer-lavender-smell-1_jpg.webp","type":"image\/webp"}],"twitter_card":"summary_large_image","twitter_misc":{"Est. reading time":"1 minute"},"schema":{"@context":"https:\/\/schema.org","@graph":[{"@type":"WebPage","@id":"https:\/\/detailspot.lt\/en\/produktas\/d-con-v4-wheelcleaner-iron-x-remover\/","url":"https:\/\/detailspot.lt\/en\/produktas\/d-con-v4-wheelcleaner-iron-x-remover\/","name":"D-CON V4 WHEELCLEANER IRON X REMOVER - Detail Spot","isPartOf":{"@id":"https:\/\/detailspot.lt\/#website"},"primaryImageOfPage":{"@id":"https:\/\/detailspot.lt\/en\/produktas\/d-con-v4-wheelcleaner-iron-x-remover\/#primaryimage"},"image":{"@id":"https:\/\/detailspot.lt\/en\/produktas\/d-con-v4-wheelcleaner-iron-x-remover\/#primaryimage"},"thumbnailUrl":"https:\/\/detailspot.lt\/wp-content\/uploads\/2023\/08\/decon-v4-wheelcleaner-de-ironizer-lavender-smell-1_jpg.webp","datePublished":"2023-08-29T04:23:35+00:00","description":"D-CON V4 is the best metal particle cleaner that removes iron particles and corrosive deposits built up over time.","breadcrumb":{"@id":"https:\/\/detailspot.lt\/en\/produktas\/d-con-v4-wheelcleaner-iron-x-remover\/#breadcrumb"},"inLanguage":"en-US","potentialAction":[{"@type":"ReadAction","target":["https:\/\/detailspot.lt\/en\/produktas\/d-con-v4-wheelcleaner-iron-x-remover\/"]}]},{"@type":"ImageObject","inLanguage":"en-US","@id":"https:\/\/detailspot.lt\/en\/produktas\/d-con-v4-wheelcleaner-iron-x-remover\/#primaryimage","url":"https:\/\/detailspot.lt\/wp-content\/uploads\/2023\/08\/decon-v4-wheelcleaner-de-ironizer-lavender-smell-1_jpg.webp","contentUrl":"https:\/\/detailspot.lt\/wp-content\/uploads\/2023\/08\/decon-v4-wheelcleaner-de-ironizer-lavender-smell-1_jpg.webp","width":500,"height":500},{"@type":"BreadcrumbList","@id":"https:\/\/detailspot.lt\/en\/produktas\/d-con-v4-wheelcleaner-iron-x-remover\/#breadcrumb","itemListElement":[{"@type":"ListItem","position":1,"name":"Home","item":"https:\/\/detailspot.lt\/en\/"},{"@type":"ListItem","position":2,"name":"Shop","item":"https:\/\/detailspot.lt\/en\/parduotuve\/"},{"@type":"ListItem","position":3,"name":"D-CON V4 WHEELCLEANER IRON X REMOVER"}]},{"@type":"WebSite","@id":"https:\/\/detailspot.lt\/#website","url":"https:\/\/detailspot.lt\/","name":"Detail Spot","description":"Automobili\u0173 prie\u017ei\u016bros priemon\u0117s","publisher":{"@id":"https:\/\/detailspot.lt\/#organization"},"potentialAction":[{"@type":"SearchAction","target":{"@type":"EntryPoint","urlTemplate":"https:\/\/detailspot.lt\/?s={search_term_string}"},"query-input":{"@type":"PropertyValueSpecification","valueRequired":true,"valueName":"search_term_string"}}],"inLanguage":"en-US"},{"@type":"Organization","@id":"https:\/\/detailspot.lt\/#organization","name":"Detail Spot","url":"https:\/\/detailspot.lt\/","logo":{"@type":"ImageObject","inLanguage":"en-US","@id":"https:\/\/detailspot.lt\/#\/schema\/logo\/image\/","url":"https:\/\/detailspot.lt\/wp-content\/uploads\/2022\/10\/logo-original.svg","contentUrl":"https:\/\/detailspot.lt\/wp-content\/uploads\/2022\/10\/logo-original.svg","width":1,"height":1,"caption":"Detail Spot"},"image":{"@id":"https:\/\/detailspot.lt\/#\/schema\/logo\/image\/"},"sameAs":["https:\/\/www.facebook.com\/profile.php?id=100039208338156"]}]}},"_links":{"self":[{"href":"https:\/\/detailspot.lt\/en\/wp-json\/wp\/v2\/product\/6273","targetHints":{"allow":["GET"]}}],"collection":[{"href":"https:\/\/detailspot.lt\/en\/wp-json\/wp\/v2\/product"}],"about":[{"href":"https:\/\/detailspot.lt\/en\/wp-json\/wp\/v2\/types\/product"}],"replies":[{"embeddable":true,"href":"https:\/\/detailspot.lt\/en\/wp-json\/wp\/v2\/comments?post=6273"}],"wp:featuredmedia":[{"embeddable":true,"href":"https:\/\/detailspot.lt\/en\/wp-json\/wp\/v2\/media\/5254"}],"wp:attachment":[{"href":"https:\/\/detailspot.lt\/en\/wp-json\/wp\/v2\/media?parent=6273"}],"wp:term":[{"taxonomy":"product_brand","embeddable":true,"href":"https:\/\/detailspot.lt\/en\/wp-json\/wp\/v2\/product_brand?post=6273"},{"taxonomy":"product_cat","embeddable":true,"href":"https:\/\/detailspot.lt\/en\/wp-json\/wp\/v2\/product_cat?post=6273"},{"taxonomy":"product_tag","embeddable":true,"href":"https:\/\/detailspot.lt\/en\/wp-json\/wp\/v2\/product_tag?post=6273"}],"curies":[{"name":"wp","href":"https:\/\/api.w.org\/{rel}","templated":true}]}}