{"id":6272,"date":"2023-08-29T07:45:13","date_gmt":"2023-08-29T04:45:13","guid":{"rendered":"https:\/\/detailspot.lt\/produktas\/d-con-crystal-clear-apc-universal-cleaner\/"},"modified":"2025-11-30T04:30:49","modified_gmt":"2025-11-30T02:30:49","slug":"d-con-crystal-clear-apc-universal-cleaner","status":"publish","type":"product","link":"https:\/\/detailspot.lt\/en\/produktas\/d-con-crystal-clear-apc-universal-cleaner\/","title":{"rendered":"D-CON CRYSTAL CLEAR APC UNIVERSAL CLEANER"},"content":{"rendered":"<h1>D-CON CRYSTAL CLEAR APC UNIVERSAL CLEANER<\/h1>\n<p>D-Con Crystal Clear APC is colourless and odourless, making it suitable for all cleaning applications. Stains and other contaminants don&#8217;t stand a chance against the power of D-Con Crystal Clear APC! D-Con Crystal Clear APC is highly concentrated and can be diluted: dilute Crystal Clear 5:1 for indoor surfaces and 3:1 for outdoor areas.<\/p>\n<p>Conventional surface cleaners on the market contain dyes and fragrances that can be harmful to the surface and the user. These materials also ensure that no residue remains on the surface. D-Con Crystal Clear APC all-purpose cleaner does not contain any of the above-mentioned substances thanks to its advanced transparent cleaning technology. As a result, the product has professional strength and is safe for use by everyone. By avoiding the use of dyes and fragrances, we have ensured that D-Con Crystal Clear APC works more powerfully (and gently) than other cleaners.<\/p>\n<p>D-Con Crystal Clear APC is a colour and odourless all-purpose cleaner. Colourless surfactants protect the surface against staining and discolouration. Odourless chemicals provide a pleasant cleaning experience for the user. Crystal Clear APC is an invisible, residue-free cleaner that belongs in every detailer&#8217;s arsenal.<\/p>\n<p>&nbsp;<\/p>\n<p>&nbsp;<\/p>\n<p style=\"text-align: center;\"><img loading=\"lazy\" decoding=\"async\" class=\"alignnone size-medium wp-image-5205\" src=\"https:\/\/detailspot.lt\/wp-content\/uploads\/2023\/08\/logos-d-con-dcon-decon_jpg-300x120.webp\" alt=\"\" width=\"300\" height=\"120\" srcset=\"https:\/\/detailspot.lt\/wp-content\/uploads\/2023\/08\/logos-d-con-dcon-decon_jpg-300x120.webp 300w, https:\/\/detailspot.lt\/wp-content\/uploads\/2023\/08\/logos-d-con-dcon-decon_jpg-64x26.webp 64w, https:\/\/detailspot.lt\/wp-content\/uploads\/2023\/08\/logos-d-con-dcon-decon_jpg.webp 500w\" sizes=\"auto, (max-width: 300px) 100vw, 300px\" \/><\/p>\n","protected":false},"excerpt":{"rendered":"<p>D-CON CRYSTAL CLEAR APC UNIVERSAL CLEANER D-Con Crystal Clear APC is colourless and odourless, making it suitable for all cleaning applications. Stains and other contaminants don&#8217;t stand a chance against the power of D-Con Crystal Clear APC! D-Con Crystal Clear APC is highly concentrated and can be diluted: dilute Crystal Clear 5:1 for indoor surfaces&hellip;<\/p>\n","protected":false},"featured_media":5264,"comment_status":"closed","ping_status":"closed","template":"","meta":[],"product_brand":[],"product_cat":[165,168,190],"product_tag":[],"class_list":{"0":"post-6272","1":"product","2":"type-product","3":"status-publish","4":"has-post-thumbnail","6":"product_cat-interior","7":"product_cat-plastics-and-textiles","8":"product_cat-special-offer-en","9":"description-off","11":"first","12":"instock","13":"taxable","14":"shipping-taxable","15":"purchasable","16":"product-type-simple"},"yoast_head":"<!-- This site is optimized with the Yoast SEO plugin v27.4 - https:\/\/yoast.com\/product\/yoast-seo-wordpress\/ -->\n<title>D-CON CRYSTAL CLEAR APC UNIVERSAL CLEANER - Detail Spot<\/title>\n<meta name=\"description\" content=\"D-Con Crystal Clear APC is highly concentrated and can be diluted: dilute Crystal Clear 5:1 for interior surfaces and 3:1 for exterior areas.\" \/>\n<meta name=\"robots\" content=\"index, follow, max-snippet:-1, max-image-preview:large, max-video-preview:-1\" \/>\n<link rel=\"canonical\" href=\"https:\/\/detailspot.lt\/produktas\/d-con-crystal-clear-apc-universalus-valiklis\/\" \/>\n<meta property=\"og:locale\" content=\"en_US\" \/>\n<meta property=\"og:type\" content=\"article\" \/>\n<meta property=\"og:title\" content=\"D-CON CRYSTAL CLEAR APC UNIVERSAL CLEANER - Detail Spot\" \/>\n<meta property=\"og:description\" content=\"D-Con Crystal Clear APC is highly concentrated and can be diluted: dilute Crystal Clear 5:1 for interior surfaces and 3:1 for exterior areas.\" \/>\n<meta property=\"og:url\" content=\"https:\/\/detailspot.lt\/produktas\/d-con-crystal-clear-apc-universalus-valiklis\/\" \/>\n<meta property=\"og:site_name\" content=\"Detail Spot\" \/>\n<meta property=\"article:publisher\" content=\"https:\/\/www.facebook.com\/profile.php?id=100039208338156\" \/>\n<meta property=\"article:modified_time\" content=\"2025-11-30T02:30:49+00:00\" \/>\n<meta property=\"og:image\" content=\"https:\/\/detailspot.lt\/wp-content\/uploads\/2023\/08\/500-decon-crystal-clear-odorless-apc-all-surface-cleaner-500ml_jpg.webp\" \/>\n\t<meta property=\"og:image:width\" content=\"500\" \/>\n\t<meta property=\"og:image:height\" content=\"500\" \/>\n\t<meta property=\"og:image:type\" content=\"image\/webp\" \/>\n<meta name=\"twitter:card\" content=\"summary_large_image\" \/>\n<meta name=\"twitter:label1\" content=\"Est. reading time\" \/>\n\t<meta name=\"twitter:data1\" content=\"1 minute\" \/>\n<script type=\"application\/ld+json\" class=\"yoast-schema-graph\">{\"@context\":\"https:\\\/\\\/schema.org\",\"@graph\":[{\"@type\":\"WebPage\",\"@id\":\"https:\\\/\\\/detailspot.lt\\\/produktas\\\/d-con-crystal-clear-apc-universalus-valiklis\\\/\",\"url\":\"https:\\\/\\\/detailspot.lt\\\/produktas\\\/d-con-crystal-clear-apc-universalus-valiklis\\\/\",\"name\":\"D-CON CRYSTAL CLEAR APC UNIVERSAL CLEANER - Detail Spot\",\"isPartOf\":{\"@id\":\"https:\\\/\\\/detailspot.lt\\\/#website\"},\"primaryImageOfPage\":{\"@id\":\"https:\\\/\\\/detailspot.lt\\\/produktas\\\/d-con-crystal-clear-apc-universalus-valiklis\\\/#primaryimage\"},\"image\":{\"@id\":\"https:\\\/\\\/detailspot.lt\\\/produktas\\\/d-con-crystal-clear-apc-universalus-valiklis\\\/#primaryimage\"},\"thumbnailUrl\":\"https:\\\/\\\/detailspot.lt\\\/wp-content\\\/uploads\\\/2023\\\/08\\\/500-decon-crystal-clear-odorless-apc-all-surface-cleaner-500ml_jpg.webp\",\"datePublished\":\"2023-08-29T04:45:13+00:00\",\"dateModified\":\"2025-11-30T02:30:49+00:00\",\"description\":\"D-Con Crystal Clear APC is highly concentrated and can be diluted: dilute Crystal Clear 5:1 for interior surfaces and 3:1 for exterior areas.\",\"breadcrumb\":{\"@id\":\"https:\\\/\\\/detailspot.lt\\\/produktas\\\/d-con-crystal-clear-apc-universalus-valiklis\\\/#breadcrumb\"},\"inLanguage\":\"en-US\",\"potentialAction\":[{\"@type\":\"ReadAction\",\"target\":[\"https:\\\/\\\/detailspot.lt\\\/produktas\\\/d-con-crystal-clear-apc-universalus-valiklis\\\/\"]}]},{\"@type\":\"ImageObject\",\"inLanguage\":\"en-US\",\"@id\":\"https:\\\/\\\/detailspot.lt\\\/produktas\\\/d-con-crystal-clear-apc-universalus-valiklis\\\/#primaryimage\",\"url\":\"https:\\\/\\\/detailspot.lt\\\/wp-content\\\/uploads\\\/2023\\\/08\\\/500-decon-crystal-clear-odorless-apc-all-surface-cleaner-500ml_jpg.webp\",\"contentUrl\":\"https:\\\/\\\/detailspot.lt\\\/wp-content\\\/uploads\\\/2023\\\/08\\\/500-decon-crystal-clear-odorless-apc-all-surface-cleaner-500ml_jpg.webp\",\"width\":500,\"height\":500},{\"@type\":\"BreadcrumbList\",\"@id\":\"https:\\\/\\\/detailspot.lt\\\/produktas\\\/d-con-crystal-clear-apc-universalus-valiklis\\\/#breadcrumb\",\"itemListElement\":[{\"@type\":\"ListItem\",\"position\":1,\"name\":\"Home\",\"item\":\"https:\\\/\\\/detailspot.lt\\\/en\\\/\"},{\"@type\":\"ListItem\",\"position\":2,\"name\":\"Shop\",\"item\":\"https:\\\/\\\/detailspot.lt\\\/en\\\/parduotuve\\\/\"},{\"@type\":\"ListItem\",\"position\":3,\"name\":\"D-CON CRYSTAL CLEAR APC UNIVERSAL CLEANER\"}]},{\"@type\":\"WebSite\",\"@id\":\"https:\\\/\\\/detailspot.lt\\\/#website\",\"url\":\"https:\\\/\\\/detailspot.lt\\\/\",\"name\":\"Detail Spot\",\"description\":\"Automobili\u0173 prie\u017ei\u016bros priemon\u0117s\",\"publisher\":{\"@id\":\"https:\\\/\\\/detailspot.lt\\\/#organization\"},\"potentialAction\":[{\"@type\":\"SearchAction\",\"target\":{\"@type\":\"EntryPoint\",\"urlTemplate\":\"https:\\\/\\\/detailspot.lt\\\/?s={search_term_string}\"},\"query-input\":{\"@type\":\"PropertyValueSpecification\",\"valueRequired\":true,\"valueName\":\"search_term_string\"}}],\"inLanguage\":\"en-US\"},{\"@type\":\"Organization\",\"@id\":\"https:\\\/\\\/detailspot.lt\\\/#organization\",\"name\":\"Detail Spot\",\"url\":\"https:\\\/\\\/detailspot.lt\\\/\",\"logo\":{\"@type\":\"ImageObject\",\"inLanguage\":\"en-US\",\"@id\":\"https:\\\/\\\/detailspot.lt\\\/#\\\/schema\\\/logo\\\/image\\\/\",\"url\":\"https:\\\/\\\/detailspot.lt\\\/wp-content\\\/uploads\\\/2022\\\/10\\\/logo-original.svg\",\"contentUrl\":\"https:\\\/\\\/detailspot.lt\\\/wp-content\\\/uploads\\\/2022\\\/10\\\/logo-original.svg\",\"width\":1,\"height\":1,\"caption\":\"Detail Spot\"},\"image\":{\"@id\":\"https:\\\/\\\/detailspot.lt\\\/#\\\/schema\\\/logo\\\/image\\\/\"},\"sameAs\":[\"https:\\\/\\\/www.facebook.com\\\/profile.php?id=100039208338156\"]}]}<\/script>\n<!-- \/ Yoast SEO plugin. -->","yoast_head_json":{"title":"D-CON CRYSTAL CLEAR APC UNIVERSAL CLEANER - Detail Spot","description":"D-Con Crystal Clear APC is highly concentrated and can be diluted: dilute Crystal Clear 5:1 for interior surfaces and 3:1 for exterior areas.","robots":{"index":"index","follow":"follow","max-snippet":"max-snippet:-1","max-image-preview":"max-image-preview:large","max-video-preview":"max-video-preview:-1"},"canonical":"https:\/\/detailspot.lt\/produktas\/d-con-crystal-clear-apc-universalus-valiklis\/","og_locale":"en_US","og_type":"article","og_title":"D-CON CRYSTAL CLEAR APC UNIVERSAL CLEANER - Detail Spot","og_description":"D-Con Crystal Clear APC is highly concentrated and can be diluted: dilute Crystal Clear 5:1 for interior surfaces and 3:1 for exterior areas.","og_url":"https:\/\/detailspot.lt\/produktas\/d-con-crystal-clear-apc-universalus-valiklis\/","og_site_name":"Detail Spot","article_publisher":"https:\/\/www.facebook.com\/profile.php?id=100039208338156","article_modified_time":"2025-11-30T02:30:49+00:00","og_image":[{"width":500,"height":500,"url":"https:\/\/detailspot.lt\/wp-content\/uploads\/2023\/08\/500-decon-crystal-clear-odorless-apc-all-surface-cleaner-500ml_jpg.webp","type":"image\/webp"}],"twitter_card":"summary_large_image","twitter_misc":{"Est. reading time":"1 minute"},"schema":{"@context":"https:\/\/schema.org","@graph":[{"@type":"WebPage","@id":"https:\/\/detailspot.lt\/produktas\/d-con-crystal-clear-apc-universalus-valiklis\/","url":"https:\/\/detailspot.lt\/produktas\/d-con-crystal-clear-apc-universalus-valiklis\/","name":"D-CON CRYSTAL CLEAR APC UNIVERSAL CLEANER - Detail Spot","isPartOf":{"@id":"https:\/\/detailspot.lt\/#website"},"primaryImageOfPage":{"@id":"https:\/\/detailspot.lt\/produktas\/d-con-crystal-clear-apc-universalus-valiklis\/#primaryimage"},"image":{"@id":"https:\/\/detailspot.lt\/produktas\/d-con-crystal-clear-apc-universalus-valiklis\/#primaryimage"},"thumbnailUrl":"https:\/\/detailspot.lt\/wp-content\/uploads\/2023\/08\/500-decon-crystal-clear-odorless-apc-all-surface-cleaner-500ml_jpg.webp","datePublished":"2023-08-29T04:45:13+00:00","dateModified":"2025-11-30T02:30:49+00:00","description":"D-Con Crystal Clear APC is highly concentrated and can be diluted: dilute Crystal Clear 5:1 for interior surfaces and 3:1 for exterior areas.","breadcrumb":{"@id":"https:\/\/detailspot.lt\/produktas\/d-con-crystal-clear-apc-universalus-valiklis\/#breadcrumb"},"inLanguage":"en-US","potentialAction":[{"@type":"ReadAction","target":["https:\/\/detailspot.lt\/produktas\/d-con-crystal-clear-apc-universalus-valiklis\/"]}]},{"@type":"ImageObject","inLanguage":"en-US","@id":"https:\/\/detailspot.lt\/produktas\/d-con-crystal-clear-apc-universalus-valiklis\/#primaryimage","url":"https:\/\/detailspot.lt\/wp-content\/uploads\/2023\/08\/500-decon-crystal-clear-odorless-apc-all-surface-cleaner-500ml_jpg.webp","contentUrl":"https:\/\/detailspot.lt\/wp-content\/uploads\/2023\/08\/500-decon-crystal-clear-odorless-apc-all-surface-cleaner-500ml_jpg.webp","width":500,"height":500},{"@type":"BreadcrumbList","@id":"https:\/\/detailspot.lt\/produktas\/d-con-crystal-clear-apc-universalus-valiklis\/#breadcrumb","itemListElement":[{"@type":"ListItem","position":1,"name":"Home","item":"https:\/\/detailspot.lt\/en\/"},{"@type":"ListItem","position":2,"name":"Shop","item":"https:\/\/detailspot.lt\/en\/parduotuve\/"},{"@type":"ListItem","position":3,"name":"D-CON CRYSTAL CLEAR APC UNIVERSAL CLEANER"}]},{"@type":"WebSite","@id":"https:\/\/detailspot.lt\/#website","url":"https:\/\/detailspot.lt\/","name":"Detail Spot","description":"Automobili\u0173 prie\u017ei\u016bros priemon\u0117s","publisher":{"@id":"https:\/\/detailspot.lt\/#organization"},"potentialAction":[{"@type":"SearchAction","target":{"@type":"EntryPoint","urlTemplate":"https:\/\/detailspot.lt\/?s={search_term_string}"},"query-input":{"@type":"PropertyValueSpecification","valueRequired":true,"valueName":"search_term_string"}}],"inLanguage":"en-US"},{"@type":"Organization","@id":"https:\/\/detailspot.lt\/#organization","name":"Detail Spot","url":"https:\/\/detailspot.lt\/","logo":{"@type":"ImageObject","inLanguage":"en-US","@id":"https:\/\/detailspot.lt\/#\/schema\/logo\/image\/","url":"https:\/\/detailspot.lt\/wp-content\/uploads\/2022\/10\/logo-original.svg","contentUrl":"https:\/\/detailspot.lt\/wp-content\/uploads\/2022\/10\/logo-original.svg","width":1,"height":1,"caption":"Detail Spot"},"image":{"@id":"https:\/\/detailspot.lt\/#\/schema\/logo\/image\/"},"sameAs":["https:\/\/www.facebook.com\/profile.php?id=100039208338156"]}]}},"_links":{"self":[{"href":"https:\/\/detailspot.lt\/en\/wp-json\/wp\/v2\/product\/6272","targetHints":{"allow":["GET"]}}],"collection":[{"href":"https:\/\/detailspot.lt\/en\/wp-json\/wp\/v2\/product"}],"about":[{"href":"https:\/\/detailspot.lt\/en\/wp-json\/wp\/v2\/types\/product"}],"replies":[{"embeddable":true,"href":"https:\/\/detailspot.lt\/en\/wp-json\/wp\/v2\/comments?post=6272"}],"wp:featuredmedia":[{"embeddable":true,"href":"https:\/\/detailspot.lt\/en\/wp-json\/wp\/v2\/media\/5264"}],"wp:attachment":[{"href":"https:\/\/detailspot.lt\/en\/wp-json\/wp\/v2\/media?parent=6272"}],"wp:term":[{"taxonomy":"product_brand","embeddable":true,"href":"https:\/\/detailspot.lt\/en\/wp-json\/wp\/v2\/product_brand?post=6272"},{"taxonomy":"product_cat","embeddable":true,"href":"https:\/\/detailspot.lt\/en\/wp-json\/wp\/v2\/product_cat?post=6272"},{"taxonomy":"product_tag","embeddable":true,"href":"https:\/\/detailspot.lt\/en\/wp-json\/wp\/v2\/product_tag?post=6272"}],"curies":[{"name":"wp","href":"https:\/\/api.w.org\/{rel}","templated":true}]}}