{"id":6270,"date":"2023-08-29T07:56:35","date_gmt":"2023-08-29T04:56:35","guid":{"rendered":"https:\/\/detailspot.lt\/produktas\/d-con-machine-spinning-carpet-brush-medium-green\/"},"modified":"2024-02-15T01:11:35","modified_gmt":"2024-02-14T23:11:35","slug":"d-con-machine-spinning-carpet-brush-medium-green","status":"publish","type":"product","link":"https:\/\/detailspot.lt\/en\/produktas\/d-con-machine-spinning-carpet-brush-medium-green\/","title":{"rendered":"D-CON MACHINE SPINNING CARPET BRUSH (MEDIUM GREEN)"},"content":{"rendered":"<h1 class=\"page-title\">D-CON MACHINE SPINNING CARPET BRUSH (MEDIUM GREEN)<\/h1>\n<p>&#8220;The D-CON Drill Brush Medium is a medium-duty brush for cleaning carpets, upholstery, floor mats and seats. This brush is ideal for cleaning stubborn carpet stains. The bristles are hard enough to remove old stains. The high rotational speed of the unit, combined with the premium medium-length bristles, easily removes dirt from fabric upholstery and carpets.<\/p>\n<p>&nbsp;<\/p>\n<p>&nbsp;<\/p>\n<p style=\"text-align: center;\"><img loading=\"lazy\" decoding=\"async\" class=\"alignnone size-medium wp-image-5205\" src=\"https:\/\/detailspot.lt\/wp-content\/uploads\/2023\/08\/logos-d-con-dcon-decon_jpg-300x120.webp\" alt=\"\" width=\"300\" height=\"120\" srcset=\"https:\/\/detailspot.lt\/wp-content\/uploads\/2023\/08\/logos-d-con-dcon-decon_jpg-300x120.webp 300w, https:\/\/detailspot.lt\/wp-content\/uploads\/2023\/08\/logos-d-con-dcon-decon_jpg-64x26.webp 64w, https:\/\/detailspot.lt\/wp-content\/uploads\/2023\/08\/logos-d-con-dcon-decon_jpg.webp 500w\" sizes=\"auto, (max-width: 300px) 100vw, 300px\" \/><\/p>\n","protected":false},"excerpt":{"rendered":"<p>D-CON MACHINE SPINNING CARPET BRUSH (MEDIUM GREEN) &#8220;The D-CON Drill Brush Medium is a medium-duty brush for cleaning carpets, upholstery, floor mats and seats. This brush is ideal for cleaning stubborn carpet stains. The bristles are hard enough to remove old stains. The high rotational speed of the unit, combined with the premium medium-length bristles,&hellip;<\/p>\n","protected":false},"featured_media":5275,"comment_status":"closed","ping_status":"closed","template":"","meta":[],"product_brand":[],"product_cat":[155,183,190],"product_tag":[],"class_list":{"0":"post-6270","1":"product","2":"type-product","3":"status-publish","4":"has-post-thumbnail","6":"product_cat-accessories","7":"product_cat-brushes","8":"product_cat-special-offer-en","9":"description-off","11":"first","12":"instock","13":"taxable","14":"shipping-taxable","15":"purchasable","16":"product-type-simple"},"yoast_head":"<!-- This site is optimized with the Yoast SEO plugin v27.4 - https:\/\/yoast.com\/product\/yoast-seo-wordpress\/ -->\n<title>D-CON MACHINE SPINNING CARPET BRUSH<\/title>\n<meta name=\"description\" content=\"The D-CON Carpet Brush is ideal for cleaning stubborn carpet stains. The bristles are hard enough to remove old stains.\" \/>\n<meta name=\"robots\" content=\"index, follow, max-snippet:-1, max-image-preview:large, max-video-preview:-1\" \/>\n<link rel=\"canonical\" href=\"https:\/\/detailspot.lt\/en\/produktas\/d-con-machine-spinning-carpet-brush-medium-green\/\" \/>\n<meta property=\"og:locale\" content=\"en_US\" \/>\n<meta property=\"og:type\" content=\"article\" \/>\n<meta property=\"og:title\" content=\"D-CON MACHINE SPINNING CARPET BRUSH\" \/>\n<meta property=\"og:description\" content=\"The D-CON Carpet Brush is ideal for cleaning stubborn carpet stains. The bristles are hard enough to remove old stains.\" \/>\n<meta property=\"og:url\" content=\"https:\/\/detailspot.lt\/en\/produktas\/d-con-machine-spinning-carpet-brush-medium-green\/\" \/>\n<meta property=\"og:site_name\" content=\"Detail Spot\" \/>\n<meta property=\"article:publisher\" content=\"https:\/\/www.facebook.com\/profile.php?id=100039208338156\" \/>\n<meta property=\"article:modified_time\" content=\"2024-02-14T23:11:35+00:00\" \/>\n<meta property=\"og:image\" content=\"https:\/\/detailspot.lt\/wp-content\/uploads\/2023\/08\/groene_drill_borstel_bro_png.webp\" \/>\n\t<meta property=\"og:image:width\" content=\"500\" \/>\n\t<meta property=\"og:image:height\" content=\"500\" \/>\n\t<meta property=\"og:image:type\" content=\"image\/webp\" \/>\n<meta name=\"twitter:card\" content=\"summary_large_image\" \/>\n<script type=\"application\/ld+json\" class=\"yoast-schema-graph\">{\"@context\":\"https:\\\/\\\/schema.org\",\"@graph\":[{\"@type\":\"WebPage\",\"@id\":\"https:\\\/\\\/detailspot.lt\\\/en\\\/produktas\\\/d-con-machine-spinning-carpet-brush-medium-green\\\/\",\"url\":\"https:\\\/\\\/detailspot.lt\\\/en\\\/produktas\\\/d-con-machine-spinning-carpet-brush-medium-green\\\/\",\"name\":\"D-CON MACHINE SPINNING CARPET BRUSH\",\"isPartOf\":{\"@id\":\"https:\\\/\\\/detailspot.lt\\\/#website\"},\"primaryImageOfPage\":{\"@id\":\"https:\\\/\\\/detailspot.lt\\\/en\\\/produktas\\\/d-con-machine-spinning-carpet-brush-medium-green\\\/#primaryimage\"},\"image\":{\"@id\":\"https:\\\/\\\/detailspot.lt\\\/en\\\/produktas\\\/d-con-machine-spinning-carpet-brush-medium-green\\\/#primaryimage\"},\"thumbnailUrl\":\"https:\\\/\\\/detailspot.lt\\\/wp-content\\\/uploads\\\/2023\\\/08\\\/groene_drill_borstel_bro_png.webp\",\"datePublished\":\"2023-08-29T04:56:35+00:00\",\"dateModified\":\"2024-02-14T23:11:35+00:00\",\"description\":\"The D-CON Carpet Brush is ideal for cleaning stubborn carpet stains. The bristles are hard enough to remove old stains.\",\"breadcrumb\":{\"@id\":\"https:\\\/\\\/detailspot.lt\\\/en\\\/produktas\\\/d-con-machine-spinning-carpet-brush-medium-green\\\/#breadcrumb\"},\"inLanguage\":\"en-US\",\"potentialAction\":[{\"@type\":\"ReadAction\",\"target\":[\"https:\\\/\\\/detailspot.lt\\\/en\\\/produktas\\\/d-con-machine-spinning-carpet-brush-medium-green\\\/\"]}]},{\"@type\":\"ImageObject\",\"inLanguage\":\"en-US\",\"@id\":\"https:\\\/\\\/detailspot.lt\\\/en\\\/produktas\\\/d-con-machine-spinning-carpet-brush-medium-green\\\/#primaryimage\",\"url\":\"https:\\\/\\\/detailspot.lt\\\/wp-content\\\/uploads\\\/2023\\\/08\\\/groene_drill_borstel_bro_png.webp\",\"contentUrl\":\"https:\\\/\\\/detailspot.lt\\\/wp-content\\\/uploads\\\/2023\\\/08\\\/groene_drill_borstel_bro_png.webp\",\"width\":500,\"height\":500},{\"@type\":\"BreadcrumbList\",\"@id\":\"https:\\\/\\\/detailspot.lt\\\/en\\\/produktas\\\/d-con-machine-spinning-carpet-brush-medium-green\\\/#breadcrumb\",\"itemListElement\":[{\"@type\":\"ListItem\",\"position\":1,\"name\":\"Home\",\"item\":\"https:\\\/\\\/detailspot.lt\\\/en\\\/\"},{\"@type\":\"ListItem\",\"position\":2,\"name\":\"Shop\",\"item\":\"https:\\\/\\\/detailspot.lt\\\/en\\\/parduotuve\\\/\"},{\"@type\":\"ListItem\",\"position\":3,\"name\":\"D-CON MACHINE SPINNING CARPET BRUSH (MEDIUM GREEN)\"}]},{\"@type\":\"WebSite\",\"@id\":\"https:\\\/\\\/detailspot.lt\\\/#website\",\"url\":\"https:\\\/\\\/detailspot.lt\\\/\",\"name\":\"Detail Spot\",\"description\":\"Automobili\u0173 prie\u017ei\u016bros priemon\u0117s\",\"publisher\":{\"@id\":\"https:\\\/\\\/detailspot.lt\\\/#organization\"},\"potentialAction\":[{\"@type\":\"SearchAction\",\"target\":{\"@type\":\"EntryPoint\",\"urlTemplate\":\"https:\\\/\\\/detailspot.lt\\\/?s={search_term_string}\"},\"query-input\":{\"@type\":\"PropertyValueSpecification\",\"valueRequired\":true,\"valueName\":\"search_term_string\"}}],\"inLanguage\":\"en-US\"},{\"@type\":\"Organization\",\"@id\":\"https:\\\/\\\/detailspot.lt\\\/#organization\",\"name\":\"Detail Spot\",\"url\":\"https:\\\/\\\/detailspot.lt\\\/\",\"logo\":{\"@type\":\"ImageObject\",\"inLanguage\":\"en-US\",\"@id\":\"https:\\\/\\\/detailspot.lt\\\/#\\\/schema\\\/logo\\\/image\\\/\",\"url\":\"https:\\\/\\\/detailspot.lt\\\/wp-content\\\/uploads\\\/2022\\\/10\\\/logo-original.svg\",\"contentUrl\":\"https:\\\/\\\/detailspot.lt\\\/wp-content\\\/uploads\\\/2022\\\/10\\\/logo-original.svg\",\"width\":1,\"height\":1,\"caption\":\"Detail Spot\"},\"image\":{\"@id\":\"https:\\\/\\\/detailspot.lt\\\/#\\\/schema\\\/logo\\\/image\\\/\"},\"sameAs\":[\"https:\\\/\\\/www.facebook.com\\\/profile.php?id=100039208338156\"]}]}<\/script>\n<!-- \/ Yoast SEO plugin. -->","yoast_head_json":{"title":"D-CON MACHINE SPINNING CARPET BRUSH","description":"The D-CON Carpet Brush is ideal for cleaning stubborn carpet stains. The bristles are hard enough to remove old stains.","robots":{"index":"index","follow":"follow","max-snippet":"max-snippet:-1","max-image-preview":"max-image-preview:large","max-video-preview":"max-video-preview:-1"},"canonical":"https:\/\/detailspot.lt\/en\/produktas\/d-con-machine-spinning-carpet-brush-medium-green\/","og_locale":"en_US","og_type":"article","og_title":"D-CON MACHINE SPINNING CARPET BRUSH","og_description":"The D-CON Carpet Brush is ideal for cleaning stubborn carpet stains. The bristles are hard enough to remove old stains.","og_url":"https:\/\/detailspot.lt\/en\/produktas\/d-con-machine-spinning-carpet-brush-medium-green\/","og_site_name":"Detail Spot","article_publisher":"https:\/\/www.facebook.com\/profile.php?id=100039208338156","article_modified_time":"2024-02-14T23:11:35+00:00","og_image":[{"width":500,"height":500,"url":"https:\/\/detailspot.lt\/wp-content\/uploads\/2023\/08\/groene_drill_borstel_bro_png.webp","type":"image\/webp"}],"twitter_card":"summary_large_image","schema":{"@context":"https:\/\/schema.org","@graph":[{"@type":"WebPage","@id":"https:\/\/detailspot.lt\/en\/produktas\/d-con-machine-spinning-carpet-brush-medium-green\/","url":"https:\/\/detailspot.lt\/en\/produktas\/d-con-machine-spinning-carpet-brush-medium-green\/","name":"D-CON MACHINE SPINNING CARPET BRUSH","isPartOf":{"@id":"https:\/\/detailspot.lt\/#website"},"primaryImageOfPage":{"@id":"https:\/\/detailspot.lt\/en\/produktas\/d-con-machine-spinning-carpet-brush-medium-green\/#primaryimage"},"image":{"@id":"https:\/\/detailspot.lt\/en\/produktas\/d-con-machine-spinning-carpet-brush-medium-green\/#primaryimage"},"thumbnailUrl":"https:\/\/detailspot.lt\/wp-content\/uploads\/2023\/08\/groene_drill_borstel_bro_png.webp","datePublished":"2023-08-29T04:56:35+00:00","dateModified":"2024-02-14T23:11:35+00:00","description":"The D-CON Carpet Brush is ideal for cleaning stubborn carpet stains. The bristles are hard enough to remove old stains.","breadcrumb":{"@id":"https:\/\/detailspot.lt\/en\/produktas\/d-con-machine-spinning-carpet-brush-medium-green\/#breadcrumb"},"inLanguage":"en-US","potentialAction":[{"@type":"ReadAction","target":["https:\/\/detailspot.lt\/en\/produktas\/d-con-machine-spinning-carpet-brush-medium-green\/"]}]},{"@type":"ImageObject","inLanguage":"en-US","@id":"https:\/\/detailspot.lt\/en\/produktas\/d-con-machine-spinning-carpet-brush-medium-green\/#primaryimage","url":"https:\/\/detailspot.lt\/wp-content\/uploads\/2023\/08\/groene_drill_borstel_bro_png.webp","contentUrl":"https:\/\/detailspot.lt\/wp-content\/uploads\/2023\/08\/groene_drill_borstel_bro_png.webp","width":500,"height":500},{"@type":"BreadcrumbList","@id":"https:\/\/detailspot.lt\/en\/produktas\/d-con-machine-spinning-carpet-brush-medium-green\/#breadcrumb","itemListElement":[{"@type":"ListItem","position":1,"name":"Home","item":"https:\/\/detailspot.lt\/en\/"},{"@type":"ListItem","position":2,"name":"Shop","item":"https:\/\/detailspot.lt\/en\/parduotuve\/"},{"@type":"ListItem","position":3,"name":"D-CON MACHINE SPINNING CARPET BRUSH (MEDIUM GREEN)"}]},{"@type":"WebSite","@id":"https:\/\/detailspot.lt\/#website","url":"https:\/\/detailspot.lt\/","name":"Detail Spot","description":"Automobili\u0173 prie\u017ei\u016bros priemon\u0117s","publisher":{"@id":"https:\/\/detailspot.lt\/#organization"},"potentialAction":[{"@type":"SearchAction","target":{"@type":"EntryPoint","urlTemplate":"https:\/\/detailspot.lt\/?s={search_term_string}"},"query-input":{"@type":"PropertyValueSpecification","valueRequired":true,"valueName":"search_term_string"}}],"inLanguage":"en-US"},{"@type":"Organization","@id":"https:\/\/detailspot.lt\/#organization","name":"Detail Spot","url":"https:\/\/detailspot.lt\/","logo":{"@type":"ImageObject","inLanguage":"en-US","@id":"https:\/\/detailspot.lt\/#\/schema\/logo\/image\/","url":"https:\/\/detailspot.lt\/wp-content\/uploads\/2022\/10\/logo-original.svg","contentUrl":"https:\/\/detailspot.lt\/wp-content\/uploads\/2022\/10\/logo-original.svg","width":1,"height":1,"caption":"Detail Spot"},"image":{"@id":"https:\/\/detailspot.lt\/#\/schema\/logo\/image\/"},"sameAs":["https:\/\/www.facebook.com\/profile.php?id=100039208338156"]}]}},"_links":{"self":[{"href":"https:\/\/detailspot.lt\/en\/wp-json\/wp\/v2\/product\/6270","targetHints":{"allow":["GET"]}}],"collection":[{"href":"https:\/\/detailspot.lt\/en\/wp-json\/wp\/v2\/product"}],"about":[{"href":"https:\/\/detailspot.lt\/en\/wp-json\/wp\/v2\/types\/product"}],"replies":[{"embeddable":true,"href":"https:\/\/detailspot.lt\/en\/wp-json\/wp\/v2\/comments?post=6270"}],"wp:featuredmedia":[{"embeddable":true,"href":"https:\/\/detailspot.lt\/en\/wp-json\/wp\/v2\/media\/5275"}],"wp:attachment":[{"href":"https:\/\/detailspot.lt\/en\/wp-json\/wp\/v2\/media?parent=6270"}],"wp:term":[{"taxonomy":"product_brand","embeddable":true,"href":"https:\/\/detailspot.lt\/en\/wp-json\/wp\/v2\/product_brand?post=6270"},{"taxonomy":"product_cat","embeddable":true,"href":"https:\/\/detailspot.lt\/en\/wp-json\/wp\/v2\/product_cat?post=6270"},{"taxonomy":"product_tag","embeddable":true,"href":"https:\/\/detailspot.lt\/en\/wp-json\/wp\/v2\/product_tag?post=6270"}],"curies":[{"name":"wp","href":"https:\/\/api.w.org\/{rel}","templated":true}]}}