{"id":6269,"date":"2023-08-29T07:59:50","date_gmt":"2023-08-29T04:59:50","guid":{"rendered":"https:\/\/detailspot.lt\/produktas\/d-con-machine-spinning-soft-carpet-brush-yellow\/"},"modified":"2023-08-29T07:59:50","modified_gmt":"2023-08-29T04:59:50","slug":"d-con-machine-spinning-soft-carpet-brush-yellow","status":"publish","type":"product","link":"https:\/\/detailspot.lt\/en\/produktas\/d-con-machine-spinning-soft-carpet-brush-yellow\/","title":{"rendered":"D-CON MACHINE SPINNING SOFT CARPET BRUSH (YELLOW)"},"content":{"rendered":"<h1>D-CON MACHINE SPINNING SOFT CARPET BRUSH (YELLOW)<\/h1>\n<p>&#8220;The D-CON Drill Brush Soft is a lightweight brush for cleaning carpets, upholstery, floor mats and seats. This brush is ideal for cleaning stubborn carpet stains. The bristles are tough enough to remove old stains. Didelis \u012frenginio sukimosi greitis kartu su auk\u0161\u010diausios kokyb\u0117s kietais \u0161ereliais lengvai pa\u0161alina ne\u0161varumus nuo med\u017eiagini\u0173 apmu\u0161al\u0173 ir kilim\u0173.<\/p>\n<p>&nbsp;<\/p>\n<p>&nbsp;<\/p>\n<p style=\"text-align: center;\"><img loading=\"lazy\" decoding=\"async\" class=\"alignnone size-medium wp-image-5205\" src=\"https:\/\/detailspot.lt\/wp-content\/uploads\/2023\/08\/logos-d-con-dcon-decon_jpg-300x120.webp\" alt=\"\" width=\"300\" height=\"120\" srcset=\"https:\/\/detailspot.lt\/wp-content\/uploads\/2023\/08\/logos-d-con-dcon-decon_jpg-300x120.webp 300w, https:\/\/detailspot.lt\/wp-content\/uploads\/2023\/08\/logos-d-con-dcon-decon_jpg-64x26.webp 64w, https:\/\/detailspot.lt\/wp-content\/uploads\/2023\/08\/logos-d-con-dcon-decon_jpg.webp 500w\" sizes=\"auto, (max-width: 300px) 100vw, 300px\" \/><\/p>\n","protected":false},"excerpt":{"rendered":"<p>D-CON MACHINE SPINNING SOFT CARPET BRUSH (YELLOW) &#8220;The D-CON Drill Brush Soft is a lightweight brush for cleaning carpets, upholstery, floor mats and seats. This brush is ideal for cleaning stubborn carpet stains. The bristles are tough enough to remove old stains. Didelis \u012frenginio sukimosi greitis kartu su auk\u0161\u010diausios kokyb\u0117s kietais \u0161ereliais lengvai pa\u0161alina ne\u0161varumus&hellip;<\/p>\n","protected":false},"featured_media":5282,"comment_status":"closed","ping_status":"closed","template":"","meta":[],"product_brand":[],"product_cat":[155,183,190],"product_tag":[],"class_list":{"0":"post-6269","1":"product","2":"type-product","3":"status-publish","4":"has-post-thumbnail","6":"product_cat-accessories","7":"product_cat-brushes","8":"product_cat-special-offer-en","9":"description-off","11":"first","12":"instock","13":"taxable","14":"shipping-taxable","15":"purchasable","16":"product-type-simple"},"yoast_head":"<!-- This site is optimized with the Yoast SEO plugin v27.2 - https:\/\/yoast.com\/product\/yoast-seo-wordpress\/ -->\n<title>D CON MACHINE SPINNING SOFT CARPET BRUSH<\/title>\n<meta name=\"description\" content=\"The D-CON Carpet Brush is ideal for cleaning stubborn carpet stains. The bristles are tough enough to remove old stains.\" \/>\n<meta name=\"robots\" content=\"index, follow, max-snippet:-1, max-image-preview:large, max-video-preview:-1\" \/>\n<link rel=\"canonical\" href=\"https:\/\/detailspot.lt\/en\/produktas\/d-con-machine-spinning-soft-carpet-brush-yellow\/\" \/>\n<meta property=\"og:locale\" content=\"en_US\" \/>\n<meta property=\"og:type\" content=\"article\" \/>\n<meta property=\"og:title\" content=\"D CON MACHINE SPINNING SOFT CARPET BRUSH\" \/>\n<meta property=\"og:description\" content=\"The D-CON Carpet Brush is ideal for cleaning stubborn carpet stains. The bristles are tough enough to remove old stains.\" \/>\n<meta property=\"og:url\" content=\"https:\/\/detailspot.lt\/en\/produktas\/d-con-machine-spinning-soft-carpet-brush-yellow\/\" \/>\n<meta property=\"og:site_name\" content=\"Detail Spot\" \/>\n<meta property=\"article:publisher\" content=\"https:\/\/www.facebook.com\/profile.php?id=100039208338156\" \/>\n<meta property=\"og:image\" content=\"https:\/\/detailspot.lt\/wp-content\/uploads\/2023\/08\/carcare24.eu-d_acc_507_lxe-d-con-machine-spinning-carpet-brush-soft-yellow_jpg.webp\" \/>\n\t<meta property=\"og:image:width\" content=\"500\" \/>\n\t<meta property=\"og:image:height\" content=\"500\" \/>\n\t<meta property=\"og:image:type\" content=\"image\/webp\" \/>\n<meta name=\"twitter:card\" content=\"summary_large_image\" \/>\n<script type=\"application\/ld+json\" class=\"yoast-schema-graph\">{\"@context\":\"https:\/\/schema.org\",\"@graph\":[{\"@type\":\"WebPage\",\"@id\":\"https:\/\/detailspot.lt\/en\/produktas\/d-con-machine-spinning-soft-carpet-brush-yellow\/\",\"url\":\"https:\/\/detailspot.lt\/en\/produktas\/d-con-machine-spinning-soft-carpet-brush-yellow\/\",\"name\":\"D CON MACHINE SPINNING SOFT CARPET BRUSH\",\"isPartOf\":{\"@id\":\"https:\/\/detailspot.lt\/#website\"},\"primaryImageOfPage\":{\"@id\":\"https:\/\/detailspot.lt\/en\/produktas\/d-con-machine-spinning-soft-carpet-brush-yellow\/#primaryimage\"},\"image\":{\"@id\":\"https:\/\/detailspot.lt\/en\/produktas\/d-con-machine-spinning-soft-carpet-brush-yellow\/#primaryimage\"},\"thumbnailUrl\":\"https:\/\/detailspot.lt\/wp-content\/uploads\/2023\/08\/carcare24.eu-d_acc_507_lxe-d-con-machine-spinning-carpet-brush-soft-yellow_jpg.webp\",\"datePublished\":\"2023-08-29T04:59:50+00:00\",\"description\":\"The D-CON Carpet Brush is ideal for cleaning stubborn carpet stains. The bristles are tough enough to remove old stains.\",\"breadcrumb\":{\"@id\":\"https:\/\/detailspot.lt\/en\/produktas\/d-con-machine-spinning-soft-carpet-brush-yellow\/#breadcrumb\"},\"inLanguage\":\"en-US\",\"potentialAction\":[{\"@type\":\"ReadAction\",\"target\":[\"https:\/\/detailspot.lt\/en\/produktas\/d-con-machine-spinning-soft-carpet-brush-yellow\/\"]}]},{\"@type\":\"ImageObject\",\"inLanguage\":\"en-US\",\"@id\":\"https:\/\/detailspot.lt\/en\/produktas\/d-con-machine-spinning-soft-carpet-brush-yellow\/#primaryimage\",\"url\":\"https:\/\/detailspot.lt\/wp-content\/uploads\/2023\/08\/carcare24.eu-d_acc_507_lxe-d-con-machine-spinning-carpet-brush-soft-yellow_jpg.webp\",\"contentUrl\":\"https:\/\/detailspot.lt\/wp-content\/uploads\/2023\/08\/carcare24.eu-d_acc_507_lxe-d-con-machine-spinning-carpet-brush-soft-yellow_jpg.webp\",\"width\":500,\"height\":500},{\"@type\":\"BreadcrumbList\",\"@id\":\"https:\/\/detailspot.lt\/en\/produktas\/d-con-machine-spinning-soft-carpet-brush-yellow\/#breadcrumb\",\"itemListElement\":[{\"@type\":\"ListItem\",\"position\":1,\"name\":\"Home\",\"item\":\"https:\/\/detailspot.lt\/en\/\"},{\"@type\":\"ListItem\",\"position\":2,\"name\":\"Shop\",\"item\":\"https:\/\/detailspot.lt\/en\/parduotuve\/\"},{\"@type\":\"ListItem\",\"position\":3,\"name\":\"D-CON MACHINE SPINNING SOFT CARPET BRUSH (YELLOW)\"}]},{\"@type\":\"WebSite\",\"@id\":\"https:\/\/detailspot.lt\/#website\",\"url\":\"https:\/\/detailspot.lt\/\",\"name\":\"Detail Spot\",\"description\":\"Automobili\u0173 prie\u017ei\u016bros priemon\u0117s\",\"publisher\":{\"@id\":\"https:\/\/detailspot.lt\/#organization\"},\"potentialAction\":[{\"@type\":\"SearchAction\",\"target\":{\"@type\":\"EntryPoint\",\"urlTemplate\":\"https:\/\/detailspot.lt\/?s={search_term_string}\"},\"query-input\":{\"@type\":\"PropertyValueSpecification\",\"valueRequired\":true,\"valueName\":\"search_term_string\"}}],\"inLanguage\":\"en-US\"},{\"@type\":\"Organization\",\"@id\":\"https:\/\/detailspot.lt\/#organization\",\"name\":\"Detail Spot\",\"url\":\"https:\/\/detailspot.lt\/\",\"logo\":{\"@type\":\"ImageObject\",\"inLanguage\":\"en-US\",\"@id\":\"https:\/\/detailspot.lt\/#\/schema\/logo\/image\/\",\"url\":\"https:\/\/detailspot.lt\/wp-content\/uploads\/2022\/10\/logo-original.svg\",\"contentUrl\":\"https:\/\/detailspot.lt\/wp-content\/uploads\/2022\/10\/logo-original.svg\",\"width\":1,\"height\":1,\"caption\":\"Detail Spot\"},\"image\":{\"@id\":\"https:\/\/detailspot.lt\/#\/schema\/logo\/image\/\"},\"sameAs\":[\"https:\/\/www.facebook.com\/profile.php?id=100039208338156\"]}]}<\/script>\n<!-- \/ Yoast SEO plugin. -->","yoast_head_json":{"title":"D CON MACHINE SPINNING SOFT CARPET BRUSH","description":"The D-CON Carpet Brush is ideal for cleaning stubborn carpet stains. The bristles are tough enough to remove old stains.","robots":{"index":"index","follow":"follow","max-snippet":"max-snippet:-1","max-image-preview":"max-image-preview:large","max-video-preview":"max-video-preview:-1"},"canonical":"https:\/\/detailspot.lt\/en\/produktas\/d-con-machine-spinning-soft-carpet-brush-yellow\/","og_locale":"en_US","og_type":"article","og_title":"D CON MACHINE SPINNING SOFT CARPET BRUSH","og_description":"The D-CON Carpet Brush is ideal for cleaning stubborn carpet stains. The bristles are tough enough to remove old stains.","og_url":"https:\/\/detailspot.lt\/en\/produktas\/d-con-machine-spinning-soft-carpet-brush-yellow\/","og_site_name":"Detail Spot","article_publisher":"https:\/\/www.facebook.com\/profile.php?id=100039208338156","og_image":[{"width":500,"height":500,"url":"https:\/\/detailspot.lt\/wp-content\/uploads\/2023\/08\/carcare24.eu-d_acc_507_lxe-d-con-machine-spinning-carpet-brush-soft-yellow_jpg.webp","type":"image\/webp"}],"twitter_card":"summary_large_image","schema":{"@context":"https:\/\/schema.org","@graph":[{"@type":"WebPage","@id":"https:\/\/detailspot.lt\/en\/produktas\/d-con-machine-spinning-soft-carpet-brush-yellow\/","url":"https:\/\/detailspot.lt\/en\/produktas\/d-con-machine-spinning-soft-carpet-brush-yellow\/","name":"D CON MACHINE SPINNING SOFT CARPET BRUSH","isPartOf":{"@id":"https:\/\/detailspot.lt\/#website"},"primaryImageOfPage":{"@id":"https:\/\/detailspot.lt\/en\/produktas\/d-con-machine-spinning-soft-carpet-brush-yellow\/#primaryimage"},"image":{"@id":"https:\/\/detailspot.lt\/en\/produktas\/d-con-machine-spinning-soft-carpet-brush-yellow\/#primaryimage"},"thumbnailUrl":"https:\/\/detailspot.lt\/wp-content\/uploads\/2023\/08\/carcare24.eu-d_acc_507_lxe-d-con-machine-spinning-carpet-brush-soft-yellow_jpg.webp","datePublished":"2023-08-29T04:59:50+00:00","description":"The D-CON Carpet Brush is ideal for cleaning stubborn carpet stains. The bristles are tough enough to remove old stains.","breadcrumb":{"@id":"https:\/\/detailspot.lt\/en\/produktas\/d-con-machine-spinning-soft-carpet-brush-yellow\/#breadcrumb"},"inLanguage":"en-US","potentialAction":[{"@type":"ReadAction","target":["https:\/\/detailspot.lt\/en\/produktas\/d-con-machine-spinning-soft-carpet-brush-yellow\/"]}]},{"@type":"ImageObject","inLanguage":"en-US","@id":"https:\/\/detailspot.lt\/en\/produktas\/d-con-machine-spinning-soft-carpet-brush-yellow\/#primaryimage","url":"https:\/\/detailspot.lt\/wp-content\/uploads\/2023\/08\/carcare24.eu-d_acc_507_lxe-d-con-machine-spinning-carpet-brush-soft-yellow_jpg.webp","contentUrl":"https:\/\/detailspot.lt\/wp-content\/uploads\/2023\/08\/carcare24.eu-d_acc_507_lxe-d-con-machine-spinning-carpet-brush-soft-yellow_jpg.webp","width":500,"height":500},{"@type":"BreadcrumbList","@id":"https:\/\/detailspot.lt\/en\/produktas\/d-con-machine-spinning-soft-carpet-brush-yellow\/#breadcrumb","itemListElement":[{"@type":"ListItem","position":1,"name":"Home","item":"https:\/\/detailspot.lt\/en\/"},{"@type":"ListItem","position":2,"name":"Shop","item":"https:\/\/detailspot.lt\/en\/parduotuve\/"},{"@type":"ListItem","position":3,"name":"D-CON MACHINE SPINNING SOFT CARPET BRUSH (YELLOW)"}]},{"@type":"WebSite","@id":"https:\/\/detailspot.lt\/#website","url":"https:\/\/detailspot.lt\/","name":"Detail Spot","description":"Automobili\u0173 prie\u017ei\u016bros priemon\u0117s","publisher":{"@id":"https:\/\/detailspot.lt\/#organization"},"potentialAction":[{"@type":"SearchAction","target":{"@type":"EntryPoint","urlTemplate":"https:\/\/detailspot.lt\/?s={search_term_string}"},"query-input":{"@type":"PropertyValueSpecification","valueRequired":true,"valueName":"search_term_string"}}],"inLanguage":"en-US"},{"@type":"Organization","@id":"https:\/\/detailspot.lt\/#organization","name":"Detail Spot","url":"https:\/\/detailspot.lt\/","logo":{"@type":"ImageObject","inLanguage":"en-US","@id":"https:\/\/detailspot.lt\/#\/schema\/logo\/image\/","url":"https:\/\/detailspot.lt\/wp-content\/uploads\/2022\/10\/logo-original.svg","contentUrl":"https:\/\/detailspot.lt\/wp-content\/uploads\/2022\/10\/logo-original.svg","width":1,"height":1,"caption":"Detail Spot"},"image":{"@id":"https:\/\/detailspot.lt\/#\/schema\/logo\/image\/"},"sameAs":["https:\/\/www.facebook.com\/profile.php?id=100039208338156"]}]}},"_links":{"self":[{"href":"https:\/\/detailspot.lt\/en\/wp-json\/wp\/v2\/product\/6269","targetHints":{"allow":["GET"]}}],"collection":[{"href":"https:\/\/detailspot.lt\/en\/wp-json\/wp\/v2\/product"}],"about":[{"href":"https:\/\/detailspot.lt\/en\/wp-json\/wp\/v2\/types\/product"}],"replies":[{"embeddable":true,"href":"https:\/\/detailspot.lt\/en\/wp-json\/wp\/v2\/comments?post=6269"}],"wp:featuredmedia":[{"embeddable":true,"href":"https:\/\/detailspot.lt\/en\/wp-json\/wp\/v2\/media\/5282"}],"wp:attachment":[{"href":"https:\/\/detailspot.lt\/en\/wp-json\/wp\/v2\/media?parent=6269"}],"wp:term":[{"taxonomy":"product_brand","embeddable":true,"href":"https:\/\/detailspot.lt\/en\/wp-json\/wp\/v2\/product_brand?post=6269"},{"taxonomy":"product_cat","embeddable":true,"href":"https:\/\/detailspot.lt\/en\/wp-json\/wp\/v2\/product_cat?post=6269"},{"taxonomy":"product_tag","embeddable":true,"href":"https:\/\/detailspot.lt\/en\/wp-json\/wp\/v2\/product_tag?post=6269"}],"curies":[{"name":"wp","href":"https:\/\/api.w.org\/{rel}","templated":true}]}}