{"id":6268,"date":"2023-09-01T22:39:17","date_gmt":"2023-09-01T19:39:17","guid":{"rendered":"https:\/\/detailspot.lt\/produktas\/poorboys-world-quick-detailer-plus\/"},"modified":"2024-02-14T16:51:30","modified_gmt":"2024-02-14T14:51:30","slug":"poorboys-world-quick-detailer-plus","status":"publish","type":"product","link":"https:\/\/detailspot.lt\/en\/produktas\/poorboys-world-quick-detailer-plus\/","title":{"rendered":"Poorboy&#8217;s World Quick Detailer Plus"},"content":{"rendered":"<div id=\"heading2\">\n<h1>Poorboy&#8217;s World Quick Detailer Plus<\/h1>\n<p>A surface conditioner that helps to remove dirt that inhibits gloss &#8211; dust, water marks, fingerprints, grease residues, etc. The unique QD+ formula is composed of real, natural Brazilian carnauba wax and synthetic polymers for the best combination of gloss and protection. QD+ is perfect for drying the car and helps to get rid of water marks and renew the protective coating.<\/p>\n<p><strong>Quick Detailer<\/strong> is similar in form to spray wax, but the substances it contains provide more shine and more protection, which is why this type of product is so popular with many enthusiasts who look after their cars.<\/p>\n<p><strong>Characteristics:<\/strong><\/p>\n<ol>\n<li>Mixture of Brazilian carnauba and synthetic polymers<\/li>\n<li>Suitable for use as a drying aid<\/li>\n<li>Can be used on lacquered surfaces, hard smooth plastic, glass and rims.<\/li>\n<li>Can be used both in the shade and in sunlight<\/li>\n<li>Easy On &#8211; Easy Off application<\/li>\n<li>Very pleasant smell<\/li>\n<\/ol>\n<p><strong>Application:<\/strong><\/p>\n<ol>\n<li>Wash the car and dry with <a href=\"https:\/\/detailspot.lt\/produktas\/liquid-elements-black-hole-xl-premium-drying-towel\/\">soft microfibre cloths<\/a><\/li>\n<li>Spray 1 time on a microfibre cloth<\/li>\n<li>Spray 2-3 times on the surface and spread with a microfibre cloth (a cloth with longer hairs and higher GSM is recommended)<\/li>\n<li>With a dry, clean microfibre cloth, buff to a shine<\/li>\n<\/ol>\n<\/div>\n<p>&nbsp;<\/p>\n<p>&nbsp;<\/p>\n<p style=\"text-align: center;\"><img loading=\"lazy\" decoding=\"async\" class=\"alignnone size-medium wp-image-2239\" src=\"https:\/\/detailspot.lt\/wp-content\/uploads\/2022\/12\/poorboys-world-logo-300x300.webp\" alt=\"\" width=\"300\" height=\"300\" srcset=\"https:\/\/detailspot.lt\/wp-content\/uploads\/2022\/12\/poorboys-world-logo-300x300.webp 300w, https:\/\/detailspot.lt\/wp-content\/uploads\/2022\/12\/poorboys-world-logo-150x150.webp 150w, https:\/\/detailspot.lt\/wp-content\/uploads\/2022\/12\/poorboys-world-logo-200x200.webp 200w, https:\/\/detailspot.lt\/wp-content\/uploads\/2022\/12\/poorboys-world-logo-64x64.webp 64w, https:\/\/detailspot.lt\/wp-content\/uploads\/2022\/12\/poorboys-world-logo.webp 400w\" sizes=\"auto, (max-width: 300px) 100vw, 300px\" \/><\/p>\n","protected":false},"excerpt":{"rendered":"<p>Poorboy&#8217;s World Quick Detailer Plus A surface conditioner that helps to remove dirt that inhibits gloss &#8211; dust, water marks, fingerprints, grease residues, etc. The unique QD+ formula is composed of real, natural Brazilian carnauba wax and synthetic polymers for the best combination of gloss and protection. QD+ is perfect for drying the car and&hellip;<\/p>\n","protected":false},"featured_media":5302,"comment_status":"closed","ping_status":"closed","template":"","meta":[],"product_brand":[],"product_cat":[160,161],"product_tag":[],"class_list":{"0":"post-6268","1":"product","2":"type-product","3":"status-publish","4":"has-post-thumbnail","6":"product_cat-exterior","7":"product_cat-protective-coatings","8":"description-off","10":"first","11":"instock","12":"taxable","13":"shipping-taxable","14":"purchasable","15":"product-type-variable"},"yoast_head":"<!-- This site is optimized with the Yoast SEO plugin v27.4 - https:\/\/yoast.com\/product\/yoast-seo-wordpress\/ -->\n<title>Poorboy&#039;s World Quick Detailer Plus - Detail Spot<\/title>\n<meta name=\"description\" content=\"A surface conditioner that helps to remove dirt that inhibits gloss - dust, water marks, fingerprints, grease residues, etc.\" \/>\n<meta name=\"robots\" content=\"index, follow, max-snippet:-1, max-image-preview:large, max-video-preview:-1\" \/>\n<link rel=\"canonical\" href=\"https:\/\/detailspot.lt\/en\/produktas\/poorboys-world-quick-detailer-plus\/\" \/>\n<meta property=\"og:locale\" content=\"en_US\" \/>\n<meta property=\"og:type\" content=\"article\" \/>\n<meta property=\"og:title\" content=\"Poorboy&#039;s World Quick Detailer Plus - Detail Spot\" \/>\n<meta property=\"og:description\" content=\"A surface conditioner that helps to remove dirt that inhibits gloss - dust, water marks, fingerprints, grease residues, etc.\" \/>\n<meta property=\"og:url\" content=\"https:\/\/detailspot.lt\/en\/produktas\/poorboys-world-quick-detailer-plus\/\" \/>\n<meta property=\"og:site_name\" content=\"Detail Spot\" \/>\n<meta property=\"article:publisher\" content=\"https:\/\/www.facebook.com\/profile.php?id=100039208338156\" \/>\n<meta property=\"article:modified_time\" content=\"2024-02-14T14:51:30+00:00\" \/>\n<meta property=\"og:image\" content=\"https:\/\/detailspot.lt\/wp-content\/uploads\/2023\/09\/poorboys-world-quick-detailer-plus-qd-2-1.jpg\" \/>\n\t<meta property=\"og:image:width\" content=\"959\" \/>\n\t<meta property=\"og:image:height\" content=\"959\" \/>\n\t<meta property=\"og:image:type\" content=\"image\/jpeg\" \/>\n<meta name=\"twitter:card\" content=\"summary_large_image\" \/>\n<meta name=\"twitter:label1\" content=\"Est. reading time\" \/>\n\t<meta name=\"twitter:data1\" content=\"1 minute\" \/>\n<script type=\"application\/ld+json\" class=\"yoast-schema-graph\">{\"@context\":\"https:\\\/\\\/schema.org\",\"@graph\":[{\"@type\":\"WebPage\",\"@id\":\"https:\\\/\\\/detailspot.lt\\\/en\\\/produktas\\\/poorboys-world-quick-detailer-plus\\\/\",\"url\":\"https:\\\/\\\/detailspot.lt\\\/en\\\/produktas\\\/poorboys-world-quick-detailer-plus\\\/\",\"name\":\"Poorboy's World Quick Detailer Plus - Detail Spot\",\"isPartOf\":{\"@id\":\"https:\\\/\\\/detailspot.lt\\\/#website\"},\"primaryImageOfPage\":{\"@id\":\"https:\\\/\\\/detailspot.lt\\\/en\\\/produktas\\\/poorboys-world-quick-detailer-plus\\\/#primaryimage\"},\"image\":{\"@id\":\"https:\\\/\\\/detailspot.lt\\\/en\\\/produktas\\\/poorboys-world-quick-detailer-plus\\\/#primaryimage\"},\"thumbnailUrl\":\"https:\\\/\\\/detailspot.lt\\\/wp-content\\\/uploads\\\/2023\\\/09\\\/poorboys-world-quick-detailer-plus-qd-2-1.jpg\",\"datePublished\":\"2023-09-01T19:39:17+00:00\",\"dateModified\":\"2024-02-14T14:51:30+00:00\",\"description\":\"A surface conditioner that helps to remove dirt that inhibits gloss - dust, water marks, fingerprints, grease residues, etc.\",\"breadcrumb\":{\"@id\":\"https:\\\/\\\/detailspot.lt\\\/en\\\/produktas\\\/poorboys-world-quick-detailer-plus\\\/#breadcrumb\"},\"inLanguage\":\"en-US\",\"potentialAction\":[{\"@type\":\"ReadAction\",\"target\":[\"https:\\\/\\\/detailspot.lt\\\/en\\\/produktas\\\/poorboys-world-quick-detailer-plus\\\/\"]}]},{\"@type\":\"ImageObject\",\"inLanguage\":\"en-US\",\"@id\":\"https:\\\/\\\/detailspot.lt\\\/en\\\/produktas\\\/poorboys-world-quick-detailer-plus\\\/#primaryimage\",\"url\":\"https:\\\/\\\/detailspot.lt\\\/wp-content\\\/uploads\\\/2023\\\/09\\\/poorboys-world-quick-detailer-plus-qd-2-1.jpg\",\"contentUrl\":\"https:\\\/\\\/detailspot.lt\\\/wp-content\\\/uploads\\\/2023\\\/09\\\/poorboys-world-quick-detailer-plus-qd-2-1.jpg\",\"width\":959,\"height\":959},{\"@type\":\"BreadcrumbList\",\"@id\":\"https:\\\/\\\/detailspot.lt\\\/en\\\/produktas\\\/poorboys-world-quick-detailer-plus\\\/#breadcrumb\",\"itemListElement\":[{\"@type\":\"ListItem\",\"position\":1,\"name\":\"Home\",\"item\":\"https:\\\/\\\/detailspot.lt\\\/en\\\/\"},{\"@type\":\"ListItem\",\"position\":2,\"name\":\"Shop\",\"item\":\"https:\\\/\\\/detailspot.lt\\\/en\\\/parduotuve\\\/\"},{\"@type\":\"ListItem\",\"position\":3,\"name\":\"Poorboy&#8217;s World Quick Detailer Plus\"}]},{\"@type\":\"WebSite\",\"@id\":\"https:\\\/\\\/detailspot.lt\\\/#website\",\"url\":\"https:\\\/\\\/detailspot.lt\\\/\",\"name\":\"Detail Spot\",\"description\":\"Automobili\u0173 prie\u017ei\u016bros priemon\u0117s\",\"publisher\":{\"@id\":\"https:\\\/\\\/detailspot.lt\\\/#organization\"},\"potentialAction\":[{\"@type\":\"SearchAction\",\"target\":{\"@type\":\"EntryPoint\",\"urlTemplate\":\"https:\\\/\\\/detailspot.lt\\\/?s={search_term_string}\"},\"query-input\":{\"@type\":\"PropertyValueSpecification\",\"valueRequired\":true,\"valueName\":\"search_term_string\"}}],\"inLanguage\":\"en-US\"},{\"@type\":\"Organization\",\"@id\":\"https:\\\/\\\/detailspot.lt\\\/#organization\",\"name\":\"Detail Spot\",\"url\":\"https:\\\/\\\/detailspot.lt\\\/\",\"logo\":{\"@type\":\"ImageObject\",\"inLanguage\":\"en-US\",\"@id\":\"https:\\\/\\\/detailspot.lt\\\/#\\\/schema\\\/logo\\\/image\\\/\",\"url\":\"https:\\\/\\\/detailspot.lt\\\/wp-content\\\/uploads\\\/2022\\\/10\\\/logo-original.svg\",\"contentUrl\":\"https:\\\/\\\/detailspot.lt\\\/wp-content\\\/uploads\\\/2022\\\/10\\\/logo-original.svg\",\"width\":1,\"height\":1,\"caption\":\"Detail Spot\"},\"image\":{\"@id\":\"https:\\\/\\\/detailspot.lt\\\/#\\\/schema\\\/logo\\\/image\\\/\"},\"sameAs\":[\"https:\\\/\\\/www.facebook.com\\\/profile.php?id=100039208338156\"]}]}<\/script>\n<!-- \/ Yoast SEO plugin. -->","yoast_head_json":{"title":"Poorboy's World Quick Detailer Plus - Detail Spot","description":"A surface conditioner that helps to remove dirt that inhibits gloss - dust, water marks, fingerprints, grease residues, etc.","robots":{"index":"index","follow":"follow","max-snippet":"max-snippet:-1","max-image-preview":"max-image-preview:large","max-video-preview":"max-video-preview:-1"},"canonical":"https:\/\/detailspot.lt\/en\/produktas\/poorboys-world-quick-detailer-plus\/","og_locale":"en_US","og_type":"article","og_title":"Poorboy's World Quick Detailer Plus - Detail Spot","og_description":"A surface conditioner that helps to remove dirt that inhibits gloss - dust, water marks, fingerprints, grease residues, etc.","og_url":"https:\/\/detailspot.lt\/en\/produktas\/poorboys-world-quick-detailer-plus\/","og_site_name":"Detail Spot","article_publisher":"https:\/\/www.facebook.com\/profile.php?id=100039208338156","article_modified_time":"2024-02-14T14:51:30+00:00","og_image":[{"width":959,"height":959,"url":"https:\/\/detailspot.lt\/wp-content\/uploads\/2023\/09\/poorboys-world-quick-detailer-plus-qd-2-1.jpg","type":"image\/jpeg"}],"twitter_card":"summary_large_image","twitter_misc":{"Est. reading time":"1 minute"},"schema":{"@context":"https:\/\/schema.org","@graph":[{"@type":"WebPage","@id":"https:\/\/detailspot.lt\/en\/produktas\/poorboys-world-quick-detailer-plus\/","url":"https:\/\/detailspot.lt\/en\/produktas\/poorboys-world-quick-detailer-plus\/","name":"Poorboy's World Quick Detailer Plus - Detail Spot","isPartOf":{"@id":"https:\/\/detailspot.lt\/#website"},"primaryImageOfPage":{"@id":"https:\/\/detailspot.lt\/en\/produktas\/poorboys-world-quick-detailer-plus\/#primaryimage"},"image":{"@id":"https:\/\/detailspot.lt\/en\/produktas\/poorboys-world-quick-detailer-plus\/#primaryimage"},"thumbnailUrl":"https:\/\/detailspot.lt\/wp-content\/uploads\/2023\/09\/poorboys-world-quick-detailer-plus-qd-2-1.jpg","datePublished":"2023-09-01T19:39:17+00:00","dateModified":"2024-02-14T14:51:30+00:00","description":"A surface conditioner that helps to remove dirt that inhibits gloss - dust, water marks, fingerprints, grease residues, etc.","breadcrumb":{"@id":"https:\/\/detailspot.lt\/en\/produktas\/poorboys-world-quick-detailer-plus\/#breadcrumb"},"inLanguage":"en-US","potentialAction":[{"@type":"ReadAction","target":["https:\/\/detailspot.lt\/en\/produktas\/poorboys-world-quick-detailer-plus\/"]}]},{"@type":"ImageObject","inLanguage":"en-US","@id":"https:\/\/detailspot.lt\/en\/produktas\/poorboys-world-quick-detailer-plus\/#primaryimage","url":"https:\/\/detailspot.lt\/wp-content\/uploads\/2023\/09\/poorboys-world-quick-detailer-plus-qd-2-1.jpg","contentUrl":"https:\/\/detailspot.lt\/wp-content\/uploads\/2023\/09\/poorboys-world-quick-detailer-plus-qd-2-1.jpg","width":959,"height":959},{"@type":"BreadcrumbList","@id":"https:\/\/detailspot.lt\/en\/produktas\/poorboys-world-quick-detailer-plus\/#breadcrumb","itemListElement":[{"@type":"ListItem","position":1,"name":"Home","item":"https:\/\/detailspot.lt\/en\/"},{"@type":"ListItem","position":2,"name":"Shop","item":"https:\/\/detailspot.lt\/en\/parduotuve\/"},{"@type":"ListItem","position":3,"name":"Poorboy&#8217;s World Quick Detailer Plus"}]},{"@type":"WebSite","@id":"https:\/\/detailspot.lt\/#website","url":"https:\/\/detailspot.lt\/","name":"Detail Spot","description":"Automobili\u0173 prie\u017ei\u016bros priemon\u0117s","publisher":{"@id":"https:\/\/detailspot.lt\/#organization"},"potentialAction":[{"@type":"SearchAction","target":{"@type":"EntryPoint","urlTemplate":"https:\/\/detailspot.lt\/?s={search_term_string}"},"query-input":{"@type":"PropertyValueSpecification","valueRequired":true,"valueName":"search_term_string"}}],"inLanguage":"en-US"},{"@type":"Organization","@id":"https:\/\/detailspot.lt\/#organization","name":"Detail Spot","url":"https:\/\/detailspot.lt\/","logo":{"@type":"ImageObject","inLanguage":"en-US","@id":"https:\/\/detailspot.lt\/#\/schema\/logo\/image\/","url":"https:\/\/detailspot.lt\/wp-content\/uploads\/2022\/10\/logo-original.svg","contentUrl":"https:\/\/detailspot.lt\/wp-content\/uploads\/2022\/10\/logo-original.svg","width":1,"height":1,"caption":"Detail Spot"},"image":{"@id":"https:\/\/detailspot.lt\/#\/schema\/logo\/image\/"},"sameAs":["https:\/\/www.facebook.com\/profile.php?id=100039208338156"]}]}},"_links":{"self":[{"href":"https:\/\/detailspot.lt\/en\/wp-json\/wp\/v2\/product\/6268","targetHints":{"allow":["GET"]}}],"collection":[{"href":"https:\/\/detailspot.lt\/en\/wp-json\/wp\/v2\/product"}],"about":[{"href":"https:\/\/detailspot.lt\/en\/wp-json\/wp\/v2\/types\/product"}],"replies":[{"embeddable":true,"href":"https:\/\/detailspot.lt\/en\/wp-json\/wp\/v2\/comments?post=6268"}],"wp:featuredmedia":[{"embeddable":true,"href":"https:\/\/detailspot.lt\/en\/wp-json\/wp\/v2\/media\/5302"}],"wp:attachment":[{"href":"https:\/\/detailspot.lt\/en\/wp-json\/wp\/v2\/media?parent=6268"}],"wp:term":[{"taxonomy":"product_brand","embeddable":true,"href":"https:\/\/detailspot.lt\/en\/wp-json\/wp\/v2\/product_brand?post=6268"},{"taxonomy":"product_cat","embeddable":true,"href":"https:\/\/detailspot.lt\/en\/wp-json\/wp\/v2\/product_cat?post=6268"},{"taxonomy":"product_tag","embeddable":true,"href":"https:\/\/detailspot.lt\/en\/wp-json\/wp\/v2\/product_tag?post=6268"}],"curies":[{"name":"wp","href":"https:\/\/api.w.org\/{rel}","templated":true}]}}