{"id":6267,"date":"2023-09-15T21:50:35","date_gmt":"2023-09-15T18:50:35","guid":{"rendered":"https:\/\/detailspot.lt\/produktas\/benbow-mud-separation-grids\/"},"modified":"2023-09-15T21:50:35","modified_gmt":"2023-09-15T18:50:35","slug":"benbow-mud-separation-grids","status":"publish","type":"product","link":"https:\/\/detailspot.lt\/en\/produktas\/benbow-mud-separation-grids\/","title":{"rendered":"BenBow Mud separation grids"},"content":{"rendered":"<p><strong>BenBow Dirt Separator Grille &#8211;<\/strong> the original Dirt Separator Grille from the ground up, replacing manual car washing. Probably the most important component of a car wash to ensure a safe, scratch-free wash. If you can see round, cobwebby scratches on the surface of your car in the sunlight, it&#8217;s a sign that your car is being washed using incorrect, unsafe methods.It&#8217;s normal for dirt on the surface of your car to accumulate on your washing sponge, glove or other tool, but rinsing it off with a Dirt Separator Grille helps to stop rinsed dirt from getting on your car and causing damage. <strong>Gritguard are a simple but essential tool in car washing.<\/strong><\/p>\n<p><strong>Features<\/strong><\/p>\n<ol>\n<li>diameter 26,3cm<\/li>\n<li>Suitable for most buckets<\/li>\n<li>Can be fitted with the original 2-pipe washing system<\/li>\n<li>We can supply several Mud Separator Liners in one bucket<\/li>\n<\/ol>\n<p>&nbsp;<\/p>\n<p>&nbsp;<\/p>\n<p style=\"text-align: center;\"><img loading=\"lazy\" decoding=\"async\" class=\"alignnone size-full wp-image-1946\" src=\"https:\/\/detailspot.lt\/wp-content\/uploads\/2022\/12\/BenBow-logo.png\" alt=\"\" width=\"225\" height=\"225\" srcset=\"https:\/\/detailspot.lt\/wp-content\/uploads\/2022\/12\/BenBow-logo.png 225w, https:\/\/detailspot.lt\/wp-content\/uploads\/2022\/12\/BenBow-logo-150x150.png 150w, https:\/\/detailspot.lt\/wp-content\/uploads\/2022\/12\/BenBow-logo-200x200.png 200w, https:\/\/detailspot.lt\/wp-content\/uploads\/2022\/12\/BenBow-logo-64x64.png 64w\" sizes=\"auto, (max-width: 225px) 100vw, 225px\" \/><\/p>\n","protected":false},"excerpt":{"rendered":"<p>BenBow Dirt Separator Grille &#8211; the original Dirt Separator Grille from the ground up, replacing manual car washing. Probably the most important component of a car wash to ensure a safe, scratch-free wash. If you can see round, cobwebby scratches on the surface of your car in the sunlight, it&#8217;s a sign that your car&hellip;<\/p>\n","protected":false},"featured_media":5317,"comment_status":"closed","ping_status":"closed","template":"","meta":[],"product_brand":[],"product_cat":[155,157],"product_tag":[],"class_list":{"0":"post-6267","1":"product","2":"type-product","3":"status-publish","4":"has-post-thumbnail","6":"product_cat-accessories","7":"product_cat-detergents","8":"description-off","10":"first","11":"instock","12":"sale","13":"taxable","14":"shipping-taxable","15":"purchasable","16":"product-type-simple"},"yoast_head":"<!-- This site is optimized with the Yoast SEO plugin v27.3 - https:\/\/yoast.com\/product\/yoast-seo-wordpress\/ -->\n<title>BenBow Mud separation grids - Detail Spot<\/title>\n<meta name=\"description\" content=\"BenBow Mud separation gridsOriginal dirt separation grilles that have replaced manual car washing from the ground up.\" \/>\n<meta name=\"robots\" content=\"index, follow, max-snippet:-1, max-image-preview:large, max-video-preview:-1\" \/>\n<link rel=\"canonical\" href=\"https:\/\/detailspot.lt\/en\/produktas\/benbow-mud-separation-grids\/\" \/>\n<meta property=\"og:locale\" content=\"en_US\" \/>\n<meta property=\"og:type\" content=\"article\" \/>\n<meta property=\"og:title\" content=\"BenBow Mud separation grids - Detail Spot\" \/>\n<meta property=\"og:description\" content=\"BenBow Mud separation gridsOriginal dirt separation grilles that have replaced manual car washing from the ground up.\" \/>\n<meta property=\"og:url\" content=\"https:\/\/detailspot.lt\/en\/produktas\/benbow-mud-separation-grids\/\" \/>\n<meta property=\"og:site_name\" content=\"Detail Spot\" \/>\n<meta property=\"article:publisher\" content=\"https:\/\/www.facebook.com\/profile.php?id=100039208338156\" \/>\n<meta property=\"og:image\" content=\"https:\/\/detailspot.lt\/wp-content\/uploads\/2023\/09\/Benbow-BLACK-Separator-for-Bucket.jpg\" \/>\n\t<meta property=\"og:image:width\" content=\"512\" \/>\n\t<meta property=\"og:image:height\" content=\"512\" \/>\n\t<meta property=\"og:image:type\" content=\"image\/jpeg\" \/>\n<meta name=\"twitter:card\" content=\"summary_large_image\" \/>\n<meta name=\"twitter:label1\" content=\"Est. reading time\" \/>\n\t<meta name=\"twitter:data1\" content=\"1 minute\" \/>\n<script type=\"application\/ld+json\" class=\"yoast-schema-graph\">{\"@context\":\"https:\\\/\\\/schema.org\",\"@graph\":[{\"@type\":\"WebPage\",\"@id\":\"https:\\\/\\\/detailspot.lt\\\/en\\\/produktas\\\/benbow-mud-separation-grids\\\/\",\"url\":\"https:\\\/\\\/detailspot.lt\\\/en\\\/produktas\\\/benbow-mud-separation-grids\\\/\",\"name\":\"BenBow Mud separation grids - Detail Spot\",\"isPartOf\":{\"@id\":\"https:\\\/\\\/detailspot.lt\\\/#website\"},\"primaryImageOfPage\":{\"@id\":\"https:\\\/\\\/detailspot.lt\\\/en\\\/produktas\\\/benbow-mud-separation-grids\\\/#primaryimage\"},\"image\":{\"@id\":\"https:\\\/\\\/detailspot.lt\\\/en\\\/produktas\\\/benbow-mud-separation-grids\\\/#primaryimage\"},\"thumbnailUrl\":\"https:\\\/\\\/detailspot.lt\\\/wp-content\\\/uploads\\\/2023\\\/09\\\/Benbow-BLACK-Separator-for-Bucket.jpg\",\"datePublished\":\"2023-09-15T18:50:35+00:00\",\"description\":\"BenBow Mud separation gridsOriginal dirt separation grilles that have replaced manual car washing from the ground up.\",\"breadcrumb\":{\"@id\":\"https:\\\/\\\/detailspot.lt\\\/en\\\/produktas\\\/benbow-mud-separation-grids\\\/#breadcrumb\"},\"inLanguage\":\"en-US\",\"potentialAction\":[{\"@type\":\"ReadAction\",\"target\":[\"https:\\\/\\\/detailspot.lt\\\/en\\\/produktas\\\/benbow-mud-separation-grids\\\/\"]}]},{\"@type\":\"ImageObject\",\"inLanguage\":\"en-US\",\"@id\":\"https:\\\/\\\/detailspot.lt\\\/en\\\/produktas\\\/benbow-mud-separation-grids\\\/#primaryimage\",\"url\":\"https:\\\/\\\/detailspot.lt\\\/wp-content\\\/uploads\\\/2023\\\/09\\\/Benbow-BLACK-Separator-for-Bucket.jpg\",\"contentUrl\":\"https:\\\/\\\/detailspot.lt\\\/wp-content\\\/uploads\\\/2023\\\/09\\\/Benbow-BLACK-Separator-for-Bucket.jpg\",\"width\":512,\"height\":512},{\"@type\":\"BreadcrumbList\",\"@id\":\"https:\\\/\\\/detailspot.lt\\\/en\\\/produktas\\\/benbow-mud-separation-grids\\\/#breadcrumb\",\"itemListElement\":[{\"@type\":\"ListItem\",\"position\":1,\"name\":\"Home\",\"item\":\"https:\\\/\\\/detailspot.lt\\\/en\\\/\"},{\"@type\":\"ListItem\",\"position\":2,\"name\":\"Shop\",\"item\":\"https:\\\/\\\/detailspot.lt\\\/en\\\/parduotuve\\\/\"},{\"@type\":\"ListItem\",\"position\":3,\"name\":\"BenBow Mud separation grids\"}]},{\"@type\":\"WebSite\",\"@id\":\"https:\\\/\\\/detailspot.lt\\\/#website\",\"url\":\"https:\\\/\\\/detailspot.lt\\\/\",\"name\":\"Detail Spot\",\"description\":\"Automobili\u0173 prie\u017ei\u016bros priemon\u0117s\",\"publisher\":{\"@id\":\"https:\\\/\\\/detailspot.lt\\\/#organization\"},\"potentialAction\":[{\"@type\":\"SearchAction\",\"target\":{\"@type\":\"EntryPoint\",\"urlTemplate\":\"https:\\\/\\\/detailspot.lt\\\/?s={search_term_string}\"},\"query-input\":{\"@type\":\"PropertyValueSpecification\",\"valueRequired\":true,\"valueName\":\"search_term_string\"}}],\"inLanguage\":\"en-US\"},{\"@type\":\"Organization\",\"@id\":\"https:\\\/\\\/detailspot.lt\\\/#organization\",\"name\":\"Detail Spot\",\"url\":\"https:\\\/\\\/detailspot.lt\\\/\",\"logo\":{\"@type\":\"ImageObject\",\"inLanguage\":\"en-US\",\"@id\":\"https:\\\/\\\/detailspot.lt\\\/#\\\/schema\\\/logo\\\/image\\\/\",\"url\":\"https:\\\/\\\/detailspot.lt\\\/wp-content\\\/uploads\\\/2022\\\/10\\\/logo-original.svg\",\"contentUrl\":\"https:\\\/\\\/detailspot.lt\\\/wp-content\\\/uploads\\\/2022\\\/10\\\/logo-original.svg\",\"width\":1,\"height\":1,\"caption\":\"Detail Spot\"},\"image\":{\"@id\":\"https:\\\/\\\/detailspot.lt\\\/#\\\/schema\\\/logo\\\/image\\\/\"},\"sameAs\":[\"https:\\\/\\\/www.facebook.com\\\/profile.php?id=100039208338156\"]}]}<\/script>\n<!-- \/ Yoast SEO plugin. -->","yoast_head_json":{"title":"BenBow Mud separation grids - Detail Spot","description":"BenBow Mud separation gridsOriginal dirt separation grilles that have replaced manual car washing from the ground up.","robots":{"index":"index","follow":"follow","max-snippet":"max-snippet:-1","max-image-preview":"max-image-preview:large","max-video-preview":"max-video-preview:-1"},"canonical":"https:\/\/detailspot.lt\/en\/produktas\/benbow-mud-separation-grids\/","og_locale":"en_US","og_type":"article","og_title":"BenBow Mud separation grids - Detail Spot","og_description":"BenBow Mud separation gridsOriginal dirt separation grilles that have replaced manual car washing from the ground up.","og_url":"https:\/\/detailspot.lt\/en\/produktas\/benbow-mud-separation-grids\/","og_site_name":"Detail Spot","article_publisher":"https:\/\/www.facebook.com\/profile.php?id=100039208338156","og_image":[{"width":512,"height":512,"url":"https:\/\/detailspot.lt\/wp-content\/uploads\/2023\/09\/Benbow-BLACK-Separator-for-Bucket.jpg","type":"image\/jpeg"}],"twitter_card":"summary_large_image","twitter_misc":{"Est. reading time":"1 minute"},"schema":{"@context":"https:\/\/schema.org","@graph":[{"@type":"WebPage","@id":"https:\/\/detailspot.lt\/en\/produktas\/benbow-mud-separation-grids\/","url":"https:\/\/detailspot.lt\/en\/produktas\/benbow-mud-separation-grids\/","name":"BenBow Mud separation grids - Detail Spot","isPartOf":{"@id":"https:\/\/detailspot.lt\/#website"},"primaryImageOfPage":{"@id":"https:\/\/detailspot.lt\/en\/produktas\/benbow-mud-separation-grids\/#primaryimage"},"image":{"@id":"https:\/\/detailspot.lt\/en\/produktas\/benbow-mud-separation-grids\/#primaryimage"},"thumbnailUrl":"https:\/\/detailspot.lt\/wp-content\/uploads\/2023\/09\/Benbow-BLACK-Separator-for-Bucket.jpg","datePublished":"2023-09-15T18:50:35+00:00","description":"BenBow Mud separation gridsOriginal dirt separation grilles that have replaced manual car washing from the ground up.","breadcrumb":{"@id":"https:\/\/detailspot.lt\/en\/produktas\/benbow-mud-separation-grids\/#breadcrumb"},"inLanguage":"en-US","potentialAction":[{"@type":"ReadAction","target":["https:\/\/detailspot.lt\/en\/produktas\/benbow-mud-separation-grids\/"]}]},{"@type":"ImageObject","inLanguage":"en-US","@id":"https:\/\/detailspot.lt\/en\/produktas\/benbow-mud-separation-grids\/#primaryimage","url":"https:\/\/detailspot.lt\/wp-content\/uploads\/2023\/09\/Benbow-BLACK-Separator-for-Bucket.jpg","contentUrl":"https:\/\/detailspot.lt\/wp-content\/uploads\/2023\/09\/Benbow-BLACK-Separator-for-Bucket.jpg","width":512,"height":512},{"@type":"BreadcrumbList","@id":"https:\/\/detailspot.lt\/en\/produktas\/benbow-mud-separation-grids\/#breadcrumb","itemListElement":[{"@type":"ListItem","position":1,"name":"Home","item":"https:\/\/detailspot.lt\/en\/"},{"@type":"ListItem","position":2,"name":"Shop","item":"https:\/\/detailspot.lt\/en\/parduotuve\/"},{"@type":"ListItem","position":3,"name":"BenBow Mud separation grids"}]},{"@type":"WebSite","@id":"https:\/\/detailspot.lt\/#website","url":"https:\/\/detailspot.lt\/","name":"Detail Spot","description":"Automobili\u0173 prie\u017ei\u016bros priemon\u0117s","publisher":{"@id":"https:\/\/detailspot.lt\/#organization"},"potentialAction":[{"@type":"SearchAction","target":{"@type":"EntryPoint","urlTemplate":"https:\/\/detailspot.lt\/?s={search_term_string}"},"query-input":{"@type":"PropertyValueSpecification","valueRequired":true,"valueName":"search_term_string"}}],"inLanguage":"en-US"},{"@type":"Organization","@id":"https:\/\/detailspot.lt\/#organization","name":"Detail Spot","url":"https:\/\/detailspot.lt\/","logo":{"@type":"ImageObject","inLanguage":"en-US","@id":"https:\/\/detailspot.lt\/#\/schema\/logo\/image\/","url":"https:\/\/detailspot.lt\/wp-content\/uploads\/2022\/10\/logo-original.svg","contentUrl":"https:\/\/detailspot.lt\/wp-content\/uploads\/2022\/10\/logo-original.svg","width":1,"height":1,"caption":"Detail Spot"},"image":{"@id":"https:\/\/detailspot.lt\/#\/schema\/logo\/image\/"},"sameAs":["https:\/\/www.facebook.com\/profile.php?id=100039208338156"]}]}},"_links":{"self":[{"href":"https:\/\/detailspot.lt\/en\/wp-json\/wp\/v2\/product\/6267","targetHints":{"allow":["GET"]}}],"collection":[{"href":"https:\/\/detailspot.lt\/en\/wp-json\/wp\/v2\/product"}],"about":[{"href":"https:\/\/detailspot.lt\/en\/wp-json\/wp\/v2\/types\/product"}],"replies":[{"embeddable":true,"href":"https:\/\/detailspot.lt\/en\/wp-json\/wp\/v2\/comments?post=6267"}],"wp:featuredmedia":[{"embeddable":true,"href":"https:\/\/detailspot.lt\/en\/wp-json\/wp\/v2\/media\/5317"}],"wp:attachment":[{"href":"https:\/\/detailspot.lt\/en\/wp-json\/wp\/v2\/media?parent=6267"}],"wp:term":[{"taxonomy":"product_brand","embeddable":true,"href":"https:\/\/detailspot.lt\/en\/wp-json\/wp\/v2\/product_brand?post=6267"},{"taxonomy":"product_cat","embeddable":true,"href":"https:\/\/detailspot.lt\/en\/wp-json\/wp\/v2\/product_cat?post=6267"},{"taxonomy":"product_tag","embeddable":true,"href":"https:\/\/detailspot.lt\/en\/wp-json\/wp\/v2\/product_tag?post=6267"}],"curies":[{"name":"wp","href":"https:\/\/api.w.org\/{rel}","templated":true}]}}