{"id":6263,"date":"2023-09-20T15:00:08","date_gmt":"2023-09-20T12:00:08","guid":{"rendered":"https:\/\/detailspot.lt\/produktas\/ewocar-w-coat-2\/"},"modified":"2025-06-22T09:48:22","modified_gmt":"2025-06-22T06:48:22","slug":"ewocar-w-coat-2","status":"publish","type":"product","link":"https:\/\/detailspot.lt\/en\/produktas\/ewocar-w-coat-2\/","title":{"rendered":"Ewocar W-Coat"},"content":{"rendered":"<h1>Ewocar W-Coat<\/h1>\n<p>Ceramic Sealant, a product that will not only change the way you maintain your car, but also make it a lot easier. Quick and easy to use, it not only gives you stunning shine but also strong hydrophobic properties. Simplicity and quick application are not the only good things about this product, Ewocar Wet Coat offers unparalleled durability and resistance to a wide range of environmental factors.<\/p>\n<h2><strong>Application:<br \/>\n<\/strong><\/h2>\n<ol>\n<li>Shake well<\/li>\n<li>After washing the car &#8211; spray EWOCAR W-Coat from top to bottom (try to avoid direct sunlight)<\/li>\n<li>Rinse the EWOCAR W-Coat using high-pressure water facilities and fully dry surfaces using<\/li>\n<\/ol>\n<p>&nbsp;<\/p>\n<p>&nbsp;<\/p>\n<p style=\"text-align: center;\"><img loading=\"lazy\" decoding=\"async\" class=\"alignnone size-medium wp-image-3022\" src=\"https:\/\/detailspot.lt\/wp-content\/uploads\/2023\/01\/Ewocar-logo-300x158.jpg\" alt=\"\" width=\"300\" height=\"158\" srcset=\"https:\/\/detailspot.lt\/wp-content\/uploads\/2023\/01\/Ewocar-logo-300x158.jpg 300w, https:\/\/detailspot.lt\/wp-content\/uploads\/2023\/01\/Ewocar-logo-64x34.jpg 64w, https:\/\/detailspot.lt\/wp-content\/uploads\/2023\/01\/Ewocar-logo.jpg 600w\" sizes=\"auto, (max-width: 300px) 100vw, 300px\" \/><\/p>\n","protected":false},"excerpt":{"rendered":"<p>Ewocar W-Coat Ceramic Sealant, a product that will not only change the way you maintain your car, but also make it a lot easier. Quick and easy to use, it not only gives you stunning shine but also strong hydrophobic properties. Simplicity and quick application are not the only good things about this product, Ewocar&hellip;<\/p>\n","protected":false},"featured_media":5332,"comment_status":"closed","ping_status":"closed","template":"","meta":[],"product_brand":[],"product_cat":[160,161],"product_tag":[],"class_list":{"0":"post-6263","1":"product","2":"type-product","3":"status-publish","4":"has-post-thumbnail","6":"product_cat-exterior","7":"product_cat-protective-coatings","8":"description-off","10":"first","11":"outofstock","12":"sale","13":"taxable","14":"shipping-taxable","15":"purchasable","16":"product-type-simple"},"yoast_head":"<!-- This site is optimized with the Yoast SEO plugin v27.4 - https:\/\/yoast.com\/product\/yoast-seo-wordpress\/ -->\n<title>Ewocar W-Coat - Detail Spot<\/title>\n<meta name=\"description\" content=\"Ewocar W-COAT Ceramic Sealant, a product that will not only change the way you maintain your car, but also make it a lot easier.\" \/>\n<meta name=\"robots\" content=\"index, follow, max-snippet:-1, max-image-preview:large, max-video-preview:-1\" \/>\n<link rel=\"canonical\" href=\"https:\/\/detailspot.lt\/produktas\/ewocar-w-coat\/\" \/>\n<meta property=\"og:locale\" content=\"en_US\" \/>\n<meta property=\"og:type\" content=\"article\" \/>\n<meta property=\"og:title\" content=\"Ewocar W-Coat - Detail Spot\" \/>\n<meta property=\"og:description\" content=\"Ewocar W-COAT Ceramic Sealant, a product that will not only change the way you maintain your car, but also make it a lot easier.\" \/>\n<meta property=\"og:url\" content=\"https:\/\/detailspot.lt\/produktas\/ewocar-w-coat\/\" \/>\n<meta property=\"og:site_name\" content=\"Detail Spot\" \/>\n<meta property=\"article:publisher\" content=\"https:\/\/www.facebook.com\/profile.php?id=100039208338156\" \/>\n<meta property=\"article:modified_time\" content=\"2025-06-22T06:48:22+00:00\" \/>\n<meta property=\"og:image\" content=\"https:\/\/detailspot.lt\/wp-content\/uploads\/2023\/09\/ewocar-w-coat-ceramic-sealant.jpg\" \/>\n\t<meta property=\"og:image:width\" content=\"1200\" \/>\n\t<meta property=\"og:image:height\" content=\"1600\" \/>\n\t<meta property=\"og:image:type\" content=\"image\/jpeg\" \/>\n<meta name=\"twitter:card\" content=\"summary_large_image\" \/>\n<meta name=\"twitter:label1\" content=\"Est. reading time\" \/>\n\t<meta name=\"twitter:data1\" content=\"1 minute\" \/>\n<script type=\"application\/ld+json\" class=\"yoast-schema-graph\">{\"@context\":\"https:\\\/\\\/schema.org\",\"@graph\":[{\"@type\":\"WebPage\",\"@id\":\"https:\\\/\\\/detailspot.lt\\\/produktas\\\/ewocar-w-coat\\\/\",\"url\":\"https:\\\/\\\/detailspot.lt\\\/produktas\\\/ewocar-w-coat\\\/\",\"name\":\"Ewocar W-Coat - Detail Spot\",\"isPartOf\":{\"@id\":\"https:\\\/\\\/detailspot.lt\\\/#website\"},\"primaryImageOfPage\":{\"@id\":\"https:\\\/\\\/detailspot.lt\\\/produktas\\\/ewocar-w-coat\\\/#primaryimage\"},\"image\":{\"@id\":\"https:\\\/\\\/detailspot.lt\\\/produktas\\\/ewocar-w-coat\\\/#primaryimage\"},\"thumbnailUrl\":\"https:\\\/\\\/detailspot.lt\\\/wp-content\\\/uploads\\\/2023\\\/09\\\/ewocar-w-coat-ceramic-sealant.jpg\",\"datePublished\":\"2023-09-20T12:00:08+00:00\",\"dateModified\":\"2025-06-22T06:48:22+00:00\",\"description\":\"Ewocar W-COAT Ceramic Sealant, a product that will not only change the way you maintain your car, but also make it a lot easier.\",\"breadcrumb\":{\"@id\":\"https:\\\/\\\/detailspot.lt\\\/produktas\\\/ewocar-w-coat\\\/#breadcrumb\"},\"inLanguage\":\"en-US\",\"potentialAction\":[{\"@type\":\"ReadAction\",\"target\":[\"https:\\\/\\\/detailspot.lt\\\/produktas\\\/ewocar-w-coat\\\/\"]}]},{\"@type\":\"ImageObject\",\"inLanguage\":\"en-US\",\"@id\":\"https:\\\/\\\/detailspot.lt\\\/produktas\\\/ewocar-w-coat\\\/#primaryimage\",\"url\":\"https:\\\/\\\/detailspot.lt\\\/wp-content\\\/uploads\\\/2023\\\/09\\\/ewocar-w-coat-ceramic-sealant.jpg\",\"contentUrl\":\"https:\\\/\\\/detailspot.lt\\\/wp-content\\\/uploads\\\/2023\\\/09\\\/ewocar-w-coat-ceramic-sealant.jpg\",\"width\":1200,\"height\":1600},{\"@type\":\"BreadcrumbList\",\"@id\":\"https:\\\/\\\/detailspot.lt\\\/produktas\\\/ewocar-w-coat\\\/#breadcrumb\",\"itemListElement\":[{\"@type\":\"ListItem\",\"position\":1,\"name\":\"Home\",\"item\":\"https:\\\/\\\/detailspot.lt\\\/en\\\/\"},{\"@type\":\"ListItem\",\"position\":2,\"name\":\"Shop\",\"item\":\"https:\\\/\\\/detailspot.lt\\\/en\\\/parduotuve\\\/\"},{\"@type\":\"ListItem\",\"position\":3,\"name\":\"Ewocar W-Coat\"}]},{\"@type\":\"WebSite\",\"@id\":\"https:\\\/\\\/detailspot.lt\\\/#website\",\"url\":\"https:\\\/\\\/detailspot.lt\\\/\",\"name\":\"Detail Spot\",\"description\":\"Automobili\u0173 prie\u017ei\u016bros priemon\u0117s\",\"publisher\":{\"@id\":\"https:\\\/\\\/detailspot.lt\\\/#organization\"},\"potentialAction\":[{\"@type\":\"SearchAction\",\"target\":{\"@type\":\"EntryPoint\",\"urlTemplate\":\"https:\\\/\\\/detailspot.lt\\\/?s={search_term_string}\"},\"query-input\":{\"@type\":\"PropertyValueSpecification\",\"valueRequired\":true,\"valueName\":\"search_term_string\"}}],\"inLanguage\":\"en-US\"},{\"@type\":\"Organization\",\"@id\":\"https:\\\/\\\/detailspot.lt\\\/#organization\",\"name\":\"Detail Spot\",\"url\":\"https:\\\/\\\/detailspot.lt\\\/\",\"logo\":{\"@type\":\"ImageObject\",\"inLanguage\":\"en-US\",\"@id\":\"https:\\\/\\\/detailspot.lt\\\/#\\\/schema\\\/logo\\\/image\\\/\",\"url\":\"https:\\\/\\\/detailspot.lt\\\/wp-content\\\/uploads\\\/2022\\\/10\\\/logo-original.svg\",\"contentUrl\":\"https:\\\/\\\/detailspot.lt\\\/wp-content\\\/uploads\\\/2022\\\/10\\\/logo-original.svg\",\"width\":1,\"height\":1,\"caption\":\"Detail Spot\"},\"image\":{\"@id\":\"https:\\\/\\\/detailspot.lt\\\/#\\\/schema\\\/logo\\\/image\\\/\"},\"sameAs\":[\"https:\\\/\\\/www.facebook.com\\\/profile.php?id=100039208338156\"]}]}<\/script>\n<!-- \/ Yoast SEO plugin. -->","yoast_head_json":{"title":"Ewocar W-Coat - Detail Spot","description":"Ewocar W-COAT Ceramic Sealant, a product that will not only change the way you maintain your car, but also make it a lot easier.","robots":{"index":"index","follow":"follow","max-snippet":"max-snippet:-1","max-image-preview":"max-image-preview:large","max-video-preview":"max-video-preview:-1"},"canonical":"https:\/\/detailspot.lt\/produktas\/ewocar-w-coat\/","og_locale":"en_US","og_type":"article","og_title":"Ewocar W-Coat - Detail Spot","og_description":"Ewocar W-COAT Ceramic Sealant, a product that will not only change the way you maintain your car, but also make it a lot easier.","og_url":"https:\/\/detailspot.lt\/produktas\/ewocar-w-coat\/","og_site_name":"Detail Spot","article_publisher":"https:\/\/www.facebook.com\/profile.php?id=100039208338156","article_modified_time":"2025-06-22T06:48:22+00:00","og_image":[{"width":1200,"height":1600,"url":"https:\/\/detailspot.lt\/wp-content\/uploads\/2023\/09\/ewocar-w-coat-ceramic-sealant.jpg","type":"image\/jpeg"}],"twitter_card":"summary_large_image","twitter_misc":{"Est. reading time":"1 minute"},"schema":{"@context":"https:\/\/schema.org","@graph":[{"@type":"WebPage","@id":"https:\/\/detailspot.lt\/produktas\/ewocar-w-coat\/","url":"https:\/\/detailspot.lt\/produktas\/ewocar-w-coat\/","name":"Ewocar W-Coat - Detail Spot","isPartOf":{"@id":"https:\/\/detailspot.lt\/#website"},"primaryImageOfPage":{"@id":"https:\/\/detailspot.lt\/produktas\/ewocar-w-coat\/#primaryimage"},"image":{"@id":"https:\/\/detailspot.lt\/produktas\/ewocar-w-coat\/#primaryimage"},"thumbnailUrl":"https:\/\/detailspot.lt\/wp-content\/uploads\/2023\/09\/ewocar-w-coat-ceramic-sealant.jpg","datePublished":"2023-09-20T12:00:08+00:00","dateModified":"2025-06-22T06:48:22+00:00","description":"Ewocar W-COAT Ceramic Sealant, a product that will not only change the way you maintain your car, but also make it a lot easier.","breadcrumb":{"@id":"https:\/\/detailspot.lt\/produktas\/ewocar-w-coat\/#breadcrumb"},"inLanguage":"en-US","potentialAction":[{"@type":"ReadAction","target":["https:\/\/detailspot.lt\/produktas\/ewocar-w-coat\/"]}]},{"@type":"ImageObject","inLanguage":"en-US","@id":"https:\/\/detailspot.lt\/produktas\/ewocar-w-coat\/#primaryimage","url":"https:\/\/detailspot.lt\/wp-content\/uploads\/2023\/09\/ewocar-w-coat-ceramic-sealant.jpg","contentUrl":"https:\/\/detailspot.lt\/wp-content\/uploads\/2023\/09\/ewocar-w-coat-ceramic-sealant.jpg","width":1200,"height":1600},{"@type":"BreadcrumbList","@id":"https:\/\/detailspot.lt\/produktas\/ewocar-w-coat\/#breadcrumb","itemListElement":[{"@type":"ListItem","position":1,"name":"Home","item":"https:\/\/detailspot.lt\/en\/"},{"@type":"ListItem","position":2,"name":"Shop","item":"https:\/\/detailspot.lt\/en\/parduotuve\/"},{"@type":"ListItem","position":3,"name":"Ewocar W-Coat"}]},{"@type":"WebSite","@id":"https:\/\/detailspot.lt\/#website","url":"https:\/\/detailspot.lt\/","name":"Detail Spot","description":"Automobili\u0173 prie\u017ei\u016bros priemon\u0117s","publisher":{"@id":"https:\/\/detailspot.lt\/#organization"},"potentialAction":[{"@type":"SearchAction","target":{"@type":"EntryPoint","urlTemplate":"https:\/\/detailspot.lt\/?s={search_term_string}"},"query-input":{"@type":"PropertyValueSpecification","valueRequired":true,"valueName":"search_term_string"}}],"inLanguage":"en-US"},{"@type":"Organization","@id":"https:\/\/detailspot.lt\/#organization","name":"Detail Spot","url":"https:\/\/detailspot.lt\/","logo":{"@type":"ImageObject","inLanguage":"en-US","@id":"https:\/\/detailspot.lt\/#\/schema\/logo\/image\/","url":"https:\/\/detailspot.lt\/wp-content\/uploads\/2022\/10\/logo-original.svg","contentUrl":"https:\/\/detailspot.lt\/wp-content\/uploads\/2022\/10\/logo-original.svg","width":1,"height":1,"caption":"Detail Spot"},"image":{"@id":"https:\/\/detailspot.lt\/#\/schema\/logo\/image\/"},"sameAs":["https:\/\/www.facebook.com\/profile.php?id=100039208338156"]}]}},"_links":{"self":[{"href":"https:\/\/detailspot.lt\/en\/wp-json\/wp\/v2\/product\/6263","targetHints":{"allow":["GET"]}}],"collection":[{"href":"https:\/\/detailspot.lt\/en\/wp-json\/wp\/v2\/product"}],"about":[{"href":"https:\/\/detailspot.lt\/en\/wp-json\/wp\/v2\/types\/product"}],"replies":[{"embeddable":true,"href":"https:\/\/detailspot.lt\/en\/wp-json\/wp\/v2\/comments?post=6263"}],"wp:featuredmedia":[{"embeddable":true,"href":"https:\/\/detailspot.lt\/en\/wp-json\/wp\/v2\/media\/5332"}],"wp:attachment":[{"href":"https:\/\/detailspot.lt\/en\/wp-json\/wp\/v2\/media?parent=6263"}],"wp:term":[{"taxonomy":"product_brand","embeddable":true,"href":"https:\/\/detailspot.lt\/en\/wp-json\/wp\/v2\/product_brand?post=6263"},{"taxonomy":"product_cat","embeddable":true,"href":"https:\/\/detailspot.lt\/en\/wp-json\/wp\/v2\/product_cat?post=6263"},{"taxonomy":"product_tag","embeddable":true,"href":"https:\/\/detailspot.lt\/en\/wp-json\/wp\/v2\/product_tag?post=6263"}],"curies":[{"name":"wp","href":"https:\/\/api.w.org\/{rel}","templated":true}]}}