{"id":6253,"date":"2023-09-26T16:30:43","date_gmt":"2023-09-26T13:30:43","guid":{"rendered":"https:\/\/detailspot.lt\/produktas\/rupes-bigfoot-pilling-sponge-cleaning-tool\/"},"modified":"2023-09-26T16:30:43","modified_gmt":"2023-09-26T13:30:43","slug":"rupes-bigfoot-pilling-sponge-cleaning-tool","status":"publish","type":"product","link":"https:\/\/detailspot.lt\/en\/produktas\/rupes-bigfoot-pilling-sponge-cleaning-tool\/","title":{"rendered":"Rupes BigFoot Pilling Sponge Cleaning Tool"},"content":{"rendered":"<h1>Rupes BigFoot Pilling Sponge Cleaning Tool<\/h1>\n<p>an essential tool in the polisher&#8217;s arsenal. The innovatively designed tool will perform the functions of cleaning the polishing pads, easy removal and distribution of the polish. This will make your work more efficient, your polishing tools will last longer and the cleanliness of your pads will help you achieve the best possible results.<\/p>\n<p>&nbsp;<\/p>\n<p>&nbsp;<\/p>\n<p style=\"text-align: center;\"><img loading=\"lazy\" decoding=\"async\" class=\"alignnone size-medium wp-image-1063\" src=\"https:\/\/detailspot.lt\/wp-content\/uploads\/2022\/10\/rupes_logo-300x150.png\" alt=\"\" width=\"300\" height=\"150\" srcset=\"https:\/\/detailspot.lt\/wp-content\/uploads\/2022\/10\/rupes_logo-300x150.png 300w, https:\/\/detailspot.lt\/wp-content\/uploads\/2022\/10\/rupes_logo.png 360w\" sizes=\"auto, (max-width: 300px) 100vw, 300px\" \/><\/p>\n","protected":false},"excerpt":{"rendered":"<p>Rupes BigFoot Pilling Sponge Cleaning Tool an essential tool in the polisher&#8217;s arsenal. The innovatively designed tool will perform the functions of cleaning the polishing pads, easy removal and distribution of the polish. This will make your work more efficient, your polishing tools will last longer and the cleanliness of your pads will help you&hellip;<\/p>\n","protected":false},"featured_media":5366,"comment_status":"closed","ping_status":"closed","template":"","meta":[],"product_brand":[],"product_cat":[155,183,171,170],"product_tag":[],"class_list":{"0":"post-6253","1":"product","2":"type-product","3":"status-publish","4":"has-post-thumbnail","6":"product_cat-accessories","7":"product_cat-brushes","8":"product_cat-polishing-machines","9":"product_cat-polishing-tools","10":"description-off","12":"first","13":"outofstock","14":"taxable","15":"shipping-taxable","16":"purchasable","17":"product-type-simple"},"yoast_head":"<!-- This site is optimized with the Yoast SEO plugin v27.4 - https:\/\/yoast.com\/product\/yoast-seo-wordpress\/ -->\n<title>Rupes BigFoot Pilling Sponge Cleaning Tool - Detail Spot<\/title>\n<meta name=\"description\" content=\"It is an essential tool in the polisher&#039;s arsenal. The innovative design of the tool will perform the functions of cleaning and easy removal of polishing pads.\" \/>\n<meta name=\"robots\" content=\"index, follow, max-snippet:-1, max-image-preview:large, max-video-preview:-1\" \/>\n<link rel=\"canonical\" href=\"https:\/\/detailspot.lt\/en\/produktas\/rupes-bigfoot-pilling-sponge-cleaning-tool\/\" \/>\n<meta property=\"og:locale\" content=\"en_US\" \/>\n<meta property=\"og:type\" content=\"article\" \/>\n<meta property=\"og:title\" content=\"Rupes BigFoot Pilling Sponge Cleaning Tool - Detail Spot\" \/>\n<meta property=\"og:description\" content=\"It is an essential tool in the polisher&#039;s arsenal. The innovative design of the tool will perform the functions of cleaning and easy removal of polishing pads.\" \/>\n<meta property=\"og:url\" content=\"https:\/\/detailspot.lt\/en\/produktas\/rupes-bigfoot-pilling-sponge-cleaning-tool\/\" \/>\n<meta property=\"og:site_name\" content=\"Detail Spot\" \/>\n<meta property=\"article:publisher\" content=\"https:\/\/www.facebook.com\/profile.php?id=100039208338156\" \/>\n<meta property=\"og:image\" content=\"https:\/\/detailspot.lt\/wp-content\/uploads\/2023\/09\/rupes-claw-pad-tool-1.jpg\" \/>\n\t<meta property=\"og:image:width\" content=\"695\" \/>\n\t<meta property=\"og:image:height\" content=\"695\" \/>\n\t<meta property=\"og:image:type\" content=\"image\/jpeg\" \/>\n<meta name=\"twitter:card\" content=\"summary_large_image\" \/>\n<script type=\"application\/ld+json\" class=\"yoast-schema-graph\">{\"@context\":\"https:\\\/\\\/schema.org\",\"@graph\":[{\"@type\":\"WebPage\",\"@id\":\"https:\\\/\\\/detailspot.lt\\\/en\\\/produktas\\\/rupes-bigfoot-pilling-sponge-cleaning-tool\\\/\",\"url\":\"https:\\\/\\\/detailspot.lt\\\/en\\\/produktas\\\/rupes-bigfoot-pilling-sponge-cleaning-tool\\\/\",\"name\":\"Rupes BigFoot Pilling Sponge Cleaning Tool - Detail Spot\",\"isPartOf\":{\"@id\":\"https:\\\/\\\/detailspot.lt\\\/#website\"},\"primaryImageOfPage\":{\"@id\":\"https:\\\/\\\/detailspot.lt\\\/en\\\/produktas\\\/rupes-bigfoot-pilling-sponge-cleaning-tool\\\/#primaryimage\"},\"image\":{\"@id\":\"https:\\\/\\\/detailspot.lt\\\/en\\\/produktas\\\/rupes-bigfoot-pilling-sponge-cleaning-tool\\\/#primaryimage\"},\"thumbnailUrl\":\"https:\\\/\\\/detailspot.lt\\\/wp-content\\\/uploads\\\/2023\\\/09\\\/rupes-claw-pad-tool-1.jpg\",\"datePublished\":\"2023-09-26T13:30:43+00:00\",\"description\":\"It is an essential tool in the polisher's arsenal. The innovative design of the tool will perform the functions of cleaning and easy removal of polishing pads.\",\"breadcrumb\":{\"@id\":\"https:\\\/\\\/detailspot.lt\\\/en\\\/produktas\\\/rupes-bigfoot-pilling-sponge-cleaning-tool\\\/#breadcrumb\"},\"inLanguage\":\"en-US\",\"potentialAction\":[{\"@type\":\"ReadAction\",\"target\":[\"https:\\\/\\\/detailspot.lt\\\/en\\\/produktas\\\/rupes-bigfoot-pilling-sponge-cleaning-tool\\\/\"]}]},{\"@type\":\"ImageObject\",\"inLanguage\":\"en-US\",\"@id\":\"https:\\\/\\\/detailspot.lt\\\/en\\\/produktas\\\/rupes-bigfoot-pilling-sponge-cleaning-tool\\\/#primaryimage\",\"url\":\"https:\\\/\\\/detailspot.lt\\\/wp-content\\\/uploads\\\/2023\\\/09\\\/rupes-claw-pad-tool-1.jpg\",\"contentUrl\":\"https:\\\/\\\/detailspot.lt\\\/wp-content\\\/uploads\\\/2023\\\/09\\\/rupes-claw-pad-tool-1.jpg\",\"width\":695,\"height\":695},{\"@type\":\"BreadcrumbList\",\"@id\":\"https:\\\/\\\/detailspot.lt\\\/en\\\/produktas\\\/rupes-bigfoot-pilling-sponge-cleaning-tool\\\/#breadcrumb\",\"itemListElement\":[{\"@type\":\"ListItem\",\"position\":1,\"name\":\"Home\",\"item\":\"https:\\\/\\\/detailspot.lt\\\/en\\\/\"},{\"@type\":\"ListItem\",\"position\":2,\"name\":\"Shop\",\"item\":\"https:\\\/\\\/detailspot.lt\\\/en\\\/parduotuve\\\/\"},{\"@type\":\"ListItem\",\"position\":3,\"name\":\"Rupes BigFoot Pilling Sponge Cleaning Tool\"}]},{\"@type\":\"WebSite\",\"@id\":\"https:\\\/\\\/detailspot.lt\\\/#website\",\"url\":\"https:\\\/\\\/detailspot.lt\\\/\",\"name\":\"Detail Spot\",\"description\":\"Automobili\u0173 prie\u017ei\u016bros priemon\u0117s\",\"publisher\":{\"@id\":\"https:\\\/\\\/detailspot.lt\\\/#organization\"},\"potentialAction\":[{\"@type\":\"SearchAction\",\"target\":{\"@type\":\"EntryPoint\",\"urlTemplate\":\"https:\\\/\\\/detailspot.lt\\\/?s={search_term_string}\"},\"query-input\":{\"@type\":\"PropertyValueSpecification\",\"valueRequired\":true,\"valueName\":\"search_term_string\"}}],\"inLanguage\":\"en-US\"},{\"@type\":\"Organization\",\"@id\":\"https:\\\/\\\/detailspot.lt\\\/#organization\",\"name\":\"Detail Spot\",\"url\":\"https:\\\/\\\/detailspot.lt\\\/\",\"logo\":{\"@type\":\"ImageObject\",\"inLanguage\":\"en-US\",\"@id\":\"https:\\\/\\\/detailspot.lt\\\/#\\\/schema\\\/logo\\\/image\\\/\",\"url\":\"https:\\\/\\\/detailspot.lt\\\/wp-content\\\/uploads\\\/2022\\\/10\\\/logo-original.svg\",\"contentUrl\":\"https:\\\/\\\/detailspot.lt\\\/wp-content\\\/uploads\\\/2022\\\/10\\\/logo-original.svg\",\"width\":1,\"height\":1,\"caption\":\"Detail Spot\"},\"image\":{\"@id\":\"https:\\\/\\\/detailspot.lt\\\/#\\\/schema\\\/logo\\\/image\\\/\"},\"sameAs\":[\"https:\\\/\\\/www.facebook.com\\\/profile.php?id=100039208338156\"]}]}<\/script>\n<!-- \/ Yoast SEO plugin. -->","yoast_head_json":{"title":"Rupes BigFoot Pilling Sponge Cleaning Tool - Detail Spot","description":"It is an essential tool in the polisher's arsenal. The innovative design of the tool will perform the functions of cleaning and easy removal of polishing pads.","robots":{"index":"index","follow":"follow","max-snippet":"max-snippet:-1","max-image-preview":"max-image-preview:large","max-video-preview":"max-video-preview:-1"},"canonical":"https:\/\/detailspot.lt\/en\/produktas\/rupes-bigfoot-pilling-sponge-cleaning-tool\/","og_locale":"en_US","og_type":"article","og_title":"Rupes BigFoot Pilling Sponge Cleaning Tool - Detail Spot","og_description":"It is an essential tool in the polisher's arsenal. The innovative design of the tool will perform the functions of cleaning and easy removal of polishing pads.","og_url":"https:\/\/detailspot.lt\/en\/produktas\/rupes-bigfoot-pilling-sponge-cleaning-tool\/","og_site_name":"Detail Spot","article_publisher":"https:\/\/www.facebook.com\/profile.php?id=100039208338156","og_image":[{"width":695,"height":695,"url":"https:\/\/detailspot.lt\/wp-content\/uploads\/2023\/09\/rupes-claw-pad-tool-1.jpg","type":"image\/jpeg"}],"twitter_card":"summary_large_image","schema":{"@context":"https:\/\/schema.org","@graph":[{"@type":"WebPage","@id":"https:\/\/detailspot.lt\/en\/produktas\/rupes-bigfoot-pilling-sponge-cleaning-tool\/","url":"https:\/\/detailspot.lt\/en\/produktas\/rupes-bigfoot-pilling-sponge-cleaning-tool\/","name":"Rupes BigFoot Pilling Sponge Cleaning Tool - Detail Spot","isPartOf":{"@id":"https:\/\/detailspot.lt\/#website"},"primaryImageOfPage":{"@id":"https:\/\/detailspot.lt\/en\/produktas\/rupes-bigfoot-pilling-sponge-cleaning-tool\/#primaryimage"},"image":{"@id":"https:\/\/detailspot.lt\/en\/produktas\/rupes-bigfoot-pilling-sponge-cleaning-tool\/#primaryimage"},"thumbnailUrl":"https:\/\/detailspot.lt\/wp-content\/uploads\/2023\/09\/rupes-claw-pad-tool-1.jpg","datePublished":"2023-09-26T13:30:43+00:00","description":"It is an essential tool in the polisher's arsenal. The innovative design of the tool will perform the functions of cleaning and easy removal of polishing pads.","breadcrumb":{"@id":"https:\/\/detailspot.lt\/en\/produktas\/rupes-bigfoot-pilling-sponge-cleaning-tool\/#breadcrumb"},"inLanguage":"en-US","potentialAction":[{"@type":"ReadAction","target":["https:\/\/detailspot.lt\/en\/produktas\/rupes-bigfoot-pilling-sponge-cleaning-tool\/"]}]},{"@type":"ImageObject","inLanguage":"en-US","@id":"https:\/\/detailspot.lt\/en\/produktas\/rupes-bigfoot-pilling-sponge-cleaning-tool\/#primaryimage","url":"https:\/\/detailspot.lt\/wp-content\/uploads\/2023\/09\/rupes-claw-pad-tool-1.jpg","contentUrl":"https:\/\/detailspot.lt\/wp-content\/uploads\/2023\/09\/rupes-claw-pad-tool-1.jpg","width":695,"height":695},{"@type":"BreadcrumbList","@id":"https:\/\/detailspot.lt\/en\/produktas\/rupes-bigfoot-pilling-sponge-cleaning-tool\/#breadcrumb","itemListElement":[{"@type":"ListItem","position":1,"name":"Home","item":"https:\/\/detailspot.lt\/en\/"},{"@type":"ListItem","position":2,"name":"Shop","item":"https:\/\/detailspot.lt\/en\/parduotuve\/"},{"@type":"ListItem","position":3,"name":"Rupes BigFoot Pilling Sponge Cleaning Tool"}]},{"@type":"WebSite","@id":"https:\/\/detailspot.lt\/#website","url":"https:\/\/detailspot.lt\/","name":"Detail Spot","description":"Automobili\u0173 prie\u017ei\u016bros priemon\u0117s","publisher":{"@id":"https:\/\/detailspot.lt\/#organization"},"potentialAction":[{"@type":"SearchAction","target":{"@type":"EntryPoint","urlTemplate":"https:\/\/detailspot.lt\/?s={search_term_string}"},"query-input":{"@type":"PropertyValueSpecification","valueRequired":true,"valueName":"search_term_string"}}],"inLanguage":"en-US"},{"@type":"Organization","@id":"https:\/\/detailspot.lt\/#organization","name":"Detail Spot","url":"https:\/\/detailspot.lt\/","logo":{"@type":"ImageObject","inLanguage":"en-US","@id":"https:\/\/detailspot.lt\/#\/schema\/logo\/image\/","url":"https:\/\/detailspot.lt\/wp-content\/uploads\/2022\/10\/logo-original.svg","contentUrl":"https:\/\/detailspot.lt\/wp-content\/uploads\/2022\/10\/logo-original.svg","width":1,"height":1,"caption":"Detail Spot"},"image":{"@id":"https:\/\/detailspot.lt\/#\/schema\/logo\/image\/"},"sameAs":["https:\/\/www.facebook.com\/profile.php?id=100039208338156"]}]}},"_links":{"self":[{"href":"https:\/\/detailspot.lt\/en\/wp-json\/wp\/v2\/product\/6253","targetHints":{"allow":["GET"]}}],"collection":[{"href":"https:\/\/detailspot.lt\/en\/wp-json\/wp\/v2\/product"}],"about":[{"href":"https:\/\/detailspot.lt\/en\/wp-json\/wp\/v2\/types\/product"}],"replies":[{"embeddable":true,"href":"https:\/\/detailspot.lt\/en\/wp-json\/wp\/v2\/comments?post=6253"}],"wp:featuredmedia":[{"embeddable":true,"href":"https:\/\/detailspot.lt\/en\/wp-json\/wp\/v2\/media\/5366"}],"wp:attachment":[{"href":"https:\/\/detailspot.lt\/en\/wp-json\/wp\/v2\/media?parent=6253"}],"wp:term":[{"taxonomy":"product_brand","embeddable":true,"href":"https:\/\/detailspot.lt\/en\/wp-json\/wp\/v2\/product_brand?post=6253"},{"taxonomy":"product_cat","embeddable":true,"href":"https:\/\/detailspot.lt\/en\/wp-json\/wp\/v2\/product_cat?post=6253"},{"taxonomy":"product_tag","embeddable":true,"href":"https:\/\/detailspot.lt\/en\/wp-json\/wp\/v2\/product_tag?post=6253"}],"curies":[{"name":"wp","href":"https:\/\/api.w.org\/{rel}","templated":true}]}}