{"id":6228,"date":"2023-10-19T15:27:43","date_gmt":"2023-10-19T12:27:43","guid":{"rendered":"https:\/\/detailspot.lt\/produktas\/micro-restore-detergent\/"},"modified":"2023-10-19T15:27:43","modified_gmt":"2023-10-19T12:27:43","slug":"micro-restore-detergent","status":"publish","type":"product","link":"https:\/\/detailspot.lt\/en\/produktas\/micro-restore-detergent\/","title":{"rendered":"Micro-Restore Detergent"},"content":{"rendered":"<div id=\"heading2\">\n<h1>Micro-Restore Detergent<\/h1>\n<\/div>\n<div class=\"clear\">\n<p>detergent for microfibre cloths and other articles. The chemical cleaner is specially formulated and composed of various active ingredients that break down and remove waxy and oily residues, while water softening additives eliminate the negative effects of hard water. Free from bleaches, fragrances, softeners that can degrade microfibres. With the <strong>Micro-Restore<\/strong>, you can ensure a long life for your microfibre cloths and other products, even if you wash them frequently.<\/p>\n<p><strong>Features<\/strong><\/p>\n<ul>\n<li>Alkaline cleaner, pH 14<\/li>\n<li>Concentrate, 30-60ml per wash<\/li>\n<li>Free from fragrances, softeners, bleaches<\/li>\n<li>Softens water<\/li>\n<\/ul>\n<\/div>\n","protected":false},"excerpt":{"rendered":"<p>Micro-Restore Detergent detergent for microfibre cloths and other articles. The chemical cleaner is specially formulated and composed of various active ingredients that break down and remove waxy and oily residues, while water softening additives eliminate the negative effects of hard water. Free from bleaches, fragrances, softeners that can degrade microfibres. With the Micro-Restore, you can&hellip;<\/p>\n","protected":false},"featured_media":5473,"comment_status":"closed","ping_status":"closed","template":"","meta":[],"product_brand":[],"product_cat":[155,174,169],"product_tag":[],"class_list":{"0":"post-6228","1":"product","2":"type-product","3":"status-publish","4":"has-post-thumbnail","6":"product_cat-accessories","7":"product_cat-accessories-en","8":"product_cat-microfibre-cloths","9":"description-off","11":"first","12":"instock","13":"taxable","14":"shipping-taxable","15":"purchasable","16":"product-type-simple"},"yoast_head":"<!-- This site is optimized with the Yoast SEO plugin v27.2 - https:\/\/yoast.com\/product\/yoast-seo-wordpress\/ -->\n<title>Micro-Restore Detergent - Detail Spot<\/title>\n<meta name=\"description\" content=\"The cleaner is designed to break down and remove wax and oil-containing product residues, while water softening additives eliminate the negative effects of hard water.\" \/>\n<meta name=\"robots\" content=\"index, follow, max-snippet:-1, max-image-preview:large, max-video-preview:-1\" \/>\n<link rel=\"canonical\" href=\"https:\/\/detailspot.lt\/en\/produktas\/micro-restore-detergent\/\" \/>\n<meta property=\"og:locale\" content=\"en_US\" \/>\n<meta property=\"og:type\" content=\"article\" \/>\n<meta property=\"og:title\" content=\"Micro-Restore Detergent - Detail Spot\" \/>\n<meta property=\"og:description\" content=\"The cleaner is designed to break down and remove wax and oil-containing product residues, while water softening additives eliminate the negative effects of hard water.\" \/>\n<meta property=\"og:url\" content=\"https:\/\/detailspot.lt\/en\/produktas\/micro-restore-detergent\/\" \/>\n<meta property=\"og:site_name\" content=\"Detail Spot\" \/>\n<meta property=\"article:publisher\" content=\"https:\/\/www.facebook.com\/profile.php?id=100039208338156\" \/>\n<meta property=\"og:image\" content=\"https:\/\/detailspot.lt\/wp-content\/uploads\/2023\/10\/micro-restore-detergent-1.jpg\" \/>\n\t<meta property=\"og:image:width\" content=\"388\" \/>\n\t<meta property=\"og:image:height\" content=\"388\" \/>\n\t<meta property=\"og:image:type\" content=\"image\/jpeg\" \/>\n<meta name=\"twitter:card\" content=\"summary_large_image\" \/>\n<script type=\"application\/ld+json\" class=\"yoast-schema-graph\">{\"@context\":\"https:\/\/schema.org\",\"@graph\":[{\"@type\":\"WebPage\",\"@id\":\"https:\/\/detailspot.lt\/en\/produktas\/micro-restore-detergent\/\",\"url\":\"https:\/\/detailspot.lt\/en\/produktas\/micro-restore-detergent\/\",\"name\":\"Micro-Restore Detergent - Detail Spot\",\"isPartOf\":{\"@id\":\"https:\/\/detailspot.lt\/#website\"},\"primaryImageOfPage\":{\"@id\":\"https:\/\/detailspot.lt\/en\/produktas\/micro-restore-detergent\/#primaryimage\"},\"image\":{\"@id\":\"https:\/\/detailspot.lt\/en\/produktas\/micro-restore-detergent\/#primaryimage\"},\"thumbnailUrl\":\"https:\/\/detailspot.lt\/wp-content\/uploads\/2023\/10\/micro-restore-detergent-1.jpg\",\"datePublished\":\"2023-10-19T12:27:43+00:00\",\"description\":\"The cleaner is designed to break down and remove wax and oil-containing product residues, while water softening additives eliminate the negative effects of hard water.\",\"breadcrumb\":{\"@id\":\"https:\/\/detailspot.lt\/en\/produktas\/micro-restore-detergent\/#breadcrumb\"},\"inLanguage\":\"en-US\",\"potentialAction\":[{\"@type\":\"ReadAction\",\"target\":[\"https:\/\/detailspot.lt\/en\/produktas\/micro-restore-detergent\/\"]}]},{\"@type\":\"ImageObject\",\"inLanguage\":\"en-US\",\"@id\":\"https:\/\/detailspot.lt\/en\/produktas\/micro-restore-detergent\/#primaryimage\",\"url\":\"https:\/\/detailspot.lt\/wp-content\/uploads\/2023\/10\/micro-restore-detergent-1.jpg\",\"contentUrl\":\"https:\/\/detailspot.lt\/wp-content\/uploads\/2023\/10\/micro-restore-detergent-1.jpg\",\"width\":388,\"height\":388},{\"@type\":\"BreadcrumbList\",\"@id\":\"https:\/\/detailspot.lt\/en\/produktas\/micro-restore-detergent\/#breadcrumb\",\"itemListElement\":[{\"@type\":\"ListItem\",\"position\":1,\"name\":\"Home\",\"item\":\"https:\/\/detailspot.lt\/en\/\"},{\"@type\":\"ListItem\",\"position\":2,\"name\":\"Shop\",\"item\":\"https:\/\/detailspot.lt\/en\/parduotuve\/\"},{\"@type\":\"ListItem\",\"position\":3,\"name\":\"Micro-Restore Detergent\"}]},{\"@type\":\"WebSite\",\"@id\":\"https:\/\/detailspot.lt\/#website\",\"url\":\"https:\/\/detailspot.lt\/\",\"name\":\"Detail Spot\",\"description\":\"Automobili\u0173 prie\u017ei\u016bros priemon\u0117s\",\"publisher\":{\"@id\":\"https:\/\/detailspot.lt\/#organization\"},\"potentialAction\":[{\"@type\":\"SearchAction\",\"target\":{\"@type\":\"EntryPoint\",\"urlTemplate\":\"https:\/\/detailspot.lt\/?s={search_term_string}\"},\"query-input\":{\"@type\":\"PropertyValueSpecification\",\"valueRequired\":true,\"valueName\":\"search_term_string\"}}],\"inLanguage\":\"en-US\"},{\"@type\":\"Organization\",\"@id\":\"https:\/\/detailspot.lt\/#organization\",\"name\":\"Detail Spot\",\"url\":\"https:\/\/detailspot.lt\/\",\"logo\":{\"@type\":\"ImageObject\",\"inLanguage\":\"en-US\",\"@id\":\"https:\/\/detailspot.lt\/#\/schema\/logo\/image\/\",\"url\":\"https:\/\/detailspot.lt\/wp-content\/uploads\/2022\/10\/logo-original.svg\",\"contentUrl\":\"https:\/\/detailspot.lt\/wp-content\/uploads\/2022\/10\/logo-original.svg\",\"width\":1,\"height\":1,\"caption\":\"Detail Spot\"},\"image\":{\"@id\":\"https:\/\/detailspot.lt\/#\/schema\/logo\/image\/\"},\"sameAs\":[\"https:\/\/www.facebook.com\/profile.php?id=100039208338156\"]}]}<\/script>\n<!-- \/ Yoast SEO plugin. -->","yoast_head_json":{"title":"Micro-Restore Detergent - Detail Spot","description":"The cleaner is designed to break down and remove wax and oil-containing product residues, while water softening additives eliminate the negative effects of hard water.","robots":{"index":"index","follow":"follow","max-snippet":"max-snippet:-1","max-image-preview":"max-image-preview:large","max-video-preview":"max-video-preview:-1"},"canonical":"https:\/\/detailspot.lt\/en\/produktas\/micro-restore-detergent\/","og_locale":"en_US","og_type":"article","og_title":"Micro-Restore Detergent - Detail Spot","og_description":"The cleaner is designed to break down and remove wax and oil-containing product residues, while water softening additives eliminate the negative effects of hard water.","og_url":"https:\/\/detailspot.lt\/en\/produktas\/micro-restore-detergent\/","og_site_name":"Detail Spot","article_publisher":"https:\/\/www.facebook.com\/profile.php?id=100039208338156","og_image":[{"width":388,"height":388,"url":"https:\/\/detailspot.lt\/wp-content\/uploads\/2023\/10\/micro-restore-detergent-1.jpg","type":"image\/jpeg"}],"twitter_card":"summary_large_image","schema":{"@context":"https:\/\/schema.org","@graph":[{"@type":"WebPage","@id":"https:\/\/detailspot.lt\/en\/produktas\/micro-restore-detergent\/","url":"https:\/\/detailspot.lt\/en\/produktas\/micro-restore-detergent\/","name":"Micro-Restore Detergent - Detail Spot","isPartOf":{"@id":"https:\/\/detailspot.lt\/#website"},"primaryImageOfPage":{"@id":"https:\/\/detailspot.lt\/en\/produktas\/micro-restore-detergent\/#primaryimage"},"image":{"@id":"https:\/\/detailspot.lt\/en\/produktas\/micro-restore-detergent\/#primaryimage"},"thumbnailUrl":"https:\/\/detailspot.lt\/wp-content\/uploads\/2023\/10\/micro-restore-detergent-1.jpg","datePublished":"2023-10-19T12:27:43+00:00","description":"The cleaner is designed to break down and remove wax and oil-containing product residues, while water softening additives eliminate the negative effects of hard water.","breadcrumb":{"@id":"https:\/\/detailspot.lt\/en\/produktas\/micro-restore-detergent\/#breadcrumb"},"inLanguage":"en-US","potentialAction":[{"@type":"ReadAction","target":["https:\/\/detailspot.lt\/en\/produktas\/micro-restore-detergent\/"]}]},{"@type":"ImageObject","inLanguage":"en-US","@id":"https:\/\/detailspot.lt\/en\/produktas\/micro-restore-detergent\/#primaryimage","url":"https:\/\/detailspot.lt\/wp-content\/uploads\/2023\/10\/micro-restore-detergent-1.jpg","contentUrl":"https:\/\/detailspot.lt\/wp-content\/uploads\/2023\/10\/micro-restore-detergent-1.jpg","width":388,"height":388},{"@type":"BreadcrumbList","@id":"https:\/\/detailspot.lt\/en\/produktas\/micro-restore-detergent\/#breadcrumb","itemListElement":[{"@type":"ListItem","position":1,"name":"Home","item":"https:\/\/detailspot.lt\/en\/"},{"@type":"ListItem","position":2,"name":"Shop","item":"https:\/\/detailspot.lt\/en\/parduotuve\/"},{"@type":"ListItem","position":3,"name":"Micro-Restore Detergent"}]},{"@type":"WebSite","@id":"https:\/\/detailspot.lt\/#website","url":"https:\/\/detailspot.lt\/","name":"Detail Spot","description":"Automobili\u0173 prie\u017ei\u016bros priemon\u0117s","publisher":{"@id":"https:\/\/detailspot.lt\/#organization"},"potentialAction":[{"@type":"SearchAction","target":{"@type":"EntryPoint","urlTemplate":"https:\/\/detailspot.lt\/?s={search_term_string}"},"query-input":{"@type":"PropertyValueSpecification","valueRequired":true,"valueName":"search_term_string"}}],"inLanguage":"en-US"},{"@type":"Organization","@id":"https:\/\/detailspot.lt\/#organization","name":"Detail Spot","url":"https:\/\/detailspot.lt\/","logo":{"@type":"ImageObject","inLanguage":"en-US","@id":"https:\/\/detailspot.lt\/#\/schema\/logo\/image\/","url":"https:\/\/detailspot.lt\/wp-content\/uploads\/2022\/10\/logo-original.svg","contentUrl":"https:\/\/detailspot.lt\/wp-content\/uploads\/2022\/10\/logo-original.svg","width":1,"height":1,"caption":"Detail Spot"},"image":{"@id":"https:\/\/detailspot.lt\/#\/schema\/logo\/image\/"},"sameAs":["https:\/\/www.facebook.com\/profile.php?id=100039208338156"]}]}},"_links":{"self":[{"href":"https:\/\/detailspot.lt\/en\/wp-json\/wp\/v2\/product\/6228","targetHints":{"allow":["GET"]}}],"collection":[{"href":"https:\/\/detailspot.lt\/en\/wp-json\/wp\/v2\/product"}],"about":[{"href":"https:\/\/detailspot.lt\/en\/wp-json\/wp\/v2\/types\/product"}],"replies":[{"embeddable":true,"href":"https:\/\/detailspot.lt\/en\/wp-json\/wp\/v2\/comments?post=6228"}],"wp:featuredmedia":[{"embeddable":true,"href":"https:\/\/detailspot.lt\/en\/wp-json\/wp\/v2\/media\/5473"}],"wp:attachment":[{"href":"https:\/\/detailspot.lt\/en\/wp-json\/wp\/v2\/media?parent=6228"}],"wp:term":[{"taxonomy":"product_brand","embeddable":true,"href":"https:\/\/detailspot.lt\/en\/wp-json\/wp\/v2\/product_brand?post=6228"},{"taxonomy":"product_cat","embeddable":true,"href":"https:\/\/detailspot.lt\/en\/wp-json\/wp\/v2\/product_cat?post=6228"},{"taxonomy":"product_tag","embeddable":true,"href":"https:\/\/detailspot.lt\/en\/wp-json\/wp\/v2\/product_tag?post=6228"}],"curies":[{"name":"wp","href":"https:\/\/api.w.org\/{rel}","templated":true}]}}