{"id":6208,"date":"2023-10-20T17:00:29","date_gmt":"2023-10-20T14:00:29","guid":{"rendered":"https:\/\/detailspot.lt\/produktas\/liquid-elements-value-microfibre-cloth-5pcs\/"},"modified":"2023-12-29T08:13:20","modified_gmt":"2023-12-29T06:13:20","slug":"liquid-elements-value-microfibre-cloth-5pcs","status":"publish","type":"product","link":"https:\/\/detailspot.lt\/en\/produktas\/liquid-elements-value-microfibre-cloth-5pcs\/","title":{"rendered":"Liquid Elements Value Microfibre cloth 5pcs"},"content":{"rendered":"<div id=\"heading2\">\n<h1>Liquid Elements Value Microfibre cloth 5pcs<\/h1>\n<\/div>\n<div class=\"clear\">\n<div class=\"clear\">Designed for a wide range of automotive aesthetics applications where years of work are needed to exploit the hair-gripping properties of the many microfibres. Whether you need to wipe off polishing paste, wax or ceramic coating, this cloth does it all.<\/div>\n<div><\/div>\n<div class=\"grid_100 alpha omega mb20\">\n<div class=\"grid_100 alpha omega goods_links_container\">\n<div id=\"good_links_wrapper_2383\" class=\"grid_100 alpha omega\">\n<p><strong>Characteristics:<\/strong><\/p>\n<ol>\n<li>Laser cut edges<\/li>\n<li>Short fibres<\/li>\n<li>Size 40x40cm<\/li>\n<li>310 GSM (g\/m2)<\/li>\n<li>Composition 80% polyester 20% polyamide<\/li>\n<li>Washable in water up to 60\u00b0C<\/li>\n<\/ol>\n<p style=\"text-align: center;\"><img loading=\"lazy\" decoding=\"async\" class=\"alignnone size-medium wp-image-1062\" src=\"https:\/\/detailspot.lt\/wp-content\/uploads\/2022\/10\/LE_logo_dark_rgbCjaMASES2dhtf-300x103.webp\" alt=\"\" width=\"300\" height=\"103\" srcset=\"https:\/\/detailspot.lt\/wp-content\/uploads\/2022\/10\/LE_logo_dark_rgbCjaMASES2dhtf-300x103.webp 300w, https:\/\/detailspot.lt\/wp-content\/uploads\/2022\/10\/LE_logo_dark_rgbCjaMASES2dhtf.webp 500w\" sizes=\"auto, (max-width: 300px) 100vw, 300px\" \/><\/p>\n<\/div>\n<\/div>\n<\/div>\n<\/div>\n","protected":false},"excerpt":{"rendered":"<p>Liquid Elements Value Microfibre cloth 5pcs Designed for a wide range of automotive aesthetics applications where years of work are needed to exploit the hair-gripping properties of the many microfibres. Whether you need to wipe off polishing paste, wax or ceramic coating, this cloth does it all. Characteristics: Laser cut edges Short fibres Size 40x40cm&hellip;<\/p>\n","protected":false},"featured_media":5522,"comment_status":"closed","ping_status":"closed","template":"","meta":[],"product_brand":[],"product_cat":[155,169],"product_tag":[],"class_list":{"0":"post-6208","1":"product","2":"type-product","3":"status-publish","4":"has-post-thumbnail","6":"product_cat-accessories","7":"product_cat-microfibre-cloths","8":"description-off","10":"first","11":"instock","12":"sale","13":"taxable","14":"shipping-taxable","15":"purchasable","16":"product-type-simple"},"yoast_head":"<!-- This site is optimized with the Yoast SEO plugin v27.2 - https:\/\/yoast.com\/product\/yoast-seo-wordpress\/ -->\n<title>Liquid Elements Value Microfibre cloth 5pcs - Detail Spot<\/title>\n<meta name=\"description\" content=\"Designed for a wide range of automotive aesthetics applications where years of work are needed to exploit the hair-gripping properties of the many microfibres.\" \/>\n<meta name=\"robots\" content=\"index, follow, max-snippet:-1, max-image-preview:large, max-video-preview:-1\" \/>\n<link rel=\"canonical\" href=\"https:\/\/detailspot.lt\/en\/produktas\/liquid-elements-value-microfibre-cloth-5pcs\/\" \/>\n<meta property=\"og:locale\" content=\"en_US\" \/>\n<meta property=\"og:type\" content=\"article\" \/>\n<meta property=\"og:title\" content=\"Liquid Elements Value Microfibre cloth 5pcs - Detail Spot\" \/>\n<meta property=\"og:description\" content=\"Designed for a wide range of automotive aesthetics applications where years of work are needed to exploit the hair-gripping properties of the many microfibres.\" \/>\n<meta property=\"og:url\" content=\"https:\/\/detailspot.lt\/en\/produktas\/liquid-elements-value-microfibre-cloth-5pcs\/\" \/>\n<meta property=\"og:site_name\" content=\"Detail Spot\" \/>\n<meta property=\"article:publisher\" content=\"https:\/\/www.facebook.com\/profile.php?id=100039208338156\" \/>\n<meta property=\"article:modified_time\" content=\"2023-12-29T06:13:20+00:00\" \/>\n<meta property=\"og:image\" content=\"https:\/\/detailspot.lt\/wp-content\/uploads\/2023\/10\/liquid-elements-mikropluosto-sluoste-2-1-1.jpg\" \/>\n\t<meta property=\"og:image:width\" content=\"582\" \/>\n\t<meta property=\"og:image:height\" content=\"582\" \/>\n\t<meta property=\"og:image:type\" content=\"image\/jpeg\" \/>\n<meta name=\"twitter:card\" content=\"summary_large_image\" \/>\n<script type=\"application\/ld+json\" class=\"yoast-schema-graph\">{\"@context\":\"https:\/\/schema.org\",\"@graph\":[{\"@type\":\"WebPage\",\"@id\":\"https:\/\/detailspot.lt\/en\/produktas\/liquid-elements-value-microfibre-cloth-5pcs\/\",\"url\":\"https:\/\/detailspot.lt\/en\/produktas\/liquid-elements-value-microfibre-cloth-5pcs\/\",\"name\":\"Liquid Elements Value Microfibre cloth 5pcs - Detail Spot\",\"isPartOf\":{\"@id\":\"https:\/\/detailspot.lt\/#website\"},\"primaryImageOfPage\":{\"@id\":\"https:\/\/detailspot.lt\/en\/produktas\/liquid-elements-value-microfibre-cloth-5pcs\/#primaryimage\"},\"image\":{\"@id\":\"https:\/\/detailspot.lt\/en\/produktas\/liquid-elements-value-microfibre-cloth-5pcs\/#primaryimage\"},\"thumbnailUrl\":\"https:\/\/detailspot.lt\/wp-content\/uploads\/2023\/10\/liquid-elements-mikropluosto-sluoste-2-1-1.jpg\",\"datePublished\":\"2023-10-20T14:00:29+00:00\",\"dateModified\":\"2023-12-29T06:13:20+00:00\",\"description\":\"Designed for a wide range of automotive aesthetics applications where years of work are needed to exploit the hair-gripping properties of the many microfibres.\",\"breadcrumb\":{\"@id\":\"https:\/\/detailspot.lt\/en\/produktas\/liquid-elements-value-microfibre-cloth-5pcs\/#breadcrumb\"},\"inLanguage\":\"en-US\",\"potentialAction\":[{\"@type\":\"ReadAction\",\"target\":[\"https:\/\/detailspot.lt\/en\/produktas\/liquid-elements-value-microfibre-cloth-5pcs\/\"]}]},{\"@type\":\"ImageObject\",\"inLanguage\":\"en-US\",\"@id\":\"https:\/\/detailspot.lt\/en\/produktas\/liquid-elements-value-microfibre-cloth-5pcs\/#primaryimage\",\"url\":\"https:\/\/detailspot.lt\/wp-content\/uploads\/2023\/10\/liquid-elements-mikropluosto-sluoste-2-1-1.jpg\",\"contentUrl\":\"https:\/\/detailspot.lt\/wp-content\/uploads\/2023\/10\/liquid-elements-mikropluosto-sluoste-2-1-1.jpg\",\"width\":582,\"height\":582},{\"@type\":\"BreadcrumbList\",\"@id\":\"https:\/\/detailspot.lt\/en\/produktas\/liquid-elements-value-microfibre-cloth-5pcs\/#breadcrumb\",\"itemListElement\":[{\"@type\":\"ListItem\",\"position\":1,\"name\":\"Home\",\"item\":\"https:\/\/detailspot.lt\/en\/\"},{\"@type\":\"ListItem\",\"position\":2,\"name\":\"Shop\",\"item\":\"https:\/\/detailspot.lt\/en\/parduotuve\/\"},{\"@type\":\"ListItem\",\"position\":3,\"name\":\"Liquid Elements Value Microfibre cloth 5pcs\"}]},{\"@type\":\"WebSite\",\"@id\":\"https:\/\/detailspot.lt\/#website\",\"url\":\"https:\/\/detailspot.lt\/\",\"name\":\"Detail Spot\",\"description\":\"Automobili\u0173 prie\u017ei\u016bros priemon\u0117s\",\"publisher\":{\"@id\":\"https:\/\/detailspot.lt\/#organization\"},\"potentialAction\":[{\"@type\":\"SearchAction\",\"target\":{\"@type\":\"EntryPoint\",\"urlTemplate\":\"https:\/\/detailspot.lt\/?s={search_term_string}\"},\"query-input\":{\"@type\":\"PropertyValueSpecification\",\"valueRequired\":true,\"valueName\":\"search_term_string\"}}],\"inLanguage\":\"en-US\"},{\"@type\":\"Organization\",\"@id\":\"https:\/\/detailspot.lt\/#organization\",\"name\":\"Detail Spot\",\"url\":\"https:\/\/detailspot.lt\/\",\"logo\":{\"@type\":\"ImageObject\",\"inLanguage\":\"en-US\",\"@id\":\"https:\/\/detailspot.lt\/#\/schema\/logo\/image\/\",\"url\":\"https:\/\/detailspot.lt\/wp-content\/uploads\/2022\/10\/logo-original.svg\",\"contentUrl\":\"https:\/\/detailspot.lt\/wp-content\/uploads\/2022\/10\/logo-original.svg\",\"width\":1,\"height\":1,\"caption\":\"Detail Spot\"},\"image\":{\"@id\":\"https:\/\/detailspot.lt\/#\/schema\/logo\/image\/\"},\"sameAs\":[\"https:\/\/www.facebook.com\/profile.php?id=100039208338156\"]}]}<\/script>\n<!-- \/ Yoast SEO plugin. -->","yoast_head_json":{"title":"Liquid Elements Value Microfibre cloth 5pcs - Detail Spot","description":"Designed for a wide range of automotive aesthetics applications where years of work are needed to exploit the hair-gripping properties of the many microfibres.","robots":{"index":"index","follow":"follow","max-snippet":"max-snippet:-1","max-image-preview":"max-image-preview:large","max-video-preview":"max-video-preview:-1"},"canonical":"https:\/\/detailspot.lt\/en\/produktas\/liquid-elements-value-microfibre-cloth-5pcs\/","og_locale":"en_US","og_type":"article","og_title":"Liquid Elements Value Microfibre cloth 5pcs - Detail Spot","og_description":"Designed for a wide range of automotive aesthetics applications where years of work are needed to exploit the hair-gripping properties of the many microfibres.","og_url":"https:\/\/detailspot.lt\/en\/produktas\/liquid-elements-value-microfibre-cloth-5pcs\/","og_site_name":"Detail Spot","article_publisher":"https:\/\/www.facebook.com\/profile.php?id=100039208338156","article_modified_time":"2023-12-29T06:13:20+00:00","og_image":[{"width":582,"height":582,"url":"https:\/\/detailspot.lt\/wp-content\/uploads\/2023\/10\/liquid-elements-mikropluosto-sluoste-2-1-1.jpg","type":"image\/jpeg"}],"twitter_card":"summary_large_image","schema":{"@context":"https:\/\/schema.org","@graph":[{"@type":"WebPage","@id":"https:\/\/detailspot.lt\/en\/produktas\/liquid-elements-value-microfibre-cloth-5pcs\/","url":"https:\/\/detailspot.lt\/en\/produktas\/liquid-elements-value-microfibre-cloth-5pcs\/","name":"Liquid Elements Value Microfibre cloth 5pcs - Detail Spot","isPartOf":{"@id":"https:\/\/detailspot.lt\/#website"},"primaryImageOfPage":{"@id":"https:\/\/detailspot.lt\/en\/produktas\/liquid-elements-value-microfibre-cloth-5pcs\/#primaryimage"},"image":{"@id":"https:\/\/detailspot.lt\/en\/produktas\/liquid-elements-value-microfibre-cloth-5pcs\/#primaryimage"},"thumbnailUrl":"https:\/\/detailspot.lt\/wp-content\/uploads\/2023\/10\/liquid-elements-mikropluosto-sluoste-2-1-1.jpg","datePublished":"2023-10-20T14:00:29+00:00","dateModified":"2023-12-29T06:13:20+00:00","description":"Designed for a wide range of automotive aesthetics applications where years of work are needed to exploit the hair-gripping properties of the many microfibres.","breadcrumb":{"@id":"https:\/\/detailspot.lt\/en\/produktas\/liquid-elements-value-microfibre-cloth-5pcs\/#breadcrumb"},"inLanguage":"en-US","potentialAction":[{"@type":"ReadAction","target":["https:\/\/detailspot.lt\/en\/produktas\/liquid-elements-value-microfibre-cloth-5pcs\/"]}]},{"@type":"ImageObject","inLanguage":"en-US","@id":"https:\/\/detailspot.lt\/en\/produktas\/liquid-elements-value-microfibre-cloth-5pcs\/#primaryimage","url":"https:\/\/detailspot.lt\/wp-content\/uploads\/2023\/10\/liquid-elements-mikropluosto-sluoste-2-1-1.jpg","contentUrl":"https:\/\/detailspot.lt\/wp-content\/uploads\/2023\/10\/liquid-elements-mikropluosto-sluoste-2-1-1.jpg","width":582,"height":582},{"@type":"BreadcrumbList","@id":"https:\/\/detailspot.lt\/en\/produktas\/liquid-elements-value-microfibre-cloth-5pcs\/#breadcrumb","itemListElement":[{"@type":"ListItem","position":1,"name":"Home","item":"https:\/\/detailspot.lt\/en\/"},{"@type":"ListItem","position":2,"name":"Shop","item":"https:\/\/detailspot.lt\/en\/parduotuve\/"},{"@type":"ListItem","position":3,"name":"Liquid Elements Value Microfibre cloth 5pcs"}]},{"@type":"WebSite","@id":"https:\/\/detailspot.lt\/#website","url":"https:\/\/detailspot.lt\/","name":"Detail Spot","description":"Automobili\u0173 prie\u017ei\u016bros priemon\u0117s","publisher":{"@id":"https:\/\/detailspot.lt\/#organization"},"potentialAction":[{"@type":"SearchAction","target":{"@type":"EntryPoint","urlTemplate":"https:\/\/detailspot.lt\/?s={search_term_string}"},"query-input":{"@type":"PropertyValueSpecification","valueRequired":true,"valueName":"search_term_string"}}],"inLanguage":"en-US"},{"@type":"Organization","@id":"https:\/\/detailspot.lt\/#organization","name":"Detail Spot","url":"https:\/\/detailspot.lt\/","logo":{"@type":"ImageObject","inLanguage":"en-US","@id":"https:\/\/detailspot.lt\/#\/schema\/logo\/image\/","url":"https:\/\/detailspot.lt\/wp-content\/uploads\/2022\/10\/logo-original.svg","contentUrl":"https:\/\/detailspot.lt\/wp-content\/uploads\/2022\/10\/logo-original.svg","width":1,"height":1,"caption":"Detail Spot"},"image":{"@id":"https:\/\/detailspot.lt\/#\/schema\/logo\/image\/"},"sameAs":["https:\/\/www.facebook.com\/profile.php?id=100039208338156"]}]}},"_links":{"self":[{"href":"https:\/\/detailspot.lt\/en\/wp-json\/wp\/v2\/product\/6208","targetHints":{"allow":["GET"]}}],"collection":[{"href":"https:\/\/detailspot.lt\/en\/wp-json\/wp\/v2\/product"}],"about":[{"href":"https:\/\/detailspot.lt\/en\/wp-json\/wp\/v2\/types\/product"}],"replies":[{"embeddable":true,"href":"https:\/\/detailspot.lt\/en\/wp-json\/wp\/v2\/comments?post=6208"}],"wp:featuredmedia":[{"embeddable":true,"href":"https:\/\/detailspot.lt\/en\/wp-json\/wp\/v2\/media\/5522"}],"wp:attachment":[{"href":"https:\/\/detailspot.lt\/en\/wp-json\/wp\/v2\/media?parent=6208"}],"wp:term":[{"taxonomy":"product_brand","embeddable":true,"href":"https:\/\/detailspot.lt\/en\/wp-json\/wp\/v2\/product_brand?post=6208"},{"taxonomy":"product_cat","embeddable":true,"href":"https:\/\/detailspot.lt\/en\/wp-json\/wp\/v2\/product_cat?post=6208"},{"taxonomy":"product_tag","embeddable":true,"href":"https:\/\/detailspot.lt\/en\/wp-json\/wp\/v2\/product_tag?post=6208"}],"curies":[{"name":"wp","href":"https:\/\/api.w.org\/{rel}","templated":true}]}}