{"id":6203,"date":"2023-10-26T15:22:54","date_gmt":"2023-10-26T12:22:54","guid":{"rendered":"https:\/\/detailspot.lt\/produktas\/d-con-orange-degreaser-concentrate\/"},"modified":"2025-03-23T19:09:35","modified_gmt":"2025-03-23T17:09:35","slug":"d-con-orange-degreaser-concentrate","status":"publish","type":"product","link":"https:\/\/detailspot.lt\/en\/produktas\/d-con-orange-degreaser-concentrate\/","title":{"rendered":"D-CON Orange Degreaser concentrate"},"content":{"rendered":"<h1>D-CON Orange Degreaser concentrate<\/h1>\n<p>&#8220;D Con Orange is a cleaning agent designed to remove grease, oil, dirt and grime. D Con Orange Degreaser and Cleaner&#8221; is ideal for cleaning engines, machinery, tools, tyres and rims damaged by insects and insect spray. The power of this cleaner is extremely versatile in any situation.<\/p>\n<p>&#8220;D Con Orange Degreaser &amp; Cleaner is formulated to remove the toughest grease and grime. The professional strength formula is highly concentrated for versatility. Use in the desired ratio to remove unpleasant dirt, grease, stains and grime from your car, truck, motorbike, boat or camper. Use in the desired ratio to remove unpleasant dirt, grease, stains and grime from your car, truck, motorbike, boat or camper.<\/p>\n<p>D Con Orange Degreaser &amp; Cleaner handles the toughest jobs that other generic cleaners can&#8217;t.<\/p>\n<h2>Application:<\/h2>\n<ol>\n<li>Always rinse the surface with plenty of water<\/li>\n<li> Spray the diluted degreaser onto a cool surface.<\/li>\n<li>Allow the diluted product to soak in for 40-60 seconds<\/li>\n<li>Rub the surface with a brush<\/li>\n<li>Rinse with clean water<\/li>\n<li>Do not allow the product to dry on the surface with clean water<\/li>\n<\/ol>\n<p>&nbsp;<\/p>\n<p style=\"text-align: center;\"><img loading=\"lazy\" decoding=\"async\" class=\"alignnone size-medium wp-image-5205\" src=\"https:\/\/detailspot.lt\/wp-content\/uploads\/2023\/08\/logos-d-con-dcon-decon_jpg-300x120.webp\" alt=\"\" width=\"300\" height=\"120\" srcset=\"https:\/\/detailspot.lt\/wp-content\/uploads\/2023\/08\/logos-d-con-dcon-decon_jpg-300x120.webp 300w, https:\/\/detailspot.lt\/wp-content\/uploads\/2023\/08\/logos-d-con-dcon-decon_jpg-64x26.webp 64w, https:\/\/detailspot.lt\/wp-content\/uploads\/2023\/08\/logos-d-con-dcon-decon_jpg.webp 500w\" sizes=\"auto, (max-width: 300px) 100vw, 300px\" \/><\/p>\n","protected":false},"excerpt":{"rendered":"<p>D-CON Orange Degreaser concentrate &#8220;D Con Orange is a cleaning agent designed to remove grease, oil, dirt and grime. D Con Orange Degreaser and Cleaner&#8221; is ideal for cleaning engines, machinery, tools, tyres and rims damaged by insects and insect spray. The power of this cleaner is extremely versatile in any situation. &#8220;D Con Orange&hellip;<\/p>\n","protected":false},"featured_media":5556,"comment_status":"closed","ping_status":"closed","template":"","meta":[],"product_brand":[],"product_cat":[160,165,168,190],"product_tag":[],"class_list":{"0":"post-6203","1":"product","2":"type-product","3":"status-publish","4":"has-post-thumbnail","6":"product_cat-exterior","7":"product_cat-interior","8":"product_cat-plastics-and-textiles","9":"product_cat-special-offer-en","10":"description-off","12":"first","13":"instock","14":"sale","15":"taxable","16":"shipping-taxable","17":"purchasable","18":"product-type-variable"},"yoast_head":"<!-- This site is optimized with the Yoast SEO plugin v27.4 - https:\/\/yoast.com\/product\/yoast-seo-wordpress\/ -->\n<title>D-CON Orange Degreaser concentrate - Detail Spot<\/title>\n<meta name=\"description\" content=\"D-CON Orange Degreaser concentrateIdeal for cleaning engines, machines, tools, tyres, rims damaged by insects and insect splatter\" \/>\n<meta name=\"robots\" content=\"index, follow, max-snippet:-1, max-image-preview:large, max-video-preview:-1\" \/>\n<link rel=\"canonical\" href=\"https:\/\/detailspot.lt\/en\/produktas\/d-con-orange-degreaser-concentrate\/\" \/>\n<meta property=\"og:locale\" content=\"en_US\" \/>\n<meta property=\"og:type\" content=\"article\" \/>\n<meta property=\"og:title\" content=\"D-CON Orange Degreaser concentrate - Detail Spot\" \/>\n<meta property=\"og:description\" content=\"D-CON Orange Degreaser concentrateIdeal for cleaning engines, machines, tools, tyres, rims damaged by insects and insect splatter\" \/>\n<meta property=\"og:url\" content=\"https:\/\/detailspot.lt\/en\/produktas\/d-con-orange-degreaser-concentrate\/\" \/>\n<meta property=\"og:site_name\" content=\"Detail Spot\" \/>\n<meta property=\"article:publisher\" content=\"https:\/\/www.facebook.com\/profile.php?id=100039208338156\" \/>\n<meta property=\"article:modified_time\" content=\"2025-03-23T17:09:35+00:00\" \/>\n<meta property=\"og:image\" content=\"https:\/\/detailspot.lt\/wp-content\/uploads\/2023\/10\/carcare24.eu-d_cld_201_500-d-con-orange-degreaser-cleaner-concentrate-500ml_jpg.webp\" \/>\n\t<meta property=\"og:image:width\" content=\"500\" \/>\n\t<meta property=\"og:image:height\" content=\"500\" \/>\n\t<meta property=\"og:image:type\" content=\"image\/webp\" \/>\n<meta name=\"twitter:card\" content=\"summary_large_image\" \/>\n<meta name=\"twitter:label1\" content=\"Est. reading time\" \/>\n\t<meta name=\"twitter:data1\" content=\"1 minute\" \/>\n<script type=\"application\/ld+json\" class=\"yoast-schema-graph\">{\"@context\":\"https:\\\/\\\/schema.org\",\"@graph\":[{\"@type\":\"WebPage\",\"@id\":\"https:\\\/\\\/detailspot.lt\\\/en\\\/produktas\\\/d-con-orange-degreaser-concentrate\\\/\",\"url\":\"https:\\\/\\\/detailspot.lt\\\/en\\\/produktas\\\/d-con-orange-degreaser-concentrate\\\/\",\"name\":\"D-CON Orange Degreaser concentrate - Detail Spot\",\"isPartOf\":{\"@id\":\"https:\\\/\\\/detailspot.lt\\\/#website\"},\"primaryImageOfPage\":{\"@id\":\"https:\\\/\\\/detailspot.lt\\\/en\\\/produktas\\\/d-con-orange-degreaser-concentrate\\\/#primaryimage\"},\"image\":{\"@id\":\"https:\\\/\\\/detailspot.lt\\\/en\\\/produktas\\\/d-con-orange-degreaser-concentrate\\\/#primaryimage\"},\"thumbnailUrl\":\"https:\\\/\\\/detailspot.lt\\\/wp-content\\\/uploads\\\/2023\\\/10\\\/carcare24.eu-d_cld_201_500-d-con-orange-degreaser-cleaner-concentrate-500ml_jpg.webp\",\"datePublished\":\"2023-10-26T12:22:54+00:00\",\"dateModified\":\"2025-03-23T17:09:35+00:00\",\"description\":\"D-CON Orange Degreaser concentrateIdeal for cleaning engines, machines, tools, tyres, rims damaged by insects and insect splatter\",\"breadcrumb\":{\"@id\":\"https:\\\/\\\/detailspot.lt\\\/en\\\/produktas\\\/d-con-orange-degreaser-concentrate\\\/#breadcrumb\"},\"inLanguage\":\"en-US\",\"potentialAction\":[{\"@type\":\"ReadAction\",\"target\":[\"https:\\\/\\\/detailspot.lt\\\/en\\\/produktas\\\/d-con-orange-degreaser-concentrate\\\/\"]}]},{\"@type\":\"ImageObject\",\"inLanguage\":\"en-US\",\"@id\":\"https:\\\/\\\/detailspot.lt\\\/en\\\/produktas\\\/d-con-orange-degreaser-concentrate\\\/#primaryimage\",\"url\":\"https:\\\/\\\/detailspot.lt\\\/wp-content\\\/uploads\\\/2023\\\/10\\\/carcare24.eu-d_cld_201_500-d-con-orange-degreaser-cleaner-concentrate-500ml_jpg.webp\",\"contentUrl\":\"https:\\\/\\\/detailspot.lt\\\/wp-content\\\/uploads\\\/2023\\\/10\\\/carcare24.eu-d_cld_201_500-d-con-orange-degreaser-cleaner-concentrate-500ml_jpg.webp\",\"width\":500,\"height\":500},{\"@type\":\"BreadcrumbList\",\"@id\":\"https:\\\/\\\/detailspot.lt\\\/en\\\/produktas\\\/d-con-orange-degreaser-concentrate\\\/#breadcrumb\",\"itemListElement\":[{\"@type\":\"ListItem\",\"position\":1,\"name\":\"Home\",\"item\":\"https:\\\/\\\/detailspot.lt\\\/en\\\/\"},{\"@type\":\"ListItem\",\"position\":2,\"name\":\"Shop\",\"item\":\"https:\\\/\\\/detailspot.lt\\\/en\\\/parduotuve\\\/\"},{\"@type\":\"ListItem\",\"position\":3,\"name\":\"D-CON Orange Degreaser concentrate\"}]},{\"@type\":\"WebSite\",\"@id\":\"https:\\\/\\\/detailspot.lt\\\/#website\",\"url\":\"https:\\\/\\\/detailspot.lt\\\/\",\"name\":\"Detail Spot\",\"description\":\"Automobili\u0173 prie\u017ei\u016bros priemon\u0117s\",\"publisher\":{\"@id\":\"https:\\\/\\\/detailspot.lt\\\/#organization\"},\"potentialAction\":[{\"@type\":\"SearchAction\",\"target\":{\"@type\":\"EntryPoint\",\"urlTemplate\":\"https:\\\/\\\/detailspot.lt\\\/?s={search_term_string}\"},\"query-input\":{\"@type\":\"PropertyValueSpecification\",\"valueRequired\":true,\"valueName\":\"search_term_string\"}}],\"inLanguage\":\"en-US\"},{\"@type\":\"Organization\",\"@id\":\"https:\\\/\\\/detailspot.lt\\\/#organization\",\"name\":\"Detail Spot\",\"url\":\"https:\\\/\\\/detailspot.lt\\\/\",\"logo\":{\"@type\":\"ImageObject\",\"inLanguage\":\"en-US\",\"@id\":\"https:\\\/\\\/detailspot.lt\\\/#\\\/schema\\\/logo\\\/image\\\/\",\"url\":\"https:\\\/\\\/detailspot.lt\\\/wp-content\\\/uploads\\\/2022\\\/10\\\/logo-original.svg\",\"contentUrl\":\"https:\\\/\\\/detailspot.lt\\\/wp-content\\\/uploads\\\/2022\\\/10\\\/logo-original.svg\",\"width\":1,\"height\":1,\"caption\":\"Detail Spot\"},\"image\":{\"@id\":\"https:\\\/\\\/detailspot.lt\\\/#\\\/schema\\\/logo\\\/image\\\/\"},\"sameAs\":[\"https:\\\/\\\/www.facebook.com\\\/profile.php?id=100039208338156\"]}]}<\/script>\n<!-- \/ Yoast SEO plugin. -->","yoast_head_json":{"title":"D-CON Orange Degreaser concentrate - Detail Spot","description":"D-CON Orange Degreaser concentrateIdeal for cleaning engines, machines, tools, tyres, rims damaged by insects and insect splatter","robots":{"index":"index","follow":"follow","max-snippet":"max-snippet:-1","max-image-preview":"max-image-preview:large","max-video-preview":"max-video-preview:-1"},"canonical":"https:\/\/detailspot.lt\/en\/produktas\/d-con-orange-degreaser-concentrate\/","og_locale":"en_US","og_type":"article","og_title":"D-CON Orange Degreaser concentrate - Detail Spot","og_description":"D-CON Orange Degreaser concentrateIdeal for cleaning engines, machines, tools, tyres, rims damaged by insects and insect splatter","og_url":"https:\/\/detailspot.lt\/en\/produktas\/d-con-orange-degreaser-concentrate\/","og_site_name":"Detail Spot","article_publisher":"https:\/\/www.facebook.com\/profile.php?id=100039208338156","article_modified_time":"2025-03-23T17:09:35+00:00","og_image":[{"width":500,"height":500,"url":"https:\/\/detailspot.lt\/wp-content\/uploads\/2023\/10\/carcare24.eu-d_cld_201_500-d-con-orange-degreaser-cleaner-concentrate-500ml_jpg.webp","type":"image\/webp"}],"twitter_card":"summary_large_image","twitter_misc":{"Est. reading time":"1 minute"},"schema":{"@context":"https:\/\/schema.org","@graph":[{"@type":"WebPage","@id":"https:\/\/detailspot.lt\/en\/produktas\/d-con-orange-degreaser-concentrate\/","url":"https:\/\/detailspot.lt\/en\/produktas\/d-con-orange-degreaser-concentrate\/","name":"D-CON Orange Degreaser concentrate - Detail Spot","isPartOf":{"@id":"https:\/\/detailspot.lt\/#website"},"primaryImageOfPage":{"@id":"https:\/\/detailspot.lt\/en\/produktas\/d-con-orange-degreaser-concentrate\/#primaryimage"},"image":{"@id":"https:\/\/detailspot.lt\/en\/produktas\/d-con-orange-degreaser-concentrate\/#primaryimage"},"thumbnailUrl":"https:\/\/detailspot.lt\/wp-content\/uploads\/2023\/10\/carcare24.eu-d_cld_201_500-d-con-orange-degreaser-cleaner-concentrate-500ml_jpg.webp","datePublished":"2023-10-26T12:22:54+00:00","dateModified":"2025-03-23T17:09:35+00:00","description":"D-CON Orange Degreaser concentrateIdeal for cleaning engines, machines, tools, tyres, rims damaged by insects and insect splatter","breadcrumb":{"@id":"https:\/\/detailspot.lt\/en\/produktas\/d-con-orange-degreaser-concentrate\/#breadcrumb"},"inLanguage":"en-US","potentialAction":[{"@type":"ReadAction","target":["https:\/\/detailspot.lt\/en\/produktas\/d-con-orange-degreaser-concentrate\/"]}]},{"@type":"ImageObject","inLanguage":"en-US","@id":"https:\/\/detailspot.lt\/en\/produktas\/d-con-orange-degreaser-concentrate\/#primaryimage","url":"https:\/\/detailspot.lt\/wp-content\/uploads\/2023\/10\/carcare24.eu-d_cld_201_500-d-con-orange-degreaser-cleaner-concentrate-500ml_jpg.webp","contentUrl":"https:\/\/detailspot.lt\/wp-content\/uploads\/2023\/10\/carcare24.eu-d_cld_201_500-d-con-orange-degreaser-cleaner-concentrate-500ml_jpg.webp","width":500,"height":500},{"@type":"BreadcrumbList","@id":"https:\/\/detailspot.lt\/en\/produktas\/d-con-orange-degreaser-concentrate\/#breadcrumb","itemListElement":[{"@type":"ListItem","position":1,"name":"Home","item":"https:\/\/detailspot.lt\/en\/"},{"@type":"ListItem","position":2,"name":"Shop","item":"https:\/\/detailspot.lt\/en\/parduotuve\/"},{"@type":"ListItem","position":3,"name":"D-CON Orange Degreaser concentrate"}]},{"@type":"WebSite","@id":"https:\/\/detailspot.lt\/#website","url":"https:\/\/detailspot.lt\/","name":"Detail Spot","description":"Automobili\u0173 prie\u017ei\u016bros priemon\u0117s","publisher":{"@id":"https:\/\/detailspot.lt\/#organization"},"potentialAction":[{"@type":"SearchAction","target":{"@type":"EntryPoint","urlTemplate":"https:\/\/detailspot.lt\/?s={search_term_string}"},"query-input":{"@type":"PropertyValueSpecification","valueRequired":true,"valueName":"search_term_string"}}],"inLanguage":"en-US"},{"@type":"Organization","@id":"https:\/\/detailspot.lt\/#organization","name":"Detail Spot","url":"https:\/\/detailspot.lt\/","logo":{"@type":"ImageObject","inLanguage":"en-US","@id":"https:\/\/detailspot.lt\/#\/schema\/logo\/image\/","url":"https:\/\/detailspot.lt\/wp-content\/uploads\/2022\/10\/logo-original.svg","contentUrl":"https:\/\/detailspot.lt\/wp-content\/uploads\/2022\/10\/logo-original.svg","width":1,"height":1,"caption":"Detail Spot"},"image":{"@id":"https:\/\/detailspot.lt\/#\/schema\/logo\/image\/"},"sameAs":["https:\/\/www.facebook.com\/profile.php?id=100039208338156"]}]}},"_links":{"self":[{"href":"https:\/\/detailspot.lt\/en\/wp-json\/wp\/v2\/product\/6203","targetHints":{"allow":["GET"]}}],"collection":[{"href":"https:\/\/detailspot.lt\/en\/wp-json\/wp\/v2\/product"}],"about":[{"href":"https:\/\/detailspot.lt\/en\/wp-json\/wp\/v2\/types\/product"}],"replies":[{"embeddable":true,"href":"https:\/\/detailspot.lt\/en\/wp-json\/wp\/v2\/comments?post=6203"}],"wp:featuredmedia":[{"embeddable":true,"href":"https:\/\/detailspot.lt\/en\/wp-json\/wp\/v2\/media\/5556"}],"wp:attachment":[{"href":"https:\/\/detailspot.lt\/en\/wp-json\/wp\/v2\/media?parent=6203"}],"wp:term":[{"taxonomy":"product_brand","embeddable":true,"href":"https:\/\/detailspot.lt\/en\/wp-json\/wp\/v2\/product_brand?post=6203"},{"taxonomy":"product_cat","embeddable":true,"href":"https:\/\/detailspot.lt\/en\/wp-json\/wp\/v2\/product_cat?post=6203"},{"taxonomy":"product_tag","embeddable":true,"href":"https:\/\/detailspot.lt\/en\/wp-json\/wp\/v2\/product_tag?post=6203"}],"curies":[{"name":"wp","href":"https:\/\/api.w.org\/{rel}","templated":true}]}}