{"id":6187,"date":"2023-10-27T10:14:24","date_gmt":"2023-10-27T07:14:24","guid":{"rendered":"https:\/\/detailspot.lt\/produktas\/d-con-ceramic-glass-clean-protect-rain-x-repellent-2\/"},"modified":"2023-10-27T10:14:24","modified_gmt":"2023-10-27T07:14:24","slug":"d-con-ceramic-glass-clean-protect-rain-x-repellent-2","status":"publish","type":"product","link":"https:\/\/detailspot.lt\/en\/produktas\/d-con-ceramic-glass-clean-protect-rain-x-repellent-2\/","title":{"rendered":"D-CON Ceramic Glass Clean Protect Rain X Repellent"},"content":{"rendered":"<h1>D-CON Ceramic Glass Clean Protect Rain X Repellent<\/h1>\n<p>is the best ceramic windscreen cleaner for maximum visibility in all weather conditions. Everyone knows that good visibility is essential in all conditions. Rain, fog and torrential rain can make it difficult to see out of your windscreen. D-CON Ceramic Glass Clean and Protect creates a smooth surface that helps repel water and dirt. It doesn&#8217;t block or obstruct visibility, D-CON Ceramic Glass and Protect is extremely easy to clean and adds a ceramic layer in just one step.<\/p>\n<p>D Con Ceramic Glass Clean and Protect creates a protective layer that ensures that water is quickly removed from the surface!<\/p>\n<h2>Application:<\/h2>\n<ol>\n<li>Clean dirty glass first with D Con Streak Free glass cleaner.<\/li>\n<li>Then wipe the glass with Claybar &amp; Lubricant and clean with IPA (isopropyl alcohol).<\/li>\n<li>Shake well and spray D-CON Ceramic Glass Clean and Protect onto a microfibre towel.<\/li>\n<li>Spread the product on the glass and let it dry for 2 minutes.<\/li>\n<li>Wipe the surface with a dry microfibre cloth to remove excess product.<\/li>\n<li>Apply a second coat to make the protection last longer<\/li>\n<\/ol>\n<p>&nbsp;<\/p>\n<p>&nbsp;<\/p>\n<p style=\"text-align: center;\"><img loading=\"lazy\" decoding=\"async\" class=\"alignnone size-medium wp-image-5205\" src=\"https:\/\/detailspot.lt\/wp-content\/uploads\/2023\/08\/logos-d-con-dcon-decon_jpg-300x120.webp\" alt=\"\" width=\"300\" height=\"120\" srcset=\"https:\/\/detailspot.lt\/wp-content\/uploads\/2023\/08\/logos-d-con-dcon-decon_jpg-300x120.webp 300w, https:\/\/detailspot.lt\/wp-content\/uploads\/2023\/08\/logos-d-con-dcon-decon_jpg-64x26.webp 64w, https:\/\/detailspot.lt\/wp-content\/uploads\/2023\/08\/logos-d-con-dcon-decon_jpg.webp 500w\" sizes=\"auto, (max-width: 300px) 100vw, 300px\" \/><\/p>\n","protected":false},"excerpt":{"rendered":"<p>D-CON Ceramic Glass Clean Protect Rain X Repellent is the best ceramic windscreen cleaner for maximum visibility in all weather conditions. Everyone knows that good visibility is essential in all conditions. Rain, fog and torrential rain can make it difficult to see out of your windscreen. D-CON Ceramic Glass Clean and Protect creates a smooth&hellip;<\/p>\n","protected":false},"featured_media":5603,"comment_status":"closed","ping_status":"closed","template":"","meta":[],"product_brand":[],"product_cat":[160,190,163],"product_tag":[],"class_list":{"0":"post-6187","1":"product","2":"type-product","3":"status-publish","4":"has-post-thumbnail","6":"product_cat-exterior","7":"product_cat-special-offer-en","8":"product_cat-windscreen-maintenance","9":"description-off","11":"first","12":"instock","13":"taxable","14":"shipping-taxable","15":"purchasable","16":"product-type-variable"},"yoast_head":"<!-- This site is optimized with the Yoast SEO plugin v27.4 - https:\/\/yoast.com\/product\/yoast-seo-wordpress\/ -->\n<title>D-CON Ceramic Glass Clean Protect Rain X Repellent - Detail Spot<\/title>\n<meta name=\"description\" content=\"D-CON Ceramic Glass Clean Protect Rain X Repellent is the best ceramic windscreen cleaner for maximum visibility in all weather conditions.\" \/>\n<meta name=\"robots\" content=\"index, follow, max-snippet:-1, max-image-preview:large, max-video-preview:-1\" \/>\n<link rel=\"canonical\" href=\"https:\/\/detailspot.lt\/en\/produktas\/d-con-ceramic-glass-clean-protect-rain-x-repellent-2\/\" \/>\n<meta property=\"og:locale\" content=\"en_US\" \/>\n<meta property=\"og:type\" content=\"article\" \/>\n<meta property=\"og:title\" content=\"D-CON Ceramic Glass Clean Protect Rain X Repellent - Detail Spot\" \/>\n<meta property=\"og:description\" content=\"D-CON Ceramic Glass Clean Protect Rain X Repellent is the best ceramic windscreen cleaner for maximum visibility in all weather conditions.\" \/>\n<meta property=\"og:url\" content=\"https:\/\/detailspot.lt\/en\/produktas\/d-con-ceramic-glass-clean-protect-rain-x-repellent-2\/\" \/>\n<meta property=\"og:site_name\" content=\"Detail Spot\" \/>\n<meta property=\"article:publisher\" content=\"https:\/\/www.facebook.com\/profile.php?id=100039208338156\" \/>\n<meta property=\"og:image\" content=\"https:\/\/detailspot.lt\/wp-content\/uploads\/2023\/10\/carcare24.eu-d_cld_305_500-d-con-ceramic-glass-clean-protect-rain-x-repellant-500ml_jpg.webp\" \/>\n\t<meta property=\"og:image:width\" content=\"500\" \/>\n\t<meta property=\"og:image:height\" content=\"500\" \/>\n\t<meta property=\"og:image:type\" content=\"image\/webp\" \/>\n<meta name=\"twitter:card\" content=\"summary_large_image\" \/>\n<meta name=\"twitter:label1\" content=\"Est. reading time\" \/>\n\t<meta name=\"twitter:data1\" content=\"1 minute\" \/>\n<script type=\"application\/ld+json\" class=\"yoast-schema-graph\">{\"@context\":\"https:\\\/\\\/schema.org\",\"@graph\":[{\"@type\":\"WebPage\",\"@id\":\"https:\\\/\\\/detailspot.lt\\\/en\\\/produktas\\\/d-con-ceramic-glass-clean-protect-rain-x-repellent-2\\\/\",\"url\":\"https:\\\/\\\/detailspot.lt\\\/en\\\/produktas\\\/d-con-ceramic-glass-clean-protect-rain-x-repellent-2\\\/\",\"name\":\"D-CON Ceramic Glass Clean Protect Rain X Repellent - Detail Spot\",\"isPartOf\":{\"@id\":\"https:\\\/\\\/detailspot.lt\\\/#website\"},\"primaryImageOfPage\":{\"@id\":\"https:\\\/\\\/detailspot.lt\\\/en\\\/produktas\\\/d-con-ceramic-glass-clean-protect-rain-x-repellent-2\\\/#primaryimage\"},\"image\":{\"@id\":\"https:\\\/\\\/detailspot.lt\\\/en\\\/produktas\\\/d-con-ceramic-glass-clean-protect-rain-x-repellent-2\\\/#primaryimage\"},\"thumbnailUrl\":\"https:\\\/\\\/detailspot.lt\\\/wp-content\\\/uploads\\\/2023\\\/10\\\/carcare24.eu-d_cld_305_500-d-con-ceramic-glass-clean-protect-rain-x-repellant-500ml_jpg.webp\",\"datePublished\":\"2023-10-27T07:14:24+00:00\",\"description\":\"D-CON Ceramic Glass Clean Protect Rain X Repellent is the best ceramic windscreen cleaner for maximum visibility in all weather conditions.\",\"breadcrumb\":{\"@id\":\"https:\\\/\\\/detailspot.lt\\\/en\\\/produktas\\\/d-con-ceramic-glass-clean-protect-rain-x-repellent-2\\\/#breadcrumb\"},\"inLanguage\":\"en-US\",\"potentialAction\":[{\"@type\":\"ReadAction\",\"target\":[\"https:\\\/\\\/detailspot.lt\\\/en\\\/produktas\\\/d-con-ceramic-glass-clean-protect-rain-x-repellent-2\\\/\"]}]},{\"@type\":\"ImageObject\",\"inLanguage\":\"en-US\",\"@id\":\"https:\\\/\\\/detailspot.lt\\\/en\\\/produktas\\\/d-con-ceramic-glass-clean-protect-rain-x-repellent-2\\\/#primaryimage\",\"url\":\"https:\\\/\\\/detailspot.lt\\\/wp-content\\\/uploads\\\/2023\\\/10\\\/carcare24.eu-d_cld_305_500-d-con-ceramic-glass-clean-protect-rain-x-repellant-500ml_jpg.webp\",\"contentUrl\":\"https:\\\/\\\/detailspot.lt\\\/wp-content\\\/uploads\\\/2023\\\/10\\\/carcare24.eu-d_cld_305_500-d-con-ceramic-glass-clean-protect-rain-x-repellant-500ml_jpg.webp\",\"width\":500,\"height\":500},{\"@type\":\"BreadcrumbList\",\"@id\":\"https:\\\/\\\/detailspot.lt\\\/en\\\/produktas\\\/d-con-ceramic-glass-clean-protect-rain-x-repellent-2\\\/#breadcrumb\",\"itemListElement\":[{\"@type\":\"ListItem\",\"position\":1,\"name\":\"Home\",\"item\":\"https:\\\/\\\/detailspot.lt\\\/en\\\/\"},{\"@type\":\"ListItem\",\"position\":2,\"name\":\"Shop\",\"item\":\"https:\\\/\\\/detailspot.lt\\\/en\\\/parduotuve\\\/\"},{\"@type\":\"ListItem\",\"position\":3,\"name\":\"D-CON Ceramic Glass Clean Protect Rain X Repellent\"}]},{\"@type\":\"WebSite\",\"@id\":\"https:\\\/\\\/detailspot.lt\\\/#website\",\"url\":\"https:\\\/\\\/detailspot.lt\\\/\",\"name\":\"Detail Spot\",\"description\":\"Automobili\u0173 prie\u017ei\u016bros priemon\u0117s\",\"publisher\":{\"@id\":\"https:\\\/\\\/detailspot.lt\\\/#organization\"},\"potentialAction\":[{\"@type\":\"SearchAction\",\"target\":{\"@type\":\"EntryPoint\",\"urlTemplate\":\"https:\\\/\\\/detailspot.lt\\\/?s={search_term_string}\"},\"query-input\":{\"@type\":\"PropertyValueSpecification\",\"valueRequired\":true,\"valueName\":\"search_term_string\"}}],\"inLanguage\":\"en-US\"},{\"@type\":\"Organization\",\"@id\":\"https:\\\/\\\/detailspot.lt\\\/#organization\",\"name\":\"Detail Spot\",\"url\":\"https:\\\/\\\/detailspot.lt\\\/\",\"logo\":{\"@type\":\"ImageObject\",\"inLanguage\":\"en-US\",\"@id\":\"https:\\\/\\\/detailspot.lt\\\/#\\\/schema\\\/logo\\\/image\\\/\",\"url\":\"https:\\\/\\\/detailspot.lt\\\/wp-content\\\/uploads\\\/2022\\\/10\\\/logo-original.svg\",\"contentUrl\":\"https:\\\/\\\/detailspot.lt\\\/wp-content\\\/uploads\\\/2022\\\/10\\\/logo-original.svg\",\"width\":1,\"height\":1,\"caption\":\"Detail Spot\"},\"image\":{\"@id\":\"https:\\\/\\\/detailspot.lt\\\/#\\\/schema\\\/logo\\\/image\\\/\"},\"sameAs\":[\"https:\\\/\\\/www.facebook.com\\\/profile.php?id=100039208338156\"]}]}<\/script>\n<!-- \/ Yoast SEO plugin. -->","yoast_head_json":{"title":"D-CON Ceramic Glass Clean Protect Rain X Repellent - Detail Spot","description":"D-CON Ceramic Glass Clean Protect Rain X Repellent is the best ceramic windscreen cleaner for maximum visibility in all weather conditions.","robots":{"index":"index","follow":"follow","max-snippet":"max-snippet:-1","max-image-preview":"max-image-preview:large","max-video-preview":"max-video-preview:-1"},"canonical":"https:\/\/detailspot.lt\/en\/produktas\/d-con-ceramic-glass-clean-protect-rain-x-repellent-2\/","og_locale":"en_US","og_type":"article","og_title":"D-CON Ceramic Glass Clean Protect Rain X Repellent - Detail Spot","og_description":"D-CON Ceramic Glass Clean Protect Rain X Repellent is the best ceramic windscreen cleaner for maximum visibility in all weather conditions.","og_url":"https:\/\/detailspot.lt\/en\/produktas\/d-con-ceramic-glass-clean-protect-rain-x-repellent-2\/","og_site_name":"Detail Spot","article_publisher":"https:\/\/www.facebook.com\/profile.php?id=100039208338156","og_image":[{"width":500,"height":500,"url":"https:\/\/detailspot.lt\/wp-content\/uploads\/2023\/10\/carcare24.eu-d_cld_305_500-d-con-ceramic-glass-clean-protect-rain-x-repellant-500ml_jpg.webp","type":"image\/webp"}],"twitter_card":"summary_large_image","twitter_misc":{"Est. reading time":"1 minute"},"schema":{"@context":"https:\/\/schema.org","@graph":[{"@type":"WebPage","@id":"https:\/\/detailspot.lt\/en\/produktas\/d-con-ceramic-glass-clean-protect-rain-x-repellent-2\/","url":"https:\/\/detailspot.lt\/en\/produktas\/d-con-ceramic-glass-clean-protect-rain-x-repellent-2\/","name":"D-CON Ceramic Glass Clean Protect Rain X Repellent - Detail Spot","isPartOf":{"@id":"https:\/\/detailspot.lt\/#website"},"primaryImageOfPage":{"@id":"https:\/\/detailspot.lt\/en\/produktas\/d-con-ceramic-glass-clean-protect-rain-x-repellent-2\/#primaryimage"},"image":{"@id":"https:\/\/detailspot.lt\/en\/produktas\/d-con-ceramic-glass-clean-protect-rain-x-repellent-2\/#primaryimage"},"thumbnailUrl":"https:\/\/detailspot.lt\/wp-content\/uploads\/2023\/10\/carcare24.eu-d_cld_305_500-d-con-ceramic-glass-clean-protect-rain-x-repellant-500ml_jpg.webp","datePublished":"2023-10-27T07:14:24+00:00","description":"D-CON Ceramic Glass Clean Protect Rain X Repellent is the best ceramic windscreen cleaner for maximum visibility in all weather conditions.","breadcrumb":{"@id":"https:\/\/detailspot.lt\/en\/produktas\/d-con-ceramic-glass-clean-protect-rain-x-repellent-2\/#breadcrumb"},"inLanguage":"en-US","potentialAction":[{"@type":"ReadAction","target":["https:\/\/detailspot.lt\/en\/produktas\/d-con-ceramic-glass-clean-protect-rain-x-repellent-2\/"]}]},{"@type":"ImageObject","inLanguage":"en-US","@id":"https:\/\/detailspot.lt\/en\/produktas\/d-con-ceramic-glass-clean-protect-rain-x-repellent-2\/#primaryimage","url":"https:\/\/detailspot.lt\/wp-content\/uploads\/2023\/10\/carcare24.eu-d_cld_305_500-d-con-ceramic-glass-clean-protect-rain-x-repellant-500ml_jpg.webp","contentUrl":"https:\/\/detailspot.lt\/wp-content\/uploads\/2023\/10\/carcare24.eu-d_cld_305_500-d-con-ceramic-glass-clean-protect-rain-x-repellant-500ml_jpg.webp","width":500,"height":500},{"@type":"BreadcrumbList","@id":"https:\/\/detailspot.lt\/en\/produktas\/d-con-ceramic-glass-clean-protect-rain-x-repellent-2\/#breadcrumb","itemListElement":[{"@type":"ListItem","position":1,"name":"Home","item":"https:\/\/detailspot.lt\/en\/"},{"@type":"ListItem","position":2,"name":"Shop","item":"https:\/\/detailspot.lt\/en\/parduotuve\/"},{"@type":"ListItem","position":3,"name":"D-CON Ceramic Glass Clean Protect Rain X Repellent"}]},{"@type":"WebSite","@id":"https:\/\/detailspot.lt\/#website","url":"https:\/\/detailspot.lt\/","name":"Detail Spot","description":"Automobili\u0173 prie\u017ei\u016bros priemon\u0117s","publisher":{"@id":"https:\/\/detailspot.lt\/#organization"},"potentialAction":[{"@type":"SearchAction","target":{"@type":"EntryPoint","urlTemplate":"https:\/\/detailspot.lt\/?s={search_term_string}"},"query-input":{"@type":"PropertyValueSpecification","valueRequired":true,"valueName":"search_term_string"}}],"inLanguage":"en-US"},{"@type":"Organization","@id":"https:\/\/detailspot.lt\/#organization","name":"Detail Spot","url":"https:\/\/detailspot.lt\/","logo":{"@type":"ImageObject","inLanguage":"en-US","@id":"https:\/\/detailspot.lt\/#\/schema\/logo\/image\/","url":"https:\/\/detailspot.lt\/wp-content\/uploads\/2022\/10\/logo-original.svg","contentUrl":"https:\/\/detailspot.lt\/wp-content\/uploads\/2022\/10\/logo-original.svg","width":1,"height":1,"caption":"Detail Spot"},"image":{"@id":"https:\/\/detailspot.lt\/#\/schema\/logo\/image\/"},"sameAs":["https:\/\/www.facebook.com\/profile.php?id=100039208338156"]}]}},"_links":{"self":[{"href":"https:\/\/detailspot.lt\/en\/wp-json\/wp\/v2\/product\/6187","targetHints":{"allow":["GET"]}}],"collection":[{"href":"https:\/\/detailspot.lt\/en\/wp-json\/wp\/v2\/product"}],"about":[{"href":"https:\/\/detailspot.lt\/en\/wp-json\/wp\/v2\/types\/product"}],"replies":[{"embeddable":true,"href":"https:\/\/detailspot.lt\/en\/wp-json\/wp\/v2\/comments?post=6187"}],"wp:featuredmedia":[{"embeddable":true,"href":"https:\/\/detailspot.lt\/en\/wp-json\/wp\/v2\/media\/5603"}],"wp:attachment":[{"href":"https:\/\/detailspot.lt\/en\/wp-json\/wp\/v2\/media?parent=6187"}],"wp:term":[{"taxonomy":"product_brand","embeddable":true,"href":"https:\/\/detailspot.lt\/en\/wp-json\/wp\/v2\/product_brand?post=6187"},{"taxonomy":"product_cat","embeddable":true,"href":"https:\/\/detailspot.lt\/en\/wp-json\/wp\/v2\/product_cat?post=6187"},{"taxonomy":"product_tag","embeddable":true,"href":"https:\/\/detailspot.lt\/en\/wp-json\/wp\/v2\/product_tag?post=6187"}],"curies":[{"name":"wp","href":"https:\/\/api.w.org\/{rel}","templated":true}]}}