{"id":6172,"date":"2023-10-27T11:22:55","date_gmt":"2023-10-27T08:22:55","guid":{"rendered":"https:\/\/detailspot.lt\/produktas\/d-con-wheel-and-rim-wax-2\/"},"modified":"2025-11-30T04:30:50","modified_gmt":"2025-11-30T02:30:50","slug":"d-con-wheel-and-rim-wax-2","status":"publish","type":"product","link":"https:\/\/detailspot.lt\/en\/produktas\/d-con-wheel-and-rim-wax-2\/","title":{"rendered":"D-CON Wheel and Rim Wax"},"content":{"rendered":"<h1>D-CON Wheel and Rim Wax V2<\/h1>\n<p>gives a special shine and protection to all rims, including chrome and metal rims Don&#8217;t let dirt such as brake dust and salt damage your wheels. D-CON Wheel and Rim Wax V2 is the solution.<\/p>\n<p>D-CON Wheel &amp; Rim Wax V2 repels brake dust and keeps rims clean and shiny. Brake dust is not only unsightly but also difficult to clean and can damage the rim. D-CON Wheel &amp; Rim Wax V2 coated surfaces stay cleaner for longer and are easier to clean with mild detergents. Protect chrome, polished aluminium, stainless steel, powder-coated, painted, vinyl-coated and even carbon fibre rims with D-CON Wheel &amp; Rim Wax V2.<\/p>\n<h2>Application:<\/h2>\n<ol>\n<li>Wash the wheels using wheel cleaner and a wheel brush.<\/li>\n<li>For best results, we recommend first cleaning the wheels with clay.<\/li>\n<li>Clean the wheels with Wipe Out or IPA.<\/li>\n<li>Take a small amount of the product on the applicator<\/li>\n<li>Apply thinly and evenly to the wheels.<\/li>\n<li>Let it harden for 15-20 minutes.<\/li>\n<li>Repeat if you want additional protection.<\/li>\n<li>Wipe off any residue with a microfibre cloth.<\/li>\n<li>The product dries completely within 2-3 hours.<\/li>\n<\/ol>\n<p><strong>Note: Store in a cool and dark place (keep out of direct sunlight).<\/strong><\/p>\n<p>&nbsp;<\/p>\n<p style=\"text-align: center;\"><img loading=\"lazy\" decoding=\"async\" class=\"alignnone size-medium wp-image-5205\" src=\"https:\/\/detailspot.lt\/wp-content\/uploads\/2023\/08\/logos-d-con-dcon-decon_jpg-300x120.webp\" alt=\"\" width=\"300\" height=\"120\" srcset=\"https:\/\/detailspot.lt\/wp-content\/uploads\/2023\/08\/logos-d-con-dcon-decon_jpg-300x120.webp 300w, https:\/\/detailspot.lt\/wp-content\/uploads\/2023\/08\/logos-d-con-dcon-decon_jpg-64x26.webp 64w, https:\/\/detailspot.lt\/wp-content\/uploads\/2023\/08\/logos-d-con-dcon-decon_jpg.webp 500w\" sizes=\"auto, (max-width: 300px) 100vw, 300px\" \/><\/p>\n","protected":false},"excerpt":{"rendered":"<p>D-CON Wheel and Rim Wax V2 gives a special shine and protection to all rims, including chrome and metal rims Don&#8217;t let dirt such as brake dust and salt damage your wheels. D-CON Wheel and Rim Wax V2 is the solution. D-CON Wheel &amp; Rim Wax V2 repels brake dust and keeps rims clean and&hellip;<\/p>\n","protected":false},"featured_media":5637,"comment_status":"closed","ping_status":"closed","template":"","meta":[],"product_brand":[],"product_cat":[190,177,175],"product_tag":[],"class_list":{"0":"post-6172","1":"product","2":"type-product","3":"status-publish","4":"has-post-thumbnail","6":"product_cat-special-offer-en","7":"product_cat-wheel-care","8":"product_cat-wheels-and-tyres","9":"description-off","11":"first","12":"instock","13":"taxable","14":"shipping-taxable","15":"purchasable","16":"product-type-variable"},"yoast_head":"<!-- This site is optimized with the Yoast SEO plugin v27.2 - https:\/\/yoast.com\/product\/yoast-seo-wordpress\/ -->\n<title>D-CON Wheel and Rim Wax - Detail Spot<\/title>\n<meta name=\"description\" content=\"D-CON Wheel and Rim Wax Provides extra shine and protection for all rims, including chrome and metallic rims\" \/>\n<meta name=\"robots\" content=\"index, follow, max-snippet:-1, max-image-preview:large, max-video-preview:-1\" \/>\n<link rel=\"canonical\" href=\"https:\/\/detailspot.lt\/en\/produktas\/d-con-wheel-and-rim-wax-2\/\" \/>\n<meta property=\"og:locale\" content=\"en_US\" \/>\n<meta property=\"og:type\" content=\"article\" \/>\n<meta property=\"og:title\" content=\"D-CON Wheel and Rim Wax - Detail Spot\" \/>\n<meta property=\"og:description\" content=\"D-CON Wheel and Rim Wax Provides extra shine and protection for all rims, including chrome and metallic rims\" \/>\n<meta property=\"og:url\" content=\"https:\/\/detailspot.lt\/en\/produktas\/d-con-wheel-and-rim-wax-2\/\" \/>\n<meta property=\"og:site_name\" content=\"Detail Spot\" \/>\n<meta property=\"article:publisher\" content=\"https:\/\/www.facebook.com\/profile.php?id=100039208338156\" \/>\n<meta property=\"article:modified_time\" content=\"2025-11-30T02:30:50+00:00\" \/>\n<meta property=\"og:image\" content=\"https:\/\/detailspot.lt\/wp-content\/uploads\/2023\/10\/carcare24.eu-d_10100_2_25-decon-rimwax-mini-15ml.2_jpg.webp\" \/>\n\t<meta property=\"og:image:width\" content=\"500\" \/>\n\t<meta property=\"og:image:height\" content=\"500\" \/>\n\t<meta property=\"og:image:type\" content=\"image\/webp\" \/>\n<meta name=\"twitter:card\" content=\"summary_large_image\" \/>\n<meta name=\"twitter:label1\" content=\"Est. reading time\" \/>\n\t<meta name=\"twitter:data1\" content=\"1 minute\" \/>\n<script type=\"application\/ld+json\" class=\"yoast-schema-graph\">{\"@context\":\"https:\/\/schema.org\",\"@graph\":[{\"@type\":\"WebPage\",\"@id\":\"https:\/\/detailspot.lt\/en\/produktas\/d-con-wheel-and-rim-wax-2\/\",\"url\":\"https:\/\/detailspot.lt\/en\/produktas\/d-con-wheel-and-rim-wax-2\/\",\"name\":\"D-CON Wheel and Rim Wax - Detail Spot\",\"isPartOf\":{\"@id\":\"https:\/\/detailspot.lt\/#website\"},\"primaryImageOfPage\":{\"@id\":\"https:\/\/detailspot.lt\/en\/produktas\/d-con-wheel-and-rim-wax-2\/#primaryimage\"},\"image\":{\"@id\":\"https:\/\/detailspot.lt\/en\/produktas\/d-con-wheel-and-rim-wax-2\/#primaryimage\"},\"thumbnailUrl\":\"https:\/\/detailspot.lt\/wp-content\/uploads\/2023\/10\/carcare24.eu-d_10100_2_25-decon-rimwax-mini-15ml.2_jpg.webp\",\"datePublished\":\"2023-10-27T08:22:55+00:00\",\"dateModified\":\"2025-11-30T02:30:50+00:00\",\"description\":\"D-CON Wheel and Rim Wax Provides extra shine and protection for all rims, including chrome and metallic rims\",\"breadcrumb\":{\"@id\":\"https:\/\/detailspot.lt\/en\/produktas\/d-con-wheel-and-rim-wax-2\/#breadcrumb\"},\"inLanguage\":\"en-US\",\"potentialAction\":[{\"@type\":\"ReadAction\",\"target\":[\"https:\/\/detailspot.lt\/en\/produktas\/d-con-wheel-and-rim-wax-2\/\"]}]},{\"@type\":\"ImageObject\",\"inLanguage\":\"en-US\",\"@id\":\"https:\/\/detailspot.lt\/en\/produktas\/d-con-wheel-and-rim-wax-2\/#primaryimage\",\"url\":\"https:\/\/detailspot.lt\/wp-content\/uploads\/2023\/10\/carcare24.eu-d_10100_2_25-decon-rimwax-mini-15ml.2_jpg.webp\",\"contentUrl\":\"https:\/\/detailspot.lt\/wp-content\/uploads\/2023\/10\/carcare24.eu-d_10100_2_25-decon-rimwax-mini-15ml.2_jpg.webp\",\"width\":500,\"height\":500},{\"@type\":\"BreadcrumbList\",\"@id\":\"https:\/\/detailspot.lt\/en\/produktas\/d-con-wheel-and-rim-wax-2\/#breadcrumb\",\"itemListElement\":[{\"@type\":\"ListItem\",\"position\":1,\"name\":\"Home\",\"item\":\"https:\/\/detailspot.lt\/en\/\"},{\"@type\":\"ListItem\",\"position\":2,\"name\":\"Shop\",\"item\":\"https:\/\/detailspot.lt\/en\/parduotuve\/\"},{\"@type\":\"ListItem\",\"position\":3,\"name\":\"D-CON Wheel and Rim Wax\"}]},{\"@type\":\"WebSite\",\"@id\":\"https:\/\/detailspot.lt\/#website\",\"url\":\"https:\/\/detailspot.lt\/\",\"name\":\"Detail Spot\",\"description\":\"Automobili\u0173 prie\u017ei\u016bros priemon\u0117s\",\"publisher\":{\"@id\":\"https:\/\/detailspot.lt\/#organization\"},\"potentialAction\":[{\"@type\":\"SearchAction\",\"target\":{\"@type\":\"EntryPoint\",\"urlTemplate\":\"https:\/\/detailspot.lt\/?s={search_term_string}\"},\"query-input\":{\"@type\":\"PropertyValueSpecification\",\"valueRequired\":true,\"valueName\":\"search_term_string\"}}],\"inLanguage\":\"en-US\"},{\"@type\":\"Organization\",\"@id\":\"https:\/\/detailspot.lt\/#organization\",\"name\":\"Detail Spot\",\"url\":\"https:\/\/detailspot.lt\/\",\"logo\":{\"@type\":\"ImageObject\",\"inLanguage\":\"en-US\",\"@id\":\"https:\/\/detailspot.lt\/#\/schema\/logo\/image\/\",\"url\":\"https:\/\/detailspot.lt\/wp-content\/uploads\/2022\/10\/logo-original.svg\",\"contentUrl\":\"https:\/\/detailspot.lt\/wp-content\/uploads\/2022\/10\/logo-original.svg\",\"width\":1,\"height\":1,\"caption\":\"Detail Spot\"},\"image\":{\"@id\":\"https:\/\/detailspot.lt\/#\/schema\/logo\/image\/\"},\"sameAs\":[\"https:\/\/www.facebook.com\/profile.php?id=100039208338156\"]}]}<\/script>\n<!-- \/ Yoast SEO plugin. -->","yoast_head_json":{"title":"D-CON Wheel and Rim Wax - Detail Spot","description":"D-CON Wheel and Rim Wax Provides extra shine and protection for all rims, including chrome and metallic rims","robots":{"index":"index","follow":"follow","max-snippet":"max-snippet:-1","max-image-preview":"max-image-preview:large","max-video-preview":"max-video-preview:-1"},"canonical":"https:\/\/detailspot.lt\/en\/produktas\/d-con-wheel-and-rim-wax-2\/","og_locale":"en_US","og_type":"article","og_title":"D-CON Wheel and Rim Wax - Detail Spot","og_description":"D-CON Wheel and Rim Wax Provides extra shine and protection for all rims, including chrome and metallic rims","og_url":"https:\/\/detailspot.lt\/en\/produktas\/d-con-wheel-and-rim-wax-2\/","og_site_name":"Detail Spot","article_publisher":"https:\/\/www.facebook.com\/profile.php?id=100039208338156","article_modified_time":"2025-11-30T02:30:50+00:00","og_image":[{"width":500,"height":500,"url":"https:\/\/detailspot.lt\/wp-content\/uploads\/2023\/10\/carcare24.eu-d_10100_2_25-decon-rimwax-mini-15ml.2_jpg.webp","type":"image\/webp"}],"twitter_card":"summary_large_image","twitter_misc":{"Est. reading time":"1 minute"},"schema":{"@context":"https:\/\/schema.org","@graph":[{"@type":"WebPage","@id":"https:\/\/detailspot.lt\/en\/produktas\/d-con-wheel-and-rim-wax-2\/","url":"https:\/\/detailspot.lt\/en\/produktas\/d-con-wheel-and-rim-wax-2\/","name":"D-CON Wheel and Rim Wax - Detail Spot","isPartOf":{"@id":"https:\/\/detailspot.lt\/#website"},"primaryImageOfPage":{"@id":"https:\/\/detailspot.lt\/en\/produktas\/d-con-wheel-and-rim-wax-2\/#primaryimage"},"image":{"@id":"https:\/\/detailspot.lt\/en\/produktas\/d-con-wheel-and-rim-wax-2\/#primaryimage"},"thumbnailUrl":"https:\/\/detailspot.lt\/wp-content\/uploads\/2023\/10\/carcare24.eu-d_10100_2_25-decon-rimwax-mini-15ml.2_jpg.webp","datePublished":"2023-10-27T08:22:55+00:00","dateModified":"2025-11-30T02:30:50+00:00","description":"D-CON Wheel and Rim Wax Provides extra shine and protection for all rims, including chrome and metallic rims","breadcrumb":{"@id":"https:\/\/detailspot.lt\/en\/produktas\/d-con-wheel-and-rim-wax-2\/#breadcrumb"},"inLanguage":"en-US","potentialAction":[{"@type":"ReadAction","target":["https:\/\/detailspot.lt\/en\/produktas\/d-con-wheel-and-rim-wax-2\/"]}]},{"@type":"ImageObject","inLanguage":"en-US","@id":"https:\/\/detailspot.lt\/en\/produktas\/d-con-wheel-and-rim-wax-2\/#primaryimage","url":"https:\/\/detailspot.lt\/wp-content\/uploads\/2023\/10\/carcare24.eu-d_10100_2_25-decon-rimwax-mini-15ml.2_jpg.webp","contentUrl":"https:\/\/detailspot.lt\/wp-content\/uploads\/2023\/10\/carcare24.eu-d_10100_2_25-decon-rimwax-mini-15ml.2_jpg.webp","width":500,"height":500},{"@type":"BreadcrumbList","@id":"https:\/\/detailspot.lt\/en\/produktas\/d-con-wheel-and-rim-wax-2\/#breadcrumb","itemListElement":[{"@type":"ListItem","position":1,"name":"Home","item":"https:\/\/detailspot.lt\/en\/"},{"@type":"ListItem","position":2,"name":"Shop","item":"https:\/\/detailspot.lt\/en\/parduotuve\/"},{"@type":"ListItem","position":3,"name":"D-CON Wheel and Rim Wax"}]},{"@type":"WebSite","@id":"https:\/\/detailspot.lt\/#website","url":"https:\/\/detailspot.lt\/","name":"Detail Spot","description":"Automobili\u0173 prie\u017ei\u016bros priemon\u0117s","publisher":{"@id":"https:\/\/detailspot.lt\/#organization"},"potentialAction":[{"@type":"SearchAction","target":{"@type":"EntryPoint","urlTemplate":"https:\/\/detailspot.lt\/?s={search_term_string}"},"query-input":{"@type":"PropertyValueSpecification","valueRequired":true,"valueName":"search_term_string"}}],"inLanguage":"en-US"},{"@type":"Organization","@id":"https:\/\/detailspot.lt\/#organization","name":"Detail Spot","url":"https:\/\/detailspot.lt\/","logo":{"@type":"ImageObject","inLanguage":"en-US","@id":"https:\/\/detailspot.lt\/#\/schema\/logo\/image\/","url":"https:\/\/detailspot.lt\/wp-content\/uploads\/2022\/10\/logo-original.svg","contentUrl":"https:\/\/detailspot.lt\/wp-content\/uploads\/2022\/10\/logo-original.svg","width":1,"height":1,"caption":"Detail Spot"},"image":{"@id":"https:\/\/detailspot.lt\/#\/schema\/logo\/image\/"},"sameAs":["https:\/\/www.facebook.com\/profile.php?id=100039208338156"]}]}},"_links":{"self":[{"href":"https:\/\/detailspot.lt\/en\/wp-json\/wp\/v2\/product\/6172","targetHints":{"allow":["GET"]}}],"collection":[{"href":"https:\/\/detailspot.lt\/en\/wp-json\/wp\/v2\/product"}],"about":[{"href":"https:\/\/detailspot.lt\/en\/wp-json\/wp\/v2\/types\/product"}],"replies":[{"embeddable":true,"href":"https:\/\/detailspot.lt\/en\/wp-json\/wp\/v2\/comments?post=6172"}],"wp:featuredmedia":[{"embeddable":true,"href":"https:\/\/detailspot.lt\/en\/wp-json\/wp\/v2\/media\/5637"}],"wp:attachment":[{"href":"https:\/\/detailspot.lt\/en\/wp-json\/wp\/v2\/media?parent=6172"}],"wp:term":[{"taxonomy":"product_brand","embeddable":true,"href":"https:\/\/detailspot.lt\/en\/wp-json\/wp\/v2\/product_brand?post=6172"},{"taxonomy":"product_cat","embeddable":true,"href":"https:\/\/detailspot.lt\/en\/wp-json\/wp\/v2\/product_cat?post=6172"},{"taxonomy":"product_tag","embeddable":true,"href":"https:\/\/detailspot.lt\/en\/wp-json\/wp\/v2\/product_tag?post=6172"}],"curies":[{"name":"wp","href":"https:\/\/api.w.org\/{rel}","templated":true}]}}