{"id":6157,"date":"2023-11-10T15:50:43","date_gmt":"2023-11-10T13:50:43","guid":{"rendered":"https:\/\/detailspot.lt\/produktas\/two-step-polishing-kit\/"},"modified":"2023-11-10T15:50:43","modified_gmt":"2023-11-10T13:50:43","slug":"two-step-polishing-kit","status":"publish","type":"product","link":"https:\/\/detailspot.lt\/en\/produktas\/two-step-polishing-kit\/","title":{"rendered":"Two-step polishing kit"},"content":{"rendered":"<h1>Two-step polishing kit<\/h1>\n<p>The set is complete so that you don&#8217;t have to collect different items yourself, saving you valuable time. Everything in one place!<\/p>\n<p>The set includes:<\/p>\n<p><a href=\"https:\/\/detailspot.lt\/en\/produktas\/fx-protect-heavy-cut-polishing-paste\/\">FX Protect Heavy Cut<\/a> 1l sharp polishing paste<\/p>\n<p><a href=\"https:\/\/detailspot.lt\/en\/produktas\/fx-protect-fine-cut-finishing-polish\/\">FX Protect Fine Cut<\/a> 1l finishing paste for a flawless shine<\/p>\n<p><a href=\"https:\/\/detailspot.lt\/en\/produktas\/fx-protect-microfiber-hybrid-pad\/\">FX Protect Hybrid<\/a> 135mm polishing pad for the first stage<\/p>\n<p><a href=\"https:\/\/detailspot.lt\/en\/produktas\/rupes-da-yellow-polishing-pad\/\">Rupes Yellow polishing sponge<\/a> 150mm for the finishing stage<\/p>\n<p><a href=\"https:\/\/detailspot.lt\/en\/produktas\/ewocar-microfibre-cloths\/\">The Ewocar Microfibre Cloth<\/a> Set comes with two cloths that are safe to use when wiping off polishing residue, and the different colours make it easier to distinguish which cloth was used in the first step and which in the second.<\/p>\n<p>&nbsp;<\/p>\n","protected":false},"excerpt":{"rendered":"<p>Two-step polishing kit The set is complete so that you don&#8217;t have to collect different items yourself, saving you valuable time. Everything in one place! The set includes: FX Protect Heavy Cut 1l sharp polishing paste FX Protect Fine Cut 1l finishing paste for a flawless shine FX Protect Hybrid 135mm polishing pad for the&hellip;<\/p>\n","protected":false},"featured_media":5690,"comment_status":"closed","ping_status":"closed","template":"","meta":[],"product_brand":[],"product_cat":[16],"product_tag":[],"class_list":{"0":"post-6157","1":"product","2":"type-product","3":"status-publish","4":"has-post-thumbnail","6":"product_cat-uncategorized","7":"description-off","9":"first","10":"instock","11":"sale","12":"taxable","13":"shipping-taxable","14":"purchasable","15":"product-type-simple"},"yoast_head":"<!-- This site is optimized with the Yoast SEO plugin v27.2 - https:\/\/yoast.com\/product\/yoast-seo-wordpress\/ -->\n<title>Two-step polishing kit - Detail Spot<\/title>\n<meta name=\"description\" content=\"The set is complete so that you don&#039;t have to collect different items yourself, saving you valuable time. Everything in one place!\" \/>\n<meta name=\"robots\" content=\"index, follow, max-snippet:-1, max-image-preview:large, max-video-preview:-1\" \/>\n<link rel=\"canonical\" href=\"https:\/\/detailspot.lt\/en\/produktas\/two-step-polishing-kit\/\" \/>\n<meta property=\"og:locale\" content=\"en_US\" \/>\n<meta property=\"og:type\" content=\"article\" \/>\n<meta property=\"og:title\" content=\"Two-step polishing kit - Detail Spot\" \/>\n<meta property=\"og:description\" content=\"The set is complete so that you don&#039;t have to collect different items yourself, saving you valuable time. Everything in one place!\" \/>\n<meta property=\"og:url\" content=\"https:\/\/detailspot.lt\/en\/produktas\/two-step-polishing-kit\/\" \/>\n<meta property=\"og:site_name\" content=\"Detail Spot\" \/>\n<meta property=\"article:publisher\" content=\"https:\/\/www.facebook.com\/profile.php?id=100039208338156\" \/>\n<meta property=\"og:image\" content=\"https:\/\/detailspot.lt\/wp-content\/uploads\/2023\/11\/FX-Rinkinys.jpg\" \/>\n\t<meta property=\"og:image:width\" content=\"1152\" \/>\n\t<meta property=\"og:image:height\" content=\"648\" \/>\n\t<meta property=\"og:image:type\" content=\"image\/jpeg\" \/>\n<meta name=\"twitter:card\" content=\"summary_large_image\" \/>\n<meta name=\"twitter:label1\" content=\"Est. reading time\" \/>\n\t<meta name=\"twitter:data1\" content=\"1 minute\" \/>\n<script type=\"application\/ld+json\" class=\"yoast-schema-graph\">{\"@context\":\"https:\/\/schema.org\",\"@graph\":[{\"@type\":\"WebPage\",\"@id\":\"https:\/\/detailspot.lt\/en\/produktas\/two-step-polishing-kit\/\",\"url\":\"https:\/\/detailspot.lt\/en\/produktas\/two-step-polishing-kit\/\",\"name\":\"Two-step polishing kit - Detail Spot\",\"isPartOf\":{\"@id\":\"https:\/\/detailspot.lt\/#website\"},\"primaryImageOfPage\":{\"@id\":\"https:\/\/detailspot.lt\/en\/produktas\/two-step-polishing-kit\/#primaryimage\"},\"image\":{\"@id\":\"https:\/\/detailspot.lt\/en\/produktas\/two-step-polishing-kit\/#primaryimage\"},\"thumbnailUrl\":\"https:\/\/detailspot.lt\/wp-content\/uploads\/2023\/11\/FX-Rinkinys.jpg\",\"datePublished\":\"2023-11-10T13:50:43+00:00\",\"description\":\"The set is complete so that you don't have to collect different items yourself, saving you valuable time. Everything in one place!\",\"breadcrumb\":{\"@id\":\"https:\/\/detailspot.lt\/en\/produktas\/two-step-polishing-kit\/#breadcrumb\"},\"inLanguage\":\"en-US\",\"potentialAction\":[{\"@type\":\"ReadAction\",\"target\":[\"https:\/\/detailspot.lt\/en\/produktas\/two-step-polishing-kit\/\"]}]},{\"@type\":\"ImageObject\",\"inLanguage\":\"en-US\",\"@id\":\"https:\/\/detailspot.lt\/en\/produktas\/two-step-polishing-kit\/#primaryimage\",\"url\":\"https:\/\/detailspot.lt\/wp-content\/uploads\/2023\/11\/FX-Rinkinys.jpg\",\"contentUrl\":\"https:\/\/detailspot.lt\/wp-content\/uploads\/2023\/11\/FX-Rinkinys.jpg\",\"width\":1152,\"height\":648},{\"@type\":\"BreadcrumbList\",\"@id\":\"https:\/\/detailspot.lt\/en\/produktas\/two-step-polishing-kit\/#breadcrumb\",\"itemListElement\":[{\"@type\":\"ListItem\",\"position\":1,\"name\":\"Home\",\"item\":\"https:\/\/detailspot.lt\/en\/\"},{\"@type\":\"ListItem\",\"position\":2,\"name\":\"Shop\",\"item\":\"https:\/\/detailspot.lt\/en\/parduotuve\/\"},{\"@type\":\"ListItem\",\"position\":3,\"name\":\"Two-step polishing kit\"}]},{\"@type\":\"WebSite\",\"@id\":\"https:\/\/detailspot.lt\/#website\",\"url\":\"https:\/\/detailspot.lt\/\",\"name\":\"Detail Spot\",\"description\":\"Automobili\u0173 prie\u017ei\u016bros priemon\u0117s\",\"publisher\":{\"@id\":\"https:\/\/detailspot.lt\/#organization\"},\"potentialAction\":[{\"@type\":\"SearchAction\",\"target\":{\"@type\":\"EntryPoint\",\"urlTemplate\":\"https:\/\/detailspot.lt\/?s={search_term_string}\"},\"query-input\":{\"@type\":\"PropertyValueSpecification\",\"valueRequired\":true,\"valueName\":\"search_term_string\"}}],\"inLanguage\":\"en-US\"},{\"@type\":\"Organization\",\"@id\":\"https:\/\/detailspot.lt\/#organization\",\"name\":\"Detail Spot\",\"url\":\"https:\/\/detailspot.lt\/\",\"logo\":{\"@type\":\"ImageObject\",\"inLanguage\":\"en-US\",\"@id\":\"https:\/\/detailspot.lt\/#\/schema\/logo\/image\/\",\"url\":\"https:\/\/detailspot.lt\/wp-content\/uploads\/2022\/10\/logo-original.svg\",\"contentUrl\":\"https:\/\/detailspot.lt\/wp-content\/uploads\/2022\/10\/logo-original.svg\",\"width\":1,\"height\":1,\"caption\":\"Detail Spot\"},\"image\":{\"@id\":\"https:\/\/detailspot.lt\/#\/schema\/logo\/image\/\"},\"sameAs\":[\"https:\/\/www.facebook.com\/profile.php?id=100039208338156\"]}]}<\/script>\n<!-- \/ Yoast SEO plugin. -->","yoast_head_json":{"title":"Two-step polishing kit - Detail Spot","description":"The set is complete so that you don't have to collect different items yourself, saving you valuable time. Everything in one place!","robots":{"index":"index","follow":"follow","max-snippet":"max-snippet:-1","max-image-preview":"max-image-preview:large","max-video-preview":"max-video-preview:-1"},"canonical":"https:\/\/detailspot.lt\/en\/produktas\/two-step-polishing-kit\/","og_locale":"en_US","og_type":"article","og_title":"Two-step polishing kit - Detail Spot","og_description":"The set is complete so that you don't have to collect different items yourself, saving you valuable time. Everything in one place!","og_url":"https:\/\/detailspot.lt\/en\/produktas\/two-step-polishing-kit\/","og_site_name":"Detail Spot","article_publisher":"https:\/\/www.facebook.com\/profile.php?id=100039208338156","og_image":[{"width":1152,"height":648,"url":"https:\/\/detailspot.lt\/wp-content\/uploads\/2023\/11\/FX-Rinkinys.jpg","type":"image\/jpeg"}],"twitter_card":"summary_large_image","twitter_misc":{"Est. reading time":"1 minute"},"schema":{"@context":"https:\/\/schema.org","@graph":[{"@type":"WebPage","@id":"https:\/\/detailspot.lt\/en\/produktas\/two-step-polishing-kit\/","url":"https:\/\/detailspot.lt\/en\/produktas\/two-step-polishing-kit\/","name":"Two-step polishing kit - Detail Spot","isPartOf":{"@id":"https:\/\/detailspot.lt\/#website"},"primaryImageOfPage":{"@id":"https:\/\/detailspot.lt\/en\/produktas\/two-step-polishing-kit\/#primaryimage"},"image":{"@id":"https:\/\/detailspot.lt\/en\/produktas\/two-step-polishing-kit\/#primaryimage"},"thumbnailUrl":"https:\/\/detailspot.lt\/wp-content\/uploads\/2023\/11\/FX-Rinkinys.jpg","datePublished":"2023-11-10T13:50:43+00:00","description":"The set is complete so that you don't have to collect different items yourself, saving you valuable time. Everything in one place!","breadcrumb":{"@id":"https:\/\/detailspot.lt\/en\/produktas\/two-step-polishing-kit\/#breadcrumb"},"inLanguage":"en-US","potentialAction":[{"@type":"ReadAction","target":["https:\/\/detailspot.lt\/en\/produktas\/two-step-polishing-kit\/"]}]},{"@type":"ImageObject","inLanguage":"en-US","@id":"https:\/\/detailspot.lt\/en\/produktas\/two-step-polishing-kit\/#primaryimage","url":"https:\/\/detailspot.lt\/wp-content\/uploads\/2023\/11\/FX-Rinkinys.jpg","contentUrl":"https:\/\/detailspot.lt\/wp-content\/uploads\/2023\/11\/FX-Rinkinys.jpg","width":1152,"height":648},{"@type":"BreadcrumbList","@id":"https:\/\/detailspot.lt\/en\/produktas\/two-step-polishing-kit\/#breadcrumb","itemListElement":[{"@type":"ListItem","position":1,"name":"Home","item":"https:\/\/detailspot.lt\/en\/"},{"@type":"ListItem","position":2,"name":"Shop","item":"https:\/\/detailspot.lt\/en\/parduotuve\/"},{"@type":"ListItem","position":3,"name":"Two-step polishing kit"}]},{"@type":"WebSite","@id":"https:\/\/detailspot.lt\/#website","url":"https:\/\/detailspot.lt\/","name":"Detail Spot","description":"Automobili\u0173 prie\u017ei\u016bros priemon\u0117s","publisher":{"@id":"https:\/\/detailspot.lt\/#organization"},"potentialAction":[{"@type":"SearchAction","target":{"@type":"EntryPoint","urlTemplate":"https:\/\/detailspot.lt\/?s={search_term_string}"},"query-input":{"@type":"PropertyValueSpecification","valueRequired":true,"valueName":"search_term_string"}}],"inLanguage":"en-US"},{"@type":"Organization","@id":"https:\/\/detailspot.lt\/#organization","name":"Detail Spot","url":"https:\/\/detailspot.lt\/","logo":{"@type":"ImageObject","inLanguage":"en-US","@id":"https:\/\/detailspot.lt\/#\/schema\/logo\/image\/","url":"https:\/\/detailspot.lt\/wp-content\/uploads\/2022\/10\/logo-original.svg","contentUrl":"https:\/\/detailspot.lt\/wp-content\/uploads\/2022\/10\/logo-original.svg","width":1,"height":1,"caption":"Detail Spot"},"image":{"@id":"https:\/\/detailspot.lt\/#\/schema\/logo\/image\/"},"sameAs":["https:\/\/www.facebook.com\/profile.php?id=100039208338156"]}]}},"_links":{"self":[{"href":"https:\/\/detailspot.lt\/en\/wp-json\/wp\/v2\/product\/6157","targetHints":{"allow":["GET"]}}],"collection":[{"href":"https:\/\/detailspot.lt\/en\/wp-json\/wp\/v2\/product"}],"about":[{"href":"https:\/\/detailspot.lt\/en\/wp-json\/wp\/v2\/types\/product"}],"replies":[{"embeddable":true,"href":"https:\/\/detailspot.lt\/en\/wp-json\/wp\/v2\/comments?post=6157"}],"wp:featuredmedia":[{"embeddable":true,"href":"https:\/\/detailspot.lt\/en\/wp-json\/wp\/v2\/media\/5690"}],"wp:attachment":[{"href":"https:\/\/detailspot.lt\/en\/wp-json\/wp\/v2\/media?parent=6157"}],"wp:term":[{"taxonomy":"product_brand","embeddable":true,"href":"https:\/\/detailspot.lt\/en\/wp-json\/wp\/v2\/product_brand?post=6157"},{"taxonomy":"product_cat","embeddable":true,"href":"https:\/\/detailspot.lt\/en\/wp-json\/wp\/v2\/product_cat?post=6157"},{"taxonomy":"product_tag","embeddable":true,"href":"https:\/\/detailspot.lt\/en\/wp-json\/wp\/v2\/product_tag?post=6157"}],"curies":[{"name":"wp","href":"https:\/\/api.w.org\/{rel}","templated":true}]}}