{"id":6156,"date":"2023-11-11T22:16:34","date_gmt":"2023-11-11T20:16:34","guid":{"rendered":"https:\/\/detailspot.lt\/produktas\/gift-fx-protect-interior-care-kit\/"},"modified":"2023-11-11T22:16:34","modified_gmt":"2023-11-11T20:16:34","slug":"gift-fx-protect-interior-care-kit","status":"publish","type":"product","link":"https:\/\/detailspot.lt\/en\/produktas\/gift-fx-protect-interior-care-kit\/","title":{"rendered":"Gift FX Protect Interior Care Kit"},"content":{"rendered":"<h1>Gift FX Protect Interior Care Kit<\/h1>\n<p>FX Protect is a brand of professional car cosmetics for use by both professionals and amateurs. Well-chosen products leave no stone unturned among car lovers.<\/p>\n<h2>The set includes:<\/h2>\n<h1>FX Protect Interior Cleaner 500ml<\/h1>\n<p>is distinguished by its unique formula: active oxygen penetrates deep into the surface and lifts dirt, thus tackling even the toughest stains. The interior cleaner formula also contains sugar-cleansing ingredients taken from renewable sources. And to save you the hassle, the care kit is packaged in a white gift box.<\/p>\n<p><strong>Characteristics:<\/strong><\/p>\n<ol>\n<li>Active and bio-neutral ingredients.<\/li>\n<li>Suitable for all interior surfaces: plastic, rubber, vinyl, leather, textiles.<\/li>\n<li>Environmentally safe and self-degrading<\/li>\n<li>Pleasant bergamot scent<\/li>\n<\/ol>\n<p>&nbsp;<\/p>\n<h2>FX Protect Interior dressing 500ml<\/h2>\n<p>Specially formulated multi-purpose agent for the maintenance of materials made of plastic, vinyl, rubber. The product is easy to apply, provides excellent protection and leaves a pleasant odour<\/p>\n<p><strong>Features<\/strong><\/p>\n<ol>\n<li>Semi-matt Satin effect<\/li>\n<li>Provides UV protection<\/li>\n<li>Additional synthetic polymers for durability and rich surface colour<\/li>\n<li>Pleasant aroma<\/li>\n<li>Leaves the surface unfavourable to the spread of bacteria<\/li>\n<li>Renews faded rubber, plastic, vinyl, acrylic and leather parts<\/li>\n<li>Can be used on all exterior and interior plastic, rubber, leather surfaces<\/li>\n<\/ol>\n<p><strong>Usage<\/strong><\/p>\n<ol>\n<li>Wash and clean the surface of dirt<\/li>\n<li>Spray the surface<\/li>\n<li>Wipe off excess microfibre cloths<\/li>\n<\/ol>\n<h2>2 professional microfibre cloths<\/h2>\n<p>&nbsp;<\/p>\n<p style=\"text-align: center;\"><img loading=\"lazy\" decoding=\"async\" class=\"alignnone size-full wp-image-1096\" src=\"https:\/\/detailspot.lt\/wp-content\/uploads\/2022\/11\/fx-protect-logo-white-background-ireland.jpg\" alt=\"\" width=\"300\" height=\"123\" srcset=\"https:\/\/detailspot.lt\/wp-content\/uploads\/2022\/11\/fx-protect-logo-white-background-ireland.jpg 300w, https:\/\/detailspot.lt\/wp-content\/uploads\/2022\/11\/fx-protect-logo-white-background-ireland-64x26.jpg 64w\" sizes=\"auto, (max-width: 300px) 100vw, 300px\" \/><\/p>\n","protected":false},"excerpt":{"rendered":"<p>Gift FX Protect Interior Care Kit FX Protect is a brand of professional car cosmetics for use by both professionals and amateurs. Well-chosen products leave no stone unturned among car lovers. The set includes: FX Protect Interior Cleaner 500ml is distinguished by its unique formula: active oxygen penetrates deep into the surface and lifts dirt,&hellip;<\/p>\n","protected":false},"featured_media":5713,"comment_status":"closed","ping_status":"closed","template":"","meta":[],"product_brand":[],"product_cat":[16],"product_tag":[],"class_list":{"0":"post-6156","1":"product","2":"type-product","3":"status-publish","4":"has-post-thumbnail","6":"product_cat-uncategorized","7":"description-off","9":"first","10":"instock","11":"taxable","12":"shipping-taxable","13":"purchasable","14":"product-type-simple"},"yoast_head":"<!-- This site is optimized with the Yoast SEO plugin v27.2 - https:\/\/yoast.com\/product\/yoast-seo-wordpress\/ -->\n<title>Gift FX Protect Interior Care Kit - Detail Spot<\/title>\n<meta name=\"description\" content=\"FX Protect is a brand of professional car cosmetics for use by professionals and amateurs alike.\" \/>\n<meta name=\"robots\" content=\"index, follow, max-snippet:-1, max-image-preview:large, max-video-preview:-1\" \/>\n<link rel=\"canonical\" href=\"https:\/\/detailspot.lt\/en\/produktas\/gift-fx-protect-interior-care-kit\/\" \/>\n<meta property=\"og:locale\" content=\"en_US\" \/>\n<meta property=\"og:type\" content=\"article\" \/>\n<meta property=\"og:title\" content=\"Gift FX Protect Interior Care Kit - Detail Spot\" \/>\n<meta property=\"og:description\" content=\"FX Protect is a brand of professional car cosmetics for use by professionals and amateurs alike.\" \/>\n<meta property=\"og:url\" content=\"https:\/\/detailspot.lt\/en\/produktas\/gift-fx-protect-interior-care-kit\/\" \/>\n<meta property=\"og:site_name\" content=\"Detail Spot\" \/>\n<meta property=\"article:publisher\" content=\"https:\/\/www.facebook.com\/profile.php?id=100039208338156\" \/>\n<meta property=\"og:image\" content=\"https:\/\/detailspot.lt\/wp-content\/uploads\/2023\/11\/Dovana-FX-Protect-Interjero-prieziuros-rinkinys.jpg\" \/>\n\t<meta property=\"og:image:width\" content=\"420\" \/>\n\t<meta property=\"og:image:height\" content=\"560\" \/>\n\t<meta property=\"og:image:type\" content=\"image\/jpeg\" \/>\n<meta name=\"twitter:card\" content=\"summary_large_image\" \/>\n<meta name=\"twitter:label1\" content=\"Est. reading time\" \/>\n\t<meta name=\"twitter:data1\" content=\"1 minute\" \/>\n<script type=\"application\/ld+json\" class=\"yoast-schema-graph\">{\"@context\":\"https:\/\/schema.org\",\"@graph\":[{\"@type\":\"WebPage\",\"@id\":\"https:\/\/detailspot.lt\/en\/produktas\/gift-fx-protect-interior-care-kit\/\",\"url\":\"https:\/\/detailspot.lt\/en\/produktas\/gift-fx-protect-interior-care-kit\/\",\"name\":\"Gift FX Protect Interior Care Kit - Detail Spot\",\"isPartOf\":{\"@id\":\"https:\/\/detailspot.lt\/#website\"},\"primaryImageOfPage\":{\"@id\":\"https:\/\/detailspot.lt\/en\/produktas\/gift-fx-protect-interior-care-kit\/#primaryimage\"},\"image\":{\"@id\":\"https:\/\/detailspot.lt\/en\/produktas\/gift-fx-protect-interior-care-kit\/#primaryimage\"},\"thumbnailUrl\":\"https:\/\/detailspot.lt\/wp-content\/uploads\/2023\/11\/Dovana-FX-Protect-Interjero-prieziuros-rinkinys.jpg\",\"datePublished\":\"2023-11-11T20:16:34+00:00\",\"description\":\"FX Protect is a brand of professional car cosmetics for use by professionals and amateurs alike.\",\"breadcrumb\":{\"@id\":\"https:\/\/detailspot.lt\/en\/produktas\/gift-fx-protect-interior-care-kit\/#breadcrumb\"},\"inLanguage\":\"en-US\",\"potentialAction\":[{\"@type\":\"ReadAction\",\"target\":[\"https:\/\/detailspot.lt\/en\/produktas\/gift-fx-protect-interior-care-kit\/\"]}]},{\"@type\":\"ImageObject\",\"inLanguage\":\"en-US\",\"@id\":\"https:\/\/detailspot.lt\/en\/produktas\/gift-fx-protect-interior-care-kit\/#primaryimage\",\"url\":\"https:\/\/detailspot.lt\/wp-content\/uploads\/2023\/11\/Dovana-FX-Protect-Interjero-prieziuros-rinkinys.jpg\",\"contentUrl\":\"https:\/\/detailspot.lt\/wp-content\/uploads\/2023\/11\/Dovana-FX-Protect-Interjero-prieziuros-rinkinys.jpg\",\"width\":420,\"height\":560},{\"@type\":\"BreadcrumbList\",\"@id\":\"https:\/\/detailspot.lt\/en\/produktas\/gift-fx-protect-interior-care-kit\/#breadcrumb\",\"itemListElement\":[{\"@type\":\"ListItem\",\"position\":1,\"name\":\"Home\",\"item\":\"https:\/\/detailspot.lt\/en\/\"},{\"@type\":\"ListItem\",\"position\":2,\"name\":\"Shop\",\"item\":\"https:\/\/detailspot.lt\/en\/parduotuve\/\"},{\"@type\":\"ListItem\",\"position\":3,\"name\":\"Gift FX Protect Interior Care Kit\"}]},{\"@type\":\"WebSite\",\"@id\":\"https:\/\/detailspot.lt\/#website\",\"url\":\"https:\/\/detailspot.lt\/\",\"name\":\"Detail Spot\",\"description\":\"Automobili\u0173 prie\u017ei\u016bros priemon\u0117s\",\"publisher\":{\"@id\":\"https:\/\/detailspot.lt\/#organization\"},\"potentialAction\":[{\"@type\":\"SearchAction\",\"target\":{\"@type\":\"EntryPoint\",\"urlTemplate\":\"https:\/\/detailspot.lt\/?s={search_term_string}\"},\"query-input\":{\"@type\":\"PropertyValueSpecification\",\"valueRequired\":true,\"valueName\":\"search_term_string\"}}],\"inLanguage\":\"en-US\"},{\"@type\":\"Organization\",\"@id\":\"https:\/\/detailspot.lt\/#organization\",\"name\":\"Detail Spot\",\"url\":\"https:\/\/detailspot.lt\/\",\"logo\":{\"@type\":\"ImageObject\",\"inLanguage\":\"en-US\",\"@id\":\"https:\/\/detailspot.lt\/#\/schema\/logo\/image\/\",\"url\":\"https:\/\/detailspot.lt\/wp-content\/uploads\/2022\/10\/logo-original.svg\",\"contentUrl\":\"https:\/\/detailspot.lt\/wp-content\/uploads\/2022\/10\/logo-original.svg\",\"width\":1,\"height\":1,\"caption\":\"Detail Spot\"},\"image\":{\"@id\":\"https:\/\/detailspot.lt\/#\/schema\/logo\/image\/\"},\"sameAs\":[\"https:\/\/www.facebook.com\/profile.php?id=100039208338156\"]}]}<\/script>\n<!-- \/ Yoast SEO plugin. -->","yoast_head_json":{"title":"Gift FX Protect Interior Care Kit - Detail Spot","description":"FX Protect is a brand of professional car cosmetics for use by professionals and amateurs alike.","robots":{"index":"index","follow":"follow","max-snippet":"max-snippet:-1","max-image-preview":"max-image-preview:large","max-video-preview":"max-video-preview:-1"},"canonical":"https:\/\/detailspot.lt\/en\/produktas\/gift-fx-protect-interior-care-kit\/","og_locale":"en_US","og_type":"article","og_title":"Gift FX Protect Interior Care Kit - Detail Spot","og_description":"FX Protect is a brand of professional car cosmetics for use by professionals and amateurs alike.","og_url":"https:\/\/detailspot.lt\/en\/produktas\/gift-fx-protect-interior-care-kit\/","og_site_name":"Detail Spot","article_publisher":"https:\/\/www.facebook.com\/profile.php?id=100039208338156","og_image":[{"width":420,"height":560,"url":"https:\/\/detailspot.lt\/wp-content\/uploads\/2023\/11\/Dovana-FX-Protect-Interjero-prieziuros-rinkinys.jpg","type":"image\/jpeg"}],"twitter_card":"summary_large_image","twitter_misc":{"Est. reading time":"1 minute"},"schema":{"@context":"https:\/\/schema.org","@graph":[{"@type":"WebPage","@id":"https:\/\/detailspot.lt\/en\/produktas\/gift-fx-protect-interior-care-kit\/","url":"https:\/\/detailspot.lt\/en\/produktas\/gift-fx-protect-interior-care-kit\/","name":"Gift FX Protect Interior Care Kit - Detail Spot","isPartOf":{"@id":"https:\/\/detailspot.lt\/#website"},"primaryImageOfPage":{"@id":"https:\/\/detailspot.lt\/en\/produktas\/gift-fx-protect-interior-care-kit\/#primaryimage"},"image":{"@id":"https:\/\/detailspot.lt\/en\/produktas\/gift-fx-protect-interior-care-kit\/#primaryimage"},"thumbnailUrl":"https:\/\/detailspot.lt\/wp-content\/uploads\/2023\/11\/Dovana-FX-Protect-Interjero-prieziuros-rinkinys.jpg","datePublished":"2023-11-11T20:16:34+00:00","description":"FX Protect is a brand of professional car cosmetics for use by professionals and amateurs alike.","breadcrumb":{"@id":"https:\/\/detailspot.lt\/en\/produktas\/gift-fx-protect-interior-care-kit\/#breadcrumb"},"inLanguage":"en-US","potentialAction":[{"@type":"ReadAction","target":["https:\/\/detailspot.lt\/en\/produktas\/gift-fx-protect-interior-care-kit\/"]}]},{"@type":"ImageObject","inLanguage":"en-US","@id":"https:\/\/detailspot.lt\/en\/produktas\/gift-fx-protect-interior-care-kit\/#primaryimage","url":"https:\/\/detailspot.lt\/wp-content\/uploads\/2023\/11\/Dovana-FX-Protect-Interjero-prieziuros-rinkinys.jpg","contentUrl":"https:\/\/detailspot.lt\/wp-content\/uploads\/2023\/11\/Dovana-FX-Protect-Interjero-prieziuros-rinkinys.jpg","width":420,"height":560},{"@type":"BreadcrumbList","@id":"https:\/\/detailspot.lt\/en\/produktas\/gift-fx-protect-interior-care-kit\/#breadcrumb","itemListElement":[{"@type":"ListItem","position":1,"name":"Home","item":"https:\/\/detailspot.lt\/en\/"},{"@type":"ListItem","position":2,"name":"Shop","item":"https:\/\/detailspot.lt\/en\/parduotuve\/"},{"@type":"ListItem","position":3,"name":"Gift FX Protect Interior Care Kit"}]},{"@type":"WebSite","@id":"https:\/\/detailspot.lt\/#website","url":"https:\/\/detailspot.lt\/","name":"Detail Spot","description":"Automobili\u0173 prie\u017ei\u016bros priemon\u0117s","publisher":{"@id":"https:\/\/detailspot.lt\/#organization"},"potentialAction":[{"@type":"SearchAction","target":{"@type":"EntryPoint","urlTemplate":"https:\/\/detailspot.lt\/?s={search_term_string}"},"query-input":{"@type":"PropertyValueSpecification","valueRequired":true,"valueName":"search_term_string"}}],"inLanguage":"en-US"},{"@type":"Organization","@id":"https:\/\/detailspot.lt\/#organization","name":"Detail Spot","url":"https:\/\/detailspot.lt\/","logo":{"@type":"ImageObject","inLanguage":"en-US","@id":"https:\/\/detailspot.lt\/#\/schema\/logo\/image\/","url":"https:\/\/detailspot.lt\/wp-content\/uploads\/2022\/10\/logo-original.svg","contentUrl":"https:\/\/detailspot.lt\/wp-content\/uploads\/2022\/10\/logo-original.svg","width":1,"height":1,"caption":"Detail Spot"},"image":{"@id":"https:\/\/detailspot.lt\/#\/schema\/logo\/image\/"},"sameAs":["https:\/\/www.facebook.com\/profile.php?id=100039208338156"]}]}},"_links":{"self":[{"href":"https:\/\/detailspot.lt\/en\/wp-json\/wp\/v2\/product\/6156","targetHints":{"allow":["GET"]}}],"collection":[{"href":"https:\/\/detailspot.lt\/en\/wp-json\/wp\/v2\/product"}],"about":[{"href":"https:\/\/detailspot.lt\/en\/wp-json\/wp\/v2\/types\/product"}],"replies":[{"embeddable":true,"href":"https:\/\/detailspot.lt\/en\/wp-json\/wp\/v2\/comments?post=6156"}],"wp:featuredmedia":[{"embeddable":true,"href":"https:\/\/detailspot.lt\/en\/wp-json\/wp\/v2\/media\/5713"}],"wp:attachment":[{"href":"https:\/\/detailspot.lt\/en\/wp-json\/wp\/v2\/media?parent=6156"}],"wp:term":[{"taxonomy":"product_brand","embeddable":true,"href":"https:\/\/detailspot.lt\/en\/wp-json\/wp\/v2\/product_brand?post=6156"},{"taxonomy":"product_cat","embeddable":true,"href":"https:\/\/detailspot.lt\/en\/wp-json\/wp\/v2\/product_cat?post=6156"},{"taxonomy":"product_tag","embeddable":true,"href":"https:\/\/detailspot.lt\/en\/wp-json\/wp\/v2\/product_tag?post=6156"}],"curies":[{"name":"wp","href":"https:\/\/api.w.org\/{rel}","templated":true}]}}